{"id":878,"date":"2025-08-27T20:40:59","date_gmt":"2025-08-27T20:40:59","guid":{"rendered":"https:\/\/fitconsent.com\/?page_id=878"},"modified":"2025-08-27T20:41:01","modified_gmt":"2025-08-27T20:41:01","slug":"termos-de-servico","status":"publish","type":"page","link":"https:\/\/fitconsent.com\/pt_pt\/termos-de-servico\/","title":{"rendered":"Termos de Servi\u00e7o"},"content":{"rendered":"\n\n<p>\u00daltima atualiza\u00e7\u00e3o: 24 de julho de 2025<\/p>\n\n\n\n\n<p>Por favor, leia atentamente estes termos e condi\u00e7\u00f5es antes de usar o Nosso Servi\u00e7o.<\/p>\n\n\n\n\n<h2 class=\"wp-block-heading\">Interpreta\u00e7\u00e3o e Defini\u00e7\u00f5es<\/h2>\n\n\n\n\n<h3 class=\"wp-block-heading\">Interpreta\u00e7\u00e3o<\/h3>\n\n\n\n\n<p>As palavras cuja letra inicial \u00e9 mai\u00fascula t\u00eam significados definidos sob as seguintes condi\u00e7\u00f5es. As seguintes defini\u00e7\u00f5es ter\u00e3o o mesmo significado, independentemente de aparecerem no singular ou no plural.<\/p>\n\n\n\n\n<h3 class=\"wp-block-heading\">Defini\u00e7\u00f5es<\/h3>\n\n\n\n\n<p>Para os fins destes Termos e Condi\u00e7\u00f5es:<\/p>\n\n\n\n\n<ul class=\"wp-block-list\">\n<li><strong>Aplica\u00e7\u00e3o<\/strong> refere-se ao programa de software fornecido pela Empresa, descarregado por Si em qualquer dispositivo eletr\u00f3nico, com o nome FitConsent.<\/li>\n\n\n\n\n<li><strong>Empresa<\/strong> (referida como &#8220;a Empresa&#8221;, &#8220;N\u00f3s&#8221; ou &#8220;Nosso&#8221; neste Contrato) refere-se a FitConsent, um produto da DIGITLOAD.<\/li>\n\n\n\n\n<li><strong>Pa\u00eds<\/strong> refere-se a: Canad\u00e1<\/li>\n\n\n\n\n<li><strong>Servi\u00e7o<\/strong> refere-se \u00e0 Aplica\u00e7\u00e3o.<\/li>\n\n\n\n\n<li><strong>Termos e Condi\u00e7\u00f5es<\/strong> (tamb\u00e9m referidos como &#8220;Termos&#8221;) significam estes Termos e Condi\u00e7\u00f5es que constituem o acordo completo entre Si e a Empresa em rela\u00e7\u00e3o ao uso do Servi\u00e7o.<\/li>\n\n\n\n\n<li><strong>Servi\u00e7o de Redes Sociais de Terceiros<\/strong> refere-se a quaisquer servi\u00e7os ou conte\u00fados (incluindo dados, informa\u00e7\u00f5es, produtos ou servi\u00e7os) fornecidos por terceiros que possam ser apresentados, inclu\u00eddos ou disponibilizados pelo Servi\u00e7o.<\/li>\n\n\n\n\n<li><strong>Si<\/strong> refere-se ao indiv\u00edduo que acede ou usa o Servi\u00e7o, ou \u00e0 empresa, ou outra entidade legal em nome da qual tal indiv\u00edduo est\u00e1 a aceder ou a usar o Servi\u00e7o, conforme aplic\u00e1vel.<\/li>\n<\/ul>\n\n\n\n\n<h2 class=\"wp-block-heading\">Reconhecimento<\/h2>\n\n\n\n\n<p>Estes s\u00e3o os Termos e Condi\u00e7\u00f5es que regem o uso deste Servi\u00e7o e o acordo que opera entre Si e a Empresa. Estes Termos e Condi\u00e7\u00f5es estabelecem os direitos e obriga\u00e7\u00f5es de todos os utilizadores em rela\u00e7\u00e3o ao uso do Servi\u00e7o.<\/p>\n\n\n\n\n<p>O Seu acesso e uso do Servi\u00e7o est\u00e3o condicionados \u00e0 Sua aceita\u00e7\u00e3o e conformidade com estes Termos e Condi\u00e7\u00f5es. Estes Termos e Condi\u00e7\u00f5es aplicam-se a todos os visitantes, utilizadores e outros que acedem ou usam o Servi\u00e7o.<\/p>\n\n\n\n\n<p>Ao aceder ou usar o Servi\u00e7o, Si concorda em ficar vinculado a estes Termos e Condi\u00e7\u00f5es. Se Si n\u00e3o concordar com qualquer parte destes Termos e Condi\u00e7\u00f5es, ent\u00e3o n\u00e3o poder\u00e1 aceder ao Servi\u00e7o.<\/p>\n\n\n\n\n<p>Si declara que tem mais de 18 anos. A Empresa n\u00e3o permite que menores de 18 anos usem o Servi\u00e7o.<\/p>\n\n\n\n\n<p>O Seu acesso e uso do Servi\u00e7o tamb\u00e9m est\u00e3o condicionados \u00e0 Sua aceita\u00e7\u00e3o e conformidade com a Pol\u00edtica de Privacidade da Empresa. A Nossa Pol\u00edtica de Privacidade descreve as Nossas pol\u00edticas e procedimentos sobre a recolha, uso e divulga\u00e7\u00e3o das Suas informa\u00e7\u00f5es pessoais quando Si usa a Aplica\u00e7\u00e3o ou o Website e informa-o sobre os Seus direitos de privacidade e como a lei o protege. Por favor, leia a Nossa Pol\u00edtica de Privacidade atentamente antes de usar o Nosso Servi\u00e7o.<\/p>\n\n\n\n\n<h2 class=\"wp-block-heading\">Contas de Utilizador<\/h2>\n\n\n\n\n<p>Quando Si cria uma conta Connosco, Si deve fornecer-Nos informa\u00e7\u00f5es que sejam precisas, completas e atuais em todos os momentos. A falha em faz\u00ea-lo constitui uma viola\u00e7\u00e3o dos Termos, o que pode resultar na cessa\u00e7\u00e3o imediata da Sua conta no Nosso Servi\u00e7o.<\/p>\n\n\n\n\n<p>Si \u00e9 respons\u00e1vel por salvaguardar a palavra-passe que usa para aceder ao Servi\u00e7o e por quaisquer atividades ou a\u00e7\u00f5es sob a Sua palavra-passe, quer a Sua palavra-passe esteja Connosco ou num Servi\u00e7o de Redes Sociais de Terceiros.<\/p>\n\n\n\n\n<p>Si concorda em n\u00e3o divulgar a Sua palavra-passe a terceiros. Si deve notificar-Nos imediatamente ao tomar conhecimento de qualquer viola\u00e7\u00e3o de seguran\u00e7a ou uso n\u00e3o autorizado da Sua conta.<\/p>\n\n\n\n\n<h2 class=\"wp-block-heading\">Propriedade Intelectual<\/h2>\n\n\n\n\n<p>O Servi\u00e7o e o seu conte\u00fado original (excluindo o Conte\u00fado fornecido por Si ou outros utilizadores), funcionalidades e caracter\u00edsticas s\u00e3o e permanecer\u00e3o propriedade exclusiva da Empresa e dos seus licenciantes.<\/p>\n\n\n\n\n<p>O Servi\u00e7o \u00e9 protegido por direitos de autor, marcas registadas e outras leis tanto do Pa\u00eds como de pa\u00edses estrangeiros.<\/p>\n\n\n\n\n<p>As Nossas marcas registadas e a Nossa imagem comercial n\u00e3o podem ser usadas em conjunto com qualquer produto ou servi\u00e7o sem o consentimento pr\u00e9vio por escrito da Empresa.<\/p>\n\n\n\n\n<h2 class=\"wp-block-heading\">Limita\u00e7\u00e3o de Responsabilidade<\/h2>\n\n\n\n\n<p>N\u00e3o obstante quaisquer danos em que Si possa incorrer, a responsabilidade total da Empresa e de qualquer dos seus fornecedores sob qualquer disposi\u00e7\u00e3o destes Termos e o Seu \u00fanico recurso para tudo o que precede ser\u00e1 limitado ao montante efetivamente pago por Si atrav\u00e9s do Servi\u00e7o ou 100 USD se Si n\u00e3o tiver adquirido nada atrav\u00e9s do Servi\u00e7o.<\/p>\n\n\n\n\n<p>Na medida m\u00e1xima permitida pela lei aplic\u00e1vel, em nenhum caso a Empresa ou os seus fornecedores ser\u00e3o respons\u00e1veis por quaisquer danos especiais, incidentais, indiretos ou consequenciais (incluindo, mas n\u00e3o se limitando a, danos por perda de lucros, perda de dados ou outras informa\u00e7\u00f5es, por interrup\u00e7\u00e3o de neg\u00f3cios, por les\u00f5es pessoais, perda de privacidade decorrentes de ou de qualquer forma relacionados com o uso ou a incapacidade de usar o Servi\u00e7o, software de terceiros e\/ou hardware de terceiros usados com o Servi\u00e7o, ou de outra forma em conex\u00e3o com qualquer disposi\u00e7\u00e3o destes Termos), mesmo que a Empresa ou qualquer fornecedor tenha sido avisado da possibilidade de tais danos e mesmo que o recurso falhe no seu prop\u00f3sito essencial.<br><\/p>\n\n\n\n\n<h2 class=\"wp-block-heading\">Lei Aplic\u00e1vel<\/h2>\n\n\n\n\n<p>As leis do Pa\u00eds, excluindo as suas regras de conflitos de leis, reger\u00e3o estes Termos e o Seu uso do Servi\u00e7o. O Seu uso da Aplica\u00e7\u00e3o tamb\u00e9m pode estar sujeito a outras leis locais, estaduais, nacionais ou internacionais.<\/p>\n\n\n\n\n<h2 class=\"wp-block-heading\">Resolu\u00e7\u00e3o de Disputas<\/h2>\n\n\n\n\n<p>Se Si tiver qualquer preocupa\u00e7\u00e3o ou disputa sobre o Servi\u00e7o, Si concorda em primeiro lugar tentar resolver a disputa informalmente, entrando em contacto com a Empresa.<\/p>\n\n\n\n\n<h2 class=\"wp-block-heading\">Divisibilidade e Ren\u00fancia<\/h2>\n\n\n\n\n<h3 class=\"wp-block-heading\">Divisibilidade<\/h3>\n\n\n\n\n<p>Se qualquer disposi\u00e7\u00e3o destes Termos for considerada inexequ\u00edvel ou inv\u00e1lida, essa disposi\u00e7\u00e3o ser\u00e1 alterada e interpretada para atingir os objetivos de tal disposi\u00e7\u00e3o na maior extens\u00e3o poss\u00edvel sob a lei aplic\u00e1vel e as disposi\u00e7\u00f5es restantes continuar\u00e3o em pleno vigor e efeito.<\/p>\n\n\n\n\n<h3 class=\"wp-block-heading\">Ren\u00fancia<\/h3>\n\n\n\n\n<p>Exceto conforme previsto neste documento, a falha em exercer um direito ou em exigir o cumprimento de uma obriga\u00e7\u00e3o sob estes Termos n\u00e3o afetar\u00e1 a capacidade de uma parte de exercer tal direito ou exigir tal cumprimento a qualquer momento posterior, nem a ren\u00fancia a uma viola\u00e7\u00e3o constituir\u00e1 uma ren\u00fancia a qualquer viola\u00e7\u00e3o subsequente.<\/p>\n\n\n\n\n<h2 class=\"wp-block-heading\">Altera\u00e7\u00f5es a Estes Termos e Condi\u00e7\u00f5es<\/h2>\n\n\n\n\n<p>Reservamo-Nos o direito, a Nosso exclusivo crit\u00e9rio, de modificar ou substituir estes Termos a qualquer momento. Se uma revis\u00e3o for material, faremos esfor\u00e7os razo\u00e1veis para fornecer um aviso de pelo menos 30 dias antes que quaisquer novos termos entrem em vigor. O que constitui uma altera\u00e7\u00e3o material ser\u00e1 determinado a Nosso exclusivo crit\u00e9rio.<\/p>\n\n\n\n\n<p>Ao continuar a aceder ou usar o Nosso Servi\u00e7o ap\u00f3s a entrada em vigor dessas revis\u00f5es, Si concorda em ficar vinculado aos termos revistos. Se Si n\u00e3o concordar com os novos termos, no todo ou em parte, por favor, pare de usar o website e o Servi\u00e7o.<\/p>\n\n\n\n\n<h2 class=\"wp-block-heading\">Entre em contacto Connosco<\/h2>\n<!-- \/\/wp:heading -->\n\n\n\n<p>Se tiver alguma d\u00favida sobre estes Termos e Condi\u00e7\u00f5es, Si pode entrar em contacto Connosco:<\/p>\n\n\n\n\n<p>Visitando esta p\u00e1gina no nosso website: <a href=\"https:\/\/fitconsent.com\/contact\" target=\"_blank\" rel=\"noreferrer noopener\">https:\/\/fitconsent.com\/contact<\/a><\/p>\n\n\n\n\n<div style=\"height:100px\" aria-hidden=\"true\" class=\"wp-block-spacer\"><\/div>\n","protected":false},"excerpt":{"rendered":"<p>\u00daltima atualiza\u00e7\u00e3o: 24 de julho de 2025 Por favor, leia atentamente estes termos e condi\u00e7\u00f5es antes de usar o Nosso Servi\u00e7o. Interpreta\u00e7\u00e3o e Defini\u00e7\u00f5es Interpreta\u00e7\u00e3o As palavras cuja letra inicial \u00e9 mai\u00fascula t\u00eam significados definidos sob as seguintes condi\u00e7\u00f5es. As seguintes defini\u00e7\u00f5es ter\u00e3o o mesmo significado, independentemente de aparecerem no singular ou no plural. Defini\u00e7\u00f5es [&hellip;]<\/p>\n","protected":false},"author":5,"featured_media":0,"parent":0,"menu_order":0,"comment_status":"closed","ping_status":"closed","template":"","meta":{"_fitconsent_language":"pt_PT","_fitconsent_translation_group":"638","footnotes":""},"class_list":["post-878","page","type-page","status-publish","hentry"],"yoast_head":"<!-- This site is optimized with the Yoast SEO plugin v27.2 - https:\/\/yoast.com\/product\/yoast-seo-wordpress\/ -->\n<title>Termos de Servi\u00e7o - FitConsent<\/title>\n<meta name=\"robots\" content=\"index, follow, max-snippet:-1, max-image-preview:large, max-video-preview:-1\" \/>\n<link rel=\"canonical\" href=\"https:\/\/fitconsent.com\/pt_pt\/termos-de-servico\/\" \/>\n<meta property=\"og:locale\" content=\"pt_PT\" \/>\n<meta property=\"og:type\" content=\"article\" \/>\n<meta property=\"og:title\" content=\"Termos de Servi\u00e7o - FitConsent\" \/>\n<meta property=\"og:description\" content=\"\u00daltima atualiza\u00e7\u00e3o: 24 de julho de 2025 Por favor, leia atentamente estes termos e condi\u00e7\u00f5es antes de usar o Nosso Servi\u00e7o. Interpreta\u00e7\u00e3o e Defini\u00e7\u00f5es Interpreta\u00e7\u00e3o As palavras cuja letra inicial \u00e9 mai\u00fascula t\u00eam significados definidos sob as seguintes condi\u00e7\u00f5es. As seguintes defini\u00e7\u00f5es ter\u00e3o o mesmo significado, independentemente de aparecerem no singular ou no plural. Defini\u00e7\u00f5es [&hellip;]\" \/>\n<meta property=\"og:url\" content=\"https:\/\/fitconsent.com\/pt_pt\/termos-de-servico\/\" \/>\n<meta property=\"og:site_name\" content=\"FitConsent\" \/>\n<meta property=\"article:modified_time\" content=\"2025-08-27T20:41:01+00:00\" \/>\n<meta name=\"twitter:card\" content=\"summary_large_image\" \/>\n<meta name=\"twitter:label1\" content=\"Tempo estimado de leitura\" \/>\n\t<meta name=\"twitter:data1\" content=\"6 minutos\" \/>\n<script type=\"application\/ld+json\" class=\"yoast-schema-graph\">{\"@context\":\"https:\/\/schema.org\",\"@graph\":[{\"@type\":\"WebPage\",\"@id\":\"https:\/\/fitconsent.com\/pt_pt\/termos-de-servico\/\",\"url\":\"https:\/\/fitconsent.com\/pt_pt\/termos-de-servico\/\",\"name\":\"Termos de Servi\u00e7o - FitConsent\",\"isPartOf\":{\"@id\":\"https:\/\/fitconsent.com\/fr_fr\/#website\"},\"datePublished\":\"2025-08-27T20:40:59+00:00\",\"dateModified\":\"2025-08-27T20:41:01+00:00\",\"breadcrumb\":{\"@id\":\"https:\/\/fitconsent.com\/pt_pt\/termos-de-servico\/#breadcrumb\"},\"inLanguage\":\"pt-PT\",\"potentialAction\":[{\"@type\":\"ReadAction\",\"target\":[\"https:\/\/fitconsent.com\/pt_pt\/termos-de-servico\/\"]}]},{\"@type\":\"BreadcrumbList\",\"@id\":\"https:\/\/fitconsent.com\/pt_pt\/termos-de-servico\/#breadcrumb\",\"itemListElement\":[{\"@type\":\"ListItem\",\"position\":1,\"name\":\"Home\",\"item\":\"https:\/\/fitconsent.com\/\"},{\"@type\":\"ListItem\",\"position\":2,\"name\":\"Termos de Servi\u00e7o\"}]},{\"@type\":\"WebSite\",\"@id\":\"https:\/\/fitconsent.com\/fr_fr\/#website\",\"url\":\"https:\/\/fitconsent.com\/fr_fr\/\",\"name\":\"FitConsent\",\"description\":\"By DIGITLOAD\",\"publisher\":{\"@id\":\"https:\/\/fitconsent.com\/fr_fr\/#organization\"},\"potentialAction\":[{\"@type\":\"SearchAction\",\"target\":{\"@type\":\"EntryPoint\",\"urlTemplate\":\"https:\/\/fitconsent.com\/fr_fr\/?s={search_term_string}\"},\"query-input\":{\"@type\":\"PropertyValueSpecification\",\"valueRequired\":true,\"valueName\":\"search_term_string\"}}],\"inLanguage\":\"pt-PT\"},{\"@type\":\"Organization\",\"@id\":\"https:\/\/fitconsent.com\/fr_fr\/#organization\",\"name\":\"DIGITLOAD\",\"url\":\"https:\/\/fitconsent.com\/fr_fr\/\",\"logo\":{\"@type\":\"ImageObject\",\"inLanguage\":\"pt-PT\",\"@id\":\"https:\/\/fitconsent.com\/fr_fr\/#\/schema\/logo\/image\/\",\"url\":\"https:\/\/fitconsent.com\/wp-content\/uploads\/2025\/08\/cropped-icon.png\",\"contentUrl\":\"https:\/\/fitconsent.com\/wp-content\/uploads\/2025\/08\/cropped-icon.png\",\"width\":512,\"height\":512,\"caption\":\"DIGITLOAD\"},\"image\":{\"@id\":\"https:\/\/fitconsent.com\/fr_fr\/#\/schema\/logo\/image\/\"}}]}<\/script>\n<!-- \/ Yoast SEO plugin. -->","yoast_head_json":{"title":"Termos de Servi\u00e7o - FitConsent","robots":{"index":"index","follow":"follow","max-snippet":"max-snippet:-1","max-image-preview":"max-image-preview:large","max-video-preview":"max-video-preview:-1"},"canonical":"https:\/\/fitconsent.com\/pt_pt\/termos-de-servico\/","og_locale":"pt_PT","og_type":"article","og_title":"Termos de Servi\u00e7o - FitConsent","og_description":"\u00daltima atualiza\u00e7\u00e3o: 24 de julho de 2025 Por favor, leia atentamente estes termos e condi\u00e7\u00f5es antes de usar o Nosso Servi\u00e7o. Interpreta\u00e7\u00e3o e Defini\u00e7\u00f5es Interpreta\u00e7\u00e3o As palavras cuja letra inicial \u00e9 mai\u00fascula t\u00eam significados definidos sob as seguintes condi\u00e7\u00f5es. As seguintes defini\u00e7\u00f5es ter\u00e3o o mesmo significado, independentemente de aparecerem no singular ou no plural. Defini\u00e7\u00f5es [&hellip;]","og_url":"https:\/\/fitconsent.com\/pt_pt\/termos-de-servico\/","og_site_name":"FitConsent","article_modified_time":"2025-08-27T20:41:01+00:00","twitter_card":"summary_large_image","twitter_misc":{"Tempo estimado de leitura":"6 minutos"},"schema":{"@context":"https:\/\/schema.org","@graph":[{"@type":"WebPage","@id":"https:\/\/fitconsent.com\/pt_pt\/termos-de-servico\/","url":"https:\/\/fitconsent.com\/pt_pt\/termos-de-servico\/","name":"Termos de Servi\u00e7o - FitConsent","isPartOf":{"@id":"https:\/\/fitconsent.com\/fr_fr\/#website"},"datePublished":"2025-08-27T20:40:59+00:00","dateModified":"2025-08-27T20:41:01+00:00","breadcrumb":{"@id":"https:\/\/fitconsent.com\/pt_pt\/termos-de-servico\/#breadcrumb"},"inLanguage":"pt-PT","potentialAction":[{"@type":"ReadAction","target":["https:\/\/fitconsent.com\/pt_pt\/termos-de-servico\/"]}]},{"@type":"BreadcrumbList","@id":"https:\/\/fitconsent.com\/pt_pt\/termos-de-servico\/#breadcrumb","itemListElement":[{"@type":"ListItem","position":1,"name":"Home","item":"https:\/\/fitconsent.com\/"},{"@type":"ListItem","position":2,"name":"Termos de Servi\u00e7o"}]},{"@type":"WebSite","@id":"https:\/\/fitconsent.com\/fr_fr\/#website","url":"https:\/\/fitconsent.com\/fr_fr\/","name":"FitConsent","description":"By DIGITLOAD","publisher":{"@id":"https:\/\/fitconsent.com\/fr_fr\/#organization"},"potentialAction":[{"@type":"SearchAction","target":{"@type":"EntryPoint","urlTemplate":"https:\/\/fitconsent.com\/fr_fr\/?s={search_term_string}"},"query-input":{"@type":"PropertyValueSpecification","valueRequired":true,"valueName":"search_term_string"}}],"inLanguage":"pt-PT"},{"@type":"Organization","@id":"https:\/\/fitconsent.com\/fr_fr\/#organization","name":"DIGITLOAD","url":"https:\/\/fitconsent.com\/fr_fr\/","logo":{"@type":"ImageObject","inLanguage":"pt-PT","@id":"https:\/\/fitconsent.com\/fr_fr\/#\/schema\/logo\/image\/","url":"https:\/\/fitconsent.com\/wp-content\/uploads\/2025\/08\/cropped-icon.png","contentUrl":"https:\/\/fitconsent.com\/wp-content\/uploads\/2025\/08\/cropped-icon.png","width":512,"height":512,"caption":"DIGITLOAD"},"image":{"@id":"https:\/\/fitconsent.com\/fr_fr\/#\/schema\/logo\/image\/"}}]}},"_links":{"self":[{"href":"https:\/\/fitconsent.com\/pt_pt\/wp-json\/wp\/v2\/pages\/878","targetHints":{"allow":["GET"]}}],"collection":[{"href":"https:\/\/fitconsent.com\/pt_pt\/wp-json\/wp\/v2\/pages"}],"about":[{"href":"https:\/\/fitconsent.com\/pt_pt\/wp-json\/wp\/v2\/types\/page"}],"author":[{"embeddable":true,"href":"https:\/\/fitconsent.com\/pt_pt\/wp-json\/wp\/v2\/users\/5"}],"replies":[{"embeddable":true,"href":"https:\/\/fitconsent.com\/pt_pt\/wp-json\/wp\/v2\/comments?post=878"}],"version-history":[{"count":1,"href":"https:\/\/fitconsent.com\/pt_pt\/wp-json\/wp\/v2\/pages\/878\/revisions"}],"predecessor-version":[{"id":879,"href":"https:\/\/fitconsent.com\/pt_pt\/wp-json\/wp\/v2\/pages\/878\/revisions\/879"}],"wp:attachment":[{"href":"https:\/\/fitconsent.com\/pt_pt\/wp-json\/wp\/v2\/media?parent=878"}],"curies":[{"name":"wp","href":"https:\/\/api.w.org\/{rel}","templated":true}]}}