{"id":868,"date":"2025-08-27T20:32:56","date_gmt":"2025-08-27T20:32:56","guid":{"rendered":"https:\/\/fitconsent.com\/?page_id=868"},"modified":"2025-11-11T16:22:00","modified_gmt":"2025-11-11T16:22:00","slug":"politica-de-privacidade","status":"publish","type":"page","link":"https:\/\/fitconsent.com\/pt_pt\/politica-de-privacidade\/","title":{"rendered":"Pol\u00edtica de Privacidade"},"content":{"rendered":"\n\n<p>\u00daltima atualiza\u00e7\u00e3o: 24 de julho de 2025<\/p>\n\n\n\n\n<p>Esta Pol\u00edtica de Privacidade descreve as Nossas pol\u00edticas e procedimentos sobre a coleta, uso e divulga\u00e7\u00e3o de Suas informa\u00e7\u00f5es quando Voc\u00ea utiliza o Servi\u00e7o e informa sobre Seus direitos de privacidade e como a lei o protege.<\/p>\n\n\n\n\n<p>Utilizamos Seus Dados Pessoais para fornecer e melhorar o Servi\u00e7o. Ao utilizar o Servi\u00e7o, Voc\u00ea concorda com a coleta e o uso de informa\u00e7\u00f5es de acordo com esta Pol\u00edtica de Privacidade.<\/p>\n\n\n\n\n<h2 class=\"wp-block-heading\">Interpreta\u00e7\u00e3o e Defini\u00e7\u00f5es<\/h2>\n\n\n\n\n<h3 class=\"wp-block-heading\">Interpreta\u00e7\u00e3o<\/h3>\n\n\n\n\n<p>As palavras cuja letra inicial est\u00e1 em mai\u00fascula t\u00eam significados definidos sob as seguintes condi\u00e7\u00f5es. As seguintes defini\u00e7\u00f5es ter\u00e3o o mesmo significado, independentemente de aparecerem no singular ou no plural.<\/p>\n\n\n\n\n<h3 class=\"wp-block-heading\">Defini\u00e7\u00f5es<\/h3>\n\n\n\n\n<p>Para os fins desta Pol\u00edtica de Privacidade:<\/p>\n\n\n\n\n<ul class=\"wp-block-list\">\n<li><strong>Conta<\/strong> significa uma conta \u00fanica criada para Voc\u00ea acessar nosso Servi\u00e7o ou partes de nosso Servi\u00e7o.<\/li>\n\n\n\n\n<li><strong>Empresa<\/strong> (referida como &#8220;a Empresa&#8221;, &#8220;N\u00f3s&#8221; ou &#8220;Nossa&#8221; neste Acordo) refere-se \u00e0 FitConsent, um produto da DIGITLOAD.<\/li>\n\n\n\n\n<li><strong>Cookies<\/strong> s\u00e3o pequenos arquivos que s\u00e3o colocados em Seu computador, dispositivo m\u00f3vel ou qualquer outro dispositivo por um site, contendo os detalhes de Seu hist\u00f3rico de navega\u00e7\u00e3o nesse site, entre muitos outros usos.<\/li>\n\n\n\n\n<li><strong>Pa\u00eds<\/strong> refere-se a: Canad\u00e1<\/li>\n\n\n\n\n<li><strong>Dispositivo<\/strong> significa qualquer dispositivo que possa acessar o Servi\u00e7o, como um computador, um telefone celular ou um tablet digital.<\/li>\n\n\n\n\n<li><strong>Dados Pessoais<\/strong> s\u00e3o qualquer informa\u00e7\u00e3o que se relacione com uma pessoa identificada ou identific\u00e1vel.<\/li>\n\n\n\n\n<li><strong>Servi\u00e7o<\/strong> refere-se ao Site.<\/li>\n\n\n\n\n<li><strong>Provedor de Servi\u00e7os<\/strong> significa qualquer pessoa f\u00edsica ou jur\u00eddica que processe os dados em nome da Empresa. Refere-se a empresas terceiras ou indiv\u00edduos empregados pela Empresa para facilitar o Servi\u00e7o, para fornecer o Servi\u00e7o em nome da Empresa, para realizar servi\u00e7os relacionados ao Servi\u00e7o ou para auxiliar a Empresa a analisar como o Servi\u00e7o \u00e9 utilizado.<\/li>\n<!-- \/wp-list-item -->\n\n\n\n<li><strong>Dados de Uso<\/strong> referem-se aos dados coletados automaticamente, seja gerado pelo uso do Servi\u00e7o ou da infraestrutura do Servi\u00e7o em si (por exemplo, a dura\u00e7\u00e3o de uma visita \u00e0 p\u00e1gina).<\/li>\n\n\n\n\n<li><strong>Site<\/strong> refere-se \u00e0 FitConsent, acess\u00edvel a partir de https:\/\/app.fitconsent.com<\/li>\n\n\n\n\n<li><strong>Voc\u00ea<\/strong> refere-se ao indiv\u00edduo que acessa ou utiliza o Servi\u00e7o, ou a empresa ou outra entidade legal em nome da qual tal indiv\u00edduo est\u00e1 acessando ou utilizando o Servi\u00e7o, conforme aplic\u00e1vel.<\/li>\n<\/ul>\n\n\n\n\n<h2 class=\"wp-block-heading\">Coleta e Uso de Seus Dados Pessoais<\/h2>\n\n\n\n\n<h3 class=\"wp-block-heading\">Tipos de Dados Coletados<\/h3>\n\n\n\n\n<h4 class=\"wp-block-heading\">Dados Pessoais<\/h4>\n\n\n\n\n<p>Enquanto utiliza o Nosso Servi\u00e7o, podemos pedir-lhe que Nos forne\u00e7a certas informa\u00e7\u00f5es de identifica\u00e7\u00e3o pessoal que podem ser usadas para contat\u00e1-lo ou identific\u00e1-lo. As informa\u00e7\u00f5es de identifica\u00e7\u00e3o pessoal podem incluir, mas n\u00e3o se limitam a:<\/p>\n\n\n\n\n<ul class=\"wp-block-list\">\n<li>Endere\u00e7o de e-mail<\/li>\n\n\n\n\n<li>Nome e sobrenome<\/li>\n\n\n\n\n<li>Dados de Uso<\/li>\n<\/ul>\n\n\n\n\n<h4 class=\"wp-block-heading\">Dados de Uso<\/h4>\n\n\n\n\n<p>Os Dados de Uso s\u00e3o coletados automaticamente ao utilizar o Servi\u00e7o.<\/p>\n\n\n\n\n<p>Os Dados de Uso podem incluir informa\u00e7\u00f5es como o endere\u00e7o de Protocolo de Internet do Seu Dispositivo (por exemplo, endere\u00e7o IP), tipo de navegador, vers\u00e3o do navegador, as p\u00e1ginas do nosso Servi\u00e7o que Voc\u00ea visita, a hora e a data da Sua visita, o tempo gasto nessas p\u00e1ginas, identificadores \u00fanicos de dispositivo e outros dados de diagn\u00f3stico.<\/p>\n\n\n\n\n<p>Quando Voc\u00ea acessa o Servi\u00e7o por meio de um dispositivo m\u00f3vel, podemos coletar certas informa\u00e7\u00f5es automaticamente, incluindo, mas n\u00e3o se limitando a, o tipo de dispositivo m\u00f3vel que Voc\u00ea usa, a ID \u00fanica do Seu dispositivo m\u00f3vel, o endere\u00e7o IP do Seu dispositivo m\u00f3vel, Seu sistema operacional m\u00f3vel, o tipo de navegador de Internet m\u00f3vel que Voc\u00ea utiliza, identificadores \u00fanicos de dispositivo e outros dados de diagn\u00f3stico.<\/p>\n\n\n\n\n<p>Tamb\u00e9m podemos coletar informa\u00e7\u00f5es que Seu navegador envia toda vez que Voc\u00ea visita nosso Servi\u00e7o ou quando acessa o Servi\u00e7o por meio de um dispositivo m\u00f3vel.<\/p>\n\n\n\n\n<p>Tecnologias de Rastreamento e Cookies<\/p>\n\n\n\n\n<p>Utilizamos Cookies e tecnologias de rastreamento semelhantes para rastrear a atividade em Nosso Servi\u00e7o e armazenar certas informa\u00e7\u00f5es. As tecnologias de rastreamento utilizadas s\u00e3o beacons, tags e scripts para coletar e rastrear informa\u00e7\u00f5es e para melhorar e analisar Nosso Servi\u00e7o. As tecnologias que utilizamos podem incluir:<\/p>\n\n\n\n\n<ul class=\"wp-block-list\">\n<li><strong>Cookies ou Cookies do Navegador.<\/strong> Um cookie \u00e9 um pequeno arquivo colocado em Seu Dispositivo. Voc\u00ea pode instruir Seu navegador a recusar todos os Cookies ou a indicar quando um Cookie \u00e9 enviado. No entanto, se Voc\u00ea n\u00e3o aceitar Cookies, talvez n\u00e3o consiga utilizar algumas partes de nosso Servi\u00e7o. A menos que Voc\u00ea tenha ajustado a configura\u00e7\u00e3o do Seu navegador para recusar Cookies, nosso Servi\u00e7o pode usar Cookies.<\/li>\n\n\n\n\n<li><strong>Web Beacons.<\/strong> Certas se\u00e7\u00f5es do nosso Servi\u00e7o e de nossos e-mails podem conter pequenos arquivos eletr\u00f4nicos conhecidos como web beacons (tamb\u00e9m chamados de gifs transparentes, pixel tags e gifs de um \u00fanico pixel) que permitem \u00e0 Empresa, por exemplo, contar os usu\u00e1rios que visitaram essas p\u00e1ginas ou abriram um e-mail e para outras estat\u00edsticas relacionadas ao site (por exemplo, registrar a popularidade de uma determinada se\u00e7\u00e3o e verificar a integridade do sistema e do servidor).<\/li>\n<\/ul>\n\n\n\n\n<p>Os Cookies podem ser Cookies &#8220;Persistentes&#8221; ou de &#8220;Sess\u00e3o&#8221;. Cookies Persistentes permanecem em Seu computador pessoal ou dispositivo m\u00f3vel quando Voc\u00ea fica offline, enquanto Cookies de Sess\u00e3o s\u00e3o exclu\u00eddos assim que Voc\u00ea fecha Seu navegador web.<br><\/p>\n\n\n\n\n<p>Declara\u00e7\u00e3o de Armazenamento<\/p>\n\n\n\n\n<p>Para total transpar\u00eancia, abaixo est\u00e1 uma lista dos cookies espec\u00edficos e outros itens de armazenamento que nosso servi\u00e7o pode colocar em seu navegador. Esta lista \u00e9 atualizada automaticamente com base em varreduras peri\u00f3dicas de nosso site.<\/p>\n\n\n\n\n<div id=\"fitconsent-declaration\"><\/div>\n<script async defer src=\"https:\/\/app.fitconsent.com\/api\/declaration?websiteId=kwVxyt00In1wBjqQOTJM\"><\/script>\n\n\n\n\n<h2 class=\"wp-block-heading\">Uso de Seus Dados Pessoais<\/h2>\n\n\n\n\n<p>A Empresa pode usar Dados Pessoais para os seguintes prop\u00f3sitos:<\/p>\n\n\n\n\n<ul class=\"wp-block-list\">\n<li><strong>Para fornecer e manter nosso Servi\u00e7o,<\/strong> incluindo a supervis\u00e3o do uso de nosso Servi\u00e7o.<\/li>\n\n\n\n\n<li><strong>Para gerenciar Sua Conta:<\/strong> para gerenciar Seu registro como usu\u00e1rio do Servi\u00e7o. Os Dados Pessoais que Voc\u00ea fornece podem dar-lhe acesso a diferentes funcionalidades do Servi\u00e7o que est\u00e3o dispon\u00edveis para Voc\u00ea como usu\u00e1rio registrado.<\/li>\n\n\n\n\n<li><strong>Para a execu\u00e7\u00e3o de um contrato:<\/strong> o desenvolvimento, cumprimento e execu\u00e7\u00e3o do contrato de compra dos produtos, itens ou servi\u00e7os que Voc\u00ea comprou ou de qualquer outro contrato conosco por meio do Servi\u00e7o.<\/li>\n\n\n\n\n<li><strong>Para contat\u00e1-lo:<\/strong> Para contat\u00e1-lo por e-mail, chamadas telef\u00f4nicas, SMS ou outras formas equivalentes de comunica\u00e7\u00e3o eletr\u00f4nica, como as notifica\u00e7\u00f5es push de um aplicativo m\u00f3vel em rela\u00e7\u00e3o a atualiza\u00e7\u00f5es ou comunica\u00e7\u00f5es informativas relacionadas \u00e0s funcionalidades, produtos ou servi\u00e7os contratados, incluindo os de seguran\u00e7a, quando necess\u00e1rio ou razo\u00e1vel para a sua implementa\u00e7\u00e3o.<\/li>\n\n\n\n\n<li><strong>Para fornecer-lhe<\/strong> not\u00edcias, ofertas especiais e informa\u00e7\u00f5es gerais sobre outros bens, servi\u00e7os e eventos que oferecemos e que s\u00e3o semelhantes aos que Voc\u00ea j\u00e1 comprou ou sobre os quais perguntou, a menos que Voc\u00ea tenha optado por n\u00e3o receber tais informa\u00e7\u00f5es.<\/li>\n\n\n\n\n<li><strong>Para gerenciar Suas solicita\u00e7\u00f5es:<\/strong> Para atender e gerenciar Suas solicita\u00e7\u00f5es a N\u00f3s.<\/li>\n\n\n\n\n<li><strong>Para transfer\u00eancias de neg\u00f3cios:<\/strong> Podemos usar Suas informa\u00e7\u00f5es para avaliar ou conduzir uma fus\u00e3o, desinvestimento, reestrutura\u00e7\u00e3o, reorganiza\u00e7\u00e3o, dissolu\u00e7\u00e3o ou outra venda ou transfer\u00eancia de alguns ou de todos os Nossos ativos, seja como uma empresa em funcionamento ou como parte de uma fal\u00eancia, liquida\u00e7\u00e3o ou procedimento semelhante, no qual os Dados Pessoais que detemos sobre os usu\u00e1rios do nosso Servi\u00e7o est\u00e3o entre os ativos transferidos.<\/li>\n\n\n\n\n<li><strong>Para outros fins:<\/strong> Podemos usar Suas informa\u00e7\u00f5es para outros fins, como an\u00e1lise de dados, identifica\u00e7\u00e3o de tend\u00eancias de uso, determina\u00e7\u00e3o da efic\u00e1cia de nossas campanhas promocionais e para avaliar e melhorar nosso Servi\u00e7o, produtos, servi\u00e7os, marketing e sua experi\u00eancia.<\/li>\n<\/ul>\n\n\n\n\n<h2 class=\"wp-block-heading\">Privacidade das Crian\u00e7as<\/h2>\n\n\n\n\n<p>Nosso Servi\u00e7o n\u00e3o se destina a pessoas com menos de 13 anos de idade. N\u00e3o coletamos conscientemente informa\u00e7\u00f5es de identifica\u00e7\u00e3o pessoal de pessoas com menos de 13 anos. Se Voc\u00ea \u00e9 um pai ou tutor e sabe que Seu filho Nos forneceu Dados Pessoais, por favor, entre em contato conosco. Se tomarmos conhecimento de que coletamos Dados Pessoais de algu\u00e9m com menos de 13 anos sem a verifica\u00e7\u00e3o do consentimento dos pais, tomamos medidas para remover essas informa\u00e7\u00f5es de Nossos servidores.<\/p>\n\n\n\n\n<h2 class=\"wp-block-heading\">Links para outros Sites<\/h2>\n\n\n\n\n<p>Nosso Servi\u00e7o pode conter links para outros sites que n\u00e3o s\u00e3o operados por N\u00f3s. Se Voc\u00ea clicar em um link de terceiros, ser\u00e1 direcionado para o site desse terceiro. Aconselhamos vivamente que Voc\u00ea revise a Pol\u00edtica de Privacidade de cada site que visitar.<\/p>\n\n\n\n\n<p>N\u00e3o temos controle sobre e n\u00e3o assumimos nenhuma responsabilidade pelo conte\u00fado, pol\u00edticas de privacidade ou pr\u00e1ticas de quaisquer sites ou servi\u00e7os de terceiros.<br><\/p>\n\n\n\n\n<h2 class=\"wp-block-heading\">Altera\u00e7\u00f5es a esta Pol\u00edtica de Privacidade<\/h2>\n\n\n\n\n<p>Podemos atualizar Nossa Pol\u00edtica de Privacidade de tempos em tempos. Iremos notific\u00e1-lo sobre quaisquer altera\u00e7\u00f5es, publicando a nova Pol\u00edtica de Privacidade nesta p\u00e1gina.<\/p>\n\n\n\n\n<p>N\u00f3s o informaremos por e-mail e\/ou um aviso proeminente em Nosso Servi\u00e7o, antes que a altera\u00e7\u00e3o entre em vigor e atualizaremos a data de &#8220;\u00daltima atualiza\u00e7\u00e3o&#8221; no topo desta Pol\u00edtica de Privacidade.<\/p>\n\n\n\n\n<p>Voc\u00ea \u00e9 aconselhado a revisar esta Pol\u00edtica de Privacidade periodicamente para quaisquer altera\u00e7\u00f5es. As altera\u00e7\u00f5es a esta Pol\u00edtica de Privacidade s\u00e3o eficazes quando s\u00e3o publicadas nesta p\u00e1gina.<\/p>\n\n\n\n\n<h2 class=\"wp-block-heading\">Contate-nos<\/h2>\n\n\n\n\n<p>Se Voc\u00ea tiver alguma d\u00favida sobre esta Pol\u00edtica de Privacidade, pode nos contatar:<\/p>\n\n\n\n\n<p>Visitando esta p\u00e1gina em nosso site: <a href=\"https:\/\/fitconsent.com\/contact\" target=\"_blank\" rel=\"noreferrer noopener\">https:\/\/fitconsent.com\/contact<\/a><\/p>\n\n\n\n\n<div style=\"height:100px\" aria-hidden=\"true\" class=\"wp-block-spacer\"><\/div>\n\n\n\n\n<p><\/p>\n","protected":false},"excerpt":{"rendered":"<p>\u00daltima atualiza\u00e7\u00e3o: 24 de julho de 2025 Esta Pol\u00edtica de Privacidade descreve as Nossas pol\u00edticas e procedimentos sobre a coleta, uso e divulga\u00e7\u00e3o de Suas informa\u00e7\u00f5es quando Voc\u00ea utiliza o Servi\u00e7o e informa sobre Seus direitos de privacidade e como a lei o protege. Utilizamos Seus Dados Pessoais para fornecer e melhorar o Servi\u00e7o. Ao [&hellip;]<\/p>\n","protected":false},"author":5,"featured_media":0,"parent":0,"menu_order":0,"comment_status":"closed","ping_status":"closed","template":"","meta":{"_fitconsent_language":"pt_PT","_fitconsent_translation_group":"633","footnotes":""},"class_list":["post-868","page","type-page","status-publish","hentry"],"yoast_head":"<!-- This site is optimized with the Yoast SEO plugin v27.2 - https:\/\/yoast.com\/product\/yoast-seo-wordpress\/ -->\n<title>Pol\u00edtica de Privacidade - FitConsent<\/title>\n<meta name=\"robots\" content=\"index, follow, max-snippet:-1, max-image-preview:large, max-video-preview:-1\" \/>\n<link rel=\"canonical\" href=\"https:\/\/fitconsent.com\/pt_pt\/politica-de-privacidade\/\" \/>\n<meta property=\"og:locale\" content=\"pt_PT\" \/>\n<meta property=\"og:type\" content=\"article\" \/>\n<meta property=\"og:title\" content=\"Pol\u00edtica de Privacidade - FitConsent\" \/>\n<meta property=\"og:description\" content=\"\u00daltima atualiza\u00e7\u00e3o: 24 de julho de 2025 Esta Pol\u00edtica de Privacidade descreve as Nossas pol\u00edticas e procedimentos sobre a coleta, uso e divulga\u00e7\u00e3o de Suas informa\u00e7\u00f5es quando Voc\u00ea utiliza o Servi\u00e7o e informa sobre Seus direitos de privacidade e como a lei o protege. Utilizamos Seus Dados Pessoais para fornecer e melhorar o Servi\u00e7o. Ao [&hellip;]\" \/>\n<meta property=\"og:url\" content=\"https:\/\/fitconsent.com\/pt_pt\/politica-de-privacidade\/\" \/>\n<meta property=\"og:site_name\" content=\"FitConsent\" \/>\n<meta property=\"article:modified_time\" content=\"2025-11-11T16:22:00+00:00\" \/>\n<meta name=\"twitter:card\" content=\"summary_large_image\" \/>\n<meta name=\"twitter:label1\" content=\"Tempo estimado de leitura\" \/>\n\t<meta name=\"twitter:data1\" content=\"7 minutos\" \/>\n<script type=\"application\/ld+json\" class=\"yoast-schema-graph\">{\"@context\":\"https:\/\/schema.org\",\"@graph\":[{\"@type\":\"WebPage\",\"@id\":\"https:\/\/fitconsent.com\/pt_pt\/politica-de-privacidade\/\",\"url\":\"https:\/\/fitconsent.com\/pt_pt\/politica-de-privacidade\/\",\"name\":\"Pol\u00edtica de Privacidade - FitConsent\",\"isPartOf\":{\"@id\":\"https:\/\/fitconsent.com\/fr_fr\/#website\"},\"datePublished\":\"2025-08-27T20:32:56+00:00\",\"dateModified\":\"2025-11-11T16:22:00+00:00\",\"breadcrumb\":{\"@id\":\"https:\/\/fitconsent.com\/pt_pt\/politica-de-privacidade\/#breadcrumb\"},\"inLanguage\":\"pt-PT\",\"potentialAction\":[{\"@type\":\"ReadAction\",\"target\":[\"https:\/\/fitconsent.com\/pt_pt\/politica-de-privacidade\/\"]}]},{\"@type\":\"BreadcrumbList\",\"@id\":\"https:\/\/fitconsent.com\/pt_pt\/politica-de-privacidade\/#breadcrumb\",\"itemListElement\":[{\"@type\":\"ListItem\",\"position\":1,\"name\":\"Home\",\"item\":\"https:\/\/fitconsent.com\/\"},{\"@type\":\"ListItem\",\"position\":2,\"name\":\"Pol\u00edtica de Privacidade\"}]},{\"@type\":\"WebSite\",\"@id\":\"https:\/\/fitconsent.com\/fr_fr\/#website\",\"url\":\"https:\/\/fitconsent.com\/fr_fr\/\",\"name\":\"FitConsent\",\"description\":\"By DIGITLOAD\",\"publisher\":{\"@id\":\"https:\/\/fitconsent.com\/fr_fr\/#organization\"},\"potentialAction\":[{\"@type\":\"SearchAction\",\"target\":{\"@type\":\"EntryPoint\",\"urlTemplate\":\"https:\/\/fitconsent.com\/fr_fr\/?s={search_term_string}\"},\"query-input\":{\"@type\":\"PropertyValueSpecification\",\"valueRequired\":true,\"valueName\":\"search_term_string\"}}],\"inLanguage\":\"pt-PT\"},{\"@type\":\"Organization\",\"@id\":\"https:\/\/fitconsent.com\/fr_fr\/#organization\",\"name\":\"DIGITLOAD\",\"url\":\"https:\/\/fitconsent.com\/fr_fr\/\",\"logo\":{\"@type\":\"ImageObject\",\"inLanguage\":\"pt-PT\",\"@id\":\"https:\/\/fitconsent.com\/fr_fr\/#\/schema\/logo\/image\/\",\"url\":\"https:\/\/fitconsent.com\/wp-content\/uploads\/2025\/08\/cropped-icon.png\",\"contentUrl\":\"https:\/\/fitconsent.com\/wp-content\/uploads\/2025\/08\/cropped-icon.png\",\"width\":512,\"height\":512,\"caption\":\"DIGITLOAD\"},\"image\":{\"@id\":\"https:\/\/fitconsent.com\/fr_fr\/#\/schema\/logo\/image\/\"}}]}<\/script>\n<!-- \/ Yoast SEO plugin. -->","yoast_head_json":{"title":"Pol\u00edtica de Privacidade - FitConsent","robots":{"index":"index","follow":"follow","max-snippet":"max-snippet:-1","max-image-preview":"max-image-preview:large","max-video-preview":"max-video-preview:-1"},"canonical":"https:\/\/fitconsent.com\/pt_pt\/politica-de-privacidade\/","og_locale":"pt_PT","og_type":"article","og_title":"Pol\u00edtica de Privacidade - FitConsent","og_description":"\u00daltima atualiza\u00e7\u00e3o: 24 de julho de 2025 Esta Pol\u00edtica de Privacidade descreve as Nossas pol\u00edticas e procedimentos sobre a coleta, uso e divulga\u00e7\u00e3o de Suas informa\u00e7\u00f5es quando Voc\u00ea utiliza o Servi\u00e7o e informa sobre Seus direitos de privacidade e como a lei o protege. Utilizamos Seus Dados Pessoais para fornecer e melhorar o Servi\u00e7o. Ao [&hellip;]","og_url":"https:\/\/fitconsent.com\/pt_pt\/politica-de-privacidade\/","og_site_name":"FitConsent","article_modified_time":"2025-11-11T16:22:00+00:00","twitter_card":"summary_large_image","twitter_misc":{"Tempo estimado de leitura":"7 minutos"},"schema":{"@context":"https:\/\/schema.org","@graph":[{"@type":"WebPage","@id":"https:\/\/fitconsent.com\/pt_pt\/politica-de-privacidade\/","url":"https:\/\/fitconsent.com\/pt_pt\/politica-de-privacidade\/","name":"Pol\u00edtica de Privacidade - FitConsent","isPartOf":{"@id":"https:\/\/fitconsent.com\/fr_fr\/#website"},"datePublished":"2025-08-27T20:32:56+00:00","dateModified":"2025-11-11T16:22:00+00:00","breadcrumb":{"@id":"https:\/\/fitconsent.com\/pt_pt\/politica-de-privacidade\/#breadcrumb"},"inLanguage":"pt-PT","potentialAction":[{"@type":"ReadAction","target":["https:\/\/fitconsent.com\/pt_pt\/politica-de-privacidade\/"]}]},{"@type":"BreadcrumbList","@id":"https:\/\/fitconsent.com\/pt_pt\/politica-de-privacidade\/#breadcrumb","itemListElement":[{"@type":"ListItem","position":1,"name":"Home","item":"https:\/\/fitconsent.com\/"},{"@type":"ListItem","position":2,"name":"Pol\u00edtica de Privacidade"}]},{"@type":"WebSite","@id":"https:\/\/fitconsent.com\/fr_fr\/#website","url":"https:\/\/fitconsent.com\/fr_fr\/","name":"FitConsent","description":"By DIGITLOAD","publisher":{"@id":"https:\/\/fitconsent.com\/fr_fr\/#organization"},"potentialAction":[{"@type":"SearchAction","target":{"@type":"EntryPoint","urlTemplate":"https:\/\/fitconsent.com\/fr_fr\/?s={search_term_string}"},"query-input":{"@type":"PropertyValueSpecification","valueRequired":true,"valueName":"search_term_string"}}],"inLanguage":"pt-PT"},{"@type":"Organization","@id":"https:\/\/fitconsent.com\/fr_fr\/#organization","name":"DIGITLOAD","url":"https:\/\/fitconsent.com\/fr_fr\/","logo":{"@type":"ImageObject","inLanguage":"pt-PT","@id":"https:\/\/fitconsent.com\/fr_fr\/#\/schema\/logo\/image\/","url":"https:\/\/fitconsent.com\/wp-content\/uploads\/2025\/08\/cropped-icon.png","contentUrl":"https:\/\/fitconsent.com\/wp-content\/uploads\/2025\/08\/cropped-icon.png","width":512,"height":512,"caption":"DIGITLOAD"},"image":{"@id":"https:\/\/fitconsent.com\/fr_fr\/#\/schema\/logo\/image\/"}}]}},"_links":{"self":[{"href":"https:\/\/fitconsent.com\/pt_pt\/wp-json\/wp\/v2\/pages\/868","targetHints":{"allow":["GET"]}}],"collection":[{"href":"https:\/\/fitconsent.com\/pt_pt\/wp-json\/wp\/v2\/pages"}],"about":[{"href":"https:\/\/fitconsent.com\/pt_pt\/wp-json\/wp\/v2\/types\/page"}],"author":[{"embeddable":true,"href":"https:\/\/fitconsent.com\/pt_pt\/wp-json\/wp\/v2\/users\/5"}],"replies":[{"embeddable":true,"href":"https:\/\/fitconsent.com\/pt_pt\/wp-json\/wp\/v2\/comments?post=868"}],"version-history":[{"count":2,"href":"https:\/\/fitconsent.com\/pt_pt\/wp-json\/wp\/v2\/pages\/868\/revisions"}],"predecessor-version":[{"id":2159,"href":"https:\/\/fitconsent.com\/pt_pt\/wp-json\/wp\/v2\/pages\/868\/revisions\/2159"}],"wp:attachment":[{"href":"https:\/\/fitconsent.com\/pt_pt\/wp-json\/wp\/v2\/media?parent=868"}],"curies":[{"name":"wp","href":"https:\/\/api.w.org\/{rel}","templated":true}]}}