{"id":2083,"date":"2025-10-21T18:52:06","date_gmt":"2025-10-21T18:52:06","guid":{"rendered":"https:\/\/fitconsent.com\/?page_id=2083"},"modified":"2025-10-21T18:52:09","modified_gmt":"2025-10-21T18:52:09","slug":"uet-da-microsoft-universal-event-tracking","status":"publish","type":"page","link":"https:\/\/fitconsent.com\/pt_pt\/uet-da-microsoft-universal-event-tracking\/","title":{"rendered":"O Guia Essencial para o Modo de Consentimento UET da Microsoft e Por Que o FitConsent CMP \u00e9 Crucial"},"content":{"rendered":"\n<h3 class=\"wp-block-heading\">Compreendendo o Modo de Consentimento UET da Microsoft<\/h3>\n\n\n\n<p>O <strong>Universal Event Tracking (UET) da Microsoft<\/strong> \u00e9 uma ferramenta essencial para anunciantes que usam o Microsoft Advertising (anteriormente Bing Ads). A <em>tag<\/em> UET ajuda a medir a efic\u00e1cia das campanhas publicit\u00e1rias, rastreando as a\u00e7\u00f5es do usu\u00e1rio (convers\u00f5es) em um <em>website<\/em>, como compras, inscri\u00e7\u00f5es ou visualiza\u00e7\u00f5es de p\u00e1gina.<\/p>\n\n\n\n<figure class=\"wp-block-image aligncenter size-full\"><img loading=\"lazy\" decoding=\"async\" width=\"800\" height=\"387\" src=\"https:\/\/fitconsent.com\/wp-content\/uploads\/2025\/10\/15.png\" alt=\"Microsoft UET Consent Mode\" class=\"wp-image-2037\" srcset=\"https:\/\/fitconsent.com\/wp-content\/uploads\/2025\/10\/15.png 800w, https:\/\/fitconsent.com\/wp-content\/uploads\/2025\/10\/15-300x145.png 300w, https:\/\/fitconsent.com\/wp-content\/uploads\/2025\/10\/15-768x372.png 768w, https:\/\/fitconsent.com\/wp-content\/uploads\/2025\/10\/15-600x290.png 600w\" sizes=\"auto, (max-width: 800px) 100vw, 800px\" \/><\/figure>\n\n\n\n<p>O <strong>Modo de Consentimento UET da Microsoft<\/strong> \u00e9 o mecanismo que permite ao UET ajustar seu comportamento de rastreamento com base nas prefer\u00eancias expl\u00edcitas de consentimento do usu\u00e1rio, garantindo a conformidade com as regulamenta\u00e7\u00f5es globais de privacidade de dados em evolu\u00e7\u00e3o, como o <strong><a href=\"https:\/\/fitconsent.com\/pt_pt\/rgpd-regulamento-geral-sobre-a-protecao-de-dados-explicado\/\">GDPR<\/a><\/strong>, o <strong><a href=\"https:\/\/fitconsent.com\/pt_pt\/ccpa-cpra-consumidores-da-california-e-privacidade-de-dados\/\">CCPA<\/a><\/strong> e o Digital Markets Act (DMA) da UE.<\/p>\n\n\n\n<p>Quando um usu\u00e1rio acessa seu <em>website<\/em>, o Modo de Consentimento verifica o status do consentimento para <code>ad_storage<\/code>:<\/p>\n\n\n\n<ul class=\"wp-block-list\">\n<li><strong>Se o consentimento for concedido:<\/strong> A <em>tag<\/em> UET \u00e9 disparada normalmente, configurando e lendo <em>cookies<\/em> para rastrear convers\u00f5es detalhadas, preencher listas de <em>remarketing<\/em> e otimizar estrat\u00e9gias de lance.<\/li>\n\n\n\n<li><strong>Se o consentimento for negado:<\/strong> A <em>tag<\/em> UET \u00e9 restringida. Ela envia sinais de dados limitados, an\u00f4nimos e n\u00e3o pessoais (conhecidos como &#8220;pings&#8221;) sem configurar ou ler <em>cookies<\/em> para fins de publicidade, ou \u00e9 bloqueada inteiramente, dependendo do m\u00e9todo de implementa\u00e7\u00e3o (b\u00e1sico ou avan\u00e7ado). Isso permite relat\u00f3rios agregados b\u00e1sicos, respeitando a escolha de privacidade do usu\u00e1rio.<\/li>\n<\/ul>\n\n\n\n<p>A implementa\u00e7\u00e3o do Modo de Consentimento UET n\u00e3o \u00e9 mais opcional; \u00e9 <strong>obrigat\u00f3ria<\/strong> para todos os anunciantes que visam usu\u00e1rios no Espa\u00e7o Econ\u00f4mico Europeu (EEE), no Reino Unido e na Su\u00ed\u00e7a para evitar perda significativa de dados, suspens\u00e3o do rastreamento de convers\u00f5es e desativa\u00e7\u00e3o de recursos de <em>remarketing<\/em>.<\/p>\n\n\n\n<hr class=\"wp-block-separator has-alpha-channel-opacity\"\/>\n\n\n\n<h3 class=\"wp-block-heading\">O Papel Cr\u00edtico do FitConsent CMP na Conformidade UET<\/h3>\n\n\n\n<p>Implementar o Modo de Consentimento UET da Microsoft manualmente pode ser tecnicamente complexo, propenso a erros e desafiador de auditar para conformidade cont\u00ednua. \u00c9 aqui que uma robusta <strong><a href=\"https:\/\/fitconsent.com\/pt_pt\/plataforma-de-gestao-de-consentimento-do-utilizador-cmp\/\">Plataforma de Gerenciamento de Consentimento (CMP)<\/a><\/strong> se torna indispens\u00e1vel.<\/p>\n\n\n\n<p>Uma poderosa <strong><a href=\"https:\/\/fitconsent.com\/pt_pt\/plataforma-de-gestao-de-consentimento-do-utilizador-cmp\/\">CMP<\/a><\/strong> como o <strong><a href=\"https:\/\/fitconsent.com\/pt_pt\/gerenciamento-de-consentimento-do-usuario-cmp-gdpr-ccpa\/?lang=pt_PT\">FitConsent<\/a><\/strong> fornece a integra\u00e7\u00e3o cont\u00ednua e automatizada necess\u00e1ria para lidar com as complexidades do Modo de Consentimento UET. O <strong><a href=\"https:\/\/fitconsent.com\/pt_pt\/gerenciamento-de-consentimento-do-usuario-cmp-gdpr-ccpa\/?lang=pt_PT\">FitConsent<\/a> CMP<\/strong> garante que:<\/p>\n\n\n\n<ul class=\"wp-block-list\">\n<li><strong>Coleta de Consentimento V\u00e1lido:<\/strong> Exibe um <em>banner<\/em> personaliz\u00e1vel e em conformidade para coletar com precis\u00e3o o consentimento do usu\u00e1rio para publicidade e rastreamento.<\/li>\n\n\n\n<li><strong>Mapeamento de Sinal em Tempo Real:<\/strong> Traduz automaticamente as escolhas do usu\u00e1rio nos sinais <code>ad_storage<\/code> corretos (<strong>concedido<\/strong> ou <strong>negado<\/strong>) e os comunica instantaneamente \u00e0 <em>tag<\/em> UET da Microsoft, que \u00e9 a fun\u00e7\u00e3o central do Modo de Consentimento.<\/li>\n\n\n\n<li><strong>Cobertura Regulat\u00f3ria:<\/strong> Gerencia o consentimento n\u00e3o apenas para UET, mas em todas as principais plataformas de an\u00fancios e \u00e9 constantemente atualizado para cumprir as regulamenta\u00e7\u00f5es em evolu\u00e7\u00e3o em todo o mundo, do <strong><a href=\"https:\/\/fitconsent.com\/pt_pt\/rgpd-regulamento-geral-sobre-a-protecao-de-dados-explicado\/\">GDPR<\/a><\/strong> ao <strong><a href=\"https:\/\/fitconsent.com\/pt_pt\/ccpa-cpra-consumidores-da-california-e-privacidade-de-dados\/\">CCPA<\/a><\/strong>.<\/li>\n\n\n\n<li><strong>Trilha de Auditoria:<\/strong> O <strong><a href=\"https:\/\/fitconsent.com\/pt_pt\/gerenciamento-de-consentimento-do-usuario-cmp-gdpr-ccpa\/?lang=pt_PT\">FitConsent<\/a> CMP<\/strong> mant\u00e9m um registro legalmente s\u00f3lido e com carimbo de data\/hora de cada decis\u00e3o de consentimento do usu\u00e1rio, o que \u00e9 crucial para provar a conformidade durante uma auditoria.<\/li>\n<\/ul>\n\n\n\n<h3 class=\"wp-block-heading\">Conformidade Sem Esfor\u00e7o para Sites WordPress com FitConsent<\/h3>\n\n\n\n<p>Para milh\u00f5es de propriet\u00e1rios de <em>websites<\/em> <strong>WordPress<\/strong>, a conformidade deve ser simples e n\u00e3o disruptiva. O <strong><a href=\"https:\/\/fitconsent.com\/pt_pt\/gerenciamento-de-consentimento-do-usuario-cmp-gdpr-ccpa\/?lang=pt_PT\">FitConsent<\/a><\/strong> fornece uma <strong><a href=\"https:\/\/fitconsent.com\/pt_pt\/plataforma-de-gestao-de-consentimento-do-utilizador-cmp\/\">Plataforma de Gerenciamento de Consentimento (CMP)<\/a><\/strong> poderosa, mas simples, especificamente projetada como um <strong><a href=\"https:\/\/wordpress.org\/plugins\/fitconsent-cmp\/#description\">plugin WordPress<\/a><\/strong> para ajud\u00e1-lo a cumprir as regulamenta\u00e7\u00f5es de privacidade como o <strong><a href=\"https:\/\/fitconsent.com\/pt_pt\/rgpd-regulamento-geral-sobre-a-protecao-de-dados-explicado\/\">GDPR<\/a><\/strong> e o <strong><a href=\"https:\/\/fitconsent.com\/pt_pt\/ccpa-cpra-consumidores-da-california-e-privacidade-de-dados\/\">CCPA<\/a><\/strong>.<\/p>\n\n\n\n<p>O <strong><a href=\"https:\/\/wordpress.org\/plugins\/fitconsent-cmp\/#description\">plugin WordPress FitConsent<\/a><\/strong> torna incrivelmente f\u00e1cil adicionar o <em>banner<\/em> de consentimento necess\u00e1rio ao seu <em>site<\/em>. Mais importante, ele oferece compatibilidade autom\u00e1tica e pronta para uso com a <strong>API de Consentimento WP<\/strong>, que \u00e9 o m\u00e9todo padronizado usado por integra\u00e7\u00f5es importantes como o <strong>Google Site Kit<\/strong>.<\/p>\n\n\n\n<p>Ao usar este <em><a href=\"https:\/\/wordpress.org\/plugins\/fitconsent-cmp\/#description\">plugin<\/a><\/em>, voc\u00ea pode habilitar o <strong>recurso de modo de consentimento do Google Site Kit<\/strong> e ter certeza de que as escolhas de consentimento de seus usu\u00e1rios s\u00e3o respeitadas, permitindo an\u00e1lises e rastreamento de an\u00fancios em conformidade e eficazes. A sinergia entre o <strong><a href=\"https:\/\/fitconsent.com\/pt_pt\/gerenciamento-de-consentimento-do-usuario-cmp-gdpr-ccpa\/?lang=pt_PT\">FitConsent<\/a><\/strong>, a <strong>API de Consentimento WP<\/strong> e o Modo de Consentimento UET garante que sua coleta de dados seja legalmente s\u00f3lida, minimizando o risco de conformidade e maximizando seu ROI de <em>marketing<\/em>.<\/p>\n\n\n\n<p>Ao usar uma solu\u00e7\u00e3o especializada como o <strong><a href=\"https:\/\/fitconsent.com\/pt_pt\/gerenciamento-de-consentimento-do-usuario-cmp-gdpr-ccpa\/?lang=pt_PT\">FitConsent<\/a><\/strong>, voc\u00ea vai al\u00e9m da conformidade b\u00e1sica. Voc\u00ea obt\u00e9m uma vantagem competitiva minimizando a perda de dados por meio de um desempenho otimizado do <em>banner<\/em>, ao mesmo tempo em que garante que suas campanhas do Microsoft Advertising sejam eficazes e legalmente compat\u00edveis.<\/p>\n","protected":false},"excerpt":{"rendered":"<p>Compreendendo o Modo de Consentimento UET da Microsoft O Universal Event Tracking (UET) da Microsoft \u00e9 uma ferramenta essencial para anunciantes que usam o Microsoft Advertising (anteriormente Bing Ads). A tag UET ajuda a medir a efic\u00e1cia das campanhas publicit\u00e1rias, rastreando as a\u00e7\u00f5es do usu\u00e1rio (convers\u00f5es) em um website, como compras, inscri\u00e7\u00f5es ou visualiza\u00e7\u00f5es de [&hellip;]<\/p>\n","protected":false},"author":5,"featured_media":0,"parent":0,"menu_order":0,"comment_status":"closed","ping_status":"closed","template":"","meta":{"_fitconsent_language":"pt_PT","_fitconsent_translation_group":"2035","footnotes":""},"class_list":["post-2083","page","type-page","status-publish","hentry"],"yoast_head":"<!-- This site is optimized with the Yoast SEO plugin v27.2 - https:\/\/yoast.com\/product\/yoast-seo-wordpress\/ -->\n<title>UET da Microsoft: Universal Event Tracking<\/title>\n<meta name=\"description\" content=\"O Guia Essencial para o Modo de Consentimento UET da Microsoft e Por Que o FitConsent CMP \u00e9 Crucial\" \/>\n<meta name=\"robots\" content=\"index, follow, max-snippet:-1, max-image-preview:large, max-video-preview:-1\" \/>\n<link rel=\"canonical\" href=\"https:\/\/fitconsent.com\/pt_pt\/uet-da-microsoft-universal-event-tracking\/\" \/>\n<meta property=\"og:locale\" content=\"pt_PT\" \/>\n<meta property=\"og:type\" content=\"article\" \/>\n<meta property=\"og:title\" content=\"UET da Microsoft: Universal Event Tracking\" \/>\n<meta property=\"og:description\" content=\"O Guia Essencial para o Modo de Consentimento UET da Microsoft e Por Que o FitConsent CMP \u00e9 Crucial\" \/>\n<meta property=\"og:url\" content=\"https:\/\/fitconsent.com\/pt_pt\/uet-da-microsoft-universal-event-tracking\/\" \/>\n<meta property=\"og:site_name\" content=\"FitConsent\" \/>\n<meta property=\"article:modified_time\" content=\"2025-10-21T18:52:09+00:00\" \/>\n<meta property=\"og:image\" content=\"https:\/\/fitconsent.com\/wp-content\/uploads\/2025\/10\/15.png\" \/>\n<meta name=\"twitter:card\" content=\"summary_large_image\" \/>\n<meta name=\"twitter:label1\" content=\"Tempo estimado de leitura\" \/>\n\t<meta name=\"twitter:data1\" content=\"4 minutos\" \/>\n<script type=\"application\/ld+json\" class=\"yoast-schema-graph\">{\"@context\":\"https:\/\/schema.org\",\"@graph\":[{\"@type\":\"WebPage\",\"@id\":\"https:\/\/fitconsent.com\/pt_pt\/uet-da-microsoft-universal-event-tracking\/\",\"url\":\"https:\/\/fitconsent.com\/pt_pt\/uet-da-microsoft-universal-event-tracking\/\",\"name\":\"UET da Microsoft: Universal Event Tracking\",\"isPartOf\":{\"@id\":\"https:\/\/fitconsent.com\/fr_fr\/#website\"},\"primaryImageOfPage\":{\"@id\":\"https:\/\/fitconsent.com\/pt_pt\/uet-da-microsoft-universal-event-tracking\/#primaryimage\"},\"image\":{\"@id\":\"https:\/\/fitconsent.com\/pt_pt\/uet-da-microsoft-universal-event-tracking\/#primaryimage\"},\"thumbnailUrl\":\"https:\/\/fitconsent.com\/wp-content\/uploads\/2025\/10\/15.png\",\"datePublished\":\"2025-10-21T18:52:06+00:00\",\"dateModified\":\"2025-10-21T18:52:09+00:00\",\"description\":\"O Guia Essencial para o Modo de Consentimento UET da Microsoft e Por Que o FitConsent CMP \u00e9 Crucial\",\"breadcrumb\":{\"@id\":\"https:\/\/fitconsent.com\/pt_pt\/uet-da-microsoft-universal-event-tracking\/#breadcrumb\"},\"inLanguage\":\"pt-PT\",\"potentialAction\":[{\"@type\":\"ReadAction\",\"target\":[\"https:\/\/fitconsent.com\/pt_pt\/uet-da-microsoft-universal-event-tracking\/\"]}]},{\"@type\":\"ImageObject\",\"inLanguage\":\"pt-PT\",\"@id\":\"https:\/\/fitconsent.com\/pt_pt\/uet-da-microsoft-universal-event-tracking\/#primaryimage\",\"url\":\"https:\/\/fitconsent.com\/wp-content\/uploads\/2025\/10\/15.png\",\"contentUrl\":\"https:\/\/fitconsent.com\/wp-content\/uploads\/2025\/10\/15.png\"},{\"@type\":\"BreadcrumbList\",\"@id\":\"https:\/\/fitconsent.com\/pt_pt\/uet-da-microsoft-universal-event-tracking\/#breadcrumb\",\"itemListElement\":[{\"@type\":\"ListItem\",\"position\":1,\"name\":\"Home\",\"item\":\"https:\/\/fitconsent.com\/\"},{\"@type\":\"ListItem\",\"position\":2,\"name\":\"O Guia Essencial para o Modo de Consentimento UET da Microsoft e Por Que o FitConsent CMP \u00e9 Crucial\"}]},{\"@type\":\"WebSite\",\"@id\":\"https:\/\/fitconsent.com\/fr_fr\/#website\",\"url\":\"https:\/\/fitconsent.com\/fr_fr\/\",\"name\":\"FitConsent\",\"description\":\"By DIGITLOAD\",\"publisher\":{\"@id\":\"https:\/\/fitconsent.com\/fr_fr\/#organization\"},\"potentialAction\":[{\"@type\":\"SearchAction\",\"target\":{\"@type\":\"EntryPoint\",\"urlTemplate\":\"https:\/\/fitconsent.com\/fr_fr\/?s={search_term_string}\"},\"query-input\":{\"@type\":\"PropertyValueSpecification\",\"valueRequired\":true,\"valueName\":\"search_term_string\"}}],\"inLanguage\":\"pt-PT\"},{\"@type\":\"Organization\",\"@id\":\"https:\/\/fitconsent.com\/fr_fr\/#organization\",\"name\":\"DIGITLOAD\",\"url\":\"https:\/\/fitconsent.com\/fr_fr\/\",\"logo\":{\"@type\":\"ImageObject\",\"inLanguage\":\"pt-PT\",\"@id\":\"https:\/\/fitconsent.com\/fr_fr\/#\/schema\/logo\/image\/\",\"url\":\"https:\/\/fitconsent.com\/wp-content\/uploads\/2025\/08\/cropped-icon.png\",\"contentUrl\":\"https:\/\/fitconsent.com\/wp-content\/uploads\/2025\/08\/cropped-icon.png\",\"width\":512,\"height\":512,\"caption\":\"DIGITLOAD\"},\"image\":{\"@id\":\"https:\/\/fitconsent.com\/fr_fr\/#\/schema\/logo\/image\/\"}}]}<\/script>\n<!-- \/ Yoast SEO plugin. -->","yoast_head_json":{"title":"UET da Microsoft: Universal Event Tracking","description":"O Guia Essencial para o Modo de Consentimento UET da Microsoft e Por Que o FitConsent CMP \u00e9 Crucial","robots":{"index":"index","follow":"follow","max-snippet":"max-snippet:-1","max-image-preview":"max-image-preview:large","max-video-preview":"max-video-preview:-1"},"canonical":"https:\/\/fitconsent.com\/pt_pt\/uet-da-microsoft-universal-event-tracking\/","og_locale":"pt_PT","og_type":"article","og_title":"UET da Microsoft: Universal Event Tracking","og_description":"O Guia Essencial para o Modo de Consentimento UET da Microsoft e Por Que o FitConsent CMP \u00e9 Crucial","og_url":"https:\/\/fitconsent.com\/pt_pt\/uet-da-microsoft-universal-event-tracking\/","og_site_name":"FitConsent","article_modified_time":"2025-10-21T18:52:09+00:00","og_image":[{"url":"https:\/\/fitconsent.com\/wp-content\/uploads\/2025\/10\/15.png","type":"","width":"","height":""}],"twitter_card":"summary_large_image","twitter_misc":{"Tempo estimado de leitura":"4 minutos"},"schema":{"@context":"https:\/\/schema.org","@graph":[{"@type":"WebPage","@id":"https:\/\/fitconsent.com\/pt_pt\/uet-da-microsoft-universal-event-tracking\/","url":"https:\/\/fitconsent.com\/pt_pt\/uet-da-microsoft-universal-event-tracking\/","name":"UET da Microsoft: Universal Event Tracking","isPartOf":{"@id":"https:\/\/fitconsent.com\/fr_fr\/#website"},"primaryImageOfPage":{"@id":"https:\/\/fitconsent.com\/pt_pt\/uet-da-microsoft-universal-event-tracking\/#primaryimage"},"image":{"@id":"https:\/\/fitconsent.com\/pt_pt\/uet-da-microsoft-universal-event-tracking\/#primaryimage"},"thumbnailUrl":"https:\/\/fitconsent.com\/wp-content\/uploads\/2025\/10\/15.png","datePublished":"2025-10-21T18:52:06+00:00","dateModified":"2025-10-21T18:52:09+00:00","description":"O Guia Essencial para o Modo de Consentimento UET da Microsoft e Por Que o FitConsent CMP \u00e9 Crucial","breadcrumb":{"@id":"https:\/\/fitconsent.com\/pt_pt\/uet-da-microsoft-universal-event-tracking\/#breadcrumb"},"inLanguage":"pt-PT","potentialAction":[{"@type":"ReadAction","target":["https:\/\/fitconsent.com\/pt_pt\/uet-da-microsoft-universal-event-tracking\/"]}]},{"@type":"ImageObject","inLanguage":"pt-PT","@id":"https:\/\/fitconsent.com\/pt_pt\/uet-da-microsoft-universal-event-tracking\/#primaryimage","url":"https:\/\/fitconsent.com\/wp-content\/uploads\/2025\/10\/15.png","contentUrl":"https:\/\/fitconsent.com\/wp-content\/uploads\/2025\/10\/15.png"},{"@type":"BreadcrumbList","@id":"https:\/\/fitconsent.com\/pt_pt\/uet-da-microsoft-universal-event-tracking\/#breadcrumb","itemListElement":[{"@type":"ListItem","position":1,"name":"Home","item":"https:\/\/fitconsent.com\/"},{"@type":"ListItem","position":2,"name":"O Guia Essencial para o Modo de Consentimento UET da Microsoft e Por Que o FitConsent CMP \u00e9 Crucial"}]},{"@type":"WebSite","@id":"https:\/\/fitconsent.com\/fr_fr\/#website","url":"https:\/\/fitconsent.com\/fr_fr\/","name":"FitConsent","description":"By DIGITLOAD","publisher":{"@id":"https:\/\/fitconsent.com\/fr_fr\/#organization"},"potentialAction":[{"@type":"SearchAction","target":{"@type":"EntryPoint","urlTemplate":"https:\/\/fitconsent.com\/fr_fr\/?s={search_term_string}"},"query-input":{"@type":"PropertyValueSpecification","valueRequired":true,"valueName":"search_term_string"}}],"inLanguage":"pt-PT"},{"@type":"Organization","@id":"https:\/\/fitconsent.com\/fr_fr\/#organization","name":"DIGITLOAD","url":"https:\/\/fitconsent.com\/fr_fr\/","logo":{"@type":"ImageObject","inLanguage":"pt-PT","@id":"https:\/\/fitconsent.com\/fr_fr\/#\/schema\/logo\/image\/","url":"https:\/\/fitconsent.com\/wp-content\/uploads\/2025\/08\/cropped-icon.png","contentUrl":"https:\/\/fitconsent.com\/wp-content\/uploads\/2025\/08\/cropped-icon.png","width":512,"height":512,"caption":"DIGITLOAD"},"image":{"@id":"https:\/\/fitconsent.com\/fr_fr\/#\/schema\/logo\/image\/"}}]}},"_links":{"self":[{"href":"https:\/\/fitconsent.com\/pt_pt\/wp-json\/wp\/v2\/pages\/2083","targetHints":{"allow":["GET"]}}],"collection":[{"href":"https:\/\/fitconsent.com\/pt_pt\/wp-json\/wp\/v2\/pages"}],"about":[{"href":"https:\/\/fitconsent.com\/pt_pt\/wp-json\/wp\/v2\/types\/page"}],"author":[{"embeddable":true,"href":"https:\/\/fitconsent.com\/pt_pt\/wp-json\/wp\/v2\/users\/5"}],"replies":[{"embeddable":true,"href":"https:\/\/fitconsent.com\/pt_pt\/wp-json\/wp\/v2\/comments?post=2083"}],"version-history":[{"count":1,"href":"https:\/\/fitconsent.com\/pt_pt\/wp-json\/wp\/v2\/pages\/2083\/revisions"}],"predecessor-version":[{"id":2084,"href":"https:\/\/fitconsent.com\/pt_pt\/wp-json\/wp\/v2\/pages\/2083\/revisions\/2084"}],"wp:attachment":[{"href":"https:\/\/fitconsent.com\/pt_pt\/wp-json\/wp\/v2\/media?parent=2083"}],"curies":[{"name":"wp","href":"https:\/\/api.w.org\/{rel}","templated":true}]}}