{"id":2023,"date":"2025-10-21T14:30:57","date_gmt":"2025-10-21T14:30:57","guid":{"rendered":"https:\/\/fitconsent.com\/?page_id=2023"},"modified":"2025-12-19T14:53:22","modified_gmt":"2025-12-19T14:53:22","slug":"google-consent-mode-v2-explicado-2","status":"publish","type":"page","link":"https:\/\/fitconsent.com\/pt_pt\/google-consent-mode-v2-explicado-2\/","title":{"rendered":"Google Consent Mode V2 Explicado: Adapta\u00e7\u00e3o de An\u00e1lise e Publicidade ao Consentimento do Usu\u00e1rio"},"content":{"rendered":"\n<p>O cen\u00e1rio da publicidade e an\u00e1lise digital foi profundamente remodelado por regulamenta\u00e7\u00f5es de privacidade como o <a href=\"https:\/\/fitconsent.com\/pt_pt\/rgpd-regulamento-geral-sobre-a-protecao-de-dados-explicado\/\">RGPD<\/a> e o <a href=\"https:\/\/fitconsent.com\/pt_pt\/ccpa-cpra-consumidores-da-california-e-privacidade-de-dados\/\">CCPA<\/a>. Em resposta, o Google introduziu o <strong>Consent Mode<\/strong>, uma ferramenta poderosa projetada para ajudar os propriet\u00e1rios de sites a ajustar o comportamento de suas tags do Google (como Google Analytics e Google Ads) com base nas prefer\u00eancias de consentimento do usu\u00e1rio, incluindo a implementa\u00e7\u00e3o do <a href=\"https:\/\/developers.google.com\/tag-platform\/security\/guides\/consent?consentmode=advanced\" target=\"_blank\" rel=\"noreferrer noopener\">Modo de Consentimento Avan\u00e7ado<\/a>, mantendo a coleta de dados e respeitando a privacidade. A recente atualiza\u00e7\u00e3o, <strong>Google Consent Mode V2<\/strong>, traz recursos ainda mais robustos e est\u00e1 se tornando essencial para aqueles que visam usu\u00e1rios no Espa\u00e7o Econ\u00f4mico Europeu (EEE).<\/p>\n\n\n\n<figure class=\"wp-block-image aligncenter size-full\"><img loading=\"lazy\" decoding=\"async\" width=\"800\" height=\"680\" src=\"https:\/\/fitconsent.com\/wp-content\/uploads\/2025\/10\/14.png\" alt=\"Google Consent Mode V2\" class=\"wp-image-1965\" srcset=\"https:\/\/fitconsent.com\/wp-content\/uploads\/2025\/10\/14.png 800w, https:\/\/fitconsent.com\/wp-content\/uploads\/2025\/10\/14-300x255.png 300w, https:\/\/fitconsent.com\/wp-content\/uploads\/2025\/10\/14-768x653.png 768w, https:\/\/fitconsent.com\/wp-content\/uploads\/2025\/10\/14-600x510.png 600w\" sizes=\"auto, (max-width: 800px) 100vw, 800px\" \/><\/figure>\n\n\n\n<h3 class=\"wp-block-heading\">O que \u00e9 o Google Consent Mode V2?<\/h3>\n\n\n\n<p>O Google Consent Mode V2 \u00e9 um mecanismo que permite comunicar as escolhas de consentimento dos usu\u00e1rios em rela\u00e7\u00e3o a cookies e identificadores de aplicativos ao Google. Quando um usu\u00e1rio acessa seu site, suas escolhas de consentimento (por exemplo, para cookies de an\u00e1lise, cookies de publicidade) s\u00e3o capturadas por uma <a href=\"https:\/\/fitconsent.com\/pt_pt\/plataforma-de-gestao-de-consentimento-do-utilizador-cmp\/\">Plataforma de Gerenciamento de Consentimento (CMP)<\/a>. O Google Consent Mode V2 ent\u00e3o usa esses sinais e ajusta dinamicamente como suas tags do Google s\u00e3o acionadas e coletam dados.<\/p>\n\n\n\n<p>Crucialmente, mesmo que um usu\u00e1rio negue o consentimento para cookies de publicidade ou an\u00e1lise, o Consent Mode V2 n\u00e3o simplesmente bloqueia todos os dados. Em vez disso, ele envia pings sem cookies ao Google, fornecendo <strong>dados agregados e anonimizados<\/strong>. Isso permite que o Google use o aprendizado de m\u00e1quina para <em>modelar<\/em> convers\u00f5es perdidas e comportamento do site, ajudando voc\u00ea a manter uma compreens\u00e3o mais abrangente do desempenho de suas campanhas e das jornadas do usu\u00e1rio, tudo isso respeitando as escolhas de privacidade.<\/p>\n\n\n\n<h4 class=\"wp-block-heading\">Principais Par\u00e2metros de Consentimento na V2:<\/h4>\n\n\n\n<p>O Google Consent Mode V2 introduziu dois novos par\u00e2metros al\u00e9m dos existentes:<\/p>\n\n\n\n<ul class=\"wp-block-list\">\n<li><strong><code>ad_storage<\/code><\/strong>: Controla o consentimento para cookies relacionados \u00e0 publicidade (por exemplo, para remarketing).<\/li>\n\n\n\n<li><strong><code>analytics_storage<\/code><\/strong>: Controla o consentimento para cookies relacionados \u00e0 an\u00e1lise (por exemplo, para Google Analytics).<\/li>\n\n\n\n<li><strong><code>ad_user_data<\/code> (NOVO)<\/strong>: Controla o consentimento para o envio de dados do usu\u00e1rio ao Google para fins de publicidade.<\/li>\n\n\n\n<li><strong><code>ad_personalization<\/code> (NOVO)<\/strong>: Controla o consentimento para publicidade personalizada (por exemplo, remarketing).<\/li>\n<\/ul>\n\n\n\n<p>A implementa\u00e7\u00e3o correta desses par\u00e2metros \u00e9 vital, especialmente para empresas que operam no EEE, onde est\u00e1 se tornando um requisito de fato para o uso eficaz dos servi\u00e7os de publicidade e an\u00e1lise do Google.<\/p>\n\n\n\n<h3 class=\"wp-block-heading\">Por que o Google Consent Mode V2 \u00e9 Importante?<\/h3>\n\n\n\n<ol start=\"1\" class=\"wp-block-list\">\n<li><strong>Conformidade:<\/strong> \u00c9 uma ferramenta cr\u00edtica para cumprir regulamenta\u00e7\u00f5es de privacidade rigorosas como o <a href=\"https:\/\/fitconsent.com\/pt_pt\/rgpd-regulamento-geral-sobre-a-protecao-de-dados-explicado\/\">RGPD<\/a> e a Diretiva ePrivacy no EEE, e cada vez mais relevante para outros frameworks de privacidade globalmente.<\/li>\n\n\n\n<li><strong>Continuidade dos Dados:<\/strong> Ele permite que voc\u00ea recupere alguns dos sinais de dados que de outra forma seriam perdidos devido \u00e0 nega\u00e7\u00e3o de consentimento do usu\u00e1rio, fornecendo relat\u00f3rios e otimiza\u00e7\u00e3o mais precisos para suas campanhas do Google Ads e dados do Google Analytics.<\/li>\n\n\n\n<li><strong>Maior Confian\u00e7a do Usu\u00e1rio:<\/strong> Ao respeitar visivelmente e funcionalmente as escolhas do usu\u00e1rio, voc\u00ea constr\u00f3i confian\u00e7a com seu p\u00fablico, o que \u00e9 cada vez mais valioso em um mundo consciente da privacidade.<\/li>\n\n\n\n<li><strong>Prepara\u00e7\u00e3o para o Futuro:<\/strong> \u00c0 medida que as regulamenta\u00e7\u00f5es de privacidade evoluem, o Consent Mode V2 posiciona as empresas para se adaptarem mais prontamente, movendo-se em dire\u00e7\u00e3o a um futuro de medi\u00e7\u00e3o que prioriza a privacidade.<\/li>\n<\/ol>\n\n\n\n<h3 class=\"wp-block-heading\">O Papel Cr\u00edtico da FitConsent CMP no Gerenciamento do Google Consent Mode V2<\/h3>\n\n\n\n<p>A implementa\u00e7\u00e3o correta do Google Consent Mode V2 requer uma <strong><a href=\"https:\/\/fitconsent.com\/pt_pt\/plataforma-de-gestao-de-consentimento-do-utilizador-cmp\/\">Plataforma de Gerenciamento de Consentimento (CMP)<\/a><\/strong> robusta e confi\u00e1vel. \u00c9 aqui que a <a href=\"https:\/\/fitconsent.com\/pt_pt\/gerenciamento-de-consentimento-do-usuario-cmp-gdpr-ccpa\/?lang=pt_PT\">FitConsent<\/a> CMP se torna indispens\u00e1vel, oferecendo funcionalidade poderosa e not\u00e1vel facilidade de uso para todos os sites, com vantagens espec\u00edficas para usu\u00e1rios do WordPress.<\/p>\n\n\n\n<h4 class=\"wp-block-heading\">Para Todos os Sites: Integra\u00e7\u00e3o Perfeita e Controle Abrangente<\/h4>\n\n\n\n<p>A <a href=\"https:\/\/fitconsent.com\/pt_pt\/gerenciamento-de-consentimento-do-usuario-cmp-gdpr-ccpa\/?lang=pt_PT\">FitConsent<\/a> CMP \u00e9 projetada para se integrar perfeitamente com o Google Consent Mode V2. Veja como ela garante uma implementa\u00e7\u00e3o eficaz:<\/p>\n\n\n\n<ul class=\"wp-block-list\">\n<li><strong>Captura Precisa do Consentimento:<\/strong> O banner da <a href=\"https:\/\/fitconsent.com\/pt_pt\/gerenciamento-de-consentimento-do-usuario-cmp-gdpr-ccpa\/?lang=pt_PT\">FitConsent<\/a> coleta o consentimento granular dos usu\u00e1rios, garantindo que todas as bases legais exigidas (<code>ad_storage<\/code>, <code>analytics_storage<\/code>, <code>ad_user_data<\/code>, <code>ad_personalization<\/code> do <a href=\"https:\/\/fitconsent.com\/pt_pt\/rgpd-regulamento-geral-sobre-a-protecao-de-dados-explicado\/\">RGPD<\/a>, etc.) sejam capturadas corretamente.<\/li>\n\n\n\n<li><strong>Transmiss\u00e3o Autom\u00e1tica de Sinais:<\/strong> A <a href=\"https:\/\/fitconsent.com\/pt_pt\/gerenciamento-de-consentimento-do-usuario-cmp-gdpr-ccpa\/?lang=pt_PT\">FitConsent<\/a> traduz automaticamente as escolhas do usu\u00e1rio nos sinais de consentimento espec\u00edficos exigidos pelo Google Consent Mode V2 e os envia para suas tags do Google <em>antes<\/em> que qualquer dado seja coletado. Isso garante que as tags do Google ajustem seu comportamento instantaneamente e apropriadamente.<\/li>\n\n\n\n<li><strong>Interface Amig\u00e1vel:<\/strong> Mesmo com as complexidades t\u00e9cnicas do Consent Mode V2, a <a href=\"https:\/\/fitconsent.com\/pt_pt\/gerenciamento-de-consentimento-do-usuario-cmp-gdpr-ccpa\/?lang=pt_PT\">FitConsent<\/a> fornece uma interface intuitiva para gerenciar as categorias de consentimento e garantir a conformidade do seu site.<\/li>\n\n\n\n<li><strong>Rastreamento de Auditoria e Responsabilidade:<\/strong> A <a href=\"https:\/\/fitconsent.com\/pt_pt\/gerenciamento-de-consentimento-do-usuario-cmp-gdpr-ccpa\/?lang=pt_PT\">FitConsent<\/a> mant\u00e9m um registro abrangente de todas as escolhas de consentimento do usu\u00e1rio, fornecendo o rastreamento de auditoria essencial exigido pelas regulamenta\u00e7\u00f5es de privacidade para demonstrar conformidade.<\/li>\n<\/ul>\n\n\n\n<h4 class=\"wp-block-heading\">Para Sites WordPress: Compatibilidade Poderosa e Simples<\/h4>\n\n\n\n<p>Para o vasto ecossistema de sites WordPress, a <a href=\"https:\/\/fitconsent.com\/pt_pt\/gerenciamento-de-consentimento-do-usuario-cmp-gdpr-ccpa\/?lang=pt_PT\">FitConsent<\/a> oferece uma solu\u00e7\u00e3o \u00fanica, poderosa e simples:<\/p>\n\n\n\n<ul class=\"wp-block-list\">\n<li><strong>Plugin Dedicado para WordPress:<\/strong> A <a href=\"https:\/\/fitconsent.com\/pt_pt\/gerenciamento-de-consentimento-do-usuario-cmp-gdpr-ccpa\/?lang=pt_PT\">FitConsent<\/a> oferece um <a href=\"https:\/\/wordpress.org\/plugins\/fitconsent-cmp\/#description\">plugin<\/a> dedicado para WordPress que torna incrivelmente f\u00e1cil adicionar o banner da <a href=\"https:\/\/fitconsent.com\/pt_pt\/gerenciamento-de-consentimento-do-usuario-cmp-gdpr-ccpa\/?lang=pt_PT\">FitConsent<\/a> ao seu site WordPress. Nenhuma codifica\u00e7\u00e3o \u00e9 necess\u00e1ria; o <a href=\"https:\/\/wordpress.org\/plugins\/fitconsent-cmp\/#description\">plugin<\/a> lida com a integra\u00e7\u00e3o t\u00e9cnica.<\/li>\n\n\n\n<li><strong>Compatibilidade Autom\u00e1tica e Pronta para Uso com a API de Consentimento do WP:<\/strong> Este \u00e9 um diferencial chave. A <a href=\"https:\/\/fitconsent.com\/pt_pt\/gerenciamento-de-consentimento-do-usuario-cmp-gdpr-ccpa\/?lang=pt_PT\">FitConsent<\/a> \u00e9 constru\u00edda com compatibilidade autom\u00e1tica e pronta para uso com a <strong>API de Consentimento do WP<\/strong>. A API de Consentimento do WP \u00e9 uma estrutura padronizada dentro do WordPress que permite que diferentes plugins (por exemplo, de an\u00e1lise, publicidade ou <a href=\"https:\/\/fitconsent.com\/pt_pt\/plataforma-de-gestao-de-consentimento-do-utilizador-cmp\/\">CMPs<\/a>) comuniquem os status de consentimento de forma uniforme.<\/li>\n\n\n\n<li><strong>Integra\u00e7\u00e3o Perfeita com o Google Site Kit:<\/strong> Crucialmente, a <strong>API de Consentimento do WP \u00e9 o padr\u00e3o usado pelo Google Site Kit<\/strong>. Isso significa que, ao usar a <a href=\"https:\/\/fitconsent.com\/pt_pt\/gerenciamento-de-consentimento-do-usuario-cmp-gdpr-ccpa\/?lang=pt_PT\">FitConsent<\/a> em seu site WordPress, ela se comunica direta e confiavelmente com o Google Site Kit via API de Consentimento do WP. Esta integra\u00e7\u00e3o garante que o Google Site Kit receba e respeite com precis\u00e3o as escolhas de consentimento do usu\u00e1rio, ativando efetivamente o Google Consent Mode V2 sem configura\u00e7\u00f5es manuais complexas. Esta integra\u00e7\u00e3o \u00e9 vital para propriet\u00e1rios de sites que dependem do Google Site Kit para o gerenciamento simplificado do Google Analytics, Google Ads e outros servi\u00e7os do Google.<\/li>\n<\/ul>\n\n\n\n<p><strong>Em ess\u00eancia, para usu\u00e1rios do WordPress, a <a href=\"https:\/\/fitconsent.com\/pt_pt\/gerenciamento-de-consentimento-do-usuario-cmp-gdpr-ccpa\/?lang=pt_PT\">FitConsent<\/a> elimina as suposi\u00e7\u00f5es e os obst\u00e1culos t\u00e9cnicos da implementa\u00e7\u00e3o do Google Consent Mode V2.<\/strong> Ela fornece uma solu\u00e7\u00e3o robusta, compat\u00edvel e f\u00e1cil de gerenciar que funciona harmoniosamente com outras ferramentas essenciais do WordPress e do Google, garantindo que voc\u00ea permane\u00e7a compat\u00edvel enquanto maximiza seus insights de dados.<\/p>\n\n\n\n<p><strong>Conclus\u00e3o:<\/strong><\/p>\n\n\n\n<p>O Google Consent Mode V2 \u00e9 uma ferramenta indispens\u00e1vel para empresas que buscam conformidade com a privacidade e medi\u00e7\u00e3o de dados eficaz no cen\u00e1rio digital atual. A parceria com uma <a href=\"https:\/\/fitconsent.com\/pt_pt\/plataforma-de-gestao-de-consentimento-do-utilizador-cmp\/\">CMP<\/a> abrangente como a <a href=\"https:\/\/fitconsent.com\/pt_pt\/gerenciamento-de-consentimento-do-usuario-cmp-gdpr-ccpa\/?lang=pt_PT\">FitConsent<\/a> fornece a ponte crucial entre o consentimento do usu\u00e1rio e as poderosas capacidades de medi\u00e7\u00e3o do Google. Para usu\u00e1rios do WordPress, a profunda integra\u00e7\u00e3o da <a href=\"https:\/\/fitconsent.com\/pt_pt\/gerenciamento-de-consentimento-do-usuario-cmp-gdpr-ccpa\/?lang=pt_PT\">FitConsent<\/a> com a API de Consentimento do WP e o Google Site Kit a torna a solu\u00e7\u00e3o ideal para uma coleta de dados compat\u00edvel e sem complica\u00e7\u00f5es.<\/p>\n","protected":false},"excerpt":{"rendered":"<p>O cen\u00e1rio da publicidade e an\u00e1lise digital foi profundamente remodelado por regulamenta\u00e7\u00f5es de privacidade como o RGPD e o CCPA. Em resposta, o Google introduziu o Consent Mode, uma ferramenta poderosa projetada para ajudar os propriet\u00e1rios de sites a ajustar o comportamento de suas tags do Google (como Google Analytics e Google Ads) com base [&hellip;]<\/p>\n","protected":false},"author":5,"featured_media":0,"parent":0,"menu_order":0,"comment_status":"closed","ping_status":"closed","template":"","meta":{"_fitconsent_language":"pt_PT","_fitconsent_translation_group":"1964","footnotes":""},"class_list":["post-2023","page","type-page","status-publish","hentry"],"yoast_head":"<!-- This site is optimized with the Yoast SEO plugin v27.2 - https:\/\/yoast.com\/product\/yoast-seo-wordpress\/ -->\n<title>Google Consent Mode V2 Explicado<\/title>\n<meta name=\"description\" content=\"Google Consent Mode V2 Explicado: Adapta\u00e7\u00e3o de An\u00e1lise e Publicidade ao Consentimento do Usu\u00e1rio\" \/>\n<meta name=\"robots\" content=\"index, follow, max-snippet:-1, max-image-preview:large, max-video-preview:-1\" \/>\n<link rel=\"canonical\" href=\"https:\/\/fitconsent.com\/pt_pt\/google-consent-mode-v2-explicado-2\/\" \/>\n<meta property=\"og:locale\" content=\"pt_PT\" \/>\n<meta property=\"og:type\" content=\"article\" \/>\n<meta property=\"og:title\" content=\"Google Consent Mode V2 Explicado\" \/>\n<meta property=\"og:description\" content=\"Google Consent Mode V2 Explicado: Adapta\u00e7\u00e3o de An\u00e1lise e Publicidade ao Consentimento do Usu\u00e1rio\" \/>\n<meta property=\"og:url\" content=\"https:\/\/fitconsent.com\/pt_pt\/google-consent-mode-v2-explicado-2\/\" \/>\n<meta property=\"og:site_name\" content=\"FitConsent\" \/>\n<meta property=\"article:modified_time\" content=\"2025-12-19T14:53:22+00:00\" \/>\n<meta property=\"og:image\" content=\"https:\/\/fitconsent.com\/wp-content\/uploads\/2025\/10\/14.png\" \/>\n\t<meta property=\"og:image:width\" content=\"800\" \/>\n\t<meta property=\"og:image:height\" content=\"680\" \/>\n\t<meta property=\"og:image:type\" content=\"image\/png\" \/>\n<meta name=\"twitter:card\" content=\"summary_large_image\" \/>\n<meta name=\"twitter:label1\" content=\"Tempo estimado de leitura\" \/>\n\t<meta name=\"twitter:data1\" content=\"6 minutos\" \/>\n<script type=\"application\/ld+json\" class=\"yoast-schema-graph\">{\"@context\":\"https:\/\/schema.org\",\"@graph\":[{\"@type\":\"WebPage\",\"@id\":\"https:\/\/fitconsent.com\/pt_pt\/google-consent-mode-v2-explicado-2\/\",\"url\":\"https:\/\/fitconsent.com\/pt_pt\/google-consent-mode-v2-explicado-2\/\",\"name\":\"Google Consent Mode V2 Explicado\",\"isPartOf\":{\"@id\":\"https:\/\/fitconsent.com\/fr_fr\/#website\"},\"primaryImageOfPage\":{\"@id\":\"https:\/\/fitconsent.com\/pt_pt\/google-consent-mode-v2-explicado-2\/#primaryimage\"},\"image\":{\"@id\":\"https:\/\/fitconsent.com\/pt_pt\/google-consent-mode-v2-explicado-2\/#primaryimage\"},\"thumbnailUrl\":\"https:\/\/fitconsent.com\/wp-content\/uploads\/2025\/10\/14.png\",\"datePublished\":\"2025-10-21T14:30:57+00:00\",\"dateModified\":\"2025-12-19T14:53:22+00:00\",\"description\":\"Google Consent Mode V2 Explicado: Adapta\u00e7\u00e3o de An\u00e1lise e Publicidade ao Consentimento do Usu\u00e1rio\",\"breadcrumb\":{\"@id\":\"https:\/\/fitconsent.com\/pt_pt\/google-consent-mode-v2-explicado-2\/#breadcrumb\"},\"inLanguage\":\"pt-PT\",\"potentialAction\":[{\"@type\":\"ReadAction\",\"target\":[\"https:\/\/fitconsent.com\/pt_pt\/google-consent-mode-v2-explicado-2\/\"]}]},{\"@type\":\"ImageObject\",\"inLanguage\":\"pt-PT\",\"@id\":\"https:\/\/fitconsent.com\/pt_pt\/google-consent-mode-v2-explicado-2\/#primaryimage\",\"url\":\"https:\/\/fitconsent.com\/wp-content\/uploads\/2025\/10\/14.png\",\"contentUrl\":\"https:\/\/fitconsent.com\/wp-content\/uploads\/2025\/10\/14.png\"},{\"@type\":\"BreadcrumbList\",\"@id\":\"https:\/\/fitconsent.com\/pt_pt\/google-consent-mode-v2-explicado-2\/#breadcrumb\",\"itemListElement\":[{\"@type\":\"ListItem\",\"position\":1,\"name\":\"Home\",\"item\":\"https:\/\/fitconsent.com\/\"},{\"@type\":\"ListItem\",\"position\":2,\"name\":\"Google Consent Mode V2 Explicado: Adapta\u00e7\u00e3o de An\u00e1lise e Publicidade ao Consentimento do Usu\u00e1rio\"}]},{\"@type\":\"WebSite\",\"@id\":\"https:\/\/fitconsent.com\/fr_fr\/#website\",\"url\":\"https:\/\/fitconsent.com\/fr_fr\/\",\"name\":\"FitConsent\",\"description\":\"By DIGITLOAD\",\"publisher\":{\"@id\":\"https:\/\/fitconsent.com\/fr_fr\/#organization\"},\"potentialAction\":[{\"@type\":\"SearchAction\",\"target\":{\"@type\":\"EntryPoint\",\"urlTemplate\":\"https:\/\/fitconsent.com\/fr_fr\/?s={search_term_string}\"},\"query-input\":{\"@type\":\"PropertyValueSpecification\",\"valueRequired\":true,\"valueName\":\"search_term_string\"}}],\"inLanguage\":\"pt-PT\"},{\"@type\":\"Organization\",\"@id\":\"https:\/\/fitconsent.com\/fr_fr\/#organization\",\"name\":\"DIGITLOAD\",\"url\":\"https:\/\/fitconsent.com\/fr_fr\/\",\"logo\":{\"@type\":\"ImageObject\",\"inLanguage\":\"pt-PT\",\"@id\":\"https:\/\/fitconsent.com\/fr_fr\/#\/schema\/logo\/image\/\",\"url\":\"https:\/\/fitconsent.com\/wp-content\/uploads\/2025\/08\/cropped-icon.png\",\"contentUrl\":\"https:\/\/fitconsent.com\/wp-content\/uploads\/2025\/08\/cropped-icon.png\",\"width\":512,\"height\":512,\"caption\":\"DIGITLOAD\"},\"image\":{\"@id\":\"https:\/\/fitconsent.com\/fr_fr\/#\/schema\/logo\/image\/\"}}]}<\/script>\n<!-- \/ Yoast SEO plugin. -->","yoast_head_json":{"title":"Google Consent Mode V2 Explicado","description":"Google Consent Mode V2 Explicado: Adapta\u00e7\u00e3o de An\u00e1lise e Publicidade ao Consentimento do Usu\u00e1rio","robots":{"index":"index","follow":"follow","max-snippet":"max-snippet:-1","max-image-preview":"max-image-preview:large","max-video-preview":"max-video-preview:-1"},"canonical":"https:\/\/fitconsent.com\/pt_pt\/google-consent-mode-v2-explicado-2\/","og_locale":"pt_PT","og_type":"article","og_title":"Google Consent Mode V2 Explicado","og_description":"Google Consent Mode V2 Explicado: Adapta\u00e7\u00e3o de An\u00e1lise e Publicidade ao Consentimento do Usu\u00e1rio","og_url":"https:\/\/fitconsent.com\/pt_pt\/google-consent-mode-v2-explicado-2\/","og_site_name":"FitConsent","article_modified_time":"2025-12-19T14:53:22+00:00","og_image":[{"width":800,"height":680,"url":"https:\/\/fitconsent.com\/wp-content\/uploads\/2025\/10\/14.png","type":"image\/png"}],"twitter_card":"summary_large_image","twitter_misc":{"Tempo estimado de leitura":"6 minutos"},"schema":{"@context":"https:\/\/schema.org","@graph":[{"@type":"WebPage","@id":"https:\/\/fitconsent.com\/pt_pt\/google-consent-mode-v2-explicado-2\/","url":"https:\/\/fitconsent.com\/pt_pt\/google-consent-mode-v2-explicado-2\/","name":"Google Consent Mode V2 Explicado","isPartOf":{"@id":"https:\/\/fitconsent.com\/fr_fr\/#website"},"primaryImageOfPage":{"@id":"https:\/\/fitconsent.com\/pt_pt\/google-consent-mode-v2-explicado-2\/#primaryimage"},"image":{"@id":"https:\/\/fitconsent.com\/pt_pt\/google-consent-mode-v2-explicado-2\/#primaryimage"},"thumbnailUrl":"https:\/\/fitconsent.com\/wp-content\/uploads\/2025\/10\/14.png","datePublished":"2025-10-21T14:30:57+00:00","dateModified":"2025-12-19T14:53:22+00:00","description":"Google Consent Mode V2 Explicado: Adapta\u00e7\u00e3o de An\u00e1lise e Publicidade ao Consentimento do Usu\u00e1rio","breadcrumb":{"@id":"https:\/\/fitconsent.com\/pt_pt\/google-consent-mode-v2-explicado-2\/#breadcrumb"},"inLanguage":"pt-PT","potentialAction":[{"@type":"ReadAction","target":["https:\/\/fitconsent.com\/pt_pt\/google-consent-mode-v2-explicado-2\/"]}]},{"@type":"ImageObject","inLanguage":"pt-PT","@id":"https:\/\/fitconsent.com\/pt_pt\/google-consent-mode-v2-explicado-2\/#primaryimage","url":"https:\/\/fitconsent.com\/wp-content\/uploads\/2025\/10\/14.png","contentUrl":"https:\/\/fitconsent.com\/wp-content\/uploads\/2025\/10\/14.png"},{"@type":"BreadcrumbList","@id":"https:\/\/fitconsent.com\/pt_pt\/google-consent-mode-v2-explicado-2\/#breadcrumb","itemListElement":[{"@type":"ListItem","position":1,"name":"Home","item":"https:\/\/fitconsent.com\/"},{"@type":"ListItem","position":2,"name":"Google Consent Mode V2 Explicado: Adapta\u00e7\u00e3o de An\u00e1lise e Publicidade ao Consentimento do Usu\u00e1rio"}]},{"@type":"WebSite","@id":"https:\/\/fitconsent.com\/fr_fr\/#website","url":"https:\/\/fitconsent.com\/fr_fr\/","name":"FitConsent","description":"By DIGITLOAD","publisher":{"@id":"https:\/\/fitconsent.com\/fr_fr\/#organization"},"potentialAction":[{"@type":"SearchAction","target":{"@type":"EntryPoint","urlTemplate":"https:\/\/fitconsent.com\/fr_fr\/?s={search_term_string}"},"query-input":{"@type":"PropertyValueSpecification","valueRequired":true,"valueName":"search_term_string"}}],"inLanguage":"pt-PT"},{"@type":"Organization","@id":"https:\/\/fitconsent.com\/fr_fr\/#organization","name":"DIGITLOAD","url":"https:\/\/fitconsent.com\/fr_fr\/","logo":{"@type":"ImageObject","inLanguage":"pt-PT","@id":"https:\/\/fitconsent.com\/fr_fr\/#\/schema\/logo\/image\/","url":"https:\/\/fitconsent.com\/wp-content\/uploads\/2025\/08\/cropped-icon.png","contentUrl":"https:\/\/fitconsent.com\/wp-content\/uploads\/2025\/08\/cropped-icon.png","width":512,"height":512,"caption":"DIGITLOAD"},"image":{"@id":"https:\/\/fitconsent.com\/fr_fr\/#\/schema\/logo\/image\/"}}]}},"_links":{"self":[{"href":"https:\/\/fitconsent.com\/pt_pt\/wp-json\/wp\/v2\/pages\/2023","targetHints":{"allow":["GET"]}}],"collection":[{"href":"https:\/\/fitconsent.com\/pt_pt\/wp-json\/wp\/v2\/pages"}],"about":[{"href":"https:\/\/fitconsent.com\/pt_pt\/wp-json\/wp\/v2\/types\/page"}],"author":[{"embeddable":true,"href":"https:\/\/fitconsent.com\/pt_pt\/wp-json\/wp\/v2\/users\/5"}],"replies":[{"embeddable":true,"href":"https:\/\/fitconsent.com\/pt_pt\/wp-json\/wp\/v2\/comments?post=2023"}],"version-history":[{"count":2,"href":"https:\/\/fitconsent.com\/pt_pt\/wp-json\/wp\/v2\/pages\/2023\/revisions"}],"predecessor-version":[{"id":2516,"href":"https:\/\/fitconsent.com\/pt_pt\/wp-json\/wp\/v2\/pages\/2023\/revisions\/2516"}],"wp:attachment":[{"href":"https:\/\/fitconsent.com\/pt_pt\/wp-json\/wp\/v2\/media?parent=2023"}],"curies":[{"name":"wp","href":"https:\/\/api.w.org\/{rel}","templated":true}]}}