{"id":1957,"date":"2025-10-18T18:36:19","date_gmt":"2025-10-18T18:36:19","guid":{"rendered":"https:\/\/fitconsent.com\/?page_id=1957"},"modified":"2025-10-21T18:58:18","modified_gmt":"2025-10-21T18:58:18","slug":"ccpa-cpra-consumidores-da-california-e-privacidade-de-dados","status":"publish","type":"page","link":"https:\/\/fitconsent.com\/pt_pt\/ccpa-cpra-consumidores-da-california-e-privacidade-de-dados\/","title":{"rendered":"O CCPA\/CPRA Explicado: Capacitando os Consumidores da Calif\u00f3rnia com Direitos de Privacidade de Dados"},"content":{"rendered":"\n<p>O <strong>California Consumer Privacy Act (CCPA)<\/strong>, em vigor desde 1\u00ba de janeiro de 2020 e significativamente expandido pelo <strong>California Privacy Rights Act (CPRA)<\/strong> em 2023, \u00e9 uma das leis estaduais de privacidade mais abrangentes dos Estados Unidos. Enquanto o <a href=\"https:\/\/fitconsent.com\/pt_pt\/rgpd-regulamento-geral-sobre-a-protecao-de-dados-explicado\/\">RGPD<\/a> foca nos residentes europeus, o CCPA\/CPRA capacita os consumidores da Calif\u00f3rnia, concedendo-lhes direitos extensivos sobre suas informa\u00e7\u00f5es pessoais e impondo obriga\u00e7\u00f5es rigorosas \u00e0s empresas que as coletam e processam.<\/p>\n\n\n\n<figure class=\"wp-block-image aligncenter size-full\"><img loading=\"lazy\" decoding=\"async\" width=\"800\" height=\"710\" src=\"https:\/\/fitconsent.com\/wp-content\/uploads\/2025\/10\/13.png\" alt=\"California Consumer Privacy Act CCPA, California Privacy Rights Act CPRA\" class=\"wp-image-1922\" srcset=\"https:\/\/fitconsent.com\/wp-content\/uploads\/2025\/10\/13.png 800w, https:\/\/fitconsent.com\/wp-content\/uploads\/2025\/10\/13-300x266.png 300w, https:\/\/fitconsent.com\/wp-content\/uploads\/2025\/10\/13-768x682.png 768w, https:\/\/fitconsent.com\/wp-content\/uploads\/2025\/10\/13-600x533.png 600w\" sizes=\"auto, (max-width: 800px) 100vw, 800px\" \/><\/figure>\n\n\n\n<h3 class=\"wp-block-heading\">O que \u00e9 o CCPA\/CPRA?<\/h3>\n\n\n\n<p>O CCPA (e seu sucessor, o CPRA) \u00e9 uma lei pioneira de privacidade que concede aos residentes da Calif\u00f3rnia (consumidores) novos direitos com rela\u00e7\u00e3o \u00e0s suas informa\u00e7\u00f5es pessoais. Ao contr\u00e1rio do <a href=\"https:\/\/fitconsent.com\/pt_pt\/rgpd-regulamento-geral-sobre-a-protecao-de-dados-explicado\/\">RGPD<\/a>, que se concentra na base legal para o processamento, o CCPA\/CPRA trata mais do controle do consumidor e da transpar\u00eancia com rela\u00e7\u00e3o a como as empresas <em>lidam<\/em> com seus dados.<\/p>\n\n\n\n<p>Geralmente se aplica a empresas com fins lucrativos que coletam informa\u00e7\u00f5es pessoais de residentes da Calif\u00f3rnia e cumprem um ou mais dos seguintes limites:<\/p>\n\n\n\n<ul class=\"wp-block-list\">\n<li>Tem receita bruta anual superior a $25 milh\u00f5es.<\/li>\n\n\n\n<li>Compra, recebe ou vende informa\u00e7\u00f5es pessoais de 100.000 ou mais consumidores ou domic\u00edlios da Calif\u00f3rnia.<\/li>\n\n\n\n<li>Deriva 50% ou mais de sua receita anual da venda ou compartilhamento de informa\u00e7\u00f5es pessoais de consumidores da Calif\u00f3rnia.<\/li>\n<\/ul>\n\n\n\n<p>&#8220;Informa\u00e7\u00f5es pessoais&#8221; sob o CCPA\/CPRA s\u00e3o amplamente definidas para incluir qualquer coisa que identifique, se relacione com, descreva, seja razoavelmente capaz de ser associada a, ou possa ser razoavelmente ligada, direta ou indiretamente, a um consumidor ou domic\u00edlio em particular.<\/p>\n\n\n\n<h3 class=\"wp-block-heading\">Principais Direitos do Consumidor sob o CCPA\/CPRA<\/h3>\n\n\n\n<p>O CCPA\/CPRA concede aos consumidores da Calif\u00f3rnia v\u00e1rios direitos poderosos:<\/p>\n\n\n\n<ol start=\"1\" class=\"wp-block-list\">\n<li><strong>Direito de Saber:<\/strong> Os consumidores t\u00eam o direito de solicitar que uma empresa divulgue as categorias e as pe\u00e7as espec\u00edficas de informa\u00e7\u00f5es pessoais que coletou, as categorias de fontes das quais as informa\u00e7\u00f5es pessoais s\u00e3o coletadas, os prop\u00f3sitos para coletar ou vender informa\u00e7\u00f5es pessoais e as categorias de terceiros com quem a empresa compartilha informa\u00e7\u00f5es pessoais.<\/li>\n\n\n\n<li><strong>Direito de Exclus\u00e3o:<\/strong> Os consumidores t\u00eam o direito de solicitar a exclus\u00e3o de informa\u00e7\u00f5es pessoais coletadas pela empresa.<\/li>\n\n\n\n<li><strong>Direito de Optar por n\u00e3o Vender\/Compartilhar (Opt-Out):<\/strong> Este \u00e9 um pilar do CCPA\/CPRA. Os consumidores t\u00eam o direito de instruir uma empresa que vende ou &#8220;compartilha&#8221; (para publicidade comportamental entre contextos) informa\u00e7\u00f5es pessoais com terceiros a n\u00e3o vender ou compartilhar suas informa\u00e7\u00f5es pessoais. As empresas devem fornecer um link claro &#8220;N\u00e3o vender nem compartilhar minhas informa\u00e7\u00f5es pessoais&#8221; em sua p\u00e1gina inicial.<\/li>\n\n\n\n<li><strong>Direito de Corre\u00e7\u00e3o:<\/strong> Os consumidores podem solicitar que as empresas corrijam informa\u00e7\u00f5es pessoais imprecisas.<\/li>\n\n\n\n<li><strong>Direito de Limitar o Uso e Divulga\u00e7\u00e3o de Informa\u00e7\u00f5es Pessoais Sens\u00edveis:<\/strong> Os consumidores podem instruir as empresas a limitar o uso e a divulga\u00e7\u00e3o de suas &#8220;informa\u00e7\u00f5es pessoais sens\u00edveis&#8221; (por exemplo, geolocaliza\u00e7\u00e3o precisa, origem racial ou \u00e9tnica, dados de sa\u00fade) apenas ao que for necess\u00e1rio para executar os servi\u00e7os ou fornecer os bens solicitados.<\/li>\n\n\n\n<li><strong>Direito \u00e0 N\u00e3o Retalia\u00e7\u00e3o:<\/strong> As empresas n\u00e3o podem discriminar um consumidor por exercer seus direitos CCPA\/CPRA.<\/li>\n<\/ol>\n\n\n\n<h3 class=\"wp-block-heading\">Implica\u00e7\u00f5es para Empresas<\/h3>\n\n\n\n<p>A conformidade com o CCPA\/CPRA exige uma mudan\u00e7a significativa nas pr\u00e1ticas de tratamento de dados para muitas empresas. Os requisitos principais incluem:<\/p>\n\n\n\n<ul class=\"wp-block-list\">\n<li>Fornecer <strong>avisos de privacidade<\/strong> claros e proeminentes detalhando a coleta e o tratamento de dados.<\/li>\n\n\n\n<li>Implementar mecanismos para que os consumidores enviem <strong>solicita\u00e7\u00f5es de acesso do titular dos dados (DSARs)<\/strong> para seus direitos.<\/li>\n\n\n\n<li>Reconhecer e honrar os sinais de controle global de privacidade, como o sinal de navegador <strong>Global Privacy Control (GPC)<\/strong>.<\/li>\n\n\n\n<li>Garantir que os prestadores de servi\u00e7os e contratados terceirizados tamb\u00e9m cumpram as regras do CCPA\/CPRA ao lidar com dados do consumidor em nome da empresa.<\/li>\n<\/ul>\n\n\n\n<p>O n\u00e3o cumprimento pode levar a penalidades significativas, incluindo danos estatut\u00e1rios de <strong>$100 a $750 por consumidor por incidente<\/strong> por viola\u00e7\u00f5es intencionais ou por n\u00e3o corrigir as viola\u00e7\u00f5es ap\u00f3s notifica\u00e7\u00e3o, bem como danos reais para os consumidores. A fiscaliza\u00e7\u00e3o \u00e9 realizada pela California Privacy Protection Agency (CPPA) e pelo Procurador-Geral da Calif\u00f3rnia.<\/p>\n\n\n\n<hr class=\"wp-block-separator has-alpha-channel-opacity\"\/>\n\n\n\n<h3 class=\"wp-block-heading\">O Papel Cr\u00edtico das Ferramentas de Consentimento e Opt-Out na Conformidade Moderna com CCPA\/CPRA<\/h3>\n\n\n\n<p>Navegar pela conformidade com o CCPA\/CPRA, especialmente enquanto se mant\u00e9m um marketing digital e uma an\u00e1lise eficazes, requer a integra\u00e7\u00e3o perfeita de ferramentas especializadas: uma robusta <a href=\"https:\/\/fitconsent.com\/pt_pt\/plataforma-de-gestao-de-consentimento-do-utilizador-cmp\/?lang=pt_PT\">Plataforma de Gest\u00e3o de Consentimento (CMP)<\/a> e a conformidade com os sinais das principais plataformas de publicidade.<\/p>\n\n\n\n<h4 class=\"wp-block-heading\">1. A Plataforma de Gest\u00e3o de Consentimento (CMP) &#8211; ex. FitConsent<\/h4>\n\n\n\n<p>Uma <a href=\"https:\/\/fitconsent.com\/pt_pt\/plataforma-de-gestao-de-consentimento-do-utilizador-cmp\/?lang=pt_PT\">CMP<\/a> como a <a href=\"http:\/\/fitconsent.com\">FitConsent<\/a> \u00e9 essencial para implementar os direitos do consumidor exigidos pelo CCPA\/CPRA. Suas fun\u00e7\u00f5es prim\u00e1rias incluem:<\/p>\n\n\n\n<ul class=\"wp-block-list\">\n<li><strong>Facilitar os Opt-Outs:<\/strong> Uma <a href=\"https:\/\/fitconsent.com\/pt_pt\/plataforma-de-gestao-de-consentimento-do-utilizador-cmp\/?lang=pt_PT\">CMP<\/a> ajuda as empresas a exibir o link obrigat\u00f3rio &#8220;N\u00e3o vender nem compartilhar minhas informa\u00e7\u00f5es pessoais&#8221; e gerencia os mecanismos subjacentes para honrar essas solicita\u00e7\u00f5es, garantindo que os dados n\u00e3o sejam vendidos ou compartilhados ap\u00f3s um opt-out.<\/li>\n\n\n\n<li><strong>Gerenciamento de Prefer\u00eancias do Usu\u00e1rio:<\/strong> Al\u00e9m dos simples opt-outs, uma <a href=\"https:\/\/fitconsent.com\/pt_pt\/plataforma-de-gestao-de-consentimento-do-utilizador-cmp\/?lang=pt_PT\">CMP<\/a> permite um controle mais granular, especialmente para limitar o uso de informa\u00e7\u00f5es pessoais sens\u00edveis, alinhando-se com os requisitos expandidos do CPRA.<\/li>\n\n\n\n<li><strong>Resposta \u00e0s DSARs (Solicita\u00e7\u00f5es de Acesso do Titular dos Dados):<\/strong> Embora n\u00e3o execute diretamente a exclus\u00e3o, uma <a href=\"https:\/\/fitconsent.com\/pt_pt\/plataforma-de-gestao-de-consentimento-do-utilizador-cmp\/?lang=pt_PT\">CMP<\/a> pode otimizar o processo de recebimento e gerenciamento das Solicita\u00e7\u00f5es de Acesso do Titular dos Dados (DSARs), fornecendo os rastros de auditoria necess\u00e1rios e ajudando as empresas a localizar dados relevantes para solicita\u00e7\u00f5es de exclus\u00e3o ou acesso.<\/li>\n\n\n\n<li><strong>Honrar Sinais GPC:<\/strong> <a href=\"https:\/\/fitconsent.com\/pt_pt\/plataforma-de-gestao-de-consentimento-do-utilizador-cmp\/?lang=pt_PT\">CMPs<\/a> modernas s\u00e3o projetadas para detectar e honrar automaticamente os sinais de Global Privacy Control (GPC) enviados pelos navegadores dos usu\u00e1rios, que o CCPA\/CPRA manda como uma solicita\u00e7\u00e3o de opt-out v\u00e1lida.<\/li>\n<\/ul>\n\n\n\n<h4 class=\"wp-block-heading\">2. Google Consent Mode V2<\/h4>\n\n\n\n<p>Embora o CCPA\/CPRA seja principalmente um regime de &#8220;opt-out&#8221; em vez de &#8220;opt-in&#8221; para muitos usos de dados (ao contr\u00e1rio da forte \u00eanfase do <a href=\"https:\/\/fitconsent.com\/pt_pt\/rgpd-regulamento-geral-sobre-a-protecao-de-dados-explicado\/\">RGPD<\/a> no consentimento), o <a href=\"https:\/\/fitconsent.com\/pt_pt\/google-consent-mode-v2-explicado-2\/\">Google Consent Mode V2<\/a> ainda desempenha um papel crucial para empresas que operam globalmente ou aquelas com necessidades de conformidade mistas:<\/p>\n\n\n\n<ul class=\"wp-block-list\">\n<li><strong>Estrutura de Conformidade Global:<\/strong> Para empresas que atendem tanto a residentes da Calif\u00f3rnia quanto da UE, uma <a href=\"https:\/\/fitconsent.com\/pt_pt\/plataforma-de-gestao-de-consentimento-do-utilizador-cmp\/?lang=pt_PT\">CMP<\/a> integrada com o <a href=\"https:\/\/fitconsent.com\/pt_pt\/google-consent-mode-v2-explicado-2\/\">Google Consent Mode V2<\/a> oferece uma abordagem unificada. Mesmo em um contexto de opt-out, ele pode ajudar a gerenciar sinais para os servi\u00e7os do Google, garantindo que as tags de an\u00e1lise e publicidade se comportem apropriadamente com base nas prefer\u00eancias do usu\u00e1rio (seja &#8220;opt-in&#8221; para o <a href=\"https:\/\/fitconsent.com\/pt_pt\/rgpd-regulamento-geral-sobre-a-protecao-de-dados-explicado\/\">RGPD<\/a> ou &#8220;opt-out&#8221; para o CCPA).<\/li>\n\n\n\n<li><strong>Adapta\u00e7\u00e3o do Comportamento das Tags:<\/strong> O <a href=\"https:\/\/fitconsent.com\/pt_pt\/google-consent-mode-v2-explicado-2\/\">Google Consent Mode V2<\/a> ainda pode modificar o comportamento das tags do Google com base nas escolhas expl\u00edcitas ou nos sinais impl\u00edcitos de opt-out recebidos, limitando a coleta de dados para publicidade, se necess\u00e1rio, apoiando assim os objetivos do CCPA\/CPRA onde aplic\u00e1vel.<\/li>\n<\/ul>\n\n\n\n<h4 class=\"wp-block-heading\">3. Microsoft UET Consent Mode<\/h4>\n\n\n\n<p>Da mesma forma, para empresas que usam o Microsoft Advertising (Bing Ads) e atendem a residentes da Calif\u00f3rnia:<\/p>\n\n\n\n<ul class=\"wp-block-list\">\n<li><strong>Respeitar Opt-Outs:<\/strong> O <a href=\"https:\/\/fitconsent.com\/pt_pt\/uet-da-microsoft-universal-event-tracking\/\">Microsoft UET Consent Mode<\/a> permite que a tag Universal Event Tracking (UET) adapte suas pr\u00e1ticas de coleta de dados com base nas prefer\u00eancias do usu\u00e1rio ou nos sinais de opt-out. Isso garante que as informa\u00e7\u00f5es pessoais n\u00e3o sejam &#8220;vendidas&#8221; ou &#8220;compartilhadas&#8221; atrav\u00e9s da tag UET de uma forma que viole o CCPA\/CPRA se um consumidor tiver optado por sair.<\/li>\n\n\n\n<li><strong>Manuten\u00e7\u00e3o de Funcionalidade Limitada:<\/strong> Ao ajustar o comportamento das tags, o UET Consent Mode permite que o rastreamento b\u00e1sico de convers\u00f5es e a medi\u00e7\u00e3o do desempenho de an\u00fancios continuem de maneira que preserve a privacidade, mesmo quando o rastreamento completo n\u00e3o \u00e9 permitido devido \u00e0s escolhas do consumidor.<\/li>\n<\/ul>\n\n\n\n<p><strong>Conclus\u00e3o sobre Ferramentas:<\/strong><\/p>\n\n\n\n<p>Para empresas que operam sob a sombra do CCPA\/CPRA, a integra\u00e7\u00e3o de uma <a href=\"https:\/\/fitconsent.com\/pt_pt\/plataforma-de-gestao-de-consentimento-do-utilizador-cmp\/?lang=pt_PT\">CMP<\/a> especializada como a <a href=\"http:\/\/fitconsent.com\">FitConsent<\/a> com a sinaliza\u00e7\u00e3o flex\u00edvel fornecida pelo <a href=\"https:\/\/fitconsent.com\/pt_pt\/google-consent-mode-v2-explicado-2\/\">Google Consent Mode V2<\/a> e <a href=\"https:\/\/fitconsent.com\/pt_pt\/uet-da-microsoft-universal-event-tracking\/\">Microsoft UET Consent Mode<\/a> \u00e9 vital. Essas ferramentas garantem n\u00e3o apenas a conformidade legal com os direitos do consumidor, mas tamb\u00e9m permitem a continua\u00e7\u00e3o de atividades essenciais de marketing e an\u00e1lise de maneira a respeitar a privacidade e ser informada por dados.<\/p>\n","protected":false},"excerpt":{"rendered":"<p>O California Consumer Privacy Act (CCPA), em vigor desde 1\u00ba de janeiro de 2020 e significativamente expandido pelo California Privacy Rights Act (CPRA) em 2023, \u00e9 uma das leis estaduais de privacidade mais abrangentes dos Estados Unidos. Enquanto o RGPD foca nos residentes europeus, o CCPA\/CPRA capacita os consumidores da Calif\u00f3rnia, concedendo-lhes direitos extensivos sobre [&hellip;]<\/p>\n","protected":false},"author":5,"featured_media":0,"parent":0,"menu_order":0,"comment_status":"closed","ping_status":"closed","template":"","meta":{"_fitconsent_language":"pt_PT","_fitconsent_translation_group":"1921","footnotes":""},"class_list":["post-1957","page","type-page","status-publish","hentry"],"yoast_head":"<!-- This site is optimized with the Yoast SEO plugin v27.2 - https:\/\/yoast.com\/product\/yoast-seo-wordpress\/ -->\n<title>CCPA\/CPRA: Consumidores da Calif\u00f3rnia e Privacidade de Dados<\/title>\n<meta name=\"description\" content=\"O CCPA\/CPRA Explicado: Capacitando os Consumidores da Calif\u00f3rnia com Direitos de Privacidade de Dados\" \/>\n<meta name=\"robots\" content=\"index, follow, max-snippet:-1, max-image-preview:large, max-video-preview:-1\" \/>\n<link rel=\"canonical\" href=\"https:\/\/fitconsent.com\/pt_pt\/ccpa-cpra-consumidores-da-california-e-privacidade-de-dados\/\" \/>\n<meta property=\"og:locale\" content=\"pt_PT\" \/>\n<meta property=\"og:type\" content=\"article\" \/>\n<meta property=\"og:title\" content=\"CCPA\/CPRA: Consumidores da Calif\u00f3rnia e Privacidade de Dados\" \/>\n<meta property=\"og:description\" content=\"O CCPA\/CPRA Explicado: Capacitando os Consumidores da Calif\u00f3rnia com Direitos de Privacidade de Dados\" \/>\n<meta property=\"og:url\" content=\"https:\/\/fitconsent.com\/pt_pt\/ccpa-cpra-consumidores-da-california-e-privacidade-de-dados\/\" \/>\n<meta property=\"og:site_name\" content=\"FitConsent\" \/>\n<meta property=\"article:modified_time\" content=\"2025-10-21T18:58:18+00:00\" \/>\n<meta property=\"og:image\" content=\"https:\/\/fitconsent.com\/wp-content\/uploads\/2025\/10\/13.png\" \/>\n<meta name=\"twitter:card\" content=\"summary_large_image\" \/>\n<meta name=\"twitter:label1\" content=\"Tempo estimado de leitura\" \/>\n\t<meta name=\"twitter:data1\" content=\"6 minutos\" \/>\n<script type=\"application\/ld+json\" class=\"yoast-schema-graph\">{\"@context\":\"https:\/\/schema.org\",\"@graph\":[{\"@type\":\"WebPage\",\"@id\":\"https:\/\/fitconsent.com\/pt_pt\/ccpa-cpra-consumidores-da-california-e-privacidade-de-dados\/\",\"url\":\"https:\/\/fitconsent.com\/pt_pt\/ccpa-cpra-consumidores-da-california-e-privacidade-de-dados\/\",\"name\":\"CCPA\/CPRA: Consumidores da Calif\u00f3rnia e Privacidade de Dados\",\"isPartOf\":{\"@id\":\"https:\/\/fitconsent.com\/fr_fr\/#website\"},\"primaryImageOfPage\":{\"@id\":\"https:\/\/fitconsent.com\/pt_pt\/ccpa-cpra-consumidores-da-california-e-privacidade-de-dados\/#primaryimage\"},\"image\":{\"@id\":\"https:\/\/fitconsent.com\/pt_pt\/ccpa-cpra-consumidores-da-california-e-privacidade-de-dados\/#primaryimage\"},\"thumbnailUrl\":\"https:\/\/fitconsent.com\/wp-content\/uploads\/2025\/10\/13.png\",\"datePublished\":\"2025-10-18T18:36:19+00:00\",\"dateModified\":\"2025-10-21T18:58:18+00:00\",\"description\":\"O CCPA\/CPRA Explicado: Capacitando os Consumidores da Calif\u00f3rnia com Direitos de Privacidade de Dados\",\"breadcrumb\":{\"@id\":\"https:\/\/fitconsent.com\/pt_pt\/ccpa-cpra-consumidores-da-california-e-privacidade-de-dados\/#breadcrumb\"},\"inLanguage\":\"pt-PT\",\"potentialAction\":[{\"@type\":\"ReadAction\",\"target\":[\"https:\/\/fitconsent.com\/pt_pt\/ccpa-cpra-consumidores-da-california-e-privacidade-de-dados\/\"]}]},{\"@type\":\"ImageObject\",\"inLanguage\":\"pt-PT\",\"@id\":\"https:\/\/fitconsent.com\/pt_pt\/ccpa-cpra-consumidores-da-california-e-privacidade-de-dados\/#primaryimage\",\"url\":\"https:\/\/fitconsent.com\/wp-content\/uploads\/2025\/10\/13.png\",\"contentUrl\":\"https:\/\/fitconsent.com\/wp-content\/uploads\/2025\/10\/13.png\"},{\"@type\":\"BreadcrumbList\",\"@id\":\"https:\/\/fitconsent.com\/pt_pt\/ccpa-cpra-consumidores-da-california-e-privacidade-de-dados\/#breadcrumb\",\"itemListElement\":[{\"@type\":\"ListItem\",\"position\":1,\"name\":\"Home\",\"item\":\"https:\/\/fitconsent.com\/\"},{\"@type\":\"ListItem\",\"position\":2,\"name\":\"O CCPA\/CPRA Explicado: Capacitando os Consumidores da Calif\u00f3rnia com Direitos de Privacidade de Dados\"}]},{\"@type\":\"WebSite\",\"@id\":\"https:\/\/fitconsent.com\/fr_fr\/#website\",\"url\":\"https:\/\/fitconsent.com\/fr_fr\/\",\"name\":\"FitConsent\",\"description\":\"By DIGITLOAD\",\"publisher\":{\"@id\":\"https:\/\/fitconsent.com\/fr_fr\/#organization\"},\"potentialAction\":[{\"@type\":\"SearchAction\",\"target\":{\"@type\":\"EntryPoint\",\"urlTemplate\":\"https:\/\/fitconsent.com\/fr_fr\/?s={search_term_string}\"},\"query-input\":{\"@type\":\"PropertyValueSpecification\",\"valueRequired\":true,\"valueName\":\"search_term_string\"}}],\"inLanguage\":\"pt-PT\"},{\"@type\":\"Organization\",\"@id\":\"https:\/\/fitconsent.com\/fr_fr\/#organization\",\"name\":\"DIGITLOAD\",\"url\":\"https:\/\/fitconsent.com\/fr_fr\/\",\"logo\":{\"@type\":\"ImageObject\",\"inLanguage\":\"pt-PT\",\"@id\":\"https:\/\/fitconsent.com\/fr_fr\/#\/schema\/logo\/image\/\",\"url\":\"https:\/\/fitconsent.com\/wp-content\/uploads\/2025\/08\/cropped-icon.png\",\"contentUrl\":\"https:\/\/fitconsent.com\/wp-content\/uploads\/2025\/08\/cropped-icon.png\",\"width\":512,\"height\":512,\"caption\":\"DIGITLOAD\"},\"image\":{\"@id\":\"https:\/\/fitconsent.com\/fr_fr\/#\/schema\/logo\/image\/\"}}]}<\/script>\n<!-- \/ Yoast SEO plugin. -->","yoast_head_json":{"title":"CCPA\/CPRA: Consumidores da Calif\u00f3rnia e Privacidade de Dados","description":"O CCPA\/CPRA Explicado: Capacitando os Consumidores da Calif\u00f3rnia com Direitos de Privacidade de Dados","robots":{"index":"index","follow":"follow","max-snippet":"max-snippet:-1","max-image-preview":"max-image-preview:large","max-video-preview":"max-video-preview:-1"},"canonical":"https:\/\/fitconsent.com\/pt_pt\/ccpa-cpra-consumidores-da-california-e-privacidade-de-dados\/","og_locale":"pt_PT","og_type":"article","og_title":"CCPA\/CPRA: Consumidores da Calif\u00f3rnia e Privacidade de Dados","og_description":"O CCPA\/CPRA Explicado: Capacitando os Consumidores da Calif\u00f3rnia com Direitos de Privacidade de Dados","og_url":"https:\/\/fitconsent.com\/pt_pt\/ccpa-cpra-consumidores-da-california-e-privacidade-de-dados\/","og_site_name":"FitConsent","article_modified_time":"2025-10-21T18:58:18+00:00","og_image":[{"url":"https:\/\/fitconsent.com\/wp-content\/uploads\/2025\/10\/13.png","type":"","width":"","height":""}],"twitter_card":"summary_large_image","twitter_misc":{"Tempo estimado de leitura":"6 minutos"},"schema":{"@context":"https:\/\/schema.org","@graph":[{"@type":"WebPage","@id":"https:\/\/fitconsent.com\/pt_pt\/ccpa-cpra-consumidores-da-california-e-privacidade-de-dados\/","url":"https:\/\/fitconsent.com\/pt_pt\/ccpa-cpra-consumidores-da-california-e-privacidade-de-dados\/","name":"CCPA\/CPRA: Consumidores da Calif\u00f3rnia e Privacidade de Dados","isPartOf":{"@id":"https:\/\/fitconsent.com\/fr_fr\/#website"},"primaryImageOfPage":{"@id":"https:\/\/fitconsent.com\/pt_pt\/ccpa-cpra-consumidores-da-california-e-privacidade-de-dados\/#primaryimage"},"image":{"@id":"https:\/\/fitconsent.com\/pt_pt\/ccpa-cpra-consumidores-da-california-e-privacidade-de-dados\/#primaryimage"},"thumbnailUrl":"https:\/\/fitconsent.com\/wp-content\/uploads\/2025\/10\/13.png","datePublished":"2025-10-18T18:36:19+00:00","dateModified":"2025-10-21T18:58:18+00:00","description":"O CCPA\/CPRA Explicado: Capacitando os Consumidores da Calif\u00f3rnia com Direitos de Privacidade de Dados","breadcrumb":{"@id":"https:\/\/fitconsent.com\/pt_pt\/ccpa-cpra-consumidores-da-california-e-privacidade-de-dados\/#breadcrumb"},"inLanguage":"pt-PT","potentialAction":[{"@type":"ReadAction","target":["https:\/\/fitconsent.com\/pt_pt\/ccpa-cpra-consumidores-da-california-e-privacidade-de-dados\/"]}]},{"@type":"ImageObject","inLanguage":"pt-PT","@id":"https:\/\/fitconsent.com\/pt_pt\/ccpa-cpra-consumidores-da-california-e-privacidade-de-dados\/#primaryimage","url":"https:\/\/fitconsent.com\/wp-content\/uploads\/2025\/10\/13.png","contentUrl":"https:\/\/fitconsent.com\/wp-content\/uploads\/2025\/10\/13.png"},{"@type":"BreadcrumbList","@id":"https:\/\/fitconsent.com\/pt_pt\/ccpa-cpra-consumidores-da-california-e-privacidade-de-dados\/#breadcrumb","itemListElement":[{"@type":"ListItem","position":1,"name":"Home","item":"https:\/\/fitconsent.com\/"},{"@type":"ListItem","position":2,"name":"O CCPA\/CPRA Explicado: Capacitando os Consumidores da Calif\u00f3rnia com Direitos de Privacidade de Dados"}]},{"@type":"WebSite","@id":"https:\/\/fitconsent.com\/fr_fr\/#website","url":"https:\/\/fitconsent.com\/fr_fr\/","name":"FitConsent","description":"By DIGITLOAD","publisher":{"@id":"https:\/\/fitconsent.com\/fr_fr\/#organization"},"potentialAction":[{"@type":"SearchAction","target":{"@type":"EntryPoint","urlTemplate":"https:\/\/fitconsent.com\/fr_fr\/?s={search_term_string}"},"query-input":{"@type":"PropertyValueSpecification","valueRequired":true,"valueName":"search_term_string"}}],"inLanguage":"pt-PT"},{"@type":"Organization","@id":"https:\/\/fitconsent.com\/fr_fr\/#organization","name":"DIGITLOAD","url":"https:\/\/fitconsent.com\/fr_fr\/","logo":{"@type":"ImageObject","inLanguage":"pt-PT","@id":"https:\/\/fitconsent.com\/fr_fr\/#\/schema\/logo\/image\/","url":"https:\/\/fitconsent.com\/wp-content\/uploads\/2025\/08\/cropped-icon.png","contentUrl":"https:\/\/fitconsent.com\/wp-content\/uploads\/2025\/08\/cropped-icon.png","width":512,"height":512,"caption":"DIGITLOAD"},"image":{"@id":"https:\/\/fitconsent.com\/fr_fr\/#\/schema\/logo\/image\/"}}]}},"_links":{"self":[{"href":"https:\/\/fitconsent.com\/pt_pt\/wp-json\/wp\/v2\/pages\/1957","targetHints":{"allow":["GET"]}}],"collection":[{"href":"https:\/\/fitconsent.com\/pt_pt\/wp-json\/wp\/v2\/pages"}],"about":[{"href":"https:\/\/fitconsent.com\/pt_pt\/wp-json\/wp\/v2\/types\/page"}],"author":[{"embeddable":true,"href":"https:\/\/fitconsent.com\/pt_pt\/wp-json\/wp\/v2\/users\/5"}],"replies":[{"embeddable":true,"href":"https:\/\/fitconsent.com\/pt_pt\/wp-json\/wp\/v2\/comments?post=1957"}],"version-history":[{"count":3,"href":"https:\/\/fitconsent.com\/pt_pt\/wp-json\/wp\/v2\/pages\/1957\/revisions"}],"predecessor-version":[{"id":2089,"href":"https:\/\/fitconsent.com\/pt_pt\/wp-json\/wp\/v2\/pages\/1957\/revisions\/2089"}],"wp:attachment":[{"href":"https:\/\/fitconsent.com\/pt_pt\/wp-json\/wp\/v2\/media?parent=1957"}],"curies":[{"name":"wp","href":"https:\/\/api.w.org\/{rel}","templated":true}]}}