{"id":1909,"date":"2025-10-17T21:44:38","date_gmt":"2025-10-17T21:44:38","guid":{"rendered":"https:\/\/fitconsent.com\/?page_id=1909"},"modified":"2025-10-21T18:59:50","modified_gmt":"2025-10-21T18:59:50","slug":"rgpd-regulamento-geral-sobre-a-protecao-de-dados-explicado","status":"publish","type":"page","link":"https:\/\/fitconsent.com\/pt_pt\/rgpd-regulamento-geral-sobre-a-protecao-de-dados-explicado\/","title":{"rendered":"O Regulamento Geral sobre a Prote\u00e7\u00e3o de Dados (RGPD) Explicado"},"content":{"rendered":"\n<p>O <strong>Regulamento Geral sobre a Prote\u00e7\u00e3o de Dados (RGPD)<\/strong>, que entrou em vigor em maio de 2018, \u00e9 a legisla\u00e7\u00e3o de prote\u00e7\u00e3o de dados mais rigorosa e abrangente do mundo da Uni\u00e3o Europeia. O seu objetivo fundamental \u00e9 devolver aos cidad\u00e3os da UE e do EEE (Espa\u00e7o Econ\u00f3mico Europeu) o controlo sobre os seus dados pessoais e unificar o panorama regulamentar para as empresas.<\/p>\n\n\n\n<figure class=\"wp-block-image aligncenter size-full\"><img loading=\"lazy\" decoding=\"async\" width=\"800\" height=\"600\" src=\"https:\/\/fitconsent.com\/wp-content\/uploads\/2025\/10\/12.png\" alt=\"GDPR\" class=\"wp-image-1884\" srcset=\"https:\/\/fitconsent.com\/wp-content\/uploads\/2025\/10\/12.png 800w, https:\/\/fitconsent.com\/wp-content\/uploads\/2025\/10\/12-300x225.png 300w, https:\/\/fitconsent.com\/wp-content\/uploads\/2025\/10\/12-768x576.png 768w, https:\/\/fitconsent.com\/wp-content\/uploads\/2025\/10\/12-600x450.png 600w\" sizes=\"auto, (max-width: 800px) 100vw, 800px\" \/><\/figure>\n\n\n\n<h3 class=\"wp-block-heading\">O que \u00e9 o RGPD?<\/h3>\n\n\n\n<p>O RGPD \u00e9 um regulamento (UE) 2016\/679 que estabelece como os dados pessoais dos indiv\u00edduos devem ser recolhidos, utilizados, tratados e armazenados. Tem um alcance <strong>extraterritorial<\/strong>, o que significa que se aplica n\u00e3o s\u00f3 a organiza\u00e7\u00f5es sediadas na UE, mas tamb\u00e9m a qualquer empresa no mundo que trate dados pessoais de residentes na UE.<\/p>\n\n\n\n<p>Os &#8220;dados pessoais&#8221; s\u00e3o definidos de forma muito ampla, incluindo qualquer coisa que possa ser usada, direta ou indiretamente, para identificar um indiv\u00edduo (nome, endere\u00e7o de e-mail, localiza\u00e7\u00e3o, endere\u00e7o IP, informa\u00e7\u00f5es de <em>cookies<\/em>, etc.).<\/p>\n\n\n\n<h3 class=\"wp-block-heading\">Os Sete Princ\u00edpios Fundamentais do RGPD<\/h3>\n\n\n\n<p>O RGPD baseia-se em sete princ\u00edpios chave que guiam a forma como as organiza\u00e7\u00f5es devem tratar os dados:<\/p>\n\n\n\n<ol start=\"1\" class=\"wp-block-list\">\n<li><strong>Licitude, Lealdade e Transpar\u00eancia:<\/strong> Os dados devem ser tratados legalmente, justamente e de forma transparente para o indiv\u00edduo.<\/li>\n\n\n\n<li><strong>Limita\u00e7\u00e3o da Finalidade:<\/strong> Os dados devem ser recolhidos para finalidades espec\u00edficas, expl\u00edcitas e leg\u00edtimas e n\u00e3o devem ser posteriormente tratados de forma incompat\u00edvel com essas finalidades.<\/li>\n\n\n\n<li><strong>Minimiza\u00e7\u00e3o de Dados:<\/strong> Apenas devem ser recolhidos e tratados dados adequados, relevantes e estritamente necess\u00e1rios para as finalidades.<\/li>\n\n\n\n<li><strong>Exatid\u00e3o:<\/strong> Os dados devem ser exatos e, se necess\u00e1rio, mantidos atualizados.<\/li>\n\n\n\n<li><strong>Limita\u00e7\u00e3o da Conserva\u00e7\u00e3o:<\/strong> Os dados devem ser conservados em um formato que permita a identifica\u00e7\u00e3o dos titulares dos dados por um per\u00edodo n\u00e3o superior ao necess\u00e1rio para as finalidades para as quais s\u00e3o tratados.<\/li>\n\n\n\n<li><strong>Integridade e Confidencialidade (Seguran\u00e7a):<\/strong> Os dados devem ser tratados de forma a garantir a seguran\u00e7a adequada, incluindo a prote\u00e7\u00e3o contra o tratamento n\u00e3o autorizado ou il\u00edcito e contra a perda, destrui\u00e7\u00e3o ou dano acidental.<\/li>\n\n\n\n<li><strong>Responsabiliza\u00e7\u00e3o (Accountability):<\/strong> O respons\u00e1vel pelo tratamento \u00e9 respons\u00e1vel por cumprir todos os princ\u00edpios e deve ser capaz de o demonstrar (por exemplo, atrav\u00e9s de uma Plataforma de Gest\u00e3o de Consentimento ou documenta\u00e7\u00e3o interna).<\/li>\n<\/ol>\n\n\n\n<h3 class=\"wp-block-heading\">Implica\u00e7\u00f5es para as Empresas<\/h3>\n\n\n\n<p>O RGPD transformou a forma como as empresas gerem os dados. Exige uma abordagem proativa \u00e0 privacidade, frequentemente designada como <strong>&#8220;Privacidade desde a Conce\u00e7\u00e3o e por Defeito&#8221; (<em>Privacy by Design and Default<\/em>)<\/strong>.<\/p>\n\n\n\n<p>Para estarem em conformidade, as empresas devem:<\/p>\n\n\n\n<ul class=\"wp-block-list\">\n<li>Obter um <strong>consentimento claro e inequ\u00edvoco<\/strong> antes de tratar a maioria dos dados pessoais (salvo exce\u00e7\u00f5es legais).<\/li>\n\n\n\n<li>Implementar medidas de seguran\u00e7a t\u00e9cnicas e organizacionais adequadas.<\/li>\n\n\n\n<li>Documentar as suas atividades de tratamento de dados (manuten\u00e7\u00e3o de registos).<\/li>\n\n\n\n<li>Respeitar os <strong>direitos aumentados dos indiv\u00edduos<\/strong>, como o direito de acesso, retifica\u00e7\u00e3o, oposi\u00e7\u00e3o e o famoso <strong>&#8220;direito ao apagamento&#8221;<\/strong> (direito a ser esquecido).<\/li>\n<\/ul>\n\n\n\n<p>O incumprimento do RGPD pode resultar em multas administrativas substanciais, que podem atingir <strong>20 milh\u00f5es de euros ou 4% do volume de neg\u00f3cios anual global<\/strong> total do exerc\u00edcio anterior, aplicando-se o montante mais elevado. \u00c9 por isso que ferramentas como uma <a href=\"https:\/\/fitconsent.com\/pt_pt\/plataforma-de-gestao-de-consentimento-do-utilizador-cmp\/\">CMP<\/a> se tornaram indispens\u00e1veis para garantir esta conformidade cr\u00edtica.<\/p>\n\n\n\n<hr class=\"wp-block-separator has-alpha-channel-opacity\"\/>\n\n\n\n<h3 class=\"wp-block-heading\">O Papel Cr\u00edtico das Ferramentas de Consentimento na Conformidade Moderna<\/h3>\n\n\n\n<p>Alcan\u00e7ar a verdadeira conformidade com o RGPD, particularmente enquanto se mant\u00e9m um marketing digital e uma an\u00e1lise eficazes, exige a integra\u00e7\u00e3o de ferramentas especializadas: uma robusta <a href=\"https:\/\/fitconsent.com\/pt_pt\/plataforma-de-gestao-de-consentimento-do-utilizador-cmp\/\">Plataforma de Gest\u00e3o de Consentimento (CMP)<\/a> e os modos de consentimento fornecidos pelas principais plataformas de publicidade.<\/p>\n\n\n\n<h4 class=\"wp-block-heading\">1. A Plataforma de Gest\u00e3o de Consentimento (CMP) &#8211; ex. FitConsent<\/h4>\n\n\n\n<p>Uma <a href=\"https:\/\/fitconsent.com\/pt_pt\/plataforma-de-gestao-de-consentimento-do-utilizador-cmp\/\">CMP<\/a> como a <a href=\"http:\/\/fitconsent.com\">FitConsent<\/a> \u00e9 a camada fundamental para a conformidade. As suas fun\u00e7\u00f5es principais s\u00e3o:<\/p>\n\n\n\n<ul class=\"wp-block-list\">\n<li><strong>Recolha de Consentimento V\u00e1lido:<\/strong> Gere o banner de consentimento, garantindo que o consentimento \u00e9 granular, informado e obtido atrav\u00e9s de uma a\u00e7\u00e3o afirmativa clara, satisfazendo os requisitos rigorosos do Artigo 7\u00ba do RGPD.<\/li>\n\n\n\n<li><strong>Rasto de Auditoria:<\/strong> Regista, gere e documenta de forma segura todas as escolhas de consentimento dos utilizadores e a sua retirada, fornecendo a prova essencial de \u00abResponsabilidade\u00bb (Accountability) exigida pelo RGPD.<\/li>\n\n\n\n<li><strong>Controlo de Acesso:<\/strong> Atua como porta de entrada, bloqueando todos os cookies n\u00e3o essenciais e scripts de rastreamento <em>antes<\/em> de um utilizador conceder permiss\u00e3o.<\/li>\n<\/ul>\n\n\n\n<h4 class=\"wp-block-heading\">2. Google Consent Mode V2<\/h4>\n\n\n\n<p>O <a href=\"https:\/\/fitconsent.com\/pt_pt\/google-consent-mode-v2-explicado-2\/\">Google Consent Mode V2<\/a> \u00e9 uma estrutura obrigat\u00f3ria para qualquer organiza\u00e7\u00e3o que utilize servi\u00e7os Google (como o Google Analytics 4 ou o Google Ads) para processar dados do EEE. Funciona em parceria com a <a href=\"https:\/\/fitconsent.com\/pt_pt\/plataforma-de-gestao-de-consentimento-do-utilizador-cmp\/\">CMP<\/a>:<\/p>\n\n\n\n<ul class=\"wp-block-list\">\n<li><strong>Transmiss\u00e3o de Sinal:<\/strong> A <a href=\"https:\/\/fitconsent.com\/pt_pt\/plataforma-de-gestao-de-consentimento-do-utilizador-cmp\/\">CMP<\/a> (ex. <a href=\"http:\/\/fitconsent.com\">FitConsent<\/a>) capta a escolha de consentimento do utilizador e envia um sinal espec\u00edfico (<code>ad_storage<\/code>, <code>analytics_storage<\/code>, <code>ad_user_data<\/code>, <code>ad_personalization<\/code>) para a Google.<\/li>\n\n\n\n<li><strong>Ajuste do Comportamento das Tags:<\/strong> As tags da Google ajustam dinamicamente o seu comportamento com base neste sinal. Se um utilizador negar o consentimento, as tags s\u00e3o acionadas de forma limitada, sem cookies e respeitadora da privacidade.<\/li>\n\n\n\n<li><strong>Modelagem de Convers\u00f5es:<\/strong> Este mecanismo permite \u00e0 Google utilizar a aprendizagem autom\u00e1tica para <em>modelar<\/em> dados de convers\u00e3o e comportamento do site perdidos de utilizadores que n\u00e3o deram o seu consentimento. Isso ajuda os anunciantes a manter a precis\u00e3o das suas campanhas e o ROI enquanto se mant\u00eam em conformidade, preenchendo a lacuna entre privacidade e desempenho.<\/li>\n<\/ul>\n\n\n\n<h4 class=\"wp-block-heading\">3. Microsoft UET Consent Mode<\/h4>\n\n\n\n<p>Da mesma forma, a Microsoft exige a utiliza\u00e7\u00e3o do <a href=\"https:\/\/fitconsent.com\/pt_pt\/uet-da-microsoft-universal-event-tracking\/\">UET Consent Mode<\/a> para todos os anunciantes que utilizam tags Universal Event Tracking (UET) no Microsoft Advertising (Bing Ads) para utilizadores do EEE.<\/p>\n\n\n\n<ul class=\"wp-block-list\">\n<li><strong>Garantir a Conformidade:<\/strong> Tal como a Google, o <a href=\"https:\/\/fitconsent.com\/pt_pt\/uet-da-microsoft-universal-event-tracking\/\">Microsoft UET Consent Mode<\/a> garante que a tag UET adapta a sua recolha de dados com base no estado de consentimento do utilizador (tipicamente para o par\u00e2metro <code>ad_storage<\/code>).<\/li>\n\n\n\n<li><strong>Preservar Insights:<\/strong> Se um utilizador negar o consentimento, o rastreamento UET \u00e9 limitado \u00e0 preven\u00e7\u00e3o essencial de fraude e a dados agregados n\u00e3o pessoais. Isso garante que o anunciante continue em conformidade enquanto recolhe dados suficientes que preservam a privacidade para apoiar insights b\u00e1sicos de desempenho de an\u00fancios e rastreamento de convers\u00f5es.<\/li>\n<\/ul>\n\n\n\n<p><strong>Conclus\u00e3o sobre as Ferramentas:<\/strong><\/p>\n\n\n\n<p>A integra\u00e7\u00e3o perfeita de uma <a href=\"https:\/\/fitconsent.com\/pt_pt\/plataforma-de-gestao-de-consentimento-do-utilizador-cmp\/\">CMP<\/a> como a <a href=\"http:\/\/fitconsent.com\">FitConsent<\/a> com plataformas como o <a href=\"https:\/\/fitconsent.com\/pt_pt\/google-consent-mode-v2-explicado-2\/\">Google Consent Mode V2<\/a> e o <a href=\"https:\/\/fitconsent.com\/pt_pt\/uet-da-microsoft-universal-event-tracking\/\">Microsoft UET Consent Mode<\/a> deixou de ser opcional. \u00c9 o padr\u00e3o t\u00e9cnico para manter a conformidade legal no EEE, garantindo ao mesmo tempo a viabilidade cont\u00ednua do marketing e da an\u00e1lise baseados em dados.<\/p>\n","protected":false},"excerpt":{"rendered":"<p>O Regulamento Geral sobre a Prote\u00e7\u00e3o de Dados (RGPD), que entrou em vigor em maio de 2018, \u00e9 a legisla\u00e7\u00e3o de prote\u00e7\u00e3o de dados mais rigorosa e abrangente do mundo da Uni\u00e3o Europeia. O seu objetivo fundamental \u00e9 devolver aos cidad\u00e3os da UE e do EEE (Espa\u00e7o Econ\u00f3mico Europeu) o controlo sobre os seus dados [&hellip;]<\/p>\n","protected":false},"author":5,"featured_media":0,"parent":0,"menu_order":0,"comment_status":"closed","ping_status":"closed","template":"","meta":{"_fitconsent_language":"pt_PT","_fitconsent_translation_group":"1880","footnotes":""},"class_list":["post-1909","page","type-page","status-publish","hentry"],"yoast_head":"<!-- This site is optimized with the Yoast SEO plugin v27.2 - https:\/\/yoast.com\/product\/yoast-seo-wordpress\/ -->\n<title>RGPD Regulamento Geral sobre a Prote\u00e7\u00e3o de Dados Explicado<\/title>\n<meta name=\"description\" content=\"O Regulamento Geral sobre a Prote\u00e7\u00e3o de Dados (RGPD) Explicado\" \/>\n<meta name=\"robots\" content=\"index, follow, max-snippet:-1, max-image-preview:large, max-video-preview:-1\" \/>\n<link rel=\"canonical\" href=\"https:\/\/fitconsent.com\/pt_pt\/rgpd-regulamento-geral-sobre-a-protecao-de-dados-explicado\/\" \/>\n<meta property=\"og:locale\" content=\"pt_PT\" \/>\n<meta property=\"og:type\" content=\"article\" \/>\n<meta property=\"og:title\" content=\"RGPD Regulamento Geral sobre a Prote\u00e7\u00e3o de Dados Explicado\" \/>\n<meta property=\"og:description\" content=\"O Regulamento Geral sobre a Prote\u00e7\u00e3o de Dados (RGPD) Explicado\" \/>\n<meta property=\"og:url\" content=\"https:\/\/fitconsent.com\/pt_pt\/rgpd-regulamento-geral-sobre-a-protecao-de-dados-explicado\/\" \/>\n<meta property=\"og:site_name\" content=\"FitConsent\" \/>\n<meta property=\"article:modified_time\" content=\"2025-10-21T18:59:50+00:00\" \/>\n<meta property=\"og:image\" content=\"https:\/\/fitconsent.com\/wp-content\/uploads\/2025\/10\/12.png\" \/>\n<meta name=\"twitter:card\" content=\"summary_large_image\" \/>\n<meta name=\"twitter:label1\" content=\"Tempo estimado de leitura\" \/>\n\t<meta name=\"twitter:data1\" content=\"5 minutos\" \/>\n<script type=\"application\/ld+json\" class=\"yoast-schema-graph\">{\"@context\":\"https:\/\/schema.org\",\"@graph\":[{\"@type\":\"WebPage\",\"@id\":\"https:\/\/fitconsent.com\/pt_pt\/rgpd-regulamento-geral-sobre-a-protecao-de-dados-explicado\/\",\"url\":\"https:\/\/fitconsent.com\/pt_pt\/rgpd-regulamento-geral-sobre-a-protecao-de-dados-explicado\/\",\"name\":\"RGPD Regulamento Geral sobre a Prote\u00e7\u00e3o de Dados Explicado\",\"isPartOf\":{\"@id\":\"https:\/\/fitconsent.com\/fr_fr\/#website\"},\"primaryImageOfPage\":{\"@id\":\"https:\/\/fitconsent.com\/pt_pt\/rgpd-regulamento-geral-sobre-a-protecao-de-dados-explicado\/#primaryimage\"},\"image\":{\"@id\":\"https:\/\/fitconsent.com\/pt_pt\/rgpd-regulamento-geral-sobre-a-protecao-de-dados-explicado\/#primaryimage\"},\"thumbnailUrl\":\"https:\/\/fitconsent.com\/wp-content\/uploads\/2025\/10\/12.png\",\"datePublished\":\"2025-10-17T21:44:38+00:00\",\"dateModified\":\"2025-10-21T18:59:50+00:00\",\"description\":\"O Regulamento Geral sobre a Prote\u00e7\u00e3o de Dados (RGPD) Explicado\",\"breadcrumb\":{\"@id\":\"https:\/\/fitconsent.com\/pt_pt\/rgpd-regulamento-geral-sobre-a-protecao-de-dados-explicado\/#breadcrumb\"},\"inLanguage\":\"pt-PT\",\"potentialAction\":[{\"@type\":\"ReadAction\",\"target\":[\"https:\/\/fitconsent.com\/pt_pt\/rgpd-regulamento-geral-sobre-a-protecao-de-dados-explicado\/\"]}]},{\"@type\":\"ImageObject\",\"inLanguage\":\"pt-PT\",\"@id\":\"https:\/\/fitconsent.com\/pt_pt\/rgpd-regulamento-geral-sobre-a-protecao-de-dados-explicado\/#primaryimage\",\"url\":\"https:\/\/fitconsent.com\/wp-content\/uploads\/2025\/10\/12.png\",\"contentUrl\":\"https:\/\/fitconsent.com\/wp-content\/uploads\/2025\/10\/12.png\"},{\"@type\":\"BreadcrumbList\",\"@id\":\"https:\/\/fitconsent.com\/pt_pt\/rgpd-regulamento-geral-sobre-a-protecao-de-dados-explicado\/#breadcrumb\",\"itemListElement\":[{\"@type\":\"ListItem\",\"position\":1,\"name\":\"Home\",\"item\":\"https:\/\/fitconsent.com\/\"},{\"@type\":\"ListItem\",\"position\":2,\"name\":\"O Regulamento Geral sobre a Prote\u00e7\u00e3o de Dados (RGPD) Explicado\"}]},{\"@type\":\"WebSite\",\"@id\":\"https:\/\/fitconsent.com\/fr_fr\/#website\",\"url\":\"https:\/\/fitconsent.com\/fr_fr\/\",\"name\":\"FitConsent\",\"description\":\"By DIGITLOAD\",\"publisher\":{\"@id\":\"https:\/\/fitconsent.com\/fr_fr\/#organization\"},\"potentialAction\":[{\"@type\":\"SearchAction\",\"target\":{\"@type\":\"EntryPoint\",\"urlTemplate\":\"https:\/\/fitconsent.com\/fr_fr\/?s={search_term_string}\"},\"query-input\":{\"@type\":\"PropertyValueSpecification\",\"valueRequired\":true,\"valueName\":\"search_term_string\"}}],\"inLanguage\":\"pt-PT\"},{\"@type\":\"Organization\",\"@id\":\"https:\/\/fitconsent.com\/fr_fr\/#organization\",\"name\":\"DIGITLOAD\",\"url\":\"https:\/\/fitconsent.com\/fr_fr\/\",\"logo\":{\"@type\":\"ImageObject\",\"inLanguage\":\"pt-PT\",\"@id\":\"https:\/\/fitconsent.com\/fr_fr\/#\/schema\/logo\/image\/\",\"url\":\"https:\/\/fitconsent.com\/wp-content\/uploads\/2025\/08\/cropped-icon.png\",\"contentUrl\":\"https:\/\/fitconsent.com\/wp-content\/uploads\/2025\/08\/cropped-icon.png\",\"width\":512,\"height\":512,\"caption\":\"DIGITLOAD\"},\"image\":{\"@id\":\"https:\/\/fitconsent.com\/fr_fr\/#\/schema\/logo\/image\/\"}}]}<\/script>\n<!-- \/ Yoast SEO plugin. -->","yoast_head_json":{"title":"RGPD Regulamento Geral sobre a Prote\u00e7\u00e3o de Dados Explicado","description":"O Regulamento Geral sobre a Prote\u00e7\u00e3o de Dados (RGPD) Explicado","robots":{"index":"index","follow":"follow","max-snippet":"max-snippet:-1","max-image-preview":"max-image-preview:large","max-video-preview":"max-video-preview:-1"},"canonical":"https:\/\/fitconsent.com\/pt_pt\/rgpd-regulamento-geral-sobre-a-protecao-de-dados-explicado\/","og_locale":"pt_PT","og_type":"article","og_title":"RGPD Regulamento Geral sobre a Prote\u00e7\u00e3o de Dados Explicado","og_description":"O Regulamento Geral sobre a Prote\u00e7\u00e3o de Dados (RGPD) Explicado","og_url":"https:\/\/fitconsent.com\/pt_pt\/rgpd-regulamento-geral-sobre-a-protecao-de-dados-explicado\/","og_site_name":"FitConsent","article_modified_time":"2025-10-21T18:59:50+00:00","og_image":[{"url":"https:\/\/fitconsent.com\/wp-content\/uploads\/2025\/10\/12.png","type":"","width":"","height":""}],"twitter_card":"summary_large_image","twitter_misc":{"Tempo estimado de leitura":"5 minutos"},"schema":{"@context":"https:\/\/schema.org","@graph":[{"@type":"WebPage","@id":"https:\/\/fitconsent.com\/pt_pt\/rgpd-regulamento-geral-sobre-a-protecao-de-dados-explicado\/","url":"https:\/\/fitconsent.com\/pt_pt\/rgpd-regulamento-geral-sobre-a-protecao-de-dados-explicado\/","name":"RGPD Regulamento Geral sobre a Prote\u00e7\u00e3o de Dados Explicado","isPartOf":{"@id":"https:\/\/fitconsent.com\/fr_fr\/#website"},"primaryImageOfPage":{"@id":"https:\/\/fitconsent.com\/pt_pt\/rgpd-regulamento-geral-sobre-a-protecao-de-dados-explicado\/#primaryimage"},"image":{"@id":"https:\/\/fitconsent.com\/pt_pt\/rgpd-regulamento-geral-sobre-a-protecao-de-dados-explicado\/#primaryimage"},"thumbnailUrl":"https:\/\/fitconsent.com\/wp-content\/uploads\/2025\/10\/12.png","datePublished":"2025-10-17T21:44:38+00:00","dateModified":"2025-10-21T18:59:50+00:00","description":"O Regulamento Geral sobre a Prote\u00e7\u00e3o de Dados (RGPD) Explicado","breadcrumb":{"@id":"https:\/\/fitconsent.com\/pt_pt\/rgpd-regulamento-geral-sobre-a-protecao-de-dados-explicado\/#breadcrumb"},"inLanguage":"pt-PT","potentialAction":[{"@type":"ReadAction","target":["https:\/\/fitconsent.com\/pt_pt\/rgpd-regulamento-geral-sobre-a-protecao-de-dados-explicado\/"]}]},{"@type":"ImageObject","inLanguage":"pt-PT","@id":"https:\/\/fitconsent.com\/pt_pt\/rgpd-regulamento-geral-sobre-a-protecao-de-dados-explicado\/#primaryimage","url":"https:\/\/fitconsent.com\/wp-content\/uploads\/2025\/10\/12.png","contentUrl":"https:\/\/fitconsent.com\/wp-content\/uploads\/2025\/10\/12.png"},{"@type":"BreadcrumbList","@id":"https:\/\/fitconsent.com\/pt_pt\/rgpd-regulamento-geral-sobre-a-protecao-de-dados-explicado\/#breadcrumb","itemListElement":[{"@type":"ListItem","position":1,"name":"Home","item":"https:\/\/fitconsent.com\/"},{"@type":"ListItem","position":2,"name":"O Regulamento Geral sobre a Prote\u00e7\u00e3o de Dados (RGPD) Explicado"}]},{"@type":"WebSite","@id":"https:\/\/fitconsent.com\/fr_fr\/#website","url":"https:\/\/fitconsent.com\/fr_fr\/","name":"FitConsent","description":"By DIGITLOAD","publisher":{"@id":"https:\/\/fitconsent.com\/fr_fr\/#organization"},"potentialAction":[{"@type":"SearchAction","target":{"@type":"EntryPoint","urlTemplate":"https:\/\/fitconsent.com\/fr_fr\/?s={search_term_string}"},"query-input":{"@type":"PropertyValueSpecification","valueRequired":true,"valueName":"search_term_string"}}],"inLanguage":"pt-PT"},{"@type":"Organization","@id":"https:\/\/fitconsent.com\/fr_fr\/#organization","name":"DIGITLOAD","url":"https:\/\/fitconsent.com\/fr_fr\/","logo":{"@type":"ImageObject","inLanguage":"pt-PT","@id":"https:\/\/fitconsent.com\/fr_fr\/#\/schema\/logo\/image\/","url":"https:\/\/fitconsent.com\/wp-content\/uploads\/2025\/08\/cropped-icon.png","contentUrl":"https:\/\/fitconsent.com\/wp-content\/uploads\/2025\/08\/cropped-icon.png","width":512,"height":512,"caption":"DIGITLOAD"},"image":{"@id":"https:\/\/fitconsent.com\/fr_fr\/#\/schema\/logo\/image\/"}}]}},"_links":{"self":[{"href":"https:\/\/fitconsent.com\/pt_pt\/wp-json\/wp\/v2\/pages\/1909","targetHints":{"allow":["GET"]}}],"collection":[{"href":"https:\/\/fitconsent.com\/pt_pt\/wp-json\/wp\/v2\/pages"}],"about":[{"href":"https:\/\/fitconsent.com\/pt_pt\/wp-json\/wp\/v2\/types\/page"}],"author":[{"embeddable":true,"href":"https:\/\/fitconsent.com\/pt_pt\/wp-json\/wp\/v2\/users\/5"}],"replies":[{"embeddable":true,"href":"https:\/\/fitconsent.com\/pt_pt\/wp-json\/wp\/v2\/comments?post=1909"}],"version-history":[{"count":3,"href":"https:\/\/fitconsent.com\/pt_pt\/wp-json\/wp\/v2\/pages\/1909\/revisions"}],"predecessor-version":[{"id":2090,"href":"https:\/\/fitconsent.com\/pt_pt\/wp-json\/wp\/v2\/pages\/1909\/revisions\/2090"}],"wp:attachment":[{"href":"https:\/\/fitconsent.com\/pt_pt\/wp-json\/wp\/v2\/media?parent=1909"}],"curies":[{"name":"wp","href":"https:\/\/api.w.org\/{rel}","templated":true}]}}