{"id":1874,"date":"2025-10-17T18:46:27","date_gmt":"2025-10-17T18:46:27","guid":{"rendered":"https:\/\/fitconsent.com\/?page_id=1874"},"modified":"2025-10-21T18:56:44","modified_gmt":"2025-10-21T18:56:44","slug":"plataforma-de-gestao-de-consentimento-do-utilizador-cmp","status":"publish","type":"page","link":"https:\/\/fitconsent.com\/pt_pt\/plataforma-de-gestao-de-consentimento-do-utilizador-cmp\/","title":{"rendered":"Desbloqueando a Integridade de Dados e a Confian\u00e7a: Uma An\u00e1lise Aprofundada da Plataforma de Gest\u00e3o de Consentimento do Utilizador (CMP)"},"content":{"rendered":"\n<p>Na era digital, os dados s\u00e3o o motor do crescimento. No entanto, regulamentos globais rigorosos como o <strong><a href=\"https:\/\/fitconsent.com\/pt_pt\/rgpd-regulamento-geral-sobre-a-protecao-de-dados-explicado\/\">RGPD<\/a> (Regulamento Geral sobre a Prote\u00e7\u00e3o de Dados)<\/strong> e o <strong><a href=\"https:\/\/fitconsent.com\/pt_pt\/ccpa-cpra-consumidores-da-california-e-privacidade-de-dados\/\">CCPA<\/a> (Lei de Privacidade do Consumidor da Calif\u00f3rnia)<\/strong> deixaram claro: esses dados devem ser recolhidos com o consentimento expl\u00edcito e informado do utilizador. \u00c9 aqui que entra a <strong>Plataforma de Gest\u00e3o de Consentimento (CMP)<\/strong>, transformando um obst\u00e1culo legal numa vantagem estrat\u00e9gica para as empresas.<\/p>\n\n\n\n<figure class=\"wp-block-image size-full\"><img loading=\"lazy\" decoding=\"async\" width=\"1024\" height=\"852\" src=\"https:\/\/fitconsent.com\/wp-content\/uploads\/2025\/09\/FitConsent_Hero.png\" alt=\"Consent Management Platform (CMP)\" class=\"wp-image-1598\" srcset=\"https:\/\/fitconsent.com\/wp-content\/uploads\/2025\/09\/FitConsent_Hero.png 1024w, https:\/\/fitconsent.com\/wp-content\/uploads\/2025\/09\/FitConsent_Hero-300x250.png 300w, https:\/\/fitconsent.com\/wp-content\/uploads\/2025\/09\/FitConsent_Hero-768x639.png 768w, https:\/\/fitconsent.com\/wp-content\/uploads\/2025\/09\/FitConsent_Hero-600x499.png 600w\" sizes=\"auto, (max-width: 1024px) 100vw, 1024px\" \/><\/figure>\n\n\n\n<h3 class=\"wp-block-heading\">O que \u00e9 exatamente uma Plataforma de Gest\u00e3o de Consentimento (CMP)?<\/h3>\n\n\n\n<p>Uma CMP \u00e9 uma ferramenta de software especializada projetada para ajudar os propriet\u00e1rios de websites e programadores de aplica\u00e7\u00f5es a <strong>recolher, gerir e documentar<\/strong> de forma eficiente o consentimento do utilizador para atividades de processamento de dados, particularmente em rela\u00e7\u00e3o a <em>cookies<\/em> e outras tecnologias de rastreamento.<\/p>\n\n\n\n<p>Mais do que um simples &#8220;banner de <em>cookies<\/em>&#8220;, uma CMP robusta \u00e9 a pedra angular de uma estrat\u00e9gia com foco na privacidade. Ela executa v\u00e1rias fun\u00e7\u00f5es cr\u00edticas:<\/p>\n\n\n\n<ol start=\"1\" class=\"wp-block-list\">\n<li><strong>Aviso de Consentimento Transparente:<\/strong> Exibe um <em>banner<\/em> ou <em>pop-up<\/em> claro e personalizado quando um utilizador visita um website pela primeira vez, informando-o exatamente como os seus dados pessoais ser\u00e3o usados.<\/li>\n\n\n\n<li><strong>Escolha Granular:<\/strong> Permite que os utilizadores aceitem, recusem ou personalizem as suas prefer\u00eancias para diferentes prop\u00f3sitos de dados (por exemplo, an\u00e1lise, marketing, personaliza\u00e7\u00e3o), indo al\u00e9m dos simples bot\u00f5es de &#8220;Aceitar Todos&#8221;.<\/li>\n\n\n\n<li><strong>Registo e Rasto de Auditoria do Consentimento:<\/strong> Armazena de forma segura um registo abrangente e \u00e0 prova de adultera\u00e7\u00e3o da escolha de consentimento de cada utilizador, fornecendo a documenta\u00e7\u00e3o necess\u00e1ria para demonstrar a conformidade em caso de auditoria.<\/li>\n\n\n\n<li><strong>Aplica\u00e7\u00e3o de Prefer\u00eancias:<\/strong> Garante que os <em>scripts<\/em>, <em>cookies<\/em> e etiquetas de marketing do seu website (como Google Analytics ou o Pixel do Facebook) apenas sejam ativados <strong>depois<\/strong> e <strong>de acordo<\/strong> com as escolhas espec\u00edficas do utilizador.<\/li>\n<\/ol>\n\n\n\n<h3 class=\"wp-block-heading\">As Vantagens Estrat\u00e9gicas de Usar uma CMP Moderna<\/h3>\n\n\n\n<p>A implementa\u00e7\u00e3o de uma CMP de alta qualidade oferece muito mais do que apenas evitar multas regulat\u00f3rias pesadas. Ela apoia diretamente o crescimento do seu neg\u00f3cio e a sua vantagem competitiva:<\/p>\n\n\n\n<ul class=\"wp-block-list\">\n<li><strong>Conformidade Regulat\u00f3ria Garantida:<\/strong> Uma CMP dedicada como a <strong>FitConsent.com<\/strong> adapta-se automaticamente aos requisitos em evolu\u00e7\u00e3o de leis como o <a href=\"https:\/\/fitconsent.com\/pt_pt\/rgpd-regulamento-geral-sobre-a-protecao-de-dados-explicado\/\">RGPD<\/a>, o <a href=\"https:\/\/fitconsent.com\/pt_pt\/ccpa-cpra-consumidores-da-california-e-privacidade-de-dados\/\">CCPA<\/a> e outras. Isto alivia a carga sobre as suas equipas jur\u00eddicas e de desenvolvimento, garantindo que as suas pr\u00e1ticas de recolha de dados sejam legais em diferentes jurisdi\u00e7\u00f5es.<\/li>\n\n\n\n<li><strong>Dados Precisos e Confi\u00e1veis:<\/strong> Ao aplicar corretamente o consentimento do utilizador, uma CMP garante que os dados que recolhe s\u00e3o legalmente v\u00e1lidos. Isto \u00e9 vital para an\u00e1lises e tomadas de decis\u00e3o precisas. Solu\u00e7\u00f5es que suportam mecanismos modernos como o <strong><a href=\"https:\/\/fitconsent.com\/pt_pt\/google-consent-mode-v2-explicado-2\/\">Google Consent Mode V2<\/a><\/strong> e o <strong><a href=\"https:\/\/fitconsent.com\/pt_pt\/uet-da-microsoft-universal-event-tracking\/\">Microsoft UET Consent Mode<\/a><\/strong>, como a FitConsent, permitem a modelagem de convers\u00f5es segura para a privacidade, dando-lhe uma imagem mais clara do seu desempenho, mesmo quando os utilizadores recusam <em>cookies<\/em> de rastreamento.<\/li>\n\n\n\n<li><strong>Maior Confian\u00e7a e Experi\u00eancia do Utilizador:<\/strong> Uma experi\u00eancia de consentimento transparente e f\u00e1cil de usar fomenta a confian\u00e7a. Quando os utilizadores se sentem respeitados e no controlo dos seus dados, s\u00e3o mais propensos a interagir com a sua marca e at\u00e9 mesmo a conceder o consentimento, o que leva a taxas de ades\u00e3o mais altas e melhor qualidade dos dados.<\/li>\n\n\n\n<li><strong>ROI de Marketing Otimizado:<\/strong> Ao integrar-se perfeitamente com as suas ferramentas de publicidade e an\u00e1lise, uma CMP garante que as suas campanhas de marketing possam continuar a funcionar de forma eficaz e em conformidade. Isso preserva o valor do seu investimento em publicidade e previne perdas desnecess\u00e1rias de dados.<\/li>\n<\/ul>\n\n\n\n<h3 class=\"wp-block-heading\"><strong>FitConsent: Transformando a Conformidade Numa Vantagem Competitiva<\/strong><\/h3>\n\n\n\n<p>Escolher a CMP certa \u00e9 crucial. Uma plataforma como a <strong><a href=\"http:\/\/fitconsent.com\">FitConsent<\/a><\/strong> \u00e9 projetada especificamente para fornecer uma solu\u00e7\u00e3o de consentimento do utilizador poderosa e perfeita. Ela elimina a complexidade da configura\u00e7\u00e3o, fornecendo <em>banners<\/em> f\u00e1ceis de integrar, ao mesmo tempo que lhe oferece a tranquilidade que adv\u00e9m do suporte completo a atualiza\u00e7\u00f5es cr\u00edticas como o <strong>Google Consent Mode V2<\/strong>\u2014uma necessidade para qualquer neg\u00f3cio que execute Google Ads ou use Google Analytics.<\/p>\n\n\n\n<p>No panorama atual, uma CMP n\u00e3o \u00e9 opcional \u2013 \u00e9 essencial. \u00c9 a ferramenta que lhe permite procurar o crescimento com confian\u00e7a, sabendo que a sua base de dados \u00e9 conforme, precisa e constru\u00edda sobre uma rela\u00e7\u00e3o de confian\u00e7a com cada utilizador.<\/p>\n","protected":false},"excerpt":{"rendered":"<p>Na era digital, os dados s\u00e3o o motor do crescimento. No entanto, regulamentos globais rigorosos como o RGPD (Regulamento Geral sobre a Prote\u00e7\u00e3o de Dados) e o CCPA (Lei de Privacidade do Consumidor da Calif\u00f3rnia) deixaram claro: esses dados devem ser recolhidos com o consentimento expl\u00edcito e informado do utilizador. \u00c9 aqui que entra a [&hellip;]<\/p>\n","protected":false},"author":5,"featured_media":0,"parent":0,"menu_order":0,"comment_status":"closed","ping_status":"closed","template":"","meta":{"_fitconsent_language":"pt_PT","_fitconsent_translation_group":"1842","footnotes":""},"class_list":["post-1874","page","type-page","status-publish","hentry"],"yoast_head":"<!-- This site is optimized with the Yoast SEO plugin v27.2 - https:\/\/yoast.com\/product\/yoast-seo-wordpress\/ -->\n<title>Plataforma de Gest\u00e3o de Consentimento do Utilizador (CMP)<\/title>\n<meta name=\"description\" content=\"Desbloqueando a Integridade de Dados e a Confian\u00e7a: Uma An\u00e1lise Aprofundada da Plataforma de Gest\u00e3o de Consentimento do Utilizador (CMP)\" \/>\n<meta name=\"robots\" content=\"index, follow, max-snippet:-1, max-image-preview:large, max-video-preview:-1\" \/>\n<link rel=\"canonical\" href=\"https:\/\/fitconsent.com\/pt_pt\/plataforma-de-gestao-de-consentimento-do-utilizador-cmp\/\" \/>\n<meta property=\"og:locale\" content=\"pt_PT\" \/>\n<meta property=\"og:type\" content=\"article\" \/>\n<meta property=\"og:title\" content=\"Plataforma de Gest\u00e3o de Consentimento do Utilizador (CMP)\" \/>\n<meta property=\"og:description\" content=\"Desbloqueando a Integridade de Dados e a Confian\u00e7a: Uma An\u00e1lise Aprofundada da Plataforma de Gest\u00e3o de Consentimento do Utilizador (CMP)\" \/>\n<meta property=\"og:url\" content=\"https:\/\/fitconsent.com\/pt_pt\/plataforma-de-gestao-de-consentimento-do-utilizador-cmp\/\" \/>\n<meta property=\"og:site_name\" content=\"FitConsent\" \/>\n<meta property=\"article:modified_time\" content=\"2025-10-21T18:56:44+00:00\" \/>\n<meta property=\"og:image\" content=\"https:\/\/fitconsent.com\/wp-content\/uploads\/2025\/09\/FitConsent_Hero.png\" \/>\n<meta name=\"twitter:card\" content=\"summary_large_image\" \/>\n<meta name=\"twitter:label1\" content=\"Tempo estimado de leitura\" \/>\n\t<meta name=\"twitter:data1\" content=\"4 minutos\" \/>\n<script type=\"application\/ld+json\" class=\"yoast-schema-graph\">{\"@context\":\"https:\/\/schema.org\",\"@graph\":[{\"@type\":\"WebPage\",\"@id\":\"https:\/\/fitconsent.com\/pt_pt\/plataforma-de-gestao-de-consentimento-do-utilizador-cmp\/\",\"url\":\"https:\/\/fitconsent.com\/pt_pt\/plataforma-de-gestao-de-consentimento-do-utilizador-cmp\/\",\"name\":\"Plataforma de Gest\u00e3o de Consentimento do Utilizador (CMP)\",\"isPartOf\":{\"@id\":\"https:\/\/fitconsent.com\/fr_fr\/#website\"},\"primaryImageOfPage\":{\"@id\":\"https:\/\/fitconsent.com\/pt_pt\/plataforma-de-gestao-de-consentimento-do-utilizador-cmp\/#primaryimage\"},\"image\":{\"@id\":\"https:\/\/fitconsent.com\/pt_pt\/plataforma-de-gestao-de-consentimento-do-utilizador-cmp\/#primaryimage\"},\"thumbnailUrl\":\"https:\/\/fitconsent.com\/wp-content\/uploads\/2025\/09\/FitConsent_Hero.png\",\"datePublished\":\"2025-10-17T18:46:27+00:00\",\"dateModified\":\"2025-10-21T18:56:44+00:00\",\"description\":\"Desbloqueando a Integridade de Dados e a Confian\u00e7a: Uma An\u00e1lise Aprofundada da Plataforma de Gest\u00e3o de Consentimento do Utilizador (CMP)\",\"breadcrumb\":{\"@id\":\"https:\/\/fitconsent.com\/pt_pt\/plataforma-de-gestao-de-consentimento-do-utilizador-cmp\/#breadcrumb\"},\"inLanguage\":\"pt-PT\",\"potentialAction\":[{\"@type\":\"ReadAction\",\"target\":[\"https:\/\/fitconsent.com\/pt_pt\/plataforma-de-gestao-de-consentimento-do-utilizador-cmp\/\"]}]},{\"@type\":\"ImageObject\",\"inLanguage\":\"pt-PT\",\"@id\":\"https:\/\/fitconsent.com\/pt_pt\/plataforma-de-gestao-de-consentimento-do-utilizador-cmp\/#primaryimage\",\"url\":\"https:\/\/fitconsent.com\/wp-content\/uploads\/2025\/09\/FitConsent_Hero.png\",\"contentUrl\":\"https:\/\/fitconsent.com\/wp-content\/uploads\/2025\/09\/FitConsent_Hero.png\"},{\"@type\":\"BreadcrumbList\",\"@id\":\"https:\/\/fitconsent.com\/pt_pt\/plataforma-de-gestao-de-consentimento-do-utilizador-cmp\/#breadcrumb\",\"itemListElement\":[{\"@type\":\"ListItem\",\"position\":1,\"name\":\"Home\",\"item\":\"https:\/\/fitconsent.com\/\"},{\"@type\":\"ListItem\",\"position\":2,\"name\":\"Desbloqueando a Integridade de Dados e a Confian\u00e7a: Uma An\u00e1lise Aprofundada da Plataforma de Gest\u00e3o de Consentimento do Utilizador (CMP)\"}]},{\"@type\":\"WebSite\",\"@id\":\"https:\/\/fitconsent.com\/fr_fr\/#website\",\"url\":\"https:\/\/fitconsent.com\/fr_fr\/\",\"name\":\"FitConsent\",\"description\":\"By DIGITLOAD\",\"publisher\":{\"@id\":\"https:\/\/fitconsent.com\/fr_fr\/#organization\"},\"potentialAction\":[{\"@type\":\"SearchAction\",\"target\":{\"@type\":\"EntryPoint\",\"urlTemplate\":\"https:\/\/fitconsent.com\/fr_fr\/?s={search_term_string}\"},\"query-input\":{\"@type\":\"PropertyValueSpecification\",\"valueRequired\":true,\"valueName\":\"search_term_string\"}}],\"inLanguage\":\"pt-PT\"},{\"@type\":\"Organization\",\"@id\":\"https:\/\/fitconsent.com\/fr_fr\/#organization\",\"name\":\"DIGITLOAD\",\"url\":\"https:\/\/fitconsent.com\/fr_fr\/\",\"logo\":{\"@type\":\"ImageObject\",\"inLanguage\":\"pt-PT\",\"@id\":\"https:\/\/fitconsent.com\/fr_fr\/#\/schema\/logo\/image\/\",\"url\":\"https:\/\/fitconsent.com\/wp-content\/uploads\/2025\/08\/cropped-icon.png\",\"contentUrl\":\"https:\/\/fitconsent.com\/wp-content\/uploads\/2025\/08\/cropped-icon.png\",\"width\":512,\"height\":512,\"caption\":\"DIGITLOAD\"},\"image\":{\"@id\":\"https:\/\/fitconsent.com\/fr_fr\/#\/schema\/logo\/image\/\"}}]}<\/script>\n<!-- \/ Yoast SEO plugin. -->","yoast_head_json":{"title":"Plataforma de Gest\u00e3o de Consentimento do Utilizador (CMP)","description":"Desbloqueando a Integridade de Dados e a Confian\u00e7a: Uma An\u00e1lise Aprofundada da Plataforma de Gest\u00e3o de Consentimento do Utilizador (CMP)","robots":{"index":"index","follow":"follow","max-snippet":"max-snippet:-1","max-image-preview":"max-image-preview:large","max-video-preview":"max-video-preview:-1"},"canonical":"https:\/\/fitconsent.com\/pt_pt\/plataforma-de-gestao-de-consentimento-do-utilizador-cmp\/","og_locale":"pt_PT","og_type":"article","og_title":"Plataforma de Gest\u00e3o de Consentimento do Utilizador (CMP)","og_description":"Desbloqueando a Integridade de Dados e a Confian\u00e7a: Uma An\u00e1lise Aprofundada da Plataforma de Gest\u00e3o de Consentimento do Utilizador (CMP)","og_url":"https:\/\/fitconsent.com\/pt_pt\/plataforma-de-gestao-de-consentimento-do-utilizador-cmp\/","og_site_name":"FitConsent","article_modified_time":"2025-10-21T18:56:44+00:00","og_image":[{"url":"https:\/\/fitconsent.com\/wp-content\/uploads\/2025\/09\/FitConsent_Hero.png","type":"","width":"","height":""}],"twitter_card":"summary_large_image","twitter_misc":{"Tempo estimado de leitura":"4 minutos"},"schema":{"@context":"https:\/\/schema.org","@graph":[{"@type":"WebPage","@id":"https:\/\/fitconsent.com\/pt_pt\/plataforma-de-gestao-de-consentimento-do-utilizador-cmp\/","url":"https:\/\/fitconsent.com\/pt_pt\/plataforma-de-gestao-de-consentimento-do-utilizador-cmp\/","name":"Plataforma de Gest\u00e3o de Consentimento do Utilizador (CMP)","isPartOf":{"@id":"https:\/\/fitconsent.com\/fr_fr\/#website"},"primaryImageOfPage":{"@id":"https:\/\/fitconsent.com\/pt_pt\/plataforma-de-gestao-de-consentimento-do-utilizador-cmp\/#primaryimage"},"image":{"@id":"https:\/\/fitconsent.com\/pt_pt\/plataforma-de-gestao-de-consentimento-do-utilizador-cmp\/#primaryimage"},"thumbnailUrl":"https:\/\/fitconsent.com\/wp-content\/uploads\/2025\/09\/FitConsent_Hero.png","datePublished":"2025-10-17T18:46:27+00:00","dateModified":"2025-10-21T18:56:44+00:00","description":"Desbloqueando a Integridade de Dados e a Confian\u00e7a: Uma An\u00e1lise Aprofundada da Plataforma de Gest\u00e3o de Consentimento do Utilizador (CMP)","breadcrumb":{"@id":"https:\/\/fitconsent.com\/pt_pt\/plataforma-de-gestao-de-consentimento-do-utilizador-cmp\/#breadcrumb"},"inLanguage":"pt-PT","potentialAction":[{"@type":"ReadAction","target":["https:\/\/fitconsent.com\/pt_pt\/plataforma-de-gestao-de-consentimento-do-utilizador-cmp\/"]}]},{"@type":"ImageObject","inLanguage":"pt-PT","@id":"https:\/\/fitconsent.com\/pt_pt\/plataforma-de-gestao-de-consentimento-do-utilizador-cmp\/#primaryimage","url":"https:\/\/fitconsent.com\/wp-content\/uploads\/2025\/09\/FitConsent_Hero.png","contentUrl":"https:\/\/fitconsent.com\/wp-content\/uploads\/2025\/09\/FitConsent_Hero.png"},{"@type":"BreadcrumbList","@id":"https:\/\/fitconsent.com\/pt_pt\/plataforma-de-gestao-de-consentimento-do-utilizador-cmp\/#breadcrumb","itemListElement":[{"@type":"ListItem","position":1,"name":"Home","item":"https:\/\/fitconsent.com\/"},{"@type":"ListItem","position":2,"name":"Desbloqueando a Integridade de Dados e a Confian\u00e7a: Uma An\u00e1lise Aprofundada da Plataforma de Gest\u00e3o de Consentimento do Utilizador (CMP)"}]},{"@type":"WebSite","@id":"https:\/\/fitconsent.com\/fr_fr\/#website","url":"https:\/\/fitconsent.com\/fr_fr\/","name":"FitConsent","description":"By DIGITLOAD","publisher":{"@id":"https:\/\/fitconsent.com\/fr_fr\/#organization"},"potentialAction":[{"@type":"SearchAction","target":{"@type":"EntryPoint","urlTemplate":"https:\/\/fitconsent.com\/fr_fr\/?s={search_term_string}"},"query-input":{"@type":"PropertyValueSpecification","valueRequired":true,"valueName":"search_term_string"}}],"inLanguage":"pt-PT"},{"@type":"Organization","@id":"https:\/\/fitconsent.com\/fr_fr\/#organization","name":"DIGITLOAD","url":"https:\/\/fitconsent.com\/fr_fr\/","logo":{"@type":"ImageObject","inLanguage":"pt-PT","@id":"https:\/\/fitconsent.com\/fr_fr\/#\/schema\/logo\/image\/","url":"https:\/\/fitconsent.com\/wp-content\/uploads\/2025\/08\/cropped-icon.png","contentUrl":"https:\/\/fitconsent.com\/wp-content\/uploads\/2025\/08\/cropped-icon.png","width":512,"height":512,"caption":"DIGITLOAD"},"image":{"@id":"https:\/\/fitconsent.com\/fr_fr\/#\/schema\/logo\/image\/"}}]}},"_links":{"self":[{"href":"https:\/\/fitconsent.com\/pt_pt\/wp-json\/wp\/v2\/pages\/1874","targetHints":{"allow":["GET"]}}],"collection":[{"href":"https:\/\/fitconsent.com\/pt_pt\/wp-json\/wp\/v2\/pages"}],"about":[{"href":"https:\/\/fitconsent.com\/pt_pt\/wp-json\/wp\/v2\/types\/page"}],"author":[{"embeddable":true,"href":"https:\/\/fitconsent.com\/pt_pt\/wp-json\/wp\/v2\/users\/5"}],"replies":[{"embeddable":true,"href":"https:\/\/fitconsent.com\/pt_pt\/wp-json\/wp\/v2\/comments?post=1874"}],"version-history":[{"count":4,"href":"https:\/\/fitconsent.com\/pt_pt\/wp-json\/wp\/v2\/pages\/1874\/revisions"}],"predecessor-version":[{"id":2088,"href":"https:\/\/fitconsent.com\/pt_pt\/wp-json\/wp\/v2\/pages\/1874\/revisions\/2088"}],"wp:attachment":[{"href":"https:\/\/fitconsent.com\/pt_pt\/wp-json\/wp\/v2\/media?parent=1874"}],"curies":[{"name":"wp","href":"https:\/\/api.w.org\/{rel}","templated":true}]}}