{"id":876,"date":"2025-08-27T20:39:56","date_gmt":"2025-08-27T20:39:56","guid":{"rendered":"https:\/\/fitconsent.com\/?page_id=876"},"modified":"2025-08-27T20:39:57","modified_gmt":"2025-08-27T20:39:57","slug":"termini-di-servizio","status":"publish","type":"page","link":"https:\/\/fitconsent.com\/it_it\/termini-di-servizio\/","title":{"rendered":"Termini di servizio"},"content":{"rendered":"\n\n<p>Ultimo aggiornamento: 24 luglio 2025<\/p>\n\n\n\n\n<p>Si prega di leggere attentamente questi termini e condizioni prima di utilizzare il nostro Servizio.<\/p>\n\n\n\n\n<h2 class=\"wp-block-heading\">Interpretazione e Definizioni<\/h2>\n\n\n\n\n<h3 class=\"wp-block-heading\">Interpretazione<\/h3>\n\n\n\n\n<p>Le parole la cui lettera iniziale \u00e8 maiuscola hanno significati definiti nelle seguenti condizioni. Le seguenti definizioni avranno lo stesso significato indipendentemente dal fatto che appaiano al singolare o al plurale.<\/p>\n\n\n\n\n<h3 class=\"wp-block-heading\">Definizioni<\/h3>\n\n\n\n\n<p>Ai fini dei presenti Termini e Condizioni:<\/p>\n\n\n\n\n<ul class=\"wp-block-list\">\n<li><strong>Applicazione<\/strong> si riferisce al programma software fornito dalla Societ\u00e0 scaricato da Voi su qualsiasi dispositivo elettronico, di nome FitConsent.<\/li>\n\n\n\n\n<li><strong>Societ\u00e0<\/strong> (indicata come &#8220;la Societ\u00e0&#8221;, &#8220;Noi&#8221;, &#8220;Nostro&#8221; o &#8220;Nostra&#8221; nel presente Accordo) si riferisce a FitConsent, un prodotto di DIGITLOAD.<\/li>\n\n\n\n\n<li><strong>Paese<\/strong> si riferisce a: Canada<\/li>\n\n\n\n\n<li><strong>Servizio<\/strong> si riferisce all&#8217;Applicazione.<\/li>\n\n\n\n\n<li><strong>Termini e Condizioni<\/strong> (anche indicati come &#8220;Termini&#8221;) significano i presenti Termini e Condizioni che formano l&#8217;intero accordo tra Voi e la Societ\u00e0 riguardante l&#8217;uso del Servizio.<\/li>\n\n\n\n\n<li><strong>Servizio di Social Media di Terze Parti<\/strong> si riferisce a qualsiasi servizio o contenuto (inclusi dati, informazioni, prodotti o servizi) fornito da una terza parte che potrebbe essere visualizzato, incluso o reso disponibile dal Servizio.<\/li>\n\n\n\n\n<li><strong>Voi<\/strong> si riferisce all&#8217;individuo che accede o utilizza il Servizio, o all&#8217;azienda, o altra entit\u00e0 legale per conto della quale tale individuo sta accedendo o utilizzando il Servizio, a seconda dei casi.<\/li>\n<\/ul>\n\n\n\n\n<h2 class=\"wp-block-heading\">Riconoscimento<\/h2>\n\n\n\n\n<p>Questi sono i Termini e Condizioni che regolano l&#8217;uso di questo Servizio e l&#8217;accordo che opera tra Voi e la Societ\u00e0. Questi Termini e Condizioni stabiliscono i diritti e gli obblighi di tutti gli utenti in merito all&#8217;uso del Servizio.<\/p>\n\n\n\n\n<p>Il Vostro accesso e l&#8217;uso del Servizio sono condizionati dalla Vostra accettazione e dal rispetto dei presenti Termini e Condizioni. Questi Termini e Condizioni si applicano a tutti i visitatori, utenti e altri che accedono o utilizzano il Servizio.<\/p>\n\n\n\n\n<p>Accedendo o utilizzando il Servizio accettate di essere vincolati da questi Termini e Condizioni. Se non siete d&#8217;accordo con una qualsiasi parte di questi Termini e Condizioni, non potete accedere al Servizio.<\/p>\n\n\n\n\n<p>Voi dichiarate di avere pi\u00f9 di 18 anni. La Societ\u00e0 non consente a coloro che hanno meno di 18 anni di utilizzare il Servizio.<\/p>\n\n\n\n\n<p>Il Vostro accesso e l&#8217;uso del Servizio sono anche condizionati dalla Vostra accettazione e dal rispetto della Politica sulla privacy della Societ\u00e0. La Nostra Politica sulla privacy descrive le Nostre politiche e procedure sulla raccolta, l&#8217;uso e la divulgazione delle Vostre informazioni personali quando utilizzate l&#8217;Applicazione o il Sito Web e Vi informa sui Vostri diritti di privacy e su come la legge Vi protegge. Si prega di leggere attentamente la Nostra Politica sulla privacy prima di utilizzare il Nostro Servizio.<\/p>\n\n\n\n\n<h2 class=\"wp-block-heading\">Account Utente<\/h2>\n\n\n\n\n<p>Quando create un account con Noi, dovete fornirci informazioni che siano accurate, complete e aggiornate in ogni momento. La mancata osservanza di ci\u00f2 costituisce una violazione dei Termini, che pu\u00f2 comportare l&#8217;immediata cessazione del Vostro account sul Nostro Servizio.<\/p>\n\n\n\n\n<p>Siete responsabili della salvaguardia della password che utilizzate per accedere al Servizio e di tutte le attivit\u00e0 o azioni sotto la Vostra password, sia che la Vostra password sia con il Nostro Servizio o con un Servizio di Social Media di Terze Parti.<\/p>\n\n\n\n\n<p>Accettate di non divulgare la Vostra password a terzi. Dovete notificarci immediatamente non appena venite a conoscenza di qualsiasi violazione della sicurezza o uso non autorizzato del Vostro account.<\/p>\n\n\n\n\n<h2 class=\"wp-block-heading\">Propriet\u00e0 Intellettuale<\/h2>\n\n\n\n\n<p>Il Servizio e il suo contenuto originale (esclusi i Contenuti forniti da Voi o da altri utenti), le sue caratteristiche e funzionalit\u00e0 sono e rimarranno di propriet\u00e0 esclusiva della Societ\u00e0 e dei suoi licenziatari.<\/p>\n\n\n\n\n<p>Il Servizio \u00e8 protetto da copyright, marchi e altre leggi sia del Paese che di paesi stranieri.<\/p>\n\n\n\n\n<p>I Nostri marchi e l&#8217;immagine commerciale non possono essere utilizzati in relazione a qualsiasi prodotto o servizio senza il previo consenso scritto della Societ\u00e0.<\/p>\n\n\n\n\n<h2 class=\"wp-block-heading\">Limitazione di Responsabilit\u00e0<\/h2>\n\n\n\n\n<p>Indipendentemente dai danni che Voi potreste subire, l&#8217;intera responsabilit\u00e0 della Societ\u00e0 e di qualsiasi suo fornitore ai sensi di qualsiasi disposizione dei presenti Termini e il Vostro unico rimedio per tutto quanto sopra sar\u00e0 limitato all&#8217;importo effettivamente pagato da Voi tramite il Servizio o 100 USD se non avete acquistato nulla tramite il Servizio.<\/p>\n\n\n\n\n<p>Nella misura massima consentita dalla legge applicabile, in nessun caso la Societ\u00e0 o i suoi fornitori saranno responsabili per danni speciali, incidentali, indiretti o consequenziali di qualsiasi tipo (inclusi, ma non limitati a, danni per perdita di profitti, perdita di dati o altre informazioni, per interruzione dell&#8217;attivit\u00e0, per lesioni personali, perdita della privacy derivanti da o in qualsiasi modo correlati all&#8217;uso o all&#8217;incapacit\u00e0 di utilizzare il Servizio, software di terze parti e\/o hardware di terze parti utilizzati con il Servizio, o altrimenti in connessione con qualsiasi disposizione dei presenti Termini), anche se la Societ\u00e0 o un fornitore sono stati avvisati della possibilit\u00e0 di tali danni e anche se il rimedio non raggiunge il suo scopo essenziale.<br><\/p>\n\n\n\n\n<h2 class=\"wp-block-heading\">Legge Applicabile<\/h2>\n\n\n\n\n<p>Le leggi del Paese, ad esclusione delle sue norme sul conflitto di leggi, regoleranno i presenti Termini e il Vostro uso del Servizio. L&#8217;uso dell&#8217;Applicazione da parte Vostra pu\u00f2 anche essere soggetto ad altre leggi locali, statali, nazionali o internazionali.<\/p>\n\n\n\n\n<h2 class=\"wp-block-heading\">Risoluzione delle Controversie<\/h2>\n\n\n\n\n<p>Se avete una preoccupazione o una controversia sul Servizio, accettate di provare a risolvere prima la controversia in modo informale contattando la Societ\u00e0.<\/p>\n\n\n\n\n<h2 class=\"wp-block-heading\">Divisibilit\u00e0 e Rinuncia<\/h2>\n\n\n\n\n<h3 class=\"wp-block-heading\">Divisibilit\u00e0<\/h3>\n\n\n\n\n<p>Se una qualsiasi disposizione di questi Termini viene ritenuta inapplicabile o non valida, tale disposizione sar\u00e0 modificata e interpretata per raggiungere gli obiettivi di tale disposizione nella massima misura possibile ai sensi della legge applicabile e le restanti disposizioni continueranno ad essere pienamente in vigore.<\/p>\n\n\n\n\n<h3 class=\"wp-block-heading\">Rinuncia<\/h3>\n\n\n\n\n<p>Salvo quanto qui previsto, la mancata esercitazione di un diritto o la mancata richiesta di esecuzione di un obbligo ai sensi dei presenti Termini non influenzer\u00e0 la capacit\u00e0 di una parte di esercitare tale diritto o richiedere tale esecuzione in qualsiasi momento successivo, n\u00e9 la rinuncia a una violazione costituir\u00e0 una rinuncia a qualsiasi violazione successiva.<\/p>\n\n\n\n\n<h2 class=\"wp-block-heading\">Modifiche ai Presenti Termini e Condizioni<\/h2>\n\n\n\n\n<p>Ci riserviamo il diritto, a Nostra esclusiva discrezione, di modificare o sostituire questi Termini in qualsiasi momento. Se una revisione \u00e8 sostanziale, faremo sforzi ragionevoli per fornire un preavviso di almeno 30 giorni prima che i nuovi termini entrino in vigore. Ci\u00f2 che costituisce un cambiamento sostanziale sar\u00e0 determinato a Nostra esclusiva discrezione.<\/p>\n\n\n\n\n<p>Continuando ad accedere o a utilizzare il Nostro Servizio dopo che tali revisioni diventano effettive, accettate di essere vincolati dai termini rivisti. Se non siete d&#8217;accordo con i nuovi termini, in tutto o in parte, vi preghiamo di smettere di utilizzare il sito web e il Servizio.<\/p>\n\n\n\n\n<h2 class=\"wp-block-heading\">Contattateci<\/h2>\n<!-- \/\/wp:heading -->\n\n\n\n<p>Se avete domande su questi Termini e Condizioni, potete contattarci:<\/p>\n\n\n\n\n<p>Visitando questa pagina sul nostro sito web: <a href=\"https:\/\/fitconsent.com\/contact\" target=\"_blank\" rel=\"noreferrer noopener\">https:\/\/fitconsent.com\/contact<\/a><\/p>\n\n\n\n\n<div style=\"height:100px\" aria-hidden=\"true\" class=\"wp-block-spacer\"><\/div>\n","protected":false},"excerpt":{"rendered":"<p>Ultimo aggiornamento: 24 luglio 2025 Si prega di leggere attentamente questi termini e condizioni prima di utilizzare il nostro Servizio. Interpretazione e Definizioni Interpretazione Le parole la cui lettera iniziale \u00e8 maiuscola hanno significati definiti nelle seguenti condizioni. Le seguenti definizioni avranno lo stesso significato indipendentemente dal fatto che appaiano al singolare o al plurale. [&hellip;]<\/p>\n","protected":false},"author":5,"featured_media":0,"parent":0,"menu_order":0,"comment_status":"closed","ping_status":"closed","template":"","meta":{"_fitconsent_language":"it_IT","_fitconsent_translation_group":"638","footnotes":""},"class_list":["post-876","page","type-page","status-publish","hentry"],"yoast_head":"<!-- This site is optimized with the Yoast SEO plugin v27.2 - https:\/\/yoast.com\/product\/yoast-seo-wordpress\/ -->\n<title>Termini di servizio - FitConsent<\/title>\n<meta name=\"robots\" content=\"index, follow, max-snippet:-1, max-image-preview:large, max-video-preview:-1\" \/>\n<link rel=\"canonical\" href=\"https:\/\/fitconsent.com\/it_it\/termini-di-servizio\/\" \/>\n<meta property=\"og:locale\" content=\"it_IT\" \/>\n<meta property=\"og:type\" content=\"article\" \/>\n<meta property=\"og:title\" content=\"Termini di servizio - FitConsent\" \/>\n<meta property=\"og:description\" content=\"Ultimo aggiornamento: 24 luglio 2025 Si prega di leggere attentamente questi termini e condizioni prima di utilizzare il nostro Servizio. Interpretazione e Definizioni Interpretazione Le parole la cui lettera iniziale \u00e8 maiuscola hanno significati definiti nelle seguenti condizioni. Le seguenti definizioni avranno lo stesso significato indipendentemente dal fatto che appaiano al singolare o al plurale. [&hellip;]\" \/>\n<meta property=\"og:url\" content=\"https:\/\/fitconsent.com\/it_it\/termini-di-servizio\/\" \/>\n<meta property=\"og:site_name\" content=\"FitConsent\" \/>\n<meta property=\"article:modified_time\" content=\"2025-08-27T20:39:57+00:00\" \/>\n<meta name=\"twitter:card\" content=\"summary_large_image\" \/>\n<meta name=\"twitter:label1\" content=\"Tempo di lettura stimato\" \/>\n\t<meta name=\"twitter:data1\" content=\"5 minuti\" \/>\n<script type=\"application\/ld+json\" class=\"yoast-schema-graph\">{\"@context\":\"https:\/\/schema.org\",\"@graph\":[{\"@type\":\"WebPage\",\"@id\":\"https:\/\/fitconsent.com\/it_it\/termini-di-servizio\/\",\"url\":\"https:\/\/fitconsent.com\/it_it\/termini-di-servizio\/\",\"name\":\"Termini di servizio - FitConsent\",\"isPartOf\":{\"@id\":\"https:\/\/fitconsent.com\/fr_fr\/#website\"},\"datePublished\":\"2025-08-27T20:39:56+00:00\",\"dateModified\":\"2025-08-27T20:39:57+00:00\",\"breadcrumb\":{\"@id\":\"https:\/\/fitconsent.com\/it_it\/termini-di-servizio\/#breadcrumb\"},\"inLanguage\":\"it-IT\",\"potentialAction\":[{\"@type\":\"ReadAction\",\"target\":[\"https:\/\/fitconsent.com\/it_it\/termini-di-servizio\/\"]}]},{\"@type\":\"BreadcrumbList\",\"@id\":\"https:\/\/fitconsent.com\/it_it\/termini-di-servizio\/#breadcrumb\",\"itemListElement\":[{\"@type\":\"ListItem\",\"position\":1,\"name\":\"Home\",\"item\":\"https:\/\/fitconsent.com\/\"},{\"@type\":\"ListItem\",\"position\":2,\"name\":\"Termini di servizio\"}]},{\"@type\":\"WebSite\",\"@id\":\"https:\/\/fitconsent.com\/fr_fr\/#website\",\"url\":\"https:\/\/fitconsent.com\/fr_fr\/\",\"name\":\"FitConsent\",\"description\":\"By DIGITLOAD\",\"publisher\":{\"@id\":\"https:\/\/fitconsent.com\/fr_fr\/#organization\"},\"potentialAction\":[{\"@type\":\"SearchAction\",\"target\":{\"@type\":\"EntryPoint\",\"urlTemplate\":\"https:\/\/fitconsent.com\/fr_fr\/?s={search_term_string}\"},\"query-input\":{\"@type\":\"PropertyValueSpecification\",\"valueRequired\":true,\"valueName\":\"search_term_string\"}}],\"inLanguage\":\"it-IT\"},{\"@type\":\"Organization\",\"@id\":\"https:\/\/fitconsent.com\/fr_fr\/#organization\",\"name\":\"DIGITLOAD\",\"url\":\"https:\/\/fitconsent.com\/fr_fr\/\",\"logo\":{\"@type\":\"ImageObject\",\"inLanguage\":\"it-IT\",\"@id\":\"https:\/\/fitconsent.com\/fr_fr\/#\/schema\/logo\/image\/\",\"url\":\"https:\/\/fitconsent.com\/wp-content\/uploads\/2025\/08\/cropped-icon.png\",\"contentUrl\":\"https:\/\/fitconsent.com\/wp-content\/uploads\/2025\/08\/cropped-icon.png\",\"width\":512,\"height\":512,\"caption\":\"DIGITLOAD\"},\"image\":{\"@id\":\"https:\/\/fitconsent.com\/fr_fr\/#\/schema\/logo\/image\/\"}}]}<\/script>\n<!-- \/ Yoast SEO plugin. -->","yoast_head_json":{"title":"Termini di servizio - FitConsent","robots":{"index":"index","follow":"follow","max-snippet":"max-snippet:-1","max-image-preview":"max-image-preview:large","max-video-preview":"max-video-preview:-1"},"canonical":"https:\/\/fitconsent.com\/it_it\/termini-di-servizio\/","og_locale":"it_IT","og_type":"article","og_title":"Termini di servizio - FitConsent","og_description":"Ultimo aggiornamento: 24 luglio 2025 Si prega di leggere attentamente questi termini e condizioni prima di utilizzare il nostro Servizio. Interpretazione e Definizioni Interpretazione Le parole la cui lettera iniziale \u00e8 maiuscola hanno significati definiti nelle seguenti condizioni. Le seguenti definizioni avranno lo stesso significato indipendentemente dal fatto che appaiano al singolare o al plurale. [&hellip;]","og_url":"https:\/\/fitconsent.com\/it_it\/termini-di-servizio\/","og_site_name":"FitConsent","article_modified_time":"2025-08-27T20:39:57+00:00","twitter_card":"summary_large_image","twitter_misc":{"Tempo di lettura stimato":"5 minuti"},"schema":{"@context":"https:\/\/schema.org","@graph":[{"@type":"WebPage","@id":"https:\/\/fitconsent.com\/it_it\/termini-di-servizio\/","url":"https:\/\/fitconsent.com\/it_it\/termini-di-servizio\/","name":"Termini di servizio - FitConsent","isPartOf":{"@id":"https:\/\/fitconsent.com\/fr_fr\/#website"},"datePublished":"2025-08-27T20:39:56+00:00","dateModified":"2025-08-27T20:39:57+00:00","breadcrumb":{"@id":"https:\/\/fitconsent.com\/it_it\/termini-di-servizio\/#breadcrumb"},"inLanguage":"it-IT","potentialAction":[{"@type":"ReadAction","target":["https:\/\/fitconsent.com\/it_it\/termini-di-servizio\/"]}]},{"@type":"BreadcrumbList","@id":"https:\/\/fitconsent.com\/it_it\/termini-di-servizio\/#breadcrumb","itemListElement":[{"@type":"ListItem","position":1,"name":"Home","item":"https:\/\/fitconsent.com\/"},{"@type":"ListItem","position":2,"name":"Termini di servizio"}]},{"@type":"WebSite","@id":"https:\/\/fitconsent.com\/fr_fr\/#website","url":"https:\/\/fitconsent.com\/fr_fr\/","name":"FitConsent","description":"By DIGITLOAD","publisher":{"@id":"https:\/\/fitconsent.com\/fr_fr\/#organization"},"potentialAction":[{"@type":"SearchAction","target":{"@type":"EntryPoint","urlTemplate":"https:\/\/fitconsent.com\/fr_fr\/?s={search_term_string}"},"query-input":{"@type":"PropertyValueSpecification","valueRequired":true,"valueName":"search_term_string"}}],"inLanguage":"it-IT"},{"@type":"Organization","@id":"https:\/\/fitconsent.com\/fr_fr\/#organization","name":"DIGITLOAD","url":"https:\/\/fitconsent.com\/fr_fr\/","logo":{"@type":"ImageObject","inLanguage":"it-IT","@id":"https:\/\/fitconsent.com\/fr_fr\/#\/schema\/logo\/image\/","url":"https:\/\/fitconsent.com\/wp-content\/uploads\/2025\/08\/cropped-icon.png","contentUrl":"https:\/\/fitconsent.com\/wp-content\/uploads\/2025\/08\/cropped-icon.png","width":512,"height":512,"caption":"DIGITLOAD"},"image":{"@id":"https:\/\/fitconsent.com\/fr_fr\/#\/schema\/logo\/image\/"}}]}},"_links":{"self":[{"href":"https:\/\/fitconsent.com\/it_it\/wp-json\/wp\/v2\/pages\/876","targetHints":{"allow":["GET"]}}],"collection":[{"href":"https:\/\/fitconsent.com\/it_it\/wp-json\/wp\/v2\/pages"}],"about":[{"href":"https:\/\/fitconsent.com\/it_it\/wp-json\/wp\/v2\/types\/page"}],"author":[{"embeddable":true,"href":"https:\/\/fitconsent.com\/it_it\/wp-json\/wp\/v2\/users\/5"}],"replies":[{"embeddable":true,"href":"https:\/\/fitconsent.com\/it_it\/wp-json\/wp\/v2\/comments?post=876"}],"version-history":[{"count":1,"href":"https:\/\/fitconsent.com\/it_it\/wp-json\/wp\/v2\/pages\/876\/revisions"}],"predecessor-version":[{"id":877,"href":"https:\/\/fitconsent.com\/it_it\/wp-json\/wp\/v2\/pages\/876\/revisions\/877"}],"wp:attachment":[{"href":"https:\/\/fitconsent.com\/it_it\/wp-json\/wp\/v2\/media?parent=876"}],"curies":[{"name":"wp","href":"https:\/\/api.w.org\/{rel}","templated":true}]}}