{"id":2075,"date":"2025-10-21T18:21:35","date_gmt":"2025-10-21T18:21:35","guid":{"rendered":"https:\/\/fitconsent.com\/?page_id=2075"},"modified":"2025-10-21T18:21:38","modified_gmt":"2025-10-21T18:21:38","slug":"uet-di-microsoft-monitoraggio-universale-degli-eventi","status":"publish","type":"page","link":"https:\/\/fitconsent.com\/it_it\/uet-di-microsoft-monitoraggio-universale-degli-eventi\/","title":{"rendered":"La Guida Essenziale alla Modalit\u00e0 di Consenso UET di Microsoft e Perch\u00e9 FitConsent CMP \u00e8 Cruciale"},"content":{"rendered":"\n<h3 class=\"wp-block-heading\">Comprendere la Modalit\u00e0 di Consenso UET di Microsoft<\/h3>\n\n\n\n<p>Il <strong>Monitoraggio Universale degli Eventi (UET) di Microsoft<\/strong> \u00e8 uno strumento essenziale per gli inserzionisti che utilizzano Microsoft Advertising (precedentemente Bing Ads). Il <em>tag<\/em> UET aiuta a misurare l&#8217;efficacia delle campagne pubblicitarie tracciando le azioni degli utenti (conversioni) su un sito web, come acquisti, iscrizioni o visualizzazioni di pagina.<\/p>\n\n\n\n<figure class=\"wp-block-image aligncenter size-full\"><img loading=\"lazy\" decoding=\"async\" width=\"800\" height=\"387\" src=\"https:\/\/fitconsent.com\/wp-content\/uploads\/2025\/10\/15.png\" alt=\"Microsoft UET Consent Mode\" class=\"wp-image-2037\" srcset=\"https:\/\/fitconsent.com\/wp-content\/uploads\/2025\/10\/15.png 800w, https:\/\/fitconsent.com\/wp-content\/uploads\/2025\/10\/15-300x145.png 300w, https:\/\/fitconsent.com\/wp-content\/uploads\/2025\/10\/15-768x372.png 768w, https:\/\/fitconsent.com\/wp-content\/uploads\/2025\/10\/15-600x290.png 600w\" sizes=\"auto, (max-width: 800px) 100vw, 800px\" \/><\/figure>\n\n\n\n<p>La <strong>Modalit\u00e0 di Consenso UET di Microsoft<\/strong> \u00e8 il meccanismo che consente all&#8217;UET di regolare il suo comportamento di tracciamento in base alle preferenze di consenso esplicito di un utente, garantendo la conformit\u00e0 con le normative globali sulla privacy dei dati in evoluzione come il <strong><a href=\"https:\/\/fitconsent.com\/it_it\/gdpr-regolamento-generale-sulla-protezione-dei-dati-spiegato\/\">GDPR<\/a><\/strong>, il <strong><a href=\"https:\/\/fitconsent.com\/it_it\/ccpa-cpra-consumatori-della-california-e-privacy-dei-dati\/\">CCPA<\/a><\/strong> e il Digital Markets Act (DMA) dell&#8217;UE.<\/p>\n\n\n\n<p>Quando un utente arriva sul tuo sito web, la Modalit\u00e0 di Consenso verifica lo stato del consenso per <code>ad_storage<\/code>:<\/p>\n\n\n\n<ul class=\"wp-block-list\">\n<li><strong>Se il consenso \u00e8 concesso:<\/strong> Il <em>tag<\/em> UET si attiva normalmente, impostando e leggendo i <em>cookie<\/em> per tracciare conversioni dettagliate, popolare gli elenchi di <em>remarketing<\/em> e ottimizzare le strategie di offerta.<\/li>\n\n\n\n<li><strong>Se il consenso \u00e8 negato:<\/strong> Il <em>tag<\/em> UET \u00e8 limitato. Invia segnali di dati limitati, anonimi e non personali (noti come &#8220;ping&#8221;) senza impostare o leggere <em>cookie<\/em> per scopi pubblicitari, oppure viene bloccato completamente, a seconda del metodo di implementazione (di base o avanzato). Ci\u00f2 consente una reportistica aggregata di base pur rispettando la scelta di privacy dell&#8217;utente.<\/li>\n<\/ul>\n\n\n\n<p>L&#8217;implementazione della Modalit\u00e0 di Consenso UET non \u00e8 pi\u00f9 facoltativa; \u00e8 <strong>obbligatoria<\/strong> per tutti gli inserzionisti che si rivolgono a utenti nello Spazio Economico Europeo (SEE), nel Regno Unito e in Svizzera per prevenire una significativa perdita di dati, la sospensione del tracciamento delle conversioni e la disabilitazione delle funzionalit\u00e0 di <em>remarketing<\/em>.<\/p>\n\n\n\n<hr class=\"wp-block-separator has-alpha-channel-opacity\"\/>\n\n\n\n<h3 class=\"wp-block-heading\">Il Ruolo Critico di FitConsent CMP nella Conformit\u00e0 UET<\/h3>\n\n\n\n<p>L&#8217;implementazione manuale della Modalit\u00e0 di Consenso UET di Microsoft pu\u00f2 essere tecnicamente complessa, soggetta a errori e difficile da sottoporre ad <em>audit<\/em> per la conformit\u00e0 continua. \u00c8 qui che una solida <strong><a href=\"https:\/\/fitconsent.com\/it_it\/piattaforma-di-gestione-del-consenso-utente-cmp\/\">Piattaforma di Gestione del Consenso (CMP)<\/a><\/strong> diventa indispensabile.<\/p>\n\n\n\n<p>Una potente <strong><a href=\"https:\/\/fitconsent.com\/it_it\/piattaforma-di-gestione-del-consenso-utente-cmp\/\">CMP<\/a><\/strong> come <strong><a href=\"https:\/\/fitconsent.com\/it_it\/piattaforma-di-gestione-del-consenso-degli-utenti-cmp-gdpr-e-ccpa\/?lang=it_IT\">FitConsent<\/a><\/strong> fornisce l&#8217;integrazione fluida e automatizzata necessaria per gestire le complessit\u00e0 della Modalit\u00e0 di Consenso UET. <strong><a href=\"https:\/\/fitconsent.com\/it_it\/piattaforma-di-gestione-del-consenso-degli-utenti-cmp-gdpr-e-ccpa\/?lang=it_IT\">FitConsent<\/a> CMP<\/strong> garantisce che:<\/p>\n\n\n\n<ul class=\"wp-block-list\">\n<li><strong>Raccolta del Consenso Valido:<\/strong> Visualizza un <em>banner<\/em> personalizzabile e conforme per raccogliere accuratamente il consenso dell&#8217;utente per la pubblicit\u00e0 e il tracciamento.<\/li>\n\n\n\n<li><strong>Mappatura dei Segnali in Tempo Reale:<\/strong> Traduce automaticamente le scelte dell&#8217;utente nei segnali <code>ad_storage<\/code> corretti (<strong>concesso<\/strong> o <strong>negato<\/strong>) e li comunica istantaneamente al <em>tag<\/em> UET di Microsoft, che \u00e8 la funzione principale della Modalit\u00e0 di Consenso.<\/li>\n\n\n\n<li><strong>Copertura Normativa:<\/strong> Gestisce il consenso non solo per UET ma su tutte le principali piattaforme pubblicitarie ed \u00e8 costantemente aggiornata per conformarsi alle normative in evoluzione in tutto il mondo, dal <strong><a href=\"https:\/\/fitconsent.com\/it_it\/gdpr-regolamento-generale-sulla-protezione-dei-dati-spiegato\/\">GDPR<\/a><\/strong> al <strong><a href=\"https:\/\/fitconsent.com\/it_it\/ccpa-cpra-consumatori-della-california-e-privacy-dei-dati\/\">CCPA<\/a><\/strong>.<\/li>\n\n\n\n<li><strong>Traccia di <em>Audit<\/em>:<\/strong> <strong><a href=\"https:\/\/fitconsent.com\/it_it\/piattaforma-di-gestione-del-consenso-degli-utenti-cmp-gdpr-e-ccpa\/?lang=it_IT\">FitConsent<\/a> CMP<\/strong> mantiene una registrazione legalmente valida e con <em>timestamp<\/em> di ogni decisione di consenso dell&#8217;utente, cruciale per dimostrare la conformit\u00e0 durante un <em>audit<\/em>.<\/li>\n<\/ul>\n\n\n\n<h3 class=\"wp-block-heading\">Conformit\u00e0 Senza Interruzioni per i Siti WordPress con FitConsent<\/h3>\n\n\n\n<p>Per milioni di proprietari di siti web <strong>WordPress<\/strong>, la conformit\u00e0 deve essere semplice e non invasiva. <strong><a href=\"https:\/\/fitconsent.com\/it_it\/piattaforma-di-gestione-del-consenso-degli-utenti-cmp-gdpr-e-ccpa\/?lang=it_IT\">FitConsent<\/a><\/strong> fornisce una <strong><a href=\"https:\/\/fitconsent.com\/it_it\/piattaforma-di-gestione-del-consenso-utente-cmp\/\">Piattaforma di Gestione del Consenso (CMP)<\/a><\/strong> potente ma semplice, specificamente progettata come un <strong><a href=\"https:\/\/wordpress.org\/plugins\/fitconsent-cmp\/#description\">plugin WordPress<\/a><\/strong> per aiutarti a rispettare le normative sulla privacy come il <strong><a href=\"https:\/\/fitconsent.com\/it_it\/gdpr-regolamento-generale-sulla-protezione-dei-dati-spiegato\/\">GDPR<\/a><\/strong> e il <strong><a href=\"https:\/\/fitconsent.com\/it_it\/ccpa-cpra-consumatori-della-california-e-privacy-dei-dati\/\">CCPA<\/a><\/strong>.<\/p>\n\n\n\n<p>Il <strong><a href=\"https:\/\/wordpress.org\/plugins\/fitconsent-cmp\/#description\">plugin WordPress FitConsent<\/a><\/strong> rende incredibilmente facile aggiungere il necessario <em>banner<\/em> di consenso al tuo sito. Ancora pi\u00f9 importante, fornisce una compatibilit\u00e0 automatica e pronta all&#8217;uso con l&#8217;<strong>API di Consenso WP<\/strong>, che \u00e8 il metodo standardizzato utilizzato dalle principali integrazioni come <strong>Google Site Kit<\/strong>.<\/p>\n\n\n\n<p>Utilizzando questo <em><a href=\"https:\/\/wordpress.org\/plugins\/fitconsent-cmp\/#description\">plugin<\/a><\/em>, puoi abilitare la <strong>funzione di modalit\u00e0 di consenso di Google Site Kit<\/strong> ed essere certo che le scelte di consenso dei tuoi utenti siano rispettate, consentendo un&#8217;analisi e un tracciamento degli annunci conformi ed efficaci. La sinergia tra <strong><a href=\"https:\/\/fitconsent.com\/it_it\/piattaforma-di-gestione-del-consenso-degli-utenti-cmp-gdpr-e-ccpa\/?lang=it_IT\">FitConsent<\/a><\/strong>, l&#8217;<strong>API di Consenso WP<\/strong> e la Modalit\u00e0 di Consenso UET garantisce che la tua raccolta di dati sia legalmente valida, riducendo al minimo il rischio di conformit\u00e0 e massimizzando al contempo il tuo ROI di <em>marketing<\/em>.<\/p>\n\n\n\n<p>Utilizzando una soluzione specializzata come <strong><a href=\"https:\/\/fitconsent.com\/it_it\/piattaforma-di-gestione-del-consenso-degli-utenti-cmp-gdpr-e-ccpa\/?lang=it_IT\">FitConsent<\/a><\/strong>, vai oltre la conformit\u00e0 di base. Ottieni un vantaggio competitivo riducendo al minimo la perdita di dati attraverso prestazioni ottimizzate del <em>banner<\/em> e garantendo al contempo che le tue campagne Microsoft Advertising siano sia efficaci che legalmente conformi.<\/p>\n","protected":false},"excerpt":{"rendered":"<p>Comprendere la Modalit\u00e0 di Consenso UET di Microsoft Il Monitoraggio Universale degli Eventi (UET) di Microsoft \u00e8 uno strumento essenziale per gli inserzionisti che utilizzano Microsoft Advertising (precedentemente Bing Ads). Il tag UET aiuta a misurare l&#8217;efficacia delle campagne pubblicitarie tracciando le azioni degli utenti (conversioni) su un sito web, come acquisti, iscrizioni o visualizzazioni [&hellip;]<\/p>\n","protected":false},"author":5,"featured_media":0,"parent":0,"menu_order":0,"comment_status":"closed","ping_status":"closed","template":"","meta":{"_fitconsent_language":"it_IT","_fitconsent_translation_group":"2035","footnotes":""},"class_list":["post-2075","page","type-page","status-publish","hentry"],"yoast_head":"<!-- This site is optimized with the Yoast SEO plugin v27.2 - https:\/\/yoast.com\/product\/yoast-seo-wordpress\/ -->\n<title>UET di Microsoft: Monitoraggio Universale degli Eventi<\/title>\n<meta name=\"description\" content=\"La Guida Essenziale alla Modalit\u00e0 di Consenso UET di Microsoft e Perch\u00e9 FitConsent CMP \u00e8 Cruciale\" \/>\n<meta name=\"robots\" content=\"index, follow, max-snippet:-1, max-image-preview:large, max-video-preview:-1\" \/>\n<link rel=\"canonical\" href=\"https:\/\/fitconsent.com\/it_it\/uet-di-microsoft-monitoraggio-universale-degli-eventi\/\" \/>\n<meta property=\"og:locale\" content=\"it_IT\" \/>\n<meta property=\"og:type\" content=\"article\" \/>\n<meta property=\"og:title\" content=\"UET di Microsoft: Monitoraggio Universale degli Eventi\" \/>\n<meta property=\"og:description\" content=\"La Guida Essenziale alla Modalit\u00e0 di Consenso UET di Microsoft e Perch\u00e9 FitConsent CMP \u00e8 Cruciale\" \/>\n<meta property=\"og:url\" content=\"https:\/\/fitconsent.com\/it_it\/uet-di-microsoft-monitoraggio-universale-degli-eventi\/\" \/>\n<meta property=\"og:site_name\" content=\"FitConsent\" \/>\n<meta property=\"article:modified_time\" content=\"2025-10-21T18:21:38+00:00\" \/>\n<meta property=\"og:image\" content=\"https:\/\/fitconsent.com\/wp-content\/uploads\/2025\/10\/15.png\" \/>\n<meta name=\"twitter:card\" content=\"summary_large_image\" \/>\n<meta name=\"twitter:label1\" content=\"Tempo di lettura stimato\" \/>\n\t<meta name=\"twitter:data1\" content=\"4 minuti\" \/>\n<script type=\"application\/ld+json\" class=\"yoast-schema-graph\">{\"@context\":\"https:\/\/schema.org\",\"@graph\":[{\"@type\":\"WebPage\",\"@id\":\"https:\/\/fitconsent.com\/it_it\/uet-di-microsoft-monitoraggio-universale-degli-eventi\/\",\"url\":\"https:\/\/fitconsent.com\/it_it\/uet-di-microsoft-monitoraggio-universale-degli-eventi\/\",\"name\":\"UET di Microsoft: Monitoraggio Universale degli Eventi\",\"isPartOf\":{\"@id\":\"https:\/\/fitconsent.com\/fr_fr\/#website\"},\"primaryImageOfPage\":{\"@id\":\"https:\/\/fitconsent.com\/it_it\/uet-di-microsoft-monitoraggio-universale-degli-eventi\/#primaryimage\"},\"image\":{\"@id\":\"https:\/\/fitconsent.com\/it_it\/uet-di-microsoft-monitoraggio-universale-degli-eventi\/#primaryimage\"},\"thumbnailUrl\":\"https:\/\/fitconsent.com\/wp-content\/uploads\/2025\/10\/15.png\",\"datePublished\":\"2025-10-21T18:21:35+00:00\",\"dateModified\":\"2025-10-21T18:21:38+00:00\",\"description\":\"La Guida Essenziale alla Modalit\u00e0 di Consenso UET di Microsoft e Perch\u00e9 FitConsent CMP \u00e8 Cruciale\",\"breadcrumb\":{\"@id\":\"https:\/\/fitconsent.com\/it_it\/uet-di-microsoft-monitoraggio-universale-degli-eventi\/#breadcrumb\"},\"inLanguage\":\"it-IT\",\"potentialAction\":[{\"@type\":\"ReadAction\",\"target\":[\"https:\/\/fitconsent.com\/it_it\/uet-di-microsoft-monitoraggio-universale-degli-eventi\/\"]}]},{\"@type\":\"ImageObject\",\"inLanguage\":\"it-IT\",\"@id\":\"https:\/\/fitconsent.com\/it_it\/uet-di-microsoft-monitoraggio-universale-degli-eventi\/#primaryimage\",\"url\":\"https:\/\/fitconsent.com\/wp-content\/uploads\/2025\/10\/15.png\",\"contentUrl\":\"https:\/\/fitconsent.com\/wp-content\/uploads\/2025\/10\/15.png\"},{\"@type\":\"BreadcrumbList\",\"@id\":\"https:\/\/fitconsent.com\/it_it\/uet-di-microsoft-monitoraggio-universale-degli-eventi\/#breadcrumb\",\"itemListElement\":[{\"@type\":\"ListItem\",\"position\":1,\"name\":\"Home\",\"item\":\"https:\/\/fitconsent.com\/\"},{\"@type\":\"ListItem\",\"position\":2,\"name\":\"La Guida Essenziale alla Modalit\u00e0 di Consenso UET di Microsoft e Perch\u00e9 FitConsent CMP \u00e8 Cruciale\"}]},{\"@type\":\"WebSite\",\"@id\":\"https:\/\/fitconsent.com\/fr_fr\/#website\",\"url\":\"https:\/\/fitconsent.com\/fr_fr\/\",\"name\":\"FitConsent\",\"description\":\"By DIGITLOAD\",\"publisher\":{\"@id\":\"https:\/\/fitconsent.com\/fr_fr\/#organization\"},\"potentialAction\":[{\"@type\":\"SearchAction\",\"target\":{\"@type\":\"EntryPoint\",\"urlTemplate\":\"https:\/\/fitconsent.com\/fr_fr\/?s={search_term_string}\"},\"query-input\":{\"@type\":\"PropertyValueSpecification\",\"valueRequired\":true,\"valueName\":\"search_term_string\"}}],\"inLanguage\":\"it-IT\"},{\"@type\":\"Organization\",\"@id\":\"https:\/\/fitconsent.com\/fr_fr\/#organization\",\"name\":\"DIGITLOAD\",\"url\":\"https:\/\/fitconsent.com\/fr_fr\/\",\"logo\":{\"@type\":\"ImageObject\",\"inLanguage\":\"it-IT\",\"@id\":\"https:\/\/fitconsent.com\/fr_fr\/#\/schema\/logo\/image\/\",\"url\":\"https:\/\/fitconsent.com\/wp-content\/uploads\/2025\/08\/cropped-icon.png\",\"contentUrl\":\"https:\/\/fitconsent.com\/wp-content\/uploads\/2025\/08\/cropped-icon.png\",\"width\":512,\"height\":512,\"caption\":\"DIGITLOAD\"},\"image\":{\"@id\":\"https:\/\/fitconsent.com\/fr_fr\/#\/schema\/logo\/image\/\"}}]}<\/script>\n<!-- \/ Yoast SEO plugin. -->","yoast_head_json":{"title":"UET di Microsoft: Monitoraggio Universale degli Eventi","description":"La Guida Essenziale alla Modalit\u00e0 di Consenso UET di Microsoft e Perch\u00e9 FitConsent CMP \u00e8 Cruciale","robots":{"index":"index","follow":"follow","max-snippet":"max-snippet:-1","max-image-preview":"max-image-preview:large","max-video-preview":"max-video-preview:-1"},"canonical":"https:\/\/fitconsent.com\/it_it\/uet-di-microsoft-monitoraggio-universale-degli-eventi\/","og_locale":"it_IT","og_type":"article","og_title":"UET di Microsoft: Monitoraggio Universale degli Eventi","og_description":"La Guida Essenziale alla Modalit\u00e0 di Consenso UET di Microsoft e Perch\u00e9 FitConsent CMP \u00e8 Cruciale","og_url":"https:\/\/fitconsent.com\/it_it\/uet-di-microsoft-monitoraggio-universale-degli-eventi\/","og_site_name":"FitConsent","article_modified_time":"2025-10-21T18:21:38+00:00","og_image":[{"url":"https:\/\/fitconsent.com\/wp-content\/uploads\/2025\/10\/15.png","type":"","width":"","height":""}],"twitter_card":"summary_large_image","twitter_misc":{"Tempo di lettura stimato":"4 minuti"},"schema":{"@context":"https:\/\/schema.org","@graph":[{"@type":"WebPage","@id":"https:\/\/fitconsent.com\/it_it\/uet-di-microsoft-monitoraggio-universale-degli-eventi\/","url":"https:\/\/fitconsent.com\/it_it\/uet-di-microsoft-monitoraggio-universale-degli-eventi\/","name":"UET di Microsoft: Monitoraggio Universale degli Eventi","isPartOf":{"@id":"https:\/\/fitconsent.com\/fr_fr\/#website"},"primaryImageOfPage":{"@id":"https:\/\/fitconsent.com\/it_it\/uet-di-microsoft-monitoraggio-universale-degli-eventi\/#primaryimage"},"image":{"@id":"https:\/\/fitconsent.com\/it_it\/uet-di-microsoft-monitoraggio-universale-degli-eventi\/#primaryimage"},"thumbnailUrl":"https:\/\/fitconsent.com\/wp-content\/uploads\/2025\/10\/15.png","datePublished":"2025-10-21T18:21:35+00:00","dateModified":"2025-10-21T18:21:38+00:00","description":"La Guida Essenziale alla Modalit\u00e0 di Consenso UET di Microsoft e Perch\u00e9 FitConsent CMP \u00e8 Cruciale","breadcrumb":{"@id":"https:\/\/fitconsent.com\/it_it\/uet-di-microsoft-monitoraggio-universale-degli-eventi\/#breadcrumb"},"inLanguage":"it-IT","potentialAction":[{"@type":"ReadAction","target":["https:\/\/fitconsent.com\/it_it\/uet-di-microsoft-monitoraggio-universale-degli-eventi\/"]}]},{"@type":"ImageObject","inLanguage":"it-IT","@id":"https:\/\/fitconsent.com\/it_it\/uet-di-microsoft-monitoraggio-universale-degli-eventi\/#primaryimage","url":"https:\/\/fitconsent.com\/wp-content\/uploads\/2025\/10\/15.png","contentUrl":"https:\/\/fitconsent.com\/wp-content\/uploads\/2025\/10\/15.png"},{"@type":"BreadcrumbList","@id":"https:\/\/fitconsent.com\/it_it\/uet-di-microsoft-monitoraggio-universale-degli-eventi\/#breadcrumb","itemListElement":[{"@type":"ListItem","position":1,"name":"Home","item":"https:\/\/fitconsent.com\/"},{"@type":"ListItem","position":2,"name":"La Guida Essenziale alla Modalit\u00e0 di Consenso UET di Microsoft e Perch\u00e9 FitConsent CMP \u00e8 Cruciale"}]},{"@type":"WebSite","@id":"https:\/\/fitconsent.com\/fr_fr\/#website","url":"https:\/\/fitconsent.com\/fr_fr\/","name":"FitConsent","description":"By DIGITLOAD","publisher":{"@id":"https:\/\/fitconsent.com\/fr_fr\/#organization"},"potentialAction":[{"@type":"SearchAction","target":{"@type":"EntryPoint","urlTemplate":"https:\/\/fitconsent.com\/fr_fr\/?s={search_term_string}"},"query-input":{"@type":"PropertyValueSpecification","valueRequired":true,"valueName":"search_term_string"}}],"inLanguage":"it-IT"},{"@type":"Organization","@id":"https:\/\/fitconsent.com\/fr_fr\/#organization","name":"DIGITLOAD","url":"https:\/\/fitconsent.com\/fr_fr\/","logo":{"@type":"ImageObject","inLanguage":"it-IT","@id":"https:\/\/fitconsent.com\/fr_fr\/#\/schema\/logo\/image\/","url":"https:\/\/fitconsent.com\/wp-content\/uploads\/2025\/08\/cropped-icon.png","contentUrl":"https:\/\/fitconsent.com\/wp-content\/uploads\/2025\/08\/cropped-icon.png","width":512,"height":512,"caption":"DIGITLOAD"},"image":{"@id":"https:\/\/fitconsent.com\/fr_fr\/#\/schema\/logo\/image\/"}}]}},"_links":{"self":[{"href":"https:\/\/fitconsent.com\/it_it\/wp-json\/wp\/v2\/pages\/2075","targetHints":{"allow":["GET"]}}],"collection":[{"href":"https:\/\/fitconsent.com\/it_it\/wp-json\/wp\/v2\/pages"}],"about":[{"href":"https:\/\/fitconsent.com\/it_it\/wp-json\/wp\/v2\/types\/page"}],"author":[{"embeddable":true,"href":"https:\/\/fitconsent.com\/it_it\/wp-json\/wp\/v2\/users\/5"}],"replies":[{"embeddable":true,"href":"https:\/\/fitconsent.com\/it_it\/wp-json\/wp\/v2\/comments?post=2075"}],"version-history":[{"count":1,"href":"https:\/\/fitconsent.com\/it_it\/wp-json\/wp\/v2\/pages\/2075\/revisions"}],"predecessor-version":[{"id":2076,"href":"https:\/\/fitconsent.com\/it_it\/wp-json\/wp\/v2\/pages\/2075\/revisions\/2076"}],"wp:attachment":[{"href":"https:\/\/fitconsent.com\/it_it\/wp-json\/wp\/v2\/media?parent=2075"}],"curies":[{"name":"wp","href":"https:\/\/api.w.org\/{rel}","templated":true}]}}