{"id":1951,"date":"2025-10-18T18:25:16","date_gmt":"2025-10-18T18:25:16","guid":{"rendered":"https:\/\/fitconsent.com\/?page_id=1951"},"modified":"2025-10-21T18:28:35","modified_gmt":"2025-10-21T18:28:35","slug":"ccpa-cpra-consumatori-della-california-e-privacy-dei-dati","status":"publish","type":"page","link":"https:\/\/fitconsent.com\/it_it\/ccpa-cpra-consumatori-della-california-e-privacy-dei-dati\/","title":{"rendered":"Il CCPA\/CPRA Spiegato: Dare Potere ai Consumatori della California con Diritti sulla Privacy dei Dati"},"content":{"rendered":"\n<p>Il <strong>California Consumer Privacy Act (CCPA)<\/strong>, in vigore dal 1\u00b0 gennaio 2020 e significativamente esteso dal <strong>California Privacy Rights Act (CPRA)<\/strong> nel 2023, \u00e8 una delle leggi sulla privacy a livello statale pi\u00f9 complete degli Stati Uniti. Mentre il <a href=\"https:\/\/fitconsent.com\/it_it\/gdpr-regolamento-generale-sulla-protezione-dei-dati-spiegato\/\">GDPR<\/a> si concentra sui residenti europei, il CCPA\/CPRA conferisce ai consumatori californiani ampi diritti sulle loro informazioni personali e impone obblighi rigorosi alle aziende che le raccolgono e le elaborano.<br><\/p>\n\n\n\n<figure class=\"wp-block-image aligncenter size-full\"><img loading=\"lazy\" decoding=\"async\" width=\"800\" height=\"710\" src=\"https:\/\/fitconsent.com\/wp-content\/uploads\/2025\/10\/13.png\" alt=\"California Consumer Privacy Act CCPA, California Privacy Rights Act CPRA\" class=\"wp-image-1922\" srcset=\"https:\/\/fitconsent.com\/wp-content\/uploads\/2025\/10\/13.png 800w, https:\/\/fitconsent.com\/wp-content\/uploads\/2025\/10\/13-300x266.png 300w, https:\/\/fitconsent.com\/wp-content\/uploads\/2025\/10\/13-768x682.png 768w, https:\/\/fitconsent.com\/wp-content\/uploads\/2025\/10\/13-600x533.png 600w\" sizes=\"auto, (max-width: 800px) 100vw, 800px\" \/><\/figure>\n\n\n\n<h3 class=\"wp-block-heading\">Che cos&#8217;\u00e8 il CCPA\/CPRA?<\/h3>\n\n\n\n<p>Il CCPA (e il suo successore, il CPRA) \u00e8 una legge pionieristica sulla privacy che concede ai residenti della California (consumatori) nuovi diritti riguardo alle loro informazioni personali. A differenza del <a href=\"https:\/\/fitconsent.com\/it_it\/gdpr-regolamento-generale-sulla-protezione-dei-dati-spiegato\/\">GDPR<\/a>, che si concentra sulla base legale per il trattamento, il CCPA\/CPRA riguarda maggiormente il controllo e la trasparenza del consumatore riguardo a come le aziende <em>gestiscono<\/em> i loro dati.<\/p>\n\n\n\n<p>Si applica generalmente alle aziende a scopo di lucro che raccolgono informazioni personali dai residenti della California e soddisfano una o pi\u00f9 delle seguenti soglie:<\/p>\n\n\n\n<ul class=\"wp-block-list\">\n<li>Ha un fatturato annuo lordo superiore a 25 milioni di dollari.<\/li>\n\n\n\n<li>Acquista, riceve o vende le informazioni personali di 100.000 o pi\u00f9 consumatori o famiglie della California.<\/li>\n\n\n\n<li>Deriva il 50% o pi\u00f9 del suo fatturato annuo dalla vendita o dalla condivisione delle informazioni personali dei consumatori della California.<\/li>\n<\/ul>\n\n\n\n<p>Le &#8220;informazioni personali&#8221; ai sensi del CCPA\/CPRA sono definite in modo molto ampio per includere qualsiasi cosa che identifichi, si riferisca a, descriva, sia ragionevolmente in grado di essere associata a, o possa essere ragionevolmente collegata, direttamente o indirettamente, a un particolare consumatore o famiglia.<\/p>\n\n\n\n<h3 class=\"wp-block-heading\">Diritti Chiave del Consumatore ai sensi del CCPA\/CPRA<\/h3>\n\n\n\n<p>Il CCPA\/CPRA concede ai consumatori della California diversi diritti potenti:<\/p>\n\n\n\n<ol start=\"1\" class=\"wp-block-list\">\n<li><strong>Diritto di Conoscere:<\/strong> I consumatori hanno il diritto di chiedere a un&#8217;azienda di divulgare le categorie e gli specifici elementi di informazioni personali che ha raccolto, le categorie di fonti da cui vengono raccolte le informazioni personali, gli scopi della raccolta o della vendita di informazioni personali e le categorie di terze parti con cui l&#8217;azienda condivide le informazioni personali.<\/li>\n\n\n\n<li><strong>Diritto di Cancellazione:<\/strong> I consumatori hanno il diritto di chiedere la cancellazione delle informazioni personali raccolte dall&#8217;azienda.<\/li>\n\n\n\n<li><strong>Diritto di Opt-Out dalla Vendita\/Condivisione:<\/strong> Questo \u00e8 un pilastro del CCPA\/CPRA. I consumatori hanno il diritto di indirizzare un&#8217;azienda che vende o &#8220;condivide&#8221; (per la pubblicit\u00e0 comportamentale cross-contestuale) informazioni personali a terze parti a non vendere o condividere le proprie informazioni personali. Le aziende devono fornire un link chiaro &#8220;Non vendere o condividere le mie informazioni personali&#8221; sulla loro homepage.<\/li>\n\n\n\n<li><strong>Diritto di Rettifica:<\/strong> I consumatori possono chiedere alle aziende di correggere le informazioni personali inesatte.<\/li>\n\n\n\n<li><strong>Diritto di Limitare l&#8217;Uso e la Divulgazione delle Informazioni Personali Sensibili:<\/strong> I consumatori possono indirizzare le aziende a limitare l&#8217;uso e la divulgazione delle loro &#8220;informazioni personali sensibili&#8221; (ad esempio, geolocalizzazione precisa, origine razziale o etnica, dati sulla salute) solo a quanto necessario per eseguire i servizi o fornire i beni richiesti.<\/li>\n\n\n\n<li><strong>Diritto alla Non Discriminazione:<\/strong> Le aziende non possono discriminare un consumatore per aver esercitato i propri diritti CCPA\/CPRA.<\/li>\n<\/ol>\n\n\n\n<h3 class=\"wp-block-heading\">Implicazioni per le Aziende<\/h3>\n\n\n\n<p>La conformit\u00e0 al CCPA\/CPRA richiede un cambiamento significativo nelle pratiche di gestione dei dati per molte aziende. I requisiti chiave includono:<\/p>\n\n\n\n<ul class=\"wp-block-list\">\n<li>Fornire <strong>informative sulla privacy<\/strong> chiare e ben visibili che dettagliano la raccolta e il trattamento dei dati.<\/li>\n\n\n\n<li>Implementare meccanismi per i consumatori per presentare <strong>richieste di accesso del soggetto interessato (DSAR)<\/strong> per i loro diritti.<\/li>\n\n\n\n<li>Riconoscere e onorare i segnali di controllo globale della privacy, come il segnale del browser <strong>Global Privacy Control (GPC)<\/strong>.<\/li>\n\n\n\n<li>Assicurarsi che i fornitori di servizi e i contraenti terzi rispettino anche le regole del CCPA\/CPRA quando gestiscono i dati dei consumatori per conto dell&#8217;azienda.<\/li>\n<\/ul>\n\n\n\n<p>La non conformit\u00e0 pu\u00f2 comportare sanzioni significative, inclusi danni statutari da <strong>$100 a $750 per consumatore per incidente<\/strong> per violazioni intenzionali o per la mancata correzione delle violazioni dopo la notifica, nonch\u00e9 danni reali per i consumatori. L&#8217;applicazione \u00e8 eseguita dalla California Privacy Protection Agency (CPPA) e dal Procuratore Generale della California.<\/p>\n\n\n\n<hr class=\"wp-block-separator has-alpha-channel-opacity\"\/>\n\n\n\n<h3 class=\"wp-block-heading\">Il Ruolo Critico degli Strumenti di Consenso e Opt-Out nella Conformit\u00e0 Moderna al CCPA\/CPRA<\/h3>\n\n\n\n<p>Il raggiungimento di una vera conformit\u00e0 al CCPA\/CPRA, in particolare mantenendo un marketing digitale e un&#8217;analisi efficaci, richiede l&#8217;integrazione perfetta di strumenti specializzati: una solida <a href=\"https:\/\/fitconsent.com\/it_it\/piattaforma-di-gestione-del-consenso-utente-cmp\/?lang=it_IT\">Piattaforma di Gestione del Consenso (CMP)<\/a> e la conformit\u00e0 con i segnali delle principali piattaforme pubblicitarie.<\/p>\n\n\n\n<h4 class=\"wp-block-heading\">1. La Piattaforma di Gestione del Consenso (CMP) &#8211; es. FitConsent<\/h4>\n\n\n\n<p>Una <a href=\"https:\/\/fitconsent.com\/it_it\/piattaforma-di-gestione-del-consenso-utente-cmp\/?lang=it_IT\">CMP<\/a> come <a href=\"http:\/\/fitconsent.com\">FitConsent<\/a> \u00e8 essenziale per implementare i diritti del consumatore previsti dal CCPA\/CPRA. Le sue funzioni principali includono:<\/p>\n\n\n\n<ul class=\"wp-block-list\">\n<li><strong>Facilitare gli Opt-Out:<\/strong> Una <a href=\"https:\/\/fitconsent.com\/it_it\/piattaforma-di-gestione-del-consenso-utente-cmp\/?lang=it_IT\">CMP<\/a> aiuta le aziende a visualizzare il link obbligatorio &#8220;Non vendere o condividere le mie informazioni personali&#8221; e gestisce i meccanismi sottostanti per onorare tali richieste, garantendo che i dati non vengano venduti o condivisi dopo un opt-out.<\/li>\n\n\n\n<li><strong>Gestione delle Preferenze dell&#8217;Utente:<\/strong> Oltre ai semplici opt-out, una <a href=\"https:\/\/fitconsent.com\/it_it\/piattaforma-di-gestione-del-consenso-utente-cmp\/?lang=it_IT\">CMP<\/a> consente un controllo pi\u00f9 granulare, in particolare per limitare l&#8217;uso di informazioni personali sensibili, allineandosi ai requisiti estesi del CPRA.<\/li>\n\n\n\n<li><strong>Risposta alle DSAR (Richieste di Accesso del Soggetto Interessato):<\/strong> Sebbene non esegua direttamente la cancellazione, una <a href=\"https:\/\/fitconsent.com\/it_it\/piattaforma-di-gestione-del-consenso-utente-cmp\/?lang=it_IT\">CMP<\/a> pu\u00f2 snellire il processo di ricezione e gestione delle Richieste di Accesso del Soggetto Interessato (DSAR), fornendo le tracce di audit necessarie e aiutando le aziende a localizzare i dati pertinenti per le richieste di cancellazione o accesso.<\/li>\n\n\n\n<li><strong>Onorare i Segnali GPC:<\/strong> Le <a href=\"https:\/\/fitconsent.com\/it_it\/piattaforma-di-gestione-del-consenso-utente-cmp\/?lang=it_IT\">CMP<\/a> moderne sono progettate per rilevare e onorare automaticamente i segnali di Global Privacy Control (GPC) inviati dai browser degli utenti, che il CCPA\/CPRA impone come una richiesta di opt-out valida.<\/li>\n<\/ul>\n\n\n\n<h4 class=\"wp-block-heading\">2. Google Consent Mode V2<\/h4>\n\n\n\n<p>Sebbene il CCPA\/CPRA sia principalmente un regime di &#8220;opt-out&#8221; piuttosto che di &#8220;opt-in&#8221; per molti usi dei dati (a differenza della forte enfasi del <a href=\"https:\/\/fitconsent.com\/it_it\/gdpr-regolamento-generale-sulla-protezione-dei-dati-spiegato\/\">GDPR<\/a> sul consenso), <a href=\"https:\/\/fitconsent.com\/it_it\/google-consent-mode-v2-spiegato\/\">Google Consent Mode V2<\/a> svolge comunque un ruolo cruciale per le aziende che operano a livello globale o quelle con esigenze di conformit\u00e0 miste:<\/p>\n\n\n\n<ul class=\"wp-block-list\">\n<li><strong>Framework di Conformit\u00e0 Globale:<\/strong> Per le aziende che servono sia i residenti della California che quelli dell&#8217;UE, una <a href=\"https:\/\/fitconsent.com\/it_it\/piattaforma-di-gestione-del-consenso-utente-cmp\/?lang=it_IT\">CMP<\/a> integrata con <a href=\"https:\/\/fitconsent.com\/it_it\/google-consent-mode-v2-spiegato\/\">Google Consent Mode V2<\/a> fornisce un approccio unificato. Anche in un contesto di opt-out, pu\u00f2 aiutare a gestire i segnali verso i servizi Google, garantendo che i tag di analisi e pubblicit\u00e0 si comportino in modo appropriato in base alle preferenze dell&#8217;utente (sia &#8220;opt-in&#8221; per il <a href=\"https:\/\/fitconsent.com\/it_it\/gdpr-regolamento-generale-sulla-protezione-dei-dati-spiegato\/\">GDPR<\/a> che &#8220;opt-out&#8221; per il CCPA).<\/li>\n\n\n\n<li><strong>Adattamento del Comportamento dei Tag:<\/strong> <a href=\"https:\/\/fitconsent.com\/it_it\/google-consent-mode-v2-spiegato\/\">Google Consent Mode V2<\/a> pu\u00f2 ancora modificare il comportamento dei tag Google in base alle scelte esplicite o ai segnali di opt-out impliciti ricevuti, limitando la raccolta di dati per la pubblicit\u00e0 se necessario, supportando cos\u00ec gli obiettivi del CCPA\/CPRA ove applicabile.<\/li>\n<\/ul>\n\n\n\n<h4 class=\"wp-block-heading\">3. Microsoft UET Consent Mode<\/h4>\n\n\n\n<p>Allo stesso modo, per le aziende che utilizzano Microsoft Advertising (Bing Ads) e servono i residenti della California:<\/p>\n\n\n\n<ul class=\"wp-block-list\">\n<li><strong>Rispettare gli Opt-Out:<\/strong> <a href=\"https:\/\/fitconsent.com\/it_it\/uet-di-microsoft-monitoraggio-universale-degli-eventi\/\">Microsoft UET Consent Mode<\/a> consente al tag Universal Event Tracking (UET) di adattare le sue pratiche di raccolta dati in base alle preferenze dell&#8217;utente o ai segnali di opt-out. Ci\u00f2 garantisce che le informazioni personali non vengano &#8220;vendute&#8221; o &#8220;condivise&#8221; tramite il tag UET in un modo che violerebbe il CCPA\/CPRA se un consumatore ha effettuato l&#8217;opt-out.<\/li>\n\n\n\n<li><strong>Mantenimento della Funzionalit\u00e0 Limitata:<\/strong> Regolando il comportamento dei tag, UET Consent Mode consente al tracciamento di base delle conversioni e alla misurazione delle prestazioni degli annunci di continuare in modo che preservi la privacy, anche quando il tracciamento completo non \u00e8 consentito a causa delle scelte del consumatore.<\/li>\n<\/ul>\n\n\n\n<p><strong>Conclusione sugli Strumenti:<\/strong><\/p>\n\n\n\n<p>Per le aziende che operano sotto l&#8217;ombra del CCPA\/CPRA, l&#8217;integrazione di una <a href=\"https:\/\/fitconsent.com\/it_it\/piattaforma-di-gestione-del-consenso-utente-cmp\/?lang=it_IT\">CMP<\/a> specializzata come <a href=\"http:\/\/fitconsent.com\">FitConsent<\/a> con la segnalazione flessibile fornita da <a href=\"https:\/\/fitconsent.com\/it_it\/google-consent-mode-v2-spiegato\/\">Google Consent Mode V2<\/a> e <a href=\"https:\/\/fitconsent.com\/it_it\/uet-di-microsoft-monitoraggio-universale-degli-eventi\/\">Microsoft UET Consent Mode<\/a> \u00e8 vitale. Questi strumenti garantiscono non solo la conformit\u00e0 legale con i diritti dei consumatori, ma consentono anche la prosecuzione delle attivit\u00e0 essenziali di marketing e analisi in modo rispettoso della privacy e informato dai dati.<\/p>\n","protected":false},"excerpt":{"rendered":"<p>Il California Consumer Privacy Act (CCPA), in vigore dal 1\u00b0 gennaio 2020 e significativamente esteso dal California Privacy Rights Act (CPRA) nel 2023, \u00e8 una delle leggi sulla privacy a livello statale pi\u00f9 complete degli Stati Uniti. Mentre il GDPR si concentra sui residenti europei, il CCPA\/CPRA conferisce ai consumatori californiani ampi diritti sulle loro [&hellip;]<\/p>\n","protected":false},"author":5,"featured_media":0,"parent":0,"menu_order":0,"comment_status":"closed","ping_status":"closed","template":"","meta":{"_fitconsent_language":"it_IT","_fitconsent_translation_group":"1921","footnotes":""},"class_list":["post-1951","page","type-page","status-publish","hentry"],"yoast_head":"<!-- This site is optimized with the Yoast SEO plugin v27.2 - https:\/\/yoast.com\/product\/yoast-seo-wordpress\/ -->\n<title>CCPA\/CPRA: Consumatori della California e privacy dei dati<\/title>\n<meta name=\"description\" content=\"Il CCPA\/CPRA Spiegato: Dare Potere ai Consumatori della California con Diritti sulla Privacy dei Dati\" \/>\n<meta name=\"robots\" content=\"index, follow, max-snippet:-1, max-image-preview:large, max-video-preview:-1\" \/>\n<link rel=\"canonical\" href=\"https:\/\/fitconsent.com\/it_it\/ccpa-cpra-consumatori-della-california-e-privacy-dei-dati\/\" \/>\n<meta property=\"og:locale\" content=\"it_IT\" \/>\n<meta property=\"og:type\" content=\"article\" \/>\n<meta property=\"og:title\" content=\"CCPA\/CPRA: Consumatori della California e privacy dei dati\" \/>\n<meta property=\"og:description\" content=\"Il CCPA\/CPRA Spiegato: Dare Potere ai Consumatori della California con Diritti sulla Privacy dei Dati\" \/>\n<meta property=\"og:url\" content=\"https:\/\/fitconsent.com\/it_it\/ccpa-cpra-consumatori-della-california-e-privacy-dei-dati\/\" \/>\n<meta property=\"og:site_name\" content=\"FitConsent\" \/>\n<meta property=\"article:modified_time\" content=\"2025-10-21T18:28:35+00:00\" \/>\n<meta property=\"og:image\" content=\"https:\/\/fitconsent.com\/wp-content\/uploads\/2025\/10\/13.png\" \/>\n<meta name=\"twitter:card\" content=\"summary_large_image\" \/>\n<meta name=\"twitter:label1\" content=\"Tempo di lettura stimato\" \/>\n\t<meta name=\"twitter:data1\" content=\"6 minuti\" \/>\n<script type=\"application\/ld+json\" class=\"yoast-schema-graph\">{\"@context\":\"https:\/\/schema.org\",\"@graph\":[{\"@type\":\"WebPage\",\"@id\":\"https:\/\/fitconsent.com\/it_it\/ccpa-cpra-consumatori-della-california-e-privacy-dei-dati\/\",\"url\":\"https:\/\/fitconsent.com\/it_it\/ccpa-cpra-consumatori-della-california-e-privacy-dei-dati\/\",\"name\":\"CCPA\/CPRA: Consumatori della California e privacy dei dati\",\"isPartOf\":{\"@id\":\"https:\/\/fitconsent.com\/fr_fr\/#website\"},\"primaryImageOfPage\":{\"@id\":\"https:\/\/fitconsent.com\/it_it\/ccpa-cpra-consumatori-della-california-e-privacy-dei-dati\/#primaryimage\"},\"image\":{\"@id\":\"https:\/\/fitconsent.com\/it_it\/ccpa-cpra-consumatori-della-california-e-privacy-dei-dati\/#primaryimage\"},\"thumbnailUrl\":\"https:\/\/fitconsent.com\/wp-content\/uploads\/2025\/10\/13.png\",\"datePublished\":\"2025-10-18T18:25:16+00:00\",\"dateModified\":\"2025-10-21T18:28:35+00:00\",\"description\":\"Il CCPA\/CPRA Spiegato: Dare Potere ai Consumatori della California con Diritti sulla Privacy dei Dati\",\"breadcrumb\":{\"@id\":\"https:\/\/fitconsent.com\/it_it\/ccpa-cpra-consumatori-della-california-e-privacy-dei-dati\/#breadcrumb\"},\"inLanguage\":\"it-IT\",\"potentialAction\":[{\"@type\":\"ReadAction\",\"target\":[\"https:\/\/fitconsent.com\/it_it\/ccpa-cpra-consumatori-della-california-e-privacy-dei-dati\/\"]}]},{\"@type\":\"ImageObject\",\"inLanguage\":\"it-IT\",\"@id\":\"https:\/\/fitconsent.com\/it_it\/ccpa-cpra-consumatori-della-california-e-privacy-dei-dati\/#primaryimage\",\"url\":\"https:\/\/fitconsent.com\/wp-content\/uploads\/2025\/10\/13.png\",\"contentUrl\":\"https:\/\/fitconsent.com\/wp-content\/uploads\/2025\/10\/13.png\"},{\"@type\":\"BreadcrumbList\",\"@id\":\"https:\/\/fitconsent.com\/it_it\/ccpa-cpra-consumatori-della-california-e-privacy-dei-dati\/#breadcrumb\",\"itemListElement\":[{\"@type\":\"ListItem\",\"position\":1,\"name\":\"Home\",\"item\":\"https:\/\/fitconsent.com\/\"},{\"@type\":\"ListItem\",\"position\":2,\"name\":\"Il CCPA\/CPRA Spiegato: Dare Potere ai Consumatori della California con Diritti sulla Privacy dei Dati\"}]},{\"@type\":\"WebSite\",\"@id\":\"https:\/\/fitconsent.com\/fr_fr\/#website\",\"url\":\"https:\/\/fitconsent.com\/fr_fr\/\",\"name\":\"FitConsent\",\"description\":\"By DIGITLOAD\",\"publisher\":{\"@id\":\"https:\/\/fitconsent.com\/fr_fr\/#organization\"},\"potentialAction\":[{\"@type\":\"SearchAction\",\"target\":{\"@type\":\"EntryPoint\",\"urlTemplate\":\"https:\/\/fitconsent.com\/fr_fr\/?s={search_term_string}\"},\"query-input\":{\"@type\":\"PropertyValueSpecification\",\"valueRequired\":true,\"valueName\":\"search_term_string\"}}],\"inLanguage\":\"it-IT\"},{\"@type\":\"Organization\",\"@id\":\"https:\/\/fitconsent.com\/fr_fr\/#organization\",\"name\":\"DIGITLOAD\",\"url\":\"https:\/\/fitconsent.com\/fr_fr\/\",\"logo\":{\"@type\":\"ImageObject\",\"inLanguage\":\"it-IT\",\"@id\":\"https:\/\/fitconsent.com\/fr_fr\/#\/schema\/logo\/image\/\",\"url\":\"https:\/\/fitconsent.com\/wp-content\/uploads\/2025\/08\/cropped-icon.png\",\"contentUrl\":\"https:\/\/fitconsent.com\/wp-content\/uploads\/2025\/08\/cropped-icon.png\",\"width\":512,\"height\":512,\"caption\":\"DIGITLOAD\"},\"image\":{\"@id\":\"https:\/\/fitconsent.com\/fr_fr\/#\/schema\/logo\/image\/\"}}]}<\/script>\n<!-- \/ Yoast SEO plugin. -->","yoast_head_json":{"title":"CCPA\/CPRA: Consumatori della California e privacy dei dati","description":"Il CCPA\/CPRA Spiegato: Dare Potere ai Consumatori della California con Diritti sulla Privacy dei Dati","robots":{"index":"index","follow":"follow","max-snippet":"max-snippet:-1","max-image-preview":"max-image-preview:large","max-video-preview":"max-video-preview:-1"},"canonical":"https:\/\/fitconsent.com\/it_it\/ccpa-cpra-consumatori-della-california-e-privacy-dei-dati\/","og_locale":"it_IT","og_type":"article","og_title":"CCPA\/CPRA: Consumatori della California e privacy dei dati","og_description":"Il CCPA\/CPRA Spiegato: Dare Potere ai Consumatori della California con Diritti sulla Privacy dei Dati","og_url":"https:\/\/fitconsent.com\/it_it\/ccpa-cpra-consumatori-della-california-e-privacy-dei-dati\/","og_site_name":"FitConsent","article_modified_time":"2025-10-21T18:28:35+00:00","og_image":[{"url":"https:\/\/fitconsent.com\/wp-content\/uploads\/2025\/10\/13.png","type":"","width":"","height":""}],"twitter_card":"summary_large_image","twitter_misc":{"Tempo di lettura stimato":"6 minuti"},"schema":{"@context":"https:\/\/schema.org","@graph":[{"@type":"WebPage","@id":"https:\/\/fitconsent.com\/it_it\/ccpa-cpra-consumatori-della-california-e-privacy-dei-dati\/","url":"https:\/\/fitconsent.com\/it_it\/ccpa-cpra-consumatori-della-california-e-privacy-dei-dati\/","name":"CCPA\/CPRA: Consumatori della California e privacy dei dati","isPartOf":{"@id":"https:\/\/fitconsent.com\/fr_fr\/#website"},"primaryImageOfPage":{"@id":"https:\/\/fitconsent.com\/it_it\/ccpa-cpra-consumatori-della-california-e-privacy-dei-dati\/#primaryimage"},"image":{"@id":"https:\/\/fitconsent.com\/it_it\/ccpa-cpra-consumatori-della-california-e-privacy-dei-dati\/#primaryimage"},"thumbnailUrl":"https:\/\/fitconsent.com\/wp-content\/uploads\/2025\/10\/13.png","datePublished":"2025-10-18T18:25:16+00:00","dateModified":"2025-10-21T18:28:35+00:00","description":"Il CCPA\/CPRA Spiegato: Dare Potere ai Consumatori della California con Diritti sulla Privacy dei Dati","breadcrumb":{"@id":"https:\/\/fitconsent.com\/it_it\/ccpa-cpra-consumatori-della-california-e-privacy-dei-dati\/#breadcrumb"},"inLanguage":"it-IT","potentialAction":[{"@type":"ReadAction","target":["https:\/\/fitconsent.com\/it_it\/ccpa-cpra-consumatori-della-california-e-privacy-dei-dati\/"]}]},{"@type":"ImageObject","inLanguage":"it-IT","@id":"https:\/\/fitconsent.com\/it_it\/ccpa-cpra-consumatori-della-california-e-privacy-dei-dati\/#primaryimage","url":"https:\/\/fitconsent.com\/wp-content\/uploads\/2025\/10\/13.png","contentUrl":"https:\/\/fitconsent.com\/wp-content\/uploads\/2025\/10\/13.png"},{"@type":"BreadcrumbList","@id":"https:\/\/fitconsent.com\/it_it\/ccpa-cpra-consumatori-della-california-e-privacy-dei-dati\/#breadcrumb","itemListElement":[{"@type":"ListItem","position":1,"name":"Home","item":"https:\/\/fitconsent.com\/"},{"@type":"ListItem","position":2,"name":"Il CCPA\/CPRA Spiegato: Dare Potere ai Consumatori della California con Diritti sulla Privacy dei Dati"}]},{"@type":"WebSite","@id":"https:\/\/fitconsent.com\/fr_fr\/#website","url":"https:\/\/fitconsent.com\/fr_fr\/","name":"FitConsent","description":"By DIGITLOAD","publisher":{"@id":"https:\/\/fitconsent.com\/fr_fr\/#organization"},"potentialAction":[{"@type":"SearchAction","target":{"@type":"EntryPoint","urlTemplate":"https:\/\/fitconsent.com\/fr_fr\/?s={search_term_string}"},"query-input":{"@type":"PropertyValueSpecification","valueRequired":true,"valueName":"search_term_string"}}],"inLanguage":"it-IT"},{"@type":"Organization","@id":"https:\/\/fitconsent.com\/fr_fr\/#organization","name":"DIGITLOAD","url":"https:\/\/fitconsent.com\/fr_fr\/","logo":{"@type":"ImageObject","inLanguage":"it-IT","@id":"https:\/\/fitconsent.com\/fr_fr\/#\/schema\/logo\/image\/","url":"https:\/\/fitconsent.com\/wp-content\/uploads\/2025\/08\/cropped-icon.png","contentUrl":"https:\/\/fitconsent.com\/wp-content\/uploads\/2025\/08\/cropped-icon.png","width":512,"height":512,"caption":"DIGITLOAD"},"image":{"@id":"https:\/\/fitconsent.com\/fr_fr\/#\/schema\/logo\/image\/"}}]}},"_links":{"self":[{"href":"https:\/\/fitconsent.com\/it_it\/wp-json\/wp\/v2\/pages\/1951","targetHints":{"allow":["GET"]}}],"collection":[{"href":"https:\/\/fitconsent.com\/it_it\/wp-json\/wp\/v2\/pages"}],"about":[{"href":"https:\/\/fitconsent.com\/it_it\/wp-json\/wp\/v2\/types\/page"}],"author":[{"embeddable":true,"href":"https:\/\/fitconsent.com\/it_it\/wp-json\/wp\/v2\/users\/5"}],"replies":[{"embeddable":true,"href":"https:\/\/fitconsent.com\/it_it\/wp-json\/wp\/v2\/comments?post=1951"}],"version-history":[{"count":3,"href":"https:\/\/fitconsent.com\/it_it\/wp-json\/wp\/v2\/pages\/1951\/revisions"}],"predecessor-version":[{"id":2081,"href":"https:\/\/fitconsent.com\/it_it\/wp-json\/wp\/v2\/pages\/1951\/revisions\/2081"}],"wp:attachment":[{"href":"https:\/\/fitconsent.com\/it_it\/wp-json\/wp\/v2\/media?parent=1951"}],"curies":[{"name":"wp","href":"https:\/\/api.w.org\/{rel}","templated":true}]}}