{"id":1904,"date":"2025-10-17T21:35:30","date_gmt":"2025-10-17T21:35:30","guid":{"rendered":"https:\/\/fitconsent.com\/?page_id=1904"},"modified":"2025-10-21T18:30:00","modified_gmt":"2025-10-21T18:30:00","slug":"gdpr-regolamento-generale-sulla-protezione-dei-dati-spiegato","status":"publish","type":"page","link":"https:\/\/fitconsent.com\/it_it\/gdpr-regolamento-generale-sulla-protezione-dei-dati-spiegato\/","title":{"rendered":"Il Regolamento Generale sulla Protezione dei Dati (GDPR) Spiegato"},"content":{"rendered":"\n<p>Il <strong>Regolamento Generale sulla Protezione dei Dati (GDPR)<\/strong>, entrato in vigore a maggio 2018, \u00e8 la legislazione sulla protezione dei dati pi\u00f9 rigorosa e completa al mondo dell&#8217;Unione Europea. Il suo obiettivo fondamentale \u00e8 restituire ai cittadini dell&#8217;UE e del SEE (Spazio Economico Europeo) il controllo sui propri dati personali e unificare il panorama normativo per le aziende.<\/p>\n\n\n\n<figure class=\"wp-block-image aligncenter size-full\"><img loading=\"lazy\" decoding=\"async\" width=\"800\" height=\"600\" src=\"https:\/\/fitconsent.com\/wp-content\/uploads\/2025\/10\/12.png\" alt=\"GDPR\" class=\"wp-image-1884\" srcset=\"https:\/\/fitconsent.com\/wp-content\/uploads\/2025\/10\/12.png 800w, https:\/\/fitconsent.com\/wp-content\/uploads\/2025\/10\/12-300x225.png 300w, https:\/\/fitconsent.com\/wp-content\/uploads\/2025\/10\/12-768x576.png 768w, https:\/\/fitconsent.com\/wp-content\/uploads\/2025\/10\/12-600x450.png 600w\" sizes=\"auto, (max-width: 800px) 100vw, 800px\" \/><\/figure>\n\n\n\n<h3 class=\"wp-block-heading\">Che cos&#8217;\u00e8 il GDPR?<\/h3>\n\n\n\n<p>Il GDPR \u00e8 un regolamento (UE) 2016\/679 che definisce come i dati personali degli individui devono essere raccolti, utilizzati, trattati e conservati. Ha una portata <strong>extraterritoriale<\/strong>, il che significa che si applica non solo alle organizzazioni con sede nell&#8217;UE, ma anche a qualsiasi azienda nel mondo che tratta dati personali di residenti nell&#8217;UE.<\/p>\n\n\n\n<p>I &#8220;dati personali&#8221; sono definiti in modo molto ampio, includendo qualsiasi cosa che possa essere utilizzata, direttamente o indirettamente, per identificare un individuo (nome, indirizzo e-mail, posizione, indirizzo IP, informazioni sui cookie, ecc.).<\/p>\n\n\n\n<h3 class=\"wp-block-heading\">I Sette Principi Fondamentali del GDPR<\/h3>\n\n\n\n<p>Il GDPR si basa su sette principi chiave che guidano il modo in cui le organizzazioni devono trattare i dati:<\/p>\n\n\n\n<ol start=\"1\" class=\"wp-block-list\">\n<li><strong>Liceit\u00e0, Correttezza e Trasparenza:<\/strong> I dati devono essere trattati legalmente, correttamente e in modo trasparente per l&#8217;individuo.<\/li>\n\n\n\n<li><strong>Limitazione delle Finalit\u00e0:<\/strong> I dati devono essere raccolti per finalit\u00e0 determinate, esplicite e legittime e non ulteriormente trattati in modo incompatibile con tali finalit\u00e0.<\/li>\n\n\n\n<li><strong>Minimizzazione dei Dati:<\/strong> Devono essere raccolti e trattati solo i dati adeguati, pertinenti e strettamente necessari per le finalit\u00e0.<\/li>\n\n\n\n<li><strong>Esattezza:<\/strong> I dati devono essere esatti e, se necessario, aggiornati.<\/li>\n\n\n\n<li><strong>Limitazione della Conservazione:<\/strong> I dati devono essere conservati in una forma che consenta l&#8217;identificazione degli interessati per un periodo di tempo non superiore a quello necessario per le finalit\u00e0 per cui sono trattati.<\/li>\n\n\n\n<li><strong>Integrit\u00e0 e Riservatezza (Sicurezza):<\/strong> I dati devono essere trattati in modo da garantire un&#8217;adeguata sicurezza, inclusa la protezione contro il trattamento non autorizzato o illecito e contro la perdita, la distruzione o il danno accidentale.<\/li>\n\n\n\n<li><strong>Responsabilizzazione (Accountability):<\/strong> Il titolare del trattamento \u00e8 responsabile del rispetto di tutti i principi e deve essere in grado di dimostrarlo (ad esempio, attraverso una Piattaforma di Gestione del Consenso o documentazione interna).<\/li>\n<\/ol>\n\n\n\n<h3 class=\"wp-block-heading\">Implicazioni per le Aziende<\/h3>\n\n\n\n<p>Il GDPR ha trasformato il modo in cui le aziende gestiscono i dati. Richiede un approccio proattivo alla privacy, spesso definito <strong>&#8220;Privacy by Design and Default&#8221;<\/strong> (Privacy fin dalla Progettazione e per Impostazione Predefinita).<\/p>\n\n\n\n<p>Per essere conformi, le aziende devono:<\/p>\n\n\n\n<ul class=\"wp-block-list\">\n<li>Ottenere un <strong>consenso chiaro e inequivocabile<\/strong> prima di trattare la maggior parte dei dati personali (salvo eccezioni legali).<\/li>\n\n\n\n<li>Implementare misure di sicurezza tecniche e organizzative adeguate.<\/li>\n\n\n\n<li>Documentare le proprie attivit\u00e0 di trattamento dei dati (tenuta dei registri).<\/li>\n\n\n\n<li>Rispettare i <strong>diritti aumentati degli individui<\/strong>, come il diritto di accesso, rettifica, opposizione e il famoso <strong>&#8220;diritto alla cancellazione&#8221;<\/strong> (diritto all&#8217;oblio).<\/li>\n<\/ul>\n\n\n\n<p>La non conformit\u00e0 al GDPR pu\u00f2 comportare sanzioni amministrative sostanziali, che possono raggiungere i <strong>20 milioni di euro o il 4% del fatturato annuo globale<\/strong> totale dell&#8217;esercizio precedente, applicando l&#8217;importo maggiore. \u00c8 per questo che strumenti come una <a href=\"https:\/\/fitconsent.com\/it_it\/piattaforma-di-gestione-del-consenso-utente-cmp\/\">CMP<\/a> sono diventati indispensabili per garantire questa conformit\u00e0 critica.<\/p>\n\n\n\n<hr class=\"wp-block-separator has-alpha-channel-opacity\"\/>\n\n\n\n<h3 class=\"wp-block-heading\">Il Ruolo Critico degli Strumenti di Consenso nella Conformit\u00e0 Moderna<\/h3>\n\n\n\n<p>Il raggiungimento di una vera conformit\u00e0 al GDPR, in particolare mantenendo un marketing digitale e un&#8217;analisi efficaci, richiede l&#8217;integrazione di strumenti specializzati: una solida <a href=\"https:\/\/fitconsent.com\/it_it\/piattaforma-di-gestione-del-consenso-utente-cmp\/\">Piattaforma di Gestione del Consenso (CMP)<\/a> e le modalit\u00e0 di consenso fornite dalle principali piattaforme pubblicitarie.<\/p>\n\n\n\n<h4 class=\"wp-block-heading\">1. La Piattaforma di Gestione del Consenso (CMP) &#8211; es. FitConsent<\/h4>\n\n\n\n<p>Una <a href=\"https:\/\/fitconsent.com\/it_it\/piattaforma-di-gestione-del-consenso-utente-cmp\/\">CMP<\/a> come <a href=\"http:\/\/fitconsent.com\">FitConsent<\/a> \u00e8 lo strato fondamentale per la conformit\u00e0. Le sue funzioni principali sono:<\/p>\n\n\n\n<ul class=\"wp-block-list\">\n<li><strong>Raccolta di Consenso Valido:<\/strong> Gestisce il banner di consenso, assicurando che il consenso sia granulare, informato e ottenuto tramite un&#8217;azione affermativa chiara, soddisfacendo i rigorosi requisiti dell&#8217;Articolo 7 del GDPR.<\/li>\n\n\n\n<li><strong>Traccia di Audit:<\/strong> Registra, gestisce e documenta in modo sicuro tutte le scelte di consenso degli utenti e la loro revoca, fornendo la prova essenziale di \u00abResponsabilit\u00e0\u00bb (Accountability) richiesta dal GDPR.<\/li>\n\n\n\n<li><strong>Controllo d&#8217;Accesso:<\/strong> Agisce come gateway, bloccando tutti i cookie non essenziali e gli script di tracciamento <em>prima<\/em> che un utente conceda l&#8217;autorizzazione.<\/li>\n<\/ul>\n\n\n\n<h4 class=\"wp-block-heading\">2. Google Consent Mode V2<\/h4>\n\n\n\n<p><a href=\"https:\/\/fitconsent.com\/it_it\/google-consent-mode-v2-spiegato\/\">Google Consent Mode V2<\/a> \u00e8 un framework obbligatorio per qualsiasi organizzazione che utilizzi i servizi Google (come Google Analytics 4 o Google Ads) per elaborare dati provenienti dal SEE. Funziona in collaborazione con la <a href=\"https:\/\/fitconsent.com\/it_it\/piattaforma-di-gestione-del-consenso-utente-cmp\/\">CMP<\/a>:<\/p>\n\n\n\n<ul class=\"wp-block-list\">\n<li><strong>Trasmissione del Segnale:<\/strong> La <a href=\"https:\/\/fitconsent.com\/it_it\/piattaforma-di-gestione-del-consenso-utente-cmp\/\">CMP<\/a> (es. <a href=\"http:\/\/fitconsent.com\">FitConsent<\/a>) cattura la scelta di consenso dell&#8217;utente e invia un segnale specifico (<code>ad_storage<\/code>, <code>analytics_storage<\/code>, <code>ad_user_data<\/code>, <code>ad_personalization<\/code>) a Google.<\/li>\n\n\n\n<li><strong>Aggiustamento del Comportamento dei Tag:<\/strong> I tag di Google regolano dinamicamente il loro comportamento in base a questo segnale. Se un utente nega il consenso, i tag si attivano in modo limitato, senza cookie e rispettoso della privacy.<\/li>\n\n\n\n<li><strong>Modellazione delle Conversioni:<\/strong> Questo meccanismo consente a Google di utilizzare l&#8217;apprendimento automatico per <em>modellare<\/em> i dati di conversione e comportamento del sito persi dagli utenti che non hanno dato il consenso. Ci\u00f2 aiuta gli inserzionisti a mantenere la precisione delle loro campagne e il ROI pur rimanendo conformi, colmando il divario tra privacy e prestazioni.<\/li>\n<\/ul>\n\n\n\n<h4 class=\"wp-block-heading\">3. Microsoft UET Consent Mode<\/h4>\n\n\n\n<p>Allo stesso modo, Microsoft richiede l&#8217;uso del <a href=\"https:\/\/fitconsent.com\/it_it\/uet-di-microsoft-monitoraggio-universale-degli-eventi\/\">UET Consent Mode<\/a> per tutti gli inserzionisti che utilizzano i tag Universal Event Tracking (UET) in Microsoft Advertising (Bing Ads) per gli utenti del SEE.<\/p>\n\n\n\n<ul class=\"wp-block-list\">\n<li><strong>Garantire la Conformit\u00e0:<\/strong> Come Google, il <a href=\"https:\/\/fitconsent.com\/it_it\/uet-di-microsoft-monitoraggio-universale-degli-eventi\/\">Microsoft UET Consent Mode<\/a> garantisce che il tag UET adatti la sua raccolta di dati in base allo stato di consenso dell&#8217;utente (tipicamente per il parametro <code>ad_storage<\/code>).<\/li>\n\n\n\n<li><strong>Preservare le Intuizioni:<\/strong> Se un utente nega il consenso, il tracciamento UET \u00e8 limitato alla prevenzione essenziale delle frodi e ai dati aggregati non personali. Ci\u00f2 garantisce che l&#8217;inserzionista rimanga conforme pur raccogliendo dati sufficienti a preservare la privacy per supportare le intuizioni di base sulle prestazioni degli annunci e il monitoraggio delle conversioni.<\/li>\n<\/ul>\n\n\n\n<p><strong>Conclusione sugli Strumenti:<\/strong><\/p>\n\n\n\n<p>L&#8217;integrazione perfetta di una <a href=\"https:\/\/fitconsent.com\/it_it\/piattaforma-di-gestione-del-consenso-utente-cmp\/\">CMP<\/a> come <a href=\"http:\/\/fitconsent.com\">FitConsent<\/a> con piattaforme come <a href=\"https:\/\/fitconsent.com\/it_it\/google-consent-mode-v2-spiegato\/\">Google Consent Mode V2<\/a> e <a href=\"https:\/\/fitconsent.com\/it_it\/uet-di-microsoft-monitoraggio-universale-degli-eventi\/\">Microsoft UET<\/a> Consent Mode non \u00e8 pi\u00f9 facoltativa. \u00c8 lo standard tecnico per mantenere la conformit\u00e0 legale nel SEE garantendo al contempo la continua praticabilit\u00e0 del marketing e dell&#8217;analisi basati sui dati.<\/p>\n\n\n\n<hr class=\"wp-block-separator has-alpha-channel-opacity\"\/>\n","protected":false},"excerpt":{"rendered":"<p>Il Regolamento Generale sulla Protezione dei Dati (GDPR), entrato in vigore a maggio 2018, \u00e8 la legislazione sulla protezione dei dati pi\u00f9 rigorosa e completa al mondo dell&#8217;Unione Europea. Il suo obiettivo fondamentale \u00e8 restituire ai cittadini dell&#8217;UE e del SEE (Spazio Economico Europeo) il controllo sui propri dati personali e unificare il panorama normativo [&hellip;]<\/p>\n","protected":false},"author":5,"featured_media":0,"parent":0,"menu_order":0,"comment_status":"closed","ping_status":"closed","template":"","meta":{"_fitconsent_language":"it_IT","_fitconsent_translation_group":"1880","footnotes":""},"class_list":["post-1904","page","type-page","status-publish","hentry"],"yoast_head":"<!-- This site is optimized with the Yoast SEO plugin v27.2 - https:\/\/yoast.com\/product\/yoast-seo-wordpress\/ -->\n<title>GDPR Regolamento Generale sulla Protezione dei Dati Spiegato<\/title>\n<meta name=\"description\" content=\"Il Regolamento Generale sulla Protezione dei Dati (GDPR) Spiegato\" \/>\n<meta name=\"robots\" content=\"index, follow, max-snippet:-1, max-image-preview:large, max-video-preview:-1\" \/>\n<link rel=\"canonical\" href=\"https:\/\/fitconsent.com\/it_it\/gdpr-regolamento-generale-sulla-protezione-dei-dati-spiegato\/\" \/>\n<meta property=\"og:locale\" content=\"it_IT\" \/>\n<meta property=\"og:type\" content=\"article\" \/>\n<meta property=\"og:title\" content=\"GDPR Regolamento Generale sulla Protezione dei Dati Spiegato\" \/>\n<meta property=\"og:description\" content=\"Il Regolamento Generale sulla Protezione dei Dati (GDPR) Spiegato\" \/>\n<meta property=\"og:url\" content=\"https:\/\/fitconsent.com\/it_it\/gdpr-regolamento-generale-sulla-protezione-dei-dati-spiegato\/\" \/>\n<meta property=\"og:site_name\" content=\"FitConsent\" \/>\n<meta property=\"article:modified_time\" content=\"2025-10-21T18:30:00+00:00\" \/>\n<meta property=\"og:image\" content=\"https:\/\/fitconsent.com\/wp-content\/uploads\/2025\/10\/12.png\" \/>\n<meta name=\"twitter:card\" content=\"summary_large_image\" \/>\n<meta name=\"twitter:label1\" content=\"Tempo di lettura stimato\" \/>\n\t<meta name=\"twitter:data1\" content=\"5 minuti\" \/>\n<script type=\"application\/ld+json\" class=\"yoast-schema-graph\">{\"@context\":\"https:\/\/schema.org\",\"@graph\":[{\"@type\":\"WebPage\",\"@id\":\"https:\/\/fitconsent.com\/it_it\/gdpr-regolamento-generale-sulla-protezione-dei-dati-spiegato\/\",\"url\":\"https:\/\/fitconsent.com\/it_it\/gdpr-regolamento-generale-sulla-protezione-dei-dati-spiegato\/\",\"name\":\"GDPR Regolamento Generale sulla Protezione dei Dati Spiegato\",\"isPartOf\":{\"@id\":\"https:\/\/fitconsent.com\/fr_fr\/#website\"},\"primaryImageOfPage\":{\"@id\":\"https:\/\/fitconsent.com\/it_it\/gdpr-regolamento-generale-sulla-protezione-dei-dati-spiegato\/#primaryimage\"},\"image\":{\"@id\":\"https:\/\/fitconsent.com\/it_it\/gdpr-regolamento-generale-sulla-protezione-dei-dati-spiegato\/#primaryimage\"},\"thumbnailUrl\":\"https:\/\/fitconsent.com\/wp-content\/uploads\/2025\/10\/12.png\",\"datePublished\":\"2025-10-17T21:35:30+00:00\",\"dateModified\":\"2025-10-21T18:30:00+00:00\",\"description\":\"Il Regolamento Generale sulla Protezione dei Dati (GDPR) Spiegato\",\"breadcrumb\":{\"@id\":\"https:\/\/fitconsent.com\/it_it\/gdpr-regolamento-generale-sulla-protezione-dei-dati-spiegato\/#breadcrumb\"},\"inLanguage\":\"it-IT\",\"potentialAction\":[{\"@type\":\"ReadAction\",\"target\":[\"https:\/\/fitconsent.com\/it_it\/gdpr-regolamento-generale-sulla-protezione-dei-dati-spiegato\/\"]}]},{\"@type\":\"ImageObject\",\"inLanguage\":\"it-IT\",\"@id\":\"https:\/\/fitconsent.com\/it_it\/gdpr-regolamento-generale-sulla-protezione-dei-dati-spiegato\/#primaryimage\",\"url\":\"https:\/\/fitconsent.com\/wp-content\/uploads\/2025\/10\/12.png\",\"contentUrl\":\"https:\/\/fitconsent.com\/wp-content\/uploads\/2025\/10\/12.png\"},{\"@type\":\"BreadcrumbList\",\"@id\":\"https:\/\/fitconsent.com\/it_it\/gdpr-regolamento-generale-sulla-protezione-dei-dati-spiegato\/#breadcrumb\",\"itemListElement\":[{\"@type\":\"ListItem\",\"position\":1,\"name\":\"Home\",\"item\":\"https:\/\/fitconsent.com\/\"},{\"@type\":\"ListItem\",\"position\":2,\"name\":\"Il Regolamento Generale sulla Protezione dei Dati (GDPR) Spiegato\"}]},{\"@type\":\"WebSite\",\"@id\":\"https:\/\/fitconsent.com\/fr_fr\/#website\",\"url\":\"https:\/\/fitconsent.com\/fr_fr\/\",\"name\":\"FitConsent\",\"description\":\"By DIGITLOAD\",\"publisher\":{\"@id\":\"https:\/\/fitconsent.com\/fr_fr\/#organization\"},\"potentialAction\":[{\"@type\":\"SearchAction\",\"target\":{\"@type\":\"EntryPoint\",\"urlTemplate\":\"https:\/\/fitconsent.com\/fr_fr\/?s={search_term_string}\"},\"query-input\":{\"@type\":\"PropertyValueSpecification\",\"valueRequired\":true,\"valueName\":\"search_term_string\"}}],\"inLanguage\":\"it-IT\"},{\"@type\":\"Organization\",\"@id\":\"https:\/\/fitconsent.com\/fr_fr\/#organization\",\"name\":\"DIGITLOAD\",\"url\":\"https:\/\/fitconsent.com\/fr_fr\/\",\"logo\":{\"@type\":\"ImageObject\",\"inLanguage\":\"it-IT\",\"@id\":\"https:\/\/fitconsent.com\/fr_fr\/#\/schema\/logo\/image\/\",\"url\":\"https:\/\/fitconsent.com\/wp-content\/uploads\/2025\/08\/cropped-icon.png\",\"contentUrl\":\"https:\/\/fitconsent.com\/wp-content\/uploads\/2025\/08\/cropped-icon.png\",\"width\":512,\"height\":512,\"caption\":\"DIGITLOAD\"},\"image\":{\"@id\":\"https:\/\/fitconsent.com\/fr_fr\/#\/schema\/logo\/image\/\"}}]}<\/script>\n<!-- \/ Yoast SEO plugin. -->","yoast_head_json":{"title":"GDPR Regolamento Generale sulla Protezione dei Dati Spiegato","description":"Il Regolamento Generale sulla Protezione dei Dati (GDPR) Spiegato","robots":{"index":"index","follow":"follow","max-snippet":"max-snippet:-1","max-image-preview":"max-image-preview:large","max-video-preview":"max-video-preview:-1"},"canonical":"https:\/\/fitconsent.com\/it_it\/gdpr-regolamento-generale-sulla-protezione-dei-dati-spiegato\/","og_locale":"it_IT","og_type":"article","og_title":"GDPR Regolamento Generale sulla Protezione dei Dati Spiegato","og_description":"Il Regolamento Generale sulla Protezione dei Dati (GDPR) Spiegato","og_url":"https:\/\/fitconsent.com\/it_it\/gdpr-regolamento-generale-sulla-protezione-dei-dati-spiegato\/","og_site_name":"FitConsent","article_modified_time":"2025-10-21T18:30:00+00:00","og_image":[{"url":"https:\/\/fitconsent.com\/wp-content\/uploads\/2025\/10\/12.png","type":"","width":"","height":""}],"twitter_card":"summary_large_image","twitter_misc":{"Tempo di lettura stimato":"5 minuti"},"schema":{"@context":"https:\/\/schema.org","@graph":[{"@type":"WebPage","@id":"https:\/\/fitconsent.com\/it_it\/gdpr-regolamento-generale-sulla-protezione-dei-dati-spiegato\/","url":"https:\/\/fitconsent.com\/it_it\/gdpr-regolamento-generale-sulla-protezione-dei-dati-spiegato\/","name":"GDPR Regolamento Generale sulla Protezione dei Dati Spiegato","isPartOf":{"@id":"https:\/\/fitconsent.com\/fr_fr\/#website"},"primaryImageOfPage":{"@id":"https:\/\/fitconsent.com\/it_it\/gdpr-regolamento-generale-sulla-protezione-dei-dati-spiegato\/#primaryimage"},"image":{"@id":"https:\/\/fitconsent.com\/it_it\/gdpr-regolamento-generale-sulla-protezione-dei-dati-spiegato\/#primaryimage"},"thumbnailUrl":"https:\/\/fitconsent.com\/wp-content\/uploads\/2025\/10\/12.png","datePublished":"2025-10-17T21:35:30+00:00","dateModified":"2025-10-21T18:30:00+00:00","description":"Il Regolamento Generale sulla Protezione dei Dati (GDPR) Spiegato","breadcrumb":{"@id":"https:\/\/fitconsent.com\/it_it\/gdpr-regolamento-generale-sulla-protezione-dei-dati-spiegato\/#breadcrumb"},"inLanguage":"it-IT","potentialAction":[{"@type":"ReadAction","target":["https:\/\/fitconsent.com\/it_it\/gdpr-regolamento-generale-sulla-protezione-dei-dati-spiegato\/"]}]},{"@type":"ImageObject","inLanguage":"it-IT","@id":"https:\/\/fitconsent.com\/it_it\/gdpr-regolamento-generale-sulla-protezione-dei-dati-spiegato\/#primaryimage","url":"https:\/\/fitconsent.com\/wp-content\/uploads\/2025\/10\/12.png","contentUrl":"https:\/\/fitconsent.com\/wp-content\/uploads\/2025\/10\/12.png"},{"@type":"BreadcrumbList","@id":"https:\/\/fitconsent.com\/it_it\/gdpr-regolamento-generale-sulla-protezione-dei-dati-spiegato\/#breadcrumb","itemListElement":[{"@type":"ListItem","position":1,"name":"Home","item":"https:\/\/fitconsent.com\/"},{"@type":"ListItem","position":2,"name":"Il Regolamento Generale sulla Protezione dei Dati (GDPR) Spiegato"}]},{"@type":"WebSite","@id":"https:\/\/fitconsent.com\/fr_fr\/#website","url":"https:\/\/fitconsent.com\/fr_fr\/","name":"FitConsent","description":"By DIGITLOAD","publisher":{"@id":"https:\/\/fitconsent.com\/fr_fr\/#organization"},"potentialAction":[{"@type":"SearchAction","target":{"@type":"EntryPoint","urlTemplate":"https:\/\/fitconsent.com\/fr_fr\/?s={search_term_string}"},"query-input":{"@type":"PropertyValueSpecification","valueRequired":true,"valueName":"search_term_string"}}],"inLanguage":"it-IT"},{"@type":"Organization","@id":"https:\/\/fitconsent.com\/fr_fr\/#organization","name":"DIGITLOAD","url":"https:\/\/fitconsent.com\/fr_fr\/","logo":{"@type":"ImageObject","inLanguage":"it-IT","@id":"https:\/\/fitconsent.com\/fr_fr\/#\/schema\/logo\/image\/","url":"https:\/\/fitconsent.com\/wp-content\/uploads\/2025\/08\/cropped-icon.png","contentUrl":"https:\/\/fitconsent.com\/wp-content\/uploads\/2025\/08\/cropped-icon.png","width":512,"height":512,"caption":"DIGITLOAD"},"image":{"@id":"https:\/\/fitconsent.com\/fr_fr\/#\/schema\/logo\/image\/"}}]}},"_links":{"self":[{"href":"https:\/\/fitconsent.com\/it_it\/wp-json\/wp\/v2\/pages\/1904","targetHints":{"allow":["GET"]}}],"collection":[{"href":"https:\/\/fitconsent.com\/it_it\/wp-json\/wp\/v2\/pages"}],"about":[{"href":"https:\/\/fitconsent.com\/it_it\/wp-json\/wp\/v2\/types\/page"}],"author":[{"embeddable":true,"href":"https:\/\/fitconsent.com\/it_it\/wp-json\/wp\/v2\/users\/5"}],"replies":[{"embeddable":true,"href":"https:\/\/fitconsent.com\/it_it\/wp-json\/wp\/v2\/comments?post=1904"}],"version-history":[{"count":3,"href":"https:\/\/fitconsent.com\/it_it\/wp-json\/wp\/v2\/pages\/1904\/revisions"}],"predecessor-version":[{"id":2082,"href":"https:\/\/fitconsent.com\/it_it\/wp-json\/wp\/v2\/pages\/1904\/revisions\/2082"}],"wp:attachment":[{"href":"https:\/\/fitconsent.com\/it_it\/wp-json\/wp\/v2\/media?parent=1904"}],"curies":[{"name":"wp","href":"https:\/\/api.w.org\/{rel}","templated":true}]}}