{"id":1862,"date":"2025-10-17T18:28:31","date_gmt":"2025-10-17T18:28:31","guid":{"rendered":"https:\/\/fitconsent.com\/?page_id=1862"},"modified":"2025-10-21T18:26:58","modified_gmt":"2025-10-21T18:26:58","slug":"piattaforma-di-gestione-del-consenso-utente-cmp","status":"publish","type":"page","link":"https:\/\/fitconsent.com\/it_it\/piattaforma-di-gestione-del-consenso-utente-cmp\/","title":{"rendered":"Sblocco dell&#8217;Integrit\u00e0 dei Dati e della Fiducia: Un&#8217;Analisi Approfondita della Piattaforma di Gestione del Consenso Utente (CMP)"},"content":{"rendered":"\n<p>Nell&#8217;era digitale, i dati sono il motore della crescita. Tuttavia, rigide normative globali come il <strong><a href=\"https:\/\/fitconsent.com\/it_it\/gdpr-regolamento-generale-sulla-protezione-dei-dati-spiegato\/\">GDPR<\/a> (Regolamento Generale sulla Protezione dei Dati)<\/strong> e il <strong><a href=\"https:\/\/fitconsent.com\/it_it\/ccpa-cpra-consumatori-della-california-e-privacy-dei-dati\/\">CCPA<\/a> (California Consumer Privacy Act)<\/strong> hanno chiarito che tali dati devono essere raccolti con il consenso esplicito e informato dell&#8217;utente. \u00c8 qui che interviene la <strong>Piattaforma di Gestione del Consenso (CMP)<\/strong>, trasformando un ostacolo legale in un vantaggio strategico per le aziende.<\/p>\n\n\n\n<figure class=\"wp-block-image size-full\"><img loading=\"lazy\" decoding=\"async\" width=\"1024\" height=\"852\" src=\"https:\/\/fitconsent.com\/wp-content\/uploads\/2025\/09\/FitConsent_Hero.png\" alt=\"Consent Management Platform (CMP)\" class=\"wp-image-1598\" srcset=\"https:\/\/fitconsent.com\/wp-content\/uploads\/2025\/09\/FitConsent_Hero.png 1024w, https:\/\/fitconsent.com\/wp-content\/uploads\/2025\/09\/FitConsent_Hero-300x250.png 300w, https:\/\/fitconsent.com\/wp-content\/uploads\/2025\/09\/FitConsent_Hero-768x639.png 768w, https:\/\/fitconsent.com\/wp-content\/uploads\/2025\/09\/FitConsent_Hero-600x499.png 600w\" sizes=\"auto, (max-width: 1024px) 100vw, 1024px\" \/><\/figure>\n\n\n\n<h3 class=\"wp-block-heading\">Che cos&#8217;\u00e8 esattamente una Piattaforma di Gestione del Consenso (CMP)?<\/h3>\n\n\n\n<p>Una CMP \u00e8 uno strumento software specializzato progettato per aiutare i proprietari di siti web e gli sviluppatori di app a <strong>raccogliere, gestire e documentare<\/strong> in modo efficiente il consenso dell&#8217;utente per le attivit\u00e0 di trattamento dei dati, in particolare in relazione ai cookie e ad altre tecnologie di tracciamento.<\/p>\n\n\n\n<p>Pi\u00f9 di un semplice &#8220;banner dei cookie&#8221;, una CMP robusta \u00e8 la pietra angolare di una strategia che d\u00e0 priorit\u00e0 alla privacy. Svolge diverse funzioni critiche:<\/p>\n\n\n\n<ol start=\"1\" class=\"wp-block-list\">\n<li><strong>Informativa sul Consenso Trasparente:<\/strong> Visualizza un banner o un pop-up chiaro e personalizzato quando un utente visita un sito web per la prima volta, informandolo esattamente su come verranno utilizzati i suoi dati personali.<\/li>\n\n\n\n<li><strong>Scelta Granulare:<\/strong> Consente agli utenti di accettare, rifiutare o personalizzare le proprie preferenze per diverse finalit\u00e0 dei dati (ad esempio, analisi, marketing, personalizzazione), andando oltre i semplici pulsanti &#8220;Accetta tutto&#8221;.<\/li>\n\n\n\n<li><strong>Registrazione e Traccia di Audit del Consenso:<\/strong> Archivia in modo sicuro un registro completo e a prova di manomissione della scelta di consenso di ciascun utente, fornendo la documentazione necessaria per dimostrare la conformit\u00e0 in caso di audit.<\/li>\n\n\n\n<li><strong>Applicazione delle Preferenze:<\/strong> Assicura che gli <em>script<\/em>, i <em>cookie<\/em> e i <em>tag<\/em> di marketing del tuo sito web (come Google Analytics o il Pixel di Facebook) si attivino solo <strong>dopo<\/strong> e <strong>in conformit\u00e0<\/strong> con le scelte specifiche dell&#8217;utente.<\/li>\n<\/ol>\n\n\n\n<h3 class=\"wp-block-heading\">I Vantaggi Strategici dell&#8217;Utilizzo di una CMP Moderna<\/h3>\n\n\n\n<p>L&#8217;implementazione di una CMP di alta qualit\u00e0 offre molto di pi\u00f9 che evitare pesanti multe normative. Supporta direttamente la crescita della tua attivit\u00e0 e il tuo vantaggio competitivo:<\/p>\n\n\n\n<ul class=\"wp-block-list\">\n<li><strong>Conformit\u00e0 Normativa Garantita:<\/strong> Una CMP dedicata come <strong>FitConsent.com<\/strong> si adatta automaticamente ai requisiti in evoluzione di leggi come il <a href=\"https:\/\/fitconsent.com\/it_it\/gdpr-regolamento-generale-sulla-protezione-dei-dati-spiegato\/\">GDPR<\/a>, il <a href=\"https:\/\/fitconsent.com\/it_it\/ccpa-cpra-consumatori-della-california-e-privacy-dei-dati\/\">CCPA<\/a> e altre. Ci\u00f2 alleggerisce l&#8217;onere per i tuoi team legali e di sviluppo, garantendo che le tue pratiche di raccolta dati siano legali in diverse giurisdizioni.<\/li>\n\n\n\n<li><strong>Dati Accurati e Affidabili:<\/strong> Applicando correttamente il consenso dell&#8217;utente, una CMP assicura che i dati che raccogli siano legalmente validi. Questo \u00e8 vitale per un&#8217;analisi e una presa di decisioni accurate. Le soluzioni che supportano meccanismi moderni come il <strong><a href=\"https:\/\/fitconsent.com\/it_it\/google-consent-mode-v2-spiegato\/\">Google Consent Mode V2<\/a><\/strong> e il <strong><a href=\"https:\/\/fitconsent.com\/it_it\/uet-di-microsoft-monitoraggio-universale-degli-eventi\/\">Microsoft UET Consent Mode<\/a><\/strong>, come FitConsent, consentono la modellazione delle conversioni nel rispetto della privacy, offrendoti un quadro pi\u00f9 chiaro delle tue prestazioni anche quando gli utenti rifiutano i cookie di tracciamento.<\/li>\n\n\n\n<li><strong>Maggiore Fiducia ed Esperienza Utente:<\/strong> Un&#8217;esperienza di consenso trasparente e facile da usare favorisce la fiducia. Quando gli utenti si sentono rispettati e in controllo dei propri dati, sono pi\u00f9 propensi a interagire con il tuo brand e persino a concedere il consenso, il che porta a tassi di <em>opt-in<\/em> pi\u00f9 elevati e a una migliore qualit\u00e0 dei dati.<\/li>\n\n\n\n<li><strong>ROI di Marketing Ottimizzato:<\/strong> Integrandosi perfettamente con i tuoi strumenti di pubblicit\u00e0 e analisi, una CMP garantisce che le tue campagne di marketing possano continuare a funzionare in modo efficace e conforme. Ci\u00f2 preserva il valore della tua spesa pubblicitaria e previene inutili perdite di dati.<\/li>\n<\/ul>\n\n\n\n<h3 class=\"wp-block-heading\"><strong>FitConsent: Trasformare la Conformit\u00e0 in un Vantaggio Competitivo<\/strong><\/h3>\n\n\n\n<p>Scegliere la CMP giusta \u00e8 cruciale. Una piattaforma come <strong><a href=\"http:\/\/fitconsent.com\">FitConsent<\/a><\/strong> \u00e8 progettata specificamente per fornire una soluzione di consenso utente potente e senza interruzioni. Elimina la complessit\u00e0 della configurazione fornendo <em>banner<\/em> facili da integrare, offrendoti al contempo la tranquillit\u00e0 derivante dal supporto completo per aggiornamenti critici come il <strong>Google Consent Mode V2<\/strong>\u2014una necessit\u00e0 per qualsiasi azienda che esegua Google Ads o utilizzi Google Analytics.<\/p>\n\n\n\n<p>Nel panorama attuale, una CMP non \u00e8 facoltativa: \u00e8 essenziale. \u00c8 lo strumento che ti consente di perseguire la crescita con fiducia, sapendo che la tua base di dati \u00e8 conforme, accurata e costruita su un rapporto di fiducia con ogni utente.<\/p>\n","protected":false},"excerpt":{"rendered":"<p>Nell&#8217;era digitale, i dati sono il motore della crescita. Tuttavia, rigide normative globali come il GDPR (Regolamento Generale sulla Protezione dei Dati) e il CCPA (California Consumer Privacy Act) hanno chiarito che tali dati devono essere raccolti con il consenso esplicito e informato dell&#8217;utente. \u00c8 qui che interviene la Piattaforma di Gestione del Consenso (CMP), [&hellip;]<\/p>\n","protected":false},"author":5,"featured_media":0,"parent":0,"menu_order":0,"comment_status":"closed","ping_status":"closed","template":"","meta":{"_fitconsent_language":"it_IT","_fitconsent_translation_group":"1842","footnotes":""},"class_list":["post-1862","page","type-page","status-publish","hentry"],"yoast_head":"<!-- This site is optimized with the Yoast SEO plugin v27.2 - https:\/\/yoast.com\/product\/yoast-seo-wordpress\/ -->\n<title>Piattaforma di Gestione del Consenso Utente (CMP)<\/title>\n<meta name=\"description\" content=\"Sblocco dell&#039;Integrit\u00e0 dei Dati e della Fiducia: Un&#039;Analisi Approfondita della Piattaforma di Gestione del Consenso Utente (CMP)\" \/>\n<meta name=\"robots\" content=\"index, follow, max-snippet:-1, max-image-preview:large, max-video-preview:-1\" \/>\n<link rel=\"canonical\" href=\"https:\/\/fitconsent.com\/it_it\/piattaforma-di-gestione-del-consenso-utente-cmp\/\" \/>\n<meta property=\"og:locale\" content=\"it_IT\" \/>\n<meta property=\"og:type\" content=\"article\" \/>\n<meta property=\"og:title\" content=\"Piattaforma di Gestione del Consenso Utente (CMP)\" \/>\n<meta property=\"og:description\" content=\"Sblocco dell&#039;Integrit\u00e0 dei Dati e della Fiducia: Un&#039;Analisi Approfondita della Piattaforma di Gestione del Consenso Utente (CMP)\" \/>\n<meta property=\"og:url\" content=\"https:\/\/fitconsent.com\/it_it\/piattaforma-di-gestione-del-consenso-utente-cmp\/\" \/>\n<meta property=\"og:site_name\" content=\"FitConsent\" \/>\n<meta property=\"article:modified_time\" content=\"2025-10-21T18:26:58+00:00\" \/>\n<meta property=\"og:image\" content=\"https:\/\/fitconsent.com\/wp-content\/uploads\/2025\/09\/FitConsent_Hero.png\" \/>\n<meta name=\"twitter:card\" content=\"summary_large_image\" \/>\n<meta name=\"twitter:label1\" content=\"Tempo di lettura stimato\" \/>\n\t<meta name=\"twitter:data1\" content=\"4 minuti\" \/>\n<script type=\"application\/ld+json\" class=\"yoast-schema-graph\">{\"@context\":\"https:\/\/schema.org\",\"@graph\":[{\"@type\":\"WebPage\",\"@id\":\"https:\/\/fitconsent.com\/it_it\/piattaforma-di-gestione-del-consenso-utente-cmp\/\",\"url\":\"https:\/\/fitconsent.com\/it_it\/piattaforma-di-gestione-del-consenso-utente-cmp\/\",\"name\":\"Piattaforma di Gestione del Consenso Utente (CMP)\",\"isPartOf\":{\"@id\":\"https:\/\/fitconsent.com\/fr_fr\/#website\"},\"primaryImageOfPage\":{\"@id\":\"https:\/\/fitconsent.com\/it_it\/piattaforma-di-gestione-del-consenso-utente-cmp\/#primaryimage\"},\"image\":{\"@id\":\"https:\/\/fitconsent.com\/it_it\/piattaforma-di-gestione-del-consenso-utente-cmp\/#primaryimage\"},\"thumbnailUrl\":\"https:\/\/fitconsent.com\/wp-content\/uploads\/2025\/09\/FitConsent_Hero.png\",\"datePublished\":\"2025-10-17T18:28:31+00:00\",\"dateModified\":\"2025-10-21T18:26:58+00:00\",\"description\":\"Sblocco dell'Integrit\u00e0 dei Dati e della Fiducia: Un'Analisi Approfondita della Piattaforma di Gestione del Consenso Utente (CMP)\",\"breadcrumb\":{\"@id\":\"https:\/\/fitconsent.com\/it_it\/piattaforma-di-gestione-del-consenso-utente-cmp\/#breadcrumb\"},\"inLanguage\":\"it-IT\",\"potentialAction\":[{\"@type\":\"ReadAction\",\"target\":[\"https:\/\/fitconsent.com\/it_it\/piattaforma-di-gestione-del-consenso-utente-cmp\/\"]}]},{\"@type\":\"ImageObject\",\"inLanguage\":\"it-IT\",\"@id\":\"https:\/\/fitconsent.com\/it_it\/piattaforma-di-gestione-del-consenso-utente-cmp\/#primaryimage\",\"url\":\"https:\/\/fitconsent.com\/wp-content\/uploads\/2025\/09\/FitConsent_Hero.png\",\"contentUrl\":\"https:\/\/fitconsent.com\/wp-content\/uploads\/2025\/09\/FitConsent_Hero.png\"},{\"@type\":\"BreadcrumbList\",\"@id\":\"https:\/\/fitconsent.com\/it_it\/piattaforma-di-gestione-del-consenso-utente-cmp\/#breadcrumb\",\"itemListElement\":[{\"@type\":\"ListItem\",\"position\":1,\"name\":\"Home\",\"item\":\"https:\/\/fitconsent.com\/\"},{\"@type\":\"ListItem\",\"position\":2,\"name\":\"Sblocco dell&#8217;Integrit\u00e0 dei Dati e della Fiducia: Un&#8217;Analisi Approfondita della Piattaforma di Gestione del Consenso Utente (CMP)\"}]},{\"@type\":\"WebSite\",\"@id\":\"https:\/\/fitconsent.com\/fr_fr\/#website\",\"url\":\"https:\/\/fitconsent.com\/fr_fr\/\",\"name\":\"FitConsent\",\"description\":\"By DIGITLOAD\",\"publisher\":{\"@id\":\"https:\/\/fitconsent.com\/fr_fr\/#organization\"},\"potentialAction\":[{\"@type\":\"SearchAction\",\"target\":{\"@type\":\"EntryPoint\",\"urlTemplate\":\"https:\/\/fitconsent.com\/fr_fr\/?s={search_term_string}\"},\"query-input\":{\"@type\":\"PropertyValueSpecification\",\"valueRequired\":true,\"valueName\":\"search_term_string\"}}],\"inLanguage\":\"it-IT\"},{\"@type\":\"Organization\",\"@id\":\"https:\/\/fitconsent.com\/fr_fr\/#organization\",\"name\":\"DIGITLOAD\",\"url\":\"https:\/\/fitconsent.com\/fr_fr\/\",\"logo\":{\"@type\":\"ImageObject\",\"inLanguage\":\"it-IT\",\"@id\":\"https:\/\/fitconsent.com\/fr_fr\/#\/schema\/logo\/image\/\",\"url\":\"https:\/\/fitconsent.com\/wp-content\/uploads\/2025\/08\/cropped-icon.png\",\"contentUrl\":\"https:\/\/fitconsent.com\/wp-content\/uploads\/2025\/08\/cropped-icon.png\",\"width\":512,\"height\":512,\"caption\":\"DIGITLOAD\"},\"image\":{\"@id\":\"https:\/\/fitconsent.com\/fr_fr\/#\/schema\/logo\/image\/\"}}]}<\/script>\n<!-- \/ Yoast SEO plugin. -->","yoast_head_json":{"title":"Piattaforma di Gestione del Consenso Utente (CMP)","description":"Sblocco dell'Integrit\u00e0 dei Dati e della Fiducia: Un'Analisi Approfondita della Piattaforma di Gestione del Consenso Utente (CMP)","robots":{"index":"index","follow":"follow","max-snippet":"max-snippet:-1","max-image-preview":"max-image-preview:large","max-video-preview":"max-video-preview:-1"},"canonical":"https:\/\/fitconsent.com\/it_it\/piattaforma-di-gestione-del-consenso-utente-cmp\/","og_locale":"it_IT","og_type":"article","og_title":"Piattaforma di Gestione del Consenso Utente (CMP)","og_description":"Sblocco dell'Integrit\u00e0 dei Dati e della Fiducia: Un'Analisi Approfondita della Piattaforma di Gestione del Consenso Utente (CMP)","og_url":"https:\/\/fitconsent.com\/it_it\/piattaforma-di-gestione-del-consenso-utente-cmp\/","og_site_name":"FitConsent","article_modified_time":"2025-10-21T18:26:58+00:00","og_image":[{"url":"https:\/\/fitconsent.com\/wp-content\/uploads\/2025\/09\/FitConsent_Hero.png","type":"","width":"","height":""}],"twitter_card":"summary_large_image","twitter_misc":{"Tempo di lettura stimato":"4 minuti"},"schema":{"@context":"https:\/\/schema.org","@graph":[{"@type":"WebPage","@id":"https:\/\/fitconsent.com\/it_it\/piattaforma-di-gestione-del-consenso-utente-cmp\/","url":"https:\/\/fitconsent.com\/it_it\/piattaforma-di-gestione-del-consenso-utente-cmp\/","name":"Piattaforma di Gestione del Consenso Utente (CMP)","isPartOf":{"@id":"https:\/\/fitconsent.com\/fr_fr\/#website"},"primaryImageOfPage":{"@id":"https:\/\/fitconsent.com\/it_it\/piattaforma-di-gestione-del-consenso-utente-cmp\/#primaryimage"},"image":{"@id":"https:\/\/fitconsent.com\/it_it\/piattaforma-di-gestione-del-consenso-utente-cmp\/#primaryimage"},"thumbnailUrl":"https:\/\/fitconsent.com\/wp-content\/uploads\/2025\/09\/FitConsent_Hero.png","datePublished":"2025-10-17T18:28:31+00:00","dateModified":"2025-10-21T18:26:58+00:00","description":"Sblocco dell'Integrit\u00e0 dei Dati e della Fiducia: Un'Analisi Approfondita della Piattaforma di Gestione del Consenso Utente (CMP)","breadcrumb":{"@id":"https:\/\/fitconsent.com\/it_it\/piattaforma-di-gestione-del-consenso-utente-cmp\/#breadcrumb"},"inLanguage":"it-IT","potentialAction":[{"@type":"ReadAction","target":["https:\/\/fitconsent.com\/it_it\/piattaforma-di-gestione-del-consenso-utente-cmp\/"]}]},{"@type":"ImageObject","inLanguage":"it-IT","@id":"https:\/\/fitconsent.com\/it_it\/piattaforma-di-gestione-del-consenso-utente-cmp\/#primaryimage","url":"https:\/\/fitconsent.com\/wp-content\/uploads\/2025\/09\/FitConsent_Hero.png","contentUrl":"https:\/\/fitconsent.com\/wp-content\/uploads\/2025\/09\/FitConsent_Hero.png"},{"@type":"BreadcrumbList","@id":"https:\/\/fitconsent.com\/it_it\/piattaforma-di-gestione-del-consenso-utente-cmp\/#breadcrumb","itemListElement":[{"@type":"ListItem","position":1,"name":"Home","item":"https:\/\/fitconsent.com\/"},{"@type":"ListItem","position":2,"name":"Sblocco dell&#8217;Integrit\u00e0 dei Dati e della Fiducia: Un&#8217;Analisi Approfondita della Piattaforma di Gestione del Consenso Utente (CMP)"}]},{"@type":"WebSite","@id":"https:\/\/fitconsent.com\/fr_fr\/#website","url":"https:\/\/fitconsent.com\/fr_fr\/","name":"FitConsent","description":"By DIGITLOAD","publisher":{"@id":"https:\/\/fitconsent.com\/fr_fr\/#organization"},"potentialAction":[{"@type":"SearchAction","target":{"@type":"EntryPoint","urlTemplate":"https:\/\/fitconsent.com\/fr_fr\/?s={search_term_string}"},"query-input":{"@type":"PropertyValueSpecification","valueRequired":true,"valueName":"search_term_string"}}],"inLanguage":"it-IT"},{"@type":"Organization","@id":"https:\/\/fitconsent.com\/fr_fr\/#organization","name":"DIGITLOAD","url":"https:\/\/fitconsent.com\/fr_fr\/","logo":{"@type":"ImageObject","inLanguage":"it-IT","@id":"https:\/\/fitconsent.com\/fr_fr\/#\/schema\/logo\/image\/","url":"https:\/\/fitconsent.com\/wp-content\/uploads\/2025\/08\/cropped-icon.png","contentUrl":"https:\/\/fitconsent.com\/wp-content\/uploads\/2025\/08\/cropped-icon.png","width":512,"height":512,"caption":"DIGITLOAD"},"image":{"@id":"https:\/\/fitconsent.com\/fr_fr\/#\/schema\/logo\/image\/"}}]}},"_links":{"self":[{"href":"https:\/\/fitconsent.com\/it_it\/wp-json\/wp\/v2\/pages\/1862","targetHints":{"allow":["GET"]}}],"collection":[{"href":"https:\/\/fitconsent.com\/it_it\/wp-json\/wp\/v2\/pages"}],"about":[{"href":"https:\/\/fitconsent.com\/it_it\/wp-json\/wp\/v2\/types\/page"}],"author":[{"embeddable":true,"href":"https:\/\/fitconsent.com\/it_it\/wp-json\/wp\/v2\/users\/5"}],"replies":[{"embeddable":true,"href":"https:\/\/fitconsent.com\/it_it\/wp-json\/wp\/v2\/comments?post=1862"}],"version-history":[{"count":4,"href":"https:\/\/fitconsent.com\/it_it\/wp-json\/wp\/v2\/pages\/1862\/revisions"}],"predecessor-version":[{"id":2080,"href":"https:\/\/fitconsent.com\/it_it\/wp-json\/wp\/v2\/pages\/1862\/revisions\/2080"}],"wp:attachment":[{"href":"https:\/\/fitconsent.com\/it_it\/wp-json\/wp\/v2\/media?parent=1862"}],"curies":[{"name":"wp","href":"https:\/\/api.w.org\/{rel}","templated":true}]}}