{"id":870,"date":"2025-08-27T20:35:18","date_gmt":"2025-08-27T20:35:18","guid":{"rendered":"https:\/\/fitconsent.com\/?page_id=870"},"modified":"2025-08-27T20:35:20","modified_gmt":"2025-08-27T20:35:20","slug":"conditions-dutilisation","status":"publish","type":"page","link":"https:\/\/fitconsent.com\/fr_fr\/conditions-dutilisation\/","title":{"rendered":"Conditions d&rsquo;utilisation"},"content":{"rendered":"\n\n<p>Derni\u00e8re mise \u00e0 jour : 24 juillet 2025<\/p>\n\n\n\n\n<p>Veuillez lire attentivement ces termes et conditions avant d&rsquo;utiliser Notre Service.<\/p>\n\n\n\n\n<h2 class=\"wp-block-heading\">Interpr\u00e9tation et D\u00e9finitions<\/h2>\n\n\n\n\n<h3 class=\"wp-block-heading\">Interpr\u00e9tation<\/h3>\n\n\n\n\n<p>Les mots dont la lettre initiale est en majuscule ont des significations d\u00e9finies dans les conditions suivantes. Les d\u00e9finitions suivantes auront la m\u00eame signification, qu&rsquo;elles apparaissent au singulier ou au pluriel.<\/p>\n\n\n\n\n<h3 class=\"wp-block-heading\">D\u00e9finitions<\/h3>\n\n\n\n\n<p>Aux fins des pr\u00e9sentes Conditions g\u00e9n\u00e9rales :<\/p>\n\n\n\n\n<ul class=\"wp-block-list\">\n<li><strong>Application<\/strong> d\u00e9signe le logiciel fourni par la Soci\u00e9t\u00e9 que Vous avez t\u00e9l\u00e9charg\u00e9 sur n&rsquo;importe quel appareil \u00e9lectronique, nomm\u00e9 FitConsent.<\/li>\n\n\n\n\n<li><strong>Soci\u00e9t\u00e9<\/strong> (d\u00e9sign\u00e9e dans le pr\u00e9sent Contrat comme \u00ab\u00a0la Soci\u00e9t\u00e9\u00a0\u00bb, \u00ab\u00a0Nous\u00a0\u00bb, \u00ab\u00a0Notre\u00a0\u00bb) d\u00e9signe FitConsent, un produit de DIGITLOAD.<\/li>\n\n\n\n\n<li><strong>Pays<\/strong> d\u00e9signe : Canada<\/li>\n\n\n\n\n<li><strong>Service<\/strong> d\u00e9signe l&rsquo;Application.<\/li>\n\n\n\n\n<li><strong>Termes et Conditions<\/strong> (\u00e9galement d\u00e9sign\u00e9s sous le nom de \u00ab\u00a0Conditions\u00a0\u00bb) d\u00e9signent les pr\u00e9sentes Conditions g\u00e9n\u00e9rales qui constituent l&rsquo;int\u00e9gralit\u00e9 de l&rsquo;accord entre Vous et la Soci\u00e9t\u00e9 concernant l&rsquo;utilisation du Service.<\/li>\n\n\n\n\n<li><strong>Service de M\u00e9dias Sociaux Tiers<\/strong> d\u00e9signe tous les services ou contenus (y compris les donn\u00e9es, informations, produits ou services) fournis par un tiers qui peuvent \u00eatre affich\u00e9s, inclus ou rendus disponibles par le Service.<\/li>\n\n\n\n\n<li><strong>Vous<\/strong> d\u00e9signe l&rsquo;individu qui acc\u00e8de ou utilise le Service, ou la soci\u00e9t\u00e9, ou toute autre entit\u00e9 juridique au nom de laquelle cet individu acc\u00e8de ou utilise le Service, selon le cas.<\/li>\n<\/ul>\n\n\n\n\n<h2 class=\"wp-block-heading\">Reconnaissance<\/h2>\n\n\n\n\n<p>Les pr\u00e9sentes Conditions g\u00e9n\u00e9rales r\u00e9gissent l&rsquo;utilisation de ce Service et l&rsquo;accord qui s&rsquo;applique entre Vous et la Soci\u00e9t\u00e9. Ces Conditions g\u00e9n\u00e9rales d\u00e9finissent les droits et obligations de tous les utilisateurs concernant l&rsquo;utilisation du Service.<\/p>\n\n\n\n\n<p>Votre acc\u00e8s et Votre utilisation du Service sont conditionn\u00e9s par Votre acceptation et Votre respect des pr\u00e9sentes Conditions g\u00e9n\u00e9rales. Ces Conditions g\u00e9n\u00e9rales s&rsquo;appliquent \u00e0 tous les visiteurs, utilisateurs et autres personnes qui acc\u00e8dent ou utilisent le Service.<\/p>\n\n\n\n\n<p>En acc\u00e9dant ou en utilisant le Service, Vous acceptez d&rsquo;\u00eatre li\u00e9 par les pr\u00e9sentes Conditions g\u00e9n\u00e9rales. Si Vous n&rsquo;\u00eates pas d&rsquo;accord avec une partie de ces Conditions g\u00e9n\u00e9rales, alors Vous ne pouvez pas acc\u00e9der au Service.<\/p>\n\n\n\n\n<p>Vous d\u00e9clarez avoir plus de 18 ans. La Soci\u00e9t\u00e9 n&rsquo;autorise pas l&rsquo;utilisation du Service aux personnes de moins de 18 ans.<\/p>\n\n\n\n\n<p>Votre acc\u00e8s et Votre utilisation du Service sont \u00e9galement conditionn\u00e9s par Votre acceptation et Votre respect de la Politique de confidentialit\u00e9 de la Soci\u00e9t\u00e9. Notre Politique de confidentialit\u00e9 d\u00e9crit Nos politiques et proc\u00e9dures en mati\u00e8re de collecte, d&rsquo;utilisation et de divulgation de Vos informations personnelles lorsque Vous utilisez l&rsquo;Application ou le Site Web et Vous informe sur Vos droits en mati\u00e8re de confidentialit\u00e9 et sur la mani\u00e8re dont la loi Vous prot\u00e8ge. Veuillez lire attentivement Notre Politique de confidentialit\u00e9 avant d&rsquo;utiliser Notre Service.<\/p>\n\n\n\n\n<h2 class=\"wp-block-heading\">Comptes d&rsquo;Utilisateurs<\/h2>\n\n\n\n\n<p>Lorsque Vous cr\u00e9ez un compte chez Nous, Vous devez Nous fournir des informations exactes, compl\u00e8tes et \u00e0 jour en tout temps. Le non-respect de cette obligation constitue une violation des Conditions, ce qui peut entra\u00eener la r\u00e9siliation imm\u00e9diate de Votre compte sur Notre Service.<\/p>\n\n\n\n\n<p>Vous \u00eates responsable de la protection du mot de passe que Vous utilisez pour acc\u00e9der au Service et de toutes les activit\u00e9s ou actions effectu\u00e9es sous Votre mot de passe, que Votre mot de passe soit avec Notre Service ou un Service de M\u00e9dias Sociaux Tiers.<\/p>\n\n\n\n\n<p>Vous acceptez de ne pas divulguer Votre mot de passe \u00e0 un tiers. Vous devez Nous informer imm\u00e9diatement si Vous prenez connaissance d&rsquo;une violation de la s\u00e9curit\u00e9 ou d&rsquo;une utilisation non autoris\u00e9e de Votre compte.<\/p>\n\n\n\n\n<h2 class=\"wp-block-heading\">Propri\u00e9t\u00e9 Intellectuelle<\/h2>\n\n\n\n\n<p>Le Service et son contenu original (\u00e0 l&rsquo;exclusion du Contenu fourni par Vous ou d&rsquo;autres utilisateurs), ses caract\u00e9ristiques et ses fonctionnalit\u00e9s sont et resteront la propri\u00e9t\u00e9 exclusive de la Soci\u00e9t\u00e9 et de ses conc\u00e9dants.<\/p>\n\n\n\n\n<p>Le Service est prot\u00e9g\u00e9 par le droit d&rsquo;auteur, les marques de commerce et d&rsquo;autres lois du Pays et des pays \u00e9trangers.<\/p>\n\n\n\n\n<p>Nos marques de commerce et notre habillage commercial ne peuvent pas \u00eatre utilis\u00e9s en relation avec un produit ou un service sans le consentement \u00e9crit pr\u00e9alable de la Soci\u00e9t\u00e9.<\/p>\n\n\n\n\n<h2 class=\"wp-block-heading\">Limitation de Responsabilit\u00e9<\/h2>\n\n\n\n\n<p>Nonobstant les dommages que Vous pourriez subir, la responsabilit\u00e9 totale de la Soci\u00e9t\u00e9 et de ses fournisseurs en vertu de toute disposition des pr\u00e9sentes Conditions et Votre seul recours pour tout ce qui pr\u00e9c\u00e8de seront limit\u00e9s au montant que Vous avez r\u00e9ellement pay\u00e9 par le biais du Service ou \u00e0 100 USD si Vous n&rsquo;avez rien achet\u00e9 par le biais du Service.<\/p>\n\n\n\n\n<p>Dans toute la mesure permise par la loi applicable, en aucun cas la Soci\u00e9t\u00e9 ou ses fournisseurs ne pourront \u00eatre tenus responsables de dommages sp\u00e9ciaux, accessoires, indirects ou cons\u00e9cutifs de quelque nature que ce soit (y compris, mais sans s&rsquo;y limiter, les dommages pour perte de b\u00e9n\u00e9fices, perte de donn\u00e9es ou d&rsquo;autres informations, pour interruption d&rsquo;activit\u00e9, pour pr\u00e9judice corporel, perte de confidentialit\u00e9 d\u00e9coulant de ou li\u00e9s de quelque mani\u00e8re que ce soit \u00e0 l&rsquo;utilisation ou \u00e0 l&rsquo;incapacit\u00e9 d&rsquo;utiliser le Service, les logiciels tiers et\/ou le mat\u00e9riel tiers utilis\u00e9s avec le Service, ou autrement en relation avec toute disposition des pr\u00e9sentes Conditions), m\u00eame si la Soci\u00e9t\u00e9 ou un fournisseur a \u00e9t\u00e9 inform\u00e9 de la possibilit\u00e9 de tels dommages et m\u00eame si le recours \u00e9choue \u00e0 son objectif essentiel.<br><\/p>\n\n\n\n\n<h2 class=\"wp-block-heading\">Loi Applicable<\/h2>\n\n\n\n\n<p>Les lois du Pays, \u00e0 l&rsquo;exclusion de ses r\u00e8gles de conflit de lois, r\u00e9gissent les pr\u00e9sentes Conditions et Votre utilisation du Service. Votre utilisation de l&rsquo;Application peut \u00e9galement \u00eatre soumise \u00e0 d&rsquo;autres lois locales, \u00e9tatiques, nationales ou internationales.<\/p>\n\n\n\n\n<h2 class=\"wp-block-heading\">R\u00e9solution des Litiges<\/h2>\n\n\n\n\n<p>Si Vous avez une pr\u00e9occupation ou un litige concernant le Service, Vous acceptez de d&rsquo;abord essayer de r\u00e9soudre le litige de mani\u00e8re informelle en contactant la Soci\u00e9t\u00e9.<\/p>\n\n\n\n\n<h2 class=\"wp-block-heading\">Divisibilit\u00e9 et Renonciation<\/h2>\n\n\n\n\n<h3 class=\"wp-block-heading\">Divisibilit\u00e9<\/h3>\n\n\n\n\n<p>Si une disposition de ces Conditions est jug\u00e9e inapplicable ou invalide, cette disposition sera modifi\u00e9e et interpr\u00e9t\u00e9e de mani\u00e8re \u00e0 atteindre les objectifs de cette disposition dans la plus grande mesure possible en vertu de la loi applicable et les dispositions restantes continueront d&rsquo;\u00eatre pleinement en vigueur.<\/p>\n\n\n\n\n<h3 class=\"wp-block-heading\">Renonciation<\/h3>\n\n\n\n\n<p>Sauf stipulation contraire dans les pr\u00e9sentes, le fait de ne pas exercer un droit ou d&rsquo;exiger l&rsquo;ex\u00e9cution d&rsquo;une obligation en vertu de ces Conditions n&rsquo;affectera pas la capacit\u00e9 d&rsquo;une partie \u00e0 exercer ce droit ou \u00e0 exiger cette ex\u00e9cution par la suite, et la renonciation \u00e0 une violation ne constituera pas non plus une renonciation \u00e0 toute violation ult\u00e9rieure.<\/p>\n\n\n\n\n<h2 class=\"wp-block-heading\">Modifications des Pr\u00e9sentes Conditions G\u00e9n\u00e9rales<\/h2>\n\n\n\n\n<p>Nous nous r\u00e9servons le droit, \u00e0 Notre seule discr\u00e9tion, de modifier ou de remplacer ces Conditions \u00e0 tout moment. Si une r\u00e9vision est substantielle, Nous ferons des efforts raisonnables pour fournir un pr\u00e9avis d&rsquo;au moins 30 jours avant que les nouvelles conditions ne prennent effet. Ce qui constitue un changement substantiel sera d\u00e9termin\u00e9 \u00e0 Notre seule discr\u00e9tion.<\/p>\n\n\n\n\n<p>En continuant \u00e0 acc\u00e9der ou \u00e0 utiliser Notre Service apr\u00e8s que ces r\u00e9visions deviennent effectives, Vous acceptez d&rsquo;\u00eatre li\u00e9 par les conditions r\u00e9vis\u00e9es. Si Vous n&rsquo;acceptez pas les nouvelles conditions, en tout ou en partie, veuillez cesser d&rsquo;utiliser le site Web et le Service.<\/p>\n\n\n\n\n<h2 class=\"wp-block-heading\">Nous Contacter<\/h2>\n\n\n\n\n<p>Si vous avez des questions concernant ces Conditions g\u00e9n\u00e9rales, Vous pouvez Nous contacter :<\/p>\n\n\n\n\n<p>En visitant cette page sur notre site web : <a href=\"https:\/\/fitconsent.com\/contact\" target=\"_blank\" rel=\"noreferrer noopener\">https:\/\/fitconsent.com\/contact<\/a><\/p>\n\n\n\n\n<div style=\"height:100px\" aria-hidden=\"true\" class=\"wp-block-spacer\"><\/div>\n","protected":false},"excerpt":{"rendered":"<p>Derni\u00e8re mise \u00e0 jour : 24 juillet 2025 Veuillez lire attentivement ces termes et conditions avant d&rsquo;utiliser Notre Service. Interpr\u00e9tation et D\u00e9finitions Interpr\u00e9tation Les mots dont la lettre initiale est en majuscule ont des significations d\u00e9finies dans les conditions suivantes. Les d\u00e9finitions suivantes auront la m\u00eame signification, qu&rsquo;elles apparaissent au singulier ou au pluriel. D\u00e9finitions [&hellip;]<\/p>\n","protected":false},"author":5,"featured_media":0,"parent":0,"menu_order":0,"comment_status":"closed","ping_status":"closed","template":"","meta":{"_fitconsent_language":"fr_FR","_fitconsent_translation_group":"638","footnotes":""},"class_list":["post-870","page","type-page","status-publish","hentry"],"yoast_head":"<!-- This site is optimized with the Yoast SEO plugin v27.2 - https:\/\/yoast.com\/product\/yoast-seo-wordpress\/ -->\n<title>Conditions d&#039;utilisation - FitConsent<\/title>\n<meta name=\"robots\" content=\"index, follow, max-snippet:-1, max-image-preview:large, max-video-preview:-1\" \/>\n<link rel=\"canonical\" href=\"https:\/\/fitconsent.com\/fr_fr\/conditions-dutilisation\/\" \/>\n<meta property=\"og:locale\" content=\"fr_FR\" \/>\n<meta property=\"og:type\" content=\"article\" \/>\n<meta property=\"og:title\" content=\"Conditions d&#039;utilisation - FitConsent\" \/>\n<meta property=\"og:description\" content=\"Derni\u00e8re mise \u00e0 jour : 24 juillet 2025 Veuillez lire attentivement ces termes et conditions avant d&rsquo;utiliser Notre Service. Interpr\u00e9tation et D\u00e9finitions Interpr\u00e9tation Les mots dont la lettre initiale est en majuscule ont des significations d\u00e9finies dans les conditions suivantes. Les d\u00e9finitions suivantes auront la m\u00eame signification, qu&rsquo;elles apparaissent au singulier ou au pluriel. D\u00e9finitions [&hellip;]\" \/>\n<meta property=\"og:url\" content=\"https:\/\/fitconsent.com\/fr_fr\/conditions-dutilisation\/\" \/>\n<meta property=\"og:site_name\" content=\"FitConsent\" \/>\n<meta property=\"article:modified_time\" content=\"2025-08-27T20:35:20+00:00\" \/>\n<meta name=\"twitter:card\" content=\"summary_large_image\" \/>\n<meta name=\"twitter:label1\" content=\"Dur\u00e9e de lecture estim\u00e9e\" \/>\n\t<meta name=\"twitter:data1\" content=\"6 minutes\" \/>\n<script type=\"application\/ld+json\" class=\"yoast-schema-graph\">{\"@context\":\"https:\/\/schema.org\",\"@graph\":[{\"@type\":\"WebPage\",\"@id\":\"https:\/\/fitconsent.com\/fr_fr\/conditions-dutilisation\/\",\"url\":\"https:\/\/fitconsent.com\/fr_fr\/conditions-dutilisation\/\",\"name\":\"Conditions d'utilisation - FitConsent\",\"isPartOf\":{\"@id\":\"https:\/\/fitconsent.com\/fr_fr\/#website\"},\"datePublished\":\"2025-08-27T20:35:18+00:00\",\"dateModified\":\"2025-08-27T20:35:20+00:00\",\"breadcrumb\":{\"@id\":\"https:\/\/fitconsent.com\/fr_fr\/conditions-dutilisation\/#breadcrumb\"},\"inLanguage\":\"fr-FR\",\"potentialAction\":[{\"@type\":\"ReadAction\",\"target\":[\"https:\/\/fitconsent.com\/fr_fr\/conditions-dutilisation\/\"]}]},{\"@type\":\"BreadcrumbList\",\"@id\":\"https:\/\/fitconsent.com\/fr_fr\/conditions-dutilisation\/#breadcrumb\",\"itemListElement\":[{\"@type\":\"ListItem\",\"position\":1,\"name\":\"Home\",\"item\":\"https:\/\/fitconsent.com\/\"},{\"@type\":\"ListItem\",\"position\":2,\"name\":\"Conditions d&#8217;utilisation\"}]},{\"@type\":\"WebSite\",\"@id\":\"https:\/\/fitconsent.com\/fr_fr\/#website\",\"url\":\"https:\/\/fitconsent.com\/fr_fr\/\",\"name\":\"FitConsent\",\"description\":\"By DIGITLOAD\",\"publisher\":{\"@id\":\"https:\/\/fitconsent.com\/fr_fr\/#organization\"},\"potentialAction\":[{\"@type\":\"SearchAction\",\"target\":{\"@type\":\"EntryPoint\",\"urlTemplate\":\"https:\/\/fitconsent.com\/fr_fr\/?s={search_term_string}\"},\"query-input\":{\"@type\":\"PropertyValueSpecification\",\"valueRequired\":true,\"valueName\":\"search_term_string\"}}],\"inLanguage\":\"fr-FR\"},{\"@type\":\"Organization\",\"@id\":\"https:\/\/fitconsent.com\/fr_fr\/#organization\",\"name\":\"DIGITLOAD\",\"url\":\"https:\/\/fitconsent.com\/fr_fr\/\",\"logo\":{\"@type\":\"ImageObject\",\"inLanguage\":\"fr-FR\",\"@id\":\"https:\/\/fitconsent.com\/fr_fr\/#\/schema\/logo\/image\/\",\"url\":\"https:\/\/fitconsent.com\/wp-content\/uploads\/2025\/08\/cropped-icon.png\",\"contentUrl\":\"https:\/\/fitconsent.com\/wp-content\/uploads\/2025\/08\/cropped-icon.png\",\"width\":512,\"height\":512,\"caption\":\"DIGITLOAD\"},\"image\":{\"@id\":\"https:\/\/fitconsent.com\/fr_fr\/#\/schema\/logo\/image\/\"}}]}<\/script>\n<!-- \/ Yoast SEO plugin. -->","yoast_head_json":{"title":"Conditions d'utilisation - FitConsent","robots":{"index":"index","follow":"follow","max-snippet":"max-snippet:-1","max-image-preview":"max-image-preview:large","max-video-preview":"max-video-preview:-1"},"canonical":"https:\/\/fitconsent.com\/fr_fr\/conditions-dutilisation\/","og_locale":"fr_FR","og_type":"article","og_title":"Conditions d'utilisation - FitConsent","og_description":"Derni\u00e8re mise \u00e0 jour : 24 juillet 2025 Veuillez lire attentivement ces termes et conditions avant d&rsquo;utiliser Notre Service. Interpr\u00e9tation et D\u00e9finitions Interpr\u00e9tation Les mots dont la lettre initiale est en majuscule ont des significations d\u00e9finies dans les conditions suivantes. Les d\u00e9finitions suivantes auront la m\u00eame signification, qu&rsquo;elles apparaissent au singulier ou au pluriel. D\u00e9finitions [&hellip;]","og_url":"https:\/\/fitconsent.com\/fr_fr\/conditions-dutilisation\/","og_site_name":"FitConsent","article_modified_time":"2025-08-27T20:35:20+00:00","twitter_card":"summary_large_image","twitter_misc":{"Dur\u00e9e de lecture estim\u00e9e":"6 minutes"},"schema":{"@context":"https:\/\/schema.org","@graph":[{"@type":"WebPage","@id":"https:\/\/fitconsent.com\/fr_fr\/conditions-dutilisation\/","url":"https:\/\/fitconsent.com\/fr_fr\/conditions-dutilisation\/","name":"Conditions d'utilisation - FitConsent","isPartOf":{"@id":"https:\/\/fitconsent.com\/fr_fr\/#website"},"datePublished":"2025-08-27T20:35:18+00:00","dateModified":"2025-08-27T20:35:20+00:00","breadcrumb":{"@id":"https:\/\/fitconsent.com\/fr_fr\/conditions-dutilisation\/#breadcrumb"},"inLanguage":"fr-FR","potentialAction":[{"@type":"ReadAction","target":["https:\/\/fitconsent.com\/fr_fr\/conditions-dutilisation\/"]}]},{"@type":"BreadcrumbList","@id":"https:\/\/fitconsent.com\/fr_fr\/conditions-dutilisation\/#breadcrumb","itemListElement":[{"@type":"ListItem","position":1,"name":"Home","item":"https:\/\/fitconsent.com\/"},{"@type":"ListItem","position":2,"name":"Conditions d&#8217;utilisation"}]},{"@type":"WebSite","@id":"https:\/\/fitconsent.com\/fr_fr\/#website","url":"https:\/\/fitconsent.com\/fr_fr\/","name":"FitConsent","description":"By DIGITLOAD","publisher":{"@id":"https:\/\/fitconsent.com\/fr_fr\/#organization"},"potentialAction":[{"@type":"SearchAction","target":{"@type":"EntryPoint","urlTemplate":"https:\/\/fitconsent.com\/fr_fr\/?s={search_term_string}"},"query-input":{"@type":"PropertyValueSpecification","valueRequired":true,"valueName":"search_term_string"}}],"inLanguage":"fr-FR"},{"@type":"Organization","@id":"https:\/\/fitconsent.com\/fr_fr\/#organization","name":"DIGITLOAD","url":"https:\/\/fitconsent.com\/fr_fr\/","logo":{"@type":"ImageObject","inLanguage":"fr-FR","@id":"https:\/\/fitconsent.com\/fr_fr\/#\/schema\/logo\/image\/","url":"https:\/\/fitconsent.com\/wp-content\/uploads\/2025\/08\/cropped-icon.png","contentUrl":"https:\/\/fitconsent.com\/wp-content\/uploads\/2025\/08\/cropped-icon.png","width":512,"height":512,"caption":"DIGITLOAD"},"image":{"@id":"https:\/\/fitconsent.com\/fr_fr\/#\/schema\/logo\/image\/"}}]}},"_links":{"self":[{"href":"https:\/\/fitconsent.com\/fr_fr\/wp-json\/wp\/v2\/pages\/870","targetHints":{"allow":["GET"]}}],"collection":[{"href":"https:\/\/fitconsent.com\/fr_fr\/wp-json\/wp\/v2\/pages"}],"about":[{"href":"https:\/\/fitconsent.com\/fr_fr\/wp-json\/wp\/v2\/types\/page"}],"author":[{"embeddable":true,"href":"https:\/\/fitconsent.com\/fr_fr\/wp-json\/wp\/v2\/users\/5"}],"replies":[{"embeddable":true,"href":"https:\/\/fitconsent.com\/fr_fr\/wp-json\/wp\/v2\/comments?post=870"}],"version-history":[{"count":1,"href":"https:\/\/fitconsent.com\/fr_fr\/wp-json\/wp\/v2\/pages\/870\/revisions"}],"predecessor-version":[{"id":871,"href":"https:\/\/fitconsent.com\/fr_fr\/wp-json\/wp\/v2\/pages\/870\/revisions\/871"}],"wp:attachment":[{"href":"https:\/\/fitconsent.com\/fr_fr\/wp-json\/wp\/v2\/media?parent=870"}],"curies":[{"name":"wp","href":"https:\/\/api.w.org\/{rel}","templated":true}]}}