{"id":858,"date":"2025-08-27T20:17:57","date_gmt":"2025-08-27T20:17:57","guid":{"rendered":"https:\/\/fitconsent.com\/?page_id=858"},"modified":"2025-11-11T16:19:46","modified_gmt":"2025-11-11T16:19:46","slug":"politique-de-confidentialite","status":"publish","type":"page","link":"https:\/\/fitconsent.com\/fr_fr\/politique-de-confidentialite\/","title":{"rendered":"politique de confidentialit\u00e9"},"content":{"rendered":"\n<p>Derni\u00e8re mise \u00e0 jour : 24 juillet 2025<\/p>\n\n\n\n<p>Cette Politique de Confidentialit\u00e9 d\u00e9crit Nos politiques et proc\u00e9dures concernant la collecte, l&rsquo;utilisation et la divulgation de Vos informations lorsque Vous utilisez le Service et Vous informe de Vos droits en mati\u00e8re de confidentialit\u00e9 et de la mani\u00e8re dont la loi Vous prot\u00e8ge.<\/p>\n\n\n\n<p>Nous utilisons Vos Donn\u00e9es Personnelles pour fournir et am\u00e9liorer le Service. En utilisant le Service, Vous acceptez la collecte et l&rsquo;utilisation d&rsquo;informations conform\u00e9ment \u00e0 cette Politique de Confidentialit\u00e9.<\/p>\n\n\n\n<h2 class=\"wp-block-heading\">Interpr\u00e9tation et D\u00e9finitions<\/h2>\n\n\n\n<h3 class=\"wp-block-heading\">Interpr\u00e9tation<\/h3>\n\n\n\n<p>Les mots dont la premi\u00e8re lettre est en majuscule ont des significations d\u00e9finies dans les conditions suivantes. Les d\u00e9finitions suivantes auront la m\u00eame signification, qu&rsquo;elles apparaissent au singulier ou au pluriel.<\/p>\n\n\n\n<h3 class=\"wp-block-heading\">D\u00e9finitions<\/h3>\n\n\n\n<p>Aux fins de cette Politique de Confidentialit\u00e9 :<\/p>\n\n\n\n<ul class=\"wp-block-list\">\n<li><strong>Compte<\/strong> d\u00e9signe un compte unique cr\u00e9\u00e9 pour que Vous puissiez acc\u00e9der \u00e0 notre Service ou \u00e0 des parties de notre Service.<\/li>\n\n\n\n<li><strong>Soci\u00e9t\u00e9<\/strong> (d\u00e9sign\u00e9e comme \u00ab\u00a0la Soci\u00e9t\u00e9\u00a0\u00bb, \u00ab\u00a0Nous\u00a0\u00bb ou \u00ab\u00a0Notre\u00a0\u00bb dans cet Accord) fait r\u00e9f\u00e9rence \u00e0 FitConsent, un produit de DIGITLOAD.<\/li>\n\n\n\n<li><strong>Cookies<\/strong> sont de petits fichiers qui sont plac\u00e9s sur Votre ordinateur, appareil mobile ou tout autre appareil par un site web, contenant les d\u00e9tails de Votre historique de navigation sur ce site web parmi ses nombreuses utilisations.<\/li>\n\n\n\n<li><strong>Pays<\/strong> fait r\u00e9f\u00e9rence \u00e0 : Canada<\/li>\n\n\n\n<li><strong>Appareil<\/strong> d\u00e9signe tout appareil pouvant acc\u00e9der au Service tel qu&rsquo;un ordinateur, un t\u00e9l\u00e9phone portable ou une tablette num\u00e9rique.<\/li>\n\n\n\n<li><strong>Donn\u00e9es Personnelles<\/strong> sont toute information qui se rapporte \u00e0 une personne identifi\u00e9e ou identifiable.<\/li>\n\n\n\n<li><strong>Service<\/strong> fait r\u00e9f\u00e9rence au Site Web.<\/li>\n\n\n\n<li><strong>Fournisseur de Services<\/strong> d\u00e9signe toute personne physique ou morale qui traite les donn\u00e9es pour le compte de la Soci\u00e9t\u00e9. Il s&rsquo;agit des entreprises tierces ou des individus employ\u00e9s par la Soci\u00e9t\u00e9 pour faciliter le Service, pour fournir le Service au nom de la Soci\u00e9t\u00e9, pour effectuer des services li\u00e9s au Service ou pour aider la Soci\u00e9t\u00e9 \u00e0 analyser la mani\u00e8re dont le Service est utilis\u00e9.<\/li>\n\n\n\n<li><strong>Donn\u00e9es d&rsquo;Utilisation<\/strong> d\u00e9signent les donn\u00e9es collect\u00e9es automatiquement, soit g\u00e9n\u00e9r\u00e9es par l&rsquo;utilisation du Service, soit provenant de l&rsquo;infrastructure du Service elle-m\u00eame (par exemple, la dur\u00e9e d&rsquo;une visite de page).<\/li>\n\n\n\n<li><strong>Site Web<\/strong> fait r\u00e9f\u00e9rence \u00e0 FitConsent, accessible depuis https:\/\/app.fitconsent.com<\/li>\n\n\n\n<li><strong>Vous<\/strong> d\u00e9signe la personne physique acc\u00e9dant ou utilisant le Service, ou la soci\u00e9t\u00e9, ou toute autre entit\u00e9 juridique pour le compte de laquelle cette personne physique acc\u00e8de ou utilise le Service, selon le cas.<\/li>\n<\/ul>\n\n\n\n<h2 class=\"wp-block-heading\">Collecte et Utilisation de Vos Donn\u00e9es Personnelles<\/h2>\n\n\n\n<h3 class=\"wp-block-heading\">Types de Donn\u00e9es Collect\u00e9es<\/h3>\n\n\n\n<h4 class=\"wp-block-heading\">Donn\u00e9es Personnelles<\/h4>\n\n\n\n<p>Pendant l&rsquo;utilisation de Notre Service, Nous pouvons Vous demander de Nous fournir certaines informations personnellement identifiables qui peuvent \u00eatre utilis\u00e9es pour Vous contacter ou Vous identifier. Les informations personnellement identifiables peuvent inclure, sans s&rsquo;y limiter :<\/p>\n\n\n\n<ul class=\"wp-block-list\">\n<li>Adresse e-mail<\/li>\n\n\n\n<li>Pr\u00e9nom et nom de famille<\/li>\n\n\n\n<li>Donn\u00e9es d&rsquo;Utilisation<\/li>\n<\/ul>\n\n\n\n<h4 class=\"wp-block-heading\">Donn\u00e9es d&rsquo;Utilisation<\/h4>\n\n\n\n<p>Les Donn\u00e9es d&rsquo;Utilisation sont collect\u00e9es automatiquement lors de l&rsquo;utilisation du Service.<\/p>\n\n\n\n<p>Les Donn\u00e9es d&rsquo;Utilisation peuvent inclure des informations telles que l&rsquo;adresse de protocole Internet de Votre Appareil (par exemple, adresse IP), le type de navigateur, la version du navigateur, les pages de notre Service que Vous visitez, l&rsquo;heure et la date de Votre visite, le temps pass\u00e9 sur ces pages, les identifiants uniques de l&rsquo;appareil et d&rsquo;autres donn\u00e9es de diagnostic.<\/p>\n\n\n\n<p>Lorsque Vous acc\u00e9dez au Service par ou via un appareil mobile, Nous pouvons collecter automatiquement certaines informations, y compris, mais sans s&rsquo;y limiter, le type d&rsquo;appareil mobile que Vous utilisez, l&rsquo;identifiant unique de Votre appareil mobile, l&rsquo;adresse IP de Votre appareil mobile, Votre syst\u00e8me d&rsquo;exploitation mobile, le type de navigateur Internet mobile que Vous utilisez, les identifiants uniques de l&rsquo;appareil et d&rsquo;autres donn\u00e9es de diagnostic.<\/p>\n\n\n\n<p>Nous pouvons \u00e9galement collecter des informations que Votre navigateur envoie chaque fois que Vous visitez notre Service ou lorsque Vous acc\u00e9dez au Service par ou via un appareil mobile.<\/p>\n\n\n\n<p>Technologies de Suivi et Cookies<\/p>\n\n\n\n<p>Nous utilisons des Cookies et des technologies de suivi similaires pour suivre l&rsquo;activit\u00e9 sur Notre Service et stocker certaines informations. Les technologies de suivi utilis\u00e9es sont des balises, des tags et des scripts pour collecter et suivre les informations et pour am\u00e9liorer et analyser Notre Service. Les technologies que Nous utilisons peuvent inclure :<\/p>\n\n\n\n<ul class=\"wp-block-list\">\n<li><strong>Cookies ou Cookies de Navigateur.<\/strong> Un cookie est un petit fichier plac\u00e9 sur Votre Appareil. Vous pouvez demander \u00e0 Votre navigateur de refuser tous les Cookies ou d&rsquo;indiquer quand un Cookie est envoy\u00e9. Cependant, si Vous n&rsquo;acceptez pas les Cookies, Vous pourriez ne pas \u00eatre en mesure d&rsquo;utiliser certaines parties de notre Service. Sauf si Vous avez ajust\u00e9 les param\u00e8tres de Votre navigateur pour qu&rsquo;il refuse les Cookies, notre Service peut utiliser des Cookies.<\/li>\n\n\n\n<li><strong>Balises Web.<\/strong> Certaines sections de notre Service et de nos e-mails peuvent contenir de petits fichiers \u00e9lectroniques appel\u00e9s balises web (\u00e9galement appel\u00e9s gifs clairs, pixel tags et gifs \u00e0 un pixel) qui permettent \u00e0 la Soci\u00e9t\u00e9, par exemple, de compter les utilisateurs qui ont visit\u00e9 ces pages ou ouvert un e-mail et pour d&rsquo;autres statistiques de site web connexes (par exemple, enregistrer la popularit\u00e9 d&rsquo;une certaine section et v\u00e9rifier l&rsquo;int\u00e9grit\u00e9 du syst\u00e8me et du serveur).<\/li>\n<\/ul>\n\n\n\n<p>Les Cookies peuvent \u00eatre des Cookies \u00ab\u00a0Persistants\u00a0\u00bb ou de \u00ab\u00a0Session\u00a0\u00bb. Les Cookies Persistants restent sur Votre ordinateur personnel ou appareil mobile lorsque Vous \u00eates hors ligne, tandis que les Cookies de Session sont supprim\u00e9s d\u00e8s que Vous fermez Votre navigateur web.<br><\/p>\n\n\n\n<h2 class=\"wp-block-heading\">D\u00e9claration de Stockage<\/h2>\n\n\n\n<p>Pour une transparence totale, voici une liste des cookies sp\u00e9cifiques et autres \u00e9l\u00e9ments de stockage que notre service peut placer sur votre navigateur. Cette liste est mise \u00e0 jour automatiquement sur la base de scans p\u00e9riodiques de notre site web.<\/p>\n\n\n\n<div id=\"fitconsent-declaration\"><\/div>\n<script async defer src=\"https:\/\/app.fitconsent.com\/api\/declaration?websiteId=kwVxyt00In1wBjqQOTJM\"><\/script>\n\n\n\n<h2 class=\"wp-block-heading\">Utilisation de Vos Donn\u00e9es Personnelles<\/h2>\n\n\n\n<p>La Soci\u00e9t\u00e9 peut utiliser les Donn\u00e9es Personnelles aux fins suivantes :<\/p>\n\n\n\n<ul class=\"wp-block-list\">\n<li><strong>Pour fournir et maintenir notre Service,<\/strong> y compris pour surveiller l&rsquo;utilisation de notre Service.<\/li>\n\n\n\n<li><strong>Pour g\u00e9rer Votre Compte :<\/strong> pour g\u00e9rer Votre inscription en tant qu&rsquo;utilisateur du Service. Les Donn\u00e9es Personnelles que Vous fournissez peuvent Vous donner acc\u00e8s \u00e0 diff\u00e9rentes fonctionnalit\u00e9s du Service qui sont disponibles pour Vous en tant qu&rsquo;utilisateur enregistr\u00e9.<\/li>\n\n\n\n<li><strong>Pour l&rsquo;ex\u00e9cution d&rsquo;un contrat :<\/strong> le d\u00e9veloppement, la conformit\u00e9 et la r\u00e9alisation du contrat d&rsquo;achat des produits, articles ou services que Vous avez achet\u00e9s ou de tout autre contrat avec Nous via le Service.<\/li>\n\n\n\n<li><strong>Pour Vous contacter :<\/strong> Pour Vous contacter par e-mail, appels t\u00e9l\u00e9phoniques, SMS, ou d&rsquo;autres formes \u00e9quivalentes de communication \u00e9lectronique, telles que les notifications push d&rsquo;une application mobile concernant les mises \u00e0 jour ou les communications informatives li\u00e9es aux fonctionnalit\u00e9s, produits ou services contract\u00e9s, y compris les mises \u00e0 jour de s\u00e9curit\u00e9, lorsque cela est n\u00e9cessaire ou raisonnable pour leur mise en \u0153uvre.<\/li>\n\n\n\n<li><strong>Pour Vous fournir<\/strong> des nouvelles, des offres sp\u00e9ciales et des informations g\u00e9n\u00e9rales sur d&rsquo;autres biens, services et \u00e9v\u00e9nements que nous offrons et qui sont similaires \u00e0 ceux que vous avez d\u00e9j\u00e0 achet\u00e9s ou pour lesquels vous avez pos\u00e9 des questions, sauf si Vous avez choisi de ne pas recevoir de telles informations.<\/li>\n\n\n\n<li><strong>Pour g\u00e9rer Vos demandes :<\/strong> Pour prendre en charge et g\u00e9rer Vos demandes adress\u00e9es \u00e0 Nous.<\/li>\n\n\n\n<li><strong>Pour les transferts d&rsquo;entreprise :<\/strong> Nous pouvons utiliser Vos informations pour \u00e9valuer ou mener une fusion, une cession, une restructuration, une r\u00e9organisation, une dissolution, ou une autre vente ou transfert de tout ou partie de Nos actifs, que ce soit dans le cadre d&rsquo;une activit\u00e9 en cours ou d&rsquo;une faillite, d&rsquo;une liquidation, ou d&rsquo;une proc\u00e9dure similaire, dans laquelle les Donn\u00e9es Personnelles d\u00e9tenues par Nous concernant nos utilisateurs du Service font partie des actifs transf\u00e9r\u00e9s.<\/li>\n\n\n\n<li><strong>\u00c0 d&rsquo;autres fins :<\/strong> Nous pouvons utiliser Vos informations \u00e0 d&rsquo;autres fins, telles que l&rsquo;analyse de donn\u00e9es, l&rsquo;identification des tendances d&rsquo;utilisation, la d\u00e9termination de l&rsquo;efficacit\u00e9 de nos campagnes de promotion et pour \u00e9valuer et am\u00e9liorer notre Service, produits, services, marketing et votre exp\u00e9rience.<\/li>\n<\/ul>\n\n\n\n<h2 class=\"wp-block-heading\">Confidentialit\u00e9 des Enfants<\/h2>\n\n\n\n<p>Notre Service ne s&rsquo;adresse \u00e0 personne de moins de 13 ans. Nous ne collectons pas sciemment d&rsquo;informations personnellement identifiables de personnes de moins de 13 ans. Si Vous \u00eates un parent ou un tuteur et que Vous savez que Votre enfant Nous a fourni des Donn\u00e9es Personnelles, veuillez Nous contacter. Si Nous apprenons que Nous avons collect\u00e9 des Donn\u00e9es Personnelles de personnes de moins de 13 ans sans v\u00e9rification du consentement parental, Nous prenons des mesures pour supprimer ces informations de Nos serveurs.<\/p>\n\n\n\n<h2 class=\"wp-block-heading\">Liens vers d&rsquo;Autres Sites Web<\/h2>\n\n\n\n<p>Notre Service peut contenir des liens vers d&rsquo;autres sites web qui ne sont pas exploit\u00e9s par Nous. Si Vous cliquez sur un lien de tiers, Vous serez dirig\u00e9 vers le site de ce tiers. Nous Vous conseillons fortement de consulter la Politique de Confidentialit\u00e9 de chaque site que Vous visitez.<\/p>\n\n\n\n<p>Nous n&rsquo;avons aucun contr\u00f4le sur et n&rsquo;assumons aucune responsabilit\u00e9 pour le contenu, les politiques de confidentialit\u00e9 ou les pratiques de tout site ou service tiers.<br><\/p>\n\n\n\n<h2 class=\"wp-block-heading\">Modifications de cette Politique de Confidentialit\u00e9<\/h2>\n\n\n\n<p>Nous pouvons mettre \u00e0 jour Notre Politique de Confidentialit\u00e9 de temps en temps. Nous Vous informerons de tout changement en publiant la nouvelle Politique de Confidentialit\u00e9 sur cette page.<\/p>\n\n\n\n<p>Nous Vous informerons par e-mail et\/ou par une notification visible sur Notre Service, avant que le changement ne devienne effectif et mettrons \u00e0 jour la date de \u00ab\u00a0Derni\u00e8re mise \u00e0 jour\u00a0\u00bb en haut de cette Politique de Confidentialit\u00e9.<\/p>\n\n\n\n<p>Vous \u00eates conseill\u00e9 de revoir cette Politique de Confidentialit\u00e9 p\u00e9riodiquement pour tout changement. Les changements apport\u00e9s \u00e0 cette Politique de Confidentialit\u00e9 sont effectifs lorsqu&rsquo;ils sont publi\u00e9s sur cette page.<\/p>\n\n\n\n<h2 class=\"wp-block-heading\">Contactez-Nous<\/h2>\n\n\n\n<p>Si vous avez des questions sur cette Politique de Confidentialit\u00e9, Vous pouvez nous contacter :<\/p>\n\n\n\n<p>En visitant cette page sur notre site web : <a href=\"https:\/\/fitconsent.com\/contact\" target=\"_blank\" rel=\"noreferrer noopener\">https:\/\/fitconsent.com\/contact<\/a><\/p>\n\n\n\n<div style=\"height:100px\" aria-hidden=\"true\" class=\"wp-block-spacer\"><\/div>\n\n\n\n<p><\/p>\n","protected":false},"excerpt":{"rendered":"<p>Derni\u00e8re mise \u00e0 jour : 24 juillet 2025 Cette Politique de Confidentialit\u00e9 d\u00e9crit Nos politiques et proc\u00e9dures concernant la collecte, l&rsquo;utilisation et la divulgation de Vos informations lorsque Vous utilisez le Service et Vous informe de Vos droits en mati\u00e8re de confidentialit\u00e9 et de la mani\u00e8re dont la loi Vous prot\u00e8ge. Nous utilisons Vos Donn\u00e9es [&hellip;]<\/p>\n","protected":false},"author":5,"featured_media":0,"parent":0,"menu_order":0,"comment_status":"closed","ping_status":"closed","template":"","meta":{"_fitconsent_language":"fr_FR","_fitconsent_translation_group":"633","footnotes":""},"class_list":["post-858","page","type-page","status-publish","hentry"],"yoast_head":"<!-- This site is optimized with the Yoast SEO plugin v27.2 - https:\/\/yoast.com\/product\/yoast-seo-wordpress\/ -->\n<title>politique de confidentialit\u00e9 - FitConsent<\/title>\n<meta name=\"robots\" content=\"index, follow, max-snippet:-1, max-image-preview:large, max-video-preview:-1\" \/>\n<link rel=\"canonical\" href=\"https:\/\/fitconsent.com\/fr_fr\/politique-de-confidentialite\/\" \/>\n<meta property=\"og:locale\" content=\"fr_FR\" \/>\n<meta property=\"og:type\" content=\"article\" \/>\n<meta property=\"og:title\" content=\"politique de confidentialit\u00e9 - FitConsent\" \/>\n<meta property=\"og:description\" content=\"Derni\u00e8re mise \u00e0 jour : 24 juillet 2025 Cette Politique de Confidentialit\u00e9 d\u00e9crit Nos politiques et proc\u00e9dures concernant la collecte, l&rsquo;utilisation et la divulgation de Vos informations lorsque Vous utilisez le Service et Vous informe de Vos droits en mati\u00e8re de confidentialit\u00e9 et de la mani\u00e8re dont la loi Vous prot\u00e8ge. Nous utilisons Vos Donn\u00e9es [&hellip;]\" \/>\n<meta property=\"og:url\" content=\"https:\/\/fitconsent.com\/fr_fr\/politique-de-confidentialite\/\" \/>\n<meta property=\"og:site_name\" content=\"FitConsent\" \/>\n<meta property=\"article:modified_time\" content=\"2025-11-11T16:19:46+00:00\" \/>\n<meta name=\"twitter:card\" content=\"summary_large_image\" \/>\n<meta name=\"twitter:label1\" content=\"Dur\u00e9e de lecture estim\u00e9e\" \/>\n\t<meta name=\"twitter:data1\" content=\"7 minutes\" \/>\n<script type=\"application\/ld+json\" class=\"yoast-schema-graph\">{\"@context\":\"https:\/\/schema.org\",\"@graph\":[{\"@type\":\"WebPage\",\"@id\":\"https:\/\/fitconsent.com\/fr_fr\/politique-de-confidentialite\/\",\"url\":\"https:\/\/fitconsent.com\/fr_fr\/politique-de-confidentialite\/\",\"name\":\"politique de confidentialit\u00e9 - FitConsent\",\"isPartOf\":{\"@id\":\"https:\/\/fitconsent.com\/fr_fr\/#website\"},\"datePublished\":\"2025-08-27T20:17:57+00:00\",\"dateModified\":\"2025-11-11T16:19:46+00:00\",\"breadcrumb\":{\"@id\":\"https:\/\/fitconsent.com\/fr_fr\/politique-de-confidentialite\/#breadcrumb\"},\"inLanguage\":\"fr-FR\",\"potentialAction\":[{\"@type\":\"ReadAction\",\"target\":[\"https:\/\/fitconsent.com\/fr_fr\/politique-de-confidentialite\/\"]}]},{\"@type\":\"BreadcrumbList\",\"@id\":\"https:\/\/fitconsent.com\/fr_fr\/politique-de-confidentialite\/#breadcrumb\",\"itemListElement\":[{\"@type\":\"ListItem\",\"position\":1,\"name\":\"Home\",\"item\":\"https:\/\/fitconsent.com\/\"},{\"@type\":\"ListItem\",\"position\":2,\"name\":\"politique de confidentialit\u00e9\"}]},{\"@type\":\"WebSite\",\"@id\":\"https:\/\/fitconsent.com\/fr_fr\/#website\",\"url\":\"https:\/\/fitconsent.com\/fr_fr\/\",\"name\":\"FitConsent\",\"description\":\"By DIGITLOAD\",\"publisher\":{\"@id\":\"https:\/\/fitconsent.com\/fr_fr\/#organization\"},\"potentialAction\":[{\"@type\":\"SearchAction\",\"target\":{\"@type\":\"EntryPoint\",\"urlTemplate\":\"https:\/\/fitconsent.com\/fr_fr\/?s={search_term_string}\"},\"query-input\":{\"@type\":\"PropertyValueSpecification\",\"valueRequired\":true,\"valueName\":\"search_term_string\"}}],\"inLanguage\":\"fr-FR\"},{\"@type\":\"Organization\",\"@id\":\"https:\/\/fitconsent.com\/fr_fr\/#organization\",\"name\":\"DIGITLOAD\",\"url\":\"https:\/\/fitconsent.com\/fr_fr\/\",\"logo\":{\"@type\":\"ImageObject\",\"inLanguage\":\"fr-FR\",\"@id\":\"https:\/\/fitconsent.com\/fr_fr\/#\/schema\/logo\/image\/\",\"url\":\"https:\/\/fitconsent.com\/wp-content\/uploads\/2025\/08\/cropped-icon.png\",\"contentUrl\":\"https:\/\/fitconsent.com\/wp-content\/uploads\/2025\/08\/cropped-icon.png\",\"width\":512,\"height\":512,\"caption\":\"DIGITLOAD\"},\"image\":{\"@id\":\"https:\/\/fitconsent.com\/fr_fr\/#\/schema\/logo\/image\/\"}}]}<\/script>\n<!-- \/ Yoast SEO plugin. -->","yoast_head_json":{"title":"politique de confidentialit\u00e9 - FitConsent","robots":{"index":"index","follow":"follow","max-snippet":"max-snippet:-1","max-image-preview":"max-image-preview:large","max-video-preview":"max-video-preview:-1"},"canonical":"https:\/\/fitconsent.com\/fr_fr\/politique-de-confidentialite\/","og_locale":"fr_FR","og_type":"article","og_title":"politique de confidentialit\u00e9 - FitConsent","og_description":"Derni\u00e8re mise \u00e0 jour : 24 juillet 2025 Cette Politique de Confidentialit\u00e9 d\u00e9crit Nos politiques et proc\u00e9dures concernant la collecte, l&rsquo;utilisation et la divulgation de Vos informations lorsque Vous utilisez le Service et Vous informe de Vos droits en mati\u00e8re de confidentialit\u00e9 et de la mani\u00e8re dont la loi Vous prot\u00e8ge. Nous utilisons Vos Donn\u00e9es [&hellip;]","og_url":"https:\/\/fitconsent.com\/fr_fr\/politique-de-confidentialite\/","og_site_name":"FitConsent","article_modified_time":"2025-11-11T16:19:46+00:00","twitter_card":"summary_large_image","twitter_misc":{"Dur\u00e9e de lecture estim\u00e9e":"7 minutes"},"schema":{"@context":"https:\/\/schema.org","@graph":[{"@type":"WebPage","@id":"https:\/\/fitconsent.com\/fr_fr\/politique-de-confidentialite\/","url":"https:\/\/fitconsent.com\/fr_fr\/politique-de-confidentialite\/","name":"politique de confidentialit\u00e9 - FitConsent","isPartOf":{"@id":"https:\/\/fitconsent.com\/fr_fr\/#website"},"datePublished":"2025-08-27T20:17:57+00:00","dateModified":"2025-11-11T16:19:46+00:00","breadcrumb":{"@id":"https:\/\/fitconsent.com\/fr_fr\/politique-de-confidentialite\/#breadcrumb"},"inLanguage":"fr-FR","potentialAction":[{"@type":"ReadAction","target":["https:\/\/fitconsent.com\/fr_fr\/politique-de-confidentialite\/"]}]},{"@type":"BreadcrumbList","@id":"https:\/\/fitconsent.com\/fr_fr\/politique-de-confidentialite\/#breadcrumb","itemListElement":[{"@type":"ListItem","position":1,"name":"Home","item":"https:\/\/fitconsent.com\/"},{"@type":"ListItem","position":2,"name":"politique de confidentialit\u00e9"}]},{"@type":"WebSite","@id":"https:\/\/fitconsent.com\/fr_fr\/#website","url":"https:\/\/fitconsent.com\/fr_fr\/","name":"FitConsent","description":"By DIGITLOAD","publisher":{"@id":"https:\/\/fitconsent.com\/fr_fr\/#organization"},"potentialAction":[{"@type":"SearchAction","target":{"@type":"EntryPoint","urlTemplate":"https:\/\/fitconsent.com\/fr_fr\/?s={search_term_string}"},"query-input":{"@type":"PropertyValueSpecification","valueRequired":true,"valueName":"search_term_string"}}],"inLanguage":"fr-FR"},{"@type":"Organization","@id":"https:\/\/fitconsent.com\/fr_fr\/#organization","name":"DIGITLOAD","url":"https:\/\/fitconsent.com\/fr_fr\/","logo":{"@type":"ImageObject","inLanguage":"fr-FR","@id":"https:\/\/fitconsent.com\/fr_fr\/#\/schema\/logo\/image\/","url":"https:\/\/fitconsent.com\/wp-content\/uploads\/2025\/08\/cropped-icon.png","contentUrl":"https:\/\/fitconsent.com\/wp-content\/uploads\/2025\/08\/cropped-icon.png","width":512,"height":512,"caption":"DIGITLOAD"},"image":{"@id":"https:\/\/fitconsent.com\/fr_fr\/#\/schema\/logo\/image\/"}}]}},"_links":{"self":[{"href":"https:\/\/fitconsent.com\/fr_fr\/wp-json\/wp\/v2\/pages\/858","targetHints":{"allow":["GET"]}}],"collection":[{"href":"https:\/\/fitconsent.com\/fr_fr\/wp-json\/wp\/v2\/pages"}],"about":[{"href":"https:\/\/fitconsent.com\/fr_fr\/wp-json\/wp\/v2\/types\/page"}],"author":[{"embeddable":true,"href":"https:\/\/fitconsent.com\/fr_fr\/wp-json\/wp\/v2\/users\/5"}],"replies":[{"embeddable":true,"href":"https:\/\/fitconsent.com\/fr_fr\/wp-json\/wp\/v2\/comments?post=858"}],"version-history":[{"count":4,"href":"https:\/\/fitconsent.com\/fr_fr\/wp-json\/wp\/v2\/pages\/858\/revisions"}],"predecessor-version":[{"id":2157,"href":"https:\/\/fitconsent.com\/fr_fr\/wp-json\/wp\/v2\/pages\/858\/revisions\/2157"}],"wp:attachment":[{"href":"https:\/\/fitconsent.com\/fr_fr\/wp-json\/wp\/v2\/media?parent=858"}],"curies":[{"name":"wp","href":"https:\/\/api.w.org\/{rel}","templated":true}]}}