{"id":715,"date":"2025-08-25T02:22:44","date_gmt":"2025-08-25T02:22:44","guid":{"rendered":"https:\/\/fitconsent.com\/?page_id=715"},"modified":"2025-11-21T20:34:53","modified_gmt":"2025-11-21T20:34:53","slug":"a-propos-de-fitconsent","status":"publish","type":"page","link":"https:\/\/fitconsent.com\/fr_fr\/a-propos-de-fitconsent\/","title":{"rendered":"A Propos de FitConsent"},"content":{"rendered":"\n<p class=\"has-text-align-center\">Notre mission est de rendre la gestion de la confidentialit\u00e9 num\u00e9rique et du consentement sans effort pour tous, en favorisant un Web fond\u00e9 sur la confiance et la transparence.<br><\/p>\n\n\n\n<div class=\"wp-block-columns alignwide is-layout-flex wp-container-core-columns-is-layout-7d11ce30 wp-block-columns-is-layout-flex\" style=\"margin-top:var(--wp--preset--spacing--40);margin-bottom:var(--wp--preset--spacing--40)\">\n<div class=\"wp-block-column is-layout-flow wp-block-column-is-layout-flow\">\n<h2 class=\"wp-block-heading has-x-large-font-size\">D&rsquo;une simple id\u00e9e \u00e0 une mission mondiale<\/h2>\n\n\n\n<p>FitConsent est n\u00e9 d&rsquo;une id\u00e9e simple&nbsp;: la confidentialit\u00e9 num\u00e9rique et la confiance des utilisateurs ne sont pas des obstacles, mais des opportunit\u00e9s. En tant que produit de DIGITLOAD, nous avons pu constater les d\u00e9fis auxquels sont confront\u00e9es les entreprises pour s&rsquo;y retrouver dans le paysage complexe des lois sur le consentement tout en cherchant \u00e0 se d\u00e9velopper. Nous savions qu&rsquo;il existait une meilleure solution.<\/p>\n\n\n\n<p>Nous avons entrepris de cr\u00e9er une plateforme non seulement conforme et performante, mais aussi intuitive et \u00e9l\u00e9gante. Notre objectif est de permettre aux propri\u00e9taires de sites web de nouer des relations plus solides et plus transparentes avec leurs utilisateurs, transformant les exigences l\u00e9gales en avantage strat\u00e9gique.<\/p>\n\n\n\n<div class=\"wp-block-buttons is-content-justification-center is-layout-flex wp-container-core-buttons-is-layout-a89b3969 wp-block-buttons-is-layout-flex\">\n<div class=\"wp-block-button\"><a class=\"wp-block-button__link has-base-color has-contrast-2-background-color has-text-color has-background has-link-color has-small-font-size has-custom-font-size wp-element-button\" href=\"https:\/\/fitconsent.com\/fr_fr\/contact-et-support\/\" style=\"border-radius:12px\">Contactez notre \u00e9quipe<\/a><\/div>\n<\/div>\n<\/div>\n\n\n\n<div class=\"wp-block-column has-global-padding is-layout-constrained wp-block-column-is-layout-constrained\">\n<figure class=\"wp-block-image size-large\"><img loading=\"lazy\" decoding=\"async\" width=\"1024\" height=\"717\" src=\"https:\/\/fitconsent.com\/wp-content\/uploads\/2025\/08\/FitConsent_About-1024x717.png\" alt=\"\" class=\"wp-image-179\" srcset=\"https:\/\/fitconsent.com\/wp-content\/uploads\/2025\/08\/FitConsent_About-1024x717.png 1024w, https:\/\/fitconsent.com\/wp-content\/uploads\/2025\/08\/FitConsent_About-300x210.png 300w, https:\/\/fitconsent.com\/wp-content\/uploads\/2025\/08\/FitConsent_About-768x538.png 768w\" sizes=\"auto, (max-width: 1024px) 100vw, 1024px\" \/><\/figure>\n<\/div>\n<\/div>\n\n\n\n<p><\/p>\n\n\n\n<h2 class=\"wp-block-heading alignwide has-text-align-center has-x-large-font-size\">Nos valeurs fondamentales<\/h2>\n\n\n\n<p class=\"has-text-align-center\">Ces principes guident chaque d\u00e9cision que nous prenons et chaque ligne de code que nous \u00e9crivons.<br><br><\/p>\n\n\n\n<div class=\"wp-block-columns alignwide is-layout-flex wp-container-core-columns-is-layout-7fc3d43a wp-block-columns-is-layout-flex\">\n<div class=\"wp-block-column is-layout-flow wp-block-column-is-layout-flow\">\n<div class=\"wp-block-font-awesome-icon aligncenter wp-font-awesome-icon\" style=\"display:flex;justify-content:center\"><svg aria-hidden=\"true\" focusable=\"false\" data-prefix=\"fas\" data-icon=\"globe\" class=\"svg-inline--fa fa-globe \" role=\"img\" xmlns=\"http:\/\/www.w3.org\/2000\/svg\" viewBox=\"0 0 512 512\" style=\"font-size:2.5em\" color=\"#12123F\"><path fill=\"currentColor\" d=\"M351.9 280l-190.9 0c2.9 64.5 17.2 123.9 37.5 167.4 11.4 24.5 23.7 41.8 35.1 52.4 11.2 10.5 18.9 12.2 22.9 12.2s11.7-1.7 22.9-12.2c11.4-10.6 23.7-28 35.1-52.4 20.3-43.5 34.6-102.9 37.5-167.4zM160.9 232l190.9 0C349 167.5 334.7 108.1 314.4 64.6 303 40.2 290.7 22.8 279.3 12.2 268.1 1.7 260.4 0 256.4 0s-11.7 1.7-22.9 12.2c-11.4 10.6-23.7 28-35.1 52.4-20.3 43.5-34.6 102.9-37.5 167.4zm-48 0C116.4 146.4 138.5 66.9 170.8 14.7 78.7 47.3 10.9 131.2 1.5 232l111.4 0zM1.5 280c9.4 100.8 77.2 184.7 169.3 217.3-32.3-52.2-54.4-131.7-57.9-217.3L1.5 280zm398.4 0c-3.5 85.6-25.6 165.1-57.9 217.3 92.1-32.7 159.9-116.5 169.3-217.3l-111.4 0zm111.4-48C501.9 131.2 434.1 47.3 342 14.7 374.3 66.9 396.4 146.4 399.9 232l111.4 0z\"><\/path><\/svg><\/div>\n\n\n\n<h4 class=\"wp-block-heading has-text-align-center\">Notre vision<\/h4>\n\n\n\n<p class=\"has-text-align-center\">Nous imaginons un monde num\u00e9rique o\u00f9 l&rsquo;\u00e9change de donn\u00e9es entre utilisateurs et sites web est transparent et mutuellement b\u00e9n\u00e9fique. FitConsent vise \u00e0 rendre cela possible, en permettant aux propri\u00e9taires de sites web de construire des relations plus solides et plus confiantes avec leur public.<br><br><br><br><\/p>\n<\/div>\n\n\n\n<div class=\"wp-block-column is-layout-flow wp-block-column-is-layout-flow\">\n<div class=\"wp-block-font-awesome-icon wp-font-awesome-icon\" style=\"display:flex;justify-content:center\"><svg aria-hidden=\"true\" focusable=\"false\" data-prefix=\"fas\" data-icon=\"arrows-to-circle\" class=\"svg-inline--fa fa-arrows-to-circle \" role=\"img\" xmlns=\"http:\/\/www.w3.org\/2000\/svg\" viewBox=\"0 0 512 512\" style=\"font-size:2.5em\" color=\"#12123F\"><path fill=\"currentColor\" d=\"M9.4 9.4C21.9-3.1 42.1-3.1 54.6 9.4L128 82.7 128 64c0-17.7 14.3-32 32-32s32 14.3 32 32l0 96c0 17.7-14.3 32-32 32l-96 0c-17.7 0-32-14.3-32-32s14.3-32 32-32l18.7 0-73.4-73.4C-3.1 42.1-3.1 21.9 9.4 9.4zM200 256a56 56 0 1 1 112 0 56 56 0 1 1 -112 0zM502.6 54.6L429.3 128 448 128c17.7 0 32 14.3 32 32s-14.3 32-32 32l-96 0c-17.7 0-32-14.3-32-32l0-96c0-17.7 14.3-32 32-32s32 14.3 32 32l0 18.7 73.4-73.4c12.5-12.5 32.8-12.5 45.3 0s12.5 32.8 0 45.3zm-45.3 448L384 429.3 384 448c0 17.7-14.3 32-32 32s-32-14.3-32-32l0-96c0-17.7 14.3-32 32-32l96 0c17.7 0 32 14.3 32 32s-14.3 32-32 32l-18.7 0 73.4 73.4c12.5 12.5 12.5 32.8 0 45.3s-32.8 12.5-45.3 0zM9.4 457.4L82.7 384 64 384c-17.7 0-32-14.3-32-32s14.3-32 32-32l96 0c17.7 0 32 14.3 32 32l0 96c0 17.7-14.3 32-32 32s-32-14.3-32-32l0-18.7-73.4 73.4c-12.5 12.5-32.8 12.5-45.3 0s-12.5-32.8 0-45.3z\"><\/path><\/svg><\/div>\n\n\n\n<h4 class=\"wp-block-heading has-text-align-center\">Notre mission<\/h4>\n\n\n\n<p class=\"has-text-align-center\">Nous offrons aux entreprises de toutes tailles une plateforme de gestion du consentement intelligente, conviviale et conforme. Nous pensons que le respect de la vie priv\u00e9e des utilisateurs doit \u00eatre simple et ne doit pas se faire au d\u00e9triment de l&rsquo;exp\u00e9rience utilisateur ou des taux de conversion.<\/p>\n<\/div>\n\n\n\n<div class=\"wp-block-column is-layout-flow wp-block-column-is-layout-flow\">\n<div class=\"wp-block-font-awesome-icon wp-font-awesome-icon\" style=\"display:flex;justify-content:center\"><svg aria-hidden=\"true\" focusable=\"false\" data-prefix=\"fas\" data-icon=\"building\" class=\"svg-inline--fa fa-building \" role=\"img\" xmlns=\"http:\/\/www.w3.org\/2000\/svg\" viewBox=\"0 0 384 512\" style=\"font-size:2.5em\" color=\"#12123F\"><path fill=\"currentColor\" d=\"M64 0C28.7 0 0 28.7 0 64L0 448c0 35.3 28.7 64 64 64l256 0c35.3 0 64-28.7 64-64l0-384c0-35.3-28.7-64-64-64L64 0zM176 352l32 0c17.7 0 32 14.3 32 32l0 80-96 0 0-80c0-17.7 14.3-32 32-32zM96 112c0-8.8 7.2-16 16-16l32 0c8.8 0 16 7.2 16 16l0 32c0 8.8-7.2 16-16 16l-32 0c-8.8 0-16-7.2-16-16l0-32zM240 96l32 0c8.8 0 16 7.2 16 16l0 32c0 8.8-7.2 16-16 16l-32 0c-8.8 0-16-7.2-16-16l0-32c0-8.8 7.2-16 16-16zM96 240c0-8.8 7.2-16 16-16l32 0c8.8 0 16 7.2 16 16l0 32c0 8.8-7.2 16-16 16l-32 0c-8.8 0-16-7.2-16-16l0-32zm144-16l32 0c8.8 0 16 7.2 16 16l0 32c0 8.8-7.2 16-16 16l-32 0c-8.8 0-16-7.2-16-16l0-32c0-8.8 7.2-16 16-16z\"><\/path><\/svg><\/div>\n\n\n\n<h4 class=\"wp-block-heading has-text-align-center\">L&rsquo;entreprise derri\u00e8re tout cela<\/h4>\n\n\n\n<p class=\"has-text-align-center\">FitConsent est un produit de DIGITLOAD, une soci\u00e9t\u00e9 de d\u00e9veloppement logiciel d\u00e9di\u00e9e \u00e0 la cr\u00e9ation de solutions innovantes pour r\u00e9pondre aux d\u00e9fis concrets des entreprises. Bas\u00e9e \u00e0 Toronto, au Canada, notre \u00e9quipe est passionn\u00e9e par la cr\u00e9ation de logiciels performants, fiables et de haute qualit\u00e9.<br><br><\/p>\n<\/div>\n<\/div>\n\n\n\n<div class=\"wp-block-columns alignwide are-vertically-aligned-center is-layout-flex wp-container-core-columns-is-layout-28f84493 wp-block-columns-is-layout-flex\" style=\"border-radius:16px\">\n<div class=\"wp-block-column is-vertically-aligned-center has-base-color has-contrast-2-background-color has-text-color has-background has-link-color wp-elements-69a3ad61cdc199298c7a8934ec40e27e is-layout-flow wp-block-column-is-layout-flow\" style=\"border-radius:16px;padding-top:var(--wp--preset--spacing--30);padding-right:var(--wp--preset--spacing--30);padding-bottom:var(--wp--preset--spacing--30);padding-left:var(--wp--preset--spacing--30)\">\n<h2 class=\"wp-block-heading has-text-align-center has-base-color has-text-color has-link-color has-x-large-font-size wp-elements-cc86d7dcf4a091b21abd398d987f8117\"><strong>Rejoignez notre mission<\/strong><\/h2>\n\n\n\n<p class=\"has-text-align-center\">Aidez-nous \u00e0 b\u00e2tir un Web plus transparent et plus fiable. Cr\u00e9ez votre compte gratuit et d\u00e9couvrez \u00e0 quel point la conformit\u00e9 peut \u00eatre simple.<\/p>\n\n\n\n<div class=\"wp-block-buttons is-content-justification-center is-layout-flex wp-container-core-buttons-is-layout-a89b3969 wp-block-buttons-is-layout-flex\">\n<div class=\"wp-block-button\"><a class=\"wp-block-button__link has-contrast-2-color has-base-2-background-color has-text-color has-background has-link-color has-medium-font-size has-text-align-center has-custom-font-size wp-element-button\" href=\"https:\/\/app.fitconsent.com\/fr\/dashboard\" style=\"border-radius:12px\">Commencez gratuitement<\/a><\/div>\n<\/div>\n\n\n\n<p class=\"has-text-align-center\"><\/p>\n<\/div>\n<\/div>\n\n\n\n<p class=\"has-text-align-center\"><br><\/p>\n\n\n\n<p><\/p>\n","protected":false},"excerpt":{"rendered":"<p>Notre mission est de rendre la gestion de la confidentialit\u00e9 num\u00e9rique et du consentement sans effort pour tous, en favorisant un Web fond\u00e9 sur la confiance et la transparence. D&rsquo;une simple id\u00e9e \u00e0 une mission mondiale FitConsent est n\u00e9 d&rsquo;une id\u00e9e simple&nbsp;: la confidentialit\u00e9 num\u00e9rique et la confiance des utilisateurs ne sont pas des obstacles, [&hellip;]<\/p>\n","protected":false},"author":5,"featured_media":0,"parent":0,"menu_order":0,"comment_status":"closed","ping_status":"closed","template":"","meta":{"_fitconsent_language":"fr_FR","_fitconsent_translation_group":"178","footnotes":""},"class_list":["post-715","page","type-page","status-publish","hentry"],"yoast_head":"<!-- This site is optimized with the Yoast SEO plugin v27.2 - https:\/\/yoast.com\/product\/yoast-seo-wordpress\/ -->\n<title>A Propos de FitConsent - FitConsent<\/title>\n<meta name=\"robots\" content=\"index, follow, max-snippet:-1, max-image-preview:large, max-video-preview:-1\" \/>\n<link rel=\"canonical\" href=\"https:\/\/fitconsent.com\/fr_fr\/a-propos-de-fitconsent\/\" \/>\n<meta property=\"og:locale\" content=\"fr_FR\" \/>\n<meta property=\"og:type\" content=\"article\" \/>\n<meta property=\"og:title\" content=\"A Propos de FitConsent - FitConsent\" \/>\n<meta property=\"og:description\" content=\"Notre mission est de rendre la gestion de la confidentialit\u00e9 num\u00e9rique et du consentement sans effort pour tous, en favorisant un Web fond\u00e9 sur la confiance et la transparence. D&rsquo;une simple id\u00e9e \u00e0 une mission mondiale FitConsent est n\u00e9 d&rsquo;une id\u00e9e simple&nbsp;: la confidentialit\u00e9 num\u00e9rique et la confiance des utilisateurs ne sont pas des obstacles, [&hellip;]\" \/>\n<meta property=\"og:url\" content=\"https:\/\/fitconsent.com\/fr_fr\/a-propos-de-fitconsent\/\" \/>\n<meta property=\"og:site_name\" content=\"FitConsent\" \/>\n<meta property=\"article:modified_time\" content=\"2025-11-21T20:34:53+00:00\" \/>\n<meta property=\"og:image\" content=\"https:\/\/fitconsent.com\/wp-content\/uploads\/2025\/08\/FitConsent_About-1024x717.png\" \/>\n\t<meta property=\"og:image:width\" content=\"1024\" \/>\n\t<meta property=\"og:image:height\" content=\"717\" \/>\n\t<meta property=\"og:image:type\" content=\"image\/png\" \/>\n<meta name=\"twitter:card\" content=\"summary_large_image\" \/>\n<meta name=\"twitter:label1\" content=\"Dur\u00e9e de lecture estim\u00e9e\" \/>\n\t<meta name=\"twitter:data1\" content=\"2 minutes\" \/>\n<script type=\"application\/ld+json\" class=\"yoast-schema-graph\">{\"@context\":\"https:\/\/schema.org\",\"@graph\":[{\"@type\":\"WebPage\",\"@id\":\"https:\/\/fitconsent.com\/fr_fr\/a-propos-de-fitconsent\/\",\"url\":\"https:\/\/fitconsent.com\/fr_fr\/a-propos-de-fitconsent\/\",\"name\":\"A Propos de FitConsent - FitConsent\",\"isPartOf\":{\"@id\":\"https:\/\/fitconsent.com\/fr_fr\/#website\"},\"primaryImageOfPage\":{\"@id\":\"https:\/\/fitconsent.com\/fr_fr\/a-propos-de-fitconsent\/#primaryimage\"},\"image\":{\"@id\":\"https:\/\/fitconsent.com\/fr_fr\/a-propos-de-fitconsent\/#primaryimage\"},\"thumbnailUrl\":\"https:\/\/fitconsent.com\/wp-content\/uploads\/2025\/08\/FitConsent_About-1024x717.png\",\"datePublished\":\"2025-08-25T02:22:44+00:00\",\"dateModified\":\"2025-11-21T20:34:53+00:00\",\"breadcrumb\":{\"@id\":\"https:\/\/fitconsent.com\/fr_fr\/a-propos-de-fitconsent\/#breadcrumb\"},\"inLanguage\":\"fr-FR\",\"potentialAction\":[{\"@type\":\"ReadAction\",\"target\":[\"https:\/\/fitconsent.com\/fr_fr\/a-propos-de-fitconsent\/\"]}]},{\"@type\":\"ImageObject\",\"inLanguage\":\"fr-FR\",\"@id\":\"https:\/\/fitconsent.com\/fr_fr\/a-propos-de-fitconsent\/#primaryimage\",\"url\":\"https:\/\/fitconsent.com\/wp-content\/uploads\/2025\/08\/FitConsent_About-1024x717.png\",\"contentUrl\":\"https:\/\/fitconsent.com\/wp-content\/uploads\/2025\/08\/FitConsent_About-1024x717.png\"},{\"@type\":\"BreadcrumbList\",\"@id\":\"https:\/\/fitconsent.com\/fr_fr\/a-propos-de-fitconsent\/#breadcrumb\",\"itemListElement\":[{\"@type\":\"ListItem\",\"position\":1,\"name\":\"Home\",\"item\":\"https:\/\/fitconsent.com\/\"},{\"@type\":\"ListItem\",\"position\":2,\"name\":\"A Propos de FitConsent\"}]},{\"@type\":\"WebSite\",\"@id\":\"https:\/\/fitconsent.com\/fr_fr\/#website\",\"url\":\"https:\/\/fitconsent.com\/fr_fr\/\",\"name\":\"FitConsent\",\"description\":\"By DIGITLOAD\",\"publisher\":{\"@id\":\"https:\/\/fitconsent.com\/fr_fr\/#organization\"},\"potentialAction\":[{\"@type\":\"SearchAction\",\"target\":{\"@type\":\"EntryPoint\",\"urlTemplate\":\"https:\/\/fitconsent.com\/fr_fr\/?s={search_term_string}\"},\"query-input\":{\"@type\":\"PropertyValueSpecification\",\"valueRequired\":true,\"valueName\":\"search_term_string\"}}],\"inLanguage\":\"fr-FR\"},{\"@type\":\"Organization\",\"@id\":\"https:\/\/fitconsent.com\/fr_fr\/#organization\",\"name\":\"DIGITLOAD\",\"url\":\"https:\/\/fitconsent.com\/fr_fr\/\",\"logo\":{\"@type\":\"ImageObject\",\"inLanguage\":\"fr-FR\",\"@id\":\"https:\/\/fitconsent.com\/fr_fr\/#\/schema\/logo\/image\/\",\"url\":\"https:\/\/fitconsent.com\/wp-content\/uploads\/2025\/08\/cropped-icon.png\",\"contentUrl\":\"https:\/\/fitconsent.com\/wp-content\/uploads\/2025\/08\/cropped-icon.png\",\"width\":512,\"height\":512,\"caption\":\"DIGITLOAD\"},\"image\":{\"@id\":\"https:\/\/fitconsent.com\/fr_fr\/#\/schema\/logo\/image\/\"}}]}<\/script>\n<!-- \/ Yoast SEO plugin. -->","yoast_head_json":{"title":"A Propos de FitConsent - FitConsent","robots":{"index":"index","follow":"follow","max-snippet":"max-snippet:-1","max-image-preview":"max-image-preview:large","max-video-preview":"max-video-preview:-1"},"canonical":"https:\/\/fitconsent.com\/fr_fr\/a-propos-de-fitconsent\/","og_locale":"fr_FR","og_type":"article","og_title":"A Propos de FitConsent - FitConsent","og_description":"Notre mission est de rendre la gestion de la confidentialit\u00e9 num\u00e9rique et du consentement sans effort pour tous, en favorisant un Web fond\u00e9 sur la confiance et la transparence. D&rsquo;une simple id\u00e9e \u00e0 une mission mondiale FitConsent est n\u00e9 d&rsquo;une id\u00e9e simple&nbsp;: la confidentialit\u00e9 num\u00e9rique et la confiance des utilisateurs ne sont pas des obstacles, [&hellip;]","og_url":"https:\/\/fitconsent.com\/fr_fr\/a-propos-de-fitconsent\/","og_site_name":"FitConsent","article_modified_time":"2025-11-21T20:34:53+00:00","og_image":[{"width":1024,"height":717,"url":"https:\/\/fitconsent.com\/wp-content\/uploads\/2025\/08\/FitConsent_About-1024x717.png","type":"image\/png"}],"twitter_card":"summary_large_image","twitter_misc":{"Dur\u00e9e de lecture estim\u00e9e":"2 minutes"},"schema":{"@context":"https:\/\/schema.org","@graph":[{"@type":"WebPage","@id":"https:\/\/fitconsent.com\/fr_fr\/a-propos-de-fitconsent\/","url":"https:\/\/fitconsent.com\/fr_fr\/a-propos-de-fitconsent\/","name":"A Propos de FitConsent - FitConsent","isPartOf":{"@id":"https:\/\/fitconsent.com\/fr_fr\/#website"},"primaryImageOfPage":{"@id":"https:\/\/fitconsent.com\/fr_fr\/a-propos-de-fitconsent\/#primaryimage"},"image":{"@id":"https:\/\/fitconsent.com\/fr_fr\/a-propos-de-fitconsent\/#primaryimage"},"thumbnailUrl":"https:\/\/fitconsent.com\/wp-content\/uploads\/2025\/08\/FitConsent_About-1024x717.png","datePublished":"2025-08-25T02:22:44+00:00","dateModified":"2025-11-21T20:34:53+00:00","breadcrumb":{"@id":"https:\/\/fitconsent.com\/fr_fr\/a-propos-de-fitconsent\/#breadcrumb"},"inLanguage":"fr-FR","potentialAction":[{"@type":"ReadAction","target":["https:\/\/fitconsent.com\/fr_fr\/a-propos-de-fitconsent\/"]}]},{"@type":"ImageObject","inLanguage":"fr-FR","@id":"https:\/\/fitconsent.com\/fr_fr\/a-propos-de-fitconsent\/#primaryimage","url":"https:\/\/fitconsent.com\/wp-content\/uploads\/2025\/08\/FitConsent_About-1024x717.png","contentUrl":"https:\/\/fitconsent.com\/wp-content\/uploads\/2025\/08\/FitConsent_About-1024x717.png"},{"@type":"BreadcrumbList","@id":"https:\/\/fitconsent.com\/fr_fr\/a-propos-de-fitconsent\/#breadcrumb","itemListElement":[{"@type":"ListItem","position":1,"name":"Home","item":"https:\/\/fitconsent.com\/"},{"@type":"ListItem","position":2,"name":"A Propos de FitConsent"}]},{"@type":"WebSite","@id":"https:\/\/fitconsent.com\/fr_fr\/#website","url":"https:\/\/fitconsent.com\/fr_fr\/","name":"FitConsent","description":"By DIGITLOAD","publisher":{"@id":"https:\/\/fitconsent.com\/fr_fr\/#organization"},"potentialAction":[{"@type":"SearchAction","target":{"@type":"EntryPoint","urlTemplate":"https:\/\/fitconsent.com\/fr_fr\/?s={search_term_string}"},"query-input":{"@type":"PropertyValueSpecification","valueRequired":true,"valueName":"search_term_string"}}],"inLanguage":"fr-FR"},{"@type":"Organization","@id":"https:\/\/fitconsent.com\/fr_fr\/#organization","name":"DIGITLOAD","url":"https:\/\/fitconsent.com\/fr_fr\/","logo":{"@type":"ImageObject","inLanguage":"fr-FR","@id":"https:\/\/fitconsent.com\/fr_fr\/#\/schema\/logo\/image\/","url":"https:\/\/fitconsent.com\/wp-content\/uploads\/2025\/08\/cropped-icon.png","contentUrl":"https:\/\/fitconsent.com\/wp-content\/uploads\/2025\/08\/cropped-icon.png","width":512,"height":512,"caption":"DIGITLOAD"},"image":{"@id":"https:\/\/fitconsent.com\/fr_fr\/#\/schema\/logo\/image\/"}}]}},"_links":{"self":[{"href":"https:\/\/fitconsent.com\/fr_fr\/wp-json\/wp\/v2\/pages\/715","targetHints":{"allow":["GET"]}}],"collection":[{"href":"https:\/\/fitconsent.com\/fr_fr\/wp-json\/wp\/v2\/pages"}],"about":[{"href":"https:\/\/fitconsent.com\/fr_fr\/wp-json\/wp\/v2\/types\/page"}],"author":[{"embeddable":true,"href":"https:\/\/fitconsent.com\/fr_fr\/wp-json\/wp\/v2\/users\/5"}],"replies":[{"embeddable":true,"href":"https:\/\/fitconsent.com\/fr_fr\/wp-json\/wp\/v2\/comments?post=715"}],"version-history":[{"count":4,"href":"https:\/\/fitconsent.com\/fr_fr\/wp-json\/wp\/v2\/pages\/715\/revisions"}],"predecessor-version":[{"id":1127,"href":"https:\/\/fitconsent.com\/fr_fr\/wp-json\/wp\/v2\/pages\/715\/revisions\/1127"}],"wp:attachment":[{"href":"https:\/\/fitconsent.com\/fr_fr\/wp-json\/wp\/v2\/media?parent=715"}],"curies":[{"name":"wp","href":"https:\/\/api.w.org\/{rel}","templated":true}]}}