{"id":2048,"date":"2025-10-21T17:24:07","date_gmt":"2025-10-21T17:24:07","guid":{"rendered":"https:\/\/fitconsent.com\/?page_id=2048"},"modified":"2025-10-21T17:24:09","modified_gmt":"2025-10-21T17:24:09","slug":"uet-de-microsoft-suivi-universel-devenements","status":"publish","type":"page","link":"https:\/\/fitconsent.com\/fr_fr\/uet-de-microsoft-suivi-universel-devenements\/","title":{"rendered":"Le Guide Essentiel du Mode de Consentement UET de Microsoft et Pourquoi la CMP FitConsent est Cruciale"},"content":{"rendered":"\n<h3 class=\"wp-block-heading\">Comprendre le Mode de Consentement UET de Microsoft<\/h3>\n\n\n\n<p>Le <strong>Suivi Universel d&rsquo;\u00c9v\u00e9nements (UET) de Microsoft<\/strong> est un outil essentiel pour les annonceurs utilisant Microsoft Advertising (anciennement Bing Ads). La balise UET aide \u00e0 mesurer l&rsquo;efficacit\u00e9 des campagnes publicitaires en suivant les actions des utilisateurs (conversions) sur un site web, telles que les achats, les inscriptions ou les vues de page.<\/p>\n\n\n\n<figure class=\"wp-block-image aligncenter size-full\"><img loading=\"lazy\" decoding=\"async\" width=\"800\" height=\"387\" src=\"https:\/\/fitconsent.com\/wp-content\/uploads\/2025\/10\/15.png\" alt=\"Microsoft UET Consent Mode\" class=\"wp-image-2037\" srcset=\"https:\/\/fitconsent.com\/wp-content\/uploads\/2025\/10\/15.png 800w, https:\/\/fitconsent.com\/wp-content\/uploads\/2025\/10\/15-300x145.png 300w, https:\/\/fitconsent.com\/wp-content\/uploads\/2025\/10\/15-768x372.png 768w, https:\/\/fitconsent.com\/wp-content\/uploads\/2025\/10\/15-600x290.png 600w\" sizes=\"auto, (max-width: 800px) 100vw, 800px\" \/><\/figure>\n\n\n\n<p>Le <strong>Mode de Consentement UET de Microsoft<\/strong> est le m\u00e9canisme qui permet \u00e0 l&rsquo;UET d&rsquo;ajuster son comportement de suivi en fonction des pr\u00e9f\u00e9rences de consentement explicites d&rsquo;un utilisateur, assurant la conformit\u00e9 avec les r\u00e9glementations mondiales en \u00e9volution en mati\u00e8re de confidentialit\u00e9 des donn\u00e9es comme le <strong><a href=\"https:\/\/fitconsent.com\/fr_fr\/rgpd-reglementation-generale-sur-la-protection-des-donnees\/\">RGPD<\/a><\/strong>, le <strong><a href=\"https:\/\/fitconsent.com\/fr_fr\/ccpa-cpra-consommateurs-californiens-et-droits-a-la-vie-privee\/\">CCPA<\/a><\/strong> et la Loi sur les March\u00e9s Num\u00e9riques (DMA) de l&rsquo;UE.<\/p>\n\n\n\n<p>Lorsqu&rsquo;un utilisateur arrive sur votre site web, le Mode de Consentement v\u00e9rifie l&rsquo;\u00e9tat du consentement pour <code>ad_storage<\/code>:<\/p>\n\n\n\n<ul class=\"wp-block-list\">\n<li><strong>Si le consentement est accord\u00e9:<\/strong> La balise UET se d\u00e9clenche normalement, d\u00e9finissant et lisant des <em>cookies<\/em> pour suivre les conversions d\u00e9taill\u00e9es, peupler les listes de <em>remarketing<\/em> et optimiser les strat\u00e9gies d&rsquo;ench\u00e8res.<\/li>\n\n\n\n<li><strong>Si le consentement est refus\u00e9:<\/strong> La balise UET est restreinte. Elle envoie soit des signaux de donn\u00e9es limit\u00e9s, anonymes et non personnels (appel\u00e9s \u00ab\u00a0pings\u00a0\u00bb) sans d\u00e9finir ni lire de <em>cookies<\/em> \u00e0 des fins publicitaires, soit elle est enti\u00e8rement bloqu\u00e9e, selon la m\u00e9thode d&rsquo;impl\u00e9mentation (basique ou avanc\u00e9e). Cela permet un rapport agr\u00e9g\u00e9 de base tout en respectant le choix de confidentialit\u00e9 de l&rsquo;utilisateur.<\/li>\n<\/ul>\n\n\n\n<p>La mise en \u0153uvre du Mode de Consentement UET n&rsquo;est plus facultative ; elle est <strong>obligatoire<\/strong> pour tous les annonceurs ciblant les utilisateurs dans l&rsquo;Espace \u00c9conomique Europ\u00e9en (EEE), le Royaume-Uni et la Suisse afin de pr\u00e9venir une perte de donn\u00e9es significative, la suspension du suivi des conversions et la d\u00e9sactivation des fonctionnalit\u00e9s de <em>remarketing<\/em>.<\/p>\n\n\n\n<hr class=\"wp-block-separator has-alpha-channel-opacity\"\/>\n\n\n\n<h3 class=\"wp-block-heading\">Le R\u00f4le Critique de la CMP FitConsent dans la Conformit\u00e9 UET<\/h3>\n\n\n\n<p>Impl\u00e9menter manuellement le Mode de Consentement UET de Microsoft peut \u00eatre techniquement complexe, sujet aux erreurs et difficile \u00e0 auditer pour une conformit\u00e9 continue. C&rsquo;est l\u00e0 qu&rsquo;une <strong><a href=\"https:\/\/fitconsent.com\/fr_fr\/plateforme-de-gestion-du-consentement-utilisateur-cmp\/\">Plateforme de Gestion du Consentement (CMP)<\/a><\/strong> robuste devient indispensable.<\/p>\n\n\n\n<p>Une <strong><a href=\"https:\/\/fitconsent.com\/fr_fr\/plateforme-de-gestion-du-consentement-utilisateur-cmp\/\">CMP<\/a><\/strong> puissante comme <strong><a href=\"https:\/\/fitconsent.com\/fr_fr\/gestion-du-consentement-des-utilisateurs-cmp-pour-rgpd-ccpa\/?lang=fr_FR\">FitConsent<\/a><\/strong> fournit l&rsquo;int\u00e9gration transparente et automatis\u00e9e n\u00e9cessaire pour g\u00e9rer les subtilit\u00e9s du Mode de Consentement UET. <strong><a href=\"https:\/\/fitconsent.com\/fr_fr\/gestion-du-consentement-des-utilisateurs-cmp-pour-rgpd-ccpa\/?lang=fr_FR\">FitConsent<\/a> CMP<\/strong> garantit que :<\/p>\n\n\n\n<ul class=\"wp-block-list\">\n<li><strong>Collecte de Consentement Valide:<\/strong> Elle affiche une banni\u00e8re personnalisable et conforme pour recueillir avec pr\u00e9cision le consentement de l&rsquo;utilisateur pour la publicit\u00e9 et le suivi.<\/li>\n\n\n\n<li><strong>Cartographie des Signaux en Temps R\u00e9el:<\/strong> Elle traduit automatiquement les choix de l&rsquo;utilisateur dans les signaux <code>ad_storage<\/code> corrects (<strong>accord\u00e9<\/strong> ou <strong>refus\u00e9<\/strong>) et les communique instantan\u00e9ment \u00e0 la balise UET de Microsoft, ce qui est la fonction principale du Mode de Consentement.<\/li>\n\n\n\n<li><strong>Couverture R\u00e9glementaire:<\/strong> Elle g\u00e8re le consentement non seulement pour l&rsquo;UET, mais sur toutes les principales plateformes publicitaires et est constamment mise \u00e0 jour pour se conformer aux r\u00e9glementations en \u00e9volution dans le monde entier, du <strong><a href=\"https:\/\/fitconsent.com\/fr_fr\/rgpd-reglementation-generale-sur-la-protection-des-donnees\/\">RGPD<\/a><\/strong> au <strong><a href=\"https:\/\/fitconsent.com\/fr_fr\/ccpa-cpra-consommateurs-californiens-et-droits-a-la-vie-privee\/\">CCPA<\/a><\/strong>.<\/li>\n\n\n\n<li><strong>Piste d&rsquo;Audit:<\/strong> <strong><a href=\"https:\/\/fitconsent.com\/fr_fr\/gestion-du-consentement-des-utilisateurs-cmp-pour-rgpd-ccpa\/?lang=fr_FR\">FitConsent<\/a> CMP<\/strong> maintient un enregistrement l\u00e9galement solide et horodat\u00e9 de chaque d\u00e9cision de consentement de l&rsquo;utilisateur, ce qui est crucial pour prouver la conformit\u00e9 lors d&rsquo;un audit.<\/li>\n<\/ul>\n\n\n\n<h3 class=\"wp-block-heading\">Conformit\u00e9 Transparente pour les Sites WordPress avec FitConsent<\/h3>\n\n\n\n<p>Pour des millions de propri\u00e9taires de sites web <strong>WordPress<\/strong>, la conformit\u00e9 doit \u00eatre simple et non perturbatrice. <strong><a href=\"https:\/\/fitconsent.com\/fr_fr\/gestion-du-consentement-des-utilisateurs-cmp-pour-rgpd-ccpa\/?lang=fr_FR\">FitConsent<\/a><\/strong> fournit une <strong><a href=\"https:\/\/fitconsent.com\/fr_fr\/plateforme-de-gestion-du-consentement-utilisateur-cmp\/\">Plateforme de Gestion du Consentement (CMP)<\/a><\/strong> puissante mais simple, sp\u00e9cifiquement con\u00e7ue comme un <strong><a href=\"https:\/\/wordpress.org\/plugins\/fitconsent-cmp\/#description\">plugin WordPress<\/a><\/strong> pour vous aider \u00e0 vous conformer aux r\u00e9glementations de confidentialit\u00e9 comme le <strong><a href=\"https:\/\/fitconsent.com\/fr_fr\/rgpd-reglementation-generale-sur-la-protection-des-donnees\/\">RGPD<\/a><\/strong> et le <strong><a href=\"https:\/\/fitconsent.com\/fr_fr\/ccpa-cpra-consommateurs-californiens-et-droits-a-la-vie-privee\/\">CCPA<\/a><\/strong>.<\/p>\n\n\n\n<p>Le <strong><a href=\"https:\/\/wordpress.org\/plugins\/fitconsent-cmp\/#description\">plugin WordPress FitConsent<\/a><\/strong> rend incroyablement facile l&rsquo;ajout de la banni\u00e8re de consentement n\u00e9cessaire \u00e0 votre site. Plus important encore, il offre une compatibilit\u00e9 automatique et pr\u00eate \u00e0 l&#8217;emploi avec l&rsquo;<strong>API de Consentement WP<\/strong>, qui est la m\u00e9thode standardis\u00e9e utilis\u00e9e par des int\u00e9grations majeures comme <strong>Google Site Kit<\/strong>.<\/p>\n\n\n\n<p>En utilisant ce <em><a href=\"https:\/\/wordpress.org\/plugins\/fitconsent-cmp\/#description\">plugin<\/a><\/em>, vous pouvez activer la <strong>fonctionnalit\u00e9 de mode de consentement de Google Site Kit<\/strong> et \u00eatre assur\u00e9 que les choix de consentement de vos utilisateurs sont respect\u00e9s, permettant une analyse et un suivi des publicit\u00e9s conformes et efficaces. La synergie entre <strong><a href=\"https:\/\/fitconsent.com\/fr_fr\/gestion-du-consentement-des-utilisateurs-cmp-pour-rgpd-ccpa\/?lang=fr_FR\">FitConsent<\/a><\/strong>, l&rsquo;<strong>API de Consentement WP<\/strong> et le Mode de Consentement UET garantit que votre collecte de donn\u00e9es est l\u00e9galement saine, minimisant le risque de conformit\u00e9 tout en maximisant votre retour sur investissement marketing.<\/p>\n\n\n\n<p>En utilisant une solution sp\u00e9cialis\u00e9e comme <strong><a href=\"https:\/\/fitconsent.com\/fr_fr\/gestion-du-consentement-des-utilisateurs-cmp-pour-rgpd-ccpa\/?lang=fr_FR\">FitConsent<\/a><\/strong>, vous allez au-del\u00e0 de la conformit\u00e9 de base. Vous obtenez un avantage concurrentiel en minimisant la perte de donn\u00e9es gr\u00e2ce \u00e0 une performance de banni\u00e8re optimis\u00e9e tout en garantissant que vos campagnes Microsoft Advertising sont \u00e0 la fois efficaces et l\u00e9galement conformes.<\/p>\n","protected":false},"excerpt":{"rendered":"<p>Comprendre le Mode de Consentement UET de Microsoft Le Suivi Universel d&rsquo;\u00c9v\u00e9nements (UET) de Microsoft est un outil essentiel pour les annonceurs utilisant Microsoft Advertising (anciennement Bing Ads). La balise UET aide \u00e0 mesurer l&rsquo;efficacit\u00e9 des campagnes publicitaires en suivant les actions des utilisateurs (conversions) sur un site web, telles que les achats, les inscriptions [&hellip;]<\/p>\n","protected":false},"author":5,"featured_media":0,"parent":0,"menu_order":0,"comment_status":"closed","ping_status":"closed","template":"","meta":{"_fitconsent_language":"fr_FR","_fitconsent_translation_group":"2035","footnotes":""},"class_list":["post-2048","page","type-page","status-publish","hentry"],"yoast_head":"<!-- This site is optimized with the Yoast SEO plugin v27.2 - https:\/\/yoast.com\/product\/yoast-seo-wordpress\/ -->\n<title>UET de Microsoft : Suivi Universel d&#039;\u00c9v\u00e9nements<\/title>\n<meta name=\"description\" content=\"Le Guide Essentiel du Mode de Consentement UET de Microsoft et Pourquoi la CMP FitConsent est Cruciale\" \/>\n<meta name=\"robots\" content=\"index, follow, max-snippet:-1, max-image-preview:large, max-video-preview:-1\" \/>\n<link rel=\"canonical\" href=\"https:\/\/fitconsent.com\/fr_fr\/uet-de-microsoft-suivi-universel-devenements\/\" \/>\n<meta property=\"og:locale\" content=\"fr_FR\" \/>\n<meta property=\"og:type\" content=\"article\" \/>\n<meta property=\"og:title\" content=\"UET de Microsoft : Suivi Universel d&#039;\u00c9v\u00e9nements\" \/>\n<meta property=\"og:description\" content=\"Le Guide Essentiel du Mode de Consentement UET de Microsoft et Pourquoi la CMP FitConsent est Cruciale\" \/>\n<meta property=\"og:url\" content=\"https:\/\/fitconsent.com\/fr_fr\/uet-de-microsoft-suivi-universel-devenements\/\" \/>\n<meta property=\"og:site_name\" content=\"FitConsent\" \/>\n<meta property=\"article:modified_time\" content=\"2025-10-21T17:24:09+00:00\" \/>\n<meta property=\"og:image\" content=\"https:\/\/fitconsent.com\/wp-content\/uploads\/2025\/10\/15.png\" \/>\n<meta name=\"twitter:card\" content=\"summary_large_image\" \/>\n<meta name=\"twitter:label1\" content=\"Dur\u00e9e de lecture estim\u00e9e\" \/>\n\t<meta name=\"twitter:data1\" content=\"4 minutes\" \/>\n<script type=\"application\/ld+json\" class=\"yoast-schema-graph\">{\"@context\":\"https:\/\/schema.org\",\"@graph\":[{\"@type\":\"WebPage\",\"@id\":\"https:\/\/fitconsent.com\/fr_fr\/uet-de-microsoft-suivi-universel-devenements\/\",\"url\":\"https:\/\/fitconsent.com\/fr_fr\/uet-de-microsoft-suivi-universel-devenements\/\",\"name\":\"UET de Microsoft : Suivi Universel d'\u00c9v\u00e9nements\",\"isPartOf\":{\"@id\":\"https:\/\/fitconsent.com\/fr_fr\/#website\"},\"primaryImageOfPage\":{\"@id\":\"https:\/\/fitconsent.com\/fr_fr\/uet-de-microsoft-suivi-universel-devenements\/#primaryimage\"},\"image\":{\"@id\":\"https:\/\/fitconsent.com\/fr_fr\/uet-de-microsoft-suivi-universel-devenements\/#primaryimage\"},\"thumbnailUrl\":\"https:\/\/fitconsent.com\/wp-content\/uploads\/2025\/10\/15.png\",\"datePublished\":\"2025-10-21T17:24:07+00:00\",\"dateModified\":\"2025-10-21T17:24:09+00:00\",\"description\":\"Le Guide Essentiel du Mode de Consentement UET de Microsoft et Pourquoi la CMP FitConsent est Cruciale\",\"breadcrumb\":{\"@id\":\"https:\/\/fitconsent.com\/fr_fr\/uet-de-microsoft-suivi-universel-devenements\/#breadcrumb\"},\"inLanguage\":\"fr-FR\",\"potentialAction\":[{\"@type\":\"ReadAction\",\"target\":[\"https:\/\/fitconsent.com\/fr_fr\/uet-de-microsoft-suivi-universel-devenements\/\"]}]},{\"@type\":\"ImageObject\",\"inLanguage\":\"fr-FR\",\"@id\":\"https:\/\/fitconsent.com\/fr_fr\/uet-de-microsoft-suivi-universel-devenements\/#primaryimage\",\"url\":\"https:\/\/fitconsent.com\/wp-content\/uploads\/2025\/10\/15.png\",\"contentUrl\":\"https:\/\/fitconsent.com\/wp-content\/uploads\/2025\/10\/15.png\"},{\"@type\":\"BreadcrumbList\",\"@id\":\"https:\/\/fitconsent.com\/fr_fr\/uet-de-microsoft-suivi-universel-devenements\/#breadcrumb\",\"itemListElement\":[{\"@type\":\"ListItem\",\"position\":1,\"name\":\"Home\",\"item\":\"https:\/\/fitconsent.com\/\"},{\"@type\":\"ListItem\",\"position\":2,\"name\":\"Le Guide Essentiel du Mode de Consentement UET de Microsoft et Pourquoi la CMP FitConsent est Cruciale\"}]},{\"@type\":\"WebSite\",\"@id\":\"https:\/\/fitconsent.com\/fr_fr\/#website\",\"url\":\"https:\/\/fitconsent.com\/fr_fr\/\",\"name\":\"FitConsent\",\"description\":\"By DIGITLOAD\",\"publisher\":{\"@id\":\"https:\/\/fitconsent.com\/fr_fr\/#organization\"},\"potentialAction\":[{\"@type\":\"SearchAction\",\"target\":{\"@type\":\"EntryPoint\",\"urlTemplate\":\"https:\/\/fitconsent.com\/fr_fr\/?s={search_term_string}\"},\"query-input\":{\"@type\":\"PropertyValueSpecification\",\"valueRequired\":true,\"valueName\":\"search_term_string\"}}],\"inLanguage\":\"fr-FR\"},{\"@type\":\"Organization\",\"@id\":\"https:\/\/fitconsent.com\/fr_fr\/#organization\",\"name\":\"DIGITLOAD\",\"url\":\"https:\/\/fitconsent.com\/fr_fr\/\",\"logo\":{\"@type\":\"ImageObject\",\"inLanguage\":\"fr-FR\",\"@id\":\"https:\/\/fitconsent.com\/fr_fr\/#\/schema\/logo\/image\/\",\"url\":\"https:\/\/fitconsent.com\/wp-content\/uploads\/2025\/08\/cropped-icon.png\",\"contentUrl\":\"https:\/\/fitconsent.com\/wp-content\/uploads\/2025\/08\/cropped-icon.png\",\"width\":512,\"height\":512,\"caption\":\"DIGITLOAD\"},\"image\":{\"@id\":\"https:\/\/fitconsent.com\/fr_fr\/#\/schema\/logo\/image\/\"}}]}<\/script>\n<!-- \/ Yoast SEO plugin. -->","yoast_head_json":{"title":"UET de Microsoft : Suivi Universel d'\u00c9v\u00e9nements","description":"Le Guide Essentiel du Mode de Consentement UET de Microsoft et Pourquoi la CMP FitConsent est Cruciale","robots":{"index":"index","follow":"follow","max-snippet":"max-snippet:-1","max-image-preview":"max-image-preview:large","max-video-preview":"max-video-preview:-1"},"canonical":"https:\/\/fitconsent.com\/fr_fr\/uet-de-microsoft-suivi-universel-devenements\/","og_locale":"fr_FR","og_type":"article","og_title":"UET de Microsoft : Suivi Universel d'\u00c9v\u00e9nements","og_description":"Le Guide Essentiel du Mode de Consentement UET de Microsoft et Pourquoi la CMP FitConsent est Cruciale","og_url":"https:\/\/fitconsent.com\/fr_fr\/uet-de-microsoft-suivi-universel-devenements\/","og_site_name":"FitConsent","article_modified_time":"2025-10-21T17:24:09+00:00","og_image":[{"url":"https:\/\/fitconsent.com\/wp-content\/uploads\/2025\/10\/15.png","type":"","width":"","height":""}],"twitter_card":"summary_large_image","twitter_misc":{"Dur\u00e9e de lecture estim\u00e9e":"4 minutes"},"schema":{"@context":"https:\/\/schema.org","@graph":[{"@type":"WebPage","@id":"https:\/\/fitconsent.com\/fr_fr\/uet-de-microsoft-suivi-universel-devenements\/","url":"https:\/\/fitconsent.com\/fr_fr\/uet-de-microsoft-suivi-universel-devenements\/","name":"UET de Microsoft : Suivi Universel d'\u00c9v\u00e9nements","isPartOf":{"@id":"https:\/\/fitconsent.com\/fr_fr\/#website"},"primaryImageOfPage":{"@id":"https:\/\/fitconsent.com\/fr_fr\/uet-de-microsoft-suivi-universel-devenements\/#primaryimage"},"image":{"@id":"https:\/\/fitconsent.com\/fr_fr\/uet-de-microsoft-suivi-universel-devenements\/#primaryimage"},"thumbnailUrl":"https:\/\/fitconsent.com\/wp-content\/uploads\/2025\/10\/15.png","datePublished":"2025-10-21T17:24:07+00:00","dateModified":"2025-10-21T17:24:09+00:00","description":"Le Guide Essentiel du Mode de Consentement UET de Microsoft et Pourquoi la CMP FitConsent est Cruciale","breadcrumb":{"@id":"https:\/\/fitconsent.com\/fr_fr\/uet-de-microsoft-suivi-universel-devenements\/#breadcrumb"},"inLanguage":"fr-FR","potentialAction":[{"@type":"ReadAction","target":["https:\/\/fitconsent.com\/fr_fr\/uet-de-microsoft-suivi-universel-devenements\/"]}]},{"@type":"ImageObject","inLanguage":"fr-FR","@id":"https:\/\/fitconsent.com\/fr_fr\/uet-de-microsoft-suivi-universel-devenements\/#primaryimage","url":"https:\/\/fitconsent.com\/wp-content\/uploads\/2025\/10\/15.png","contentUrl":"https:\/\/fitconsent.com\/wp-content\/uploads\/2025\/10\/15.png"},{"@type":"BreadcrumbList","@id":"https:\/\/fitconsent.com\/fr_fr\/uet-de-microsoft-suivi-universel-devenements\/#breadcrumb","itemListElement":[{"@type":"ListItem","position":1,"name":"Home","item":"https:\/\/fitconsent.com\/"},{"@type":"ListItem","position":2,"name":"Le Guide Essentiel du Mode de Consentement UET de Microsoft et Pourquoi la CMP FitConsent est Cruciale"}]},{"@type":"WebSite","@id":"https:\/\/fitconsent.com\/fr_fr\/#website","url":"https:\/\/fitconsent.com\/fr_fr\/","name":"FitConsent","description":"By DIGITLOAD","publisher":{"@id":"https:\/\/fitconsent.com\/fr_fr\/#organization"},"potentialAction":[{"@type":"SearchAction","target":{"@type":"EntryPoint","urlTemplate":"https:\/\/fitconsent.com\/fr_fr\/?s={search_term_string}"},"query-input":{"@type":"PropertyValueSpecification","valueRequired":true,"valueName":"search_term_string"}}],"inLanguage":"fr-FR"},{"@type":"Organization","@id":"https:\/\/fitconsent.com\/fr_fr\/#organization","name":"DIGITLOAD","url":"https:\/\/fitconsent.com\/fr_fr\/","logo":{"@type":"ImageObject","inLanguage":"fr-FR","@id":"https:\/\/fitconsent.com\/fr_fr\/#\/schema\/logo\/image\/","url":"https:\/\/fitconsent.com\/wp-content\/uploads\/2025\/08\/cropped-icon.png","contentUrl":"https:\/\/fitconsent.com\/wp-content\/uploads\/2025\/08\/cropped-icon.png","width":512,"height":512,"caption":"DIGITLOAD"},"image":{"@id":"https:\/\/fitconsent.com\/fr_fr\/#\/schema\/logo\/image\/"}}]}},"_links":{"self":[{"href":"https:\/\/fitconsent.com\/fr_fr\/wp-json\/wp\/v2\/pages\/2048","targetHints":{"allow":["GET"]}}],"collection":[{"href":"https:\/\/fitconsent.com\/fr_fr\/wp-json\/wp\/v2\/pages"}],"about":[{"href":"https:\/\/fitconsent.com\/fr_fr\/wp-json\/wp\/v2\/types\/page"}],"author":[{"embeddable":true,"href":"https:\/\/fitconsent.com\/fr_fr\/wp-json\/wp\/v2\/users\/5"}],"replies":[{"embeddable":true,"href":"https:\/\/fitconsent.com\/fr_fr\/wp-json\/wp\/v2\/comments?post=2048"}],"version-history":[{"count":1,"href":"https:\/\/fitconsent.com\/fr_fr\/wp-json\/wp\/v2\/pages\/2048\/revisions"}],"predecessor-version":[{"id":2049,"href":"https:\/\/fitconsent.com\/fr_fr\/wp-json\/wp\/v2\/pages\/2048\/revisions\/2049"}],"wp:attachment":[{"href":"https:\/\/fitconsent.com\/fr_fr\/wp-json\/wp\/v2\/media?parent=2048"}],"curies":[{"name":"wp","href":"https:\/\/api.w.org\/{rel}","templated":true}]}}