{"id":1973,"date":"2025-10-18T21:11:48","date_gmt":"2025-10-18T21:11:48","guid":{"rendered":"https:\/\/fitconsent.com\/?page_id=1973"},"modified":"2025-12-19T14:54:15","modified_gmt":"2025-12-19T14:54:15","slug":"google-consent-mode-v2-explique","status":"publish","type":"page","link":"https:\/\/fitconsent.com\/fr_fr\/google-consent-mode-v2-explique\/","title":{"rendered":"Google Consent Mode V2 Expliqu\u00e9 : Adapter l&rsquo;Analyse et la Publicit\u00e9 au Consentement de l&rsquo;Utilisateur"},"content":{"rendered":"\n<p>Le paysage de la publicit\u00e9 et de l&rsquo;analyse num\u00e9rique a \u00e9t\u00e9 profond\u00e9ment remodel\u00e9 par les r\u00e9glementations en mati\u00e8re de confidentialit\u00e9 comme le <a href=\"https:\/\/fitconsent.com\/fr_fr\/rgpd-reglementation-generale-sur-la-protection-des-donnees\/\">RGPD<\/a> et le <a href=\"https:\/\/fitconsent.com\/fr_fr\/ccpa-cpra-consommateurs-californiens-et-droits-a-la-vie-privee\/\">CCPA<\/a>. En r\u00e9ponse, Google a introduit le <strong>Consent Mode<\/strong>, un outil puissant con\u00e7u pour aider les propri\u00e9taires de sites Web \u00e0 ajuster le comportement de leurs balises Google (comme Google Analytics et Google Ads) en fonction des pr\u00e9f\u00e9rences de consentement des utilisateurs, y compris l&rsquo;impl\u00e9mentation du <a href=\"https:\/\/developers.google.com\/tag-platform\/security\/guides\/consent?consentmode=advanced\" target=\"_blank\" rel=\"noreferrer noopener\">Mode de Consentement Avanc\u00e9<\/a>, en maintenant la collecte de donn\u00e9es tout en respectant la confidentialit\u00e9. La mise \u00e0 jour r\u00e9cente, <strong>Google Consent Mode V2<\/strong>, apporte des fonctionnalit\u00e9s encore plus robustes et devient essentielle pour ceux qui ciblent les utilisateurs de l&rsquo;Espace \u00c9conomique Europ\u00e9en (EEE).<\/p>\n\n\n\n<figure class=\"wp-block-image aligncenter size-full\"><img loading=\"lazy\" decoding=\"async\" width=\"800\" height=\"680\" src=\"https:\/\/fitconsent.com\/wp-content\/uploads\/2025\/10\/14.png\" alt=\"Google Consent Mode V2\" class=\"wp-image-1965\" srcset=\"https:\/\/fitconsent.com\/wp-content\/uploads\/2025\/10\/14.png 800w, https:\/\/fitconsent.com\/wp-content\/uploads\/2025\/10\/14-300x255.png 300w, https:\/\/fitconsent.com\/wp-content\/uploads\/2025\/10\/14-768x653.png 768w, https:\/\/fitconsent.com\/wp-content\/uploads\/2025\/10\/14-600x510.png 600w\" sizes=\"auto, (max-width: 800px) 100vw, 800px\" \/><\/figure>\n\n\n\n<h3 class=\"wp-block-heading\">Qu&rsquo;est-ce que Google Consent Mode V2 ?<\/h3>\n\n\n\n<p>Le Google Consent Mode V2 est un m\u00e9canisme qui vous permet de communiquer les choix de consentement des utilisateurs concernant les cookies et les identifiants d&rsquo;applications \u00e0 Google. Lorsqu&rsquo;un utilisateur arrive sur votre site, ses choix de consentement (par exemple, pour les cookies d&rsquo;analyse, les cookies publicitaires) sont captur\u00e9s par une <a href=\"https:\/\/fitconsent.com\/fr_fr\/plateforme-de-gestion-du-consentement-utilisateur-cmp\/\">Plateforme de Gestion du Consentement (CMP)<\/a>. Le Google Consent Mode V2 prend ensuite ces signaux et ajuste dynamiquement la mani\u00e8re dont vos balises Google se d\u00e9clenchent et collectent des donn\u00e9es.<\/p>\n\n\n\n<p>Crucialement, m\u00eame si un utilisateur refuse le consentement pour les cookies publicitaires ou d&rsquo;analyse, le Consent Mode V2 ne bloque pas simplement toutes les donn\u00e9es. Au lieu de cela, il envoie des pings sans cookie \u00e0 Google, fournissant des <strong>donn\u00e9es agr\u00e9g\u00e9es et anonymis\u00e9es<\/strong>. Cela permet \u00e0 Google d&rsquo;utiliser l&rsquo;apprentissage automatique pour <em>mod\u00e9liser<\/em> les conversions perdues et le comportement sur le site Web, vous aidant \u00e0 maintenir une compr\u00e9hension plus compl\u00e8te des performances de vos campagnes et des parcours des utilisateurs, tout en respectant les choix en mati\u00e8re de confidentialit\u00e9.<\/p>\n\n\n\n<h4 class=\"wp-block-heading\">Param\u00e8tres Cl\u00e9s de Consentement dans la V2 :<\/h4>\n\n\n\n<p>Le Google Consent Mode V2 a introduit deux nouveaux param\u00e8tres en plus des existants :<\/p>\n\n\n\n<ul class=\"wp-block-list\">\n<li><strong><code>ad_storage<\/code><\/strong> : Contr\u00f4le le consentement pour les cookies li\u00e9s \u00e0 la publicit\u00e9 (par exemple, pour le remarketing).<\/li>\n\n\n\n<li><strong><code>analytics_storage<\/code><\/strong> : Contr\u00f4le le consentement pour les cookies li\u00e9s \u00e0 l&rsquo;analyse (par exemple, pour Google Analytics).<\/li>\n\n\n\n<li><strong><code>ad_user_data<\/code> (NOUVEAU)<\/strong> : Contr\u00f4le le consentement pour l&rsquo;envoi de donn\u00e9es utilisateur \u00e0 Google \u00e0 des fins publicitaires.<\/li>\n\n\n\n<li><strong><code>ad_personalization<\/code> (NOUVEAU)<\/strong> : Contr\u00f4le le consentement pour la publicit\u00e9 personnalis\u00e9e (par exemple, le remarketing).<\/li>\n<\/ul>\n\n\n\n<p>L&rsquo;impl\u00e9mentation correcte de ces param\u00e8tres est vitale, en particulier pour les entreprises op\u00e9rant dans l&rsquo;EEE, o\u00f9 elle devient une exigence de facto pour une utilisation efficace des services de publicit\u00e9 et d&rsquo;analyse de Google.<\/p>\n\n\n\n<h3 class=\"wp-block-heading\">Pourquoi Google Consent Mode V2 est-il Important ?<\/h3>\n\n\n\n<ol start=\"1\" class=\"wp-block-list\">\n<li><strong>Conformit\u00e9 :<\/strong> C&rsquo;est un outil essentiel pour se conformer aux r\u00e9glementations strictes en mati\u00e8re de confidentialit\u00e9 comme le <a href=\"https:\/\/fitconsent.com\/fr_fr\/rgpd-reglementation-generale-sur-la-protection-des-donnees\/\">RGPD<\/a> et la directive ePrivacy dans l&rsquo;EEE, et de plus en plus pertinent pour d&rsquo;autres cadres de confidentialit\u00e9 \u00e0 l&rsquo;\u00e9chelle mondiale.<\/li>\n\n\n\n<li><strong>Continuit\u00e9 des Donn\u00e9es :<\/strong> Il vous permet de r\u00e9cup\u00e9rer une partie des signaux de donn\u00e9es qui seraient autrement perdus en raison des refus de consentement des utilisateurs, offrant des rapports et une optimisation plus pr\u00e9cis pour vos campagnes Google Ads et vos donn\u00e9es Google Analytics.<\/li>\n\n\n\n<li><strong>Confiance Accrue des Utilisateurs :<\/strong> En respectant visiblement et fonctionnellement les choix des utilisateurs, vous renforcez la confiance de votre audience, ce qui est de plus en plus pr\u00e9cieux dans un monde soucieux de la confidentialit\u00e9.<\/li>\n\n\n\n<li><strong>Pr\u00e9paration pour l&rsquo;Avenir :<\/strong> \u00c0 mesure que les r\u00e9glementations en mati\u00e8re de confidentialit\u00e9 \u00e9voluent, le Consent Mode V2 positionne les entreprises pour s&rsquo;adapter plus facilement, en se dirigeant vers un avenir de mesure ax\u00e9 sur la confidentialit\u00e9.<\/li>\n<\/ol>\n\n\n\n<h3 class=\"wp-block-heading\">Le R\u00f4le Crucial de FitConsent CMP dans la Gestion du Google Consent Mode V2<\/h3>\n\n\n\n<p>L&rsquo;impl\u00e9mentation correcte du Google Consent Mode V2 n\u00e9cessite une <strong><a href=\"https:\/\/fitconsent.com\/fr_fr\/plateforme-de-gestion-du-consentement-utilisateur-cmp\/\">Plateforme de Gestion du Consentement (CMP)<\/a><\/strong> robuste et fiable. C&rsquo;est l\u00e0 que <a href=\"https:\/\/fitconsent.com\/fr_fr\/gestion-du-consentement-des-utilisateurs-cmp-pour-rgpd-ccpa\/?lang=fr_FR\">FitConsent<\/a> CMP devient indispensable, offrant \u00e0 la fois des fonctionnalit\u00e9s puissantes et une facilit\u00e9 d&rsquo;utilisation remarquable pour tous les sites Web, avec des avantages sp\u00e9cifiques pour les utilisateurs de WordPress.<\/p>\n\n\n\n<h4 class=\"wp-block-heading\">Pour Tous les Sites Web : Int\u00e9gration Transparente et Contr\u00f4le Complet<\/h4>\n\n\n\n<p><a href=\"https:\/\/fitconsent.com\/fr_fr\/gestion-du-consentement-des-utilisateurs-cmp-pour-rgpd-ccpa\/?lang=fr_FR\">FitConsent<\/a> CMP est con\u00e7u pour s&rsquo;int\u00e9grer de mani\u00e8re transparente au Google Consent Mode V2. Voici comment il assure une impl\u00e9mentation efficace :<\/p>\n\n\n\n<ul class=\"wp-block-list\">\n<li><strong>Capture Pr\u00e9cise du Consentement :<\/strong> La banni\u00e8re de <a href=\"https:\/\/fitconsent.com\/fr_fr\/gestion-du-consentement-des-utilisateurs-cmp-pour-rgpd-ccpa\/?lang=fr_FR\">FitConsent<\/a> recueille le consentement granulaire des utilisateurs, garantissant que toutes les bases l\u00e9gales requises (<code>ad_storage<\/code>, <code>analytics_storage<\/code>, <code>ad_user_data<\/code>, <code>ad_personalization<\/code> du <a href=\"https:\/\/fitconsent.com\/fr_fr\/rgpd-reglementation-generale-sur-la-protection-des-donnees\/\">RGPD<\/a>, etc.) sont correctement captur\u00e9es.<\/li>\n\n\n\n<li><strong>Transmission Automatique des Signaux :<\/strong> <a href=\"https:\/\/fitconsent.com\/fr_fr\/gestion-du-consentement-des-utilisateurs-cmp-pour-rgpd-ccpa\/?lang=fr_FR\">FitConsent<\/a> traduit automatiquement les choix des utilisateurs en signaux de consentement sp\u00e9cifiques requis par Google Consent Mode V2 et les envoie \u00e0 vos balises Google <em>avant<\/em> toute collecte de donn\u00e9es. Cela garantit que les balises de Google ajustent leur comportement instantan\u00e9ment et de mani\u00e8re appropri\u00e9e.<\/li>\n\n\n\n<li><strong>Interface Conviviale :<\/strong> M\u00eame face aux complexit\u00e9s techniques du Consent Mode V2, <a href=\"https:\/\/fitconsent.com\/fr_fr\/gestion-du-consentement-des-utilisateurs-cmp-pour-rgpd-ccpa\/?lang=fr_FR\">FitConsent<\/a> offre une interface intuitive pour g\u00e9rer les cat\u00e9gories de consentement et garantir la conformit\u00e9 de votre site Web.<\/li>\n\n\n\n<li><strong>Piste d&rsquo;Audit et Responsabilit\u00e9 :<\/strong> <a href=\"https:\/\/fitconsent.com\/fr_fr\/gestion-du-consentement-des-utilisateurs-cmp-pour-rgpd-ccpa\/?lang=fr_FR\">FitConsent<\/a> conserve un enregistrement complet de tous les choix de consentement des utilisateurs, fournissant la piste d&rsquo;audit essentielle requise par les r\u00e9glementations en mati\u00e8re de confidentialit\u00e9 pour d\u00e9montrer la conformit\u00e9.<\/li>\n<\/ul>\n\n\n\n<h4 class=\"wp-block-heading\">Pour les Sites Web WordPress : Compatibilit\u00e9 Puissante et Simple<\/h4>\n\n\n\n<p>Pour le vaste \u00e9cosyst\u00e8me des sites Web WordPress, FitConsent offre une solution unique, puissante et simple :<\/p>\n\n\n\n<ul class=\"wp-block-list\">\n<li><strong>Plugin WordPress D\u00e9di\u00e9 :<\/strong> <a href=\"https:\/\/fitconsent.com\/fr_fr\/gestion-du-consentement-des-utilisateurs-cmp-pour-rgpd-ccpa\/?lang=fr_FR\">FitConsent<\/a> fournit un <a href=\"https:\/\/wordpress.org\/plugins\/fitconsent-cmp\/#reviews\">plugin WordPress d\u00e9di\u00e9<\/a> qui facilite incroyablement l&rsquo;ajout de la banni\u00e8re <a href=\"https:\/\/fitconsent.com\/fr_fr\/gestion-du-consentement-des-utilisateurs-cmp-pour-rgpd-ccpa\/?lang=fr_FR\">FitConsent<\/a> \u00e0 votre site WordPress. Aucun codage n&rsquo;est requis ; le <a href=\"https:\/\/wordpress.org\/plugins\/fitconsent-cmp\/#reviews\">plugin<\/a> g\u00e8re l&rsquo;int\u00e9gration technique.<\/li>\n\n\n\n<li><strong>Compatibilit\u00e9 Automatique et Pr\u00eate \u00e0 l&rsquo;Emploi avec l&rsquo;API de Consentement WP :<\/strong> C&rsquo;est un diff\u00e9renciateur cl\u00e9. <a href=\"https:\/\/fitconsent.com\/fr_fr\/gestion-du-consentement-des-utilisateurs-cmp-pour-rgpd-ccpa\/?lang=fr_FR\">FitConsent<\/a> est construit avec une compatibilit\u00e9 automatique et pr\u00eate \u00e0 l&#8217;emploi avec l&rsquo;<strong>API de Consentement WP<\/strong>. L&rsquo;API de Consentement WP est un cadre standardis\u00e9 au sein de WordPress qui permet \u00e0 diff\u00e9rents plugins (par exemple, d&rsquo;analyse, de publicit\u00e9 ou de <a href=\"https:\/\/fitconsent.com\/fr_fr\/plateforme-de-gestion-du-consentement-utilisateur-cmp\/\">CMP<\/a>) de communiquer les statuts de consentement de mani\u00e8re uniforme.<\/li>\n\n\n\n<li><strong>Int\u00e9gration Transparente avec Google Site Kit :<\/strong> De mani\u00e8re cruciale, l&rsquo;<strong>API de Consentement WP est la norme utilis\u00e9e par Google Site Kit<\/strong>. Cela signifie que lorsque vous utilisez <a href=\"https:\/\/fitconsent.com\/fr_fr\/gestion-du-consentement-des-utilisateurs-cmp-pour-rgpd-ccpa\/?lang=fr_FR\">FitConsent<\/a> sur votre site WordPress, il communique directement et de mani\u00e8re fiable avec Google Site Kit via l&rsquo;API de Consentement WP. Cette int\u00e9gration garantit que Google Site Kit re\u00e7oit et respecte avec pr\u00e9cision les choix de consentement de l&rsquo;utilisateur, activant efficacement le Google Consent Mode V2 sans configurations manuelles complexes. Cette int\u00e9gration est vitale pour les propri\u00e9taires de sites qui comptent sur Google Site Kit pour une gestion simplifi\u00e9e de Google Analytics, Google Ads et d&rsquo;autres services Google.<\/li>\n<\/ul>\n\n\n\n<p><strong>En substance, pour les utilisateurs de WordPress, FitConsent \u00e9limine les incertitudes et les obstacles techniques li\u00e9s \u00e0 l&rsquo;impl\u00e9mentation du Google Consent Mode V2.<\/strong> Il fournit une solution robuste, conforme et facile \u00e0 g\u00e9rer qui fonctionne harmonieusement avec d&rsquo;autres outils essentiels de WordPress et Google, vous garantissant de rester conforme tout en maximisant vos insights de donn\u00e9es.<\/p>\n\n\n\n<p><strong>Conclusion :<\/strong><\/p>\n\n\n\n<p>Google Consent Mode V2 est un outil indispensable pour les entreprises visant la conformit\u00e9 en mati\u00e8re de confidentialit\u00e9 et une mesure efficace des donn\u00e9es dans le paysage num\u00e9rique actuel. Un partenariat avec une <a href=\"https:\/\/fitconsent.com\/fr_fr\/plateforme-de-gestion-du-consentement-utilisateur-cmp\/\">CMP<\/a> compl\u00e8te comme <a href=\"https:\/\/fitconsent.com\/fr_fr\/gestion-du-consentement-des-utilisateurs-cmp-pour-rgpd-ccpa\/?lang=fr_FR\">FitConsent<\/a> fournit le pont crucial entre le consentement de l&rsquo;utilisateur et les puissantes capacit\u00e9s de mesure de Google. Pour les utilisateurs de WordPress, l&rsquo;int\u00e9gration profonde de <a href=\"https:\/\/fitconsent.com\/fr_fr\/gestion-du-consentement-des-utilisateurs-cmp-pour-rgpd-ccpa\/?lang=fr_FR\">FitConsent<\/a> avec l&rsquo;API de Consentement WP et Google Site Kit en fait la solution id\u00e9ale pour une collecte de donn\u00e9es conforme et sans tracas.<\/p>\n","protected":false},"excerpt":{"rendered":"<p>Le paysage de la publicit\u00e9 et de l&rsquo;analyse num\u00e9rique a \u00e9t\u00e9 profond\u00e9ment remodel\u00e9 par les r\u00e9glementations en mati\u00e8re de confidentialit\u00e9 comme le RGPD et le CCPA. En r\u00e9ponse, Google a introduit le Consent Mode, un outil puissant con\u00e7u pour aider les propri\u00e9taires de sites Web \u00e0 ajuster le comportement de leurs balises Google (comme Google [&hellip;]<\/p>\n","protected":false},"author":5,"featured_media":0,"parent":0,"menu_order":0,"comment_status":"closed","ping_status":"closed","template":"","meta":{"_fitconsent_language":"fr_FR","_fitconsent_translation_group":"1964","footnotes":""},"class_list":["post-1973","page","type-page","status-publish","hentry"],"yoast_head":"<!-- This site is optimized with the Yoast SEO plugin v27.2 - https:\/\/yoast.com\/product\/yoast-seo-wordpress\/ -->\n<title>Google Consent Mode V2 Expliqu\u00e9<\/title>\n<meta name=\"description\" content=\"Google Consent Mode V2 Expliqu\u00e9 : Adapter l&#039;Analyse et la Publicit\u00e9 au Consentement de l&#039;Utilisateur.\" \/>\n<meta name=\"robots\" content=\"index, follow, max-snippet:-1, max-image-preview:large, max-video-preview:-1\" \/>\n<link rel=\"canonical\" href=\"https:\/\/fitconsent.com\/fr_fr\/google-consent-mode-v2-explique\/\" \/>\n<meta property=\"og:locale\" content=\"fr_FR\" \/>\n<meta property=\"og:type\" content=\"article\" \/>\n<meta property=\"og:title\" content=\"Google Consent Mode V2 Expliqu\u00e9\" \/>\n<meta property=\"og:description\" content=\"Google Consent Mode V2 Expliqu\u00e9 : Adapter l&#039;Analyse et la Publicit\u00e9 au Consentement de l&#039;Utilisateur.\" \/>\n<meta property=\"og:url\" content=\"https:\/\/fitconsent.com\/fr_fr\/google-consent-mode-v2-explique\/\" \/>\n<meta property=\"og:site_name\" content=\"FitConsent\" \/>\n<meta property=\"article:modified_time\" content=\"2025-12-19T14:54:15+00:00\" \/>\n<meta property=\"og:image\" content=\"https:\/\/fitconsent.com\/wp-content\/uploads\/2025\/10\/14.png\" \/>\n\t<meta property=\"og:image:width\" content=\"800\" \/>\n\t<meta property=\"og:image:height\" content=\"680\" \/>\n\t<meta property=\"og:image:type\" content=\"image\/png\" \/>\n<meta name=\"twitter:card\" content=\"summary_large_image\" \/>\n<meta name=\"twitter:label1\" content=\"Dur\u00e9e de lecture estim\u00e9e\" \/>\n\t<meta name=\"twitter:data1\" content=\"6 minutes\" \/>\n<script type=\"application\/ld+json\" class=\"yoast-schema-graph\">{\"@context\":\"https:\/\/schema.org\",\"@graph\":[{\"@type\":\"WebPage\",\"@id\":\"https:\/\/fitconsent.com\/fr_fr\/google-consent-mode-v2-explique\/\",\"url\":\"https:\/\/fitconsent.com\/fr_fr\/google-consent-mode-v2-explique\/\",\"name\":\"Google Consent Mode V2 Expliqu\u00e9\",\"isPartOf\":{\"@id\":\"https:\/\/fitconsent.com\/fr_fr\/#website\"},\"primaryImageOfPage\":{\"@id\":\"https:\/\/fitconsent.com\/fr_fr\/google-consent-mode-v2-explique\/#primaryimage\"},\"image\":{\"@id\":\"https:\/\/fitconsent.com\/fr_fr\/google-consent-mode-v2-explique\/#primaryimage\"},\"thumbnailUrl\":\"https:\/\/fitconsent.com\/wp-content\/uploads\/2025\/10\/14.png\",\"datePublished\":\"2025-10-18T21:11:48+00:00\",\"dateModified\":\"2025-12-19T14:54:15+00:00\",\"description\":\"Google Consent Mode V2 Expliqu\u00e9 : Adapter l'Analyse et la Publicit\u00e9 au Consentement de l'Utilisateur.\",\"breadcrumb\":{\"@id\":\"https:\/\/fitconsent.com\/fr_fr\/google-consent-mode-v2-explique\/#breadcrumb\"},\"inLanguage\":\"fr-FR\",\"potentialAction\":[{\"@type\":\"ReadAction\",\"target\":[\"https:\/\/fitconsent.com\/fr_fr\/google-consent-mode-v2-explique\/\"]}]},{\"@type\":\"ImageObject\",\"inLanguage\":\"fr-FR\",\"@id\":\"https:\/\/fitconsent.com\/fr_fr\/google-consent-mode-v2-explique\/#primaryimage\",\"url\":\"https:\/\/fitconsent.com\/wp-content\/uploads\/2025\/10\/14.png\",\"contentUrl\":\"https:\/\/fitconsent.com\/wp-content\/uploads\/2025\/10\/14.png\"},{\"@type\":\"BreadcrumbList\",\"@id\":\"https:\/\/fitconsent.com\/fr_fr\/google-consent-mode-v2-explique\/#breadcrumb\",\"itemListElement\":[{\"@type\":\"ListItem\",\"position\":1,\"name\":\"Home\",\"item\":\"https:\/\/fitconsent.com\/\"},{\"@type\":\"ListItem\",\"position\":2,\"name\":\"Google Consent Mode V2 Expliqu\u00e9 : Adapter l&#8217;Analyse et la Publicit\u00e9 au Consentement de l&#8217;Utilisateur\"}]},{\"@type\":\"WebSite\",\"@id\":\"https:\/\/fitconsent.com\/fr_fr\/#website\",\"url\":\"https:\/\/fitconsent.com\/fr_fr\/\",\"name\":\"FitConsent\",\"description\":\"By DIGITLOAD\",\"publisher\":{\"@id\":\"https:\/\/fitconsent.com\/fr_fr\/#organization\"},\"potentialAction\":[{\"@type\":\"SearchAction\",\"target\":{\"@type\":\"EntryPoint\",\"urlTemplate\":\"https:\/\/fitconsent.com\/fr_fr\/?s={search_term_string}\"},\"query-input\":{\"@type\":\"PropertyValueSpecification\",\"valueRequired\":true,\"valueName\":\"search_term_string\"}}],\"inLanguage\":\"fr-FR\"},{\"@type\":\"Organization\",\"@id\":\"https:\/\/fitconsent.com\/fr_fr\/#organization\",\"name\":\"DIGITLOAD\",\"url\":\"https:\/\/fitconsent.com\/fr_fr\/\",\"logo\":{\"@type\":\"ImageObject\",\"inLanguage\":\"fr-FR\",\"@id\":\"https:\/\/fitconsent.com\/fr_fr\/#\/schema\/logo\/image\/\",\"url\":\"https:\/\/fitconsent.com\/wp-content\/uploads\/2025\/08\/cropped-icon.png\",\"contentUrl\":\"https:\/\/fitconsent.com\/wp-content\/uploads\/2025\/08\/cropped-icon.png\",\"width\":512,\"height\":512,\"caption\":\"DIGITLOAD\"},\"image\":{\"@id\":\"https:\/\/fitconsent.com\/fr_fr\/#\/schema\/logo\/image\/\"}}]}<\/script>\n<!-- \/ Yoast SEO plugin. -->","yoast_head_json":{"title":"Google Consent Mode V2 Expliqu\u00e9","description":"Google Consent Mode V2 Expliqu\u00e9 : Adapter l'Analyse et la Publicit\u00e9 au Consentement de l'Utilisateur.","robots":{"index":"index","follow":"follow","max-snippet":"max-snippet:-1","max-image-preview":"max-image-preview:large","max-video-preview":"max-video-preview:-1"},"canonical":"https:\/\/fitconsent.com\/fr_fr\/google-consent-mode-v2-explique\/","og_locale":"fr_FR","og_type":"article","og_title":"Google Consent Mode V2 Expliqu\u00e9","og_description":"Google Consent Mode V2 Expliqu\u00e9 : Adapter l'Analyse et la Publicit\u00e9 au Consentement de l'Utilisateur.","og_url":"https:\/\/fitconsent.com\/fr_fr\/google-consent-mode-v2-explique\/","og_site_name":"FitConsent","article_modified_time":"2025-12-19T14:54:15+00:00","og_image":[{"width":800,"height":680,"url":"https:\/\/fitconsent.com\/wp-content\/uploads\/2025\/10\/14.png","type":"image\/png"}],"twitter_card":"summary_large_image","twitter_misc":{"Dur\u00e9e de lecture estim\u00e9e":"6 minutes"},"schema":{"@context":"https:\/\/schema.org","@graph":[{"@type":"WebPage","@id":"https:\/\/fitconsent.com\/fr_fr\/google-consent-mode-v2-explique\/","url":"https:\/\/fitconsent.com\/fr_fr\/google-consent-mode-v2-explique\/","name":"Google Consent Mode V2 Expliqu\u00e9","isPartOf":{"@id":"https:\/\/fitconsent.com\/fr_fr\/#website"},"primaryImageOfPage":{"@id":"https:\/\/fitconsent.com\/fr_fr\/google-consent-mode-v2-explique\/#primaryimage"},"image":{"@id":"https:\/\/fitconsent.com\/fr_fr\/google-consent-mode-v2-explique\/#primaryimage"},"thumbnailUrl":"https:\/\/fitconsent.com\/wp-content\/uploads\/2025\/10\/14.png","datePublished":"2025-10-18T21:11:48+00:00","dateModified":"2025-12-19T14:54:15+00:00","description":"Google Consent Mode V2 Expliqu\u00e9 : Adapter l'Analyse et la Publicit\u00e9 au Consentement de l'Utilisateur.","breadcrumb":{"@id":"https:\/\/fitconsent.com\/fr_fr\/google-consent-mode-v2-explique\/#breadcrumb"},"inLanguage":"fr-FR","potentialAction":[{"@type":"ReadAction","target":["https:\/\/fitconsent.com\/fr_fr\/google-consent-mode-v2-explique\/"]}]},{"@type":"ImageObject","inLanguage":"fr-FR","@id":"https:\/\/fitconsent.com\/fr_fr\/google-consent-mode-v2-explique\/#primaryimage","url":"https:\/\/fitconsent.com\/wp-content\/uploads\/2025\/10\/14.png","contentUrl":"https:\/\/fitconsent.com\/wp-content\/uploads\/2025\/10\/14.png"},{"@type":"BreadcrumbList","@id":"https:\/\/fitconsent.com\/fr_fr\/google-consent-mode-v2-explique\/#breadcrumb","itemListElement":[{"@type":"ListItem","position":1,"name":"Home","item":"https:\/\/fitconsent.com\/"},{"@type":"ListItem","position":2,"name":"Google Consent Mode V2 Expliqu\u00e9 : Adapter l&#8217;Analyse et la Publicit\u00e9 au Consentement de l&#8217;Utilisateur"}]},{"@type":"WebSite","@id":"https:\/\/fitconsent.com\/fr_fr\/#website","url":"https:\/\/fitconsent.com\/fr_fr\/","name":"FitConsent","description":"By DIGITLOAD","publisher":{"@id":"https:\/\/fitconsent.com\/fr_fr\/#organization"},"potentialAction":[{"@type":"SearchAction","target":{"@type":"EntryPoint","urlTemplate":"https:\/\/fitconsent.com\/fr_fr\/?s={search_term_string}"},"query-input":{"@type":"PropertyValueSpecification","valueRequired":true,"valueName":"search_term_string"}}],"inLanguage":"fr-FR"},{"@type":"Organization","@id":"https:\/\/fitconsent.com\/fr_fr\/#organization","name":"DIGITLOAD","url":"https:\/\/fitconsent.com\/fr_fr\/","logo":{"@type":"ImageObject","inLanguage":"fr-FR","@id":"https:\/\/fitconsent.com\/fr_fr\/#\/schema\/logo\/image\/","url":"https:\/\/fitconsent.com\/wp-content\/uploads\/2025\/08\/cropped-icon.png","contentUrl":"https:\/\/fitconsent.com\/wp-content\/uploads\/2025\/08\/cropped-icon.png","width":512,"height":512,"caption":"DIGITLOAD"},"image":{"@id":"https:\/\/fitconsent.com\/fr_fr\/#\/schema\/logo\/image\/"}}]}},"_links":{"self":[{"href":"https:\/\/fitconsent.com\/fr_fr\/wp-json\/wp\/v2\/pages\/1973","targetHints":{"allow":["GET"]}}],"collection":[{"href":"https:\/\/fitconsent.com\/fr_fr\/wp-json\/wp\/v2\/pages"}],"about":[{"href":"https:\/\/fitconsent.com\/fr_fr\/wp-json\/wp\/v2\/types\/page"}],"author":[{"embeddable":true,"href":"https:\/\/fitconsent.com\/fr_fr\/wp-json\/wp\/v2\/users\/5"}],"replies":[{"embeddable":true,"href":"https:\/\/fitconsent.com\/fr_fr\/wp-json\/wp\/v2\/comments?post=1973"}],"version-history":[{"count":2,"href":"https:\/\/fitconsent.com\/fr_fr\/wp-json\/wp\/v2\/pages\/1973\/revisions"}],"predecessor-version":[{"id":2517,"href":"https:\/\/fitconsent.com\/fr_fr\/wp-json\/wp\/v2\/pages\/1973\/revisions\/2517"}],"wp:attachment":[{"href":"https:\/\/fitconsent.com\/fr_fr\/wp-json\/wp\/v2\/media?parent=1973"}],"curies":[{"name":"wp","href":"https:\/\/api.w.org\/{rel}","templated":true}]}}