{"id":1929,"date":"2025-10-18T17:40:43","date_gmt":"2025-10-18T17:40:43","guid":{"rendered":"https:\/\/fitconsent.com\/?page_id=1929"},"modified":"2025-10-21T17:31:22","modified_gmt":"2025-10-21T17:31:22","slug":"ccpa-cpra-consommateurs-californiens-et-droits-a-la-vie-privee","status":"publish","type":"page","link":"https:\/\/fitconsent.com\/fr_fr\/ccpa-cpra-consommateurs-californiens-et-droits-a-la-vie-privee\/","title":{"rendered":"Le CCPA\/CPRA Expliqu\u00e9 : Renforcer le Pouvoir des Consommateurs Californiens en Mati\u00e8re de Droits \u00e0 la Vie Priv\u00e9e"},"content":{"rendered":"\n<p>Le <strong>California Consumer Privacy Act (CCPA)<\/strong>, entr\u00e9 en vigueur le 1er janvier 2020 et consid\u00e9rablement \u00e9tendu par le <strong>California Privacy Rights Act (CPRA)<\/strong> en 2023, est l&rsquo;une des lois sur la protection de la vie priv\u00e9e les plus compl\u00e8tes au niveau des \u00c9tats-Unis. Tandis que le <a href=\"https:\/\/fitconsent.com\/fr_fr\/rgpd-reglementation-generale-sur-la-protection-des-donnees\/\">RGPD<\/a> se concentre sur les r\u00e9sidents europ\u00e9ens, le CCPA\/CPRA donne aux consommateurs californiens des droits \u00e9tendus sur leurs informations personnelles et impose des obligations strictes aux entreprises qui les collectent et les traitent.<\/p>\n\n\n\n<figure class=\"wp-block-image aligncenter size-full\"><img loading=\"lazy\" decoding=\"async\" width=\"800\" height=\"710\" src=\"https:\/\/fitconsent.com\/wp-content\/uploads\/2025\/10\/13.png\" alt=\"California Consumer Privacy Act CCPA, California Privacy Rights Act CPRA\" class=\"wp-image-1922\" srcset=\"https:\/\/fitconsent.com\/wp-content\/uploads\/2025\/10\/13.png 800w, https:\/\/fitconsent.com\/wp-content\/uploads\/2025\/10\/13-300x266.png 300w, https:\/\/fitconsent.com\/wp-content\/uploads\/2025\/10\/13-768x682.png 768w, https:\/\/fitconsent.com\/wp-content\/uploads\/2025\/10\/13-600x533.png 600w\" sizes=\"auto, (max-width: 800px) 100vw, 800px\" \/><\/figure>\n\n\n\n<h3 class=\"wp-block-heading\">Qu&rsquo;est-ce que le CCPA\/CPRA ?<\/h3>\n\n\n\n<p>Le CCPA (et son successeur, le CPRA) est une loi pionni\u00e8re sur la protection de la vie priv\u00e9e qui accorde aux r\u00e9sidents de Californie (consommateurs) de nouveaux droits concernant leurs informations personnelles. Contrairement au <a href=\"https:\/\/fitconsent.com\/fr_fr\/rgpd-reglementation-generale-sur-la-protection-des-donnees\/\">RGPD<\/a>, qui se concentre sur la base l\u00e9gale du traitement, le CCPA\/CPRA est davantage ax\u00e9 sur le contr\u00f4le et la transparence pour le consommateur concernant la mani\u00e8re dont les entreprises <em>g\u00e8rent<\/em> leurs donn\u00e9es.<\/p>\n\n\n\n<p>Il s&rsquo;applique g\u00e9n\u00e9ralement aux entreprises \u00e0 but lucratif qui collectent des informations personnelles aupr\u00e8s de r\u00e9sidents californiens et qui remplissent un ou plusieurs des seuils suivants :<\/p>\n\n\n\n<ul class=\"wp-block-list\">\n<li>A des revenus bruts annuels sup\u00e9rieurs \u00e0 25 millions de dollars.<\/li>\n\n\n\n<li>Ach\u00e8te, re\u00e7oit ou vend les informations personnelles de 100 000 consommateurs ou foyers californiens ou plus.<\/li>\n\n\n\n<li>Tire 50 % ou plus de ses revenus annuels de la vente ou du partage des informations personnelles de consommateurs californiens.<\/li>\n<\/ul>\n\n\n\n<p>Les \u00ab\u00a0informations personnelles\u00a0\u00bb selon le CCPA\/CPRA sont d\u00e9finies de mani\u00e8re tr\u00e8s large, incluant tout ce qui identifie, se rapporte \u00e0, d\u00e9crit, est raisonnablement susceptible d&rsquo;\u00eatre associ\u00e9 \u00e0, ou pourrait \u00eatre raisonnablement li\u00e9, directement ou indirectement, \u00e0 un consommateur ou un foyer particulier.<\/p>\n\n\n\n<h3 class=\"wp-block-heading\">Droits Cl\u00e9s des Consommateurs en vertu du CCPA\/CPRA<\/h3>\n\n\n\n<p>Le CCPA\/CPRA accorde aux consommateurs californiens plusieurs droits puissants :<\/p>\n\n\n\n<ol start=\"1\" class=\"wp-block-list\">\n<li><strong>Droit de Savoir :<\/strong> Les consommateurs ont le droit de demander \u00e0 une entreprise de divulguer les cat\u00e9gories et les \u00e9l\u00e9ments sp\u00e9cifiques d&rsquo;informations personnelles qu&rsquo;elle a collect\u00e9es, les cat\u00e9gories de sources \u00e0 partir desquelles les informations personnelles sont collect\u00e9es, les finalit\u00e9s de la collecte ou de la vente d&rsquo;informations personnelles, et les cat\u00e9gories de tiers avec lesquels l&rsquo;entreprise partage des informations personnelles.<\/li>\n\n\n\n<li><strong>Droit de Suppression :<\/strong> Les consommateurs ont le droit de demander la suppression des informations personnelles collect\u00e9es par l&rsquo;entreprise.<\/li>\n\n\n\n<li><strong>Droit de Refuser la Vente\/le Partage (Opt-Out) :<\/strong> C&rsquo;est un pilier du CCPA\/CPRA. Les consommateurs ont le droit d&rsquo;ordonner \u00e0 une entreprise qui vend ou \u00ab\u00a0partage\u00a0\u00bb (pour la publicit\u00e9 comportementale inter-contextuelle) des informations personnelles \u00e0 des tiers de ne pas vendre ou partager leurs informations personnelles. Les entreprises doivent fournir un lien clair \u00ab\u00a0Ne pas vendre ni partager mes informations personnelles\u00a0\u00bb sur leur page d&rsquo;accueil.<\/li>\n\n\n\n<li><strong>Droit de Rectification :<\/strong> Les consommateurs peuvent demander aux entreprises de corriger les informations personnelles inexactes.<\/li>\n\n\n\n<li><strong>Droit de Limiter l&rsquo;Utilisation et la Divulgation des Informations Personnelles Sensibles :<\/strong> Les consommateurs peuvent ordonner aux entreprises de limiter l&rsquo;utilisation et la divulgation de leurs \u00ab\u00a0informations personnelles sensibles\u00a0\u00bb (par exemple, g\u00e9olocalisation pr\u00e9cise, origine raciale ou ethnique, donn\u00e9es de sant\u00e9) \u00e0 ce qui est n\u00e9cessaire pour ex\u00e9cuter les services ou fournir les biens demand\u00e9s.<\/li>\n\n\n\n<li><strong>Droit \u00e0 la Non-R\u00e9taliation :<\/strong> Les entreprises ne peuvent pas exercer de discrimination \u00e0 l&rsquo;encontre d&rsquo;un consommateur pour avoir exerc\u00e9 ses droits CCPA\/CPRA.<\/li>\n<\/ol>\n\n\n\n<h3 class=\"wp-block-heading\">Implications pour les Entreprises<\/h3>\n\n\n\n<p>La conformit\u00e9 au CCPA\/CPRA exige un changement significatif dans les pratiques de traitement des donn\u00e9es pour de nombreuses entreprises. Les exigences cl\u00e9s incluent :<\/p>\n\n\n\n<ul class=\"wp-block-list\">\n<li>Fournir des <strong>avis de confidentialit\u00e9<\/strong> clairs et visibles d\u00e9taillant la collecte et le traitement des donn\u00e9es.<\/li>\n\n\n\n<li>Mettre en \u0153uvre des m\u00e9canismes permettant aux consommateurs de soumettre des <strong>demandes d&rsquo;acc\u00e8s des personnes concern\u00e9es (DSAR)<\/strong> pour exercer leurs droits.<\/li>\n\n\n\n<li>Reconna\u00eetre et respecter les signaux de contr\u00f4le global de la vie priv\u00e9e, comme le signal de navigateur <strong>Global Privacy Control (GPC)<\/strong>.<\/li>\n\n\n\n<li>S&rsquo;assurer que les prestataires de services tiers et les sous-traitants respectent \u00e9galement les r\u00e8gles du CCPA\/CPRA lors du traitement des donn\u00e9es des consommateurs pour le compte de l&rsquo;entreprise.<\/li>\n<\/ul>\n\n\n\n<p>Le non-respect peut entra\u00eener des p\u00e9nalit\u00e9s importantes, y compris des dommages et int\u00e9r\u00eats l\u00e9gaux de <strong>100 $\u00e0 750$ par consommateur par incident<\/strong> pour les violations intentionnelles ou pour le non-r\u00e9tablissement des violations apr\u00e8s notification, ainsi que des dommages r\u00e9els pour les consommateurs. L&rsquo;application est assur\u00e9e par la California Privacy Protection Agency (CPPA) et le procureur g\u00e9n\u00e9ral de Californie.<\/p>\n\n\n\n<hr class=\"wp-block-separator has-alpha-channel-opacity\"\/>\n\n\n\n<h3 class=\"wp-block-heading\">Le R\u00f4le Crucial des Outils de Consentement et d&rsquo;Opposition dans la Conformit\u00e9 Moderne au CCPA\/CPRA<\/h3>\n\n\n\n<p>Naviguer dans la conformit\u00e9 au CCPA\/CPRA, en particulier tout en maintenant un marketing num\u00e9rique et une analyse efficaces, n\u00e9cessite l&rsquo;int\u00e9gration transparente d&rsquo;outils sp\u00e9cialis\u00e9s : une <a href=\"https:\/\/fitconsent.com\/fr_fr\/plateforme-de-gestion-du-consentement-utilisateur-cmp\/?lang=fr_FR\">Plateforme de Gestion du Consentement (CMP)<\/a> robuste et la conformit\u00e9 avec les signaux des principales plateformes publicitaires.<\/p>\n\n\n\n<h4 class=\"wp-block-heading\">1. La Plateforme de Gestion du Consentement (CMP) &#8211; ex. FitConsent<\/h4>\n\n\n\n<p>Une <a href=\"https:\/\/fitconsent.com\/fr_fr\/plateforme-de-gestion-du-consentement-utilisateur-cmp\/?lang=fr_FR\">CMP<\/a> comme <a href=\"http:\/\/fitconsent.com\">FitConsent<\/a> est essentielle pour mettre en \u0153uvre les droits des consommateurs mandat\u00e9s par le CCPA\/CPRA. Ses fonctions principales comprennent :<\/p>\n\n\n\n<ul class=\"wp-block-list\">\n<li><strong>Faciliter les Opt-Outs (Droits d&rsquo;Opposition) :<\/strong> Une <a href=\"https:\/\/fitconsent.com\/fr_fr\/plateforme-de-gestion-du-consentement-utilisateur-cmp\/?lang=fr_FR\">CMP<\/a> aide les entreprises \u00e0 afficher le lien obligatoire \u00ab\u00a0Ne pas vendre ni partager mes informations personnelles\u00a0\u00bb et g\u00e8re les m\u00e9canismes sous-jacents pour honorer ces demandes, garantissant que les donn\u00e9es ne sont pas vendues ou partag\u00e9es apr\u00e8s un opt-out.<\/li>\n\n\n\n<li><strong>Gestion des Pr\u00e9f\u00e9rences Utilisateur :<\/strong> Au-del\u00e0 des simples opt-outs, une <a href=\"https:\/\/fitconsent.com\/fr_fr\/plateforme-de-gestion-du-consentement-utilisateur-cmp\/?lang=fr_FR\">CMP<\/a> permet un contr\u00f4le plus granulaire, en particulier pour limiter l&rsquo;utilisation d&rsquo;informations personnelles sensibles, en s&rsquo;alignant sur les exigences \u00e9largies du CPRA.<\/li>\n\n\n\n<li><strong>R\u00e9ponse aux DSAR (Demandes d&rsquo;Acc\u00e8s des Personnes Concern\u00e9es) :<\/strong> Bien qu&rsquo;elle n&rsquo;ex\u00e9cute pas directement la suppression, une <a href=\"https:\/\/fitconsent.com\/fr_fr\/plateforme-de-gestion-du-consentement-utilisateur-cmp\/?lang=fr_FR\">CMP<\/a> peut simplifier le processus de r\u00e9ception et de gestion des Demandes d&rsquo;Acc\u00e8s des Personnes Concern\u00e9es (DSAR), fournissant les pistes d&rsquo;audit n\u00e9cessaires et aidant les entreprises \u00e0 localiser les donn\u00e9es pertinentes pour les demandes de suppression ou d&rsquo;acc\u00e8s.<\/li>\n\n\n\n<li><strong>Respect des Signaux GPC :<\/strong> Les <a href=\"https:\/\/fitconsent.com\/fr_fr\/plateforme-de-gestion-du-consentement-utilisateur-cmp\/?lang=fr_FR\">CMP<\/a> modernes sont con\u00e7ues pour d\u00e9tecter et honorer automatiquement les signaux de Contr\u00f4le Global de la Vie Priv\u00e9e (GPC) envoy\u00e9s par les navigateurs des utilisateurs, que le CCPA\/CPRA mandate comme une demande d&rsquo;opt-out valide.<\/li>\n<\/ul>\n\n\n\n<h4 class=\"wp-block-heading\">2. Google Consent Mode V2<\/h4>\n\n\n\n<p>Bien que le CCPA\/CPRA soit principalement un r\u00e9gime d&rsquo;\u00ab opt-out \u00bb plut\u00f4t que d&rsquo;\u00ab opt-in \u00bb pour de nombreuses utilisations de donn\u00e9es (contrairement \u00e0 l&rsquo;accent fort du <a href=\"https:\/\/fitconsent.com\/fr_fr\/rgpd-reglementation-generale-sur-la-protection-des-donnees\/\">RGPD<\/a> sur le consentement), le <a href=\"https:\/\/fitconsent.com\/fr_fr\/google-consent-mode-v2-explique\/\">Google Consent Mode V2<\/a> joue toujours un r\u00f4le crucial pour les entreprises op\u00e9rant \u00e0 l&rsquo;\u00e9chelle mondiale ou celles ayant des besoins de conformit\u00e9 mixtes :<\/p>\n\n\n\n<ul class=\"wp-block-list\">\n<li><strong>Cadre de Conformit\u00e9 Global :<\/strong> Pour les entreprises servant \u00e0 la fois des r\u00e9sidents californiens et europ\u00e9ens, une <a href=\"https:\/\/fitconsent.com\/fr_fr\/plateforme-de-gestion-du-consentement-utilisateur-cmp\/?lang=fr_FR\">CMP<\/a> int\u00e9gr\u00e9e au <a href=\"https:\/\/fitconsent.com\/fr_fr\/google-consent-mode-v2-explique\/\">Google Consent Mode V2<\/a> offre une approche unifi\u00e9e. M\u00eame dans un contexte d&rsquo;opt-out, elle peut aider \u00e0 g\u00e9rer les signaux vers les services Google, garantissant que les balises d&rsquo;analyse et de publicit\u00e9 se comportent de mani\u00e8re appropri\u00e9e en fonction des pr\u00e9f\u00e9rences de l&rsquo;utilisateur (qu&rsquo;il s&rsquo;agisse d&rsquo;\u00ab opt-in \u00bb pour le <a href=\"https:\/\/fitconsent.com\/fr_fr\/rgpd-reglementation-generale-sur-la-protection-des-donnees\/\">RGPD<\/a> ou d&rsquo;\u00ab opt-out \u00bb pour le CCPA).<\/li>\n\n\n\n<li><strong>Adaptation du Comportement des Balises :<\/strong> Le <a href=\"https:\/\/fitconsent.com\/fr_fr\/google-consent-mode-v2-explique\/\">Google Consent Mode V2<\/a> peut toujours modifier le comportement des balises Google en fonction des choix explicites ou des signaux d&rsquo;opt-out implicites re\u00e7us, limitant la collecte de donn\u00e9es \u00e0 des fins publicitaires si n\u00e9cessaire, soutenant ainsi les objectifs du CCPA\/CPRA le cas \u00e9ch\u00e9ant.<\/li>\n<\/ul>\n\n\n\n<h4 class=\"wp-block-heading\">3. Microsoft UET Consent Mode<\/h4>\n\n\n\n<p>De m\u00eame, pour les entreprises utilisant Microsoft Advertising (Bing Ads) et servant des r\u00e9sidents californiens :<\/p>\n\n\n\n<ul class=\"wp-block-list\">\n<li><strong>Respect des Opt-Outs :<\/strong> <a href=\"https:\/\/fitconsent.com\/fr_fr\/uet-de-microsoft-suivi-universel-devenements\/\">Le Microsoft UET Consent Mode<\/a> permet \u00e0 la balise Universal Event Tracking (UET) d&rsquo;adapter ses pratiques de collecte de donn\u00e9es en fonction des pr\u00e9f\u00e9rences de l&rsquo;utilisateur ou des signaux d&rsquo;opt-out. Cela garantit que les informations personnelles ne sont pas \u00ab vendues \u00bb ou \u00ab partag\u00e9es \u00bb via la balise UET d&rsquo;une mani\u00e8re qui violerait le CCPA\/CPRA si un consommateur a exerc\u00e9 son droit d&rsquo;opt-out.<\/li>\n\n\n\n<li><strong>Maintien d&rsquo;une Fonctionnalit\u00e9 Limit\u00e9e :<\/strong> En ajustant le comportement des balises, le UET Consent Mode permet de poursuivre le suivi de base des conversions et la mesure des performances publicitaires de mani\u00e8re respectueuse de la vie priv\u00e9e, m\u00eame lorsque le suivi complet n&rsquo;est pas autoris\u00e9 en raison des choix du consommateur.<\/li>\n<\/ul>\n\n\n\n<p><strong>Conclusion sur les Outils :<\/strong><\/p>\n\n\n\n<p>Pour les entreprises op\u00e9rant sous l&rsquo;ombre du CCPA\/CPRA, l&rsquo;int\u00e9gration d&rsquo;une <a href=\"https:\/\/fitconsent.com\/fr_fr\/plateforme-de-gestion-du-consentement-utilisateur-cmp\/?lang=fr_FR\">CMP<\/a> sp\u00e9cialis\u00e9e comme <a href=\"http:\/\/fitconsent.com\">FitConsent<\/a> avec la signalisation flexible fournie par <a href=\"https:\/\/fitconsent.com\/fr_fr\/google-consent-mode-v2-explique\/\">Google Consent Mode V2<\/a> et <a href=\"https:\/\/fitconsent.com\/fr_fr\/uet-de-microsoft-suivi-universel-devenements\/\">Microsoft UET Consent Mode<\/a> est vitale. Ces outils garantissent non seulement la conformit\u00e9 l\u00e9gale avec les droits des consommateurs, mais permettent \u00e9galement la poursuite des activit\u00e9s essentielles de marketing et d&rsquo;analyse d&rsquo;une mani\u00e8re respectueuse de la vie priv\u00e9e et inform\u00e9e par les donn\u00e9es.<\/p>\n","protected":false},"excerpt":{"rendered":"<p>Le California Consumer Privacy Act (CCPA), entr\u00e9 en vigueur le 1er janvier 2020 et consid\u00e9rablement \u00e9tendu par le California Privacy Rights Act (CPRA) en 2023, est l&rsquo;une des lois sur la protection de la vie priv\u00e9e les plus compl\u00e8tes au niveau des \u00c9tats-Unis. Tandis que le RGPD se concentre sur les r\u00e9sidents europ\u00e9ens, le CCPA\/CPRA [&hellip;]<\/p>\n","protected":false},"author":5,"featured_media":0,"parent":0,"menu_order":0,"comment_status":"closed","ping_status":"closed","template":"","meta":{"_fitconsent_language":"fr_FR","_fitconsent_translation_group":"1921","footnotes":""},"class_list":["post-1929","page","type-page","status-publish","hentry"],"yoast_head":"<!-- This site is optimized with the Yoast SEO plugin v27.2 - https:\/\/yoast.com\/product\/yoast-seo-wordpress\/ -->\n<title>CCPA\/CPRA Consommateurs Californiens et Droits \u00e0 la Vie Priv\u00e9e<\/title>\n<meta name=\"description\" content=\"Le CCPA\/CPRA Expliqu\u00e9 : Renforcer le Pouvoir des Consommateurs Californiens en Mati\u00e8re de Droits \u00e0 la Vie Priv\u00e9e\" \/>\n<meta name=\"robots\" content=\"index, follow, max-snippet:-1, max-image-preview:large, max-video-preview:-1\" \/>\n<link rel=\"canonical\" href=\"https:\/\/fitconsent.com\/fr_fr\/ccpa-cpra-consommateurs-californiens-et-droits-a-la-vie-privee\/\" \/>\n<meta property=\"og:locale\" content=\"fr_FR\" \/>\n<meta property=\"og:type\" content=\"article\" \/>\n<meta property=\"og:title\" content=\"CCPA\/CPRA Consommateurs Californiens et Droits \u00e0 la Vie Priv\u00e9e\" \/>\n<meta property=\"og:description\" content=\"Le CCPA\/CPRA Expliqu\u00e9 : Renforcer le Pouvoir des Consommateurs Californiens en Mati\u00e8re de Droits \u00e0 la Vie Priv\u00e9e\" \/>\n<meta property=\"og:url\" content=\"https:\/\/fitconsent.com\/fr_fr\/ccpa-cpra-consommateurs-californiens-et-droits-a-la-vie-privee\/\" \/>\n<meta property=\"og:site_name\" content=\"FitConsent\" \/>\n<meta property=\"article:modified_time\" content=\"2025-10-21T17:31:22+00:00\" \/>\n<meta property=\"og:image\" content=\"https:\/\/fitconsent.com\/wp-content\/uploads\/2025\/10\/13.png\" \/>\n<meta name=\"twitter:card\" content=\"summary_large_image\" \/>\n<meta name=\"twitter:label1\" content=\"Dur\u00e9e de lecture estim\u00e9e\" \/>\n\t<meta name=\"twitter:data1\" content=\"7 minutes\" \/>\n<script type=\"application\/ld+json\" class=\"yoast-schema-graph\">{\"@context\":\"https:\/\/schema.org\",\"@graph\":[{\"@type\":\"WebPage\",\"@id\":\"https:\/\/fitconsent.com\/fr_fr\/ccpa-cpra-consommateurs-californiens-et-droits-a-la-vie-privee\/\",\"url\":\"https:\/\/fitconsent.com\/fr_fr\/ccpa-cpra-consommateurs-californiens-et-droits-a-la-vie-privee\/\",\"name\":\"CCPA\/CPRA Consommateurs Californiens et Droits \u00e0 la Vie Priv\u00e9e\",\"isPartOf\":{\"@id\":\"https:\/\/fitconsent.com\/fr_fr\/#website\"},\"primaryImageOfPage\":{\"@id\":\"https:\/\/fitconsent.com\/fr_fr\/ccpa-cpra-consommateurs-californiens-et-droits-a-la-vie-privee\/#primaryimage\"},\"image\":{\"@id\":\"https:\/\/fitconsent.com\/fr_fr\/ccpa-cpra-consommateurs-californiens-et-droits-a-la-vie-privee\/#primaryimage\"},\"thumbnailUrl\":\"https:\/\/fitconsent.com\/wp-content\/uploads\/2025\/10\/13.png\",\"datePublished\":\"2025-10-18T17:40:43+00:00\",\"dateModified\":\"2025-10-21T17:31:22+00:00\",\"description\":\"Le CCPA\/CPRA Expliqu\u00e9 : Renforcer le Pouvoir des Consommateurs Californiens en Mati\u00e8re de Droits \u00e0 la Vie Priv\u00e9e\",\"breadcrumb\":{\"@id\":\"https:\/\/fitconsent.com\/fr_fr\/ccpa-cpra-consommateurs-californiens-et-droits-a-la-vie-privee\/#breadcrumb\"},\"inLanguage\":\"fr-FR\",\"potentialAction\":[{\"@type\":\"ReadAction\",\"target\":[\"https:\/\/fitconsent.com\/fr_fr\/ccpa-cpra-consommateurs-californiens-et-droits-a-la-vie-privee\/\"]}]},{\"@type\":\"ImageObject\",\"inLanguage\":\"fr-FR\",\"@id\":\"https:\/\/fitconsent.com\/fr_fr\/ccpa-cpra-consommateurs-californiens-et-droits-a-la-vie-privee\/#primaryimage\",\"url\":\"https:\/\/fitconsent.com\/wp-content\/uploads\/2025\/10\/13.png\",\"contentUrl\":\"https:\/\/fitconsent.com\/wp-content\/uploads\/2025\/10\/13.png\"},{\"@type\":\"BreadcrumbList\",\"@id\":\"https:\/\/fitconsent.com\/fr_fr\/ccpa-cpra-consommateurs-californiens-et-droits-a-la-vie-privee\/#breadcrumb\",\"itemListElement\":[{\"@type\":\"ListItem\",\"position\":1,\"name\":\"Home\",\"item\":\"https:\/\/fitconsent.com\/\"},{\"@type\":\"ListItem\",\"position\":2,\"name\":\"Le CCPA\/CPRA Expliqu\u00e9 : Renforcer le Pouvoir des Consommateurs Californiens en Mati\u00e8re de Droits \u00e0 la Vie Priv\u00e9e\"}]},{\"@type\":\"WebSite\",\"@id\":\"https:\/\/fitconsent.com\/fr_fr\/#website\",\"url\":\"https:\/\/fitconsent.com\/fr_fr\/\",\"name\":\"FitConsent\",\"description\":\"By DIGITLOAD\",\"publisher\":{\"@id\":\"https:\/\/fitconsent.com\/fr_fr\/#organization\"},\"potentialAction\":[{\"@type\":\"SearchAction\",\"target\":{\"@type\":\"EntryPoint\",\"urlTemplate\":\"https:\/\/fitconsent.com\/fr_fr\/?s={search_term_string}\"},\"query-input\":{\"@type\":\"PropertyValueSpecification\",\"valueRequired\":true,\"valueName\":\"search_term_string\"}}],\"inLanguage\":\"fr-FR\"},{\"@type\":\"Organization\",\"@id\":\"https:\/\/fitconsent.com\/fr_fr\/#organization\",\"name\":\"DIGITLOAD\",\"url\":\"https:\/\/fitconsent.com\/fr_fr\/\",\"logo\":{\"@type\":\"ImageObject\",\"inLanguage\":\"fr-FR\",\"@id\":\"https:\/\/fitconsent.com\/fr_fr\/#\/schema\/logo\/image\/\",\"url\":\"https:\/\/fitconsent.com\/wp-content\/uploads\/2025\/08\/cropped-icon.png\",\"contentUrl\":\"https:\/\/fitconsent.com\/wp-content\/uploads\/2025\/08\/cropped-icon.png\",\"width\":512,\"height\":512,\"caption\":\"DIGITLOAD\"},\"image\":{\"@id\":\"https:\/\/fitconsent.com\/fr_fr\/#\/schema\/logo\/image\/\"}}]}<\/script>\n<!-- \/ Yoast SEO plugin. -->","yoast_head_json":{"title":"CCPA\/CPRA Consommateurs Californiens et Droits \u00e0 la Vie Priv\u00e9e","description":"Le CCPA\/CPRA Expliqu\u00e9 : Renforcer le Pouvoir des Consommateurs Californiens en Mati\u00e8re de Droits \u00e0 la Vie Priv\u00e9e","robots":{"index":"index","follow":"follow","max-snippet":"max-snippet:-1","max-image-preview":"max-image-preview:large","max-video-preview":"max-video-preview:-1"},"canonical":"https:\/\/fitconsent.com\/fr_fr\/ccpa-cpra-consommateurs-californiens-et-droits-a-la-vie-privee\/","og_locale":"fr_FR","og_type":"article","og_title":"CCPA\/CPRA Consommateurs Californiens et Droits \u00e0 la Vie Priv\u00e9e","og_description":"Le CCPA\/CPRA Expliqu\u00e9 : Renforcer le Pouvoir des Consommateurs Californiens en Mati\u00e8re de Droits \u00e0 la Vie Priv\u00e9e","og_url":"https:\/\/fitconsent.com\/fr_fr\/ccpa-cpra-consommateurs-californiens-et-droits-a-la-vie-privee\/","og_site_name":"FitConsent","article_modified_time":"2025-10-21T17:31:22+00:00","og_image":[{"url":"https:\/\/fitconsent.com\/wp-content\/uploads\/2025\/10\/13.png","type":"","width":"","height":""}],"twitter_card":"summary_large_image","twitter_misc":{"Dur\u00e9e de lecture estim\u00e9e":"7 minutes"},"schema":{"@context":"https:\/\/schema.org","@graph":[{"@type":"WebPage","@id":"https:\/\/fitconsent.com\/fr_fr\/ccpa-cpra-consommateurs-californiens-et-droits-a-la-vie-privee\/","url":"https:\/\/fitconsent.com\/fr_fr\/ccpa-cpra-consommateurs-californiens-et-droits-a-la-vie-privee\/","name":"CCPA\/CPRA Consommateurs Californiens et Droits \u00e0 la Vie Priv\u00e9e","isPartOf":{"@id":"https:\/\/fitconsent.com\/fr_fr\/#website"},"primaryImageOfPage":{"@id":"https:\/\/fitconsent.com\/fr_fr\/ccpa-cpra-consommateurs-californiens-et-droits-a-la-vie-privee\/#primaryimage"},"image":{"@id":"https:\/\/fitconsent.com\/fr_fr\/ccpa-cpra-consommateurs-californiens-et-droits-a-la-vie-privee\/#primaryimage"},"thumbnailUrl":"https:\/\/fitconsent.com\/wp-content\/uploads\/2025\/10\/13.png","datePublished":"2025-10-18T17:40:43+00:00","dateModified":"2025-10-21T17:31:22+00:00","description":"Le CCPA\/CPRA Expliqu\u00e9 : Renforcer le Pouvoir des Consommateurs Californiens en Mati\u00e8re de Droits \u00e0 la Vie Priv\u00e9e","breadcrumb":{"@id":"https:\/\/fitconsent.com\/fr_fr\/ccpa-cpra-consommateurs-californiens-et-droits-a-la-vie-privee\/#breadcrumb"},"inLanguage":"fr-FR","potentialAction":[{"@type":"ReadAction","target":["https:\/\/fitconsent.com\/fr_fr\/ccpa-cpra-consommateurs-californiens-et-droits-a-la-vie-privee\/"]}]},{"@type":"ImageObject","inLanguage":"fr-FR","@id":"https:\/\/fitconsent.com\/fr_fr\/ccpa-cpra-consommateurs-californiens-et-droits-a-la-vie-privee\/#primaryimage","url":"https:\/\/fitconsent.com\/wp-content\/uploads\/2025\/10\/13.png","contentUrl":"https:\/\/fitconsent.com\/wp-content\/uploads\/2025\/10\/13.png"},{"@type":"BreadcrumbList","@id":"https:\/\/fitconsent.com\/fr_fr\/ccpa-cpra-consommateurs-californiens-et-droits-a-la-vie-privee\/#breadcrumb","itemListElement":[{"@type":"ListItem","position":1,"name":"Home","item":"https:\/\/fitconsent.com\/"},{"@type":"ListItem","position":2,"name":"Le CCPA\/CPRA Expliqu\u00e9 : Renforcer le Pouvoir des Consommateurs Californiens en Mati\u00e8re de Droits \u00e0 la Vie Priv\u00e9e"}]},{"@type":"WebSite","@id":"https:\/\/fitconsent.com\/fr_fr\/#website","url":"https:\/\/fitconsent.com\/fr_fr\/","name":"FitConsent","description":"By DIGITLOAD","publisher":{"@id":"https:\/\/fitconsent.com\/fr_fr\/#organization"},"potentialAction":[{"@type":"SearchAction","target":{"@type":"EntryPoint","urlTemplate":"https:\/\/fitconsent.com\/fr_fr\/?s={search_term_string}"},"query-input":{"@type":"PropertyValueSpecification","valueRequired":true,"valueName":"search_term_string"}}],"inLanguage":"fr-FR"},{"@type":"Organization","@id":"https:\/\/fitconsent.com\/fr_fr\/#organization","name":"DIGITLOAD","url":"https:\/\/fitconsent.com\/fr_fr\/","logo":{"@type":"ImageObject","inLanguage":"fr-FR","@id":"https:\/\/fitconsent.com\/fr_fr\/#\/schema\/logo\/image\/","url":"https:\/\/fitconsent.com\/wp-content\/uploads\/2025\/08\/cropped-icon.png","contentUrl":"https:\/\/fitconsent.com\/wp-content\/uploads\/2025\/08\/cropped-icon.png","width":512,"height":512,"caption":"DIGITLOAD"},"image":{"@id":"https:\/\/fitconsent.com\/fr_fr\/#\/schema\/logo\/image\/"}}]}},"_links":{"self":[{"href":"https:\/\/fitconsent.com\/fr_fr\/wp-json\/wp\/v2\/pages\/1929","targetHints":{"allow":["GET"]}}],"collection":[{"href":"https:\/\/fitconsent.com\/fr_fr\/wp-json\/wp\/v2\/pages"}],"about":[{"href":"https:\/\/fitconsent.com\/fr_fr\/wp-json\/wp\/v2\/types\/page"}],"author":[{"embeddable":true,"href":"https:\/\/fitconsent.com\/fr_fr\/wp-json\/wp\/v2\/users\/5"}],"replies":[{"embeddable":true,"href":"https:\/\/fitconsent.com\/fr_fr\/wp-json\/wp\/v2\/comments?post=1929"}],"version-history":[{"count":3,"href":"https:\/\/fitconsent.com\/fr_fr\/wp-json\/wp\/v2\/pages\/1929\/revisions"}],"predecessor-version":[{"id":2054,"href":"https:\/\/fitconsent.com\/fr_fr\/wp-json\/wp\/v2\/pages\/1929\/revisions\/2054"}],"wp:attachment":[{"href":"https:\/\/fitconsent.com\/fr_fr\/wp-json\/wp\/v2\/media?parent=1929"}],"curies":[{"name":"wp","href":"https:\/\/api.w.org\/{rel}","templated":true}]}}