{"id":1890,"date":"2025-10-17T21:05:23","date_gmt":"2025-10-17T21:05:23","guid":{"rendered":"https:\/\/fitconsent.com\/?page_id=1890"},"modified":"2025-10-21T17:33:09","modified_gmt":"2025-10-21T17:33:09","slug":"rgpd-reglementation-generale-sur-la-protection-des-donnees","status":"publish","type":"page","link":"https:\/\/fitconsent.com\/fr_fr\/rgpd-reglementation-generale-sur-la-protection-des-donnees\/","title":{"rendered":"La R\u00e9glementation G\u00e9n\u00e9rale sur la Protection des Donn\u00e9es (RGPD) Expliqu\u00e9e"},"content":{"rendered":"\n<p>La <strong>R\u00e9glementation G\u00e9n\u00e9rale sur la Protection des Donn\u00e9es (RGPD)<\/strong>, entr\u00e9e en vigueur en mai 2018, est la l\u00e9gislation de l&rsquo;Union Europ\u00e9enne la plus stricte et la plus compl\u00e8te au monde en mati\u00e8re de protection des donn\u00e9es. Son objectif fondamental est de redonner aux citoyens de l&rsquo;UE et de l&rsquo;EEE (Espace \u00c9conomique Europ\u00e9en) le contr\u00f4le de leurs donn\u00e9es personnelles et d&rsquo;unifier le paysage r\u00e9glementaire pour les entreprises.<\/p>\n\n\n\n<figure class=\"wp-block-image aligncenter size-full\"><img loading=\"lazy\" decoding=\"async\" width=\"800\" height=\"600\" src=\"https:\/\/fitconsent.com\/wp-content\/uploads\/2025\/10\/12.png\" alt=\"GDPR\" class=\"wp-image-1884\" srcset=\"https:\/\/fitconsent.com\/wp-content\/uploads\/2025\/10\/12.png 800w, https:\/\/fitconsent.com\/wp-content\/uploads\/2025\/10\/12-300x225.png 300w, https:\/\/fitconsent.com\/wp-content\/uploads\/2025\/10\/12-768x576.png 768w, https:\/\/fitconsent.com\/wp-content\/uploads\/2025\/10\/12-600x450.png 600w\" sizes=\"auto, (max-width: 800px) 100vw, 800px\" \/><\/figure>\n\n\n\n<h3 class=\"wp-block-heading\">Qu&rsquo;est-ce que le RGPD ?<\/h3>\n\n\n\n<p>Le RGPD est un r\u00e8glement (UE) 2016\/679 qui d\u00e9finit comment les donn\u00e9es personnelles des individus doivent \u00eatre collect\u00e9es, utilis\u00e9es, trait\u00e9es et stock\u00e9es. Il a une port\u00e9e <strong>extraterritoriale<\/strong>, ce qui signifie qu&rsquo;il s&rsquo;applique non seulement aux organisations bas\u00e9es dans l&rsquo;UE, mais aussi \u00e0 toute entreprise dans le monde qui traite des donn\u00e9es personnelles de r\u00e9sidents de l&rsquo;UE.<\/p>\n\n\n\n<p>Les \u00ab\u00a0donn\u00e9es personnelles\u00a0\u00bb sont d\u00e9finies tr\u00e8s largement, incluant tout ce qui peut \u00eatre utilis\u00e9, directement ou indirectement, pour identifier une personne (nom, adresse e-mail, emplacement, adresse IP, informations sur les cookies, etc.).<\/p>\n\n\n\n<h3 class=\"wp-block-heading\">Les Sept Principes Fondamentaux du RGPD<\/h3>\n\n\n\n<p>Le RGPD repose sur sept principes cl\u00e9s qui guident la mani\u00e8re dont les organisations doivent traiter les donn\u00e9es :<\/p>\n\n\n\n<ol start=\"1\" class=\"wp-block-list\">\n<li><strong>Lic\u00e9it\u00e9, Loyaut\u00e9 et Transparence :<\/strong> Les donn\u00e9es doivent \u00eatre trait\u00e9es l\u00e9galement, \u00e9quitablement et de mani\u00e8re transparente pour l&rsquo;individu.<\/li>\n\n\n\n<li><strong>Limitation des Finalit\u00e9s :<\/strong> Les donn\u00e9es doivent \u00eatre collect\u00e9es pour des finalit\u00e9s sp\u00e9cifi\u00e9es, explicites et l\u00e9gitimes, et ne doivent pas \u00eatre trait\u00e9es ult\u00e9rieurement d&rsquo;une mani\u00e8re incompatible avec ces finalit\u00e9s.<\/li>\n\n\n\n<li><strong>Minimisation des Donn\u00e9es :<\/strong> Seules les donn\u00e9es ad\u00e9quates, pertinentes et strictement n\u00e9cessaires aux finalit\u00e9s doivent \u00eatre collect\u00e9es et trait\u00e9es.<\/li>\n\n\n\n<li><strong>Exactitude :<\/strong> Les donn\u00e9es doivent \u00eatre exactes et, si n\u00e9cessaire, tenues \u00e0 jour.<\/li>\n\n\n\n<li><strong>Limitation de la Conservation :<\/strong> Les donn\u00e9es doivent \u00eatre conserv\u00e9es sous une forme permettant l&rsquo;identification des personnes concern\u00e9es pendant une dur\u00e9e n&rsquo;exc\u00e9dant pas celle n\u00e9cessaire aux finalit\u00e9s du traitement.<\/li>\n\n\n\n<li><strong>Int\u00e9grit\u00e9 et Confidentialit\u00e9 (S\u00e9curit\u00e9) :<\/strong> Les donn\u00e9es doivent \u00eatre trait\u00e9es d&rsquo;une mani\u00e8re qui garantit une s\u00e9curit\u00e9 appropri\u00e9e, y compris la protection contre le traitement non autoris\u00e9 ou ill\u00e9gal et contre la perte, la destruction ou les dommages accidentels.<\/li>\n\n\n\n<li><strong>Responsabilit\u00e9 (Accountability) :<\/strong> Le responsable du traitement est responsable du respect de tous les principes et doit \u00eatre en mesure de le d\u00e9montrer (par exemple, par le biais d&rsquo;une Plateforme de Gestion du Consentement ou d&rsquo;une documentation interne).<\/li>\n<\/ol>\n\n\n\n<h3 class=\"wp-block-heading\">Implications pour les Entreprises<\/h3>\n\n\n\n<p>Le RGPD a transform\u00e9 la mani\u00e8re dont les entreprises g\u00e8rent les donn\u00e9es. Il exige une approche proactive de la confidentialit\u00e9, souvent appel\u00e9e <strong>\u00ab\u00a0Privacy by Design and Default\u00a0\u00bb<\/strong> (Confidentialit\u00e9 d\u00e8s la conception et par d\u00e9faut).<\/p>\n\n\n\n<p>Pour \u00eatre en conformit\u00e9, les entreprises doivent :<\/p>\n\n\n\n<ul class=\"wp-block-list\">\n<li>Obtenir un <strong>consentement clair et non ambigu<\/strong> avant de traiter la plupart des donn\u00e9es personnelles (sauf exceptions l\u00e9gales).<\/li>\n\n\n\n<li>Mettre en \u0153uvre des mesures de s\u00e9curit\u00e9 techniques et organisationnelles appropri\u00e9es.<\/li>\n\n\n\n<li>Documenter leurs activit\u00e9s de traitement de donn\u00e9es (tenue de registres).<\/li>\n\n\n\n<li>Respecter les <strong>droits accrus des individus<\/strong>, tels que le droit d&rsquo;acc\u00e8s, de rectification, d&rsquo;opposition et le fameux <strong>\u00ab\u00a0droit \u00e0 l&rsquo;effacement\u00a0\u00bb<\/strong> (droit \u00e0 l&rsquo;oubli).<\/li>\n<\/ul>\n\n\n\n<p>Le non-respect du RGPD peut entra\u00eener des amendes administratives importantes, pouvant atteindre <strong>20 millions d&rsquo;euros ou 4 % du chiffre d&rsquo;affaires annuel mondial<\/strong> total de l&rsquo;exercice pr\u00e9c\u00e9dent, le montant le plus \u00e9lev\u00e9 \u00e9tant retenu. C&rsquo;est pourquoi des outils comme une <a href=\"https:\/\/fitconsent.com\/fr_fr\/plateforme-de-gestion-du-consentement-utilisateur-cmp\/?lang=fr_FR\">CMP<\/a> sont devenus indispensables pour garantir cette conformit\u00e9 critique.<\/p>\n\n\n\n<h3 class=\"wp-block-heading\">Le R\u00f4le Crucial des Outils de Consentement dans la Conformit\u00e9 Moderne<\/h3>\n\n\n\n<p>Atteindre une v\u00e9ritable conformit\u00e9 au RGPD, en particulier tout en conservant des analyses et un marketing num\u00e9rique efficaces, n\u00e9cessite l&rsquo;int\u00e9gration d&rsquo;outils sp\u00e9cialis\u00e9s : une <a href=\"https:\/\/fitconsent.com\/fr_fr\/plateforme-de-gestion-du-consentement-utilisateur-cmp\/?lang=fr_FR\">Plateforme de Gestion du Consentement (CMP)<\/a> robuste et les modes de consentement fournis par les principales plateformes de publicit\u00e9.<\/p>\n\n\n\n<h4 class=\"wp-block-heading\">1. La Plateforme de Gestion du Consentement (CMP) &#8211; ex. FitConsent<\/h4>\n\n\n\n<p>Une <a href=\"https:\/\/fitconsent.com\/fr_fr\/plateforme-de-gestion-du-consentement-utilisateur-cmp\/?lang=fr_FR\">CMP<\/a> comme <a href=\"http:\/\/fitconsent.com\">FitConsent<\/a> est la couche fondamentale de la conformit\u00e9. Ses fonctions principales sont :<\/p>\n\n\n\n<ul class=\"wp-block-list\">\n<li><strong>Collecte de Consentement Valide:<\/strong> Elle g\u00e8re la banni\u00e8re de consentement, s&rsquo;assurant que le consentement est granulaire, \u00e9clair\u00e9 et obtenu par une action positive claire, satisfaisant aux exigences strictes de l&rsquo;Article 7 du RGPD.<\/li>\n\n\n\n<li><strong>Piste d&rsquo;Audit:<\/strong> Elle enregistre, g\u00e8re et documente de mani\u00e8re s\u00e9curis\u00e9e tous les choix de consentement des utilisateurs et leur retrait, fournissant la preuve essentielle d&rsquo;\u00ab Responsabilit\u00e9 \u00bb (Accountability) requise par le RGPD.<\/li>\n\n\n\n<li><strong>Contr\u00f4le d&rsquo;Acc\u00e8s:<\/strong> Elle agit comme une passerelle, bloquant tous les cookies non essentiels et les scripts de suivi <em>avant<\/em> qu&rsquo;un utilisateur n&rsquo;accorde sa permission.<\/li>\n<\/ul>\n\n\n\n<h4 class=\"wp-block-heading\">2. Google Consent Mode V2<\/h4>\n\n\n\n<p>Le <a href=\"https:\/\/fitconsent.com\/fr_fr\/google-consent-mode-v2-explique\/\">Google Consent Mode V2<\/a> est un cadre obligatoire pour toute organisation utilisant les services Google (tels que Google Analytics 4 ou Google Ads) pour traiter des donn\u00e9es provenant de l&rsquo;EEE. Il fonctionne en partenariat avec la <a href=\"https:\/\/fitconsent.com\/fr_fr\/plateforme-de-gestion-du-consentement-utilisateur-cmp\/?lang=fr_FR\">CMP<\/a> :<\/p>\n\n\n\n<ul class=\"wp-block-list\">\n<li><strong>Transmission du Signal:<\/strong> La <a href=\"https:\/\/fitconsent.com\/fr_fr\/plateforme-de-gestion-du-consentement-utilisateur-cmp\/?lang=fr_FR\">CMP<\/a> (ex. <a href=\"http:\/\/fitconsent.com\">FitConsent<\/a>) capture le choix de consentement de l&rsquo;utilisateur et envoie un signal sp\u00e9cifique (<code>ad_storage<\/code>, <code>analytics_storage<\/code>, <code>ad_user_data<\/code>, <code>ad_personalization<\/code>) \u00e0 Google.<\/li>\n\n\n\n<li><strong>Ajustement du Comportement des Balises:<\/strong> Les balises Google ajustent dynamiquement leur comportement en fonction de ce signal. Si un utilisateur refuse son consentement, les balises se d\u00e9clenchent de mani\u00e8re limit\u00e9e, sans cookie et respectueuse de la vie priv\u00e9e.<\/li>\n\n\n\n<li><strong>Mod\u00e9lisation des Conversions:<\/strong> Ce m\u00e9canisme permet \u00e0 Google d&rsquo;utiliser l&rsquo;apprentissage automatique pour <em>mod\u00e9liser<\/em> les donn\u00e9es de conversion et de comportement sur le site perdues aupr\u00e8s des utilisateurs n&rsquo;ayant pas donn\u00e9 leur consentement. Cela aide les annonceurs \u00e0 maintenir la pr\u00e9cision de leurs campagnes et leur retour sur investissement tout en restant conformes, comblant le foss\u00e9 entre confidentialit\u00e9 et performance.<\/li>\n<\/ul>\n\n\n\n<h4 class=\"wp-block-heading\">3. Microsoft UET Consent Mode<\/h4>\n\n\n\n<p>De m\u00eame, Microsoft exige l&rsquo;utilisation du <a href=\"https:\/\/fitconsent.com\/fr_fr\/uet-de-microsoft-suivi-universel-devenements\/\">UET Consent Mode<\/a> pour tous les annonceurs utilisant les balises Universal Event Tracking (UET) dans Microsoft Advertising (Bing Ads) pour les utilisateurs de l&rsquo;EEE.<\/p>\n\n\n\n<ul class=\"wp-block-list\">\n<li><strong>Assurer la Conformit\u00e9:<\/strong> Comme Google, le <a href=\"https:\/\/fitconsent.com\/fr_fr\/uet-de-microsoft-suivi-universel-devenements\/\">Microsoft UET Consent Mode<\/a> garantit que la balise UET adapte sa collecte de donn\u00e9es en fonction du statut de consentement de l&rsquo;utilisateur (typiquement pour le param\u00e8tre <code>ad_storage<\/code>).<\/li>\n\n\n\n<li><strong>Pr\u00e9server les Analyses:<\/strong> Si un utilisateur refuse son consentement, le suivi UET est limit\u00e9 \u00e0 la pr\u00e9vention essentielle de la fraude et aux donn\u00e9es agr\u00e9g\u00e9es non personnelles. Cela garantit que l&rsquo;annonceur reste conforme tout en recueillant suffisamment de donn\u00e9es respectueuses de la vie priv\u00e9e pour soutenir les analyses de base des performances publicitaires et le suivi des conversions.<\/li>\n<\/ul>\n\n\n\n<p><strong>Conclusion sur les Outils :<\/strong><\/p>\n\n\n\n<p>L&rsquo;int\u00e9gration transparente d&rsquo;une <a href=\"https:\/\/fitconsent.com\/fr_fr\/plateforme-de-gestion-du-consentement-utilisateur-cmp\/?lang=fr_FR\">CMP<\/a> comme <a href=\"http:\/\/fitconsent.com\">FitConsent<\/a> avec des plateformes telles que<a href=\"https:\/\/fitconsent.com\/fr_fr\/google-consent-mode-v2-explique\/\"> Google Consent Mode V2<\/a> et <a href=\"https:\/\/fitconsent.com\/fr_fr\/uet-de-microsoft-suivi-universel-devenements\/\">Microsoft UET Consent Mode<\/a> n&rsquo;est plus facultative. C&rsquo;est la norme technique pour maintenir la conformit\u00e9 l\u00e9gale dans l&rsquo;EEE tout en assurant la viabilit\u00e9 continue du marketing et de l&rsquo;analyse bas\u00e9s sur les donn\u00e9es.<\/p>\n","protected":false},"excerpt":{"rendered":"<p>La R\u00e9glementation G\u00e9n\u00e9rale sur la Protection des Donn\u00e9es (RGPD), entr\u00e9e en vigueur en mai 2018, est la l\u00e9gislation de l&rsquo;Union Europ\u00e9enne la plus stricte et la plus compl\u00e8te au monde en mati\u00e8re de protection des donn\u00e9es. Son objectif fondamental est de redonner aux citoyens de l&rsquo;UE et de l&rsquo;EEE (Espace \u00c9conomique Europ\u00e9en) le contr\u00f4le de [&hellip;]<\/p>\n","protected":false},"author":5,"featured_media":0,"parent":0,"menu_order":0,"comment_status":"closed","ping_status":"closed","template":"","meta":{"_fitconsent_language":"fr_FR","_fitconsent_translation_group":"1880","footnotes":""},"class_list":["post-1890","page","type-page","status-publish","hentry"],"yoast_head":"<!-- This site is optimized with the Yoast SEO plugin v27.2 - https:\/\/yoast.com\/product\/yoast-seo-wordpress\/ -->\n<title>RGPD R\u00e9glementation G\u00e9n\u00e9rale sur la Protection des Donn\u00e9es<\/title>\n<meta name=\"description\" content=\"La R\u00e9glementation G\u00e9n\u00e9rale sur la Protection des Donn\u00e9es (RGPD) Expliqu\u00e9e\" \/>\n<meta name=\"robots\" content=\"index, follow, max-snippet:-1, max-image-preview:large, max-video-preview:-1\" \/>\n<link rel=\"canonical\" href=\"https:\/\/fitconsent.com\/fr_fr\/rgpd-reglementation-generale-sur-la-protection-des-donnees\/\" \/>\n<meta property=\"og:locale\" content=\"fr_FR\" \/>\n<meta property=\"og:type\" content=\"article\" \/>\n<meta property=\"og:title\" content=\"RGPD R\u00e9glementation G\u00e9n\u00e9rale sur la Protection des Donn\u00e9es\" \/>\n<meta property=\"og:description\" content=\"La R\u00e9glementation G\u00e9n\u00e9rale sur la Protection des Donn\u00e9es (RGPD) Expliqu\u00e9e\" \/>\n<meta property=\"og:url\" content=\"https:\/\/fitconsent.com\/fr_fr\/rgpd-reglementation-generale-sur-la-protection-des-donnees\/\" \/>\n<meta property=\"og:site_name\" content=\"FitConsent\" \/>\n<meta property=\"article:modified_time\" content=\"2025-10-21T17:33:09+00:00\" \/>\n<meta property=\"og:image\" content=\"https:\/\/fitconsent.com\/wp-content\/uploads\/2025\/10\/12.png\" \/>\n<meta name=\"twitter:card\" content=\"summary_large_image\" \/>\n<meta name=\"twitter:label1\" content=\"Dur\u00e9e de lecture estim\u00e9e\" \/>\n\t<meta name=\"twitter:data1\" content=\"5 minutes\" \/>\n<script type=\"application\/ld+json\" class=\"yoast-schema-graph\">{\"@context\":\"https:\/\/schema.org\",\"@graph\":[{\"@type\":\"WebPage\",\"@id\":\"https:\/\/fitconsent.com\/fr_fr\/rgpd-reglementation-generale-sur-la-protection-des-donnees\/\",\"url\":\"https:\/\/fitconsent.com\/fr_fr\/rgpd-reglementation-generale-sur-la-protection-des-donnees\/\",\"name\":\"RGPD R\u00e9glementation G\u00e9n\u00e9rale sur la Protection des Donn\u00e9es\",\"isPartOf\":{\"@id\":\"https:\/\/fitconsent.com\/fr_fr\/#website\"},\"primaryImageOfPage\":{\"@id\":\"https:\/\/fitconsent.com\/fr_fr\/rgpd-reglementation-generale-sur-la-protection-des-donnees\/#primaryimage\"},\"image\":{\"@id\":\"https:\/\/fitconsent.com\/fr_fr\/rgpd-reglementation-generale-sur-la-protection-des-donnees\/#primaryimage\"},\"thumbnailUrl\":\"https:\/\/fitconsent.com\/wp-content\/uploads\/2025\/10\/12.png\",\"datePublished\":\"2025-10-17T21:05:23+00:00\",\"dateModified\":\"2025-10-21T17:33:09+00:00\",\"description\":\"La R\u00e9glementation G\u00e9n\u00e9rale sur la Protection des Donn\u00e9es (RGPD) Expliqu\u00e9e\",\"breadcrumb\":{\"@id\":\"https:\/\/fitconsent.com\/fr_fr\/rgpd-reglementation-generale-sur-la-protection-des-donnees\/#breadcrumb\"},\"inLanguage\":\"fr-FR\",\"potentialAction\":[{\"@type\":\"ReadAction\",\"target\":[\"https:\/\/fitconsent.com\/fr_fr\/rgpd-reglementation-generale-sur-la-protection-des-donnees\/\"]}]},{\"@type\":\"ImageObject\",\"inLanguage\":\"fr-FR\",\"@id\":\"https:\/\/fitconsent.com\/fr_fr\/rgpd-reglementation-generale-sur-la-protection-des-donnees\/#primaryimage\",\"url\":\"https:\/\/fitconsent.com\/wp-content\/uploads\/2025\/10\/12.png\",\"contentUrl\":\"https:\/\/fitconsent.com\/wp-content\/uploads\/2025\/10\/12.png\"},{\"@type\":\"BreadcrumbList\",\"@id\":\"https:\/\/fitconsent.com\/fr_fr\/rgpd-reglementation-generale-sur-la-protection-des-donnees\/#breadcrumb\",\"itemListElement\":[{\"@type\":\"ListItem\",\"position\":1,\"name\":\"Home\",\"item\":\"https:\/\/fitconsent.com\/\"},{\"@type\":\"ListItem\",\"position\":2,\"name\":\"La R\u00e9glementation G\u00e9n\u00e9rale sur la Protection des Donn\u00e9es (RGPD) Expliqu\u00e9e\"}]},{\"@type\":\"WebSite\",\"@id\":\"https:\/\/fitconsent.com\/fr_fr\/#website\",\"url\":\"https:\/\/fitconsent.com\/fr_fr\/\",\"name\":\"FitConsent\",\"description\":\"By DIGITLOAD\",\"publisher\":{\"@id\":\"https:\/\/fitconsent.com\/fr_fr\/#organization\"},\"potentialAction\":[{\"@type\":\"SearchAction\",\"target\":{\"@type\":\"EntryPoint\",\"urlTemplate\":\"https:\/\/fitconsent.com\/fr_fr\/?s={search_term_string}\"},\"query-input\":{\"@type\":\"PropertyValueSpecification\",\"valueRequired\":true,\"valueName\":\"search_term_string\"}}],\"inLanguage\":\"fr-FR\"},{\"@type\":\"Organization\",\"@id\":\"https:\/\/fitconsent.com\/fr_fr\/#organization\",\"name\":\"DIGITLOAD\",\"url\":\"https:\/\/fitconsent.com\/fr_fr\/\",\"logo\":{\"@type\":\"ImageObject\",\"inLanguage\":\"fr-FR\",\"@id\":\"https:\/\/fitconsent.com\/fr_fr\/#\/schema\/logo\/image\/\",\"url\":\"https:\/\/fitconsent.com\/wp-content\/uploads\/2025\/08\/cropped-icon.png\",\"contentUrl\":\"https:\/\/fitconsent.com\/wp-content\/uploads\/2025\/08\/cropped-icon.png\",\"width\":512,\"height\":512,\"caption\":\"DIGITLOAD\"},\"image\":{\"@id\":\"https:\/\/fitconsent.com\/fr_fr\/#\/schema\/logo\/image\/\"}}]}<\/script>\n<!-- \/ Yoast SEO plugin. -->","yoast_head_json":{"title":"RGPD R\u00e9glementation G\u00e9n\u00e9rale sur la Protection des Donn\u00e9es","description":"La R\u00e9glementation G\u00e9n\u00e9rale sur la Protection des Donn\u00e9es (RGPD) Expliqu\u00e9e","robots":{"index":"index","follow":"follow","max-snippet":"max-snippet:-1","max-image-preview":"max-image-preview:large","max-video-preview":"max-video-preview:-1"},"canonical":"https:\/\/fitconsent.com\/fr_fr\/rgpd-reglementation-generale-sur-la-protection-des-donnees\/","og_locale":"fr_FR","og_type":"article","og_title":"RGPD R\u00e9glementation G\u00e9n\u00e9rale sur la Protection des Donn\u00e9es","og_description":"La R\u00e9glementation G\u00e9n\u00e9rale sur la Protection des Donn\u00e9es (RGPD) Expliqu\u00e9e","og_url":"https:\/\/fitconsent.com\/fr_fr\/rgpd-reglementation-generale-sur-la-protection-des-donnees\/","og_site_name":"FitConsent","article_modified_time":"2025-10-21T17:33:09+00:00","og_image":[{"url":"https:\/\/fitconsent.com\/wp-content\/uploads\/2025\/10\/12.png","type":"","width":"","height":""}],"twitter_card":"summary_large_image","twitter_misc":{"Dur\u00e9e de lecture estim\u00e9e":"5 minutes"},"schema":{"@context":"https:\/\/schema.org","@graph":[{"@type":"WebPage","@id":"https:\/\/fitconsent.com\/fr_fr\/rgpd-reglementation-generale-sur-la-protection-des-donnees\/","url":"https:\/\/fitconsent.com\/fr_fr\/rgpd-reglementation-generale-sur-la-protection-des-donnees\/","name":"RGPD R\u00e9glementation G\u00e9n\u00e9rale sur la Protection des Donn\u00e9es","isPartOf":{"@id":"https:\/\/fitconsent.com\/fr_fr\/#website"},"primaryImageOfPage":{"@id":"https:\/\/fitconsent.com\/fr_fr\/rgpd-reglementation-generale-sur-la-protection-des-donnees\/#primaryimage"},"image":{"@id":"https:\/\/fitconsent.com\/fr_fr\/rgpd-reglementation-generale-sur-la-protection-des-donnees\/#primaryimage"},"thumbnailUrl":"https:\/\/fitconsent.com\/wp-content\/uploads\/2025\/10\/12.png","datePublished":"2025-10-17T21:05:23+00:00","dateModified":"2025-10-21T17:33:09+00:00","description":"La R\u00e9glementation G\u00e9n\u00e9rale sur la Protection des Donn\u00e9es (RGPD) Expliqu\u00e9e","breadcrumb":{"@id":"https:\/\/fitconsent.com\/fr_fr\/rgpd-reglementation-generale-sur-la-protection-des-donnees\/#breadcrumb"},"inLanguage":"fr-FR","potentialAction":[{"@type":"ReadAction","target":["https:\/\/fitconsent.com\/fr_fr\/rgpd-reglementation-generale-sur-la-protection-des-donnees\/"]}]},{"@type":"ImageObject","inLanguage":"fr-FR","@id":"https:\/\/fitconsent.com\/fr_fr\/rgpd-reglementation-generale-sur-la-protection-des-donnees\/#primaryimage","url":"https:\/\/fitconsent.com\/wp-content\/uploads\/2025\/10\/12.png","contentUrl":"https:\/\/fitconsent.com\/wp-content\/uploads\/2025\/10\/12.png"},{"@type":"BreadcrumbList","@id":"https:\/\/fitconsent.com\/fr_fr\/rgpd-reglementation-generale-sur-la-protection-des-donnees\/#breadcrumb","itemListElement":[{"@type":"ListItem","position":1,"name":"Home","item":"https:\/\/fitconsent.com\/"},{"@type":"ListItem","position":2,"name":"La R\u00e9glementation G\u00e9n\u00e9rale sur la Protection des Donn\u00e9es (RGPD) Expliqu\u00e9e"}]},{"@type":"WebSite","@id":"https:\/\/fitconsent.com\/fr_fr\/#website","url":"https:\/\/fitconsent.com\/fr_fr\/","name":"FitConsent","description":"By DIGITLOAD","publisher":{"@id":"https:\/\/fitconsent.com\/fr_fr\/#organization"},"potentialAction":[{"@type":"SearchAction","target":{"@type":"EntryPoint","urlTemplate":"https:\/\/fitconsent.com\/fr_fr\/?s={search_term_string}"},"query-input":{"@type":"PropertyValueSpecification","valueRequired":true,"valueName":"search_term_string"}}],"inLanguage":"fr-FR"},{"@type":"Organization","@id":"https:\/\/fitconsent.com\/fr_fr\/#organization","name":"DIGITLOAD","url":"https:\/\/fitconsent.com\/fr_fr\/","logo":{"@type":"ImageObject","inLanguage":"fr-FR","@id":"https:\/\/fitconsent.com\/fr_fr\/#\/schema\/logo\/image\/","url":"https:\/\/fitconsent.com\/wp-content\/uploads\/2025\/08\/cropped-icon.png","contentUrl":"https:\/\/fitconsent.com\/wp-content\/uploads\/2025\/08\/cropped-icon.png","width":512,"height":512,"caption":"DIGITLOAD"},"image":{"@id":"https:\/\/fitconsent.com\/fr_fr\/#\/schema\/logo\/image\/"}}]}},"_links":{"self":[{"href":"https:\/\/fitconsent.com\/fr_fr\/wp-json\/wp\/v2\/pages\/1890","targetHints":{"allow":["GET"]}}],"collection":[{"href":"https:\/\/fitconsent.com\/fr_fr\/wp-json\/wp\/v2\/pages"}],"about":[{"href":"https:\/\/fitconsent.com\/fr_fr\/wp-json\/wp\/v2\/types\/page"}],"author":[{"embeddable":true,"href":"https:\/\/fitconsent.com\/fr_fr\/wp-json\/wp\/v2\/users\/5"}],"replies":[{"embeddable":true,"href":"https:\/\/fitconsent.com\/fr_fr\/wp-json\/wp\/v2\/comments?post=1890"}],"version-history":[{"count":3,"href":"https:\/\/fitconsent.com\/fr_fr\/wp-json\/wp\/v2\/pages\/1890\/revisions"}],"predecessor-version":[{"id":2056,"href":"https:\/\/fitconsent.com\/fr_fr\/wp-json\/wp\/v2\/pages\/1890\/revisions\/2056"}],"wp:attachment":[{"href":"https:\/\/fitconsent.com\/fr_fr\/wp-json\/wp\/v2\/media?parent=1890"}],"curies":[{"name":"wp","href":"https:\/\/api.w.org\/{rel}","templated":true}]}}