{"id":1851,"date":"2025-10-17T18:08:29","date_gmt":"2025-10-17T18:08:29","guid":{"rendered":"https:\/\/fitconsent.com\/?page_id=1851"},"modified":"2025-10-21T17:30:03","modified_gmt":"2025-10-21T17:30:03","slug":"plateforme-de-gestion-du-consentement-utilisateur-cmp","status":"publish","type":"page","link":"https:\/\/fitconsent.com\/fr_fr\/plateforme-de-gestion-du-consentement-utilisateur-cmp\/","title":{"rendered":"Optimiser la croissance gr\u00e2ce \u00e0 des donn\u00e9es conformes et \u00e0 la confiance : un regard approfondi sur la plateforme de gestion du consentement utilisateur (CMP)"},"content":{"rendered":"\n<p>\u00c0 l&rsquo;\u00e8re du num\u00e9rique, les donn\u00e9es sont le moteur de la croissance. Cependant, les r\u00e9glementations mondiales strictes comme le <strong><a href=\"https:\/\/fitconsent.com\/fr_fr\/rgpd-reglementation-generale-sur-la-protection-des-donnees\/\">RGPD<\/a> (R\u00e8glement g\u00e9n\u00e9ral sur la protection des donn\u00e9es)<\/strong> et le <strong><a href=\"https:\/\/fitconsent.com\/fr_fr\/ccpa-cpra-consommateurs-californiens-et-droits-a-la-vie-privee\/\">CCPA<\/a> (California Consumer Privacy Act)<\/strong> l&rsquo;ont clairement \u00e9tabli : ces donn\u00e9es doivent \u00eatre collect\u00e9es avec le consentement explicite et \u00e9clair\u00e9 de l&rsquo;utilisateur. C&rsquo;est l\u00e0 qu&rsquo;intervient la <strong>Plateforme de Gestion du Consentement (CMP)<\/strong>, qui transforme un obstacle juridique en un avantage strat\u00e9gique pour les entreprises.<\/p>\n\n\n\n<figure class=\"wp-block-image size-full\"><img loading=\"lazy\" decoding=\"async\" width=\"1024\" height=\"852\" src=\"https:\/\/fitconsent.com\/wp-content\/uploads\/2025\/09\/FitConsent_Hero.png\" alt=\"Consent Management Platform (CMP)\" class=\"wp-image-1598\" srcset=\"https:\/\/fitconsent.com\/wp-content\/uploads\/2025\/09\/FitConsent_Hero.png 1024w, https:\/\/fitconsent.com\/wp-content\/uploads\/2025\/09\/FitConsent_Hero-300x250.png 300w, https:\/\/fitconsent.com\/wp-content\/uploads\/2025\/09\/FitConsent_Hero-768x639.png 768w, https:\/\/fitconsent.com\/wp-content\/uploads\/2025\/09\/FitConsent_Hero-600x499.png 600w\" sizes=\"auto, (max-width: 1024px) 100vw, 1024px\" \/><\/figure>\n\n\n\n<p><\/p>\n\n\n\n<h3 class=\"wp-block-heading\">Qu&rsquo;est-ce qu&rsquo;une Plateforme de Gestion du Consentement (CMP) exactement ?<\/h3>\n\n\n\n<p>Une CMP est un logiciel sp\u00e9cialis\u00e9 con\u00e7u pour aider les propri\u00e9taires de sites web et les d\u00e9veloppeurs d&rsquo;applications \u00e0 <strong>collecter, g\u00e9rer et documenter<\/strong> efficacement le consentement des utilisateurs pour les activit\u00e9s de traitement des donn\u00e9es, en particulier en ce qui concerne les cookies et autres technologies de suivi.<\/p>\n\n\n\n<p>Plus qu&rsquo;une simple \u00ab banni\u00e8re de cookies \u00bb, une CMP robuste est la pierre angulaire d&rsquo;une strat\u00e9gie ax\u00e9e sur la confidentialit\u00e9. Elle remplit plusieurs fonctions essentielles :<\/p>\n\n\n\n<ol start=\"1\" class=\"wp-block-list\">\n<li><strong>Avis de consentement transparent :<\/strong> Elle affiche une banni\u00e8re ou une fen\u00eatre contextuelle claire et personnalis\u00e9e lorsqu&rsquo;un utilisateur visite un site web pour la premi\u00e8re fois, l&rsquo;informant pr\u00e9cis\u00e9ment de la mani\u00e8re dont ses donn\u00e9es personnelles seront utilis\u00e9es.<\/li>\n\n\n\n<li><strong>Choix granulaire :<\/strong> Elle permet aux utilisateurs d&rsquo;accepter, de refuser ou de personnaliser leurs pr\u00e9f\u00e9rences pour diff\u00e9rentes finalit\u00e9s de donn\u00e9es (par exemple, analyse, marketing, personnalisation), allant au-del\u00e0 des simples boutons \u00ab Tout accepter \u00bb.<\/li>\n\n\n\n<li><strong>Journalisation et piste d&rsquo;audit du consentement :<\/strong> Elle stocke en toute s\u00e9curit\u00e9 un enregistrement complet et infalsifiable du choix de consentement de chaque utilisateur, fournissant la documentation n\u00e9cessaire pour prouver la conformit\u00e9 en cas d&rsquo;audit.<\/li>\n\n\n\n<li><strong>Application des pr\u00e9f\u00e9rences :<\/strong> Elle garantit que les scripts, les cookies et les balises marketing de votre site web (tels que Google Analytics ou le Pixel Facebook) ne se d\u00e9clenchent qu&rsquo;<strong>apr\u00e8s<\/strong> et <strong>selon<\/strong> les choix sp\u00e9cifiques de l&rsquo;utilisateur.<\/li>\n<\/ol>\n\n\n\n<h3 class=\"wp-block-heading\">Les avantages strat\u00e9giques d&rsquo;utiliser une CMP moderne<\/h3>\n\n\n\n<p>La mise en \u0153uvre d&rsquo;une CMP de haute qualit\u00e9 offre bien plus que la simple pr\u00e9vention des lourdes amendes r\u00e9glementaires. Elle soutient directement la croissance de votre entreprise et votre avantage concurrentiel :<\/p>\n\n\n\n<ul class=\"wp-block-list\">\n<li><strong>Conformit\u00e9 r\u00e9glementaire garantie :<\/strong> Une CMP d\u00e9di\u00e9e telle que <strong>FitConsent.com<\/strong> s&rsquo;adapte automatiquement aux exigences \u00e9volutives des lois comme le <a href=\"https:\/\/fitconsent.com\/fr_fr\/rgpd-reglementation-generale-sur-la-protection-des-donnees\/\">RGPD<\/a>, le <a href=\"https:\/\/fitconsent.com\/fr_fr\/ccpa-cpra-consommateurs-californiens-et-droits-a-la-vie-privee\/\">CCPA<\/a> et d&rsquo;autres. Cela all\u00e8ge le fardeau de vos \u00e9quipes juridiques et de d\u00e9veloppement, garantissant que vos pratiques de collecte de donn\u00e9es sont l\u00e9gales dans diff\u00e9rentes juridictions.<\/li>\n\n\n\n<li><strong>Donn\u00e9es pr\u00e9cises et fiables :<\/strong> En appliquant correctement le consentement de l&rsquo;utilisateur, une CMP garantit que les donn\u00e9es que vous collectez sont l\u00e9galement valides. Ceci est essentiel pour une analyse et une prise de d\u00e9cision pr\u00e9cises. Les solutions qui prennent en charge les m\u00e9canismes modernes comme le <strong><a href=\"https:\/\/fitconsent.com\/fr_fr\/google-consent-mode-v2-explique\/\">Google Consent Mode V2<\/a><\/strong> et le <strong><a href=\"https:\/\/fitconsent.com\/fr_fr\/uet-de-microsoft-suivi-universel-devenements\/\">Microsoft UET Consent Mode<\/a><\/strong>, telles que FitConsent, permettent une mod\u00e9lisation des conversions respectueuse de la vie priv\u00e9e, vous donnant une image plus claire de vos performances m\u00eame lorsque les utilisateurs refusent les cookies de suivi.<\/li>\n\n\n\n<li><strong>Confiance et exp\u00e9rience utilisateur accrues :<\/strong> Une exp\u00e9rience de consentement transparente et conviviale favorise la confiance. Lorsque les utilisateurs se sentent respect\u00e9s et ma\u00eetres de leurs donn\u00e9es, ils sont plus susceptibles d&rsquo;interagir avec votre marque et m\u00eame d&rsquo;accorder leur consentement, ce qui se traduit par des taux d&rsquo;adh\u00e9sion plus \u00e9lev\u00e9s et une meilleure qualit\u00e9 des donn\u00e9es.<\/li>\n\n\n\n<li><strong>ROI marketing optimis\u00e9 :<\/strong> En s&rsquo;int\u00e9grant parfaitement \u00e0 vos outils de publicit\u00e9 et d&rsquo;analyse, une CMP garantit que vos campagnes marketing peuvent continuer \u00e0 fonctionner efficacement et conform\u00e9ment \u00e0 la r\u00e9glementation. Cela pr\u00e9serve la valeur de vos d\u00e9penses publicitaires et pr\u00e9vient les pertes de donn\u00e9es inutiles.<\/li>\n<\/ul>\n\n\n\n<h3 class=\"wp-block-heading\"><strong>FitConsent : Transformer la conformit\u00e9 en avantage concurrentiel<\/strong><\/h3>\n\n\n\n<p>Choisir la bonne CMP est crucial. Une plateforme comme <strong><a href=\"https:\/\/fitconsent.com\/\">FitConsent<\/a><\/strong> est con\u00e7ue sp\u00e9cifiquement pour fournir une solution de consentement utilisateur transparente et puissante. Elle \u00e9limine la complexit\u00e9 de la configuration en proposant des banni\u00e8res faciles \u00e0 int\u00e9grer tout en vous offrant la tranquillit\u00e9 d&rsquo;esprit qu&rsquo;apporte le support complet des mises \u00e0 jour critiques telles que le <strong><a href=\"https:\/\/fitconsent.com\/fr_fr\/google-consent-mode-v2-explique\/\">Google Consent Mode V2<\/a><\/strong> une n\u00e9cessit\u00e9 pour toute entreprise diffusant des Google Ads ou utilisant Google Analytics.<\/p>\n\n\n\n<p>Dans le paysage actuel, une CMP n&rsquo;est pas facultative : elle est essentielle. C&rsquo;est l&rsquo;outil qui vous permet de poursuivre votre croissance en toute confiance, en sachant que votre fondation de donn\u00e9es est conforme, pr\u00e9cise et b\u00e2tie sur une relation de confiance avec chaque utilisateur.<\/p>\n","protected":false},"excerpt":{"rendered":"<p>\u00c0 l&rsquo;\u00e8re du num\u00e9rique, les donn\u00e9es sont le moteur de la croissance. Cependant, les r\u00e9glementations mondiales strictes comme le RGPD (R\u00e8glement g\u00e9n\u00e9ral sur la protection des donn\u00e9es) et le CCPA (California Consumer Privacy Act) l&rsquo;ont clairement \u00e9tabli : ces donn\u00e9es doivent \u00eatre collect\u00e9es avec le consentement explicite et \u00e9clair\u00e9 de l&rsquo;utilisateur. C&rsquo;est l\u00e0 qu&rsquo;intervient la [&hellip;]<\/p>\n","protected":false},"author":5,"featured_media":0,"parent":0,"menu_order":0,"comment_status":"closed","ping_status":"closed","template":"","meta":{"_fitconsent_language":"fr_FR","_fitconsent_translation_group":"1842","footnotes":""},"class_list":["post-1851","page","type-page","status-publish","hentry"],"yoast_head":"<!-- This site is optimized with the Yoast SEO plugin v27.2 - https:\/\/yoast.com\/product\/yoast-seo-wordpress\/ -->\n<title>Plateforme de gestion du consentement utilisateur (CMP)<\/title>\n<meta name=\"description\" content=\"Optimiser la croissance gr\u00e2ce \u00e0 des donn\u00e9es conformes et \u00e0 la confiance : un regard approfondi sur la plateforme de gestion du consentement utilisateur (CMP)\" \/>\n<meta name=\"robots\" content=\"index, follow, max-snippet:-1, max-image-preview:large, max-video-preview:-1\" \/>\n<link rel=\"canonical\" href=\"https:\/\/fitconsent.com\/fr_fr\/plateforme-de-gestion-du-consentement-utilisateur-cmp\/\" \/>\n<meta property=\"og:locale\" content=\"fr_FR\" \/>\n<meta property=\"og:type\" content=\"article\" \/>\n<meta property=\"og:title\" content=\"Plateforme de gestion du consentement utilisateur (CMP)\" \/>\n<meta property=\"og:description\" content=\"Optimiser la croissance gr\u00e2ce \u00e0 des donn\u00e9es conformes et \u00e0 la confiance : un regard approfondi sur la plateforme de gestion du consentement utilisateur (CMP)\" \/>\n<meta property=\"og:url\" content=\"https:\/\/fitconsent.com\/fr_fr\/plateforme-de-gestion-du-consentement-utilisateur-cmp\/\" \/>\n<meta property=\"og:site_name\" content=\"FitConsent\" \/>\n<meta property=\"article:modified_time\" content=\"2025-10-21T17:30:03+00:00\" \/>\n<meta property=\"og:image\" content=\"https:\/\/fitconsent.com\/wp-content\/uploads\/2025\/09\/FitConsent_Hero.png\" \/>\n<meta name=\"twitter:card\" content=\"summary_large_image\" \/>\n<meta name=\"twitter:label1\" content=\"Dur\u00e9e de lecture estim\u00e9e\" \/>\n\t<meta name=\"twitter:data1\" content=\"4 minutes\" \/>\n<script type=\"application\/ld+json\" class=\"yoast-schema-graph\">{\"@context\":\"https:\/\/schema.org\",\"@graph\":[{\"@type\":\"WebPage\",\"@id\":\"https:\/\/fitconsent.com\/fr_fr\/plateforme-de-gestion-du-consentement-utilisateur-cmp\/\",\"url\":\"https:\/\/fitconsent.com\/fr_fr\/plateforme-de-gestion-du-consentement-utilisateur-cmp\/\",\"name\":\"Plateforme de gestion du consentement utilisateur (CMP)\",\"isPartOf\":{\"@id\":\"https:\/\/fitconsent.com\/fr_fr\/#website\"},\"primaryImageOfPage\":{\"@id\":\"https:\/\/fitconsent.com\/fr_fr\/plateforme-de-gestion-du-consentement-utilisateur-cmp\/#primaryimage\"},\"image\":{\"@id\":\"https:\/\/fitconsent.com\/fr_fr\/plateforme-de-gestion-du-consentement-utilisateur-cmp\/#primaryimage\"},\"thumbnailUrl\":\"https:\/\/fitconsent.com\/wp-content\/uploads\/2025\/09\/FitConsent_Hero.png\",\"datePublished\":\"2025-10-17T18:08:29+00:00\",\"dateModified\":\"2025-10-21T17:30:03+00:00\",\"description\":\"Optimiser la croissance gr\u00e2ce \u00e0 des donn\u00e9es conformes et \u00e0 la confiance : un regard approfondi sur la plateforme de gestion du consentement utilisateur (CMP)\",\"breadcrumb\":{\"@id\":\"https:\/\/fitconsent.com\/fr_fr\/plateforme-de-gestion-du-consentement-utilisateur-cmp\/#breadcrumb\"},\"inLanguage\":\"fr-FR\",\"potentialAction\":[{\"@type\":\"ReadAction\",\"target\":[\"https:\/\/fitconsent.com\/fr_fr\/plateforme-de-gestion-du-consentement-utilisateur-cmp\/\"]}]},{\"@type\":\"ImageObject\",\"inLanguage\":\"fr-FR\",\"@id\":\"https:\/\/fitconsent.com\/fr_fr\/plateforme-de-gestion-du-consentement-utilisateur-cmp\/#primaryimage\",\"url\":\"https:\/\/fitconsent.com\/wp-content\/uploads\/2025\/09\/FitConsent_Hero.png\",\"contentUrl\":\"https:\/\/fitconsent.com\/wp-content\/uploads\/2025\/09\/FitConsent_Hero.png\"},{\"@type\":\"BreadcrumbList\",\"@id\":\"https:\/\/fitconsent.com\/fr_fr\/plateforme-de-gestion-du-consentement-utilisateur-cmp\/#breadcrumb\",\"itemListElement\":[{\"@type\":\"ListItem\",\"position\":1,\"name\":\"Home\",\"item\":\"https:\/\/fitconsent.com\/\"},{\"@type\":\"ListItem\",\"position\":2,\"name\":\"Optimiser la croissance gr\u00e2ce \u00e0 des donn\u00e9es conformes et \u00e0 la confiance : un regard approfondi sur la plateforme de gestion du consentement utilisateur (CMP)\"}]},{\"@type\":\"WebSite\",\"@id\":\"https:\/\/fitconsent.com\/fr_fr\/#website\",\"url\":\"https:\/\/fitconsent.com\/fr_fr\/\",\"name\":\"FitConsent\",\"description\":\"By DIGITLOAD\",\"publisher\":{\"@id\":\"https:\/\/fitconsent.com\/fr_fr\/#organization\"},\"potentialAction\":[{\"@type\":\"SearchAction\",\"target\":{\"@type\":\"EntryPoint\",\"urlTemplate\":\"https:\/\/fitconsent.com\/fr_fr\/?s={search_term_string}\"},\"query-input\":{\"@type\":\"PropertyValueSpecification\",\"valueRequired\":true,\"valueName\":\"search_term_string\"}}],\"inLanguage\":\"fr-FR\"},{\"@type\":\"Organization\",\"@id\":\"https:\/\/fitconsent.com\/fr_fr\/#organization\",\"name\":\"DIGITLOAD\",\"url\":\"https:\/\/fitconsent.com\/fr_fr\/\",\"logo\":{\"@type\":\"ImageObject\",\"inLanguage\":\"fr-FR\",\"@id\":\"https:\/\/fitconsent.com\/fr_fr\/#\/schema\/logo\/image\/\",\"url\":\"https:\/\/fitconsent.com\/wp-content\/uploads\/2025\/08\/cropped-icon.png\",\"contentUrl\":\"https:\/\/fitconsent.com\/wp-content\/uploads\/2025\/08\/cropped-icon.png\",\"width\":512,\"height\":512,\"caption\":\"DIGITLOAD\"},\"image\":{\"@id\":\"https:\/\/fitconsent.com\/fr_fr\/#\/schema\/logo\/image\/\"}}]}<\/script>\n<!-- \/ Yoast SEO plugin. -->","yoast_head_json":{"title":"Plateforme de gestion du consentement utilisateur (CMP)","description":"Optimiser la croissance gr\u00e2ce \u00e0 des donn\u00e9es conformes et \u00e0 la confiance : un regard approfondi sur la plateforme de gestion du consentement utilisateur (CMP)","robots":{"index":"index","follow":"follow","max-snippet":"max-snippet:-1","max-image-preview":"max-image-preview:large","max-video-preview":"max-video-preview:-1"},"canonical":"https:\/\/fitconsent.com\/fr_fr\/plateforme-de-gestion-du-consentement-utilisateur-cmp\/","og_locale":"fr_FR","og_type":"article","og_title":"Plateforme de gestion du consentement utilisateur (CMP)","og_description":"Optimiser la croissance gr\u00e2ce \u00e0 des donn\u00e9es conformes et \u00e0 la confiance : un regard approfondi sur la plateforme de gestion du consentement utilisateur (CMP)","og_url":"https:\/\/fitconsent.com\/fr_fr\/plateforme-de-gestion-du-consentement-utilisateur-cmp\/","og_site_name":"FitConsent","article_modified_time":"2025-10-21T17:30:03+00:00","og_image":[{"url":"https:\/\/fitconsent.com\/wp-content\/uploads\/2025\/09\/FitConsent_Hero.png","type":"","width":"","height":""}],"twitter_card":"summary_large_image","twitter_misc":{"Dur\u00e9e de lecture estim\u00e9e":"4 minutes"},"schema":{"@context":"https:\/\/schema.org","@graph":[{"@type":"WebPage","@id":"https:\/\/fitconsent.com\/fr_fr\/plateforme-de-gestion-du-consentement-utilisateur-cmp\/","url":"https:\/\/fitconsent.com\/fr_fr\/plateforme-de-gestion-du-consentement-utilisateur-cmp\/","name":"Plateforme de gestion du consentement utilisateur (CMP)","isPartOf":{"@id":"https:\/\/fitconsent.com\/fr_fr\/#website"},"primaryImageOfPage":{"@id":"https:\/\/fitconsent.com\/fr_fr\/plateforme-de-gestion-du-consentement-utilisateur-cmp\/#primaryimage"},"image":{"@id":"https:\/\/fitconsent.com\/fr_fr\/plateforme-de-gestion-du-consentement-utilisateur-cmp\/#primaryimage"},"thumbnailUrl":"https:\/\/fitconsent.com\/wp-content\/uploads\/2025\/09\/FitConsent_Hero.png","datePublished":"2025-10-17T18:08:29+00:00","dateModified":"2025-10-21T17:30:03+00:00","description":"Optimiser la croissance gr\u00e2ce \u00e0 des donn\u00e9es conformes et \u00e0 la confiance : un regard approfondi sur la plateforme de gestion du consentement utilisateur (CMP)","breadcrumb":{"@id":"https:\/\/fitconsent.com\/fr_fr\/plateforme-de-gestion-du-consentement-utilisateur-cmp\/#breadcrumb"},"inLanguage":"fr-FR","potentialAction":[{"@type":"ReadAction","target":["https:\/\/fitconsent.com\/fr_fr\/plateforme-de-gestion-du-consentement-utilisateur-cmp\/"]}]},{"@type":"ImageObject","inLanguage":"fr-FR","@id":"https:\/\/fitconsent.com\/fr_fr\/plateforme-de-gestion-du-consentement-utilisateur-cmp\/#primaryimage","url":"https:\/\/fitconsent.com\/wp-content\/uploads\/2025\/09\/FitConsent_Hero.png","contentUrl":"https:\/\/fitconsent.com\/wp-content\/uploads\/2025\/09\/FitConsent_Hero.png"},{"@type":"BreadcrumbList","@id":"https:\/\/fitconsent.com\/fr_fr\/plateforme-de-gestion-du-consentement-utilisateur-cmp\/#breadcrumb","itemListElement":[{"@type":"ListItem","position":1,"name":"Home","item":"https:\/\/fitconsent.com\/"},{"@type":"ListItem","position":2,"name":"Optimiser la croissance gr\u00e2ce \u00e0 des donn\u00e9es conformes et \u00e0 la confiance : un regard approfondi sur la plateforme de gestion du consentement utilisateur (CMP)"}]},{"@type":"WebSite","@id":"https:\/\/fitconsent.com\/fr_fr\/#website","url":"https:\/\/fitconsent.com\/fr_fr\/","name":"FitConsent","description":"By DIGITLOAD","publisher":{"@id":"https:\/\/fitconsent.com\/fr_fr\/#organization"},"potentialAction":[{"@type":"SearchAction","target":{"@type":"EntryPoint","urlTemplate":"https:\/\/fitconsent.com\/fr_fr\/?s={search_term_string}"},"query-input":{"@type":"PropertyValueSpecification","valueRequired":true,"valueName":"search_term_string"}}],"inLanguage":"fr-FR"},{"@type":"Organization","@id":"https:\/\/fitconsent.com\/fr_fr\/#organization","name":"DIGITLOAD","url":"https:\/\/fitconsent.com\/fr_fr\/","logo":{"@type":"ImageObject","inLanguage":"fr-FR","@id":"https:\/\/fitconsent.com\/fr_fr\/#\/schema\/logo\/image\/","url":"https:\/\/fitconsent.com\/wp-content\/uploads\/2025\/08\/cropped-icon.png","contentUrl":"https:\/\/fitconsent.com\/wp-content\/uploads\/2025\/08\/cropped-icon.png","width":512,"height":512,"caption":"DIGITLOAD"},"image":{"@id":"https:\/\/fitconsent.com\/fr_fr\/#\/schema\/logo\/image\/"}}]}},"_links":{"self":[{"href":"https:\/\/fitconsent.com\/fr_fr\/wp-json\/wp\/v2\/pages\/1851","targetHints":{"allow":["GET"]}}],"collection":[{"href":"https:\/\/fitconsent.com\/fr_fr\/wp-json\/wp\/v2\/pages"}],"about":[{"href":"https:\/\/fitconsent.com\/fr_fr\/wp-json\/wp\/v2\/types\/page"}],"author":[{"embeddable":true,"href":"https:\/\/fitconsent.com\/fr_fr\/wp-json\/wp\/v2\/users\/5"}],"replies":[{"embeddable":true,"href":"https:\/\/fitconsent.com\/fr_fr\/wp-json\/wp\/v2\/comments?post=1851"}],"version-history":[{"count":5,"href":"https:\/\/fitconsent.com\/fr_fr\/wp-json\/wp\/v2\/pages\/1851\/revisions"}],"predecessor-version":[{"id":2053,"href":"https:\/\/fitconsent.com\/fr_fr\/wp-json\/wp\/v2\/pages\/1851\/revisions\/2053"}],"wp:attachment":[{"href":"https:\/\/fitconsent.com\/fr_fr\/wp-json\/wp\/v2\/media?parent=1851"}],"curies":[{"name":"wp","href":"https:\/\/api.w.org\/{rel}","templated":true}]}}