{"id":872,"date":"2025-08-27T20:37:01","date_gmt":"2025-08-27T20:37:01","guid":{"rendered":"https:\/\/fitconsent.com\/?page_id=872"},"modified":"2025-08-27T20:37:03","modified_gmt":"2025-08-27T20:37:03","slug":"condiciones-de-servicio","status":"publish","type":"page","link":"https:\/\/fitconsent.com\/es_es\/condiciones-de-servicio\/","title":{"rendered":"Condiciones de servicio"},"content":{"rendered":"\n\n<p>\u00daltima actualizaci\u00f3n: 24 de julio de 2025<\/p>\n\n\n\n\n<p>Por favor, lea estos t\u00e9rminos y condiciones detenidamente antes de utilizar Nuestro Servicio.<\/p>\n\n\n\n\n<h2 class=\"wp-block-heading\">Interpretaci\u00f3n y Definiciones<\/h2>\n\n\n\n\n<h3 class=\"wp-block-heading\">Interpretaci\u00f3n<\/h3>\n\n\n\n\n<p>Las palabras cuya letra inicial est\u00e1 en may\u00fascula tienen significados definidos bajo las siguientes condiciones. Las siguientes definiciones tendr\u00e1n el mismo significado independientemente de si aparecen en singular o en plural.<\/p>\n\n\n\n\n<h3 class=\"wp-block-heading\">Definiciones<\/h3>\n\n\n\n\n<p>A los efectos de estos T\u00e9rminos y Condiciones:<\/p>\n\n\n\n\n<ul class=\"wp-block-list\">\n<li><strong>Aplicaci\u00f3n<\/strong> se refiere al programa de software proporcionado por la Compa\u00f1\u00eda y descargado por Usted en cualquier dispositivo electr\u00f3nico, llamado FitConsent.<\/li>\n\n\n\n\n<li><strong>Compa\u00f1\u00eda<\/strong> (mencionada como \u00abla Compa\u00f1\u00eda\u00bb, \u00abNosotros\u00bb o \u00abNuestro\u00bb en este Acuerdo) se refiere a FitConsent, un producto de DIGITLOAD.<\/li>\n\n\n\n\n<li><strong>Pa\u00eds<\/strong> se refiere a: Canad\u00e1<\/li>\n\n\n\n\n<li><strong>Servicio<\/strong> se refiere a la Aplicaci\u00f3n.<\/li>\n\n\n\n\n<li><strong>T\u00e9rminos y Condiciones<\/strong> (tambi\u00e9n referidos como \u00abT\u00e9rminos\u00bb) significan estos T\u00e9rminos y Condiciones que constituyen el acuerdo completo entre Usted y la Compa\u00f1\u00eda con respecto al uso del Servicio.<\/li>\n\n\n\n\n<li><strong>Servicio de Redes Sociales de Terceros<\/strong> se refiere a cualquier servicio o contenido (incluidos datos, informaci\u00f3n, productos o servicios) proporcionado por un tercero que pueda ser mostrado, incluido o puesto a disposici\u00f3n por el Servicio.<\/li>\n\n\n\n\n<li><strong>Usted<\/strong> se refiere al individuo que accede o utiliza el Servicio, o a la compa\u00f1\u00eda, u otra entidad legal en nombre de la cual dicho individuo accede o utiliza el Servicio, seg\u00fan corresponda.<\/li>\n<\/ul>\n\n\n\n\n<h2 class=\"wp-block-heading\">Reconocimiento<\/h2>\n\n\n\n\n<p>Estos son los T\u00e9rminos y Condiciones que rigen el uso de este Servicio y el acuerdo que opera entre Usted y la Compa\u00f1\u00eda. Estos T\u00e9rminos y Condiciones establecen los derechos y obligaciones de todos los usuarios con respecto al uso del Servicio.<\/p>\n\n\n\n\n<p>Su acceso y uso del Servicio est\u00e1n condicionados a Su aceptaci\u00f3n y cumplimiento de estos T\u00e9rminos y Condiciones. Estos T\u00e9rminos y Condiciones se aplican a todos los visitantes, usuarios y otras personas que acceden o utilizan el Servicio.<\/p>\n\n\n\n\n<p>Al acceder o utilizar el Servicio, Usted acepta estar sujeto a estos T\u00e9rminos y Condiciones. Si no est\u00e1 de acuerdo con alguna parte de estos T\u00e9rminos y Condiciones, entonces no podr\u00e1 acceder al Servicio.<\/p>\n\n\n\n\n<p>Usted declara que tiene m\u00e1s de 18 a\u00f1os. La Compa\u00f1\u00eda no permite que los menores de 18 a\u00f1os utilicen el Servicio.<\/p>\n\n\n\n\n<p>Su acceso y uso del Servicio tambi\u00e9n est\u00e1n condicionados a Su aceptaci\u00f3n y cumplimiento de la Pol\u00edtica de Privacidad de la Compa\u00f1\u00eda. Nuestra Pol\u00edtica de Privacidad describe Nuestras pol\u00edticas y procedimientos sobre la recopilaci\u00f3n, uso y divulgaci\u00f3n de Su informaci\u00f3n personal cuando Usted utiliza la Aplicaci\u00f3n o el Sitio Web y le informa sobre Sus derechos de privacidad y c\u00f3mo la ley lo protege. Por favor, lea Nuestra Pol\u00edtica de Privacidad detenidamente antes de utilizar Nuestro Servicio.<\/p>\n\n\n\n\n<h2 class=\"wp-block-heading\">Cuentas de Usuario<\/h2>\n\n\n\n\n<p>Cuando crea una cuenta con Nosotros, debe proporcionarnos informaci\u00f3n que sea precisa, completa y actualizada en todo momento. No hacerlo constituye un incumplimiento de los T\u00e9rminos, lo que puede resultar en la terminaci\u00f3n inmediata de Su cuenta en Nuestro Servicio.<\/p>\n\n\n\n\n<p>Usted es responsable de salvaguardar la contrase\u00f1a que utiliza para acceder al Servicio y de cualquier actividad o acci\u00f3n bajo Su contrase\u00f1a, ya sea que Su contrase\u00f1a est\u00e9 en Nuestro Servicio o en un Servicio de Redes Sociales de Terceros.<\/p>\n\n\n\n\n<p>Usted acepta no revelar Su contrase\u00f1a a ning\u00fan tercero. Debe notificarnos inmediatamente al tomar conocimiento de cualquier violaci\u00f3n de seguridad o uso no autorizado de Su cuenta.<\/p>\n\n\n\n\n<h2 class=\"wp-block-heading\">Propiedad Intelectual<\/h2>\n\n\n\n\n<p>El Servicio y su contenido original (excluyendo el Contenido proporcionado por Usted u otros usuarios), caracter\u00edsticas y funcionalidades son y seguir\u00e1n siendo propiedad exclusiva de la Compa\u00f1\u00eda y sus licenciantes.<\/p>\n\n\n\n\n<p>El Servicio est\u00e1 protegido por derechos de autor, marcas comerciales y otras leyes tanto del Pa\u00eds como de pa\u00edses extranjeros.<\/p>\n\n\n\n\n<p>Nuestras marcas comerciales y nuestra imagen comercial no pueden ser utilizadas en relaci\u00f3n con ning\u00fan producto o servicio sin el consentimiento previo por escrito de la Compa\u00f1\u00eda.<\/p>\n\n\n\n\n<h2 class=\"wp-block-heading\">Limitaci\u00f3n de Responsabilidad<\/h2>\n\n\n\n\n<p>No obstante los da\u00f1os en los que Usted pueda incurrir, la responsabilidad total de la Compa\u00f1\u00eda y de cualquiera de sus proveedores bajo cualquier disposici\u00f3n de estos T\u00e9rminos y Su \u00fanico recurso para todo lo anterior se limitar\u00e1 a la cantidad realmente pagada por Usted a trav\u00e9s del Servicio o 100 USD si no ha comprado nada a trav\u00e9s del Servicio.<\/p>\n\n\n\n\n<p>En la m\u00e1xima medida permitida por la ley aplicable, en ning\u00fan caso la Compa\u00f1\u00eda o sus proveedores ser\u00e1n responsables de da\u00f1os especiales, incidentales, indirectos o consecuentes de cualquier tipo (incluyendo, pero sin limitarse a, da\u00f1os por p\u00e9rdida de beneficios, p\u00e9rdida de datos u otra informaci\u00f3n, por interrupci\u00f3n del negocio, por lesiones personales, p\u00e9rdida de privacidad que surjan de o de alguna manera relacionados con el uso o la imposibilidad de usar el Servicio, software de terceros y\/o hardware de terceros utilizados con el Servicio, o de cualquier otra forma en conexi\u00f3n con cualquier disposici\u00f3n de estos T\u00e9rminos), incluso si la Compa\u00f1\u00eda o un proveedor han sido advertidos de la posibilidad de tales da\u00f1os e incluso si el remedio falla en su prop\u00f3sito esencial.<br><\/p>\n\n\n\n\n<h2 class=\"wp-block-heading\">Ley Aplicable<\/h2>\n\n\n\n\n<p>Las leyes del Pa\u00eds, excluyendo sus reglas de conflicto de leyes, regir\u00e1n estos T\u00e9rminos y Su uso del Servicio. Su uso de la Aplicaci\u00f3n tambi\u00e9n puede estar sujeto a otras leyes locales, estatales, nacionales o internacionales.<\/p>\n\n\n\n\n<h2 class=\"wp-block-heading\">Resoluci\u00f3n de Disputas<\/h2>\n\n\n\n\n<p>Si tiene alguna inquietud o disputa sobre el Servicio, Usted acepta intentar primero resolver la disputa de manera informal contactando a la Compa\u00f1\u00eda.<\/p>\n\n\n\n\n<h2 class=\"wp-block-heading\">Divisibilidad y Renuncia<\/h2>\n\n\n\n\n<h3 class=\"wp-block-heading\">Divisibilidad<\/h3>\n\n\n\n\n<p>Si alguna disposici\u00f3n de estos T\u00e9rminos se considera inaplicable o inv\u00e1lida, dicha disposici\u00f3n se cambiar\u00e1 e interpretar\u00e1 para lograr los objetivos de dicha disposici\u00f3n en la mayor medida posible bajo la ley aplicable y las disposiciones restantes continuar\u00e1n en pleno vigor y efecto.<\/p>\n\n\n\n\n<h3 class=\"wp-block-heading\">Renuncia<\/h3>\n\n\n\n\n<p>Excepto seg\u00fan lo dispuesto en el presente, el hecho de no ejercer un derecho o de no exigir el cumplimiento de una obligaci\u00f3n en virtud de estos T\u00e9rminos no afectar\u00e1 la capacidad de una de las partes para ejercer dicho derecho o exigir dicho cumplimiento en cualquier momento posterior, ni la renuncia a un incumplimiento constituir\u00e1 una renuncia a cualquier incumplimiento posterior.<\/p>\n\n\n\n\n<h2 class=\"wp-block-heading\">Cambios en Estos T\u00e9rminos y Condiciones<\/h2>\n\n\n\n\n<p>Nos reservamos el derecho, a Nuestra entera discreci\u00f3n, de modificar o reemplazar estos T\u00e9rminos en cualquier momento. Si una revisi\u00f3n es sustancial, haremos esfuerzos razonables para proporcionar un aviso de al menos 30 d\u00edas antes de que los nuevos t\u00e9rminos entren en vigor. Lo que constituye un cambio sustancial se determinar\u00e1 a Nuestra entera discreci\u00f3n.<\/p>\n\n\n\n\n<p>Al continuar accediendo o utilizando Nuestro Servicio despu\u00e9s de que esas revisiones entren en vigor, Usted acepta estar sujeto a los t\u00e9rminos revisados. Si no est\u00e1 de acuerdo con los nuevos t\u00e9rminos, en su totalidad o en parte, por favor, deje de usar el sitio web y el Servicio.<\/p>\n\n\n\n\n<h2 class=\"wp-block-heading\">Cont\u00e1ctenos<\/h2>\n\n\n\n\n<p>Si tiene alguna pregunta sobre estos T\u00e9rminos y Condiciones, puede contactarnos:<\/p>\n\n\n\n\n<p>Visitando esta p\u00e1gina en nuestro sitio web: <a href=\"https:\/\/fitconsent.com\/contact\" target=\"_blank\" rel=\"noreferrer noopener\">https:\/\/fitconsent.com\/contact<\/a><\/p>\n\n\n\n\n<div style=\"height:100px\" aria-hidden=\"true\" class=\"wp-block-spacer\"><\/div>\n","protected":false},"excerpt":{"rendered":"<p>\u00daltima actualizaci\u00f3n: 24 de julio de 2025 Por favor, lea estos t\u00e9rminos y condiciones detenidamente antes de utilizar Nuestro Servicio. Interpretaci\u00f3n y Definiciones Interpretaci\u00f3n Las palabras cuya letra inicial est\u00e1 en may\u00fascula tienen significados definidos bajo las siguientes condiciones. Las siguientes definiciones tendr\u00e1n el mismo significado independientemente de si aparecen en singular o en plural. [&hellip;]<\/p>\n","protected":false},"author":5,"featured_media":0,"parent":0,"menu_order":0,"comment_status":"closed","ping_status":"closed","template":"","meta":{"_fitconsent_language":"es_ES","_fitconsent_translation_group":"638","footnotes":""},"class_list":["post-872","page","type-page","status-publish","hentry"],"yoast_head":"<!-- This site is optimized with the Yoast SEO plugin v27.2 - https:\/\/yoast.com\/product\/yoast-seo-wordpress\/ -->\n<title>Condiciones de servicio - FitConsent<\/title>\n<meta name=\"robots\" content=\"index, follow, max-snippet:-1, max-image-preview:large, max-video-preview:-1\" \/>\n<link rel=\"canonical\" href=\"https:\/\/fitconsent.com\/es_es\/condiciones-de-servicio\/\" \/>\n<meta property=\"og:locale\" content=\"es_ES\" \/>\n<meta property=\"og:type\" content=\"article\" \/>\n<meta property=\"og:title\" content=\"Condiciones de servicio - FitConsent\" \/>\n<meta property=\"og:description\" content=\"\u00daltima actualizaci\u00f3n: 24 de julio de 2025 Por favor, lea estos t\u00e9rminos y condiciones detenidamente antes de utilizar Nuestro Servicio. Interpretaci\u00f3n y Definiciones Interpretaci\u00f3n Las palabras cuya letra inicial est\u00e1 en may\u00fascula tienen significados definidos bajo las siguientes condiciones. Las siguientes definiciones tendr\u00e1n el mismo significado independientemente de si aparecen en singular o en plural. [&hellip;]\" \/>\n<meta property=\"og:url\" content=\"https:\/\/fitconsent.com\/es_es\/condiciones-de-servicio\/\" \/>\n<meta property=\"og:site_name\" content=\"FitConsent\" \/>\n<meta property=\"article:modified_time\" content=\"2025-08-27T20:37:03+00:00\" \/>\n<meta name=\"twitter:card\" content=\"summary_large_image\" \/>\n<meta name=\"twitter:label1\" content=\"Tiempo de lectura\" \/>\n\t<meta name=\"twitter:data1\" content=\"6 minutos\" \/>\n<script type=\"application\/ld+json\" class=\"yoast-schema-graph\">{\"@context\":\"https:\/\/schema.org\",\"@graph\":[{\"@type\":\"WebPage\",\"@id\":\"https:\/\/fitconsent.com\/es_es\/condiciones-de-servicio\/\",\"url\":\"https:\/\/fitconsent.com\/es_es\/condiciones-de-servicio\/\",\"name\":\"Condiciones de servicio - FitConsent\",\"isPartOf\":{\"@id\":\"https:\/\/fitconsent.com\/fr_fr\/#website\"},\"datePublished\":\"2025-08-27T20:37:01+00:00\",\"dateModified\":\"2025-08-27T20:37:03+00:00\",\"breadcrumb\":{\"@id\":\"https:\/\/fitconsent.com\/es_es\/condiciones-de-servicio\/#breadcrumb\"},\"inLanguage\":\"es\",\"potentialAction\":[{\"@type\":\"ReadAction\",\"target\":[\"https:\/\/fitconsent.com\/es_es\/condiciones-de-servicio\/\"]}]},{\"@type\":\"BreadcrumbList\",\"@id\":\"https:\/\/fitconsent.com\/es_es\/condiciones-de-servicio\/#breadcrumb\",\"itemListElement\":[{\"@type\":\"ListItem\",\"position\":1,\"name\":\"Home\",\"item\":\"https:\/\/fitconsent.com\/\"},{\"@type\":\"ListItem\",\"position\":2,\"name\":\"Condiciones de servicio\"}]},{\"@type\":\"WebSite\",\"@id\":\"https:\/\/fitconsent.com\/fr_fr\/#website\",\"url\":\"https:\/\/fitconsent.com\/fr_fr\/\",\"name\":\"FitConsent\",\"description\":\"By DIGITLOAD\",\"publisher\":{\"@id\":\"https:\/\/fitconsent.com\/fr_fr\/#organization\"},\"potentialAction\":[{\"@type\":\"SearchAction\",\"target\":{\"@type\":\"EntryPoint\",\"urlTemplate\":\"https:\/\/fitconsent.com\/fr_fr\/?s={search_term_string}\"},\"query-input\":{\"@type\":\"PropertyValueSpecification\",\"valueRequired\":true,\"valueName\":\"search_term_string\"}}],\"inLanguage\":\"es\"},{\"@type\":\"Organization\",\"@id\":\"https:\/\/fitconsent.com\/fr_fr\/#organization\",\"name\":\"DIGITLOAD\",\"url\":\"https:\/\/fitconsent.com\/fr_fr\/\",\"logo\":{\"@type\":\"ImageObject\",\"inLanguage\":\"es\",\"@id\":\"https:\/\/fitconsent.com\/fr_fr\/#\/schema\/logo\/image\/\",\"url\":\"https:\/\/fitconsent.com\/wp-content\/uploads\/2025\/08\/cropped-icon.png\",\"contentUrl\":\"https:\/\/fitconsent.com\/wp-content\/uploads\/2025\/08\/cropped-icon.png\",\"width\":512,\"height\":512,\"caption\":\"DIGITLOAD\"},\"image\":{\"@id\":\"https:\/\/fitconsent.com\/fr_fr\/#\/schema\/logo\/image\/\"}}]}<\/script>\n<!-- \/ Yoast SEO plugin. -->","yoast_head_json":{"title":"Condiciones de servicio - FitConsent","robots":{"index":"index","follow":"follow","max-snippet":"max-snippet:-1","max-image-preview":"max-image-preview:large","max-video-preview":"max-video-preview:-1"},"canonical":"https:\/\/fitconsent.com\/es_es\/condiciones-de-servicio\/","og_locale":"es_ES","og_type":"article","og_title":"Condiciones de servicio - FitConsent","og_description":"\u00daltima actualizaci\u00f3n: 24 de julio de 2025 Por favor, lea estos t\u00e9rminos y condiciones detenidamente antes de utilizar Nuestro Servicio. Interpretaci\u00f3n y Definiciones Interpretaci\u00f3n Las palabras cuya letra inicial est\u00e1 en may\u00fascula tienen significados definidos bajo las siguientes condiciones. Las siguientes definiciones tendr\u00e1n el mismo significado independientemente de si aparecen en singular o en plural. [&hellip;]","og_url":"https:\/\/fitconsent.com\/es_es\/condiciones-de-servicio\/","og_site_name":"FitConsent","article_modified_time":"2025-08-27T20:37:03+00:00","twitter_card":"summary_large_image","twitter_misc":{"Tiempo de lectura":"6 minutos"},"schema":{"@context":"https:\/\/schema.org","@graph":[{"@type":"WebPage","@id":"https:\/\/fitconsent.com\/es_es\/condiciones-de-servicio\/","url":"https:\/\/fitconsent.com\/es_es\/condiciones-de-servicio\/","name":"Condiciones de servicio - FitConsent","isPartOf":{"@id":"https:\/\/fitconsent.com\/fr_fr\/#website"},"datePublished":"2025-08-27T20:37:01+00:00","dateModified":"2025-08-27T20:37:03+00:00","breadcrumb":{"@id":"https:\/\/fitconsent.com\/es_es\/condiciones-de-servicio\/#breadcrumb"},"inLanguage":"es","potentialAction":[{"@type":"ReadAction","target":["https:\/\/fitconsent.com\/es_es\/condiciones-de-servicio\/"]}]},{"@type":"BreadcrumbList","@id":"https:\/\/fitconsent.com\/es_es\/condiciones-de-servicio\/#breadcrumb","itemListElement":[{"@type":"ListItem","position":1,"name":"Home","item":"https:\/\/fitconsent.com\/"},{"@type":"ListItem","position":2,"name":"Condiciones de servicio"}]},{"@type":"WebSite","@id":"https:\/\/fitconsent.com\/fr_fr\/#website","url":"https:\/\/fitconsent.com\/fr_fr\/","name":"FitConsent","description":"By DIGITLOAD","publisher":{"@id":"https:\/\/fitconsent.com\/fr_fr\/#organization"},"potentialAction":[{"@type":"SearchAction","target":{"@type":"EntryPoint","urlTemplate":"https:\/\/fitconsent.com\/fr_fr\/?s={search_term_string}"},"query-input":{"@type":"PropertyValueSpecification","valueRequired":true,"valueName":"search_term_string"}}],"inLanguage":"es"},{"@type":"Organization","@id":"https:\/\/fitconsent.com\/fr_fr\/#organization","name":"DIGITLOAD","url":"https:\/\/fitconsent.com\/fr_fr\/","logo":{"@type":"ImageObject","inLanguage":"es","@id":"https:\/\/fitconsent.com\/fr_fr\/#\/schema\/logo\/image\/","url":"https:\/\/fitconsent.com\/wp-content\/uploads\/2025\/08\/cropped-icon.png","contentUrl":"https:\/\/fitconsent.com\/wp-content\/uploads\/2025\/08\/cropped-icon.png","width":512,"height":512,"caption":"DIGITLOAD"},"image":{"@id":"https:\/\/fitconsent.com\/fr_fr\/#\/schema\/logo\/image\/"}}]}},"_links":{"self":[{"href":"https:\/\/fitconsent.com\/es_es\/wp-json\/wp\/v2\/pages\/872","targetHints":{"allow":["GET"]}}],"collection":[{"href":"https:\/\/fitconsent.com\/es_es\/wp-json\/wp\/v2\/pages"}],"about":[{"href":"https:\/\/fitconsent.com\/es_es\/wp-json\/wp\/v2\/types\/page"}],"author":[{"embeddable":true,"href":"https:\/\/fitconsent.com\/es_es\/wp-json\/wp\/v2\/users\/5"}],"replies":[{"embeddable":true,"href":"https:\/\/fitconsent.com\/es_es\/wp-json\/wp\/v2\/comments?post=872"}],"version-history":[{"count":1,"href":"https:\/\/fitconsent.com\/es_es\/wp-json\/wp\/v2\/pages\/872\/revisions"}],"predecessor-version":[{"id":873,"href":"https:\/\/fitconsent.com\/es_es\/wp-json\/wp\/v2\/pages\/872\/revisions\/873"}],"wp:attachment":[{"href":"https:\/\/fitconsent.com\/es_es\/wp-json\/wp\/v2\/media?parent=872"}],"curies":[{"name":"wp","href":"https:\/\/api.w.org\/{rel}","templated":true}]}}