{"id":862,"date":"2025-08-27T20:26:34","date_gmt":"2025-08-27T20:26:34","guid":{"rendered":"https:\/\/fitconsent.com\/?page_id=862"},"modified":"2025-11-11T16:20:42","modified_gmt":"2025-11-11T16:20:42","slug":"politica-de-confidencialidad","status":"publish","type":"page","link":"https:\/\/fitconsent.com\/es_es\/politica-de-confidencialidad\/","title":{"rendered":"Pol\u00edtica de Confidencialidad"},"content":{"rendered":"\n<p>\u00daltima actualizaci\u00f3n: 24 de julio de 2025<\/p>\n\n\n\n<p>Esta Pol\u00edtica de Privacidad describe Nuestras pol\u00edticas y procedimientos sobre la recopilaci\u00f3n, uso y divulgaci\u00f3n de Su informaci\u00f3n cuando Usted utiliza el Servicio y le informa sobre Sus derechos de privacidad y c\u00f3mo la ley lo protege.<\/p>\n\n\n\n<p>Utilizamos Sus Datos Personales para proporcionar y mejorar el Servicio. Al utilizar el Servicio, Usted acepta la recopilaci\u00f3n y el uso de informaci\u00f3n de acuerdo con esta Pol\u00edtica de Privacidad.<\/p>\n\n\n\n<h2 class=\"wp-block-heading\">Interpretaci\u00f3n y Definiciones<\/h2>\n\n\n\n<h3 class=\"wp-block-heading\">Interpretaci\u00f3n<\/h3>\n\n\n\n<p>Las palabras cuya letra inicial est\u00e1 en may\u00fascula tienen significados definidos bajo las siguientes condiciones. Las siguientes definiciones tendr\u00e1n el mismo significado independientemente de si aparecen en singular o en plural.<\/p>\n\n\n\n<h3 class=\"wp-block-heading\">Definiciones<\/h3>\n\n\n\n<p>A los efectos de esta Pol\u00edtica de Privacidad:<\/p>\n\n\n\n<ul class=\"wp-block-list\">\n<li><strong>Cuenta<\/strong> significa una cuenta \u00fanica creada para que Usted pueda acceder a nuestro Servicio o a partes de nuestro Servicio.<\/li>\n\n\n\n<li><strong>Empresa<\/strong> (denominada como \u00abla Empresa\u00bb, \u00abNosotros\u00bb o \u00abNuestra\u00bb en este Acuerdo) se refiere a FitConsent, un producto de DIGITLOAD.<\/li>\n\n\n\n<li><strong>Cookies<\/strong> son peque\u00f1os archivos que se colocan en Su computadora, dispositivo m\u00f3vil o cualquier otro dispositivo por un sitio web, que contienen los detalles de Su historial de navegaci\u00f3n en ese sitio web, entre sus muchos usos.<\/li>\n\n\n\n<li><strong>Pa\u00eds<\/strong> se refiere a: Canad\u00e1<\/li>\n\n\n\n<li><strong>Dispositivo<\/strong> significa cualquier dispositivo que pueda acceder al Servicio, como una computadora, un tel\u00e9fono m\u00f3vil o una tableta digital.<\/li>\n\n\n\n<li><strong>Datos Personales<\/strong> son cualquier informaci\u00f3n que se relacione con una persona identificada o identificable.<\/li>\n\n\n\n<li><strong>Servicio<\/strong> se refiere al Sitio Web.<\/li>\n\n\n\n<li><strong>Proveedor de Servicios<\/strong> significa cualquier persona f\u00edsica o jur\u00eddica que procese los datos en nombre de la Empresa. Se refiere a empresas o individuos de terceros empleados por la Empresa para facilitar el Servicio, para proporcionar el Servicio en nombre de la Empresa, para realizar servicios relacionados con el Servicio o para ayudar a la Empresa a analizar c\u00f3mo se utiliza el Servicio.<\/li>\n\n\n\n<li><strong>Datos de Uso<\/strong> se refieren a los datos recopilados autom\u00e1ticamente, ya sea generados por el uso del Servicio o de la infraestructura del Servicio en s\u00ed (por ejemplo, la duraci\u00f3n de una visita a una p\u00e1gina).<\/li>\n\n\n\n<li><strong>Sitio Web<\/strong> se refiere a FitConsent, accesible desde https:\/\/app.fitconsent.com<\/li>\n\n\n\n<li><strong>Usted<\/strong> se refiere a la persona que accede o utiliza el Servicio, o la empresa u otra entidad legal en nombre de la cual dicha persona est\u00e1 accediendo o utilizando el Servicio, seg\u00fan corresponda.<\/li>\n<\/ul>\n\n\n\n<h2 class=\"wp-block-heading\">Recopilaci\u00f3n y Uso de Sus Datos Personales<\/h2>\n\n\n\n<h3 class=\"wp-block-heading\">Tipos de Datos Recopilados<\/h3>\n\n\n\n<h4 class=\"wp-block-heading\">Datos Personales<\/h4>\n\n\n\n<p>Mientras utiliza Nuestro Servicio, podemos pedirle que Nos proporcione cierta informaci\u00f3n de identificaci\u00f3n personal que se puede utilizar para contactarlo o identificarlo. La informaci\u00f3n de identificaci\u00f3n personal puede incluir, pero no se limita a:<\/p>\n\n\n\n<ul class=\"wp-block-list\">\n<li>Direcci\u00f3n de correo electr\u00f3nico<\/li>\n\n\n\n<li>Nombre y apellido<\/li>\n\n\n\n<li>Datos de Uso<\/li>\n<\/ul>\n\n\n\n<h4 class=\"wp-block-heading\">Datos de Uso<\/h4>\n\n\n\n<p>Los Datos de Uso se recopilan autom\u00e1ticamente al utilizar el Servicio.<\/p>\n\n\n\n<p>Los Datos de Uso pueden incluir informaci\u00f3n como la direcci\u00f3n de Protocolo de Internet de Su Dispositivo (p. ej., direcci\u00f3n IP), tipo de navegador, versi\u00f3n del navegador, las p\u00e1ginas de nuestro Servicio que visita, la hora y fecha de Su visita, el tiempo que pas\u00f3 en esas p\u00e1ginas, identificadores \u00fanicos de dispositivo y otros datos de diagn\u00f3stico.<\/p>\n\n\n\n<p>Cuando Usted accede al Servicio a trav\u00e9s de un dispositivo m\u00f3vil, podemos recopilar cierta informaci\u00f3n autom\u00e1ticamente, que incluye, pero no se limita a, el tipo de dispositivo m\u00f3vil que utiliza, la identificaci\u00f3n \u00fanica de Su dispositivo m\u00f3vil, la direcci\u00f3n IP de Su dispositivo m\u00f3vil, Su sistema operativo m\u00f3vil, el tipo de navegador de Internet m\u00f3vil que utiliza, identificadores \u00fanicos de dispositivo y otros datos de diagn\u00f3stico.<\/p>\n\n\n\n<p>Tambi\u00e9n podemos recopilar informaci\u00f3n que Su navegador env\u00eda cada vez que visita nuestro Servicio o cuando accede al Servicio a trav\u00e9s de un dispositivo m\u00f3vil.<\/p>\n\n\n\n<p>Tecnolog\u00edas de Seguimiento y Cookies<\/p>\n\n\n\n<p>Utilizamos Cookies y tecnolog\u00edas de seguimiento similares para rastrear la actividad en Nuestro Servicio y almacenar cierta informaci\u00f3n. Las tecnolog\u00edas de seguimiento utilizadas son balizas, etiquetas y scripts para recopilar y rastrear informaci\u00f3n y para mejorar y analizar Nuestro Servicio. Las tecnolog\u00edas que utilizamos pueden incluir:<\/p>\n\n\n\n<ul class=\"wp-block-list\">\n<li><strong>Cookies o Cookies del Navegador.<\/strong> Una cookie es un peque\u00f1o archivo que se coloca en Su Dispositivo. Puede indicar a Su navegador que rechace todas las Cookies o que le notifique cuando se env\u00eda una Cookie. Sin embargo, si no acepta las Cookies, es posible que no pueda utilizar algunas partes de nuestro Servicio. A menos que haya ajustado la configuraci\u00f3n de Su navegador para que rechace las Cookies, nuestro Servicio puede usar Cookies.<\/li>\n\n\n\n<li><strong>Balizas Web.<\/strong> Ciertas secciones de nuestro Servicio y de nuestros correos electr\u00f3nicos pueden contener peque\u00f1os archivos electr\u00f3nicos conocidos como balizas web (tambi\u00e9n denominados gifs transparentes, etiquetas de p\u00edxeles y gifs de un solo p\u00edxel) que permiten a la Empresa, por ejemplo, contar los usuarios que han visitado esas p\u00e1ginas o abierto un correo electr\u00f3nico y para otras estad\u00edsticas relacionadas con el sitio web (por ejemplo, registrar la popularidad de una determinada secci\u00f3n y verificar la integridad del sistema y del servidor).<\/li>\n<\/ul>\n\n\n\n<p>Las Cookies pueden ser Cookies \u00abPersistentes\u00bb o de \u00abSesi\u00f3n\u00bb. Las Cookies Persistentes permanecen en Su computadora personal o dispositivo m\u00f3vil cuando Usted se desconecta, mientras que las Cookies de Sesi\u00f3n se eliminan tan pronto como cierra Su navegador web.<br><\/p>\n\n\n\n<p>Declaraci\u00f3n de Almacenamiento<\/p>\n\n\n\n<p>Para una transparencia total, a continuaci\u00f3n se muestra una lista de las cookies espec\u00edficas y otros elementos de almacenamiento que nuestro servicio puede colocar en su navegador. Esta lista se actualiza autom\u00e1ticamente en funci\u00f3n de escaneos peri\u00f3dicos de nuestro sitio web.<\/p>\n\n\n\n<div id=\"fitconsent-declaration\"><\/div>\n<script async defer src=\"https:\/\/app.fitconsent.com\/api\/declaration?websiteId=kwVxyt00In1wBjqQOTJM\"><\/script>\n\n\n\n<h2 class=\"wp-block-heading\">Uso de Sus Datos Personales<\/h2>\n\n\n\n<p>La Empresa puede utilizar los Datos Personales para los siguientes fines:<\/p>\n\n\n\n<ul class=\"wp-block-list\">\n<li><strong>Para proporcionar y mantener nuestro Servicio,<\/strong> incluyendo para monitorear el uso de nuestro Servicio.<\/li>\n\n\n\n<li><strong>Para gestionar Su Cuenta:<\/strong> para gestionar Su registro como usuario del Servicio. Los Datos Personales que Usted proporciona pueden darle acceso a diferentes funcionalidades del Servicio que est\u00e1n disponibles para Usted como usuario registrado.<\/li>\n\n\n\n<li><strong>Para la ejecuci\u00f3n de un contrato:<\/strong> el desarrollo, cumplimiento y ejecuci\u00f3n del contrato de compra de los productos, art\u00edculos o servicios que Usted ha comprado o de cualquier otro contrato con Nosotros a trav\u00e9s del Servicio.<\/li>\n\n\n\n<li><strong>Para contactarlo:<\/strong> Para contactarlo por correo electr\u00f3nico, llamadas telef\u00f3nicas, SMS u otras formas equivalentes de comunicaci\u00f3n electr\u00f3nica, como las notificaciones push de una aplicaci\u00f3n m\u00f3vil con respecto a actualizaciones o comunicaciones informativas relacionadas con las funcionalidades, productos o servicios contratados, incluidas las actualizaciones de seguridad, cuando sea necesario o razonable para su implementaci\u00f3n.<\/li>\n\n\n\n<li><strong>Para proporcionarle<\/strong> noticias, ofertas especiales e informaci\u00f3n general sobre otros bienes, servicios y eventos que ofrecemos que son similares a los que ya ha comprado o sobre los que ha consultado, a menos que Usted haya optado por no recibir dicha informaci\u00f3n.<\/li>\n\n\n\n<li><strong>Para gestionar Sus solicitudes:<\/strong> Para atender y gestionar Sus solicitudes a Nosotros.<\/li>\n\n\n\n<li><strong>Para transferencias de negocios:<\/strong> Podemos utilizar Su informaci\u00f3n para evaluar o llevar a cabo una fusi\u00f3n, desinversi\u00f3n, reestructuraci\u00f3n, reorganizaci\u00f3n, disoluci\u00f3n u otra venta o transferencia de algunos o todos Nuestros activos, ya sea como una empresa en funcionamiento o como parte de una quiebra, liquidaci\u00f3n o procedimiento similar, en el cual los Datos Personales que poseemos sobre los usuarios de nuestro Servicio se encuentran entre los activos transferidos.<\/li>\n\n\n\n<li><strong>Para otros fines:<\/strong> Podemos utilizar Su informaci\u00f3n para otros fines, como an\u00e1lisis de datos, identificaci\u00f3n de tendencias de uso, determinaci\u00f3n de la efectividad de nuestras campa\u00f1as promocionales y para evaluar y mejorar nuestro Servicio, productos, servicios, marketing y su experiencia.<\/li>\n<\/ul>\n\n\n\n<h2 class=\"wp-block-heading\">Privacidad de los Ni\u00f1os<\/h2>\n\n\n\n<p>Nuestro Servicio no se dirige a nadie menor de 13 a\u00f1os. No recopilamos a sabiendas informaci\u00f3n de identificaci\u00f3n personal de nadie menor de 13 a\u00f1os. Si Usted es un padre o tutor y sabe que Su hijo Nos ha proporcionado Datos Personales, por favor cont\u00e1ctenos. Si Nos damos cuenta de que hemos recopilado Datos Personales de alguien menor de 13 a\u00f1os sin la verificaci\u00f3n del consentimiento de los padres, tomamos medidas para eliminar esa informaci\u00f3n de Nuestros servidores.<\/p>\n\n\n\n<h2 class=\"wp-block-heading\">Enlaces a Otros Sitios Web<\/h2>\n\n\n\n<p>Nuestro Servicio puede contener enlaces a otros sitios web que no son operados por Nosotros. Si Usted hace clic en un enlace de un tercero, ser\u00e1 dirigido al sitio de ese tercero. Le recomendamos encarecidamente que revise la Pol\u00edtica de Privacidad de cada sitio que visite.<\/p>\n\n\n\n<p>No tenemos control sobre y no asumimos ninguna responsabilidad por el contenido, las pol\u00edticas de privacidad o las pr\u00e1cticas de cualquier sitio o servicio de terceros.<br><\/p>\n\n\n\n<h2 class=\"wp-block-heading\">Cambios en esta Pol\u00edtica de Privacidad<\/h2>\n\n\n\n<p>Podemos actualizar Nuestra Pol\u00edtica de Privacidad de vez en cuando. Le notificaremos de cualquier cambio publicando la nueva Pol\u00edtica de Privacidad en esta p\u00e1gina.<\/p>\n\n\n\n<p>Le informaremos por correo electr\u00f3nico y\/o un aviso destacado en Nuestro Servicio, antes de que el cambio entre en vigencia y actualizaremos la fecha de \u00ab\u00daltima actualizaci\u00f3n\u00bb en la parte superior de esta Pol\u00edtica de Privacidad.<\/p>\n\n\n\n<p>Se le recomienda que revise esta Pol\u00edtica de Privacidad peri\u00f3dicamente para ver si hay cambios. Los cambios en esta Pol\u00edtica de Privacidad son efectivos cuando se publican en esta p\u00e1gina.<\/p>\n\n\n\n<h2 class=\"wp-block-heading\">Cont\u00e1ctenos<\/h2>\n\n\n\n<p>Si tiene alguna pregunta sobre esta Pol\u00edtica de Privacidad, puede contactarnos:<\/p>\n\n\n\n<p>Visitando esta p\u00e1gina en nuestro sitio web: <a href=\"https:\/\/fitconsent.com\/contact\" target=\"_blank\" rel=\"noreferrer noopener\">https:\/\/fitconsent.com\/contact<\/a><\/p>\n\n\n\n<div style=\"height:100px\" aria-hidden=\"true\" class=\"wp-block-spacer\"><\/div>\n\n\n\n<p><\/p>\n","protected":false},"excerpt":{"rendered":"<p>\u00daltima actualizaci\u00f3n: 24 de julio de 2025 Esta Pol\u00edtica de Privacidad describe Nuestras pol\u00edticas y procedimientos sobre la recopilaci\u00f3n, uso y divulgaci\u00f3n de Su informaci\u00f3n cuando Usted utiliza el Servicio y le informa sobre Sus derechos de privacidad y c\u00f3mo la ley lo protege. Utilizamos Sus Datos Personales para proporcionar y mejorar el Servicio. Al [&hellip;]<\/p>\n","protected":false},"author":5,"featured_media":0,"parent":0,"menu_order":0,"comment_status":"closed","ping_status":"closed","template":"","meta":{"_fitconsent_language":"es_ES","_fitconsent_translation_group":"633","footnotes":""},"class_list":["post-862","page","type-page","status-publish","hentry"],"yoast_head":"<!-- This site is optimized with the Yoast SEO plugin v27.2 - https:\/\/yoast.com\/product\/yoast-seo-wordpress\/ -->\n<title>Pol\u00edtica de Confidencialidad - FitConsent<\/title>\n<meta name=\"robots\" content=\"index, follow, max-snippet:-1, max-image-preview:large, max-video-preview:-1\" \/>\n<link rel=\"canonical\" href=\"https:\/\/fitconsent.com\/es_es\/politica-de-confidencialidad\/\" \/>\n<meta property=\"og:locale\" content=\"es_ES\" \/>\n<meta property=\"og:type\" content=\"article\" \/>\n<meta property=\"og:title\" content=\"Pol\u00edtica de Confidencialidad - FitConsent\" \/>\n<meta property=\"og:description\" content=\"\u00daltima actualizaci\u00f3n: 24 de julio de 2025 Esta Pol\u00edtica de Privacidad describe Nuestras pol\u00edticas y procedimientos sobre la recopilaci\u00f3n, uso y divulgaci\u00f3n de Su informaci\u00f3n cuando Usted utiliza el Servicio y le informa sobre Sus derechos de privacidad y c\u00f3mo la ley lo protege. Utilizamos Sus Datos Personales para proporcionar y mejorar el Servicio. Al [&hellip;]\" \/>\n<meta property=\"og:url\" content=\"https:\/\/fitconsent.com\/es_es\/politica-de-confidencialidad\/\" \/>\n<meta property=\"og:site_name\" content=\"FitConsent\" \/>\n<meta property=\"article:modified_time\" content=\"2025-11-11T16:20:42+00:00\" \/>\n<meta name=\"twitter:card\" content=\"summary_large_image\" \/>\n<meta name=\"twitter:label1\" content=\"Tiempo de lectura\" \/>\n\t<meta name=\"twitter:data1\" content=\"7 minutos\" \/>\n<script type=\"application\/ld+json\" class=\"yoast-schema-graph\">{\"@context\":\"https:\/\/schema.org\",\"@graph\":[{\"@type\":\"WebPage\",\"@id\":\"https:\/\/fitconsent.com\/es_es\/politica-de-confidencialidad\/\",\"url\":\"https:\/\/fitconsent.com\/es_es\/politica-de-confidencialidad\/\",\"name\":\"Pol\u00edtica de Confidencialidad - FitConsent\",\"isPartOf\":{\"@id\":\"https:\/\/fitconsent.com\/fr_fr\/#website\"},\"datePublished\":\"2025-08-27T20:26:34+00:00\",\"dateModified\":\"2025-11-11T16:20:42+00:00\",\"breadcrumb\":{\"@id\":\"https:\/\/fitconsent.com\/es_es\/politica-de-confidencialidad\/#breadcrumb\"},\"inLanguage\":\"es\",\"potentialAction\":[{\"@type\":\"ReadAction\",\"target\":[\"https:\/\/fitconsent.com\/es_es\/politica-de-confidencialidad\/\"]}]},{\"@type\":\"BreadcrumbList\",\"@id\":\"https:\/\/fitconsent.com\/es_es\/politica-de-confidencialidad\/#breadcrumb\",\"itemListElement\":[{\"@type\":\"ListItem\",\"position\":1,\"name\":\"Home\",\"item\":\"https:\/\/fitconsent.com\/\"},{\"@type\":\"ListItem\",\"position\":2,\"name\":\"Pol\u00edtica de Confidencialidad\"}]},{\"@type\":\"WebSite\",\"@id\":\"https:\/\/fitconsent.com\/fr_fr\/#website\",\"url\":\"https:\/\/fitconsent.com\/fr_fr\/\",\"name\":\"FitConsent\",\"description\":\"By DIGITLOAD\",\"publisher\":{\"@id\":\"https:\/\/fitconsent.com\/fr_fr\/#organization\"},\"potentialAction\":[{\"@type\":\"SearchAction\",\"target\":{\"@type\":\"EntryPoint\",\"urlTemplate\":\"https:\/\/fitconsent.com\/fr_fr\/?s={search_term_string}\"},\"query-input\":{\"@type\":\"PropertyValueSpecification\",\"valueRequired\":true,\"valueName\":\"search_term_string\"}}],\"inLanguage\":\"es\"},{\"@type\":\"Organization\",\"@id\":\"https:\/\/fitconsent.com\/fr_fr\/#organization\",\"name\":\"DIGITLOAD\",\"url\":\"https:\/\/fitconsent.com\/fr_fr\/\",\"logo\":{\"@type\":\"ImageObject\",\"inLanguage\":\"es\",\"@id\":\"https:\/\/fitconsent.com\/fr_fr\/#\/schema\/logo\/image\/\",\"url\":\"https:\/\/fitconsent.com\/wp-content\/uploads\/2025\/08\/cropped-icon.png\",\"contentUrl\":\"https:\/\/fitconsent.com\/wp-content\/uploads\/2025\/08\/cropped-icon.png\",\"width\":512,\"height\":512,\"caption\":\"DIGITLOAD\"},\"image\":{\"@id\":\"https:\/\/fitconsent.com\/fr_fr\/#\/schema\/logo\/image\/\"}}]}<\/script>\n<!-- \/ Yoast SEO plugin. -->","yoast_head_json":{"title":"Pol\u00edtica de Confidencialidad - FitConsent","robots":{"index":"index","follow":"follow","max-snippet":"max-snippet:-1","max-image-preview":"max-image-preview:large","max-video-preview":"max-video-preview:-1"},"canonical":"https:\/\/fitconsent.com\/es_es\/politica-de-confidencialidad\/","og_locale":"es_ES","og_type":"article","og_title":"Pol\u00edtica de Confidencialidad - FitConsent","og_description":"\u00daltima actualizaci\u00f3n: 24 de julio de 2025 Esta Pol\u00edtica de Privacidad describe Nuestras pol\u00edticas y procedimientos sobre la recopilaci\u00f3n, uso y divulgaci\u00f3n de Su informaci\u00f3n cuando Usted utiliza el Servicio y le informa sobre Sus derechos de privacidad y c\u00f3mo la ley lo protege. Utilizamos Sus Datos Personales para proporcionar y mejorar el Servicio. Al [&hellip;]","og_url":"https:\/\/fitconsent.com\/es_es\/politica-de-confidencialidad\/","og_site_name":"FitConsent","article_modified_time":"2025-11-11T16:20:42+00:00","twitter_card":"summary_large_image","twitter_misc":{"Tiempo de lectura":"7 minutos"},"schema":{"@context":"https:\/\/schema.org","@graph":[{"@type":"WebPage","@id":"https:\/\/fitconsent.com\/es_es\/politica-de-confidencialidad\/","url":"https:\/\/fitconsent.com\/es_es\/politica-de-confidencialidad\/","name":"Pol\u00edtica de Confidencialidad - FitConsent","isPartOf":{"@id":"https:\/\/fitconsent.com\/fr_fr\/#website"},"datePublished":"2025-08-27T20:26:34+00:00","dateModified":"2025-11-11T16:20:42+00:00","breadcrumb":{"@id":"https:\/\/fitconsent.com\/es_es\/politica-de-confidencialidad\/#breadcrumb"},"inLanguage":"es","potentialAction":[{"@type":"ReadAction","target":["https:\/\/fitconsent.com\/es_es\/politica-de-confidencialidad\/"]}]},{"@type":"BreadcrumbList","@id":"https:\/\/fitconsent.com\/es_es\/politica-de-confidencialidad\/#breadcrumb","itemListElement":[{"@type":"ListItem","position":1,"name":"Home","item":"https:\/\/fitconsent.com\/"},{"@type":"ListItem","position":2,"name":"Pol\u00edtica de Confidencialidad"}]},{"@type":"WebSite","@id":"https:\/\/fitconsent.com\/fr_fr\/#website","url":"https:\/\/fitconsent.com\/fr_fr\/","name":"FitConsent","description":"By DIGITLOAD","publisher":{"@id":"https:\/\/fitconsent.com\/fr_fr\/#organization"},"potentialAction":[{"@type":"SearchAction","target":{"@type":"EntryPoint","urlTemplate":"https:\/\/fitconsent.com\/fr_fr\/?s={search_term_string}"},"query-input":{"@type":"PropertyValueSpecification","valueRequired":true,"valueName":"search_term_string"}}],"inLanguage":"es"},{"@type":"Organization","@id":"https:\/\/fitconsent.com\/fr_fr\/#organization","name":"DIGITLOAD","url":"https:\/\/fitconsent.com\/fr_fr\/","logo":{"@type":"ImageObject","inLanguage":"es","@id":"https:\/\/fitconsent.com\/fr_fr\/#\/schema\/logo\/image\/","url":"https:\/\/fitconsent.com\/wp-content\/uploads\/2025\/08\/cropped-icon.png","contentUrl":"https:\/\/fitconsent.com\/wp-content\/uploads\/2025\/08\/cropped-icon.png","width":512,"height":512,"caption":"DIGITLOAD"},"image":{"@id":"https:\/\/fitconsent.com\/fr_fr\/#\/schema\/logo\/image\/"}}]}},"_links":{"self":[{"href":"https:\/\/fitconsent.com\/es_es\/wp-json\/wp\/v2\/pages\/862","targetHints":{"allow":["GET"]}}],"collection":[{"href":"https:\/\/fitconsent.com\/es_es\/wp-json\/wp\/v2\/pages"}],"about":[{"href":"https:\/\/fitconsent.com\/es_es\/wp-json\/wp\/v2\/types\/page"}],"author":[{"embeddable":true,"href":"https:\/\/fitconsent.com\/es_es\/wp-json\/wp\/v2\/users\/5"}],"replies":[{"embeddable":true,"href":"https:\/\/fitconsent.com\/es_es\/wp-json\/wp\/v2\/comments?post=862"}],"version-history":[{"count":2,"href":"https:\/\/fitconsent.com\/es_es\/wp-json\/wp\/v2\/pages\/862\/revisions"}],"predecessor-version":[{"id":2158,"href":"https:\/\/fitconsent.com\/es_es\/wp-json\/wp\/v2\/pages\/862\/revisions\/2158"}],"wp:attachment":[{"href":"https:\/\/fitconsent.com\/es_es\/wp-json\/wp\/v2\/media?parent=862"}],"curies":[{"name":"wp","href":"https:\/\/api.w.org\/{rel}","templated":true}]}}