{"id":2057,"date":"2025-10-21T17:44:06","date_gmt":"2025-10-21T17:44:06","guid":{"rendered":"https:\/\/fitconsent.com\/?page_id=2057"},"modified":"2025-10-21T17:46:06","modified_gmt":"2025-10-21T17:46:06","slug":"uet-de-microsoft-seguimiento-universal-de-eventos","status":"publish","type":"page","link":"https:\/\/fitconsent.com\/es_es\/uet-de-microsoft-seguimiento-universal-de-eventos\/","title":{"rendered":"La Gu\u00eda Esencial del Modo de Consentimiento UET de Microsoft y por Qu\u00e9 FitConsent CMP es Crucial"},"content":{"rendered":"\n<h3 class=\"wp-block-heading\">Comprender el Modo de Consentimiento UET de Microsoft<\/h3>\n\n\n\n<p>El <strong>Seguimiento Universal de Eventos (UET) de Microsoft<\/strong> es una herramienta esencial para los anunciantes que utilizan Microsoft Advertising (anteriormente Bing Ads). La etiqueta UET ayuda a medir la efectividad de las campa\u00f1as publicitarias al rastrear las acciones del usuario (conversiones) en un sitio web, como compras, registros o visitas a p\u00e1ginas.<\/p>\n\n\n\n<figure class=\"wp-block-image aligncenter size-full\"><img loading=\"lazy\" decoding=\"async\" width=\"800\" height=\"387\" src=\"https:\/\/fitconsent.com\/wp-content\/uploads\/2025\/10\/15.png\" alt=\"Microsoft UET Consent Mode\" class=\"wp-image-2037\" srcset=\"https:\/\/fitconsent.com\/wp-content\/uploads\/2025\/10\/15.png 800w, https:\/\/fitconsent.com\/wp-content\/uploads\/2025\/10\/15-300x145.png 300w, https:\/\/fitconsent.com\/wp-content\/uploads\/2025\/10\/15-768x372.png 768w, https:\/\/fitconsent.com\/wp-content\/uploads\/2025\/10\/15-600x290.png 600w\" sizes=\"auto, (max-width: 800px) 100vw, 800px\" \/><\/figure>\n\n\n\n<p>El <strong>Modo de Consentimiento UET de Microsoft<\/strong> es el mecanismo que permite a UET ajustar su comportamiento de seguimiento en funci\u00f3n de las preferencias de consentimiento expl\u00edcito de un usuario, asegurando el cumplimiento de las regulaciones globales de privacidad de datos en evoluci\u00f3n como el <strong><a href=\"https:\/\/fitconsent.com\/es_es\/el-reglamento-general-de-proteccion-de-datos-rgpd-explicado\/\">GDPR<\/a><\/strong>, el <strong><a href=\"https:\/\/fitconsent.com\/es_es\/ccpa-cpra-consumidores-de-california-y-privacidad-de-datos\/\">CCPA<\/a><\/strong> y la Ley de Mercados Digitales (DMA) de la UE.<\/p>\n\n\n\n<p>Cuando un usuario llega a su sitio web, el Modo de Consentimiento verifica el estado del consentimiento para <code>ad_storage<\/code>:<\/p>\n\n\n\n<ul class=\"wp-block-list\">\n<li><strong>Si se otorga el consentimiento:<\/strong> La etiqueta UET se activa normalmente, configurando y leyendo <em>cookies<\/em> para rastrear conversiones detalladas, llenar listas de <em>remarketing<\/em> y optimizar estrategias de puja.<\/li>\n\n\n\n<li><strong>Si se deniega el consentimiento:<\/strong> La etiqueta UET est\u00e1 restringida. Env\u00eda se\u00f1ales de datos limitadas, an\u00f3nimas y no personales (conocidas como \u00abpings\u00bb) sin configurar o leer <em>cookies<\/em> con fines publicitarios, o se bloquea por completo, dependiendo del m\u00e9todo de implementaci\u00f3n (b\u00e1sico o avanzado). Esto permite informes agregados b\u00e1sicos mientras se respeta la elecci\u00f3n de privacidad del usuario.<\/li>\n<\/ul>\n\n\n\n<p>Implementar el Modo de Consentimiento UET ya no es opcional; es <strong>obligatorio<\/strong> para todos los anunciantes que se dirigen a usuarios en el Espacio Econ\u00f3mico Europeo (EEE), el Reino Unido y Suiza para evitar una p\u00e9rdida significativa de datos, la suspensi\u00f3n del seguimiento de conversiones y la desactivaci\u00f3n de las funciones de <em>remarketing<\/em>.<\/p>\n\n\n\n<hr class=\"wp-block-separator has-alpha-channel-opacity\"\/>\n\n\n\n<h3 class=\"wp-block-heading\">El Papel Cr\u00edtico de FitConsent CMP en el Cumplimiento de UET<\/h3>\n\n\n\n<p>Implementar el Modo de Consentimiento UET de Microsoft manualmente puede ser t\u00e9cnicamente complejo, propenso a errores y desafiante de auditar para el cumplimiento continuo. Aqu\u00ed es donde una s\u00f3lida <strong><a href=\"https:\/\/fitconsent.com\/es_es\/plataforma-de-gestion-de-consentimiento-del-usuario-cmp\/\">Plataforma de Gesti\u00f3n de Consentimiento (CMP)<\/a><\/strong> se vuelve indispensable.<\/p>\n\n\n\n<p>Una poderosa <strong>CMP<\/strong> como <strong><a href=\"https:\/\/fitconsent.com\/es_es\/gestion-del-consentimiento-del-usuario-cmp-para-el-rgpd-y-la-ccpa\/?lang=es_ES\">FitConsent<\/a><\/strong> proporciona la integraci\u00f3n automatizada y sin fisuras necesaria para manejar las complejidades del Modo de Consentimiento UET. <strong><a href=\"https:\/\/fitconsent.com\/es_es\/gestion-del-consentimiento-del-usuario-cmp-para-el-rgpd-y-la-ccpa\/?lang=es_ES\">FitConsent<\/a> CMP<\/strong> garantiza que:<\/p>\n\n\n\n<ul class=\"wp-block-list\">\n<li><strong>Recolecci\u00f3n de Consentimiento V\u00e1lido:<\/strong> Muestra un <em>banner<\/em> personalizable y compatible para recopilar con precisi\u00f3n el consentimiento del usuario para publicidad y seguimiento.<\/li>\n\n\n\n<li><strong>Mapeo de Se\u00f1ales en Tiempo Real:<\/strong> Traduce autom\u00e1ticamente las elecciones del usuario en las se\u00f1ales correctas de <code>ad_storage<\/code> (<strong>otorgado<\/strong> o <strong>denegado<\/strong>) y las comunica instant\u00e1neamente a la etiqueta UET de Microsoft, que es la funci\u00f3n principal del Modo de Consentimiento.<\/li>\n\n\n\n<li><strong>Cobertura Regulatoria:<\/strong> Gestiona el consentimiento no solo para UET, sino en todas las principales plataformas publicitarias y se actualiza constantemente para cumplir con las regulaciones en evoluci\u00f3n en todo el mundo, desde el <strong><a href=\"https:\/\/fitconsent.com\/es_es\/el-reglamento-general-de-proteccion-de-datos-rgpd-explicado\/\">GDPR<\/a><\/strong> hasta el <strong><a href=\"https:\/\/fitconsent.com\/es_es\/ccpa-cpra-consumidores-de-california-y-privacidad-de-datos\/\">CCPA<\/a><\/strong>.<\/li>\n\n\n\n<li><strong>Ruta de Auditor\u00eda:<\/strong> <strong><a href=\"https:\/\/fitconsent.com\/es_es\/gestion-del-consentimiento-del-usuario-cmp-para-el-rgpd-y-la-ccpa\/?lang=es_ES\">FitConsent<\/a> CMP<\/strong> mantiene un registro legalmente s\u00f3lido y con marca de tiempo de cada decisi\u00f3n de consentimiento del usuario, lo cual es crucial para probar el cumplimiento durante una auditor\u00eda.<\/li>\n<\/ul>\n\n\n\n<h3 class=\"wp-block-heading\">Cumplimiento sin Esfuerzo para Sitios de WordPress con FitConsent<\/h3>\n\n\n\n<p>Para millones de propietarios de sitios web de <strong>WordPress<\/strong>, el cumplimiento debe ser simple y no disruptivo. <strong><a href=\"https:\/\/fitconsent.com\/es_es\/gestion-del-consentimiento-del-usuario-cmp-para-el-rgpd-y-la-ccpa\/?lang=es_ES\">FitConsent<\/a><\/strong> proporciona una <strong><a href=\"https:\/\/fitconsent.com\/es_es\/plataforma-de-gestion-de-consentimiento-del-usuario-cmp\/\">Plataforma de Gesti\u00f3n de Consentimiento (CMP)<\/a><\/strong> potente pero simple, espec\u00edficamente dise\u00f1ada como un <strong><a href=\"https:\/\/wordpress.org\/plugins\/fitconsent-cmp\/#description\">plugin de WordPress<\/a><\/strong> para ayudarlo a cumplir con las regulaciones de privacidad como <strong><a href=\"https:\/\/fitconsent.com\/es_es\/el-reglamento-general-de-proteccion-de-datos-rgpd-explicado\/\">GDPR<\/a><\/strong> y <strong><a href=\"https:\/\/fitconsent.com\/es_es\/ccpa-cpra-consumidores-de-california-y-privacidad-de-datos\/\">CCPA<\/a><\/strong>.<\/p>\n\n\n\n<p>El <strong><a href=\"https:\/\/wordpress.org\/plugins\/fitconsent-cmp\/#description\">plugin de WordPress de FitConsent<\/a><\/strong> hace que sea incre\u00edblemente f\u00e1cil agregar el <em>banner<\/em> de consentimiento necesario a su sitio. Lo m\u00e1s importante es que proporciona compatibilidad autom\u00e1tica y lista para usar con la <strong>API de Consentimiento de WP<\/strong>, que es el m\u00e9todo estandarizado utilizado por las principales integraciones como <strong>Google Site Kit<\/strong>.<\/p>\n\n\n\n<p>Al utilizar este <em><a href=\"https:\/\/wordpress.org\/plugins\/fitconsent-cmp\/#description\">plugin<\/a><\/em>, puede habilitar la <strong>funci\u00f3n de modo de consentimiento de Google Site Kit<\/strong> y estar seguro de que se respetan las elecciones de consentimiento de sus usuarios, lo que permite un an\u00e1lisis y seguimiento de anuncios efectivos y conformes. La sinergia entre <strong><a href=\"https:\/\/fitconsent.com\/es_es\/gestion-del-consentimiento-del-usuario-cmp-para-el-rgpd-y-la-ccpa\/?lang=es_ES\">FitConsent<\/a><\/strong>, la <strong>API de Consentimiento de WP<\/strong> y el Modo de Consentimiento UET garantiza que su recopilaci\u00f3n de datos sea legalmente s\u00f3lida, minimizando el riesgo de cumplimiento mientras maximiza su ROI de marketing.<\/p>\n\n\n\n<p>Al utilizar una soluci\u00f3n especializada como <strong><a href=\"https:\/\/fitconsent.com\/es_es\/gestion-del-consentimiento-del-usuario-cmp-para-el-rgpd-y-la-ccpa\/?lang=es_ES\">FitConsent<\/a><\/strong>, va m\u00e1s all\u00e1 del cumplimiento b\u00e1sico. Obtiene una ventaja competitiva al minimizar la p\u00e9rdida de datos a trav\u00e9s del rendimiento optimizado del <em>banner<\/em>, al mismo tiempo que garantiza que sus campa\u00f1as de Microsoft Advertising sean tanto efectivas como legalmente conformes.<\/p>\n","protected":false},"excerpt":{"rendered":"<p>Comprender el Modo de Consentimiento UET de Microsoft El Seguimiento Universal de Eventos (UET) de Microsoft es una herramienta esencial para los anunciantes que utilizan Microsoft Advertising (anteriormente Bing Ads). La etiqueta UET ayuda a medir la efectividad de las campa\u00f1as publicitarias al rastrear las acciones del usuario (conversiones) en un sitio web, como compras, [&hellip;]<\/p>\n","protected":false},"author":5,"featured_media":0,"parent":0,"menu_order":0,"comment_status":"closed","ping_status":"closed","template":"","meta":{"_fitconsent_language":"es_ES","_fitconsent_translation_group":"2035","footnotes":""},"class_list":["post-2057","page","type-page","status-publish","hentry"],"yoast_head":"<!-- This site is optimized with the Yoast SEO plugin v27.2 - https:\/\/yoast.com\/product\/yoast-seo-wordpress\/ -->\n<title>UET de Microsoft Seguimiento Universal de Eventos<\/title>\n<meta name=\"description\" content=\"La Gu\u00eda Esencial del Modo de Consentimiento UET de Microsoft y por Qu\u00e9 FitConsent CMP es Crucial\" \/>\n<meta name=\"robots\" content=\"index, follow, max-snippet:-1, max-image-preview:large, max-video-preview:-1\" \/>\n<link rel=\"canonical\" href=\"https:\/\/fitconsent.com\/es_es\/uet-de-microsoft-seguimiento-universal-de-eventos\/\" \/>\n<meta property=\"og:locale\" content=\"es_ES\" \/>\n<meta property=\"og:type\" content=\"article\" \/>\n<meta property=\"og:title\" content=\"UET de Microsoft Seguimiento Universal de Eventos\" \/>\n<meta property=\"og:description\" content=\"La Gu\u00eda Esencial del Modo de Consentimiento UET de Microsoft y por Qu\u00e9 FitConsent CMP es Crucial\" \/>\n<meta property=\"og:url\" content=\"https:\/\/fitconsent.com\/es_es\/uet-de-microsoft-seguimiento-universal-de-eventos\/\" \/>\n<meta property=\"og:site_name\" content=\"FitConsent\" \/>\n<meta property=\"article:modified_time\" content=\"2025-10-21T17:46:06+00:00\" \/>\n<meta property=\"og:image\" content=\"https:\/\/fitconsent.com\/wp-content\/uploads\/2025\/10\/15.png\" \/>\n<meta name=\"twitter:card\" content=\"summary_large_image\" \/>\n<meta name=\"twitter:label1\" content=\"Tiempo de lectura\" \/>\n\t<meta name=\"twitter:data1\" content=\"4 minutos\" \/>\n<script type=\"application\/ld+json\" class=\"yoast-schema-graph\">{\"@context\":\"https:\/\/schema.org\",\"@graph\":[{\"@type\":\"WebPage\",\"@id\":\"https:\/\/fitconsent.com\/es_es\/uet-de-microsoft-seguimiento-universal-de-eventos\/\",\"url\":\"https:\/\/fitconsent.com\/es_es\/uet-de-microsoft-seguimiento-universal-de-eventos\/\",\"name\":\"UET de Microsoft Seguimiento Universal de Eventos\",\"isPartOf\":{\"@id\":\"https:\/\/fitconsent.com\/fr_fr\/#website\"},\"primaryImageOfPage\":{\"@id\":\"https:\/\/fitconsent.com\/es_es\/uet-de-microsoft-seguimiento-universal-de-eventos\/#primaryimage\"},\"image\":{\"@id\":\"https:\/\/fitconsent.com\/es_es\/uet-de-microsoft-seguimiento-universal-de-eventos\/#primaryimage\"},\"thumbnailUrl\":\"https:\/\/fitconsent.com\/wp-content\/uploads\/2025\/10\/15.png\",\"datePublished\":\"2025-10-21T17:44:06+00:00\",\"dateModified\":\"2025-10-21T17:46:06+00:00\",\"description\":\"La Gu\u00eda Esencial del Modo de Consentimiento UET de Microsoft y por Qu\u00e9 FitConsent CMP es Crucial\",\"breadcrumb\":{\"@id\":\"https:\/\/fitconsent.com\/es_es\/uet-de-microsoft-seguimiento-universal-de-eventos\/#breadcrumb\"},\"inLanguage\":\"es\",\"potentialAction\":[{\"@type\":\"ReadAction\",\"target\":[\"https:\/\/fitconsent.com\/es_es\/uet-de-microsoft-seguimiento-universal-de-eventos\/\"]}]},{\"@type\":\"ImageObject\",\"inLanguage\":\"es\",\"@id\":\"https:\/\/fitconsent.com\/es_es\/uet-de-microsoft-seguimiento-universal-de-eventos\/#primaryimage\",\"url\":\"https:\/\/fitconsent.com\/wp-content\/uploads\/2025\/10\/15.png\",\"contentUrl\":\"https:\/\/fitconsent.com\/wp-content\/uploads\/2025\/10\/15.png\"},{\"@type\":\"BreadcrumbList\",\"@id\":\"https:\/\/fitconsent.com\/es_es\/uet-de-microsoft-seguimiento-universal-de-eventos\/#breadcrumb\",\"itemListElement\":[{\"@type\":\"ListItem\",\"position\":1,\"name\":\"Home\",\"item\":\"https:\/\/fitconsent.com\/\"},{\"@type\":\"ListItem\",\"position\":2,\"name\":\"La Gu\u00eda Esencial del Modo de Consentimiento UET de Microsoft y por Qu\u00e9 FitConsent CMP es Crucial\"}]},{\"@type\":\"WebSite\",\"@id\":\"https:\/\/fitconsent.com\/fr_fr\/#website\",\"url\":\"https:\/\/fitconsent.com\/fr_fr\/\",\"name\":\"FitConsent\",\"description\":\"By DIGITLOAD\",\"publisher\":{\"@id\":\"https:\/\/fitconsent.com\/fr_fr\/#organization\"},\"potentialAction\":[{\"@type\":\"SearchAction\",\"target\":{\"@type\":\"EntryPoint\",\"urlTemplate\":\"https:\/\/fitconsent.com\/fr_fr\/?s={search_term_string}\"},\"query-input\":{\"@type\":\"PropertyValueSpecification\",\"valueRequired\":true,\"valueName\":\"search_term_string\"}}],\"inLanguage\":\"es\"},{\"@type\":\"Organization\",\"@id\":\"https:\/\/fitconsent.com\/fr_fr\/#organization\",\"name\":\"DIGITLOAD\",\"url\":\"https:\/\/fitconsent.com\/fr_fr\/\",\"logo\":{\"@type\":\"ImageObject\",\"inLanguage\":\"es\",\"@id\":\"https:\/\/fitconsent.com\/fr_fr\/#\/schema\/logo\/image\/\",\"url\":\"https:\/\/fitconsent.com\/wp-content\/uploads\/2025\/08\/cropped-icon.png\",\"contentUrl\":\"https:\/\/fitconsent.com\/wp-content\/uploads\/2025\/08\/cropped-icon.png\",\"width\":512,\"height\":512,\"caption\":\"DIGITLOAD\"},\"image\":{\"@id\":\"https:\/\/fitconsent.com\/fr_fr\/#\/schema\/logo\/image\/\"}}]}<\/script>\n<!-- \/ Yoast SEO plugin. -->","yoast_head_json":{"title":"UET de Microsoft Seguimiento Universal de Eventos","description":"La Gu\u00eda Esencial del Modo de Consentimiento UET de Microsoft y por Qu\u00e9 FitConsent CMP es Crucial","robots":{"index":"index","follow":"follow","max-snippet":"max-snippet:-1","max-image-preview":"max-image-preview:large","max-video-preview":"max-video-preview:-1"},"canonical":"https:\/\/fitconsent.com\/es_es\/uet-de-microsoft-seguimiento-universal-de-eventos\/","og_locale":"es_ES","og_type":"article","og_title":"UET de Microsoft Seguimiento Universal de Eventos","og_description":"La Gu\u00eda Esencial del Modo de Consentimiento UET de Microsoft y por Qu\u00e9 FitConsent CMP es Crucial","og_url":"https:\/\/fitconsent.com\/es_es\/uet-de-microsoft-seguimiento-universal-de-eventos\/","og_site_name":"FitConsent","article_modified_time":"2025-10-21T17:46:06+00:00","og_image":[{"url":"https:\/\/fitconsent.com\/wp-content\/uploads\/2025\/10\/15.png","type":"","width":"","height":""}],"twitter_card":"summary_large_image","twitter_misc":{"Tiempo de lectura":"4 minutos"},"schema":{"@context":"https:\/\/schema.org","@graph":[{"@type":"WebPage","@id":"https:\/\/fitconsent.com\/es_es\/uet-de-microsoft-seguimiento-universal-de-eventos\/","url":"https:\/\/fitconsent.com\/es_es\/uet-de-microsoft-seguimiento-universal-de-eventos\/","name":"UET de Microsoft Seguimiento Universal de Eventos","isPartOf":{"@id":"https:\/\/fitconsent.com\/fr_fr\/#website"},"primaryImageOfPage":{"@id":"https:\/\/fitconsent.com\/es_es\/uet-de-microsoft-seguimiento-universal-de-eventos\/#primaryimage"},"image":{"@id":"https:\/\/fitconsent.com\/es_es\/uet-de-microsoft-seguimiento-universal-de-eventos\/#primaryimage"},"thumbnailUrl":"https:\/\/fitconsent.com\/wp-content\/uploads\/2025\/10\/15.png","datePublished":"2025-10-21T17:44:06+00:00","dateModified":"2025-10-21T17:46:06+00:00","description":"La Gu\u00eda Esencial del Modo de Consentimiento UET de Microsoft y por Qu\u00e9 FitConsent CMP es Crucial","breadcrumb":{"@id":"https:\/\/fitconsent.com\/es_es\/uet-de-microsoft-seguimiento-universal-de-eventos\/#breadcrumb"},"inLanguage":"es","potentialAction":[{"@type":"ReadAction","target":["https:\/\/fitconsent.com\/es_es\/uet-de-microsoft-seguimiento-universal-de-eventos\/"]}]},{"@type":"ImageObject","inLanguage":"es","@id":"https:\/\/fitconsent.com\/es_es\/uet-de-microsoft-seguimiento-universal-de-eventos\/#primaryimage","url":"https:\/\/fitconsent.com\/wp-content\/uploads\/2025\/10\/15.png","contentUrl":"https:\/\/fitconsent.com\/wp-content\/uploads\/2025\/10\/15.png"},{"@type":"BreadcrumbList","@id":"https:\/\/fitconsent.com\/es_es\/uet-de-microsoft-seguimiento-universal-de-eventos\/#breadcrumb","itemListElement":[{"@type":"ListItem","position":1,"name":"Home","item":"https:\/\/fitconsent.com\/"},{"@type":"ListItem","position":2,"name":"La Gu\u00eda Esencial del Modo de Consentimiento UET de Microsoft y por Qu\u00e9 FitConsent CMP es Crucial"}]},{"@type":"WebSite","@id":"https:\/\/fitconsent.com\/fr_fr\/#website","url":"https:\/\/fitconsent.com\/fr_fr\/","name":"FitConsent","description":"By DIGITLOAD","publisher":{"@id":"https:\/\/fitconsent.com\/fr_fr\/#organization"},"potentialAction":[{"@type":"SearchAction","target":{"@type":"EntryPoint","urlTemplate":"https:\/\/fitconsent.com\/fr_fr\/?s={search_term_string}"},"query-input":{"@type":"PropertyValueSpecification","valueRequired":true,"valueName":"search_term_string"}}],"inLanguage":"es"},{"@type":"Organization","@id":"https:\/\/fitconsent.com\/fr_fr\/#organization","name":"DIGITLOAD","url":"https:\/\/fitconsent.com\/fr_fr\/","logo":{"@type":"ImageObject","inLanguage":"es","@id":"https:\/\/fitconsent.com\/fr_fr\/#\/schema\/logo\/image\/","url":"https:\/\/fitconsent.com\/wp-content\/uploads\/2025\/08\/cropped-icon.png","contentUrl":"https:\/\/fitconsent.com\/wp-content\/uploads\/2025\/08\/cropped-icon.png","width":512,"height":512,"caption":"DIGITLOAD"},"image":{"@id":"https:\/\/fitconsent.com\/fr_fr\/#\/schema\/logo\/image\/"}}]}},"_links":{"self":[{"href":"https:\/\/fitconsent.com\/es_es\/wp-json\/wp\/v2\/pages\/2057","targetHints":{"allow":["GET"]}}],"collection":[{"href":"https:\/\/fitconsent.com\/es_es\/wp-json\/wp\/v2\/pages"}],"about":[{"href":"https:\/\/fitconsent.com\/es_es\/wp-json\/wp\/v2\/types\/page"}],"author":[{"embeddable":true,"href":"https:\/\/fitconsent.com\/es_es\/wp-json\/wp\/v2\/users\/5"}],"replies":[{"embeddable":true,"href":"https:\/\/fitconsent.com\/es_es\/wp-json\/wp\/v2\/comments?post=2057"}],"version-history":[{"count":1,"href":"https:\/\/fitconsent.com\/es_es\/wp-json\/wp\/v2\/pages\/2057\/revisions"}],"predecessor-version":[{"id":2058,"href":"https:\/\/fitconsent.com\/es_es\/wp-json\/wp\/v2\/pages\/2057\/revisions\/2058"}],"wp:attachment":[{"href":"https:\/\/fitconsent.com\/es_es\/wp-json\/wp\/v2\/media?parent=2057"}],"curies":[{"name":"wp","href":"https:\/\/api.w.org\/{rel}","templated":true}]}}