{"id":1983,"date":"2025-10-18T21:31:55","date_gmt":"2025-10-18T21:31:55","guid":{"rendered":"https:\/\/fitconsent.com\/?page_id=1983"},"modified":"2025-12-19T14:58:18","modified_gmt":"2025-12-19T14:58:18","slug":"google-consent-mode-v2-explicado","status":"publish","type":"page","link":"https:\/\/fitconsent.com\/es_es\/google-consent-mode-v2-explicado\/","title":{"rendered":"Google Consent Mode V2 Explicado: Adaptando la Anal\u00edtica y la Publicidad al Consentimiento del Usuario"},"content":{"rendered":"\n<p>El panorama de la publicidad y la anal\u00edtica digital ha sido profundamente remodelado por regulaciones de privacidad como el <a href=\"https:\/\/fitconsent.com\/es_es\/el-reglamento-general-de-proteccion-de-datos-rgpd-explicado\/\">RGPD<\/a> y el <a href=\"https:\/\/fitconsent.com\/es_es\/ccpa-cpra-consumidores-de-california-y-privacidad-de-datos\/?lang=es_ES\">CCPA<\/a>. En respuesta, Google introdujo el <strong>Consent Mode<\/strong>, una poderosa herramienta dise\u00f1ada para ayudar a los propietarios de sitios web a ajustar el comportamiento de sus etiquetas de Google (como Google Analytics y Google Ads) seg\u00fan las preferencias de consentimiento del usuario, incluida la implementaci\u00f3n del <a href=\"https:\/\/developers.google.com\/tag-platform\/security\/guides\/consent?consentmode=advanced\" target=\"_blank\" rel=\"noreferrer noopener\">Modo de Consentimiento Avanzado<\/a>, manteniendo la recopilaci\u00f3n de datos mientras se respeta la privacidad. La reciente actualizaci\u00f3n, <strong>Google Consent Mode V2<\/strong>, trae caracter\u00edsticas a\u00fan m\u00e1s robustas y se est\u00e1 volviendo esencial para aquellos que se dirigen a usuarios en el Espacio Econ\u00f3mico Europeo (EEE).<\/p>\n\n\n\n<figure class=\"wp-block-image aligncenter size-full\"><img loading=\"lazy\" decoding=\"async\" width=\"800\" height=\"680\" src=\"https:\/\/fitconsent.com\/wp-content\/uploads\/2025\/10\/14.png\" alt=\"Google Consent Mode V2\" class=\"wp-image-1965\" srcset=\"https:\/\/fitconsent.com\/wp-content\/uploads\/2025\/10\/14.png 800w, https:\/\/fitconsent.com\/wp-content\/uploads\/2025\/10\/14-300x255.png 300w, https:\/\/fitconsent.com\/wp-content\/uploads\/2025\/10\/14-768x653.png 768w, https:\/\/fitconsent.com\/wp-content\/uploads\/2025\/10\/14-600x510.png 600w\" sizes=\"auto, (max-width: 800px) 100vw, 800px\" \/><\/figure>\n\n\n\n<h3 class=\"wp-block-heading\">\u00bfQu\u00e9 es Google Consent Mode V2?<\/h3>\n\n\n\n<p>Google Consent Mode V2 es un mecanismo que le permite comunicar las elecciones de consentimiento de los usuarios con respecto a las cookies y los identificadores de aplicaciones a Google. Cuando un usuario llega a su sitio, sus elecciones de consentimiento (por ejemplo, para cookies de an\u00e1lisis, cookies de publicidad) son capturadas por una <a href=\"https:\/\/fitconsent.com\/es_es\/plataforma-de-gestion-de-consentimiento-del-usuario-cmp\/\">Plataforma de Gesti\u00f3n de Consentimiento (CMP)<\/a>. Google Consent Mode V2 luego toma estas se\u00f1ales y ajusta din\u00e1micamente c\u00f3mo se activan y recopilan datos sus etiquetas de Google.<\/p>\n\n\n\n<p>Fundamentalmente, incluso si un usuario niega el consentimiento para cookies de publicidad o an\u00e1lisis, Consent Mode V2 no simplemente bloquea todos los datos. En cambio, env\u00eda pings sin cookies a Google, proporcionando <strong>datos agregados y anonimizados<\/strong>. Esto permite a Google utilizar el aprendizaje autom\u00e1tico para <em>modelar<\/em> conversiones perdidas y el comportamiento del sitio web, ayud\u00e1ndole a mantener una comprensi\u00f3n m\u00e1s completa del rendimiento de su campa\u00f1a y de los recorridos del usuario, todo ello respetando las elecciones de privacidad.<\/p>\n\n\n\n<h4 class=\"wp-block-heading\">Par\u00e1metros Clave de Consentimiento en V2:<\/h4>\n\n\n\n<p>Google Consent Mode V2 introdujo dos nuevos par\u00e1metros adem\u00e1s de los existentes:<\/p>\n\n\n\n<ul class=\"wp-block-list\">\n<li><strong><code>ad_storage<\/code><\/strong>: Controla el consentimiento para las cookies relacionadas con la publicidad (por ejemplo, para el remarketing).<\/li>\n\n\n\n<li><strong><code>analytics_storage<\/code><\/strong>: Controla el consentimiento para las cookies relacionadas con la anal\u00edtica (por ejemplo, para Google Analytics).<\/li>\n\n\n\n<li><strong><code>ad_user_data<\/code> (NUEVO)<\/strong>: Controla el consentimiento para enviar datos de usuario a Google con fines publicitarios.<\/li>\n\n\n\n<li><strong><code>ad_personalization<\/code> (NUEVO)<\/strong>: Controla el consentimiento para la publicidad personalizada (por ejemplo, el remarketing).<\/li>\n<\/ul>\n\n\n\n<p>La implementaci\u00f3n correcta de estos par\u00e1metros es vital, especialmente para las empresas que operan en el EEE, donde se est\u00e1 convirtiendo en un requisito de facto para el uso efectivo de los servicios de publicidad y an\u00e1lisis de Google.<\/p>\n\n\n\n<h3 class=\"wp-block-heading\">\u00bfPor qu\u00e9 es Importante Google Consent Mode V2?<\/h3>\n\n\n\n<ol start=\"1\" class=\"wp-block-list\">\n<li><strong>Cumplimiento:<\/strong> Es una herramienta cr\u00edtica para cumplir con las estrictas regulaciones de privacidad como el <a href=\"https:\/\/fitconsent.com\/es_es\/el-reglamento-general-de-proteccion-de-datos-rgpd-explicado\/\">RGPD<\/a> y la Directiva ePrivacy en el EEE, y cada vez m\u00e1s relevante para otros marcos de privacidad a nivel mundial.<\/li>\n\n\n\n<li><strong>Continuidad de Datos:<\/strong> Le permite recuperar algunas de las se\u00f1ales de datos que de otro modo se perder\u00edan debido a la denegaci\u00f3n de consentimiento del usuario, proporcionando informes y optimizaci\u00f3n m\u00e1s precisos para sus campa\u00f1as de Google Ads y sus datos de Google Analytics.<\/li>\n\n\n\n<li><strong>Mayor Confianza del Usuario:<\/strong> Al respetar de manera visible y funcional las elecciones del usuario, usted genera confianza con su audiencia, lo cual es cada vez m\u00e1s valioso en un mundo consciente de la privacidad.<\/li>\n\n\n\n<li><strong>Preparaci\u00f3n para el Futuro:<\/strong> A medida que las regulaciones de privacidad evolucionan, Consent Mode V2 posiciona a las empresas para adaptarse m\u00e1s f\u00e1cilmente, avanzando hacia un futuro de medici\u00f3n que prioriza la privacidad.<\/li>\n<\/ol>\n\n\n\n<h3 class=\"wp-block-heading\">El Papel Cr\u00edtico de FitConsent CMP en el Manejo de Google Consent Mode V2<\/h3>\n\n\n\n<p>La implementaci\u00f3n correcta de Google Consent Mode V2 requiere una <strong><a href=\"https:\/\/fitconsent.com\/es_es\/plataforma-de-gestion-de-consentimiento-del-usuario-cmp\/\">Plataforma de Gesti\u00f3n de Consentimiento (CMP)<\/a><\/strong> robusta y fiable. Aqu\u00ed es donde <a href=\"https:\/\/fitconsent.com\/es_es\/gestion-del-consentimiento-del-usuario-cmp-para-el-rgpd-y-la-ccpa\/?lang=es_ES\">FitConsent<\/a> CMP se vuelve indispensable, ofreciendo tanto una funcionalidad potente como una notable facilidad de uso para todos los sitios web, con ventajas espec\u00edficas para los usuarios de WordPress.<\/p>\n\n\n\n<h4 class=\"wp-block-heading\">Para Todos los Sitios Web: Integraci\u00f3n Perfecta y Control Integral<\/h4>\n\n\n\n<p><a href=\"https:\/\/fitconsent.com\/es_es\/gestion-del-consentimiento-del-usuario-cmp-para-el-rgpd-y-la-ccpa\/?lang=es_ES\">FitConsent<\/a> CMP est\u00e1 dise\u00f1ado para integrarse perfectamente con Google Consent Mode V2. As\u00ed es como garantiza una implementaci\u00f3n efectiva:<\/p>\n\n\n\n<ul class=\"wp-block-list\">\n<li><strong>Captura Precisa del Consentimiento:<\/strong> El banner de <a href=\"https:\/\/fitconsent.com\/es_es\/gestion-del-consentimiento-del-usuario-cmp-para-el-rgpd-y-la-ccpa\/?lang=es_ES\">FitConsent<\/a> recopila el consentimiento granular de los usuarios, asegurando que todas las bases legales requeridas (<code>ad_storage<\/code>, <code>analytics_storage<\/code>, <code>ad_user_data<\/code>, <code>ad_personalization<\/code> del <a href=\"https:\/\/fitconsent.com\/es_es\/el-reglamento-general-de-proteccion-de-datos-rgpd-explicado\/\">RGPD<\/a>, etc.) se capturen correctamente.<\/li>\n\n\n\n<li><strong>Transmisi\u00f3n Autom\u00e1tica de Se\u00f1ales:<\/strong> <a href=\"https:\/\/fitconsent.com\/es_es\/gestion-del-consentimiento-del-usuario-cmp-para-el-rgpd-y-la-ccpa\/?lang=es_ES\">FitConsent<\/a> traduce autom\u00e1ticamente las elecciones del usuario en las se\u00f1ales de consentimiento espec\u00edficas requeridas por Google Consent Mode V2 y las env\u00eda a sus etiquetas de Google <em>antes<\/em> de que se recopile cualquier dato. Esto asegura que las etiquetas de Google ajusten su comportamiento de manera instant\u00e1nea y apropiada.<\/li>\n\n\n\n<li><strong>Interfaz F\u00e1cil de Usar:<\/strong> Incluso con las complejidades t\u00e9cnicas de Consent Mode V2, <a href=\"https:\/\/fitconsent.com\/es_es\/gestion-del-consentimiento-del-usuario-cmp-para-el-rgpd-y-la-ccpa\/?lang=es_ES\">FitConsent<\/a> proporciona una interfaz intuitiva para administrar las categor\u00edas de consentimiento y garantizar el cumplimiento de su sitio web.<\/li>\n\n\n\n<li><strong>Pista de Auditor\u00eda y Responsabilidad:<\/strong> <a href=\"https:\/\/fitconsent.com\/es_es\/gestion-del-consentimiento-del-usuario-cmp-para-el-rgpd-y-la-ccpa\/?lang=es_ES\">FitConsent<\/a> mantiene un registro completo de todas las elecciones de consentimiento del usuario, proporcionando la pista de auditor\u00eda esencial requerida por las regulaciones de privacidad para demostrar el cumplimiento.<\/li>\n<\/ul>\n\n\n\n<h4 class=\"wp-block-heading\">Para Sitios Web de WordPress: Compatibilidad Potente y Simple<\/h4>\n\n\n\n<p>Para el vasto ecosistema de sitios web de WordPress, <a href=\"https:\/\/fitconsent.com\/es_es\/gestion-del-consentimiento-del-usuario-cmp-para-el-rgpd-y-la-ccpa\/?lang=es_ES\">FitConsent<\/a> ofrece una soluci\u00f3n \u00fanica, potente y sencilla:<\/p>\n\n\n\n<ul class=\"wp-block-list\">\n<li><strong>Plugin Dedicado para WordPress:<\/strong> <a href=\"https:\/\/fitconsent.com\/es_es\/gestion-del-consentimiento-del-usuario-cmp-para-el-rgpd-y-la-ccpa\/?lang=es_ES\">FitConsent<\/a> proporciona un <a href=\"https:\/\/wordpress.org\/plugins\/fitconsent-cmp\/#description\">plugin<\/a> dedicado para WordPress que facilita incre\u00edblemente la adici\u00f3n del banner de <a href=\"https:\/\/fitconsent.com\/es_es\/gestion-del-consentimiento-del-usuario-cmp-para-el-rgpd-y-la-ccpa\/?lang=es_ES\">FitConsent<\/a> a su sitio de WordPress. No se requiere codificaci\u00f3n; el <a href=\"https:\/\/wordpress.org\/plugins\/fitconsent-cmp\/#description\">plugin<\/a> maneja la integraci\u00f3n t\u00e9cnica.<\/li>\n\n\n\n<li><strong>Compatibilidad Autom\u00e1tica y Lista para Usar con la API de Consentimiento de WP:<\/strong> Este es un diferenciador clave. <a href=\"https:\/\/fitconsent.com\/es_es\/gestion-del-consentimiento-del-usuario-cmp-para-el-rgpd-y-la-ccpa\/?lang=es_ES\">FitConsent<\/a> est\u00e1 construido con compatibilidad autom\u00e1tica y lista para usar con la <strong>API de Consentimiento de WP<\/strong>. La API de Consentimiento de WP es un marco estandarizado dentro de WordPress que permite que diferentes plugins (por ejemplo, de an\u00e1lisis, publicidad o <a href=\"https:\/\/fitconsent.com\/es_es\/plataforma-de-gestion-de-consentimiento-del-usuario-cmp\/\">CMP<\/a>) comuniquen los estados de consentimiento de manera uniforme.<\/li>\n\n\n\n<li><strong>Integraci\u00f3n Perfecta con Google Site Kit:<\/strong> Crucialmente, la <strong>API de Consentimiento de WP es el est\u00e1ndar utilizado por Google Site Kit<\/strong>. Esto significa que cuando usa <a href=\"https:\/\/fitconsent.com\/es_es\/gestion-del-consentimiento-del-usuario-cmp-para-el-rgpd-y-la-ccpa\/?lang=es_ES\">FitConsent<\/a> en su sitio de WordPress, se comunica directa y fiablemente con Google Site Kit a trav\u00e9s de la API de Consentimiento de WP. Esta integraci\u00f3n garantiza que Google Site Kit reciba y respete con precisi\u00f3n las elecciones de consentimiento del usuario, habilitando eficazmente Google Consent Mode V2 sin complejas configuraciones manuales. Esta integraci\u00f3n es vital para los propietarios de sitios que conf\u00edan en Google Site Kit para una gesti\u00f3n simplificada de Google Analytics, Google Ads y otros servicios de Google.<\/li>\n<\/ul>\n\n\n\n<p><strong>En esencia, para los usuarios de WordPress, FitConsent elimina las conjeturas y los obst\u00e1culos t\u00e9cnicos de la implementaci\u00f3n de Google Consent Mode V2.<\/strong> Proporciona una soluci\u00f3n robusta, compatible y f\u00e1cil de administrar que funciona armoniosamente con otras herramientas esenciales de WordPress y Google, asegurando que usted se mantenga compatible mientras maximiza sus conocimientos de datos.<\/p>\n\n\n\n<p><strong>Conclusi\u00f3n:<\/strong><\/p>\n\n\n\n<p>Google Consent Mode V2 es una herramienta indispensable para las empresas que buscan el cumplimiento de la privacidad y una medici\u00f3n de datos efectiva en el panorama digital actual. La asociaci\u00f3n con una CMP integral como <a href=\"https:\/\/fitconsent.com\/es_es\/gestion-del-consentimiento-del-usuario-cmp-para-el-rgpd-y-la-ccpa\/?lang=es_ES\">FitConsent<\/a> proporciona el puente crucial entre el consentimiento del usuario y las potentes capacidades de medici\u00f3n de Google. Para los usuarios de WordPress, la profunda integraci\u00f3n de <a href=\"https:\/\/fitconsent.com\/es_es\/gestion-del-consentimiento-del-usuario-cmp-para-el-rgpd-y-la-ccpa\/?lang=es_ES\">FitConsent<\/a> con la API de Consentimiento de WP y Google Site Kit lo convierte en la soluci\u00f3n ideal para una recopilaci\u00f3n de datos compatible y sin complicaciones.<\/p>\n","protected":false},"excerpt":{"rendered":"<p>El panorama de la publicidad y la anal\u00edtica digital ha sido profundamente remodelado por regulaciones de privacidad como el RGPD y el CCPA. En respuesta, Google introdujo el Consent Mode, una poderosa herramienta dise\u00f1ada para ayudar a los propietarios de sitios web a ajustar el comportamiento de sus etiquetas de Google (como Google Analytics y [&hellip;]<\/p>\n","protected":false},"author":5,"featured_media":0,"parent":0,"menu_order":0,"comment_status":"closed","ping_status":"closed","template":"","meta":{"_fitconsent_language":"es_ES","_fitconsent_translation_group":"1964","footnotes":""},"class_list":["post-1983","page","type-page","status-publish","hentry"],"yoast_head":"<!-- This site is optimized with the Yoast SEO plugin v27.2 - https:\/\/yoast.com\/product\/yoast-seo-wordpress\/ -->\n<title>Google Consent Mode V2 Explicado<\/title>\n<meta name=\"description\" content=\"Google Consent Mode V2 Explicado: Adaptando la Anal\u00edtica y la Publicidad al Consentimiento del Usuario\" \/>\n<meta name=\"robots\" content=\"index, follow, max-snippet:-1, max-image-preview:large, max-video-preview:-1\" \/>\n<link rel=\"canonical\" href=\"https:\/\/fitconsent.com\/es_es\/google-consent-mode-v2-explicado\/\" \/>\n<meta property=\"og:locale\" content=\"es_ES\" \/>\n<meta property=\"og:type\" content=\"article\" \/>\n<meta property=\"og:title\" content=\"Google Consent Mode V2 Explicado\" \/>\n<meta property=\"og:description\" content=\"Google Consent Mode V2 Explicado: Adaptando la Anal\u00edtica y la Publicidad al Consentimiento del Usuario\" \/>\n<meta property=\"og:url\" content=\"https:\/\/fitconsent.com\/es_es\/google-consent-mode-v2-explicado\/\" \/>\n<meta property=\"og:site_name\" content=\"FitConsent\" \/>\n<meta property=\"article:modified_time\" content=\"2025-12-19T14:58:18+00:00\" \/>\n<meta property=\"og:image\" content=\"https:\/\/fitconsent.com\/wp-content\/uploads\/2025\/10\/14.png\" \/>\n\t<meta property=\"og:image:width\" content=\"800\" \/>\n\t<meta property=\"og:image:height\" content=\"680\" \/>\n\t<meta property=\"og:image:type\" content=\"image\/png\" \/>\n<meta name=\"twitter:card\" content=\"summary_large_image\" \/>\n<meta name=\"twitter:label1\" content=\"Tiempo de lectura\" \/>\n\t<meta name=\"twitter:data1\" content=\"6 minutos\" \/>\n<script type=\"application\/ld+json\" class=\"yoast-schema-graph\">{\"@context\":\"https:\/\/schema.org\",\"@graph\":[{\"@type\":\"WebPage\",\"@id\":\"https:\/\/fitconsent.com\/es_es\/google-consent-mode-v2-explicado\/\",\"url\":\"https:\/\/fitconsent.com\/es_es\/google-consent-mode-v2-explicado\/\",\"name\":\"Google Consent Mode V2 Explicado\",\"isPartOf\":{\"@id\":\"https:\/\/fitconsent.com\/fr_fr\/#website\"},\"primaryImageOfPage\":{\"@id\":\"https:\/\/fitconsent.com\/es_es\/google-consent-mode-v2-explicado\/#primaryimage\"},\"image\":{\"@id\":\"https:\/\/fitconsent.com\/es_es\/google-consent-mode-v2-explicado\/#primaryimage\"},\"thumbnailUrl\":\"https:\/\/fitconsent.com\/wp-content\/uploads\/2025\/10\/14.png\",\"datePublished\":\"2025-10-18T21:31:55+00:00\",\"dateModified\":\"2025-12-19T14:58:18+00:00\",\"description\":\"Google Consent Mode V2 Explicado: Adaptando la Anal\u00edtica y la Publicidad al Consentimiento del Usuario\",\"breadcrumb\":{\"@id\":\"https:\/\/fitconsent.com\/es_es\/google-consent-mode-v2-explicado\/#breadcrumb\"},\"inLanguage\":\"es\",\"potentialAction\":[{\"@type\":\"ReadAction\",\"target\":[\"https:\/\/fitconsent.com\/es_es\/google-consent-mode-v2-explicado\/\"]}]},{\"@type\":\"ImageObject\",\"inLanguage\":\"es\",\"@id\":\"https:\/\/fitconsent.com\/es_es\/google-consent-mode-v2-explicado\/#primaryimage\",\"url\":\"https:\/\/fitconsent.com\/wp-content\/uploads\/2025\/10\/14.png\",\"contentUrl\":\"https:\/\/fitconsent.com\/wp-content\/uploads\/2025\/10\/14.png\"},{\"@type\":\"BreadcrumbList\",\"@id\":\"https:\/\/fitconsent.com\/es_es\/google-consent-mode-v2-explicado\/#breadcrumb\",\"itemListElement\":[{\"@type\":\"ListItem\",\"position\":1,\"name\":\"Home\",\"item\":\"https:\/\/fitconsent.com\/\"},{\"@type\":\"ListItem\",\"position\":2,\"name\":\"Google Consent Mode V2 Explicado: Adaptando la Anal\u00edtica y la Publicidad al Consentimiento del Usuario\"}]},{\"@type\":\"WebSite\",\"@id\":\"https:\/\/fitconsent.com\/fr_fr\/#website\",\"url\":\"https:\/\/fitconsent.com\/fr_fr\/\",\"name\":\"FitConsent\",\"description\":\"By DIGITLOAD\",\"publisher\":{\"@id\":\"https:\/\/fitconsent.com\/fr_fr\/#organization\"},\"potentialAction\":[{\"@type\":\"SearchAction\",\"target\":{\"@type\":\"EntryPoint\",\"urlTemplate\":\"https:\/\/fitconsent.com\/fr_fr\/?s={search_term_string}\"},\"query-input\":{\"@type\":\"PropertyValueSpecification\",\"valueRequired\":true,\"valueName\":\"search_term_string\"}}],\"inLanguage\":\"es\"},{\"@type\":\"Organization\",\"@id\":\"https:\/\/fitconsent.com\/fr_fr\/#organization\",\"name\":\"DIGITLOAD\",\"url\":\"https:\/\/fitconsent.com\/fr_fr\/\",\"logo\":{\"@type\":\"ImageObject\",\"inLanguage\":\"es\",\"@id\":\"https:\/\/fitconsent.com\/fr_fr\/#\/schema\/logo\/image\/\",\"url\":\"https:\/\/fitconsent.com\/wp-content\/uploads\/2025\/08\/cropped-icon.png\",\"contentUrl\":\"https:\/\/fitconsent.com\/wp-content\/uploads\/2025\/08\/cropped-icon.png\",\"width\":512,\"height\":512,\"caption\":\"DIGITLOAD\"},\"image\":{\"@id\":\"https:\/\/fitconsent.com\/fr_fr\/#\/schema\/logo\/image\/\"}}]}<\/script>\n<!-- \/ Yoast SEO plugin. -->","yoast_head_json":{"title":"Google Consent Mode V2 Explicado","description":"Google Consent Mode V2 Explicado: Adaptando la Anal\u00edtica y la Publicidad al Consentimiento del Usuario","robots":{"index":"index","follow":"follow","max-snippet":"max-snippet:-1","max-image-preview":"max-image-preview:large","max-video-preview":"max-video-preview:-1"},"canonical":"https:\/\/fitconsent.com\/es_es\/google-consent-mode-v2-explicado\/","og_locale":"es_ES","og_type":"article","og_title":"Google Consent Mode V2 Explicado","og_description":"Google Consent Mode V2 Explicado: Adaptando la Anal\u00edtica y la Publicidad al Consentimiento del Usuario","og_url":"https:\/\/fitconsent.com\/es_es\/google-consent-mode-v2-explicado\/","og_site_name":"FitConsent","article_modified_time":"2025-12-19T14:58:18+00:00","og_image":[{"width":800,"height":680,"url":"https:\/\/fitconsent.com\/wp-content\/uploads\/2025\/10\/14.png","type":"image\/png"}],"twitter_card":"summary_large_image","twitter_misc":{"Tiempo de lectura":"6 minutos"},"schema":{"@context":"https:\/\/schema.org","@graph":[{"@type":"WebPage","@id":"https:\/\/fitconsent.com\/es_es\/google-consent-mode-v2-explicado\/","url":"https:\/\/fitconsent.com\/es_es\/google-consent-mode-v2-explicado\/","name":"Google Consent Mode V2 Explicado","isPartOf":{"@id":"https:\/\/fitconsent.com\/fr_fr\/#website"},"primaryImageOfPage":{"@id":"https:\/\/fitconsent.com\/es_es\/google-consent-mode-v2-explicado\/#primaryimage"},"image":{"@id":"https:\/\/fitconsent.com\/es_es\/google-consent-mode-v2-explicado\/#primaryimage"},"thumbnailUrl":"https:\/\/fitconsent.com\/wp-content\/uploads\/2025\/10\/14.png","datePublished":"2025-10-18T21:31:55+00:00","dateModified":"2025-12-19T14:58:18+00:00","description":"Google Consent Mode V2 Explicado: Adaptando la Anal\u00edtica y la Publicidad al Consentimiento del Usuario","breadcrumb":{"@id":"https:\/\/fitconsent.com\/es_es\/google-consent-mode-v2-explicado\/#breadcrumb"},"inLanguage":"es","potentialAction":[{"@type":"ReadAction","target":["https:\/\/fitconsent.com\/es_es\/google-consent-mode-v2-explicado\/"]}]},{"@type":"ImageObject","inLanguage":"es","@id":"https:\/\/fitconsent.com\/es_es\/google-consent-mode-v2-explicado\/#primaryimage","url":"https:\/\/fitconsent.com\/wp-content\/uploads\/2025\/10\/14.png","contentUrl":"https:\/\/fitconsent.com\/wp-content\/uploads\/2025\/10\/14.png"},{"@type":"BreadcrumbList","@id":"https:\/\/fitconsent.com\/es_es\/google-consent-mode-v2-explicado\/#breadcrumb","itemListElement":[{"@type":"ListItem","position":1,"name":"Home","item":"https:\/\/fitconsent.com\/"},{"@type":"ListItem","position":2,"name":"Google Consent Mode V2 Explicado: Adaptando la Anal\u00edtica y la Publicidad al Consentimiento del Usuario"}]},{"@type":"WebSite","@id":"https:\/\/fitconsent.com\/fr_fr\/#website","url":"https:\/\/fitconsent.com\/fr_fr\/","name":"FitConsent","description":"By DIGITLOAD","publisher":{"@id":"https:\/\/fitconsent.com\/fr_fr\/#organization"},"potentialAction":[{"@type":"SearchAction","target":{"@type":"EntryPoint","urlTemplate":"https:\/\/fitconsent.com\/fr_fr\/?s={search_term_string}"},"query-input":{"@type":"PropertyValueSpecification","valueRequired":true,"valueName":"search_term_string"}}],"inLanguage":"es"},{"@type":"Organization","@id":"https:\/\/fitconsent.com\/fr_fr\/#organization","name":"DIGITLOAD","url":"https:\/\/fitconsent.com\/fr_fr\/","logo":{"@type":"ImageObject","inLanguage":"es","@id":"https:\/\/fitconsent.com\/fr_fr\/#\/schema\/logo\/image\/","url":"https:\/\/fitconsent.com\/wp-content\/uploads\/2025\/08\/cropped-icon.png","contentUrl":"https:\/\/fitconsent.com\/wp-content\/uploads\/2025\/08\/cropped-icon.png","width":512,"height":512,"caption":"DIGITLOAD"},"image":{"@id":"https:\/\/fitconsent.com\/fr_fr\/#\/schema\/logo\/image\/"}}]}},"_links":{"self":[{"href":"https:\/\/fitconsent.com\/es_es\/wp-json\/wp\/v2\/pages\/1983","targetHints":{"allow":["GET"]}}],"collection":[{"href":"https:\/\/fitconsent.com\/es_es\/wp-json\/wp\/v2\/pages"}],"about":[{"href":"https:\/\/fitconsent.com\/es_es\/wp-json\/wp\/v2\/types\/page"}],"author":[{"embeddable":true,"href":"https:\/\/fitconsent.com\/es_es\/wp-json\/wp\/v2\/users\/5"}],"replies":[{"embeddable":true,"href":"https:\/\/fitconsent.com\/es_es\/wp-json\/wp\/v2\/comments?post=1983"}],"version-history":[{"count":3,"href":"https:\/\/fitconsent.com\/es_es\/wp-json\/wp\/v2\/pages\/1983\/revisions"}],"predecessor-version":[{"id":2520,"href":"https:\/\/fitconsent.com\/es_es\/wp-json\/wp\/v2\/pages\/1983\/revisions\/2520"}],"wp:attachment":[{"href":"https:\/\/fitconsent.com\/es_es\/wp-json\/wp\/v2\/media?parent=1983"}],"curies":[{"name":"wp","href":"https:\/\/api.w.org\/{rel}","templated":true}]}}