{"id":1935,"date":"2025-10-18T17:57:36","date_gmt":"2025-10-18T17:57:36","guid":{"rendered":"https:\/\/fitconsent.com\/?page_id=1935"},"modified":"2025-10-21T17:52:31","modified_gmt":"2025-10-21T17:52:31","slug":"ccpa-cpra-consumidores-de-california-y-privacidad-de-datos","status":"publish","type":"page","link":"https:\/\/fitconsent.com\/es_es\/ccpa-cpra-consumidores-de-california-y-privacidad-de-datos\/","title":{"rendered":"El CCPA\/CPRA Explicado: Empoderando a los Consumidores de California con Derechos de Privacidad de Datos"},"content":{"rendered":"\n<p>La <strong>Ley de Privacidad del Consumidor de California (CCPA)<\/strong>, efectiva desde el 1 de enero de 2020 y significativamente ampliada por la <strong>Ley de Derechos de Privacidad de California (CPRA)<\/strong> en 2023, es una de las leyes de privacidad a nivel estatal m\u00e1s completas de los Estados Unidos. Mientras que el <a href=\"https:\/\/fitconsent.com\/es_es\/el-reglamento-general-de-proteccion-de-datos-rgpd-explicado\/\">RGPD<\/a> se centra en los residentes europeos, el CCPA\/CPRA empodera a los consumidores de California otorg\u00e1ndoles derechos extensivos sobre su informaci\u00f3n personal e impone obligaciones estrictas a las empresas que la recopilan y procesan.<\/p>\n\n\n\n<figure class=\"wp-block-image aligncenter size-full\"><img loading=\"lazy\" decoding=\"async\" width=\"800\" height=\"710\" src=\"https:\/\/fitconsent.com\/wp-content\/uploads\/2025\/10\/13.png\" alt=\"California Consumer Privacy Act CCPA, California Privacy Rights Act CPRA\" class=\"wp-image-1922\" srcset=\"https:\/\/fitconsent.com\/wp-content\/uploads\/2025\/10\/13.png 800w, https:\/\/fitconsent.com\/wp-content\/uploads\/2025\/10\/13-300x266.png 300w, https:\/\/fitconsent.com\/wp-content\/uploads\/2025\/10\/13-768x682.png 768w, https:\/\/fitconsent.com\/wp-content\/uploads\/2025\/10\/13-600x533.png 600w\" sizes=\"auto, (max-width: 800px) 100vw, 800px\" \/><\/figure>\n\n\n\n<h3 class=\"wp-block-heading\">\u00bfQu\u00e9 es el CCPA\/CPRA?<\/h3>\n\n\n\n<p>El CCPA (y su sucesor, el CPRA) es una ley pionera de privacidad que otorga a los residentes de California (consumidores) nuevos derechos con respecto a su informaci\u00f3n personal. A diferencia del <a href=\"https:\/\/fitconsent.com\/es_es\/el-reglamento-general-de-proteccion-de-datos-rgpd-explicado\/\">RGPD<\/a>, que se centra en la base legal para el procesamiento, el CCPA\/CPRA se trata m\u00e1s del control del consumidor y la transparencia con respecto a c\u00f3mo las empresas <em>manejan<\/em> sus datos.<\/p>\n\n\n\n<p>Generalmente se aplica a empresas con fines de lucro que recopilan informaci\u00f3n personal de residentes de California y cumplen uno o m\u00e1s de los siguientes umbrales:<\/p>\n\n\n\n<ul class=\"wp-block-list\">\n<li>Tiene ingresos brutos anuales superiores a $25 millones.<\/li>\n\n\n\n<li>Compra, recibe o vende informaci\u00f3n personal de 100,000 o m\u00e1s consumidores u hogares de California.<\/li>\n\n\n\n<li>Obtiene el 50% o m\u00e1s de sus ingresos anuales de la venta o el intercambio de informaci\u00f3n personal de consumidores de California.<\/li>\n<\/ul>\n\n\n\n<p>La \u00abinformaci\u00f3n personal\u00bb bajo CCPA\/CPRA se define de manera muy amplia para incluir cualquier cosa que identifique, se relacione con, describa, sea razonablemente capaz de asociarse con, o pueda vincularse razonablemente, directa o indirectamente, con un consumidor u hogar en particular.<\/p>\n\n\n\n<h3 class=\"wp-block-heading\">Derechos Clave del Consumidor bajo CCPA\/CPRA<\/h3>\n\n\n\n<p>El CCPA\/CPRA otorga a los consumidores de California varios derechos poderosos:<\/p>\n\n\n\n<ol start=\"1\" class=\"wp-block-list\">\n<li><strong>Derecho a Saber:<\/strong> Los consumidores tienen derecho a solicitar que una empresa divulgue las categor\u00edas y los elementos espec\u00edficos de informaci\u00f3n personal que ha recopilado, las categor\u00edas de fuentes de las que se recopila la informaci\u00f3n personal, los prop\u00f3sitos para recopilar o vender informaci\u00f3n personal, y las categor\u00edas de terceros con los que la empresa comparte informaci\u00f3n personal.<\/li>\n\n\n\n<li><strong>Derecho a Eliminar:<\/strong> Los consumidores tienen derecho a solicitar la eliminaci\u00f3n de la informaci\u00f3n personal recopilada por la empresa.<\/li>\n\n\n\n<li><strong>Derecho a Optar por no Vender\/Compartir (Opt-Out):<\/strong> Este es un pilar del CCPA\/CPRA. Los consumidores tienen derecho a indicar a una empresa que vende o \u00abcomparte\u00bb (para publicidad conductual transcontextual) informaci\u00f3n personal a terceros que no venda ni comparta su informaci\u00f3n personal. Las empresas deben proporcionar un enlace claro \u00abNo vender ni compartir mi informaci\u00f3n personal\u00bb en su p\u00e1gina de inicio.<\/li>\n\n\n\n<li><strong>Derecho a Corregir:<\/strong> Los consumidores pueden solicitar que las empresas corrijan informaci\u00f3n personal inexacta.<\/li>\n\n\n\n<li><strong>Derecho a Limitar el Uso y la Divulgaci\u00f3n de Informaci\u00f3n Personal Sensible:<\/strong> Los consumidores pueden indicar a las empresas que limiten el uso y la divulgaci\u00f3n de su \u00abinformaci\u00f3n personal sensible\u00bb (por ejemplo, geolocalizaci\u00f3n precisa, origen racial o \u00e9tnico, datos de salud) solo a lo necesario para realizar los servicios o proporcionar los bienes solicitados.<\/li>\n\n\n\n<li><strong>Derecho a la No Discriminaci\u00f3n:<\/strong> Las empresas no pueden discriminar a un consumidor por ejercer sus derechos CCPA\/CPRA.<\/li>\n<\/ol>\n\n\n\n<h3 class=\"wp-block-heading\">Implicaciones para las Empresas<\/h3>\n\n\n\n<p>El cumplimiento del CCPA\/CPRA requiere un cambio significativo en las pr\u00e1cticas de manejo de datos para muchas empresas. Los requisitos clave incluyen:<\/p>\n\n\n\n<ul class=\"wp-block-list\">\n<li>Proporcionar <strong>avisos de privacidad<\/strong> claros y destacados que detallen la recopilaci\u00f3n y el procesamiento de datos.<\/li>\n\n\n\n<li>Implementar mecanismos para que los consumidores presenten <strong>solicitudes de acceso del titular de los datos (DSAR)<\/strong> para sus derechos.<\/li>\n\n\n\n<li>Reconocer y honrar las se\u00f1ales de control de privacidad global, como la se\u00f1al del navegador <strong>Global Privacy Control (GPC)<\/strong>.<\/li>\n\n\n\n<li>Asegurarse de que los proveedores de servicios y contratistas externos tambi\u00e9n cumplan con las reglas de CCPA\/CPRA al manejar datos de consumidores en nombre de la empresa.<\/li>\n<\/ul>\n\n\n\n<p>El incumplimiento puede dar lugar a sanciones significativas, incluyendo da\u00f1os legales de <strong>$100 a $750 por consumidor por incidente<\/strong> por violaciones intencionales o por no corregir las violaciones despu\u00e9s de la notificaci\u00f3n, as\u00ed como da\u00f1os reales para los consumidores. La aplicaci\u00f3n es llevada a cabo por la Agencia de Protecci\u00f3n de la Privacidad de California (CPPA) y el Fiscal General de California.<\/p>\n\n\n\n<hr class=\"wp-block-separator has-alpha-channel-opacity\"\/>\n\n\n\n<h3 class=\"wp-block-heading\">El Papel Cr\u00edtico de las Herramientas de Consentimiento y Exclusi\u00f3n en la Conformidad Moderna con CCPA\/CPRA<\/h3>\n\n\n\n<p>Navegar por la conformidad con CCPA\/CPRA, especialmente mientras se mantiene un marketing digital y una anal\u00edtica efectivos, requiere la integraci\u00f3n perfecta de herramientas especializadas: una s\u00f3lida <a href=\"https:\/\/fitconsent.com\/es_es\/plataforma-de-gestion-de-consentimiento-del-usuario-cmp\/\">Plataforma de Gesti\u00f3n de Consentimiento (CMP)<\/a> y el cumplimiento de las se\u00f1ales de las principales plataformas publicitarias.<\/p>\n\n\n\n<h4 class=\"wp-block-heading\">1. La Plataforma de Gesti\u00f3n de Consentimiento (CMP) &#8211; ej. FitConsent<\/h4>\n\n\n\n<p>Una <a href=\"https:\/\/fitconsent.com\/es_es\/plataforma-de-gestion-de-consentimiento-del-usuario-cmp\/\">CMP<\/a> como <a href=\"http:\/\/fitconsent.com\">FitConsent<\/a> es esencial para implementar los derechos del consumidor exigidos por CCPA\/CPRA. Sus funciones principales incluyen:<\/p>\n\n\n\n<ul class=\"wp-block-list\">\n<li><strong>Facilitar las Exclusiones (Opt-Outs):<\/strong> Una <a href=\"https:\/\/fitconsent.com\/es_es\/plataforma-de-gestion-de-consentimiento-del-usuario-cmp\/\">CMP<\/a> ayuda a las empresas a mostrar el enlace obligatorio \u00abNo vender ni compartir mi informaci\u00f3n personal\u00bb y gestiona los mecanismos subyacentes para honrar estas solicitudes, asegurando que los datos no se vendan ni compartan despu\u00e9s de una exclusi\u00f3n voluntaria.<\/li>\n\n\n\n<li><strong>Gesti\u00f3n de Preferencias del Usuario:<\/strong> M\u00e1s all\u00e1 de las simples exclusiones, una <a href=\"https:\/\/fitconsent.com\/es_es\/plataforma-de-gestion-de-consentimiento-del-usuario-cmp\/\">CMP<\/a> permite un control m\u00e1s granular, especialmente para limitar el uso de informaci\u00f3n personal sensible, aline\u00e1ndose con los requisitos ampliados de la CPRA.<\/li>\n\n\n\n<li><strong>Respuesta a las DSAR (Solicitudes de Acceso del Titular de los Datos):<\/strong> Aunque no ejecuta directamente la eliminaci\u00f3n, una <a href=\"https:\/\/fitconsent.com\/es_es\/plataforma-de-gestion-de-consentimiento-del-usuario-cmp\/\">CMP<\/a> puede agilizar el proceso de recepci\u00f3n y gesti\u00f3n de las Solicitudes de Acceso del Titular de los Datos (DSAR), proporcionando las pistas de auditor\u00eda necesarias y ayudando a las empresas a localizar datos relevantes para solicitudes de eliminaci\u00f3n o acceso.<\/li>\n\n\n\n<li><strong>Cumplimiento de las Se\u00f1ales GPC:<\/strong> Las <a href=\"https:\/\/fitconsent.com\/es_es\/plataforma-de-gestion-de-consentimiento-del-usuario-cmp\/\">CMP<\/a> modernas est\u00e1n dise\u00f1adas para detectar y respetar autom\u00e1ticamente las se\u00f1ales de Control Global de Privacidad (GPC) enviadas por los navegadores de los usuarios, que el CCPA\/CPRA exige como una solicitud de exclusi\u00f3n v\u00e1lida.<\/li>\n<\/ul>\n\n\n\n<h4 class=\"wp-block-heading\">2. Google Consent Mode V2<\/h4>\n\n\n\n<p>Aunque el CCPA\/CPRA es principalmente un r\u00e9gimen de \u00abexclusi\u00f3n voluntaria\u00bb (opt-out) en lugar de \u00abinclusi\u00f3n voluntaria\u00bb (opt-in) para muchos usos de datos (a diferencia del fuerte \u00e9nfasis del <a href=\"https:\/\/fitconsent.com\/es_es\/el-reglamento-general-de-proteccion-de-datos-rgpd-explicado\/\">RGPD<\/a> en el consentimiento), <a href=\"https:\/\/fitconsent.com\/es_es\/google-consent-mode-v2-explicado\/\">Google Consent Mode V2<\/a> sigue desempe\u00f1ando un papel crucial para las empresas que operan globalmente o aquellas con necesidades de cumplimiento mixtas:<\/p>\n\n\n\n<ul class=\"wp-block-list\">\n<li><strong>Marco de Conformidad Global:<\/strong> Para las empresas que atienden tanto a residentes de California como de la UE, una <a href=\"https:\/\/fitconsent.com\/es_es\/plataforma-de-gestion-de-consentimiento-del-usuario-cmp\/\">CMP<\/a> integrada con <a href=\"https:\/\/fitconsent.com\/es_es\/google-consent-mode-v2-explicado\/\">Google Consent Mode V2<\/a> proporciona un enfoque unificado. Incluso en un contexto de exclusi\u00f3n voluntaria, puede ayudar a gestionar las se\u00f1ales a los servicios de Google, asegurando que las etiquetas de an\u00e1lisis y publicidad se comporten apropiadamente seg\u00fan las preferencias del usuario (ya sea \u00abopt-in\u00bb para el <a href=\"https:\/\/fitconsent.com\/es_es\/el-reglamento-general-de-proteccion-de-datos-rgpd-explicado\/\">RGPD<\/a> u \u00abopt-out\u00bb para el CCPA).<\/li>\n\n\n\n<li><strong>Adaptaci\u00f3n del Comportamiento de las Etiquetas:<\/strong> <a href=\"https:\/\/fitconsent.com\/es_es\/google-consent-mode-v2-explicado\/\">Google Consent Mode V2<\/a> a\u00fan puede modificar el comportamiento de las etiquetas de Google bas\u00e1ndose en las elecciones expl\u00edcitas o las se\u00f1ales impl\u00edcitas de exclusi\u00f3n recibidas, limitando la recopilaci\u00f3n de datos para publicidad si es necesario, apoyando as\u00ed los objetivos de CCPA\/CPRA cuando corresponda.<\/li>\n<\/ul>\n\n\n\n<h4 class=\"wp-block-heading\">3. Microsoft UET Consent Mode<\/h4>\n\n\n\n<p>De manera similar, para las empresas que utilizan Microsoft Advertising (Bing Ads) y atienden a residentes de California:<\/p>\n\n\n\n<ul class=\"wp-block-list\">\n<li><strong>Respeto a las Exclusiones:<\/strong> <a href=\"https:\/\/fitconsent.com\/es_es\/uet-de-microsoft-seguimiento-universal-de-eventos\/\">Microsoft UET Consent Mode<\/a> permite que la etiqueta de Seguimiento Universal de Eventos (UET) adapte sus pr\u00e1cticas de recopilaci\u00f3n de datos bas\u00e1ndose en las preferencias del usuario o las se\u00f1ales de exclusi\u00f3n. Esto asegura que la informaci\u00f3n personal no se \u00abvenda\u00bb o \u00abcomparta\u00bb a trav\u00e9s de la etiqueta UET de una manera que viole CCPA\/CPRA si un consumidor ha optado por la exclusi\u00f3n.<\/li>\n\n\n\n<li><strong>Mantenimiento de Funcionalidad Limitada:<\/strong> Al ajustar el comportamiento de las etiquetas, UET Consent Mode permite que el seguimiento b\u00e1sico de conversiones y la medici\u00f3n del rendimiento de los anuncios contin\u00faen de manera que preserve la privacidad, incluso cuando el seguimiento completo no est\u00e1 permitido debido a las elecciones del consumidor.<\/li>\n<\/ul>\n\n\n\n<p><strong>Conclusi\u00f3n sobre Herramientas:<\/strong><\/p>\n\n\n\n<p>Para las empresas que operan bajo la sombra de CCPA\/CPRA, la integraci\u00f3n de una <a href=\"https:\/\/fitconsent.com\/es_es\/plataforma-de-gestion-de-consentimiento-del-usuario-cmp\/\">CMP<\/a> especializada como <a href=\"http:\/\/fitconsent.com\">FitConsent<\/a> con la se\u00f1alizaci\u00f3n flexible proporcionada por <a href=\"https:\/\/fitconsent.com\/es_es\/google-consent-mode-v2-explicado\/\">Google Consent Mode V2<\/a> y <a href=\"https:\/\/fitconsent.com\/es_es\/uet-de-microsoft-seguimiento-universal-de-eventos\/\">Microsoft UET Consent Mode<\/a> es vital. Estas herramientas garantizan no solo el cumplimiento legal de los derechos del consumidor, sino que tambi\u00e9n permiten la continuaci\u00f3n de actividades esenciales de marketing y anal\u00edtica de una manera que respeta la privacidad y se basa en datos.<\/p>\n","protected":false},"excerpt":{"rendered":"<p>La Ley de Privacidad del Consumidor de California (CCPA), efectiva desde el 1 de enero de 2020 y significativamente ampliada por la Ley de Derechos de Privacidad de California (CPRA) en 2023, es una de las leyes de privacidad a nivel estatal m\u00e1s completas de los Estados Unidos. Mientras que el RGPD se centra en [&hellip;]<\/p>\n","protected":false},"author":5,"featured_media":0,"parent":0,"menu_order":0,"comment_status":"closed","ping_status":"closed","template":"","meta":{"_fitconsent_language":"es_ES","_fitconsent_translation_group":"1921","footnotes":""},"class_list":["post-1935","page","type-page","status-publish","hentry"],"yoast_head":"<!-- This site is optimized with the Yoast SEO plugin v27.2 - https:\/\/yoast.com\/product\/yoast-seo-wordpress\/ -->\n<title>CCPA\/CPRA: Consumidores de California y privacidad de datos<\/title>\n<meta name=\"description\" content=\"El CCPA\/CPRA Explicado: Empoderando a los Consumidores de California con Derechos de Privacidad de Datos\" \/>\n<meta name=\"robots\" content=\"index, follow, max-snippet:-1, max-image-preview:large, max-video-preview:-1\" \/>\n<link rel=\"canonical\" href=\"https:\/\/fitconsent.com\/es_es\/ccpa-cpra-consumidores-de-california-y-privacidad-de-datos\/\" \/>\n<meta property=\"og:locale\" content=\"es_ES\" \/>\n<meta property=\"og:type\" content=\"article\" \/>\n<meta property=\"og:title\" content=\"CCPA\/CPRA: Consumidores de California y privacidad de datos\" \/>\n<meta property=\"og:description\" content=\"El CCPA\/CPRA Explicado: Empoderando a los Consumidores de California con Derechos de Privacidad de Datos\" \/>\n<meta property=\"og:url\" content=\"https:\/\/fitconsent.com\/es_es\/ccpa-cpra-consumidores-de-california-y-privacidad-de-datos\/\" \/>\n<meta property=\"og:site_name\" content=\"FitConsent\" \/>\n<meta property=\"article:modified_time\" content=\"2025-10-21T17:52:31+00:00\" \/>\n<meta property=\"og:image\" content=\"https:\/\/fitconsent.com\/wp-content\/uploads\/2025\/10\/13.png\" \/>\n<meta name=\"twitter:card\" content=\"summary_large_image\" \/>\n<meta name=\"twitter:label1\" content=\"Tiempo de lectura\" \/>\n\t<meta name=\"twitter:data1\" content=\"7 minutos\" \/>\n<script type=\"application\/ld+json\" class=\"yoast-schema-graph\">{\"@context\":\"https:\/\/schema.org\",\"@graph\":[{\"@type\":\"WebPage\",\"@id\":\"https:\/\/fitconsent.com\/es_es\/ccpa-cpra-consumidores-de-california-y-privacidad-de-datos\/\",\"url\":\"https:\/\/fitconsent.com\/es_es\/ccpa-cpra-consumidores-de-california-y-privacidad-de-datos\/\",\"name\":\"CCPA\/CPRA: Consumidores de California y privacidad de datos\",\"isPartOf\":{\"@id\":\"https:\/\/fitconsent.com\/fr_fr\/#website\"},\"primaryImageOfPage\":{\"@id\":\"https:\/\/fitconsent.com\/es_es\/ccpa-cpra-consumidores-de-california-y-privacidad-de-datos\/#primaryimage\"},\"image\":{\"@id\":\"https:\/\/fitconsent.com\/es_es\/ccpa-cpra-consumidores-de-california-y-privacidad-de-datos\/#primaryimage\"},\"thumbnailUrl\":\"https:\/\/fitconsent.com\/wp-content\/uploads\/2025\/10\/13.png\",\"datePublished\":\"2025-10-18T17:57:36+00:00\",\"dateModified\":\"2025-10-21T17:52:31+00:00\",\"description\":\"El CCPA\/CPRA Explicado: Empoderando a los Consumidores de California con Derechos de Privacidad de Datos\",\"breadcrumb\":{\"@id\":\"https:\/\/fitconsent.com\/es_es\/ccpa-cpra-consumidores-de-california-y-privacidad-de-datos\/#breadcrumb\"},\"inLanguage\":\"es\",\"potentialAction\":[{\"@type\":\"ReadAction\",\"target\":[\"https:\/\/fitconsent.com\/es_es\/ccpa-cpra-consumidores-de-california-y-privacidad-de-datos\/\"]}]},{\"@type\":\"ImageObject\",\"inLanguage\":\"es\",\"@id\":\"https:\/\/fitconsent.com\/es_es\/ccpa-cpra-consumidores-de-california-y-privacidad-de-datos\/#primaryimage\",\"url\":\"https:\/\/fitconsent.com\/wp-content\/uploads\/2025\/10\/13.png\",\"contentUrl\":\"https:\/\/fitconsent.com\/wp-content\/uploads\/2025\/10\/13.png\"},{\"@type\":\"BreadcrumbList\",\"@id\":\"https:\/\/fitconsent.com\/es_es\/ccpa-cpra-consumidores-de-california-y-privacidad-de-datos\/#breadcrumb\",\"itemListElement\":[{\"@type\":\"ListItem\",\"position\":1,\"name\":\"Home\",\"item\":\"https:\/\/fitconsent.com\/\"},{\"@type\":\"ListItem\",\"position\":2,\"name\":\"El CCPA\/CPRA Explicado: Empoderando a los Consumidores de California con Derechos de Privacidad de Datos\"}]},{\"@type\":\"WebSite\",\"@id\":\"https:\/\/fitconsent.com\/fr_fr\/#website\",\"url\":\"https:\/\/fitconsent.com\/fr_fr\/\",\"name\":\"FitConsent\",\"description\":\"By DIGITLOAD\",\"publisher\":{\"@id\":\"https:\/\/fitconsent.com\/fr_fr\/#organization\"},\"potentialAction\":[{\"@type\":\"SearchAction\",\"target\":{\"@type\":\"EntryPoint\",\"urlTemplate\":\"https:\/\/fitconsent.com\/fr_fr\/?s={search_term_string}\"},\"query-input\":{\"@type\":\"PropertyValueSpecification\",\"valueRequired\":true,\"valueName\":\"search_term_string\"}}],\"inLanguage\":\"es\"},{\"@type\":\"Organization\",\"@id\":\"https:\/\/fitconsent.com\/fr_fr\/#organization\",\"name\":\"DIGITLOAD\",\"url\":\"https:\/\/fitconsent.com\/fr_fr\/\",\"logo\":{\"@type\":\"ImageObject\",\"inLanguage\":\"es\",\"@id\":\"https:\/\/fitconsent.com\/fr_fr\/#\/schema\/logo\/image\/\",\"url\":\"https:\/\/fitconsent.com\/wp-content\/uploads\/2025\/08\/cropped-icon.png\",\"contentUrl\":\"https:\/\/fitconsent.com\/wp-content\/uploads\/2025\/08\/cropped-icon.png\",\"width\":512,\"height\":512,\"caption\":\"DIGITLOAD\"},\"image\":{\"@id\":\"https:\/\/fitconsent.com\/fr_fr\/#\/schema\/logo\/image\/\"}}]}<\/script>\n<!-- \/ Yoast SEO plugin. -->","yoast_head_json":{"title":"CCPA\/CPRA: Consumidores de California y privacidad de datos","description":"El CCPA\/CPRA Explicado: Empoderando a los Consumidores de California con Derechos de Privacidad de Datos","robots":{"index":"index","follow":"follow","max-snippet":"max-snippet:-1","max-image-preview":"max-image-preview:large","max-video-preview":"max-video-preview:-1"},"canonical":"https:\/\/fitconsent.com\/es_es\/ccpa-cpra-consumidores-de-california-y-privacidad-de-datos\/","og_locale":"es_ES","og_type":"article","og_title":"CCPA\/CPRA: Consumidores de California y privacidad de datos","og_description":"El CCPA\/CPRA Explicado: Empoderando a los Consumidores de California con Derechos de Privacidad de Datos","og_url":"https:\/\/fitconsent.com\/es_es\/ccpa-cpra-consumidores-de-california-y-privacidad-de-datos\/","og_site_name":"FitConsent","article_modified_time":"2025-10-21T17:52:31+00:00","og_image":[{"url":"https:\/\/fitconsent.com\/wp-content\/uploads\/2025\/10\/13.png","type":"","width":"","height":""}],"twitter_card":"summary_large_image","twitter_misc":{"Tiempo de lectura":"7 minutos"},"schema":{"@context":"https:\/\/schema.org","@graph":[{"@type":"WebPage","@id":"https:\/\/fitconsent.com\/es_es\/ccpa-cpra-consumidores-de-california-y-privacidad-de-datos\/","url":"https:\/\/fitconsent.com\/es_es\/ccpa-cpra-consumidores-de-california-y-privacidad-de-datos\/","name":"CCPA\/CPRA: Consumidores de California y privacidad de datos","isPartOf":{"@id":"https:\/\/fitconsent.com\/fr_fr\/#website"},"primaryImageOfPage":{"@id":"https:\/\/fitconsent.com\/es_es\/ccpa-cpra-consumidores-de-california-y-privacidad-de-datos\/#primaryimage"},"image":{"@id":"https:\/\/fitconsent.com\/es_es\/ccpa-cpra-consumidores-de-california-y-privacidad-de-datos\/#primaryimage"},"thumbnailUrl":"https:\/\/fitconsent.com\/wp-content\/uploads\/2025\/10\/13.png","datePublished":"2025-10-18T17:57:36+00:00","dateModified":"2025-10-21T17:52:31+00:00","description":"El CCPA\/CPRA Explicado: Empoderando a los Consumidores de California con Derechos de Privacidad de Datos","breadcrumb":{"@id":"https:\/\/fitconsent.com\/es_es\/ccpa-cpra-consumidores-de-california-y-privacidad-de-datos\/#breadcrumb"},"inLanguage":"es","potentialAction":[{"@type":"ReadAction","target":["https:\/\/fitconsent.com\/es_es\/ccpa-cpra-consumidores-de-california-y-privacidad-de-datos\/"]}]},{"@type":"ImageObject","inLanguage":"es","@id":"https:\/\/fitconsent.com\/es_es\/ccpa-cpra-consumidores-de-california-y-privacidad-de-datos\/#primaryimage","url":"https:\/\/fitconsent.com\/wp-content\/uploads\/2025\/10\/13.png","contentUrl":"https:\/\/fitconsent.com\/wp-content\/uploads\/2025\/10\/13.png"},{"@type":"BreadcrumbList","@id":"https:\/\/fitconsent.com\/es_es\/ccpa-cpra-consumidores-de-california-y-privacidad-de-datos\/#breadcrumb","itemListElement":[{"@type":"ListItem","position":1,"name":"Home","item":"https:\/\/fitconsent.com\/"},{"@type":"ListItem","position":2,"name":"El CCPA\/CPRA Explicado: Empoderando a los Consumidores de California con Derechos de Privacidad de Datos"}]},{"@type":"WebSite","@id":"https:\/\/fitconsent.com\/fr_fr\/#website","url":"https:\/\/fitconsent.com\/fr_fr\/","name":"FitConsent","description":"By DIGITLOAD","publisher":{"@id":"https:\/\/fitconsent.com\/fr_fr\/#organization"},"potentialAction":[{"@type":"SearchAction","target":{"@type":"EntryPoint","urlTemplate":"https:\/\/fitconsent.com\/fr_fr\/?s={search_term_string}"},"query-input":{"@type":"PropertyValueSpecification","valueRequired":true,"valueName":"search_term_string"}}],"inLanguage":"es"},{"@type":"Organization","@id":"https:\/\/fitconsent.com\/fr_fr\/#organization","name":"DIGITLOAD","url":"https:\/\/fitconsent.com\/fr_fr\/","logo":{"@type":"ImageObject","inLanguage":"es","@id":"https:\/\/fitconsent.com\/fr_fr\/#\/schema\/logo\/image\/","url":"https:\/\/fitconsent.com\/wp-content\/uploads\/2025\/08\/cropped-icon.png","contentUrl":"https:\/\/fitconsent.com\/wp-content\/uploads\/2025\/08\/cropped-icon.png","width":512,"height":512,"caption":"DIGITLOAD"},"image":{"@id":"https:\/\/fitconsent.com\/fr_fr\/#\/schema\/logo\/image\/"}}]}},"_links":{"self":[{"href":"https:\/\/fitconsent.com\/es_es\/wp-json\/wp\/v2\/pages\/1935","targetHints":{"allow":["GET"]}}],"collection":[{"href":"https:\/\/fitconsent.com\/es_es\/wp-json\/wp\/v2\/pages"}],"about":[{"href":"https:\/\/fitconsent.com\/es_es\/wp-json\/wp\/v2\/types\/page"}],"author":[{"embeddable":true,"href":"https:\/\/fitconsent.com\/es_es\/wp-json\/wp\/v2\/users\/5"}],"replies":[{"embeddable":true,"href":"https:\/\/fitconsent.com\/es_es\/wp-json\/wp\/v2\/comments?post=1935"}],"version-history":[{"count":3,"href":"https:\/\/fitconsent.com\/es_es\/wp-json\/wp\/v2\/pages\/1935\/revisions"}],"predecessor-version":[{"id":2064,"href":"https:\/\/fitconsent.com\/es_es\/wp-json\/wp\/v2\/pages\/1935\/revisions\/2064"}],"wp:attachment":[{"href":"https:\/\/fitconsent.com\/es_es\/wp-json\/wp\/v2\/media?parent=1935"}],"curies":[{"name":"wp","href":"https:\/\/api.w.org\/{rel}","templated":true}]}}