{"id":1895,"date":"2025-10-17T21:15:40","date_gmt":"2025-10-17T21:15:40","guid":{"rendered":"https:\/\/fitconsent.com\/?page_id=1895"},"modified":"2025-10-21T17:53:54","modified_gmt":"2025-10-21T17:53:54","slug":"el-reglamento-general-de-proteccion-de-datos-rgpd-explicado","status":"publish","type":"page","link":"https:\/\/fitconsent.com\/es_es\/el-reglamento-general-de-proteccion-de-datos-rgpd-explicado\/","title":{"rendered":"El Reglamento General de Protecci\u00f3n de Datos (RGPD) Explicado"},"content":{"rendered":"\n<p>El <strong>Reglamento General de Protecci\u00f3n de Datos (RGPD)<\/strong>, que entr\u00f3 en vigor en mayo de 2018, es la legislaci\u00f3n de protecci\u00f3n de datos m\u00e1s estricta y completa del mundo de la Uni\u00f3n Europea. Su objetivo fundamental es devolver a los ciudadanos de la UE y del EEE (Espacio Econ\u00f3mico Europeo) el control sobre sus datos personales y unificar el panorama regulatorio para las empresas.<\/p>\n\n\n\n<figure class=\"wp-block-image aligncenter size-full\"><img loading=\"lazy\" decoding=\"async\" width=\"800\" height=\"600\" src=\"https:\/\/fitconsent.com\/wp-content\/uploads\/2025\/10\/12.png\" alt=\"GDPR\" class=\"wp-image-1884\" srcset=\"https:\/\/fitconsent.com\/wp-content\/uploads\/2025\/10\/12.png 800w, https:\/\/fitconsent.com\/wp-content\/uploads\/2025\/10\/12-300x225.png 300w, https:\/\/fitconsent.com\/wp-content\/uploads\/2025\/10\/12-768x576.png 768w, https:\/\/fitconsent.com\/wp-content\/uploads\/2025\/10\/12-600x450.png 600w\" sizes=\"auto, (max-width: 800px) 100vw, 800px\" \/><\/figure>\n\n\n\n<h3 class=\"wp-block-heading\">\u00bfQu\u00e9 es el RGPD?<\/h3>\n\n\n\n<p>El RGPD es un reglamento (UE) 2016\/679 que establece c\u00f3mo se deben recopilar, usar, procesar y almacenar los datos personales de las personas. Tiene un alcance <strong>extraterritorial<\/strong>, lo que significa que se aplica no solo a las organizaciones con sede en la UE, sino tambi\u00e9n a cualquier empresa en el mundo que procese datos personales de residentes de la UE.<\/p>\n\n\n\n<p>Los \u00abdatos personales\u00bb se definen de manera muy amplia, incluyendo cualquier cosa que pueda usarse, directa o indirectamente, para identificar a un individuo (nombre, direcci\u00f3n de correo electr\u00f3nico, ubicaci\u00f3n, direcci\u00f3n IP, informaci\u00f3n de <em>cookies<\/em>, etc.).<\/p>\n\n\n\n<h3 class=\"wp-block-heading\">Los Siete Principios Fundamentales del RGPD<\/h3>\n\n\n\n<p>El RGPD se basa en siete principios clave que gu\u00edan la forma en que las organizaciones deben procesar los datos:<\/p>\n\n\n\n<ol start=\"1\" class=\"wp-block-list\">\n<li><strong>Licitud, Lealtad y Transparencia:<\/strong> Los datos deben procesarse legalmente, justamente y de manera transparente para el individuo.<\/li>\n\n\n\n<li><strong>Limitaci\u00f3n de la Finalidad:<\/strong> Los datos deben recopilarse para fines espec\u00edficos, expl\u00edcitos y leg\u00edtimos, y no deben procesarse posteriormente de una manera incompatible con esos fines.<\/li>\n\n\n\n<li><strong>Minimizaci\u00f3n de Datos:<\/strong> Solo se deben recopilar y procesar datos adecuados, pertinentes y estrictamente necesarios para los fines.<\/li>\n\n\n\n<li><strong>Exactitud:<\/strong> Los datos deben ser exactos y, cuando sea necesario, mantenerse actualizados.<\/li>\n\n\n\n<li><strong>Limitaci\u00f3n del Plazo de Conservaci\u00f3n:<\/strong> Los datos deben mantenerse en un formato que permita la identificaci\u00f3n de los interesados durante no m\u00e1s tiempo del necesario para los fines para los que se procesan.<\/li>\n\n\n\n<li><strong>Integridad y Confidencialidad (Seguridad):<\/strong> Los datos deben procesarse de una manera que garantice la seguridad adecuada, incluida la protecci\u00f3n contra el procesamiento no autorizado o ilegal y contra la p\u00e9rdida, destrucci\u00f3n o da\u00f1o accidental.<\/li>\n\n\n\n<li><strong>Responsabilidad Proactiva (Accountability):<\/strong> El responsable del tratamiento es responsable de cumplir con todos los principios y debe poder demostrarlo (por ejemplo, a trav\u00e9s de una Plataforma de Gesti\u00f3n de Consentimiento o documentaci\u00f3n interna).<\/li>\n<\/ol>\n\n\n\n<h3 class=\"wp-block-heading\">Implicaciones para las Empresas<\/h3>\n\n\n\n<p>El RGPD ha transformado la forma en que las empresas gestionan los datos. Exige un enfoque proactivo de la privacidad, a menudo denominado <strong>\u00abPrivacidad desde el Dise\u00f1o y por Defecto\u00bb (<em>Privacy by Design and Default<\/em>)<\/strong>.<\/p>\n\n\n\n<p>Para cumplir, las empresas deben:<\/p>\n\n\n\n<ul class=\"wp-block-list\">\n<li>Obtener un <strong>consentimiento claro e inequ\u00edvoco<\/strong> antes de procesar la mayor\u00eda de los datos personales (salvo excepciones legales).<\/li>\n\n\n\n<li>Implementar medidas de seguridad t\u00e9cnicas y organizativas adecuadas.<\/li>\n\n\n\n<li>Documentar sus actividades de procesamiento de datos (mantenimiento de registros).<\/li>\n\n\n\n<li>Respetar los <strong>derechos aumentados de los individuos<\/strong>, como el derecho de acceso, rectificaci\u00f3n, oposici\u00f3n y el famoso <strong>\u00abderecho de supresi\u00f3n\u00bb<\/strong> (derecho al olvido).<\/li>\n<\/ul>\n\n\n\n<p>El incumplimiento del RGPD puede resultar en multas administrativas sustanciales, que pueden alcanzar los <strong>20 millones de euros o el 4 % de la facturaci\u00f3n anual global<\/strong> total del ejercicio anterior, aplic\u00e1ndose la cantidad mayor. Por eso, herramientas como una <a href=\"https:\/\/fitconsent.com\/es_es\/plataforma-de-gestion-de-consentimiento-del-usuario-cmp\/\">CMP<\/a> se han vuelto indispensables para garantizar esta conformidad cr\u00edtica.<\/p>\n\n\n\n<hr class=\"wp-block-separator has-alpha-channel-opacity\"\/>\n\n\n\n<h3 class=\"wp-block-heading\">El Papel Cr\u00edtico de las Herramientas de Consentimiento en la Conformidad Moderna<\/h3>\n\n\n\n<p>Lograr una verdadera conformidad con el RGPD, especialmente mientras se mantiene una anal\u00edtica y un marketing digital efectivos, requiere la integraci\u00f3n de herramientas especializadas: una s\u00f3lida <a href=\"https:\/\/fitconsent.com\/es_es\/plataforma-de-gestion-de-consentimiento-del-usuario-cmp\/\">Plataforma de Gesti\u00f3n de Consentimiento (CMP)<\/a> y los modos de consentimiento proporcionados por las principales plataformas publicitarias.<\/p>\n\n\n\n<h4 class=\"wp-block-heading\">1. La Plataforma de Gesti\u00f3n de Consentimiento (<a href=\"https:\/\/fitconsent.com\/es_es\/plataforma-de-gestion-de-consentimiento-del-usuario-cmp\/\">CMP<\/a>) &#8211; ej. <a href=\"http:\/\/fitconsent.com\">FitConsent<\/a><\/h4>\n\n\n\n<p>Una <a href=\"https:\/\/fitconsent.com\/es_es\/plataforma-de-gestion-de-consentimiento-del-usuario-cmp\/\">CMP<\/a> como <a href=\"http:\/\/fitconsent.com\">FitConsent<\/a> es la capa fundamental para la conformidad. Sus funciones principales son:<\/p>\n\n\n\n<ul class=\"wp-block-list\">\n<li><strong>Recolecci\u00f3n de Consentimiento V\u00e1lido:<\/strong> Administra el banner de consentimiento, asegurando que el consentimiento sea granular, informado y obtenido a trav\u00e9s de una acci\u00f3n afirmativa clara, satisfaciendo los requisitos estrictos del Art\u00edculo 7 del RGPD.<\/li>\n\n\n\n<li><strong>Pista de Auditor\u00eda:<\/strong> Registra, gestiona y documenta de forma segura todas las elecciones de consentimiento del usuario y su revocaci\u00f3n, proporcionando la evidencia esencial de \u00abResponsabilidad\u00bb (Accountability) requerida por el RGPD.<\/li>\n\n\n\n<li><strong>Control de Acceso:<\/strong> Act\u00faa como puerta de enlace, bloqueando todas las cookies no esenciales y los scripts de seguimiento <em>antes<\/em> de que un usuario otorgue permiso.<\/li>\n<\/ul>\n\n\n\n<h4 class=\"wp-block-heading\">2. Google Consent Mode V2<\/h4>\n\n\n\n<p><a href=\"https:\/\/fitconsent.com\/es_es\/google-consent-mode-v2-explicado\/\">Google Consent Mode V2<\/a> es un marco obligatorio para cualquier organizaci\u00f3n que utilice servicios de Google (como Google Analytics 4 o Google Ads) para procesar datos del EEE. Funciona en asociaci\u00f3n con la <a href=\"https:\/\/fitconsent.com\/es_es\/plataforma-de-gestion-de-consentimiento-del-usuario-cmp\/\">CMP<\/a>:<\/p>\n\n\n\n<ul class=\"wp-block-list\">\n<li><strong>Transmisi\u00f3n de Se\u00f1ales:<\/strong> La <a href=\"https:\/\/fitconsent.com\/es_es\/plataforma-de-gestion-de-consentimiento-del-usuario-cmp\/\">CMP<\/a> (ej. <a href=\"http:\/\/fitconsent.com\">FitConsent<\/a>) captura la elecci\u00f3n de consentimiento del usuario y env\u00eda una se\u00f1al espec\u00edfica (<code>ad_storage<\/code>, <code>analytics_storage<\/code>, <code>ad_user_data<\/code>, <code>ad_personalization<\/code>) a Google.<\/li>\n\n\n\n<li><strong>Ajuste del Comportamiento de las Etiquetas:<\/strong> Las etiquetas de Google ajustan din\u00e1micamente su comportamiento en funci\u00f3n de esta se\u00f1al. Si un usuario deniega el consentimiento, las etiquetas se activan de forma limitada, sin cookies y respetando la privacidad.<\/li>\n\n\n\n<li><strong>Modelado de Conversiones:<\/strong> Este mecanismo permite a Google utilizar el aprendizaje autom\u00e1tico para <em>modelar<\/em> los datos de conversi\u00f3n y comportamiento del sitio perdidos de usuarios que no dieron su consentimiento. Esto ayuda a los anunciantes a mantener la precisi\u00f3n de sus campa\u00f1as y su ROI mientras cumplen, cerrando la brecha entre privacidad y rendimiento.<\/li>\n<\/ul>\n\n\n\n<h4 class=\"wp-block-heading\">3. Microsoft UET Consent Mode<\/h4>\n\n\n\n<p>De manera similar, Microsoft requiere el uso del <a href=\"https:\/\/fitconsent.com\/es_es\/uet-de-microsoft-seguimiento-universal-de-eventos\/\">UET Consent Mode<\/a> para todos los anunciantes que utilicen etiquetas Universal Event Tracking (UET) en Microsoft Advertising (Bing Ads) para usuarios del EEE.<\/p>\n\n\n\n<ul class=\"wp-block-list\">\n<li><strong>Garantizar la Conformidad:<\/strong> Al igual que Google, el <a href=\"https:\/\/fitconsent.com\/es_es\/uet-de-microsoft-seguimiento-universal-de-eventos\/\">Microsoft UET Consent Mode<\/a> garantiza que la etiqueta UET adapte su recopilaci\u00f3n de datos en funci\u00f3n del estado de consentimiento del usuario (t\u00edpicamente para el par\u00e1metro <code>ad_storage<\/code>).<\/li>\n\n\n\n<li><strong>Preservar las Perspectivas:<\/strong> Si un usuario deniega el consentimiento, el seguimiento UET se limita a la prevenci\u00f3n esencial del fraude y a datos agregados no personales. Esto garantiza que el anunciante siga cumpliendo mientras recopila suficientes datos que preservan la privacidad para respaldar las perspectivas b\u00e1sicas de rendimiento de los anuncios y el seguimiento de conversiones.<\/li>\n<\/ul>\n\n\n\n<p><strong>Conclusi\u00f3n sobre Herramientas:<\/strong><\/p>\n\n\n\n<p>La integraci\u00f3n perfecta de una <a href=\"https:\/\/fitconsent.com\/es_es\/plataforma-de-gestion-de-consentimiento-del-usuario-cmp\/\">CMP<\/a> como <a href=\"http:\/\/fitconsent.com\">FitConsent<\/a> con plataformas como <a href=\"https:\/\/fitconsent.com\/es_es\/google-consent-mode-v2-explicado\/\">Google Consent Mode V2<\/a> y <a href=\"https:\/\/fitconsent.com\/es_es\/uet-de-microsoft-seguimiento-universal-de-eventos\/\">Microsoft UET Consent Mode<\/a> ya no es opcional. Es el est\u00e1ndar t\u00e9cnico para mantener la conformidad legal en el EEE mientras se garantiza la viabilidad continua del marketing y la anal\u00edtica basados en datos.<\/p>\n","protected":false},"excerpt":{"rendered":"<p>El Reglamento General de Protecci\u00f3n de Datos (RGPD), que entr\u00f3 en vigor en mayo de 2018, es la legislaci\u00f3n de protecci\u00f3n de datos m\u00e1s estricta y completa del mundo de la Uni\u00f3n Europea. Su objetivo fundamental es devolver a los ciudadanos de la UE y del EEE (Espacio Econ\u00f3mico Europeo) el control sobre sus datos [&hellip;]<\/p>\n","protected":false},"author":5,"featured_media":0,"parent":0,"menu_order":0,"comment_status":"closed","ping_status":"closed","template":"","meta":{"_fitconsent_language":"es_ES","_fitconsent_translation_group":"1880","footnotes":""},"class_list":["post-1895","page","type-page","status-publish","hentry"],"yoast_head":"<!-- This site is optimized with the Yoast SEO plugin v27.2 - https:\/\/yoast.com\/product\/yoast-seo-wordpress\/ -->\n<title>El Reglamento General de Protecci\u00f3n de Datos (RGPD) Explicado - FitConsent<\/title>\n<meta name=\"robots\" content=\"index, follow, max-snippet:-1, max-image-preview:large, max-video-preview:-1\" \/>\n<link rel=\"canonical\" href=\"https:\/\/fitconsent.com\/es_es\/el-reglamento-general-de-proteccion-de-datos-rgpd-explicado\/\" \/>\n<meta property=\"og:locale\" content=\"es_ES\" \/>\n<meta property=\"og:type\" content=\"article\" \/>\n<meta property=\"og:title\" content=\"El Reglamento General de Protecci\u00f3n de Datos (RGPD) Explicado - FitConsent\" \/>\n<meta property=\"og:description\" content=\"El Reglamento General de Protecci\u00f3n de Datos (RGPD), que entr\u00f3 en vigor en mayo de 2018, es la legislaci\u00f3n de protecci\u00f3n de datos m\u00e1s estricta y completa del mundo de la Uni\u00f3n Europea. Su objetivo fundamental es devolver a los ciudadanos de la UE y del EEE (Espacio Econ\u00f3mico Europeo) el control sobre sus datos [&hellip;]\" \/>\n<meta property=\"og:url\" content=\"https:\/\/fitconsent.com\/es_es\/el-reglamento-general-de-proteccion-de-datos-rgpd-explicado\/\" \/>\n<meta property=\"og:site_name\" content=\"FitConsent\" \/>\n<meta property=\"article:modified_time\" content=\"2025-10-21T17:53:54+00:00\" \/>\n<meta property=\"og:image\" content=\"https:\/\/fitconsent.com\/wp-content\/uploads\/2025\/10\/12.png\" \/>\n<meta name=\"twitter:card\" content=\"summary_large_image\" \/>\n<meta name=\"twitter:label1\" content=\"Tiempo de lectura\" \/>\n\t<meta name=\"twitter:data1\" content=\"5 minutos\" \/>\n<script type=\"application\/ld+json\" class=\"yoast-schema-graph\">{\"@context\":\"https:\/\/schema.org\",\"@graph\":[{\"@type\":\"WebPage\",\"@id\":\"https:\/\/fitconsent.com\/es_es\/el-reglamento-general-de-proteccion-de-datos-rgpd-explicado\/\",\"url\":\"https:\/\/fitconsent.com\/es_es\/el-reglamento-general-de-proteccion-de-datos-rgpd-explicado\/\",\"name\":\"El Reglamento General de Protecci\u00f3n de Datos (RGPD) Explicado - FitConsent\",\"isPartOf\":{\"@id\":\"https:\/\/fitconsent.com\/fr_fr\/#website\"},\"primaryImageOfPage\":{\"@id\":\"https:\/\/fitconsent.com\/es_es\/el-reglamento-general-de-proteccion-de-datos-rgpd-explicado\/#primaryimage\"},\"image\":{\"@id\":\"https:\/\/fitconsent.com\/es_es\/el-reglamento-general-de-proteccion-de-datos-rgpd-explicado\/#primaryimage\"},\"thumbnailUrl\":\"https:\/\/fitconsent.com\/wp-content\/uploads\/2025\/10\/12.png\",\"datePublished\":\"2025-10-17T21:15:40+00:00\",\"dateModified\":\"2025-10-21T17:53:54+00:00\",\"breadcrumb\":{\"@id\":\"https:\/\/fitconsent.com\/es_es\/el-reglamento-general-de-proteccion-de-datos-rgpd-explicado\/#breadcrumb\"},\"inLanguage\":\"es\",\"potentialAction\":[{\"@type\":\"ReadAction\",\"target\":[\"https:\/\/fitconsent.com\/es_es\/el-reglamento-general-de-proteccion-de-datos-rgpd-explicado\/\"]}]},{\"@type\":\"ImageObject\",\"inLanguage\":\"es\",\"@id\":\"https:\/\/fitconsent.com\/es_es\/el-reglamento-general-de-proteccion-de-datos-rgpd-explicado\/#primaryimage\",\"url\":\"https:\/\/fitconsent.com\/wp-content\/uploads\/2025\/10\/12.png\",\"contentUrl\":\"https:\/\/fitconsent.com\/wp-content\/uploads\/2025\/10\/12.png\"},{\"@type\":\"BreadcrumbList\",\"@id\":\"https:\/\/fitconsent.com\/es_es\/el-reglamento-general-de-proteccion-de-datos-rgpd-explicado\/#breadcrumb\",\"itemListElement\":[{\"@type\":\"ListItem\",\"position\":1,\"name\":\"Home\",\"item\":\"https:\/\/fitconsent.com\/\"},{\"@type\":\"ListItem\",\"position\":2,\"name\":\"El Reglamento General de Protecci\u00f3n de Datos (RGPD) Explicado\"}]},{\"@type\":\"WebSite\",\"@id\":\"https:\/\/fitconsent.com\/fr_fr\/#website\",\"url\":\"https:\/\/fitconsent.com\/fr_fr\/\",\"name\":\"FitConsent\",\"description\":\"By DIGITLOAD\",\"publisher\":{\"@id\":\"https:\/\/fitconsent.com\/fr_fr\/#organization\"},\"potentialAction\":[{\"@type\":\"SearchAction\",\"target\":{\"@type\":\"EntryPoint\",\"urlTemplate\":\"https:\/\/fitconsent.com\/fr_fr\/?s={search_term_string}\"},\"query-input\":{\"@type\":\"PropertyValueSpecification\",\"valueRequired\":true,\"valueName\":\"search_term_string\"}}],\"inLanguage\":\"es\"},{\"@type\":\"Organization\",\"@id\":\"https:\/\/fitconsent.com\/fr_fr\/#organization\",\"name\":\"DIGITLOAD\",\"url\":\"https:\/\/fitconsent.com\/fr_fr\/\",\"logo\":{\"@type\":\"ImageObject\",\"inLanguage\":\"es\",\"@id\":\"https:\/\/fitconsent.com\/fr_fr\/#\/schema\/logo\/image\/\",\"url\":\"https:\/\/fitconsent.com\/wp-content\/uploads\/2025\/08\/cropped-icon.png\",\"contentUrl\":\"https:\/\/fitconsent.com\/wp-content\/uploads\/2025\/08\/cropped-icon.png\",\"width\":512,\"height\":512,\"caption\":\"DIGITLOAD\"},\"image\":{\"@id\":\"https:\/\/fitconsent.com\/fr_fr\/#\/schema\/logo\/image\/\"}}]}<\/script>\n<!-- \/ Yoast SEO plugin. -->","yoast_head_json":{"title":"El Reglamento General de Protecci\u00f3n de Datos (RGPD) Explicado - FitConsent","robots":{"index":"index","follow":"follow","max-snippet":"max-snippet:-1","max-image-preview":"max-image-preview:large","max-video-preview":"max-video-preview:-1"},"canonical":"https:\/\/fitconsent.com\/es_es\/el-reglamento-general-de-proteccion-de-datos-rgpd-explicado\/","og_locale":"es_ES","og_type":"article","og_title":"El Reglamento General de Protecci\u00f3n de Datos (RGPD) Explicado - FitConsent","og_description":"El Reglamento General de Protecci\u00f3n de Datos (RGPD), que entr\u00f3 en vigor en mayo de 2018, es la legislaci\u00f3n de protecci\u00f3n de datos m\u00e1s estricta y completa del mundo de la Uni\u00f3n Europea. Su objetivo fundamental es devolver a los ciudadanos de la UE y del EEE (Espacio Econ\u00f3mico Europeo) el control sobre sus datos [&hellip;]","og_url":"https:\/\/fitconsent.com\/es_es\/el-reglamento-general-de-proteccion-de-datos-rgpd-explicado\/","og_site_name":"FitConsent","article_modified_time":"2025-10-21T17:53:54+00:00","og_image":[{"url":"https:\/\/fitconsent.com\/wp-content\/uploads\/2025\/10\/12.png","type":"","width":"","height":""}],"twitter_card":"summary_large_image","twitter_misc":{"Tiempo de lectura":"5 minutos"},"schema":{"@context":"https:\/\/schema.org","@graph":[{"@type":"WebPage","@id":"https:\/\/fitconsent.com\/es_es\/el-reglamento-general-de-proteccion-de-datos-rgpd-explicado\/","url":"https:\/\/fitconsent.com\/es_es\/el-reglamento-general-de-proteccion-de-datos-rgpd-explicado\/","name":"El Reglamento General de Protecci\u00f3n de Datos (RGPD) Explicado - FitConsent","isPartOf":{"@id":"https:\/\/fitconsent.com\/fr_fr\/#website"},"primaryImageOfPage":{"@id":"https:\/\/fitconsent.com\/es_es\/el-reglamento-general-de-proteccion-de-datos-rgpd-explicado\/#primaryimage"},"image":{"@id":"https:\/\/fitconsent.com\/es_es\/el-reglamento-general-de-proteccion-de-datos-rgpd-explicado\/#primaryimage"},"thumbnailUrl":"https:\/\/fitconsent.com\/wp-content\/uploads\/2025\/10\/12.png","datePublished":"2025-10-17T21:15:40+00:00","dateModified":"2025-10-21T17:53:54+00:00","breadcrumb":{"@id":"https:\/\/fitconsent.com\/es_es\/el-reglamento-general-de-proteccion-de-datos-rgpd-explicado\/#breadcrumb"},"inLanguage":"es","potentialAction":[{"@type":"ReadAction","target":["https:\/\/fitconsent.com\/es_es\/el-reglamento-general-de-proteccion-de-datos-rgpd-explicado\/"]}]},{"@type":"ImageObject","inLanguage":"es","@id":"https:\/\/fitconsent.com\/es_es\/el-reglamento-general-de-proteccion-de-datos-rgpd-explicado\/#primaryimage","url":"https:\/\/fitconsent.com\/wp-content\/uploads\/2025\/10\/12.png","contentUrl":"https:\/\/fitconsent.com\/wp-content\/uploads\/2025\/10\/12.png"},{"@type":"BreadcrumbList","@id":"https:\/\/fitconsent.com\/es_es\/el-reglamento-general-de-proteccion-de-datos-rgpd-explicado\/#breadcrumb","itemListElement":[{"@type":"ListItem","position":1,"name":"Home","item":"https:\/\/fitconsent.com\/"},{"@type":"ListItem","position":2,"name":"El Reglamento General de Protecci\u00f3n de Datos (RGPD) Explicado"}]},{"@type":"WebSite","@id":"https:\/\/fitconsent.com\/fr_fr\/#website","url":"https:\/\/fitconsent.com\/fr_fr\/","name":"FitConsent","description":"By DIGITLOAD","publisher":{"@id":"https:\/\/fitconsent.com\/fr_fr\/#organization"},"potentialAction":[{"@type":"SearchAction","target":{"@type":"EntryPoint","urlTemplate":"https:\/\/fitconsent.com\/fr_fr\/?s={search_term_string}"},"query-input":{"@type":"PropertyValueSpecification","valueRequired":true,"valueName":"search_term_string"}}],"inLanguage":"es"},{"@type":"Organization","@id":"https:\/\/fitconsent.com\/fr_fr\/#organization","name":"DIGITLOAD","url":"https:\/\/fitconsent.com\/fr_fr\/","logo":{"@type":"ImageObject","inLanguage":"es","@id":"https:\/\/fitconsent.com\/fr_fr\/#\/schema\/logo\/image\/","url":"https:\/\/fitconsent.com\/wp-content\/uploads\/2025\/08\/cropped-icon.png","contentUrl":"https:\/\/fitconsent.com\/wp-content\/uploads\/2025\/08\/cropped-icon.png","width":512,"height":512,"caption":"DIGITLOAD"},"image":{"@id":"https:\/\/fitconsent.com\/fr_fr\/#\/schema\/logo\/image\/"}}]}},"_links":{"self":[{"href":"https:\/\/fitconsent.com\/es_es\/wp-json\/wp\/v2\/pages\/1895","targetHints":{"allow":["GET"]}}],"collection":[{"href":"https:\/\/fitconsent.com\/es_es\/wp-json\/wp\/v2\/pages"}],"about":[{"href":"https:\/\/fitconsent.com\/es_es\/wp-json\/wp\/v2\/types\/page"}],"author":[{"embeddable":true,"href":"https:\/\/fitconsent.com\/es_es\/wp-json\/wp\/v2\/users\/5"}],"replies":[{"embeddable":true,"href":"https:\/\/fitconsent.com\/es_es\/wp-json\/wp\/v2\/comments?post=1895"}],"version-history":[{"count":3,"href":"https:\/\/fitconsent.com\/es_es\/wp-json\/wp\/v2\/pages\/1895\/revisions"}],"predecessor-version":[{"id":2065,"href":"https:\/\/fitconsent.com\/es_es\/wp-json\/wp\/v2\/pages\/1895\/revisions\/2065"}],"wp:attachment":[{"href":"https:\/\/fitconsent.com\/es_es\/wp-json\/wp\/v2\/media?parent=1895"}],"curies":[{"name":"wp","href":"https:\/\/api.w.org\/{rel}","templated":true}]}}