{"id":1856,"date":"2025-10-17T18:19:09","date_gmt":"2025-10-17T18:19:09","guid":{"rendered":"https:\/\/fitconsent.com\/?page_id=1856"},"modified":"2025-10-21T17:51:04","modified_gmt":"2025-10-21T17:51:04","slug":"plataforma-de-gestion-de-consentimiento-del-usuario-cmp","status":"publish","type":"page","link":"https:\/\/fitconsent.com\/es_es\/plataforma-de-gestion-de-consentimiento-del-usuario-cmp\/","title":{"rendered":"Desbloqueando la Integridad de Datos y la Confianza: Un An\u00e1lisis Profundo de la Plataforma de Gesti\u00f3n de Consentimiento del Usuario (CMP)"},"content":{"rendered":"\n<p>En la era digital, los datos son el motor del crecimiento. Sin embargo, regulaciones globales estrictas como el <strong><a href=\"https:\/\/fitconsent.com\/pt_pt\/rgpd-regulamento-geral-sobre-a-protecao-de-dados-explicado\/\">GDPR<\/a> (Reglamento General de Protecci\u00f3n de Datos)<\/strong> y el <strong><a href=\"https:\/\/fitconsent.com\/es_es\/ccpa-cpra-consumidores-de-california-y-privacidad-de-datos\/\">CCPA<\/a> (Ley de Privacidad del Consumidor de California)<\/strong> han dejado claro que esos datos deben ser recopilados con el consentimiento expl\u00edcito e informado del usuario. Aqu\u00ed es donde interviene la <strong>Plataforma de Gesti\u00f3n de Consentimiento (CMP)<\/strong>, transformando un obst\u00e1culo legal en una ventaja estrat\u00e9gica para las empresas.<\/p>\n\n\n\n<figure class=\"wp-block-image size-full\"><img loading=\"lazy\" decoding=\"async\" width=\"1024\" height=\"852\" src=\"https:\/\/fitconsent.com\/wp-content\/uploads\/2025\/09\/FitConsent_Hero.png\" alt=\"Consent Management Platform (CMP)\" class=\"wp-image-1598\" srcset=\"https:\/\/fitconsent.com\/wp-content\/uploads\/2025\/09\/FitConsent_Hero.png 1024w, https:\/\/fitconsent.com\/wp-content\/uploads\/2025\/09\/FitConsent_Hero-300x250.png 300w, https:\/\/fitconsent.com\/wp-content\/uploads\/2025\/09\/FitConsent_Hero-768x639.png 768w, https:\/\/fitconsent.com\/wp-content\/uploads\/2025\/09\/FitConsent_Hero-600x499.png 600w\" sizes=\"auto, (max-width: 1024px) 100vw, 1024px\" \/><\/figure>\n\n\n\n<h3 class=\"wp-block-heading\">\u00bfQu\u00e9 es exactamente una Plataforma de Gesti\u00f3n de Consentimiento (CMP)?<\/h3>\n\n\n\n<p>Una CMP es una herramienta de software especializada dise\u00f1ada para ayudar a los propietarios de sitios web y desarrolladores de aplicaciones a <strong>recopilar, gestionar y documentar<\/strong> de manera eficiente el consentimiento del usuario para las actividades de procesamiento de datos, particularmente en relaci\u00f3n con las cookies y otras tecnolog\u00edas de seguimiento.<\/p>\n\n\n\n<p>M\u00e1s que un simple \u00abbanner de cookies\u00bb, una CMP robusta es la piedra angular de una estrategia que prioriza la privacidad. Cumple varias funciones cr\u00edticas:<\/p>\n\n\n\n<ol start=\"1\" class=\"wp-block-list\">\n<li><strong>Aviso de Consentimiento Transparente:<\/strong> Muestra un banner o ventana emergente claro y personalizado cuando un usuario visita un sitio web por primera vez, inform\u00e1ndole exactamente c\u00f3mo se utilizar\u00e1n sus datos personales.<\/li>\n\n\n\n<li><strong>Elecci\u00f3n Granular:<\/strong> Permite a los usuarios aceptar, rechazar o personalizar sus preferencias para diferentes prop\u00f3sitos de datos (por ejemplo, an\u00e1lisis, marketing, personalizaci\u00f3n), yendo m\u00e1s all\u00e1 de los simples botones de \u00abAceptar todo\u00bb.<\/li>\n\n\n\n<li><strong>Registro y Pista de Auditor\u00eda del Consentimiento:<\/strong> Almacena de forma segura un registro completo y a prueba de manipulaciones de la elecci\u00f3n de consentimiento de cada usuario, proporcionando la documentaci\u00f3n necesaria para demostrar el cumplimiento en caso de una auditor\u00eda.<\/li>\n\n\n\n<li><strong>Aplicaci\u00f3n de Preferencias:<\/strong> Asegura que los <em>scripts<\/em>, las <em>cookies<\/em> y las etiquetas de marketing de su sitio web (como Google Analytics o el P\u00edxel de Facebook) solo se activen <strong>despu\u00e9s<\/strong> y <strong>de acuerdo<\/strong> con las elecciones espec\u00edficas del usuario.<\/li>\n<\/ol>\n\n\n\n<h3 class=\"wp-block-heading\">Las Ventajas Estrat\u00e9gicas de Usar una CMP Moderna<\/h3>\n\n\n\n<p>Implementar una CMP de alta calidad ofrece mucho m\u00e1s que simplemente evitar multas regulatorias elevadas. Apoya directamente el crecimiento de su negocio y su ventaja competitiva:<\/p>\n\n\n\n<ul class=\"wp-block-list\">\n<li><strong>Cumplimiento Normativo Garantizado:<\/strong> Una CMP dedicada como <strong><a href=\"http:\/\/fitconsent.com\">FitConsent<\/a><\/strong> se adapta autom\u00e1ticamente a los requisitos cambiantes de leyes como <a href=\"https:\/\/fitconsent.com\/pt_pt\/rgpd-regulamento-geral-sobre-a-protecao-de-dados-explicado\/\">GDPR<\/a>, <a href=\"https:\/\/fitconsent.com\/es_es\/ccpa-cpra-consumidores-de-california-y-privacidad-de-datos\/\">CCPA<\/a> y otras. Esto alivia la carga de sus equipos legales y de desarrollo, asegurando que sus pr\u00e1cticas de recopilaci\u00f3n de datos sean legales en diferentes jurisdicciones.<\/li>\n\n\n\n<li><strong>Datos Precisos y Confiables:<\/strong> Al hacer cumplir correctamente el consentimiento del usuario, una CMP asegura que los datos que recopila sean legalmente v\u00e1lidos. Esto es vital para un an\u00e1lisis y una toma de decisiones precisas. Las soluciones que admiten mecanismos modernos como <strong><a href=\"https:\/\/fitconsent.com\/es_es\/google-consent-mode-v2-explicado\/\">Google Consent Mode V2<\/a><\/strong> y <strong><a href=\"https:\/\/fitconsent.com\/es_es\/uet-de-microsoft-seguimiento-universal-de-eventos\/\">Microsoft UET Consent Mode<\/a><\/strong>, como FitConsent, permiten una modelizaci\u00f3n de conversiones segura para la privacidad, d\u00e1ndole una imagen m\u00e1s clara de su rendimiento incluso cuando los usuarios rechazan las cookies de seguimiento.<\/li>\n\n\n\n<li><strong>Mayor Confianza y Experiencia del Usuario:<\/strong> Una experiencia de consentimiento transparente y f\u00e1cil de usar fomenta la confianza. Cuando los usuarios se sienten respetados y en control de sus datos, son m\u00e1s propensos a interactuar con su marca e incluso a otorgar su consentimiento, lo que lleva a tasas de aceptaci\u00f3n m\u00e1s altas y una mejor calidad de los datos.<\/li>\n\n\n\n<li><strong>ROI de Marketing Optimizado:<\/strong> Al integrarse perfectamente con sus herramientas de publicidad y an\u00e1lisis, una CMP garantiza que sus campa\u00f1as de marketing puedan seguir funcionando de manera efectiva y conforme a la normativa. Esto preserva el valor de su inversi\u00f3n publicitaria y previene la p\u00e9rdida innecesaria de datos.<\/li>\n<\/ul>\n\n\n\n<h3 class=\"wp-block-heading\"><strong>FitConsent: Transformando el Cumplimiento en una Ventaja Competitiva<\/strong><\/h3>\n\n\n\n<p>Elegir la CMP correcta es crucial. Una plataforma como <strong><a href=\"http:\/\/fitconsent.com\">FitConsent<\/a><\/strong> est\u00e1 dise\u00f1ada espec\u00edficamente para proporcionar una soluci\u00f3n de consentimiento del usuario fluida y potente. Elimina la complejidad de la configuraci\u00f3n al proporcionar <em>banners<\/em> f\u00e1ciles de integrar, al mismo tiempo que le brinda la tranquilidad que conlleva el soporte completo para actualizaciones cr\u00edticas como <strong><a href=\"https:\/\/fitconsent.com\/es_es\/google-consent-mode-v2-explicado\/\">Google Consent Mode V2<\/a><\/strong> una necesidad para cualquier negocio que ejecute Google Ads o use Google Analytics.<\/p>\n\n\n\n<p>En el panorama actual, una CMP no es opcional, es esencial. Es la herramienta que le permite buscar el crecimiento con confianza, sabiendo que su base de datos es conforme, precisa y se basa en una relaci\u00f3n de confianza con cada usuario.<\/p>\n","protected":false},"excerpt":{"rendered":"<p>En la era digital, los datos son el motor del crecimiento. Sin embargo, regulaciones globales estrictas como el GDPR (Reglamento General de Protecci\u00f3n de Datos) y el CCPA (Ley de Privacidad del Consumidor de California) han dejado claro que esos datos deben ser recopilados con el consentimiento expl\u00edcito e informado del usuario. Aqu\u00ed es donde [&hellip;]<\/p>\n","protected":false},"author":5,"featured_media":0,"parent":0,"menu_order":0,"comment_status":"closed","ping_status":"closed","template":"","meta":{"_fitconsent_language":"es_ES","_fitconsent_translation_group":"1842","footnotes":""},"class_list":["post-1856","page","type-page","status-publish","hentry"],"yoast_head":"<!-- This site is optimized with the Yoast SEO plugin v27.2 - https:\/\/yoast.com\/product\/yoast-seo-wordpress\/ -->\n<title>Plataforma de Gesti\u00f3n de Consentimiento del Usuario (CMP)<\/title>\n<meta name=\"description\" content=\"Desbloqueando la Integridad de Datos y la Confianza: Un An\u00e1lisis Profundo de la Plataforma de Gesti\u00f3n de Consentimiento del Usuario (CMP)\" \/>\n<meta name=\"robots\" content=\"index, follow, max-snippet:-1, max-image-preview:large, max-video-preview:-1\" \/>\n<link rel=\"canonical\" href=\"https:\/\/fitconsent.com\/es_es\/plataforma-de-gestion-de-consentimiento-del-usuario-cmp\/\" \/>\n<meta property=\"og:locale\" content=\"es_ES\" \/>\n<meta property=\"og:type\" content=\"article\" \/>\n<meta property=\"og:title\" content=\"Plataforma de Gesti\u00f3n de Consentimiento del Usuario (CMP)\" \/>\n<meta property=\"og:description\" content=\"Desbloqueando la Integridad de Datos y la Confianza: Un An\u00e1lisis Profundo de la Plataforma de Gesti\u00f3n de Consentimiento del Usuario (CMP)\" \/>\n<meta property=\"og:url\" content=\"https:\/\/fitconsent.com\/es_es\/plataforma-de-gestion-de-consentimiento-del-usuario-cmp\/\" \/>\n<meta property=\"og:site_name\" content=\"FitConsent\" \/>\n<meta property=\"article:modified_time\" content=\"2025-10-21T17:51:04+00:00\" \/>\n<meta property=\"og:image\" content=\"https:\/\/fitconsent.com\/wp-content\/uploads\/2025\/09\/FitConsent_Hero.png\" \/>\n<meta name=\"twitter:card\" content=\"summary_large_image\" \/>\n<meta name=\"twitter:label1\" content=\"Tiempo de lectura\" \/>\n\t<meta name=\"twitter:data1\" content=\"4 minutos\" \/>\n<script type=\"application\/ld+json\" class=\"yoast-schema-graph\">{\"@context\":\"https:\/\/schema.org\",\"@graph\":[{\"@type\":\"WebPage\",\"@id\":\"https:\/\/fitconsent.com\/es_es\/plataforma-de-gestion-de-consentimiento-del-usuario-cmp\/\",\"url\":\"https:\/\/fitconsent.com\/es_es\/plataforma-de-gestion-de-consentimiento-del-usuario-cmp\/\",\"name\":\"Plataforma de Gesti\u00f3n de Consentimiento del Usuario (CMP)\",\"isPartOf\":{\"@id\":\"https:\/\/fitconsent.com\/fr_fr\/#website\"},\"primaryImageOfPage\":{\"@id\":\"https:\/\/fitconsent.com\/es_es\/plataforma-de-gestion-de-consentimiento-del-usuario-cmp\/#primaryimage\"},\"image\":{\"@id\":\"https:\/\/fitconsent.com\/es_es\/plataforma-de-gestion-de-consentimiento-del-usuario-cmp\/#primaryimage\"},\"thumbnailUrl\":\"https:\/\/fitconsent.com\/wp-content\/uploads\/2025\/09\/FitConsent_Hero.png\",\"datePublished\":\"2025-10-17T18:19:09+00:00\",\"dateModified\":\"2025-10-21T17:51:04+00:00\",\"description\":\"Desbloqueando la Integridad de Datos y la Confianza: Un An\u00e1lisis Profundo de la Plataforma de Gesti\u00f3n de Consentimiento del Usuario (CMP)\",\"breadcrumb\":{\"@id\":\"https:\/\/fitconsent.com\/es_es\/plataforma-de-gestion-de-consentimiento-del-usuario-cmp\/#breadcrumb\"},\"inLanguage\":\"es\",\"potentialAction\":[{\"@type\":\"ReadAction\",\"target\":[\"https:\/\/fitconsent.com\/es_es\/plataforma-de-gestion-de-consentimiento-del-usuario-cmp\/\"]}]},{\"@type\":\"ImageObject\",\"inLanguage\":\"es\",\"@id\":\"https:\/\/fitconsent.com\/es_es\/plataforma-de-gestion-de-consentimiento-del-usuario-cmp\/#primaryimage\",\"url\":\"https:\/\/fitconsent.com\/wp-content\/uploads\/2025\/09\/FitConsent_Hero.png\",\"contentUrl\":\"https:\/\/fitconsent.com\/wp-content\/uploads\/2025\/09\/FitConsent_Hero.png\"},{\"@type\":\"BreadcrumbList\",\"@id\":\"https:\/\/fitconsent.com\/es_es\/plataforma-de-gestion-de-consentimiento-del-usuario-cmp\/#breadcrumb\",\"itemListElement\":[{\"@type\":\"ListItem\",\"position\":1,\"name\":\"Home\",\"item\":\"https:\/\/fitconsent.com\/\"},{\"@type\":\"ListItem\",\"position\":2,\"name\":\"Desbloqueando la Integridad de Datos y la Confianza: Un An\u00e1lisis Profundo de la Plataforma de Gesti\u00f3n de Consentimiento del Usuario (CMP)\"}]},{\"@type\":\"WebSite\",\"@id\":\"https:\/\/fitconsent.com\/fr_fr\/#website\",\"url\":\"https:\/\/fitconsent.com\/fr_fr\/\",\"name\":\"FitConsent\",\"description\":\"By DIGITLOAD\",\"publisher\":{\"@id\":\"https:\/\/fitconsent.com\/fr_fr\/#organization\"},\"potentialAction\":[{\"@type\":\"SearchAction\",\"target\":{\"@type\":\"EntryPoint\",\"urlTemplate\":\"https:\/\/fitconsent.com\/fr_fr\/?s={search_term_string}\"},\"query-input\":{\"@type\":\"PropertyValueSpecification\",\"valueRequired\":true,\"valueName\":\"search_term_string\"}}],\"inLanguage\":\"es\"},{\"@type\":\"Organization\",\"@id\":\"https:\/\/fitconsent.com\/fr_fr\/#organization\",\"name\":\"DIGITLOAD\",\"url\":\"https:\/\/fitconsent.com\/fr_fr\/\",\"logo\":{\"@type\":\"ImageObject\",\"inLanguage\":\"es\",\"@id\":\"https:\/\/fitconsent.com\/fr_fr\/#\/schema\/logo\/image\/\",\"url\":\"https:\/\/fitconsent.com\/wp-content\/uploads\/2025\/08\/cropped-icon.png\",\"contentUrl\":\"https:\/\/fitconsent.com\/wp-content\/uploads\/2025\/08\/cropped-icon.png\",\"width\":512,\"height\":512,\"caption\":\"DIGITLOAD\"},\"image\":{\"@id\":\"https:\/\/fitconsent.com\/fr_fr\/#\/schema\/logo\/image\/\"}}]}<\/script>\n<!-- \/ Yoast SEO plugin. -->","yoast_head_json":{"title":"Plataforma de Gesti\u00f3n de Consentimiento del Usuario (CMP)","description":"Desbloqueando la Integridad de Datos y la Confianza: Un An\u00e1lisis Profundo de la Plataforma de Gesti\u00f3n de Consentimiento del Usuario (CMP)","robots":{"index":"index","follow":"follow","max-snippet":"max-snippet:-1","max-image-preview":"max-image-preview:large","max-video-preview":"max-video-preview:-1"},"canonical":"https:\/\/fitconsent.com\/es_es\/plataforma-de-gestion-de-consentimiento-del-usuario-cmp\/","og_locale":"es_ES","og_type":"article","og_title":"Plataforma de Gesti\u00f3n de Consentimiento del Usuario (CMP)","og_description":"Desbloqueando la Integridad de Datos y la Confianza: Un An\u00e1lisis Profundo de la Plataforma de Gesti\u00f3n de Consentimiento del Usuario (CMP)","og_url":"https:\/\/fitconsent.com\/es_es\/plataforma-de-gestion-de-consentimiento-del-usuario-cmp\/","og_site_name":"FitConsent","article_modified_time":"2025-10-21T17:51:04+00:00","og_image":[{"url":"https:\/\/fitconsent.com\/wp-content\/uploads\/2025\/09\/FitConsent_Hero.png","type":"","width":"","height":""}],"twitter_card":"summary_large_image","twitter_misc":{"Tiempo de lectura":"4 minutos"},"schema":{"@context":"https:\/\/schema.org","@graph":[{"@type":"WebPage","@id":"https:\/\/fitconsent.com\/es_es\/plataforma-de-gestion-de-consentimiento-del-usuario-cmp\/","url":"https:\/\/fitconsent.com\/es_es\/plataforma-de-gestion-de-consentimiento-del-usuario-cmp\/","name":"Plataforma de Gesti\u00f3n de Consentimiento del Usuario (CMP)","isPartOf":{"@id":"https:\/\/fitconsent.com\/fr_fr\/#website"},"primaryImageOfPage":{"@id":"https:\/\/fitconsent.com\/es_es\/plataforma-de-gestion-de-consentimiento-del-usuario-cmp\/#primaryimage"},"image":{"@id":"https:\/\/fitconsent.com\/es_es\/plataforma-de-gestion-de-consentimiento-del-usuario-cmp\/#primaryimage"},"thumbnailUrl":"https:\/\/fitconsent.com\/wp-content\/uploads\/2025\/09\/FitConsent_Hero.png","datePublished":"2025-10-17T18:19:09+00:00","dateModified":"2025-10-21T17:51:04+00:00","description":"Desbloqueando la Integridad de Datos y la Confianza: Un An\u00e1lisis Profundo de la Plataforma de Gesti\u00f3n de Consentimiento del Usuario (CMP)","breadcrumb":{"@id":"https:\/\/fitconsent.com\/es_es\/plataforma-de-gestion-de-consentimiento-del-usuario-cmp\/#breadcrumb"},"inLanguage":"es","potentialAction":[{"@type":"ReadAction","target":["https:\/\/fitconsent.com\/es_es\/plataforma-de-gestion-de-consentimiento-del-usuario-cmp\/"]}]},{"@type":"ImageObject","inLanguage":"es","@id":"https:\/\/fitconsent.com\/es_es\/plataforma-de-gestion-de-consentimiento-del-usuario-cmp\/#primaryimage","url":"https:\/\/fitconsent.com\/wp-content\/uploads\/2025\/09\/FitConsent_Hero.png","contentUrl":"https:\/\/fitconsent.com\/wp-content\/uploads\/2025\/09\/FitConsent_Hero.png"},{"@type":"BreadcrumbList","@id":"https:\/\/fitconsent.com\/es_es\/plataforma-de-gestion-de-consentimiento-del-usuario-cmp\/#breadcrumb","itemListElement":[{"@type":"ListItem","position":1,"name":"Home","item":"https:\/\/fitconsent.com\/"},{"@type":"ListItem","position":2,"name":"Desbloqueando la Integridad de Datos y la Confianza: Un An\u00e1lisis Profundo de la Plataforma de Gesti\u00f3n de Consentimiento del Usuario (CMP)"}]},{"@type":"WebSite","@id":"https:\/\/fitconsent.com\/fr_fr\/#website","url":"https:\/\/fitconsent.com\/fr_fr\/","name":"FitConsent","description":"By DIGITLOAD","publisher":{"@id":"https:\/\/fitconsent.com\/fr_fr\/#organization"},"potentialAction":[{"@type":"SearchAction","target":{"@type":"EntryPoint","urlTemplate":"https:\/\/fitconsent.com\/fr_fr\/?s={search_term_string}"},"query-input":{"@type":"PropertyValueSpecification","valueRequired":true,"valueName":"search_term_string"}}],"inLanguage":"es"},{"@type":"Organization","@id":"https:\/\/fitconsent.com\/fr_fr\/#organization","name":"DIGITLOAD","url":"https:\/\/fitconsent.com\/fr_fr\/","logo":{"@type":"ImageObject","inLanguage":"es","@id":"https:\/\/fitconsent.com\/fr_fr\/#\/schema\/logo\/image\/","url":"https:\/\/fitconsent.com\/wp-content\/uploads\/2025\/08\/cropped-icon.png","contentUrl":"https:\/\/fitconsent.com\/wp-content\/uploads\/2025\/08\/cropped-icon.png","width":512,"height":512,"caption":"DIGITLOAD"},"image":{"@id":"https:\/\/fitconsent.com\/fr_fr\/#\/schema\/logo\/image\/"}}]}},"_links":{"self":[{"href":"https:\/\/fitconsent.com\/es_es\/wp-json\/wp\/v2\/pages\/1856","targetHints":{"allow":["GET"]}}],"collection":[{"href":"https:\/\/fitconsent.com\/es_es\/wp-json\/wp\/v2\/pages"}],"about":[{"href":"https:\/\/fitconsent.com\/es_es\/wp-json\/wp\/v2\/types\/page"}],"author":[{"embeddable":true,"href":"https:\/\/fitconsent.com\/es_es\/wp-json\/wp\/v2\/users\/5"}],"replies":[{"embeddable":true,"href":"https:\/\/fitconsent.com\/es_es\/wp-json\/wp\/v2\/comments?post=1856"}],"version-history":[{"count":6,"href":"https:\/\/fitconsent.com\/es_es\/wp-json\/wp\/v2\/pages\/1856\/revisions"}],"predecessor-version":[{"id":2063,"href":"https:\/\/fitconsent.com\/es_es\/wp-json\/wp\/v2\/pages\/1856\/revisions\/2063"}],"wp:attachment":[{"href":"https:\/\/fitconsent.com\/es_es\/wp-json\/wp\/v2\/media?parent=1856"}],"curies":[{"name":"wp","href":"https:\/\/api.w.org\/{rel}","templated":true}]}}