{"id":874,"date":"2025-08-27T20:38:50","date_gmt":"2025-08-27T20:38:50","guid":{"rendered":"https:\/\/fitconsent.com\/?page_id=874"},"modified":"2025-08-27T20:38:51","modified_gmt":"2025-08-27T20:38:51","slug":"servicebedingungen","status":"publish","type":"page","link":"https:\/\/fitconsent.com\/de_de\/servicebedingungen\/","title":{"rendered":"Servicebedingungen"},"content":{"rendered":"\n\n<p>Zuletzt aktualisiert: 24. Juli 2025<\/p>\n\n\n\n\n<p>Bitte lesen Sie diese Gesch\u00e4ftsbedingungen sorgf\u00e4ltig durch, bevor Sie unseren Service nutzen.<\/p>\n\n\n\n\n<h2 class=\"wp-block-heading\">Auslegung und Definitionen<\/h2>\n\n\n\n\n<h3 class=\"wp-block-heading\">Auslegung<\/h3>\n\n\n\n\n<p>W\u00f6rter, deren Anfangsbuchstabe gro\u00dfgeschrieben ist, haben Bedeutungen, die unter den folgenden Bedingungen definiert sind. Die folgenden Definitionen haben die gleiche Bedeutung, unabh\u00e4ngig davon, ob sie im Singular oder Plural erscheinen.<\/p>\n\n\n\n\n<h3 class=\"wp-block-heading\">Definitionen<\/h3>\n\n\n\n\n<p>F\u00fcr die Zwecke dieser Gesch\u00e4ftsbedingungen:<\/p>\n\n\n\n\n<ul class=\"wp-block-list\">\n<li><strong>Anwendung<\/strong> bezeichnet das von der Firma bereitgestellte Softwareprogramm, das von Ihnen auf ein elektronisches Ger\u00e4t heruntergeladen wurde und FitConsent hei\u00dft.<\/li>\n\n\n\n\n<li><strong>Firma<\/strong> (bezeichnet als &#8222;die Firma&#8220;, &#8222;Wir&#8220;, &#8222;Uns&#8220; oder &#8222;Unser&#8220; in diesem Vertrag) bezieht sich auf FitConsent, ein Produkt von DIGITLOAD.<\/li>\n\n\n\n\n<li><strong>Land<\/strong> bezieht sich auf: Kanada<\/li>\n\n\n\n\n<li><strong>Service<\/strong> bezieht sich auf die Anwendung.<\/li>\n\n\n\n\n<li><strong>Allgemeine Gesch\u00e4ftsbedingungen<\/strong> (auch als &#8222;Bedingungen&#8220; bezeichnet) sind diese Allgemeinen Gesch\u00e4ftsbedingungen, die die gesamte Vereinbarung zwischen Ihnen und der Firma bez\u00fcglich der Nutzung des Service darstellen.<\/li>\n\n\n\n\n<li><strong>Sozialer Mediendienst eines Dritten<\/strong> bezeichnet alle Dienste oder Inhalte (einschlie\u00dflich Daten, Informationen, Produkte oder Dienstleistungen), die von einem Dritten bereitgestellt werden und vom Service angezeigt, eingeschlossen oder verf\u00fcgbar gemacht werden k\u00f6nnen.<\/li>\n\n\n\n\n<li><strong>Sie<\/strong> bezeichnet die Einzelperson, die auf den Service zugreift oder ihn nutzt, oder die Gesellschaft oder eine andere juristische Person, in deren Namen eine solche Einzelperson auf den Service zugreift oder ihn nutzt, je nach Fall.<\/li>\n<\/ul>\n\n\n\n\n<h2 class=\"wp-block-heading\">Anerkennung<\/h2>\n\n\n\n\n<p>Dies sind die Allgemeinen Gesch\u00e4ftsbedingungen, die die Nutzung dieses Service und die Vereinbarung zwischen Ihnen und der Firma regeln. Diese Allgemeinen Gesch\u00e4ftsbedingungen legen die Rechte und Pflichten aller Nutzer bez\u00fcglich der Nutzung des Service fest.<\/p>\n\n\n\n\n<p>Ihr Zugriff auf und Ihre Nutzung des Service ist an Ihre Annahme und Einhaltung dieser Allgemeinen Gesch\u00e4ftsbedingungen gebunden. Diese Allgemeinen Gesch\u00e4ftsbedingungen gelten f\u00fcr alle Besucher, Nutzer und andere Personen, die auf den Service zugreifen oder ihn nutzen.<\/p>\n\n\n\n\n<p>Durch den Zugriff auf oder die Nutzung des Service erkl\u00e4ren Sie sich mit diesen Allgemeinen Gesch\u00e4ftsbedingungen einverstanden. Wenn Sie mit einem Teil dieser Allgemeinen Gesch\u00e4ftsbedingungen nicht einverstanden sind, d\u00fcrfen Sie nicht auf den Service zugreifen.<\/p>\n\n\n\n\n<p>Sie versichern, dass Sie \u00fcber 18 Jahre alt sind. Die Firma gestattet Personen unter 18 Jahren nicht, den Service zu nutzen.<\/p>\n\n\n\n\n<p>Ihr Zugriff auf und Ihre Nutzung des Service sind auch an Ihre Annahme und Einhaltung der Datenschutzrichtlinie der Firma gebunden. Unsere Datenschutzrichtlinie beschreibt Unsere Richtlinien und Verfahren zur Erfassung, Nutzung und Offenlegung Ihrer pers\u00f6nlichen Informationen, wenn Sie die Anwendung oder die Website nutzen, und informiert Sie \u00fcber Ihre Datenschutzrechte und wie das Gesetz Sie sch\u00fctzt. Bitte lesen Sie Unsere Datenschutzrichtlinie sorgf\u00e4ltig durch, bevor Sie unseren Service nutzen.<\/p>\n\n\n\n\n<h2 class=\"wp-block-heading\">Benutzerkonten<\/h2>\n\n\n\n\n<p>Wenn Sie ein Konto bei Uns erstellen, m\u00fcssen Sie Uns jederzeit genaue, vollst\u00e4ndige und aktuelle Informationen zur Verf\u00fcgung stellen. Das Vers\u00e4umnis, dies zu tun, stellt einen Versto\u00df gegen die Bedingungen dar, der zur sofortigen K\u00fcndigung Ihres Kontos bei unserem Service f\u00fchren kann.<\/p>\n\n\n\n\n<p>Sie sind verantwortlich f\u00fcr die Sicherung des Passworts, das Sie f\u00fcr den Zugriff auf den Service verwenden, und f\u00fcr alle Aktivit\u00e4ten oder Handlungen, die unter Ihrem Passwort stattfinden, unabh\u00e4ngig davon, ob Ihr Passwort bei unserem Service oder einem sozialen Mediendienst eines Dritten liegt.<\/p>\n\n\n\n\n<p>Sie erkl\u00e4ren sich damit einverstanden, Ihr Passwort keinem Dritten offenzulegen. Sie m\u00fcssen Uns unverz\u00fcglich benachrichtigen, wenn Sie Kenntnis von einer Sicherheitsverletzung oder einer unbefugten Nutzung Ihres Kontos erhalten.<\/p>\n\n\n\n\n<h2 class=\"wp-block-heading\">Geistiges Eigentum<\/h2>\n\n\n\n\n<p>Der Service und seine urspr\u00fcnglichen Inhalte (mit Ausnahme von Inhalten, die von Ihnen oder anderen Nutzern bereitgestellt werden), Funktionen und Funktionalit\u00e4ten sind und bleiben das alleinige Eigentum der Firma und ihrer Lizenzgeber.<\/p>\n\n\n\n\n<p>Der Service ist durch Urheber-, Marken- und andere Gesetze des Landes und fremder L\u00e4nder gesch\u00fctzt.<\/p>\n\n\n\n\n<p>Unsere Marken und unser Erscheinungsbild d\u00fcrfen nicht in Verbindung mit einem Produkt oder Service ohne die vorherige schriftliche Zustimmung der Firma verwendet werden.<\/p>\n\n\n\n\n<h2 class=\"wp-block-heading\">Haftungsbeschr\u00e4nkung<\/h2>\n\n\n\n\n<p>Ungeachtet der Sch\u00e4den, die Ihnen entstehen k\u00f6nnten, ist die gesamte Haftung der Firma und ihrer Lieferanten gem\u00e4\u00df jeder Bestimmung dieser Bedingungen und Ihr ausschlie\u00dflicher Rechtsbehelf f\u00fcr all das Vorstehende auf den Betrag beschr\u00e4nkt, den Sie tats\u00e4chlich \u00fcber den Service bezahlt haben, oder auf 100 USD, wenn Sie nichts \u00fcber den Service gekauft haben.<\/p>\n\n\n\n\n<p>Soweit dies nach geltendem Recht zul\u00e4ssig ist, haften die Firma oder ihre Lieferanten in keinem Fall f\u00fcr spezielle, zuf\u00e4llige, indirekte oder Folgesch\u00e4den jeglicher Art (einschlie\u00dflich, aber nicht beschr\u00e4nkt auf, Sch\u00e4den aus entgangenem Gewinn, Verlust von Daten oder anderen Informationen, f\u00fcr Betriebsunterbrechung, f\u00fcr Personensch\u00e4den, Verlust der Privatsph\u00e4re, die aus oder in irgendeiner Weise im Zusammenhang mit der Nutzung oder der Unf\u00e4higkeit zur Nutzung des Service, der Software Dritter und\/oder der Hardware Dritter, die mit dem Service verwendet werden, oder anderweitig in Verbindung mit einer Bestimmung dieser Bedingungen entstehen), selbst wenn die Firma oder ein Lieferant auf die M\u00f6glichkeit solcher Sch\u00e4den hingewiesen wurde und selbst wenn das Rechtsmittel seinen wesentlichen Zweck verfehlt.<br><\/p>\n\n\n\n\n<h2 class=\"wp-block-heading\">Geltendes Recht<\/h2>\n\n\n\n\n<p>Die Gesetze des Landes, unter Ausschluss seiner Kollisionsnormen, regeln diese Bedingungen und Ihre Nutzung des Service. Ihre Nutzung der Anwendung kann auch anderen lokalen, staatlichen, nationalen oder internationalen Gesetzen unterliegen.<\/p>\n\n\n\n\n<h2 class=\"wp-block-heading\">Streitbeilegung<\/h2>\n\n\n\n\n<p>Wenn Sie eine Bedenken oder einen Streit \u00fcber den Service haben, erkl\u00e4ren Sie sich damit einverstanden, den Streit zun\u00e4chst informell durch Kontaktaufnahme mit der Firma beizulegen.<\/p>\n\n\n\n\n<h2 class=\"wp-block-heading\">Salvatorische Klausel und Verzicht<\/h2>\n\n\n\n\n<h3 class=\"wp-block-heading\">Salvatorische Klausel<\/h3>\n\n\n\n\n<p>Sollte eine Bestimmung dieser Bedingungen als nicht durchsetzbar oder ung\u00fcltig erachtet werden, wird eine solche Bestimmung ge\u00e4ndert und so ausgelegt, dass die Ziele dieser Bestimmung im gr\u00f6\u00dftm\u00f6glichen Umfang unter dem geltenden Recht erreicht werden, und die \u00fcbrigen Bestimmungen bleiben in vollem Umfang in Kraft.<\/p>\n\n\n\n\n<h3 class=\"wp-block-heading\">Verzicht<\/h3>\n\n\n\n\n<p>Soweit hierin nicht anders vorgesehen, hat das Vers\u00e4umnis, ein Recht auszu\u00fcben oder die Erf\u00fcllung einer Verpflichtung gem\u00e4\u00df diesen Bedingungen zu verlangen, keinen Einfluss auf die F\u00e4higkeit einer Partei, dieses Recht auszu\u00fcben oder diese Erf\u00fcllung zu einem sp\u00e4teren Zeitpunkt zu verlangen, noch stellt der Verzicht auf einen Versto\u00df einen Verzicht auf einen nachfolgenden Versto\u00df dar.<\/p>\n\n\n\n\n<h2 class=\"wp-block-heading\">\u00c4nderungen dieser Allgemeinen Gesch\u00e4ftsbedingungen<\/h2>\n\n\n\n\n<p>Wir behalten Uns das Recht vor, nach eigenem Ermessen diese Bedingungen jederzeit zu \u00e4ndern oder zu ersetzen. Wenn eine \u00dcberarbeitung wesentlich ist, werden Wir angemessene Anstrengungen unternehmen, um mindestens 30 Tage vor Inkrafttreten neuer Bedingungen eine Benachrichtigung zu geben. Was eine wesentliche \u00c4nderung darstellt, wird nach Unserem alleinigen Ermessen bestimmt.<\/p>\n\n\n\n\n<p>Indem Sie nach Inkrafttreten dieser \u00dcberarbeitungen weiterhin auf Unseren Service zugreifen oder ihn nutzen, erkl\u00e4ren Sie sich mit den \u00fcberarbeiteten Bedingungen einverstanden. Wenn Sie mit den neuen Bedingungen, ganz oder teilweise, nicht einverstanden sind, stellen Sie bitte die Nutzung der Website und des Service ein.<\/p>\n\n\n\n\n<h2 class=\"wp-block-heading\">Kontaktieren Sie Uns<\/h2>\n\n\n\n\n<p>Wenn Sie Fragen zu diesen Allgemeinen Gesch\u00e4ftsbedingungen haben, k\u00f6nnen Sie Uns kontaktieren:<\/p>\n\n\n\n\n<p>Indem Sie diese Seite auf unserer Website besuchen: <a href=\"https:\/\/fitconsent.com\/contact\" target=\"_blank\" rel=\"noreferrer noopener\">https:\/\/fitconsent.com\/contact<\/a><\/p>\n\n\n\n\n<div style=\"height:100px\" aria-hidden=\"true\" class=\"wp-block-spacer\"><\/div>\n","protected":false},"excerpt":{"rendered":"<p>Zuletzt aktualisiert: 24. Juli 2025 Bitte lesen Sie diese Gesch\u00e4ftsbedingungen sorgf\u00e4ltig durch, bevor Sie unseren Service nutzen. Auslegung und Definitionen Auslegung W\u00f6rter, deren Anfangsbuchstabe gro\u00dfgeschrieben ist, haben Bedeutungen, die unter den folgenden Bedingungen definiert sind. Die folgenden Definitionen haben die gleiche Bedeutung, unabh\u00e4ngig davon, ob sie im Singular oder Plural erscheinen. Definitionen F\u00fcr die Zwecke [&hellip;]<\/p>\n","protected":false},"author":5,"featured_media":0,"parent":0,"menu_order":0,"comment_status":"closed","ping_status":"closed","template":"","meta":{"_fitconsent_language":"de_DE","_fitconsent_translation_group":"638","footnotes":""},"class_list":["post-874","page","type-page","status-publish","hentry"],"yoast_head":"<!-- This site is optimized with the Yoast SEO plugin v27.2 - https:\/\/yoast.com\/product\/yoast-seo-wordpress\/ -->\n<title>Servicebedingungen - FitConsent<\/title>\n<meta name=\"robots\" content=\"index, follow, max-snippet:-1, max-image-preview:large, max-video-preview:-1\" \/>\n<link rel=\"canonical\" href=\"https:\/\/fitconsent.com\/de_de\/servicebedingungen\/\" \/>\n<meta property=\"og:locale\" content=\"de_DE\" \/>\n<meta property=\"og:type\" content=\"article\" \/>\n<meta property=\"og:title\" content=\"Servicebedingungen - FitConsent\" \/>\n<meta property=\"og:description\" content=\"Zuletzt aktualisiert: 24. Juli 2025 Bitte lesen Sie diese Gesch\u00e4ftsbedingungen sorgf\u00e4ltig durch, bevor Sie unseren Service nutzen. Auslegung und Definitionen Auslegung W\u00f6rter, deren Anfangsbuchstabe gro\u00dfgeschrieben ist, haben Bedeutungen, die unter den folgenden Bedingungen definiert sind. Die folgenden Definitionen haben die gleiche Bedeutung, unabh\u00e4ngig davon, ob sie im Singular oder Plural erscheinen. Definitionen F\u00fcr die Zwecke [&hellip;]\" \/>\n<meta property=\"og:url\" content=\"https:\/\/fitconsent.com\/de_de\/servicebedingungen\/\" \/>\n<meta property=\"og:site_name\" content=\"FitConsent\" \/>\n<meta property=\"article:modified_time\" content=\"2025-08-27T20:38:51+00:00\" \/>\n<meta name=\"twitter:card\" content=\"summary_large_image\" \/>\n<meta name=\"twitter:label1\" content=\"Gesch\u00e4tzte Lesezeit\" \/>\n\t<meta name=\"twitter:data1\" content=\"6\u00a0Minuten\" \/>\n<script type=\"application\/ld+json\" class=\"yoast-schema-graph\">{\"@context\":\"https:\/\/schema.org\",\"@graph\":[{\"@type\":\"WebPage\",\"@id\":\"https:\/\/fitconsent.com\/de_de\/servicebedingungen\/\",\"url\":\"https:\/\/fitconsent.com\/de_de\/servicebedingungen\/\",\"name\":\"Servicebedingungen - FitConsent\",\"isPartOf\":{\"@id\":\"https:\/\/fitconsent.com\/fr_fr\/#website\"},\"datePublished\":\"2025-08-27T20:38:50+00:00\",\"dateModified\":\"2025-08-27T20:38:51+00:00\",\"breadcrumb\":{\"@id\":\"https:\/\/fitconsent.com\/de_de\/servicebedingungen\/#breadcrumb\"},\"inLanguage\":\"de\",\"potentialAction\":[{\"@type\":\"ReadAction\",\"target\":[\"https:\/\/fitconsent.com\/de_de\/servicebedingungen\/\"]}]},{\"@type\":\"BreadcrumbList\",\"@id\":\"https:\/\/fitconsent.com\/de_de\/servicebedingungen\/#breadcrumb\",\"itemListElement\":[{\"@type\":\"ListItem\",\"position\":1,\"name\":\"Home\",\"item\":\"https:\/\/fitconsent.com\/\"},{\"@type\":\"ListItem\",\"position\":2,\"name\":\"Servicebedingungen\"}]},{\"@type\":\"WebSite\",\"@id\":\"https:\/\/fitconsent.com\/fr_fr\/#website\",\"url\":\"https:\/\/fitconsent.com\/fr_fr\/\",\"name\":\"FitConsent\",\"description\":\"By DIGITLOAD\",\"publisher\":{\"@id\":\"https:\/\/fitconsent.com\/fr_fr\/#organization\"},\"potentialAction\":[{\"@type\":\"SearchAction\",\"target\":{\"@type\":\"EntryPoint\",\"urlTemplate\":\"https:\/\/fitconsent.com\/fr_fr\/?s={search_term_string}\"},\"query-input\":{\"@type\":\"PropertyValueSpecification\",\"valueRequired\":true,\"valueName\":\"search_term_string\"}}],\"inLanguage\":\"de\"},{\"@type\":\"Organization\",\"@id\":\"https:\/\/fitconsent.com\/fr_fr\/#organization\",\"name\":\"DIGITLOAD\",\"url\":\"https:\/\/fitconsent.com\/fr_fr\/\",\"logo\":{\"@type\":\"ImageObject\",\"inLanguage\":\"de\",\"@id\":\"https:\/\/fitconsent.com\/fr_fr\/#\/schema\/logo\/image\/\",\"url\":\"https:\/\/fitconsent.com\/wp-content\/uploads\/2025\/08\/cropped-icon.png\",\"contentUrl\":\"https:\/\/fitconsent.com\/wp-content\/uploads\/2025\/08\/cropped-icon.png\",\"width\":512,\"height\":512,\"caption\":\"DIGITLOAD\"},\"image\":{\"@id\":\"https:\/\/fitconsent.com\/fr_fr\/#\/schema\/logo\/image\/\"}}]}<\/script>\n<!-- \/ Yoast SEO plugin. -->","yoast_head_json":{"title":"Servicebedingungen - FitConsent","robots":{"index":"index","follow":"follow","max-snippet":"max-snippet:-1","max-image-preview":"max-image-preview:large","max-video-preview":"max-video-preview:-1"},"canonical":"https:\/\/fitconsent.com\/de_de\/servicebedingungen\/","og_locale":"de_DE","og_type":"article","og_title":"Servicebedingungen - FitConsent","og_description":"Zuletzt aktualisiert: 24. Juli 2025 Bitte lesen Sie diese Gesch\u00e4ftsbedingungen sorgf\u00e4ltig durch, bevor Sie unseren Service nutzen. Auslegung und Definitionen Auslegung W\u00f6rter, deren Anfangsbuchstabe gro\u00dfgeschrieben ist, haben Bedeutungen, die unter den folgenden Bedingungen definiert sind. Die folgenden Definitionen haben die gleiche Bedeutung, unabh\u00e4ngig davon, ob sie im Singular oder Plural erscheinen. Definitionen F\u00fcr die Zwecke [&hellip;]","og_url":"https:\/\/fitconsent.com\/de_de\/servicebedingungen\/","og_site_name":"FitConsent","article_modified_time":"2025-08-27T20:38:51+00:00","twitter_card":"summary_large_image","twitter_misc":{"Gesch\u00e4tzte Lesezeit":"6\u00a0Minuten"},"schema":{"@context":"https:\/\/schema.org","@graph":[{"@type":"WebPage","@id":"https:\/\/fitconsent.com\/de_de\/servicebedingungen\/","url":"https:\/\/fitconsent.com\/de_de\/servicebedingungen\/","name":"Servicebedingungen - FitConsent","isPartOf":{"@id":"https:\/\/fitconsent.com\/fr_fr\/#website"},"datePublished":"2025-08-27T20:38:50+00:00","dateModified":"2025-08-27T20:38:51+00:00","breadcrumb":{"@id":"https:\/\/fitconsent.com\/de_de\/servicebedingungen\/#breadcrumb"},"inLanguage":"de","potentialAction":[{"@type":"ReadAction","target":["https:\/\/fitconsent.com\/de_de\/servicebedingungen\/"]}]},{"@type":"BreadcrumbList","@id":"https:\/\/fitconsent.com\/de_de\/servicebedingungen\/#breadcrumb","itemListElement":[{"@type":"ListItem","position":1,"name":"Home","item":"https:\/\/fitconsent.com\/"},{"@type":"ListItem","position":2,"name":"Servicebedingungen"}]},{"@type":"WebSite","@id":"https:\/\/fitconsent.com\/fr_fr\/#website","url":"https:\/\/fitconsent.com\/fr_fr\/","name":"FitConsent","description":"By DIGITLOAD","publisher":{"@id":"https:\/\/fitconsent.com\/fr_fr\/#organization"},"potentialAction":[{"@type":"SearchAction","target":{"@type":"EntryPoint","urlTemplate":"https:\/\/fitconsent.com\/fr_fr\/?s={search_term_string}"},"query-input":{"@type":"PropertyValueSpecification","valueRequired":true,"valueName":"search_term_string"}}],"inLanguage":"de"},{"@type":"Organization","@id":"https:\/\/fitconsent.com\/fr_fr\/#organization","name":"DIGITLOAD","url":"https:\/\/fitconsent.com\/fr_fr\/","logo":{"@type":"ImageObject","inLanguage":"de","@id":"https:\/\/fitconsent.com\/fr_fr\/#\/schema\/logo\/image\/","url":"https:\/\/fitconsent.com\/wp-content\/uploads\/2025\/08\/cropped-icon.png","contentUrl":"https:\/\/fitconsent.com\/wp-content\/uploads\/2025\/08\/cropped-icon.png","width":512,"height":512,"caption":"DIGITLOAD"},"image":{"@id":"https:\/\/fitconsent.com\/fr_fr\/#\/schema\/logo\/image\/"}}]}},"_links":{"self":[{"href":"https:\/\/fitconsent.com\/de_de\/wp-json\/wp\/v2\/pages\/874","targetHints":{"allow":["GET"]}}],"collection":[{"href":"https:\/\/fitconsent.com\/de_de\/wp-json\/wp\/v2\/pages"}],"about":[{"href":"https:\/\/fitconsent.com\/de_de\/wp-json\/wp\/v2\/types\/page"}],"author":[{"embeddable":true,"href":"https:\/\/fitconsent.com\/de_de\/wp-json\/wp\/v2\/users\/5"}],"replies":[{"embeddable":true,"href":"https:\/\/fitconsent.com\/de_de\/wp-json\/wp\/v2\/comments?post=874"}],"version-history":[{"count":1,"href":"https:\/\/fitconsent.com\/de_de\/wp-json\/wp\/v2\/pages\/874\/revisions"}],"predecessor-version":[{"id":875,"href":"https:\/\/fitconsent.com\/de_de\/wp-json\/wp\/v2\/pages\/874\/revisions\/875"}],"wp:attachment":[{"href":"https:\/\/fitconsent.com\/de_de\/wp-json\/wp\/v2\/media?parent=874"}],"curies":[{"name":"wp","href":"https:\/\/api.w.org\/{rel}","templated":true}]}}