{"id":864,"date":"2025-08-27T20:28:23","date_gmt":"2025-08-27T20:28:23","guid":{"rendered":"https:\/\/fitconsent.com\/?page_id=864"},"modified":"2025-11-11T16:23:20","modified_gmt":"2025-11-11T16:23:20","slug":"datenschutzrichtlinie","status":"publish","type":"page","link":"https:\/\/fitconsent.com\/de_de\/datenschutzrichtlinie\/","title":{"rendered":"Datenschutzrichtlinie"},"content":{"rendered":"\n<p>Letzte Aktualisierung: 24. Juli 2025<\/p>\n\n\n\n<p>Diese Datenschutzerkl\u00e4rung beschreibt Unsere Richtlinien und Verfahren zur Erfassung, Nutzung und Offenlegung Ihrer Informationen, wenn Sie den Dienst nutzen, und informiert Sie \u00fcber Ihre Datenschutzrechte und wie das Gesetz Sie sch\u00fctzt.<\/p>\n\n\n\n<p>Wir verwenden Ihre Personenbezogenen Daten, um den Dienst bereitzustellen und zu verbessern. Durch die Nutzung des Dienstes stimmen Sie der Erfassung und Nutzung von Informationen gem\u00e4\u00df dieser Datenschutzerkl\u00e4rung zu.<\/p>\n\n\n\n<h2 class=\"wp-block-heading\">Interpretation und Definitionen<\/h2>\n\n\n\n<h3 class=\"wp-block-heading\">Interpretation<\/h3>\n\n\n\n<p>W\u00f6rter, deren Anfangsbuchstabe gro\u00dfgeschrieben ist, haben Bedeutungen, die unter den folgenden Bedingungen definiert sind. Die folgenden Definitionen haben die gleiche Bedeutung, unabh\u00e4ngig davon, ob sie im Singular oder Plural erscheinen.<\/p>\n\n\n\n<h3 class=\"wp-block-heading\">Definitionen<\/h3>\n\n\n\n<p>F\u00fcr die Zwecke dieser Datenschutzerkl\u00e4rung:<\/p>\n\n\n\n<ul class=\"wp-block-list\">\n<li><strong>Konto<\/strong> bezeichnet ein einzigartiges Konto, das f\u00fcr Sie erstellt wurde, um auf unseren Dienst oder Teile unseres Dienstes zuzugreifen.<\/li>\n\n\n\n<li><strong>Unternehmen<\/strong> (in dieser Vereinbarung als &#8222;das Unternehmen&#8220;, &#8222;Wir&#8220;, &#8222;Uns&#8220; oder &#8222;Unser&#8220; bezeichnet) bezieht sich auf FitConsent, ein Produkt von DIGITLOAD.<\/li>\n\n\n\n<li><strong>Cookies<\/strong> sind kleine Dateien, die von einer Website auf Ihrem Computer, mobilen Ger\u00e4t oder einem anderen Ger\u00e4t platziert werden und unter anderem die Details Ihres Browserverlaufs auf dieser Website enthalten.<\/li>\n\n\n\n<li><strong>Land<\/strong> bezieht sich auf: Kanada<\/li>\n\n\n\n<li><strong>Ger\u00e4t<\/strong> bezeichnet jedes Ger\u00e4t, das auf den Dienst zugreifen kann, wie z.B. einen Computer, ein Mobiltelefon oder ein digitales Tablet.<\/li>\n\n\n\n<li><strong>Personenbezogene Daten<\/strong> sind alle Informationen, die sich auf eine identifizierte oder identifizierbare nat\u00fcrliche Person beziehen.<\/li>\n\n\n\n<li><strong>Dienst<\/strong> bezieht sich auf die Website.<\/li>\n\n\n\n<li><strong>Dienstleister<\/strong> bezeichnet jede nat\u00fcrliche oder juristische Person, die die Daten im Auftrag des Unternehmens verarbeitet. Es bezieht sich auf Drittunternehmen oder Einzelpersonen, die vom Unternehmen beauftragt werden, den Dienst zu erleichtern, den Dienst im Namen des Unternehmens bereitzustellen, Dienstleistungen im Zusammenhang mit dem Dienst durchzuf\u00fchren oder das Unternehmen bei der Analyse der Nutzung des Dienstes zu unterst\u00fctzen.<\/li>\n\n\n\n<li><strong>Nutzungsdaten<\/strong> beziehen sich auf automatisch erfasste Daten, die entweder durch die Nutzung des Dienstes oder von der Dienstinfrastruktur selbst generiert werden (zum Beispiel die Dauer eines Seitenbesuchs).<\/li>\n\n\n\n<li><strong>Website<\/strong> bezieht sich auf FitConsent, zug\u00e4nglich \u00fcber https:\/\/app.fitconsent.com<\/li>\n\n\n\n<li><strong>Sie<\/strong> bezeichnet die Person, die auf den Dienst zugreift oder ihn nutzt, oder das Unternehmen oder eine andere juristische Person, in deren Namen diese Person auf den Dienst zugreift oder ihn nutzt, je nach Fall.<\/li>\n<\/ul>\n\n\n\n<h2 class=\"wp-block-heading\">Erfassung und Nutzung Ihrer Personenbezogenen Daten<\/h2>\n\n\n\n<h3 class=\"wp-block-heading\">Arten der erfassten Daten<\/h3>\n\n\n\n<h4 class=\"wp-block-heading\">Personenbezogene Daten<\/h4>\n\n\n\n<p>W\u00e4hrend der Nutzung Unseres Dienstes k\u00f6nnen Wir Sie bitten, Uns bestimmte pers\u00f6nlich identifizierbare Informationen zur Verf\u00fcgung zu stellen, die zur Kontaktaufnahme oder Identifizierung von Ihnen verwendet werden k\u00f6nnen. Pers\u00f6nlich identifizierbare Informationen k\u00f6nnen unter anderem sein:<\/p>\n\n\n\n<ul class=\"wp-block-list\">\n<li>E-Mail-Adresse<\/li>\n\n\n\n<li>Vor- und Nachname<\/li>\n\n\n\n<li>Nutzungsdaten<\/li>\n<\/ul>\n\n\n\n<h4 class=\"wp-block-heading\">Nutzungsdaten<\/h4>\n\n\n\n<p>Nutzungsdaten werden automatisch bei der Nutzung des Dienstes erfasst.<\/p>\n\n\n\n<p>Nutzungsdaten k\u00f6nnen Informationen wie die Internet-Protokoll-Adresse Ihres Ger\u00e4ts (z. B. IP-Adresse), den Browsertyp, die Browserversion, die Seiten unseres Dienstes, die Sie besuchen, die Uhrzeit und das Datum Ihres Besuchs, die auf diesen Seiten verbrachte Zeit, eindeutige Ger\u00e4tekennungen und andere Diagnosedaten umfassen.<\/p>\n\n\n\n<p>Wenn Sie \u00fcber ein mobiles Ger\u00e4t auf den Dienst zugreifen, k\u00f6nnen Wir bestimmte Informationen automatisch erfassen, einschlie\u00dflich, aber nicht beschr\u00e4nkt auf, den Typ des von Ihnen verwendeten mobilen Ger\u00e4ts, die eindeutige ID Ihres mobilen Ger\u00e4ts, die IP-Adresse Ihres mobilen Ger\u00e4ts, Ihr mobiles Betriebssystem, den Typ des von Ihnen verwendeten mobilen Internetbrowsers, eindeutige Ger\u00e4tekennungen und andere Diagnosedaten.<\/p>\n\n\n\n<p>Wir k\u00f6nnen auch Informationen erfassen, die Ihr Browser sendet, wenn Sie unseren Dienst besuchen oder wenn Sie \u00fcber ein mobiles Ger\u00e4t auf den Dienst zugreifen.<\/p>\n\n\n\n<p>Tracking-Technologien und Cookies<\/p>\n\n\n\n<p>Wir verwenden Cookies und \u00e4hnliche Tracking-Technologien, um die Aktivit\u00e4t auf Unserem Dienst zu verfolgen und bestimmte Informationen zu speichern. Die verwendeten Tracking-Technologien sind Beacons, Tags und Skripte, um Informationen zu sammeln und zu verfolgen und Unseren Dienst zu verbessern und zu analysieren. Die von Uns verwendeten Technologien k\u00f6nnen sein:<\/p>\n\n\n\n<ul class=\"wp-block-list\">\n<li><strong>Cookies oder Browser-Cookies.<\/strong> Ein Cookie ist eine kleine Datei, die auf Ihrem Ger\u00e4t platziert wird. Sie k\u00f6nnen Ihren Browser anweisen, alle Cookies abzulehnen oder anzuzeigen, wenn ein Cookie gesendet wird. Wenn Sie jedoch Cookies nicht akzeptieren, k\u00f6nnen Sie m\u00f6glicherweise einige Teile unseres Dienstes nicht nutzen. Sofern Sie Ihre Browsereinstellung nicht so angepasst haben, dass sie Cookies ablehnt, kann unser Dienst Cookies verwenden.<\/li>\n\n\n\n<li><strong>Web-Beacons.<\/strong> Bestimmte Abschnitte unseres Dienstes und unserer E-Mails k\u00f6nnen kleine elektronische Dateien enthalten, die als Web-Beacons (auch als Clear Gifs, Pixel-Tags und Ein-Pixel-Gifs bezeichnet) bekannt sind und es dem Unternehmen beispielsweise erm\u00f6glichen, die Benutzer zu z\u00e4hlen, die diese Seiten besucht oder eine E-Mail ge\u00f6ffnet haben, sowie f\u00fcr andere damit verbundene Website-Statistiken (zum Beispiel die Beliebtheit eines bestimmten Abschnitts aufzeichnen und die System- und Serverintegrit\u00e4t \u00fcberpr\u00fcfen).<\/li>\n<\/ul>\n\n\n\n<p>Cookies k\u00f6nnen &#8222;persistente&#8220; oder &#8222;Sitzungs-&#8220; Cookies sein. Persistente Cookies bleiben auf Ihrem Personal Computer oder mobilen Ger\u00e4t, wenn Sie offline gehen, w\u00e4hrend Sitzungs-Cookies gel\u00f6scht werden, sobald Sie Ihren Webbrowser schlie\u00dfen.<br><\/p>\n\n\n\n<p>Speichererkl\u00e4rung<\/p>\n\n\n\n<p>Zur vollst\u00e4ndigen Transparenz finden Sie unten eine Liste der spezifischen Cookies und anderer Speicherelemente, die unser Dienst in Ihrem Browser platzieren kann. Diese Liste wird automatisch basierend auf regelm\u00e4\u00dfigen Scans unserer Website aktualisiert.<\/p>\n\n\n\n<div id=\"fitconsent-declaration\"><\/div>\n<script async defer src=\"https:\/\/app.fitconsent.com\/api\/declaration?websiteId=kwVxyt00In1wBjqQOTJM\"><\/script>\n\n\n\n<h2 class=\"wp-block-heading\">Nutzung Ihrer Personenbezogenen Daten<\/h2>\n\n\n\n<p>Das Unternehmen kann Personenbezogene Daten f\u00fcr die folgenden Zwecke verwenden:<\/p>\n\n\n\n<ul class=\"wp-block-list\">\n<li><strong>Zur Bereitstellung und Aufrechterhaltung unseres Dienstes,<\/strong> einschlie\u00dflich der \u00dcberwachung der Nutzung unseres Dienstes.<\/li>\n\n\n\n<li><strong>Zur Verwaltung Ihres Kontos:<\/strong> zur Verwaltung Ihrer Registrierung als Benutzer des Dienstes. Die von Ihnen bereitgestellten Personenbezogenen Daten k\u00f6nnen Ihnen den Zugang zu verschiedenen Funktionalit\u00e4ten des Dienstes erm\u00f6glichen, die Ihnen als registrierter Benutzer zur Verf\u00fcgung stehen.<\/li>\n\n\n\n<li><strong>F\u00fcr die Erf\u00fcllung eines Vertrags:<\/strong> die Entwicklung, Einhaltung und Durchf\u00fchrung des Kaufvertrags f\u00fcr die von Ihnen gekauften Produkte, Artikel oder Dienstleistungen oder eines anderen Vertrags mit Uns \u00fcber den Dienst.<\/li>\n\n\n\n<li><strong>Zur Kontaktaufnahme mit Ihnen:<\/strong> Um Sie per E-Mail, Telefonanrufen, SMS oder anderen gleichwertigen elektronischen Kommunikationsformen, wie z. B. Push-Benachrichtigungen einer mobilen Anwendung, bez\u00fcglich Updates oder informativer Mitteilungen im Zusammenhang mit den Funktionalit\u00e4ten, Produkten oder vertraglich vereinbarten Dienstleistungen zu kontaktieren, einschlie\u00dflich der Sicherheitsupdates, wenn dies f\u00fcr ihre Umsetzung notwendig oder vern\u00fcnftig ist.<\/li>\n\n\n\n<li><strong>Um Ihnen<\/strong> Neuigkeiten, Sonderangebote und allgemeine Informationen \u00fcber andere Waren, Dienstleistungen und Veranstaltungen anzubieten, die wir anbieten und die den von Ihnen bereits gekauften oder angefragten \u00e4hneln, es sei denn, Sie haben sich gegen den Erhalt solcher Informationen entschieden.<\/li>\n\n\n\n<li><strong>Zur Verwaltung Ihrer Anfragen:<\/strong> Um Ihre Anfragen an Uns zu bearbeiten und zu verwalten.<\/li>\n\n\n\n<li><strong>F\u00fcr Gesch\u00e4fts\u00fcbertragungen:<\/strong> Wir k\u00f6nnen Ihre Informationen verwenden, um eine Fusion, Ver\u00e4u\u00dferung, Umstrukturierung, Reorganisation, Aufl\u00f6sung oder einen anderen Verkauf oder eine \u00dcbertragung von einigen oder allen Unseren Verm\u00f6genswerten zu bewerten oder durchzuf\u00fchren, sei es als fortlaufendes Gesch\u00e4ft oder als Teil eines Konkurses, einer Liquidation oder eines \u00e4hnlichen Verfahrens, bei dem Personenbezogene Daten, die Wir \u00fcber unsere Dienstnutzer besitzen, zu den \u00fcbertragenen Verm\u00f6genswerten geh\u00f6ren.<\/li>\n\n\n\n<li><strong>F\u00fcr andere Zwecke:<\/strong> Wir k\u00f6nnen Ihre Informationen f\u00fcr andere Zwecke verwenden, wie z. B. Datenanalyse, Identifizierung von Nutzungstrends, Bestimmung der Wirksamkeit unserer Werbekampagnen und zur Bewertung und Verbesserung unseres Dienstes, unserer Produkte, Dienstleistungen, unseres Marketings und Ihrer Erfahrung.<\/li>\n<\/ul>\n\n\n\n<h2 class=\"wp-block-heading\">Datenschutz f\u00fcr Kinder<\/h2>\n\n\n\n<p>Unser Dienst richtet sich nicht an Personen unter 13 Jahren. Wir erfassen nicht wissentlich pers\u00f6nlich identifizierbare Informationen von Personen unter 13 Jahren. Wenn Sie ein Elternteil oder Vormund sind und wissen, dass Ihr Kind Uns Personenbezogene Daten zur Verf\u00fcgung gestellt hat, kontaktieren Sie Uns bitte. Wenn Wir erfahren, dass Wir Personenbezogene Daten von jemandem unter 13 Jahren ohne die \u00dcberpr\u00fcfung der elterlichen Zustimmung erfasst haben, ergreifen Wir Ma\u00dfnahmen, um diese Informationen von Unseren Servern zu entfernen.<\/p>\n\n\n\n<h2 class=\"wp-block-heading\">Links zu anderen Websites<\/h2>\n\n\n\n<p>Unser Dienst kann Links zu anderen Websites enthalten, die nicht von Uns betrieben werden. Wenn Sie auf einen Link eines Dritten klicken, werden Sie auf die Website dieses Dritten weitergeleitet. Wir empfehlen Ihnen dringend, die Datenschutzerkl\u00e4rung jeder Website, die Sie besuchen, zu \u00fcberpr\u00fcfen.<\/p>\n\n\n\n<p>Wir haben keine Kontrolle \u00fcber und \u00fcbernehmen keine Verantwortung f\u00fcr den Inhalt, die Datenschutzrichtlinien oder die Praktiken von Websites oder Diensten Dritter.<br><\/p>\n\n\n\n<h2 class=\"wp-block-heading\">\u00c4nderungen an dieser Datenschutzerkl\u00e4rung<\/h2>\n\n\n\n<p>Wir k\u00f6nnen Unsere Datenschutzerkl\u00e4rung von Zeit zu Zeit aktualisieren. Wir werden Sie \u00fcber alle \u00c4nderungen informieren, indem wir die neue Datenschutzerkl\u00e4rung auf dieser Seite ver\u00f6ffentlichen.<\/p>\n\n\n\n<p>Wir werden Sie per E-Mail und\/oder durch einen prominenten Hinweis auf Unserem Dienst informieren, bevor die \u00c4nderung wirksam wird, und das Datum der &#8222;Letzten Aktualisierung&#8220; oben auf dieser Datenschutzerkl\u00e4rung aktualisieren.<\/p>\n\n\n\n<p>Es wird Ihnen empfohlen, diese Datenschutzerkl\u00e4rung regelm\u00e4\u00dfig auf \u00c4nderungen zu \u00fcberpr\u00fcfen. \u00c4nderungen an dieser Datenschutzerkl\u00e4rung sind wirksam, wenn sie auf dieser Seite ver\u00f6ffentlicht werden.<\/p>\n\n\n\n<h2 class=\"wp-block-heading\">Kontaktieren Sie uns<\/h2>\n\n\n\n<p>Wenn Sie Fragen zu dieser Datenschutzerkl\u00e4rung haben, k\u00f6nnen Sie uns kontaktieren:<\/p>\n\n\n\n<p>Durch den Besuch dieser Seite auf unserer Website: <a href=\"https:\/\/fitconsent.com\/contact\" target=\"_blank\" rel=\"noreferrer noopener\">https:\/\/fitconsent.com\/contact<\/a><\/p>\n\n\n\n<div style=\"height:100px\" aria-hidden=\"true\" class=\"wp-block-spacer\"><\/div>\n\n\n\n<p><\/p>\n","protected":false},"excerpt":{"rendered":"<p>Letzte Aktualisierung: 24. Juli 2025 Diese Datenschutzerkl\u00e4rung beschreibt Unsere Richtlinien und Verfahren zur Erfassung, Nutzung und Offenlegung Ihrer Informationen, wenn Sie den Dienst nutzen, und informiert Sie \u00fcber Ihre Datenschutzrechte und wie das Gesetz Sie sch\u00fctzt. Wir verwenden Ihre Personenbezogenen Daten, um den Dienst bereitzustellen und zu verbessern. Durch die Nutzung des Dienstes stimmen Sie [&hellip;]<\/p>\n","protected":false},"author":5,"featured_media":0,"parent":0,"menu_order":0,"comment_status":"closed","ping_status":"closed","template":"","meta":{"_fitconsent_language":"de_DE","_fitconsent_translation_group":"633","footnotes":""},"class_list":["post-864","page","type-page","status-publish","hentry"],"yoast_head":"<!-- This site is optimized with the Yoast SEO plugin v27.2 - https:\/\/yoast.com\/product\/yoast-seo-wordpress\/ -->\n<title>Datenschutzrichtlinie - FitConsent<\/title>\n<meta name=\"robots\" content=\"index, follow, max-snippet:-1, max-image-preview:large, max-video-preview:-1\" \/>\n<link rel=\"canonical\" href=\"https:\/\/fitconsent.com\/de_de\/datenschutzrichtlinie\/\" \/>\n<meta property=\"og:locale\" content=\"de_DE\" \/>\n<meta property=\"og:type\" content=\"article\" \/>\n<meta property=\"og:title\" content=\"Datenschutzrichtlinie - FitConsent\" \/>\n<meta property=\"og:description\" content=\"Letzte Aktualisierung: 24. Juli 2025 Diese Datenschutzerkl\u00e4rung beschreibt Unsere Richtlinien und Verfahren zur Erfassung, Nutzung und Offenlegung Ihrer Informationen, wenn Sie den Dienst nutzen, und informiert Sie \u00fcber Ihre Datenschutzrechte und wie das Gesetz Sie sch\u00fctzt. Wir verwenden Ihre Personenbezogenen Daten, um den Dienst bereitzustellen und zu verbessern. Durch die Nutzung des Dienstes stimmen Sie [&hellip;]\" \/>\n<meta property=\"og:url\" content=\"https:\/\/fitconsent.com\/de_de\/datenschutzrichtlinie\/\" \/>\n<meta property=\"og:site_name\" content=\"FitConsent\" \/>\n<meta property=\"article:modified_time\" content=\"2025-11-11T16:23:20+00:00\" \/>\n<meta name=\"twitter:card\" content=\"summary_large_image\" \/>\n<meta name=\"twitter:label1\" content=\"Gesch\u00e4tzte Lesezeit\" \/>\n\t<meta name=\"twitter:data1\" content=\"6\u00a0Minuten\" \/>\n<script type=\"application\/ld+json\" class=\"yoast-schema-graph\">{\"@context\":\"https:\/\/schema.org\",\"@graph\":[{\"@type\":\"WebPage\",\"@id\":\"https:\/\/fitconsent.com\/de_de\/datenschutzrichtlinie\/\",\"url\":\"https:\/\/fitconsent.com\/de_de\/datenschutzrichtlinie\/\",\"name\":\"Datenschutzrichtlinie - FitConsent\",\"isPartOf\":{\"@id\":\"https:\/\/fitconsent.com\/fr_fr\/#website\"},\"datePublished\":\"2025-08-27T20:28:23+00:00\",\"dateModified\":\"2025-11-11T16:23:20+00:00\",\"breadcrumb\":{\"@id\":\"https:\/\/fitconsent.com\/de_de\/datenschutzrichtlinie\/#breadcrumb\"},\"inLanguage\":\"de\",\"potentialAction\":[{\"@type\":\"ReadAction\",\"target\":[\"https:\/\/fitconsent.com\/de_de\/datenschutzrichtlinie\/\"]}]},{\"@type\":\"BreadcrumbList\",\"@id\":\"https:\/\/fitconsent.com\/de_de\/datenschutzrichtlinie\/#breadcrumb\",\"itemListElement\":[{\"@type\":\"ListItem\",\"position\":1,\"name\":\"Home\",\"item\":\"https:\/\/fitconsent.com\/\"},{\"@type\":\"ListItem\",\"position\":2,\"name\":\"Datenschutzrichtlinie\"}]},{\"@type\":\"WebSite\",\"@id\":\"https:\/\/fitconsent.com\/fr_fr\/#website\",\"url\":\"https:\/\/fitconsent.com\/fr_fr\/\",\"name\":\"FitConsent\",\"description\":\"By DIGITLOAD\",\"publisher\":{\"@id\":\"https:\/\/fitconsent.com\/fr_fr\/#organization\"},\"potentialAction\":[{\"@type\":\"SearchAction\",\"target\":{\"@type\":\"EntryPoint\",\"urlTemplate\":\"https:\/\/fitconsent.com\/fr_fr\/?s={search_term_string}\"},\"query-input\":{\"@type\":\"PropertyValueSpecification\",\"valueRequired\":true,\"valueName\":\"search_term_string\"}}],\"inLanguage\":\"de\"},{\"@type\":\"Organization\",\"@id\":\"https:\/\/fitconsent.com\/fr_fr\/#organization\",\"name\":\"DIGITLOAD\",\"url\":\"https:\/\/fitconsent.com\/fr_fr\/\",\"logo\":{\"@type\":\"ImageObject\",\"inLanguage\":\"de\",\"@id\":\"https:\/\/fitconsent.com\/fr_fr\/#\/schema\/logo\/image\/\",\"url\":\"https:\/\/fitconsent.com\/wp-content\/uploads\/2025\/08\/cropped-icon.png\",\"contentUrl\":\"https:\/\/fitconsent.com\/wp-content\/uploads\/2025\/08\/cropped-icon.png\",\"width\":512,\"height\":512,\"caption\":\"DIGITLOAD\"},\"image\":{\"@id\":\"https:\/\/fitconsent.com\/fr_fr\/#\/schema\/logo\/image\/\"}}]}<\/script>\n<!-- \/ Yoast SEO plugin. -->","yoast_head_json":{"title":"Datenschutzrichtlinie - FitConsent","robots":{"index":"index","follow":"follow","max-snippet":"max-snippet:-1","max-image-preview":"max-image-preview:large","max-video-preview":"max-video-preview:-1"},"canonical":"https:\/\/fitconsent.com\/de_de\/datenschutzrichtlinie\/","og_locale":"de_DE","og_type":"article","og_title":"Datenschutzrichtlinie - FitConsent","og_description":"Letzte Aktualisierung: 24. Juli 2025 Diese Datenschutzerkl\u00e4rung beschreibt Unsere Richtlinien und Verfahren zur Erfassung, Nutzung und Offenlegung Ihrer Informationen, wenn Sie den Dienst nutzen, und informiert Sie \u00fcber Ihre Datenschutzrechte und wie das Gesetz Sie sch\u00fctzt. Wir verwenden Ihre Personenbezogenen Daten, um den Dienst bereitzustellen und zu verbessern. Durch die Nutzung des Dienstes stimmen Sie [&hellip;]","og_url":"https:\/\/fitconsent.com\/de_de\/datenschutzrichtlinie\/","og_site_name":"FitConsent","article_modified_time":"2025-11-11T16:23:20+00:00","twitter_card":"summary_large_image","twitter_misc":{"Gesch\u00e4tzte Lesezeit":"6\u00a0Minuten"},"schema":{"@context":"https:\/\/schema.org","@graph":[{"@type":"WebPage","@id":"https:\/\/fitconsent.com\/de_de\/datenschutzrichtlinie\/","url":"https:\/\/fitconsent.com\/de_de\/datenschutzrichtlinie\/","name":"Datenschutzrichtlinie - FitConsent","isPartOf":{"@id":"https:\/\/fitconsent.com\/fr_fr\/#website"},"datePublished":"2025-08-27T20:28:23+00:00","dateModified":"2025-11-11T16:23:20+00:00","breadcrumb":{"@id":"https:\/\/fitconsent.com\/de_de\/datenschutzrichtlinie\/#breadcrumb"},"inLanguage":"de","potentialAction":[{"@type":"ReadAction","target":["https:\/\/fitconsent.com\/de_de\/datenschutzrichtlinie\/"]}]},{"@type":"BreadcrumbList","@id":"https:\/\/fitconsent.com\/de_de\/datenschutzrichtlinie\/#breadcrumb","itemListElement":[{"@type":"ListItem","position":1,"name":"Home","item":"https:\/\/fitconsent.com\/"},{"@type":"ListItem","position":2,"name":"Datenschutzrichtlinie"}]},{"@type":"WebSite","@id":"https:\/\/fitconsent.com\/fr_fr\/#website","url":"https:\/\/fitconsent.com\/fr_fr\/","name":"FitConsent","description":"By DIGITLOAD","publisher":{"@id":"https:\/\/fitconsent.com\/fr_fr\/#organization"},"potentialAction":[{"@type":"SearchAction","target":{"@type":"EntryPoint","urlTemplate":"https:\/\/fitconsent.com\/fr_fr\/?s={search_term_string}"},"query-input":{"@type":"PropertyValueSpecification","valueRequired":true,"valueName":"search_term_string"}}],"inLanguage":"de"},{"@type":"Organization","@id":"https:\/\/fitconsent.com\/fr_fr\/#organization","name":"DIGITLOAD","url":"https:\/\/fitconsent.com\/fr_fr\/","logo":{"@type":"ImageObject","inLanguage":"de","@id":"https:\/\/fitconsent.com\/fr_fr\/#\/schema\/logo\/image\/","url":"https:\/\/fitconsent.com\/wp-content\/uploads\/2025\/08\/cropped-icon.png","contentUrl":"https:\/\/fitconsent.com\/wp-content\/uploads\/2025\/08\/cropped-icon.png","width":512,"height":512,"caption":"DIGITLOAD"},"image":{"@id":"https:\/\/fitconsent.com\/fr_fr\/#\/schema\/logo\/image\/"}}]}},"_links":{"self":[{"href":"https:\/\/fitconsent.com\/de_de\/wp-json\/wp\/v2\/pages\/864","targetHints":{"allow":["GET"]}}],"collection":[{"href":"https:\/\/fitconsent.com\/de_de\/wp-json\/wp\/v2\/pages"}],"about":[{"href":"https:\/\/fitconsent.com\/de_de\/wp-json\/wp\/v2\/types\/page"}],"author":[{"embeddable":true,"href":"https:\/\/fitconsent.com\/de_de\/wp-json\/wp\/v2\/users\/5"}],"replies":[{"embeddable":true,"href":"https:\/\/fitconsent.com\/de_de\/wp-json\/wp\/v2\/comments?post=864"}],"version-history":[{"count":2,"href":"https:\/\/fitconsent.com\/de_de\/wp-json\/wp\/v2\/pages\/864\/revisions"}],"predecessor-version":[{"id":2161,"href":"https:\/\/fitconsent.com\/de_de\/wp-json\/wp\/v2\/pages\/864\/revisions\/2161"}],"wp:attachment":[{"href":"https:\/\/fitconsent.com\/de_de\/wp-json\/wp\/v2\/media?parent=864"}],"curies":[{"name":"wp","href":"https:\/\/api.w.org\/{rel}","templated":true}]}}