{"id":2066,"date":"2025-10-21T18:03:52","date_gmt":"2025-10-21T18:03:52","guid":{"rendered":"https:\/\/fitconsent.com\/?page_id=2066"},"modified":"2025-10-21T18:03:54","modified_gmt":"2025-10-21T18:03:54","slug":"microsoft-uet-universal-event-tracking","status":"publish","type":"page","link":"https:\/\/fitconsent.com\/de_de\/microsoft-uet-universal-event-tracking\/","title":{"rendered":"Der Wesentliche Leitfaden zum Microsoft UET-Zustimmungsmodus und warum FitConsent CMP Entscheidend Ist"},"content":{"rendered":"\n<h3 class=\"wp-block-heading\">Microsoft UET-Zustimmungsmodus Verstehen<\/h3>\n\n\n\n<p>Das <strong>Microsoft Universal Event Tracking (UET)<\/strong> ist ein unverzichtbares Werkzeug f\u00fcr Werbetreibende, die Microsoft Advertising (ehemals Bing Ads) nutzen. Der UET-Tag hilft dabei, die Effektivit\u00e4t von Werbekampagnen zu messen, indem er Benutzeraktionen (Conversions) auf einer Website verfolgt, wie z.B. K\u00e4ufe, Anmeldungen oder Seitenaufrufe.<\/p>\n\n\n\n<figure class=\"wp-block-image aligncenter size-full\"><img loading=\"lazy\" decoding=\"async\" width=\"800\" height=\"387\" src=\"https:\/\/fitconsent.com\/wp-content\/uploads\/2025\/10\/15.png\" alt=\"Microsoft UET Consent Mode\" class=\"wp-image-2037\" srcset=\"https:\/\/fitconsent.com\/wp-content\/uploads\/2025\/10\/15.png 800w, https:\/\/fitconsent.com\/wp-content\/uploads\/2025\/10\/15-300x145.png 300w, https:\/\/fitconsent.com\/wp-content\/uploads\/2025\/10\/15-768x372.png 768w, https:\/\/fitconsent.com\/wp-content\/uploads\/2025\/10\/15-600x290.png 600w\" sizes=\"auto, (max-width: 800px) 100vw, 800px\" \/><\/figure>\n\n\n\n<p>Der <strong>Microsoft UET-Zustimmungsmodus (Consent Mode)<\/strong> ist der Mechanismus, der es UET erm\u00f6glicht, sein Tracking-Verhalten basierend auf den expliziten Zustimmungspr\u00e4ferenzen eines Benutzers anzupassen und so die Einhaltung sich entwickelnder globaler Datenschutzbestimmungen wie der <a href=\"https:\/\/fitconsent.com\/de_de\/die-datenschutz-grundverordnung-dsgvo-erklart\/\"><strong>DSGVO<\/strong> (GDPR)<\/a>, der <strong><a href=\"https:\/\/fitconsent.com\/de_de\/ccpa-cpra-verbraucher-und-datenschutz-in-kalifornien\/\">CCPA<\/a><\/strong> und des Digital Markets Act (DMA) der EU zu gew\u00e4hrleisten.<\/p>\n\n\n\n<p>Wenn ein Benutzer auf Ihrer Website landet, \u00fcberpr\u00fcft der Zustimmungsmodus den Zustimmungsstatus f\u00fcr <code>ad_storage<\/code>:<\/p>\n\n\n\n<ul class=\"wp-block-list\">\n<li><strong>Wenn die Zustimmung erteilt wird:<\/strong> Der UET-Tag wird normal ausgel\u00f6st, setzt und liest <em>Cookies<\/em>, um detaillierte Conversions zu verfolgen, <em>Remarketing<\/em>-Listen zu f\u00fcllen und Gebotsstrategien zu optimieren.<\/li>\n\n\n\n<li><strong>Wenn die Zustimmung verweigert wird:<\/strong> Der UET-Tag ist eingeschr\u00e4nkt. Er sendet entweder begrenzte, anonyme und nicht-personenbezogene Datensignale (bekannt als \u201ePings\u201c), ohne <em>Cookies<\/em> f\u00fcr Werbezwecke zu setzen oder zu lesen, oder er wird je nach Implementierungsmethode (einfach oder erweitert) vollst\u00e4ndig blockiert. Dies erm\u00f6glicht grundlegende aggregierte Berichte unter Wahrung der Datenschutzwahl des Benutzers.<\/li>\n<\/ul>\n\n\n\n<p>Die Implementierung des UET-Zustimmungsmodus ist nicht l\u00e4nger optional; sie ist <strong>obligatorisch<\/strong> f\u00fcr alle Werbetreibenden, die Benutzer im Europ\u00e4ischen Wirtschaftsraum (EWR), im Vereinigten K\u00f6nigreich und in der Schweiz ansprechen, um signifikanten Datenverlust, die Aussetzung des Conversion-Trackings und die Deaktivierung von <em>Remarketing<\/em>-Funktionen zu verhindern.<\/p>\n\n\n\n<hr class=\"wp-block-separator has-alpha-channel-opacity\"\/>\n\n\n\n<h3 class=\"wp-block-heading\">Die Entscheidende Rolle von FitConsent CMP bei der UET-Konformit\u00e4t<\/h3>\n\n\n\n<p>Die manuelle Implementierung des Microsoft UET-Zustimmungsmodus kann technisch komplex, fehleranf\u00e4llig und schwierig f\u00fcr eine fortlaufende Compliance-\u00dcberpr\u00fcfung sein. Hier wird eine robuste <strong><a href=\"https:\/\/fitconsent.com\/de_de\/user-consent-management-platform-cmp-2\/\">Consent Management Platform (CMP)<\/a><\/strong> unerl\u00e4sslich.<\/p>\n\n\n\n<p>Eine leistungsstarke <strong><a href=\"https:\/\/fitconsent.com\/de_de\/user-consent-management-platform-cmp-2\/\">CMP<\/a><\/strong> wie <strong><a href=\"https:\/\/fitconsent.com\/de_de\/verwaltung-der-benutzereinwilligung-cmp-fur-dsgvo-ccpa\/?lang=de_DE\">FitConsent<\/a><\/strong> bietet die nahtlose, automatisierte Integration, die zur Bew\u00e4ltigung der Feinheiten des UET-Zustimmungsmodus erforderlich ist. <strong><a href=\"https:\/\/fitconsent.com\/de_de\/verwaltung-der-benutzereinwilligung-cmp-fur-dsgvo-ccpa\/?lang=de_DE\">FitConsent<\/a> CMP<\/strong> stellt sicher, dass:<\/p>\n\n\n\n<ul class=\"wp-block-list\">\n<li><strong>G\u00fcltige Zustimmungserfassung:<\/strong> Sie zeigt ein konformes, anpassbares <em>Banner<\/em> an, um die Benutzerzustimmung f\u00fcr Werbung und Tracking pr\u00e4zise zu sammeln.<\/li>\n\n\n\n<li><strong>Echtzeit-Signal-Mapping:<\/strong> Sie \u00fcbersetzt die Benutzerauswahl automatisch in die korrekten <code>ad_storage<\/code>-Signale (<strong>erteilt<\/strong> oder <strong>verweigert<\/strong>) und kommuniziert sie sofort an den Microsoft UET-Tag, was die Kernfunktion des Zustimmungsmodus ist.<\/li>\n\n\n\n<li><strong>Regulatorische Abdeckung:<\/strong> Sie verwaltet die Zustimmung nicht nur f\u00fcr UET, sondern \u00fcber alle wichtigen Werbeplattformen hinweg und wird st\u00e4ndig aktualisiert, um sich weltweit an sich entwickelnde Vorschriften, von der <strong><a href=\"https:\/\/fitconsent.com\/de_de\/die-datenschutz-grundverordnung-dsgvo-erklart\/\">DSGVO<\/a><\/strong> bis zur <strong><a href=\"https:\/\/fitconsent.com\/de_de\/ccpa-cpra-verbraucher-und-datenschutz-in-kalifornien\/\">CCPA<\/a><\/strong>, anzupassen.<\/li>\n\n\n\n<li><strong>Audit-Trail:<\/strong> <strong><a href=\"https:\/\/fitconsent.com\/de_de\/verwaltung-der-benutzereinwilligung-cmp-fur-dsgvo-ccpa\/?lang=de_DE\">FitConsent<\/a> CMP<\/strong> f\u00fchrt eine rechtlich einwandfreie, mit Zeitstempel versehene Aufzeichnung jeder Zustimmungsentscheidung des Benutzers, die f\u00fcr den Nachweis der Compliance w\u00e4hrend einer Pr\u00fcfung entscheidend ist.<\/li>\n<\/ul>\n\n\n\n<h3 class=\"wp-block-heading\">Nahtlose Konformit\u00e4t f\u00fcr WordPress-Sites mit FitConsent<\/h3>\n\n\n\n<p>F\u00fcr Millionen von <strong>WordPress<\/strong>-Website-Besitzern muss die Compliance einfach und nicht st\u00f6rend sein. <strong><a href=\"https:\/\/fitconsent.com\/de_de\/verwaltung-der-benutzereinwilligung-cmp-fur-dsgvo-ccpa\/?lang=de_DE\">FitConsent<\/a><\/strong> bietet eine leistungsstarke und dennoch einfache <strong><a href=\"https:\/\/fitconsent.com\/de_de\/user-consent-management-platform-cmp-2\/\">Consent Management Platform (CMP)<\/a><\/strong>, die speziell als <strong><a href=\"https:\/\/wordpress.org\/plugins\/fitconsent-cmp\/#description\">WordPress-Plugin<\/a><\/strong> entwickelt wurde, um Ihnen bei der Einhaltung von Datenschutzbestimmungen wie der <strong><a href=\"https:\/\/fitconsent.com\/de_de\/die-datenschutz-grundverordnung-dsgvo-erklart\/\">DSGVO<\/a><\/strong> und der <strong><a href=\"https:\/\/fitconsent.com\/de_de\/ccpa-cpra-verbraucher-und-datenschutz-in-kalifornien\/\">CCPA<\/a><\/strong> zu helfen.<\/p>\n\n\n\n<p>Das <strong><a href=\"https:\/\/wordpress.org\/plugins\/fitconsent-cmp\/#description\">FitConsent WordPress-Plugin<\/a><\/strong> macht es unglaublich einfach, das notwendige Zustimmungs-<em>Banner<\/em> zu Ihrer Website hinzuzuf\u00fcgen. Am wichtigsten ist, dass es eine automatische, sofort einsatzbereite Kompatibilit\u00e4t mit der <strong>WP Consent API<\/strong> bietet, der standardisierten Methode, die von wichtigen Integrationen wie <strong>Google Site Kit<\/strong> verwendet wird.<\/p>\n\n\n\n<p>Durch die Verwendung dieses <em><a href=\"https:\/\/wordpress.org\/plugins\/fitconsent-cmp\/#description\">Plugins<\/a><\/em> k\u00f6nnen Sie die <strong>Zustimmungsmodus-Funktion von Google Site Kit<\/strong> aktivieren und sicher sein, dass die Zustimmungsentscheidungen Ihrer Benutzer respektiert werden, was eine konforme und effektive Analyse und Werbeverfolgung erm\u00f6glicht. Die Synergie zwischen <strong><a href=\"https:\/\/fitconsent.com\/de_de\/verwaltung-der-benutzereinwilligung-cmp-fur-dsgvo-ccpa\/?lang=de_DE\">FitConsent<\/a><\/strong>, der <strong>WP Consent API<\/strong> und dem UET-Zustimmungsmodus stellt sicher, dass Ihre Datenerfassung rechtlich einwandfrei ist, das Compliance-Risiko minimiert und gleichzeitig Ihr Marketing-ROI maximiert wird.<\/p>\n\n\n\n<p>Durch die Verwendung einer spezialisierten L\u00f6sung wie <strong><a href=\"https:\/\/fitconsent.com\/de_de\/verwaltung-der-benutzereinwilligung-cmp-fur-dsgvo-ccpa\/?lang=de_DE\">FitConsent<\/a><\/strong> gehen Sie \u00fcber die grundlegende Compliance hinaus. Sie erhalten einen Wettbewerbsvorteil, indem Sie den Datenverlust durch optimierte <em>Banner<\/em>-Leistung minimieren und gleichzeitig gew\u00e4hrleisten, dass Ihre Microsoft Advertising-Kampagnen sowohl effektiv als auch rechtlich konform sind.<\/p>\n","protected":false},"excerpt":{"rendered":"<p>Microsoft UET-Zustimmungsmodus Verstehen Das Microsoft Universal Event Tracking (UET) ist ein unverzichtbares Werkzeug f\u00fcr Werbetreibende, die Microsoft Advertising (ehemals Bing Ads) nutzen. Der UET-Tag hilft dabei, die Effektivit\u00e4t von Werbekampagnen zu messen, indem er Benutzeraktionen (Conversions) auf einer Website verfolgt, wie z.B. K\u00e4ufe, Anmeldungen oder Seitenaufrufe. Der Microsoft UET-Zustimmungsmodus (Consent Mode) ist der Mechanismus, der [&hellip;]<\/p>\n","protected":false},"author":5,"featured_media":0,"parent":0,"menu_order":0,"comment_status":"closed","ping_status":"closed","template":"","meta":{"_fitconsent_language":"de_DE","_fitconsent_translation_group":"2035","footnotes":""},"class_list":["post-2066","page","type-page","status-publish","hentry"],"yoast_head":"<!-- This site is optimized with the Yoast SEO plugin v27.2 - https:\/\/yoast.com\/product\/yoast-seo-wordpress\/ -->\n<title>Microsoft UET: Universal Event Tracking<\/title>\n<meta name=\"description\" content=\"Der Wesentliche Leitfaden zum Microsoft UET-Zustimmungsmodus und warum FitConsent CMP Entscheidend Ist\" \/>\n<meta name=\"robots\" content=\"index, follow, max-snippet:-1, max-image-preview:large, max-video-preview:-1\" \/>\n<link rel=\"canonical\" href=\"https:\/\/fitconsent.com\/de_de\/microsoft-uet-universal-event-tracking\/\" \/>\n<meta property=\"og:locale\" content=\"de_DE\" \/>\n<meta property=\"og:type\" content=\"article\" \/>\n<meta property=\"og:title\" content=\"Microsoft UET: Universal Event Tracking\" \/>\n<meta property=\"og:description\" content=\"Der Wesentliche Leitfaden zum Microsoft UET-Zustimmungsmodus und warum FitConsent CMP Entscheidend Ist\" \/>\n<meta property=\"og:url\" content=\"https:\/\/fitconsent.com\/de_de\/microsoft-uet-universal-event-tracking\/\" \/>\n<meta property=\"og:site_name\" content=\"FitConsent\" \/>\n<meta property=\"article:modified_time\" content=\"2025-10-21T18:03:54+00:00\" \/>\n<meta property=\"og:image\" content=\"https:\/\/fitconsent.com\/wp-content\/uploads\/2025\/10\/15.png\" \/>\n<meta name=\"twitter:card\" content=\"summary_large_image\" \/>\n<meta name=\"twitter:label1\" content=\"Gesch\u00e4tzte Lesezeit\" \/>\n\t<meta name=\"twitter:data1\" content=\"3\u00a0Minuten\" \/>\n<script type=\"application\/ld+json\" class=\"yoast-schema-graph\">{\"@context\":\"https:\/\/schema.org\",\"@graph\":[{\"@type\":\"WebPage\",\"@id\":\"https:\/\/fitconsent.com\/de_de\/microsoft-uet-universal-event-tracking\/\",\"url\":\"https:\/\/fitconsent.com\/de_de\/microsoft-uet-universal-event-tracking\/\",\"name\":\"Microsoft UET: Universal Event Tracking\",\"isPartOf\":{\"@id\":\"https:\/\/fitconsent.com\/fr_fr\/#website\"},\"primaryImageOfPage\":{\"@id\":\"https:\/\/fitconsent.com\/de_de\/microsoft-uet-universal-event-tracking\/#primaryimage\"},\"image\":{\"@id\":\"https:\/\/fitconsent.com\/de_de\/microsoft-uet-universal-event-tracking\/#primaryimage\"},\"thumbnailUrl\":\"https:\/\/fitconsent.com\/wp-content\/uploads\/2025\/10\/15.png\",\"datePublished\":\"2025-10-21T18:03:52+00:00\",\"dateModified\":\"2025-10-21T18:03:54+00:00\",\"description\":\"Der Wesentliche Leitfaden zum Microsoft UET-Zustimmungsmodus und warum FitConsent CMP Entscheidend Ist\",\"breadcrumb\":{\"@id\":\"https:\/\/fitconsent.com\/de_de\/microsoft-uet-universal-event-tracking\/#breadcrumb\"},\"inLanguage\":\"de\",\"potentialAction\":[{\"@type\":\"ReadAction\",\"target\":[\"https:\/\/fitconsent.com\/de_de\/microsoft-uet-universal-event-tracking\/\"]}]},{\"@type\":\"ImageObject\",\"inLanguage\":\"de\",\"@id\":\"https:\/\/fitconsent.com\/de_de\/microsoft-uet-universal-event-tracking\/#primaryimage\",\"url\":\"https:\/\/fitconsent.com\/wp-content\/uploads\/2025\/10\/15.png\",\"contentUrl\":\"https:\/\/fitconsent.com\/wp-content\/uploads\/2025\/10\/15.png\"},{\"@type\":\"BreadcrumbList\",\"@id\":\"https:\/\/fitconsent.com\/de_de\/microsoft-uet-universal-event-tracking\/#breadcrumb\",\"itemListElement\":[{\"@type\":\"ListItem\",\"position\":1,\"name\":\"Home\",\"item\":\"https:\/\/fitconsent.com\/\"},{\"@type\":\"ListItem\",\"position\":2,\"name\":\"Der Wesentliche Leitfaden zum Microsoft UET-Zustimmungsmodus und warum FitConsent CMP Entscheidend Ist\"}]},{\"@type\":\"WebSite\",\"@id\":\"https:\/\/fitconsent.com\/fr_fr\/#website\",\"url\":\"https:\/\/fitconsent.com\/fr_fr\/\",\"name\":\"FitConsent\",\"description\":\"By DIGITLOAD\",\"publisher\":{\"@id\":\"https:\/\/fitconsent.com\/fr_fr\/#organization\"},\"potentialAction\":[{\"@type\":\"SearchAction\",\"target\":{\"@type\":\"EntryPoint\",\"urlTemplate\":\"https:\/\/fitconsent.com\/fr_fr\/?s={search_term_string}\"},\"query-input\":{\"@type\":\"PropertyValueSpecification\",\"valueRequired\":true,\"valueName\":\"search_term_string\"}}],\"inLanguage\":\"de\"},{\"@type\":\"Organization\",\"@id\":\"https:\/\/fitconsent.com\/fr_fr\/#organization\",\"name\":\"DIGITLOAD\",\"url\":\"https:\/\/fitconsent.com\/fr_fr\/\",\"logo\":{\"@type\":\"ImageObject\",\"inLanguage\":\"de\",\"@id\":\"https:\/\/fitconsent.com\/fr_fr\/#\/schema\/logo\/image\/\",\"url\":\"https:\/\/fitconsent.com\/wp-content\/uploads\/2025\/08\/cropped-icon.png\",\"contentUrl\":\"https:\/\/fitconsent.com\/wp-content\/uploads\/2025\/08\/cropped-icon.png\",\"width\":512,\"height\":512,\"caption\":\"DIGITLOAD\"},\"image\":{\"@id\":\"https:\/\/fitconsent.com\/fr_fr\/#\/schema\/logo\/image\/\"}}]}<\/script>\n<!-- \/ Yoast SEO plugin. -->","yoast_head_json":{"title":"Microsoft UET: Universal Event Tracking","description":"Der Wesentliche Leitfaden zum Microsoft UET-Zustimmungsmodus und warum FitConsent CMP Entscheidend Ist","robots":{"index":"index","follow":"follow","max-snippet":"max-snippet:-1","max-image-preview":"max-image-preview:large","max-video-preview":"max-video-preview:-1"},"canonical":"https:\/\/fitconsent.com\/de_de\/microsoft-uet-universal-event-tracking\/","og_locale":"de_DE","og_type":"article","og_title":"Microsoft UET: Universal Event Tracking","og_description":"Der Wesentliche Leitfaden zum Microsoft UET-Zustimmungsmodus und warum FitConsent CMP Entscheidend Ist","og_url":"https:\/\/fitconsent.com\/de_de\/microsoft-uet-universal-event-tracking\/","og_site_name":"FitConsent","article_modified_time":"2025-10-21T18:03:54+00:00","og_image":[{"url":"https:\/\/fitconsent.com\/wp-content\/uploads\/2025\/10\/15.png","type":"","width":"","height":""}],"twitter_card":"summary_large_image","twitter_misc":{"Gesch\u00e4tzte Lesezeit":"3\u00a0Minuten"},"schema":{"@context":"https:\/\/schema.org","@graph":[{"@type":"WebPage","@id":"https:\/\/fitconsent.com\/de_de\/microsoft-uet-universal-event-tracking\/","url":"https:\/\/fitconsent.com\/de_de\/microsoft-uet-universal-event-tracking\/","name":"Microsoft UET: Universal Event Tracking","isPartOf":{"@id":"https:\/\/fitconsent.com\/fr_fr\/#website"},"primaryImageOfPage":{"@id":"https:\/\/fitconsent.com\/de_de\/microsoft-uet-universal-event-tracking\/#primaryimage"},"image":{"@id":"https:\/\/fitconsent.com\/de_de\/microsoft-uet-universal-event-tracking\/#primaryimage"},"thumbnailUrl":"https:\/\/fitconsent.com\/wp-content\/uploads\/2025\/10\/15.png","datePublished":"2025-10-21T18:03:52+00:00","dateModified":"2025-10-21T18:03:54+00:00","description":"Der Wesentliche Leitfaden zum Microsoft UET-Zustimmungsmodus und warum FitConsent CMP Entscheidend Ist","breadcrumb":{"@id":"https:\/\/fitconsent.com\/de_de\/microsoft-uet-universal-event-tracking\/#breadcrumb"},"inLanguage":"de","potentialAction":[{"@type":"ReadAction","target":["https:\/\/fitconsent.com\/de_de\/microsoft-uet-universal-event-tracking\/"]}]},{"@type":"ImageObject","inLanguage":"de","@id":"https:\/\/fitconsent.com\/de_de\/microsoft-uet-universal-event-tracking\/#primaryimage","url":"https:\/\/fitconsent.com\/wp-content\/uploads\/2025\/10\/15.png","contentUrl":"https:\/\/fitconsent.com\/wp-content\/uploads\/2025\/10\/15.png"},{"@type":"BreadcrumbList","@id":"https:\/\/fitconsent.com\/de_de\/microsoft-uet-universal-event-tracking\/#breadcrumb","itemListElement":[{"@type":"ListItem","position":1,"name":"Home","item":"https:\/\/fitconsent.com\/"},{"@type":"ListItem","position":2,"name":"Der Wesentliche Leitfaden zum Microsoft UET-Zustimmungsmodus und warum FitConsent CMP Entscheidend Ist"}]},{"@type":"WebSite","@id":"https:\/\/fitconsent.com\/fr_fr\/#website","url":"https:\/\/fitconsent.com\/fr_fr\/","name":"FitConsent","description":"By DIGITLOAD","publisher":{"@id":"https:\/\/fitconsent.com\/fr_fr\/#organization"},"potentialAction":[{"@type":"SearchAction","target":{"@type":"EntryPoint","urlTemplate":"https:\/\/fitconsent.com\/fr_fr\/?s={search_term_string}"},"query-input":{"@type":"PropertyValueSpecification","valueRequired":true,"valueName":"search_term_string"}}],"inLanguage":"de"},{"@type":"Organization","@id":"https:\/\/fitconsent.com\/fr_fr\/#organization","name":"DIGITLOAD","url":"https:\/\/fitconsent.com\/fr_fr\/","logo":{"@type":"ImageObject","inLanguage":"de","@id":"https:\/\/fitconsent.com\/fr_fr\/#\/schema\/logo\/image\/","url":"https:\/\/fitconsent.com\/wp-content\/uploads\/2025\/08\/cropped-icon.png","contentUrl":"https:\/\/fitconsent.com\/wp-content\/uploads\/2025\/08\/cropped-icon.png","width":512,"height":512,"caption":"DIGITLOAD"},"image":{"@id":"https:\/\/fitconsent.com\/fr_fr\/#\/schema\/logo\/image\/"}}]}},"_links":{"self":[{"href":"https:\/\/fitconsent.com\/de_de\/wp-json\/wp\/v2\/pages\/2066","targetHints":{"allow":["GET"]}}],"collection":[{"href":"https:\/\/fitconsent.com\/de_de\/wp-json\/wp\/v2\/pages"}],"about":[{"href":"https:\/\/fitconsent.com\/de_de\/wp-json\/wp\/v2\/types\/page"}],"author":[{"embeddable":true,"href":"https:\/\/fitconsent.com\/de_de\/wp-json\/wp\/v2\/users\/5"}],"replies":[{"embeddable":true,"href":"https:\/\/fitconsent.com\/de_de\/wp-json\/wp\/v2\/comments?post=2066"}],"version-history":[{"count":1,"href":"https:\/\/fitconsent.com\/de_de\/wp-json\/wp\/v2\/pages\/2066\/revisions"}],"predecessor-version":[{"id":2067,"href":"https:\/\/fitconsent.com\/de_de\/wp-json\/wp\/v2\/pages\/2066\/revisions\/2067"}],"wp:attachment":[{"href":"https:\/\/fitconsent.com\/de_de\/wp-json\/wp\/v2\/media?parent=2066"}],"curies":[{"name":"wp","href":"https:\/\/api.w.org\/{rel}","templated":true}]}}