{"id":1995,"date":"2025-10-18T21:47:52","date_gmt":"2025-10-18T21:47:52","guid":{"rendered":"https:\/\/fitconsent.com\/?page_id=1995"},"modified":"2025-12-19T14:57:10","modified_gmt":"2025-12-19T14:57:10","slug":"google-consent-mode-v2-erklart","status":"publish","type":"page","link":"https:\/\/fitconsent.com\/de_de\/google-consent-mode-v2-erklart\/","title":{"rendered":"Google Consent Mode V2 Erkl\u00e4rt: Anpassung von Analysen &amp; Werbung an die Benutzereinwilligung"},"content":{"rendered":"\n<p>Die digitale Werbe- und Analyselandschaft wurde durch Datenschutzvorschriften wie die <a href=\"https:\/\/fitconsent.com\/de_de\/die-datenschutz-grundverordnung-dsgvo-erklart\/\">DSGVO<\/a> und den <a href=\"https:\/\/fitconsent.com\/de_de\/ccpa-cpra-verbraucher-und-datenschutz-in-kalifornien\/\">CCPA<\/a> tiefgreifend umgestaltet. Als Reaktion darauf f\u00fchrte Google den <strong>Consent Mode<\/strong> ein, ein leistungsstarkes Tool, das Website-Betreibern hilft, das Verhalten ihrer Google-Tags (wie Google Analytics und Google Ads) basierend auf den Einwilligungseinstellungen der Benutzer anzupassen, einschlie\u00dflich der Implementierung des <a href=\"https:\/\/developers.google.com\/tag-platform\/security\/guides\/consent?consentmode=advanced\" target=\"_blank\" rel=\"noreferrer noopener\">Erweiterten Einwilligungsmodus<\/a>. Auf diese Weise wird die Datenerfassung beibehalten und gleichzeitig die Privatsph\u00e4re gewahrt. Das j\u00fcngste Update, Google Consent Mode V2, bietet noch robustere Funktionen und ist f\u00fcr alle, die Nutzer im Europ\u00e4ischen Wirtschaftsraum (EWR) ansprechen, unverzichtbar geworden.<\/p>\n\n\n\n<figure class=\"wp-block-image aligncenter size-full\"><img loading=\"lazy\" decoding=\"async\" width=\"800\" height=\"680\" src=\"https:\/\/fitconsent.com\/wp-content\/uploads\/2025\/10\/14.png\" alt=\"Google Consent Mode V2\" class=\"wp-image-1965\" srcset=\"https:\/\/fitconsent.com\/wp-content\/uploads\/2025\/10\/14.png 800w, https:\/\/fitconsent.com\/wp-content\/uploads\/2025\/10\/14-300x255.png 300w, https:\/\/fitconsent.com\/wp-content\/uploads\/2025\/10\/14-768x653.png 768w, https:\/\/fitconsent.com\/wp-content\/uploads\/2025\/10\/14-600x510.png 600w\" sizes=\"auto, (max-width: 800px) 100vw, 800px\" \/><\/figure>\n\n\n\n<h3 class=\"wp-block-heading\">Was ist der Google Consent Mode V2?<\/h3>\n\n\n\n<p>Der Google Consent Mode V2 ist ein Mechanismus, der es Ihnen erm\u00f6glicht, die Einwilligungseinstellungen der Benutzer bez\u00fcglich Cookies und App-Kennungen an Google zu \u00fcbermitteln. Wenn ein Benutzer Ihre Website besucht, werden seine Einwilligungseinstellungen (z. B. f\u00fcr Analyse-Cookies, Werbe-Cookies) von einer <a href=\"https:\/\/fitconsent.com\/de_de\/user-consent-management-platform-cmp-2\/\">Consent Management Platform (CMP)<\/a> erfasst. Der Google Consent Mode V2 nimmt diese Signale dann auf und passt dynamisch an, wie Ihre Google-Tags ausgel\u00f6st werden und Daten sammeln.<\/p>\n\n\n\n<p>Entscheidend ist, dass der Consent Mode V2, selbst wenn ein Benutzer die Einwilligung f\u00fcr Werbe- oder Analyse-Cookies ablehnt, nicht einfach alle Daten blockiert. Stattdessen sendet er cookielose Pings an Google, die <strong>aggregierte und anonymisierte Daten<\/strong> liefern. Dies erm\u00f6glicht es Google, maschinelles Lernen zu nutzen, um verlorene Conversions und Website-Verhaltensdaten zu <em>modellieren<\/em>. Dies hilft Ihnen, ein umfassenderes Verst\u00e4ndnis Ihrer Kampagnenleistung und Benutzerpfade zu erhalten, w\u00e4hrend gleichzeitig die Datenschutzentscheidungen respektiert werden.<\/p>\n\n\n\n<h4 class=\"wp-block-heading\">Wichtige Einwilligungsparameter in V2:<\/h4>\n\n\n\n<p>Der Google Consent Mode V2 f\u00fchrte zus\u00e4tzlich zu den bestehenden zwei neue Parameter ein:<\/p>\n\n\n\n<ul class=\"wp-block-list\">\n<li><strong><code>ad_storage<\/code><\/strong>: Steuert die Einwilligung f\u00fcr werbebezogene Cookies (z. B. f\u00fcr Remarketing).<\/li>\n\n\n\n<li><strong><code>analytics_storage<\/code><\/strong>: Steuert die Einwilligung f\u00fcr analysebezogene Cookies (z. B. f\u00fcr Google Analytics).<\/li>\n\n\n\n<li><strong><code>ad_user_data<\/code> (NEU)<\/strong>: Steuert die Einwilligung zur \u00dcbermittlung von Benutzerdaten an Google f\u00fcr Werbezwecke.<\/li>\n\n\n\n<li><strong><code>ad_personalization<\/code> (NEU)<\/strong>: Steuert die Einwilligung f\u00fcr personalisierte Werbung (z. B. Remarketing).<\/li>\n<\/ul>\n\n\n\n<p>Die korrekte Implementierung dieser Parameter ist von entscheidender Bedeutung, insbesondere f\u00fcr Unternehmen, die im EWR t\u00e4tig sind, wo sie de facto zu einer Voraussetzung f\u00fcr die effektive Nutzung der Werbe- und Analysedienste von Google wird.<\/p>\n\n\n\n<h3 class=\"wp-block-heading\">Warum ist der Google Consent Mode V2 Wichtig?<\/h3>\n\n\n\n<ol start=\"1\" class=\"wp-block-list\">\n<li><strong>Compliance:<\/strong> Er ist ein kritisches Tool zur Einhaltung strenger Datenschutzvorschriften wie der <a href=\"https:\/\/fitconsent.com\/de_de\/die-datenschutz-grundverordnung-dsgvo-erklart\/\">DSGVO<\/a> und der ePrivacy-Richtlinie im EWR und wird zunehmend relevanter f\u00fcr andere Datenschutzrahmen weltweit.<\/li>\n\n\n\n<li><strong>Datenkontinuit\u00e4t:<\/strong> Er erm\u00f6glicht es Ihnen, einige der Datensignale wiederherzustellen, die andernfalls aufgrund von Benutzerablehnungen verloren gingen, und bietet so genauere Berichte und Optimierungen f\u00fcr Ihre Google Ads-Kampagnen und Google Analytics-Daten.<\/li>\n\n\n\n<li><strong>Verbessertes Benutzervertrauen:<\/strong> Indem Sie die Benutzerentscheidungen sichtbar und funktional respektieren, bauen Sie Vertrauen bei Ihrem Publikum auf, was in einer datenschutzbewussten Welt immer wertvoller wird.<\/li>\n\n\n\n<li><strong>Zukunftssicherheit:<\/strong> Da sich Datenschutzvorschriften weiterentwickeln, positioniert der Consent Mode V2 Unternehmen so, dass sie sich leichter anpassen k\u00f6nnen und sich auf eine datenschutzorientierte Messzukunft zubewegen.<\/li>\n<\/ol>\n\n\n\n<h3 class=\"wp-block-heading\">Die Entscheidende Rolle von FitConsent CMP bei der Verwaltung des Google Consent Mode V2<\/h3>\n\n\n\n<p>Die korrekte Implementierung des Google Consent Mode V2 erfordert eine robuste und zuverl\u00e4ssige <strong>Consent Management Platform (CMP)<\/strong>. Hier wird <a href=\"https:\/\/fitconsent.com\/de_de\/verwaltung-der-benutzereinwilligung-cmp-fur-dsgvo-ccpa\/?lang=de_DE\">FitConsent<\/a> CMP unverzichtbar, da es sowohl leistungsstarke Funktionen als auch eine bemerkenswerte Benutzerfreundlichkeit f\u00fcr alle Websites bietet, mit besonderen Vorteilen f\u00fcr WordPress-Benutzer.<\/p>\n\n\n\n<h4 class=\"wp-block-heading\">F\u00fcr alle Websites: Nahtlose Integration und umfassende Kontrolle<\/h4>\n\n\n\n<p><a href=\"https:\/\/fitconsent.com\/de_de\/verwaltung-der-benutzereinwilligung-cmp-fur-dsgvo-ccpa\/?lang=de_DE\">FitConsent<\/a> CMP wurde f\u00fcr eine nahtlose Integration mit dem Google Consent Mode V2 entwickelt. So gew\u00e4hrleistet es eine effektive Implementierung:<\/p>\n\n\n\n<ul class=\"wp-block-list\">\n<li><strong>Genaue Erfassung der Einwilligung:<\/strong> Der Banner von <a href=\"https:\/\/fitconsent.com\/de_de\/verwaltung-der-benutzereinwilligung-cmp-fur-dsgvo-ccpa\/?lang=de_DE\">FitConsent<\/a> erfasst die granulare Einwilligung der Benutzer und stellt sicher, dass alle erforderlichen Rechtsgrundlagen (<code>ad_storage<\/code>, <code>analytics_storage<\/code>, <code>ad_user_data<\/code>, <code>ad_personalization<\/code> der <a href=\"https:\/\/fitconsent.com\/de_de\/die-datenschutz-grundverordnung-dsgvo-erklart\/\">DSGVO<\/a> usw.) ordnungsgem\u00e4\u00df erfasst werden.<\/li>\n\n\n\n<li><strong>Automatische Signal\u00fcbertragung:<\/strong> <a href=\"https:\/\/fitconsent.com\/de_de\/verwaltung-der-benutzereinwilligung-cmp-fur-dsgvo-ccpa\/?lang=de_DE\">FitConsent<\/a> \u00fcbersetzt die Benutzerentscheidungen automatisch in die vom Google Consent Mode V2 ben\u00f6tigten spezifischen Einwilligungssignale und sendet sie an Ihre Google-Tags, <em>bevor<\/em> Daten gesammelt werden. Dies stellt sicher, dass die Google-Tags ihr Verhalten sofort und angemessen anpassen.<\/li>\n\n\n\n<li><strong>Benutzerfreundliche Oberfl\u00e4che:<\/strong> Selbst bei den technischen Komplexit\u00e4ten des Consent Mode V2 bietet <a href=\"https:\/\/fitconsent.com\/de_de\/verwaltung-der-benutzereinwilligung-cmp-fur-dsgvo-ccpa\/?lang=de_DE\">FitConsent<\/a> eine intuitive Oberfl\u00e4che zur Verwaltung von Einwilligungskategorien und zur Sicherstellung der Compliance Ihrer Website.<\/li>\n\n\n\n<li><strong>Audit-Trail und Rechenschaftspflicht:<\/strong> <a href=\"https:\/\/fitconsent.com\/de_de\/verwaltung-der-benutzereinwilligung-cmp-fur-dsgvo-ccpa\/?lang=de_DE\">FitConsent<\/a> f\u00fchrt eine umfassende Aufzeichnung aller Benutzer-Einwilligungsentscheidungen und liefert so den wesentlichen Audit-Trail, der von Datenschutzvorschriften zur Nachweisf\u00fchrung der Compliance gefordert wird.<\/li>\n<\/ul>\n\n\n\n<h4 class=\"wp-block-heading\">F\u00fcr WordPress-Websites: Leistungsstarke und dennoch einfache Kompatibilit\u00e4t<\/h4>\n\n\n\n<p>F\u00fcr das riesige \u00d6kosystem der WordPress-Websites bietet <a href=\"https:\/\/fitconsent.com\/de_de\/verwaltung-der-benutzereinwilligung-cmp-fur-dsgvo-ccpa\/?lang=de_DE\">FitConsent<\/a> eine einzigartige, leistungsstarke und einfache L\u00f6sung:<\/p>\n\n\n\n<ul class=\"wp-block-list\">\n<li><strong>Dediziertes WordPress-Plugin:<\/strong> <a href=\"https:\/\/fitconsent.com\/de_de\/verwaltung-der-benutzereinwilligung-cmp-fur-dsgvo-ccpa\/?lang=de_DE\">FitConsent<\/a> bietet ein dediziertes <a href=\"https:\/\/wordpress.org\/plugins\/fitconsent-cmp\/#description\">WordPress-Plugin<\/a>, das das Hinzuf\u00fcgen des FitConsent-Banners zu Ihrer WordPress-Website unglaublich einfach macht. Es ist keine Codierung erforderlich; das Plugin \u00fcbernimmt die technische Integration.<\/li>\n\n\n\n<li><strong>Automatische, Out-of-the-Box WP Consent API-Kompatibilit\u00e4t:<\/strong> Dies ist ein wichtiges Unterscheidungsmerkmal. <a href=\"https:\/\/fitconsent.com\/de_de\/verwaltung-der-benutzereinwilligung-cmp-fur-dsgvo-ccpa\/?lang=de_DE\">FitConsent<\/a> ist mit einer automatischen, Out-of-the-Box-Kompatibilit\u00e4t mit der <strong>WP Consent API<\/strong> ausgestattet. Die WP Consent API ist ein standardisiertes Framework innerhalb von WordPress, das es verschiedenen Plugins (z. B. Analyse-, Werbe- oder <a href=\"https:\/\/fitconsent.com\/de_de\/user-consent-management-platform-cmp-2\/\">CMPs<\/a>) erm\u00f6glicht, Einwilligungsstatus einheitlich zu kommunizieren.<\/li>\n\n\n\n<li><strong>Nahtlose Integration mit Google Site Kit:<\/strong> Entscheidend ist, dass die <strong>WP Consent API der Standard ist, der von Google Site Kit verwendet wird<\/strong>. Das bedeutet, dass <a href=\"https:\/\/fitconsent.com\/de_de\/verwaltung-der-benutzereinwilligung-cmp-fur-dsgvo-ccpa\/?lang=de_DE\">FitConsent<\/a> auf Ihrer WordPress-Website direkt und zuverl\u00e4ssig mit Google Site Kit \u00fcber die WP Consent API kommuniziert. Diese Integration stellt sicher, dass Google Site Kit die Einwilligungseinstellungen des Benutzers genau empf\u00e4ngt und respektiert, wodurch der Google Consent Mode V2 ohne komplexe manuelle Konfigurationen effektiv aktiviert wird. Diese Integration ist f\u00fcr Website-Betreiber von entscheidender Bedeutung, die sich auf Google Site Kit f\u00fcr die vereinfachte Verwaltung von Google Analytics, Google Ads und anderen Google-Diensten verlassen.<\/li>\n<\/ul>\n\n\n\n<p><strong>Im Wesentlichen eliminiert <a href=\"https:\/\/fitconsent.com\/de_de\/verwaltung-der-benutzereinwilligung-cmp-fur-dsgvo-ccpa\/?lang=de_DE\">FitConsent<\/a> f\u00fcr WordPress-Benutzer das R\u00e4tselraten und die technischen H\u00fcrden bei der Implementierung des Google Consent Mode V2.<\/strong> Es bietet eine robuste, konforme und einfach zu verwaltende L\u00f6sung, die harmonisch mit anderen wichtigen WordPress- und Google-Tools zusammenarbeitet und sicherstellt, dass Sie konform bleiben, w\u00e4hrend Sie Ihre Datenerkenntnisse maximieren.<\/p>\n\n\n\n<p><strong>Fazit:<\/strong><\/p>\n\n\n\n<p>Der Google Consent Mode V2 ist ein unverzichtbares Tool f\u00fcr Unternehmen, die im heutigen digitalen Umfeld Datenschutz-Compliance und effektive Datenmessung anstreben. Die Partnerschaft mit einer umfassenden <a href=\"https:\/\/fitconsent.com\/de_de\/user-consent-management-platform-cmp-2\/\">CMP<\/a> wie <a href=\"https:\/\/fitconsent.com\/de_de\/verwaltung-der-benutzereinwilligung-cmp-fur-dsgvo-ccpa\/?lang=de_DE\">FitConsent<\/a> schl\u00e4gt die entscheidende Br\u00fccke zwischen der Benutzereinwilligung und den leistungsstarken Messfunktionen von Google. F\u00fcr WordPress-Benutzer macht die tiefe Integration von <a href=\"https:\/\/fitconsent.com\/de_de\/verwaltung-der-benutzereinwilligung-cmp-fur-dsgvo-ccpa\/?lang=de_DE\">FitConsent<\/a> mit der WP Consent API und Google Site Kit sie zur idealen L\u00f6sung f\u00fcr eine problemlose, konforme Datenerfassung.<\/p>\n","protected":false},"excerpt":{"rendered":"<p>Die digitale Werbe- und Analyselandschaft wurde durch Datenschutzvorschriften wie die DSGVO und den CCPA tiefgreifend umgestaltet. Als Reaktion darauf f\u00fchrte Google den Consent Mode ein, ein leistungsstarkes Tool, das Website-Betreibern hilft, das Verhalten ihrer Google-Tags (wie Google Analytics und Google Ads) basierend auf den Einwilligungseinstellungen der Benutzer anzupassen, einschlie\u00dflich der Implementierung des Erweiterten Einwilligungsmodus. Auf [&hellip;]<\/p>\n","protected":false},"author":5,"featured_media":0,"parent":0,"menu_order":0,"comment_status":"closed","ping_status":"closed","template":"","meta":{"_fitconsent_language":"de_DE","_fitconsent_translation_group":"1964","footnotes":""},"class_list":["post-1995","page","type-page","status-publish","hentry"],"yoast_head":"<!-- This site is optimized with the Yoast SEO plugin v27.2 - https:\/\/yoast.com\/product\/yoast-seo-wordpress\/ -->\n<title>Google Consent Mode V2 Erkl\u00e4rt<\/title>\n<meta name=\"description\" content=\"Google Consent Mode V2 Erkl\u00e4rt: Anpassung von Analysen &amp; Werbung an die Benutzereinwilligung\" \/>\n<meta name=\"robots\" content=\"index, follow, max-snippet:-1, max-image-preview:large, max-video-preview:-1\" \/>\n<link rel=\"canonical\" href=\"https:\/\/fitconsent.com\/de_de\/google-consent-mode-v2-erklart\/\" \/>\n<meta property=\"og:locale\" content=\"de_DE\" \/>\n<meta property=\"og:type\" content=\"article\" \/>\n<meta property=\"og:title\" content=\"Google Consent Mode V2 Erkl\u00e4rt\" \/>\n<meta property=\"og:description\" content=\"Google Consent Mode V2 Erkl\u00e4rt: Anpassung von Analysen &amp; Werbung an die Benutzereinwilligung\" \/>\n<meta property=\"og:url\" content=\"https:\/\/fitconsent.com\/de_de\/google-consent-mode-v2-erklart\/\" \/>\n<meta property=\"og:site_name\" content=\"FitConsent\" \/>\n<meta property=\"article:modified_time\" content=\"2025-12-19T14:57:10+00:00\" \/>\n<meta property=\"og:image\" content=\"https:\/\/fitconsent.com\/wp-content\/uploads\/2025\/10\/14.png\" \/>\n\t<meta property=\"og:image:width\" content=\"800\" \/>\n\t<meta property=\"og:image:height\" content=\"680\" \/>\n\t<meta property=\"og:image:type\" content=\"image\/png\" \/>\n<meta name=\"twitter:card\" content=\"summary_large_image\" \/>\n<meta name=\"twitter:label1\" content=\"Gesch\u00e4tzte Lesezeit\" \/>\n\t<meta name=\"twitter:data1\" content=\"5\u00a0Minuten\" \/>\n<script type=\"application\/ld+json\" class=\"yoast-schema-graph\">{\"@context\":\"https:\/\/schema.org\",\"@graph\":[{\"@type\":\"WebPage\",\"@id\":\"https:\/\/fitconsent.com\/de_de\/google-consent-mode-v2-erklart\/\",\"url\":\"https:\/\/fitconsent.com\/de_de\/google-consent-mode-v2-erklart\/\",\"name\":\"Google Consent Mode V2 Erkl\u00e4rt\",\"isPartOf\":{\"@id\":\"https:\/\/fitconsent.com\/fr_fr\/#website\"},\"primaryImageOfPage\":{\"@id\":\"https:\/\/fitconsent.com\/de_de\/google-consent-mode-v2-erklart\/#primaryimage\"},\"image\":{\"@id\":\"https:\/\/fitconsent.com\/de_de\/google-consent-mode-v2-erklart\/#primaryimage\"},\"thumbnailUrl\":\"https:\/\/fitconsent.com\/wp-content\/uploads\/2025\/10\/14.png\",\"datePublished\":\"2025-10-18T21:47:52+00:00\",\"dateModified\":\"2025-12-19T14:57:10+00:00\",\"description\":\"Google Consent Mode V2 Erkl\u00e4rt: Anpassung von Analysen & Werbung an die Benutzereinwilligung\",\"breadcrumb\":{\"@id\":\"https:\/\/fitconsent.com\/de_de\/google-consent-mode-v2-erklart\/#breadcrumb\"},\"inLanguage\":\"de\",\"potentialAction\":[{\"@type\":\"ReadAction\",\"target\":[\"https:\/\/fitconsent.com\/de_de\/google-consent-mode-v2-erklart\/\"]}]},{\"@type\":\"ImageObject\",\"inLanguage\":\"de\",\"@id\":\"https:\/\/fitconsent.com\/de_de\/google-consent-mode-v2-erklart\/#primaryimage\",\"url\":\"https:\/\/fitconsent.com\/wp-content\/uploads\/2025\/10\/14.png\",\"contentUrl\":\"https:\/\/fitconsent.com\/wp-content\/uploads\/2025\/10\/14.png\"},{\"@type\":\"BreadcrumbList\",\"@id\":\"https:\/\/fitconsent.com\/de_de\/google-consent-mode-v2-erklart\/#breadcrumb\",\"itemListElement\":[{\"@type\":\"ListItem\",\"position\":1,\"name\":\"Home\",\"item\":\"https:\/\/fitconsent.com\/\"},{\"@type\":\"ListItem\",\"position\":2,\"name\":\"Google Consent Mode V2 Erkl\u00e4rt: Anpassung von Analysen &amp; Werbung an die Benutzereinwilligung\"}]},{\"@type\":\"WebSite\",\"@id\":\"https:\/\/fitconsent.com\/fr_fr\/#website\",\"url\":\"https:\/\/fitconsent.com\/fr_fr\/\",\"name\":\"FitConsent\",\"description\":\"By DIGITLOAD\",\"publisher\":{\"@id\":\"https:\/\/fitconsent.com\/fr_fr\/#organization\"},\"potentialAction\":[{\"@type\":\"SearchAction\",\"target\":{\"@type\":\"EntryPoint\",\"urlTemplate\":\"https:\/\/fitconsent.com\/fr_fr\/?s={search_term_string}\"},\"query-input\":{\"@type\":\"PropertyValueSpecification\",\"valueRequired\":true,\"valueName\":\"search_term_string\"}}],\"inLanguage\":\"de\"},{\"@type\":\"Organization\",\"@id\":\"https:\/\/fitconsent.com\/fr_fr\/#organization\",\"name\":\"DIGITLOAD\",\"url\":\"https:\/\/fitconsent.com\/fr_fr\/\",\"logo\":{\"@type\":\"ImageObject\",\"inLanguage\":\"de\",\"@id\":\"https:\/\/fitconsent.com\/fr_fr\/#\/schema\/logo\/image\/\",\"url\":\"https:\/\/fitconsent.com\/wp-content\/uploads\/2025\/08\/cropped-icon.png\",\"contentUrl\":\"https:\/\/fitconsent.com\/wp-content\/uploads\/2025\/08\/cropped-icon.png\",\"width\":512,\"height\":512,\"caption\":\"DIGITLOAD\"},\"image\":{\"@id\":\"https:\/\/fitconsent.com\/fr_fr\/#\/schema\/logo\/image\/\"}}]}<\/script>\n<!-- \/ Yoast SEO plugin. -->","yoast_head_json":{"title":"Google Consent Mode V2 Erkl\u00e4rt","description":"Google Consent Mode V2 Erkl\u00e4rt: Anpassung von Analysen & Werbung an die Benutzereinwilligung","robots":{"index":"index","follow":"follow","max-snippet":"max-snippet:-1","max-image-preview":"max-image-preview:large","max-video-preview":"max-video-preview:-1"},"canonical":"https:\/\/fitconsent.com\/de_de\/google-consent-mode-v2-erklart\/","og_locale":"de_DE","og_type":"article","og_title":"Google Consent Mode V2 Erkl\u00e4rt","og_description":"Google Consent Mode V2 Erkl\u00e4rt: Anpassung von Analysen & Werbung an die Benutzereinwilligung","og_url":"https:\/\/fitconsent.com\/de_de\/google-consent-mode-v2-erklart\/","og_site_name":"FitConsent","article_modified_time":"2025-12-19T14:57:10+00:00","og_image":[{"width":800,"height":680,"url":"https:\/\/fitconsent.com\/wp-content\/uploads\/2025\/10\/14.png","type":"image\/png"}],"twitter_card":"summary_large_image","twitter_misc":{"Gesch\u00e4tzte Lesezeit":"5\u00a0Minuten"},"schema":{"@context":"https:\/\/schema.org","@graph":[{"@type":"WebPage","@id":"https:\/\/fitconsent.com\/de_de\/google-consent-mode-v2-erklart\/","url":"https:\/\/fitconsent.com\/de_de\/google-consent-mode-v2-erklart\/","name":"Google Consent Mode V2 Erkl\u00e4rt","isPartOf":{"@id":"https:\/\/fitconsent.com\/fr_fr\/#website"},"primaryImageOfPage":{"@id":"https:\/\/fitconsent.com\/de_de\/google-consent-mode-v2-erklart\/#primaryimage"},"image":{"@id":"https:\/\/fitconsent.com\/de_de\/google-consent-mode-v2-erklart\/#primaryimage"},"thumbnailUrl":"https:\/\/fitconsent.com\/wp-content\/uploads\/2025\/10\/14.png","datePublished":"2025-10-18T21:47:52+00:00","dateModified":"2025-12-19T14:57:10+00:00","description":"Google Consent Mode V2 Erkl\u00e4rt: Anpassung von Analysen & Werbung an die Benutzereinwilligung","breadcrumb":{"@id":"https:\/\/fitconsent.com\/de_de\/google-consent-mode-v2-erklart\/#breadcrumb"},"inLanguage":"de","potentialAction":[{"@type":"ReadAction","target":["https:\/\/fitconsent.com\/de_de\/google-consent-mode-v2-erklart\/"]}]},{"@type":"ImageObject","inLanguage":"de","@id":"https:\/\/fitconsent.com\/de_de\/google-consent-mode-v2-erklart\/#primaryimage","url":"https:\/\/fitconsent.com\/wp-content\/uploads\/2025\/10\/14.png","contentUrl":"https:\/\/fitconsent.com\/wp-content\/uploads\/2025\/10\/14.png"},{"@type":"BreadcrumbList","@id":"https:\/\/fitconsent.com\/de_de\/google-consent-mode-v2-erklart\/#breadcrumb","itemListElement":[{"@type":"ListItem","position":1,"name":"Home","item":"https:\/\/fitconsent.com\/"},{"@type":"ListItem","position":2,"name":"Google Consent Mode V2 Erkl\u00e4rt: Anpassung von Analysen &amp; Werbung an die Benutzereinwilligung"}]},{"@type":"WebSite","@id":"https:\/\/fitconsent.com\/fr_fr\/#website","url":"https:\/\/fitconsent.com\/fr_fr\/","name":"FitConsent","description":"By DIGITLOAD","publisher":{"@id":"https:\/\/fitconsent.com\/fr_fr\/#organization"},"potentialAction":[{"@type":"SearchAction","target":{"@type":"EntryPoint","urlTemplate":"https:\/\/fitconsent.com\/fr_fr\/?s={search_term_string}"},"query-input":{"@type":"PropertyValueSpecification","valueRequired":true,"valueName":"search_term_string"}}],"inLanguage":"de"},{"@type":"Organization","@id":"https:\/\/fitconsent.com\/fr_fr\/#organization","name":"DIGITLOAD","url":"https:\/\/fitconsent.com\/fr_fr\/","logo":{"@type":"ImageObject","inLanguage":"de","@id":"https:\/\/fitconsent.com\/fr_fr\/#\/schema\/logo\/image\/","url":"https:\/\/fitconsent.com\/wp-content\/uploads\/2025\/08\/cropped-icon.png","contentUrl":"https:\/\/fitconsent.com\/wp-content\/uploads\/2025\/08\/cropped-icon.png","width":512,"height":512,"caption":"DIGITLOAD"},"image":{"@id":"https:\/\/fitconsent.com\/fr_fr\/#\/schema\/logo\/image\/"}}]}},"_links":{"self":[{"href":"https:\/\/fitconsent.com\/de_de\/wp-json\/wp\/v2\/pages\/1995","targetHints":{"allow":["GET"]}}],"collection":[{"href":"https:\/\/fitconsent.com\/de_de\/wp-json\/wp\/v2\/pages"}],"about":[{"href":"https:\/\/fitconsent.com\/de_de\/wp-json\/wp\/v2\/types\/page"}],"author":[{"embeddable":true,"href":"https:\/\/fitconsent.com\/de_de\/wp-json\/wp\/v2\/users\/5"}],"replies":[{"embeddable":true,"href":"https:\/\/fitconsent.com\/de_de\/wp-json\/wp\/v2\/comments?post=1995"}],"version-history":[{"count":4,"href":"https:\/\/fitconsent.com\/de_de\/wp-json\/wp\/v2\/pages\/1995\/revisions"}],"predecessor-version":[{"id":2519,"href":"https:\/\/fitconsent.com\/de_de\/wp-json\/wp\/v2\/pages\/1995\/revisions\/2519"}],"wp:attachment":[{"href":"https:\/\/fitconsent.com\/de_de\/wp-json\/wp\/v2\/media?parent=1995"}],"curies":[{"name":"wp","href":"https:\/\/api.w.org\/{rel}","templated":true}]}}