{"id":1943,"date":"2025-10-18T18:10:58","date_gmt":"2025-10-18T18:10:58","guid":{"rendered":"https:\/\/fitconsent.com\/?page_id=1943"},"modified":"2025-10-21T18:09:41","modified_gmt":"2025-10-21T18:09:41","slug":"ccpa-cpra-verbraucher-und-datenschutz-in-kalifornien","status":"publish","type":"page","link":"https:\/\/fitconsent.com\/de_de\/ccpa-cpra-verbraucher-und-datenschutz-in-kalifornien\/","title":{"rendered":"Das CCPA\/CPRA Erkl\u00e4rt: Kalifornischen Verbrauchern mehr Rechte im Bereich des Datenschutzes geben"},"content":{"rendered":"\n<p>Der <strong>California Consumer Privacy Act (CCPA)<\/strong>, der am 1. Januar 2020 in Kraft trat und durch den <strong>California Privacy Rights Act (CPRA)<\/strong> im Jahr 2023 erheblich erweitert wurde, ist eines der umfassendsten Datenschutzgesetze auf US-Bundesstaatsebene. W\u00e4hrend sich die <a href=\"https:\/\/fitconsent.com\/de_de\/die-datenschutz-grundverordnung-dsgvo-erklart\/\">DSGVO<\/a> auf europ\u00e4ische Einwohner konzentriert, erm\u00e4chtigt der CCPA\/CPRA kalifornische Verbraucher, indem er ihnen umfassende Rechte \u00fcber ihre pers\u00f6nlichen Informationen gew\u00e4hrt und Unternehmen, die diese sammeln und verarbeiten, strenge Pflichten auferlegt.<\/p>\n\n\n\n<figure class=\"wp-block-image aligncenter size-full\"><img loading=\"lazy\" decoding=\"async\" width=\"800\" height=\"710\" src=\"https:\/\/fitconsent.com\/wp-content\/uploads\/2025\/10\/13.png\" alt=\"California Consumer Privacy Act CCPA, California Privacy Rights Act CPRA\" class=\"wp-image-1922\" srcset=\"https:\/\/fitconsent.com\/wp-content\/uploads\/2025\/10\/13.png 800w, https:\/\/fitconsent.com\/wp-content\/uploads\/2025\/10\/13-300x266.png 300w, https:\/\/fitconsent.com\/wp-content\/uploads\/2025\/10\/13-768x682.png 768w, https:\/\/fitconsent.com\/wp-content\/uploads\/2025\/10\/13-600x533.png 600w\" sizes=\"auto, (max-width: 800px) 100vw, 800px\" \/><\/figure>\n\n\n\n<h3 class=\"wp-block-heading\">Was ist das CCPA\/CPRA?<\/h3>\n\n\n\n<p>Das CCPA (und sein Nachfolger, das CPRA) ist ein wegweisendes Datenschutzgesetz, das kalifornischen Einwohnern (Verbrauchern) neue Rechte bez\u00fcglich ihrer pers\u00f6nlichen Informationen einr\u00e4umt. Im Gegensatz zur <a href=\"https:\/\/fitconsent.com\/de_de\/die-datenschutz-grundverordnung-dsgvo-erklart\/\">DSGVO<\/a>, die sich auf die Rechtsgrundlage f\u00fcr die Verarbeitung konzentriert, geht es beim CCPA\/CPRA mehr um die Kontrolle des Verbrauchers und die Transparenz dar\u00fcber, wie Unternehmen seine Daten <em>handhaben<\/em>.<\/p>\n\n\n\n<p>Es gilt im Allgemeinen f\u00fcr gewinnorientierte Unternehmen, die pers\u00f6nliche Informationen von kalifornischen Einwohnern sammeln und eine oder mehrere der folgenden Schwellenwerte erf\u00fcllen:<\/p>\n\n\n\n<ul class=\"wp-block-list\">\n<li>Hat j\u00e4hrliche Bruttoeinnahmen von \u00fcber 25 Millionen US-Dollar.<\/li>\n\n\n\n<li>Kauft, empf\u00e4ngt oder verkauft pers\u00f6nliche Informationen von 100.000 oder mehr kalifornischen Verbrauchern oder Haushalten.<\/li>\n\n\n\n<li>Erzielt 50 % oder mehr seiner j\u00e4hrlichen Einnahmen aus dem Verkauf oder der Weitergabe von pers\u00f6nlichen Informationen kalifornischer Verbraucher.<\/li>\n<\/ul>\n\n\n\n<p>\u201ePers\u00f6nliche Informationen\u201c im Rahmen des CCPA\/CPRA ist weit gefasst und umfasst alles, was eine Person identifiziert, sich auf sie bezieht, sie beschreibt, vern\u00fcnftigerweise mit ihr in Verbindung gebracht werden kann oder vern\u00fcnftigerweise direkt oder indirekt mit einem bestimmten Verbraucher oder Haushalt verkn\u00fcpft werden k\u00f6nnte.<\/p>\n\n\n\n<h3 class=\"wp-block-heading\">Wichtige Verbraucherrechte nach CCPA\/CPRA<\/h3>\n\n\n\n<p>Das CCPA\/CPRA gew\u00e4hrt kalifornischen Verbrauchern mehrere m\u00e4chtige Rechte:<\/p>\n\n\n\n<ol start=\"1\" class=\"wp-block-list\">\n<li><strong>Recht auf Auskunft:<\/strong> Verbraucher haben das Recht, von einem Unternehmen die Offenlegung der Kategorien und spezifischen Teile der gesammelten pers\u00f6nlichen Informationen zu verlangen, die Kategorien der Quellen, aus denen die pers\u00f6nlichen Informationen gesammelt werden, die Zwecke der Sammlung oder des Verkaufs pers\u00f6nlicher Informationen und die Kategorien von Drittparteien, mit denen das Unternehmen pers\u00f6nliche Informationen teilt.<\/li>\n\n\n\n<li><strong>Recht auf L\u00f6schung:<\/strong> Verbraucher haben das Recht, die L\u00f6schung von pers\u00f6nlichen Informationen zu verlangen, die vom Unternehmen gesammelt wurden.<\/li>\n\n\n\n<li><strong>Recht auf Widerspruch gegen den Verkauf\/die Weitergabe (Opt-Out):<\/strong> Dies ist ein Eckpfeiler des CCPA\/CPRA. Verbraucher haben das Recht, ein Unternehmen, das pers\u00f6nliche Informationen an Dritte verkauft oder \u201eteilt\u201c (f\u00fcr kontext\u00fcbergreifende verhaltensbezogene Werbung), anzuweisen, ihre pers\u00f6nlichen Informationen nicht zu verkaufen oder weiterzugeben. Unternehmen m\u00fcssen auf ihrer Homepage einen klaren Link \u201eMeine pers\u00f6nlichen Informationen nicht verkaufen oder weitergeben\u201c bereitstellen.<\/li>\n\n\n\n<li><strong>Recht auf Berichtigung:<\/strong> Verbraucher k\u00f6nnen verlangen, dass Unternehmen ungenaue pers\u00f6nliche Informationen korrigieren.<\/li>\n\n\n\n<li><strong>Recht auf Einschr\u00e4nkung der Nutzung und Offenlegung sensibler pers\u00f6nlicher Informationen:<\/strong> Verbraucher k\u00f6nnen Unternehmen anweisen, die Nutzung und Offenlegung ihrer \u201esensiblen pers\u00f6nlichen Informationen\u201c (z. B. genaue Geolokalisierung, ethnische Herkunft, Gesundheitsdaten) auf das zu beschr\u00e4nken, was zur Erbringung der angeforderten Dienstleistungen oder zur Bereitstellung der angeforderten Waren notwendig ist.<\/li>\n\n\n\n<li><strong>Recht auf Nichtdiskriminierung:<\/strong> Unternehmen d\u00fcrfen einen Verbraucher nicht diskriminieren, weil er seine CCPA\/CPRA-Rechte aus\u00fcbt.<\/li>\n<\/ol>\n\n\n\n<h3 class=\"wp-block-heading\">Auswirkungen auf Unternehmen<\/h3>\n\n\n\n<p>Die Einhaltung des CCPA\/CPRA erfordert f\u00fcr viele Unternehmen eine erhebliche Umstellung der Datenverarbeitungspraktiken. Zu den wichtigsten Anforderungen geh\u00f6ren:<\/p>\n\n\n\n<ul class=\"wp-block-list\">\n<li>Bereitstellung klarer und prominenter <strong>Datenschutzerkl\u00e4rungen<\/strong>, die die Datenerfassung und -verarbeitung detaillieren.<\/li>\n\n\n\n<li>Implementierung von Mechanismen, \u00fcber die Verbraucher <strong>Antr\u00e4ge auf Auskunft betroffener Personen (DSARs)<\/strong> f\u00fcr ihre Rechte stellen k\u00f6nnen.<\/li>\n\n\n\n<li>Erkennen und Beachten globaler Datenschutzsignale, wie des Browser-Signals <strong>Global Privacy Control (GPC)<\/strong>.<\/li>\n\n\n\n<li>Sicherstellung, dass Drittanbieter von Diensten und Auftragnehmer ebenfalls die CCPA\/CPRA-Regeln einhalten, wenn sie im Auftrag des Unternehmens Verbraucherdaten verarbeiten.<\/li>\n<\/ul>\n\n\n\n<p>Die Nichteinhaltung kann zu erheblichen Strafen f\u00fchren, einschlie\u00dflich gesetzlicher Schadensersatzforderungen von <strong>100 bis 750 US-Dollar pro Verbraucher und Vorfall<\/strong> bei vors\u00e4tzlichen Verst\u00f6\u00dfen oder bei Nichtbehebung von Verst\u00f6\u00dfen nach Benachrichtigung, sowie tats\u00e4chlicher Schadensersatz f\u00fcr Verbraucher. Die Durchsetzung erfolgt durch die California Privacy Protection Agency (CPPA) und den Generalstaatsanwalt von Kalifornien.<\/p>\n\n\n\n<hr class=\"wp-block-separator has-alpha-channel-opacity\"\/>\n\n\n\n<h3 class=\"wp-block-heading\">Die Entscheidende Rolle von Einwilligungs- und Opt-out-Tools in der Modernen CCPA\/CPRA-Compliance<\/h3>\n\n\n\n<p>Die Navigation durch die CCPA\/CPRA-Compliance, insbesondere bei gleichzeitiger Aufrechterhaltung effektiven digitalen Marketings und effektiver Analysen, erfordert die nahtlose Integration spezialisierter Tools: eine robuste <a href=\"https:\/\/fitconsent.com\/de_de\/user-consent-management-platform-cmp-2\/?lang=de_DE\">Consent Management Platform (CMP)<\/a> und die Einhaltung von Signalen gro\u00dfer Werbeplattformen.<\/p>\n\n\n\n<h4 class=\"wp-block-heading\">1. Die Consent Management Platform (CMP) &#8211; z.B. FitConsent<\/h4>\n\n\n\n<p>Eine <a href=\"https:\/\/fitconsent.com\/de_de\/user-consent-management-platform-cmp-2\/?lang=de_DE\">CMP<\/a> wie <a href=\"http:\/\/fitconsent.com\">FitConsent<\/a> ist unerl\u00e4sslich f\u00fcr die Implementierung der durch CCPA\/CPRA vorgeschriebenen Verbraucherrechte. Ihre Hauptfunktionen umfassen:<\/p>\n\n\n\n<ul class=\"wp-block-list\">\n<li><strong>Erleichterung von Opt-outs:<\/strong> Eine <a href=\"https:\/\/fitconsent.com\/de_de\/user-consent-management-platform-cmp-2\/?lang=de_DE\">CMP<\/a> hilft Unternehmen, den obligatorischen Link \u201eMeine pers\u00f6nlichen Informationen nicht verkaufen oder teilen\u201c anzuzeigen und die zugrunde liegenden Mechanismen zur Einhaltung dieser Anfragen zu verwalten, um sicherzustellen, dass Daten nach einem Opt-out nicht verkauft oder geteilt werden.<\/li>\n\n\n\n<li><strong>Verwaltung von Benutzerpr\u00e4ferenzen:<\/strong> \u00dcber einfache Opt-outs hinaus erm\u00f6glicht eine <a href=\"https:\/\/fitconsent.com\/de_de\/user-consent-management-platform-cmp-2\/?lang=de_DE\">CMP<\/a> eine granularere Kontrolle, insbesondere zur Begrenzung der Verwendung sensibler pers\u00f6nlicher Informationen, im Einklang mit den erweiterten CPRA-Anforderungen.<\/li>\n\n\n\n<li><strong>Beantwortung von DSARs (Datenauskunftsersuchen):<\/strong> Obwohl sie die L\u00f6schung nicht direkt ausf\u00fchrt, kann eine <a href=\"https:\/\/fitconsent.com\/de_de\/user-consent-management-platform-cmp-2\/?lang=de_DE\">CMP<\/a> den Prozess des Empfangs und der Verwaltung von Datenauskunftsersuchen (DSARs) optimieren, die notwendigen Audit-Trails bereitstellen und Unternehmen dabei helfen, relevante Daten f\u00fcr L\u00f6sch- oder Zugriffsanfragen zu finden.<\/li>\n\n\n\n<li><strong>Einhaltung von GPC-Signalen:<\/strong> Moderne <a href=\"https:\/\/fitconsent.com\/de_de\/user-consent-management-platform-cmp-2\/?lang=de_DE\">CMPs<\/a> sind darauf ausgelegt, von den Browsern der Benutzer gesendete Global Privacy Control (GPC)-Signale zu erkennen und automatisch zu honorieren, was das CCPA\/CPRA als g\u00fcltige Opt-out-Anfrage vorschreibt.<\/li>\n<\/ul>\n\n\n\n<h4 class=\"wp-block-heading\">2. Google Consent Mode V2<\/h4>\n\n\n\n<p>W\u00e4hrend der CCPA\/CPRA f\u00fcr viele Datenverwendungen haupts\u00e4chlich ein \u201eOpt-out\u201c- und kein \u201eOpt-in\u201c-Regime ist (im Gegensatz zur starken Betonung der <a href=\"https:\/\/fitconsent.com\/de_de\/die-datenschutz-grundverordnung-dsgvo-erklart\/\">DSGVO<\/a> auf Einwilligung), spielt der <a href=\"https:\/\/fitconsent.com\/de_de\/google-consent-mode-v2-erklart\/\">Google Consent Mode V2<\/a> dennoch eine entscheidende Rolle f\u00fcr Unternehmen, die global t\u00e4tig sind oder solche mit gemischten Compliance-Anforderungen:<\/p>\n\n\n\n<ul class=\"wp-block-list\">\n<li><strong>Globaler Compliance-Rahmen:<\/strong> F\u00fcr Unternehmen, die sowohl kalifornische als auch EU-B\u00fcrger bedienen, bietet eine mit <a href=\"https:\/\/fitconsent.com\/de_de\/google-consent-mode-v2-erklart\/\">Google Consent Mode V2<\/a> integrierte <a href=\"https:\/\/fitconsent.com\/de_de\/user-consent-management-platform-cmp-2\/?lang=de_DE\">CMP<\/a> einen einheitlichen Ansatz. Auch in einem Opt-out-Kontext kann sie helfen, Signale an Google-Dienste zu verwalten und sicherzustellen, dass Analyse- und Werbetags sich entsprechend den Benutzerpr\u00e4ferenzen verhalten (sei es \u201eOpt-in\u201c f\u00fcr die <a href=\"https:\/\/fitconsent.com\/de_de\/die-datenschutz-grundverordnung-dsgvo-erklart\/\">DSGVO<\/a> oder \u201eOpt-out\u201c f\u00fcr den CCPA).<\/li>\n\n\n\n<li><strong>Anpassung des Tag-Verhaltens:<\/strong> Der <a href=\"https:\/\/fitconsent.com\/de_de\/google-consent-mode-v2-erklart\/\">Google Consent Mode V2<\/a> kann das Verhalten von Google-Tags immer noch basierend auf den empfangenen expliziten Entscheidungen oder impliziten Opt-out-Signalen \u00e4ndern, die Datenerfassung f\u00fcr Werbung bei Bedarf einschr\u00e4nken und somit die CCPA\/CPRA-Ziele unterst\u00fctzen, wo zutreffend.<\/li>\n<\/ul>\n\n\n\n<h4 class=\"wp-block-heading\">3. Microsoft UET Consent Mode<\/h4>\n\n\n\n<p>In \u00e4hnlicher Weise gilt f\u00fcr Unternehmen, die Microsoft Advertising (Bing Ads) verwenden und kalifornische Einwohner bedienen:<\/p>\n\n\n\n<ul class=\"wp-block-list\">\n<li><strong>Respektierung von Opt-outs:<\/strong> Der <a href=\"https:\/\/fitconsent.com\/de_de\/microsoft-uet-universal-event-tracking\/\">Microsoft UET Consent Mode<\/a> erm\u00f6glicht es dem Universal Event Tracking (UET)-Tag, seine Datenerfassungspraktiken basierend auf den Benutzerpr\u00e4ferenzen oder Opt-out-Signalen anzupassen. Dies stellt sicher, dass pers\u00f6nliche Informationen nicht \u00fcber das UET-Tag in einer Weise \u201everkauft\u201c oder \u201egeteilt\u201c werden, die gegen CCPA\/CPRA verst\u00f6\u00dft, wenn ein Verbraucher sich abgemeldet hat.<\/li>\n\n\n\n<li><strong>Beibehaltung eingeschr\u00e4nkter Funktionalit\u00e4t:<\/strong> Durch die Anpassung des Tag-Verhaltens erm\u00f6glicht der UET Consent Mode, dass das grundlegende Conversion-Tracking und die Messung der Anzeigenleistung auf datenschutzfreundliche Weise fortgesetzt werden k\u00f6nnen, selbst wenn das vollst\u00e4ndige Tracking aufgrund von Verbraucherentscheidungen nicht zul\u00e4ssig ist.<\/li>\n<\/ul>\n\n\n\n<p><strong>Fazit zu Tools:<\/strong><\/p>\n\n\n\n<p>F\u00fcr Unternehmen, die unter dem Schirm von CCPA\/CPRA agieren, ist die Integration einer spezialisierten <a href=\"https:\/\/fitconsent.com\/de_de\/user-consent-management-platform-cmp-2\/?lang=de_DE\">CMP<\/a> wie <a href=\"http:\/\/fitconsent.com\">FitConsent<\/a> mit der flexiblen Signalgebung von <a href=\"https:\/\/fitconsent.com\/de_de\/google-consent-mode-v2-erklart\/\">Google Consent Mode V2<\/a> und <a href=\"https:\/\/fitconsent.com\/de_de\/microsoft-uet-universal-event-tracking\/\">Microsoft UET Consent Mode<\/a> von entscheidender Bedeutung. Diese Tools gew\u00e4hrleisten nicht nur die rechtliche Einhaltung der Verbraucherrechte, sondern erm\u00f6glichen auch die Fortsetzung wesentlicher Marketing- und Analyseaktivit\u00e4ten auf datenschutzfreundliche und dateninformierte Weise.<\/p>\n","protected":false},"excerpt":{"rendered":"<p>Der California Consumer Privacy Act (CCPA), der am 1. Januar 2020 in Kraft trat und durch den California Privacy Rights Act (CPRA) im Jahr 2023 erheblich erweitert wurde, ist eines der umfassendsten Datenschutzgesetze auf US-Bundesstaatsebene. W\u00e4hrend sich die DSGVO auf europ\u00e4ische Einwohner konzentriert, erm\u00e4chtigt der CCPA\/CPRA kalifornische Verbraucher, indem er ihnen umfassende Rechte \u00fcber ihre [&hellip;]<\/p>\n","protected":false},"author":5,"featured_media":0,"parent":0,"menu_order":0,"comment_status":"closed","ping_status":"closed","template":"","meta":{"_fitconsent_language":"de_DE","_fitconsent_translation_group":"1921","footnotes":""},"class_list":["post-1943","page","type-page","status-publish","hentry"],"yoast_head":"<!-- This site is optimized with the Yoast SEO plugin v27.2 - https:\/\/yoast.com\/product\/yoast-seo-wordpress\/ -->\n<title>CCPA\/CPRA: Verbraucher- und Datenschutz in Kalifornien<\/title>\n<meta name=\"description\" content=\"Das CCPA\/CPRA Erkl\u00e4rt: Kalifornischen Verbrauchern mehr Rechte im Bereich des Datenschutzes geben\" \/>\n<meta name=\"robots\" content=\"index, follow, max-snippet:-1, max-image-preview:large, max-video-preview:-1\" \/>\n<link rel=\"canonical\" href=\"https:\/\/fitconsent.com\/de_de\/ccpa-cpra-verbraucher-und-datenschutz-in-kalifornien\/\" \/>\n<meta property=\"og:locale\" content=\"de_DE\" \/>\n<meta property=\"og:type\" content=\"article\" \/>\n<meta property=\"og:title\" content=\"CCPA\/CPRA: Verbraucher- und Datenschutz in Kalifornien\" \/>\n<meta property=\"og:description\" content=\"Das CCPA\/CPRA Erkl\u00e4rt: Kalifornischen Verbrauchern mehr Rechte im Bereich des Datenschutzes geben\" \/>\n<meta property=\"og:url\" content=\"https:\/\/fitconsent.com\/de_de\/ccpa-cpra-verbraucher-und-datenschutz-in-kalifornien\/\" \/>\n<meta property=\"og:site_name\" content=\"FitConsent\" \/>\n<meta property=\"article:modified_time\" content=\"2025-10-21T18:09:41+00:00\" \/>\n<meta property=\"og:image\" content=\"https:\/\/fitconsent.com\/wp-content\/uploads\/2025\/10\/13.png\" \/>\n<meta name=\"twitter:card\" content=\"summary_large_image\" \/>\n<meta name=\"twitter:label1\" content=\"Gesch\u00e4tzte Lesezeit\" \/>\n\t<meta name=\"twitter:data1\" content=\"6\u00a0Minuten\" \/>\n<script type=\"application\/ld+json\" class=\"yoast-schema-graph\">{\"@context\":\"https:\/\/schema.org\",\"@graph\":[{\"@type\":\"WebPage\",\"@id\":\"https:\/\/fitconsent.com\/de_de\/ccpa-cpra-verbraucher-und-datenschutz-in-kalifornien\/\",\"url\":\"https:\/\/fitconsent.com\/de_de\/ccpa-cpra-verbraucher-und-datenschutz-in-kalifornien\/\",\"name\":\"CCPA\/CPRA: Verbraucher- und Datenschutz in Kalifornien\",\"isPartOf\":{\"@id\":\"https:\/\/fitconsent.com\/fr_fr\/#website\"},\"primaryImageOfPage\":{\"@id\":\"https:\/\/fitconsent.com\/de_de\/ccpa-cpra-verbraucher-und-datenschutz-in-kalifornien\/#primaryimage\"},\"image\":{\"@id\":\"https:\/\/fitconsent.com\/de_de\/ccpa-cpra-verbraucher-und-datenschutz-in-kalifornien\/#primaryimage\"},\"thumbnailUrl\":\"https:\/\/fitconsent.com\/wp-content\/uploads\/2025\/10\/13.png\",\"datePublished\":\"2025-10-18T18:10:58+00:00\",\"dateModified\":\"2025-10-21T18:09:41+00:00\",\"description\":\"Das CCPA\/CPRA Erkl\u00e4rt: Kalifornischen Verbrauchern mehr Rechte im Bereich des Datenschutzes geben\",\"breadcrumb\":{\"@id\":\"https:\/\/fitconsent.com\/de_de\/ccpa-cpra-verbraucher-und-datenschutz-in-kalifornien\/#breadcrumb\"},\"inLanguage\":\"de\",\"potentialAction\":[{\"@type\":\"ReadAction\",\"target\":[\"https:\/\/fitconsent.com\/de_de\/ccpa-cpra-verbraucher-und-datenschutz-in-kalifornien\/\"]}]},{\"@type\":\"ImageObject\",\"inLanguage\":\"de\",\"@id\":\"https:\/\/fitconsent.com\/de_de\/ccpa-cpra-verbraucher-und-datenschutz-in-kalifornien\/#primaryimage\",\"url\":\"https:\/\/fitconsent.com\/wp-content\/uploads\/2025\/10\/13.png\",\"contentUrl\":\"https:\/\/fitconsent.com\/wp-content\/uploads\/2025\/10\/13.png\"},{\"@type\":\"BreadcrumbList\",\"@id\":\"https:\/\/fitconsent.com\/de_de\/ccpa-cpra-verbraucher-und-datenschutz-in-kalifornien\/#breadcrumb\",\"itemListElement\":[{\"@type\":\"ListItem\",\"position\":1,\"name\":\"Home\",\"item\":\"https:\/\/fitconsent.com\/\"},{\"@type\":\"ListItem\",\"position\":2,\"name\":\"Das CCPA\/CPRA Erkl\u00e4rt: Kalifornischen Verbrauchern mehr Rechte im Bereich des Datenschutzes geben\"}]},{\"@type\":\"WebSite\",\"@id\":\"https:\/\/fitconsent.com\/fr_fr\/#website\",\"url\":\"https:\/\/fitconsent.com\/fr_fr\/\",\"name\":\"FitConsent\",\"description\":\"By DIGITLOAD\",\"publisher\":{\"@id\":\"https:\/\/fitconsent.com\/fr_fr\/#organization\"},\"potentialAction\":[{\"@type\":\"SearchAction\",\"target\":{\"@type\":\"EntryPoint\",\"urlTemplate\":\"https:\/\/fitconsent.com\/fr_fr\/?s={search_term_string}\"},\"query-input\":{\"@type\":\"PropertyValueSpecification\",\"valueRequired\":true,\"valueName\":\"search_term_string\"}}],\"inLanguage\":\"de\"},{\"@type\":\"Organization\",\"@id\":\"https:\/\/fitconsent.com\/fr_fr\/#organization\",\"name\":\"DIGITLOAD\",\"url\":\"https:\/\/fitconsent.com\/fr_fr\/\",\"logo\":{\"@type\":\"ImageObject\",\"inLanguage\":\"de\",\"@id\":\"https:\/\/fitconsent.com\/fr_fr\/#\/schema\/logo\/image\/\",\"url\":\"https:\/\/fitconsent.com\/wp-content\/uploads\/2025\/08\/cropped-icon.png\",\"contentUrl\":\"https:\/\/fitconsent.com\/wp-content\/uploads\/2025\/08\/cropped-icon.png\",\"width\":512,\"height\":512,\"caption\":\"DIGITLOAD\"},\"image\":{\"@id\":\"https:\/\/fitconsent.com\/fr_fr\/#\/schema\/logo\/image\/\"}}]}<\/script>\n<!-- \/ Yoast SEO plugin. -->","yoast_head_json":{"title":"CCPA\/CPRA: Verbraucher- und Datenschutz in Kalifornien","description":"Das CCPA\/CPRA Erkl\u00e4rt: Kalifornischen Verbrauchern mehr Rechte im Bereich des Datenschutzes geben","robots":{"index":"index","follow":"follow","max-snippet":"max-snippet:-1","max-image-preview":"max-image-preview:large","max-video-preview":"max-video-preview:-1"},"canonical":"https:\/\/fitconsent.com\/de_de\/ccpa-cpra-verbraucher-und-datenschutz-in-kalifornien\/","og_locale":"de_DE","og_type":"article","og_title":"CCPA\/CPRA: Verbraucher- und Datenschutz in Kalifornien","og_description":"Das CCPA\/CPRA Erkl\u00e4rt: Kalifornischen Verbrauchern mehr Rechte im Bereich des Datenschutzes geben","og_url":"https:\/\/fitconsent.com\/de_de\/ccpa-cpra-verbraucher-und-datenschutz-in-kalifornien\/","og_site_name":"FitConsent","article_modified_time":"2025-10-21T18:09:41+00:00","og_image":[{"url":"https:\/\/fitconsent.com\/wp-content\/uploads\/2025\/10\/13.png","type":"","width":"","height":""}],"twitter_card":"summary_large_image","twitter_misc":{"Gesch\u00e4tzte Lesezeit":"6\u00a0Minuten"},"schema":{"@context":"https:\/\/schema.org","@graph":[{"@type":"WebPage","@id":"https:\/\/fitconsent.com\/de_de\/ccpa-cpra-verbraucher-und-datenschutz-in-kalifornien\/","url":"https:\/\/fitconsent.com\/de_de\/ccpa-cpra-verbraucher-und-datenschutz-in-kalifornien\/","name":"CCPA\/CPRA: Verbraucher- und Datenschutz in Kalifornien","isPartOf":{"@id":"https:\/\/fitconsent.com\/fr_fr\/#website"},"primaryImageOfPage":{"@id":"https:\/\/fitconsent.com\/de_de\/ccpa-cpra-verbraucher-und-datenschutz-in-kalifornien\/#primaryimage"},"image":{"@id":"https:\/\/fitconsent.com\/de_de\/ccpa-cpra-verbraucher-und-datenschutz-in-kalifornien\/#primaryimage"},"thumbnailUrl":"https:\/\/fitconsent.com\/wp-content\/uploads\/2025\/10\/13.png","datePublished":"2025-10-18T18:10:58+00:00","dateModified":"2025-10-21T18:09:41+00:00","description":"Das CCPA\/CPRA Erkl\u00e4rt: Kalifornischen Verbrauchern mehr Rechte im Bereich des Datenschutzes geben","breadcrumb":{"@id":"https:\/\/fitconsent.com\/de_de\/ccpa-cpra-verbraucher-und-datenschutz-in-kalifornien\/#breadcrumb"},"inLanguage":"de","potentialAction":[{"@type":"ReadAction","target":["https:\/\/fitconsent.com\/de_de\/ccpa-cpra-verbraucher-und-datenschutz-in-kalifornien\/"]}]},{"@type":"ImageObject","inLanguage":"de","@id":"https:\/\/fitconsent.com\/de_de\/ccpa-cpra-verbraucher-und-datenschutz-in-kalifornien\/#primaryimage","url":"https:\/\/fitconsent.com\/wp-content\/uploads\/2025\/10\/13.png","contentUrl":"https:\/\/fitconsent.com\/wp-content\/uploads\/2025\/10\/13.png"},{"@type":"BreadcrumbList","@id":"https:\/\/fitconsent.com\/de_de\/ccpa-cpra-verbraucher-und-datenschutz-in-kalifornien\/#breadcrumb","itemListElement":[{"@type":"ListItem","position":1,"name":"Home","item":"https:\/\/fitconsent.com\/"},{"@type":"ListItem","position":2,"name":"Das CCPA\/CPRA Erkl\u00e4rt: Kalifornischen Verbrauchern mehr Rechte im Bereich des Datenschutzes geben"}]},{"@type":"WebSite","@id":"https:\/\/fitconsent.com\/fr_fr\/#website","url":"https:\/\/fitconsent.com\/fr_fr\/","name":"FitConsent","description":"By DIGITLOAD","publisher":{"@id":"https:\/\/fitconsent.com\/fr_fr\/#organization"},"potentialAction":[{"@type":"SearchAction","target":{"@type":"EntryPoint","urlTemplate":"https:\/\/fitconsent.com\/fr_fr\/?s={search_term_string}"},"query-input":{"@type":"PropertyValueSpecification","valueRequired":true,"valueName":"search_term_string"}}],"inLanguage":"de"},{"@type":"Organization","@id":"https:\/\/fitconsent.com\/fr_fr\/#organization","name":"DIGITLOAD","url":"https:\/\/fitconsent.com\/fr_fr\/","logo":{"@type":"ImageObject","inLanguage":"de","@id":"https:\/\/fitconsent.com\/fr_fr\/#\/schema\/logo\/image\/","url":"https:\/\/fitconsent.com\/wp-content\/uploads\/2025\/08\/cropped-icon.png","contentUrl":"https:\/\/fitconsent.com\/wp-content\/uploads\/2025\/08\/cropped-icon.png","width":512,"height":512,"caption":"DIGITLOAD"},"image":{"@id":"https:\/\/fitconsent.com\/fr_fr\/#\/schema\/logo\/image\/"}}]}},"_links":{"self":[{"href":"https:\/\/fitconsent.com\/de_de\/wp-json\/wp\/v2\/pages\/1943","targetHints":{"allow":["GET"]}}],"collection":[{"href":"https:\/\/fitconsent.com\/de_de\/wp-json\/wp\/v2\/pages"}],"about":[{"href":"https:\/\/fitconsent.com\/de_de\/wp-json\/wp\/v2\/types\/page"}],"author":[{"embeddable":true,"href":"https:\/\/fitconsent.com\/de_de\/wp-json\/wp\/v2\/users\/5"}],"replies":[{"embeddable":true,"href":"https:\/\/fitconsent.com\/de_de\/wp-json\/wp\/v2\/comments?post=1943"}],"version-history":[{"count":3,"href":"https:\/\/fitconsent.com\/de_de\/wp-json\/wp\/v2\/pages\/1943\/revisions"}],"predecessor-version":[{"id":2072,"href":"https:\/\/fitconsent.com\/de_de\/wp-json\/wp\/v2\/pages\/1943\/revisions\/2072"}],"wp:attachment":[{"href":"https:\/\/fitconsent.com\/de_de\/wp-json\/wp\/v2\/media?parent=1943"}],"curies":[{"name":"wp","href":"https:\/\/api.w.org\/{rel}","templated":true}]}}